{"id":98277,"date":"2024-03-20T15:15:43","date_gmt":"2024-03-20T14:15:43","guid":{"rendered":"https:\/\/pistonaddict.com\/product\/porsche-997-targa\/"},"modified":"2024-03-20T15:23:59","modified_gmt":"2024-03-20T14:23:59","slug":"porsche-997-targa","status":"publish","type":"product","link":"https:\/\/pistonaddict.com\/pl\/product\/porsche-997-targa\/","title":{"rendered":"Porsche 997 Targa 4S"},"content":{"rendered":"<p><strong>Historia samochodu<\/strong><\/p>\n<p>Sz\u00f3sta generacja kultowego Porsche 911 mia\u0142a swoj\u0105 premier\u0119 w 2004 roku i wewn\u0119trznie znana by\u0142a jako 997. Jego poprzednik, 996, pozostaje jednym z najbardziej kontrowersyjnych modeli 911, jakie kiedykolwiek wyprodukowano, przede wszystkim ze wzgl\u0119du na swoj\u0105 konstrukcj\u0119 i wprowadzenie silnik\u00f3w ch\u0142odzonych wod\u0105. Jednak 997 by\u0142 powszechnie chwalony za czyste linie i ulepszenia w zakresie technologii i mocy. Chocia\u017c 997 ma pewne podobie\u0144stwa mechaniczne, a tak\u017ce t\u0119 sam\u0105 platform\u0119 co 996, by\u0142 znacznie lepszym i bardziej kompetentnym samochodem, nie zapominaj\u0105c o tym, \u017ce by\u0142 bardziej nowoczesny i pi\u0119kny. Nie jest zaskoczeniem, \u017ce dane dotycz\u0105ce sprzeda\u017cy dowiod\u0142y, \u017ce model 997 odni\u00f3s\u0142 sukces sprzeda\u017cowy, produkuj\u0105c ponad 212 000 egzemplarzy w ci\u0105gu 9 lat. Jednak ten konkretny egzemplarz jest do\u015b\u0107 rzadki, nie tylko dlatego, \u017ce jest to wcze\u015bniejszy model 997.1, ale tak\u017ce ze wzgl\u0119du na rzadki styl nadwozia Targa. W 2008 roku dostarczono tylko 1426 egzemplarzy Targa 4S, a bardzo niewiele z nich posiada\u0142o 6-biegow\u0105 manualn\u0105 skrzyni\u0119 bieg\u00f3w. W sumie wyprodukowano tylko oko\u0142o 8 400 Targa 4S dla generacji 997. 3,8-litrowa, wolnoss\u0105ca, p\u0142aska sz\u00f3stka dostarcza\u0142a 350 KM na wszystkie cztery ko\u0142a, zapewniaj\u0105c imponuj\u0105ce przyspieszenie i doskona\u0142e trzymanie si\u0119 drogi w ka\u017cdych warunkach. Po\u0142\u0105czenie mocnych osi\u0105g\u00f3w z przewiewno\u015bci\u0105 szklanego dachu i mechanicznymi doznaniami manualnej skrzyni bieg\u00f3w sprawia, \u017ce ten egzemplarz jest niezwykle interesuj\u0105cy dla ka\u017cdego prawdziwego kolekcjonera.<\/p>\n<p><strong>Wn\u0119trze<\/strong><\/p>\n<p>Wyko\u0144czone czarn\u0105 sk\u00f3r\u0105 z rzadk\u0105 i opcjonaln\u0105 sk\u00f3rzan\u0105 desk\u0105 rozdzielcz\u0105 wn\u0119trze Porsche Targa 4S z 2008 roku jest w idealnym stanie, bez uszkodze\u0144 i z niewielkimi \u015bladami zu\u017cycia. Ten egzemplarz ma wiele po\u017c\u0105danych element\u00f3w wyposa\u017cenia opcjonalnego, takich jak tempomat, system audio klasy premium, elektrycznie sterowane i podgrzewane sk\u00f3rzane fotele sportowe, wielofunkcyjna kierownica, system nawigacji itp. Wszystko dzia\u0142a tak, jak powinno, wraz ze szklanym dachem i nie ma \u017cadnych modyfikacji. W por\u00f3wnaniu z innymi modelami 911 z tego okresu, Targa jest do\u015b\u0107 wyj\u0105tkowa, poniewa\u017c oferuje wra\u017cenia kabrioletu pod go\u0142ym niebem, ale z komfortem coupe i ca\u0142oroczn\u0105 u\u017cyteczno\u015bci\u0105.<\/p>\n<p><strong>Stan samochodu<\/strong><\/p>\n<p>Z przebiegiem nieco ponad 110 000 kilometr\u00f3w od nowo\u015bci i dwoma starannymi w\u0142a\u015bcicielami, to Porsche 911 Targa 4S jest w imponuj\u0105cym stanie i jest starannie utrzymywane. Zapisy pokazuj\u0105, \u017ce ostatni powa\u017cny serwis zosta\u0142 przeprowadzony pod koniec 2022 roku, a hamulce zosta\u0142y poddane przegl\u0105dowi zaledwie kilka dni temu, w marcu 2024 roku. Dost\u0119pna jest ca\u0142a dokumentacja serwisowa, pokazuj\u0105ca, jak skrupulatnie dbano o samoch\u00f3d. Ten konkretny samoch\u00f3d zosta\u0142 dostarczony w Belgii.<\/p>\n<p><strong>Nadwozie i ko\u0142a<\/strong><\/p>\n<p>Ten konkretny egzemplarz zosta\u0142 profesjonalnie przemalowany na oryginalny ciemnoszary kolor, kt\u00f3ry wygl\u0105da idealnie i pasuje do oryginalnych k\u00f3\u0142 i czarnego wn\u0119trza. Jak wspomniano w CarVertical, jedynym szczeg\u00f3\u0142em wartym wspomnienia jest niewielkie uszkodzenie tylnego zderzaka, kt\u00f3re zosta\u0142o naprawione, jak wida\u0107 na zdj\u0119ciach. Opony Bridgestone, kt\u00f3re maj\u0105 prawid\u0142owe specyfikacje, pochodz\u0105 z 2018 roku i s\u0105 tylko nieznacznie zu\u017cyte.<\/p>\n<p><strong>Dokumentacja<\/strong><\/p>\n<p>Dealer sprzedaje ten samoch\u00f3d z odpowiedni\u0105 dokumentacj\u0105 i znajduje si\u0119 w Belgii. <a href=\"https:\/\/pistonaddict.com\/wp-content\/uploads\/2024\/03\/CarVertical-Porsche.pdf\">Raport CarVertical<\/a> jest czysty, nie ma problem\u00f3w w\u0142asno\u015bciowych ani prawnych. Istniej\u0105 zapisy dotycz\u0105ce regularnej konserwacji i pokwitowania.<\/p>\n","protected":false},"excerpt":{"rendered":"<p>Jako idealna r\u00f3wnowaga mi\u0119dzy klasycznym charakterem 911, kompaktowymi wymiarami, komunikatywnym podwoziem oraz nowoczesn\u0105 technologi\u0105 i funkcjami, generacja 997 cieszy si\u0119 coraz wi\u0119ksz\u0105 popularno\u015bci\u0105 w\u015br\u00f3d entuzjast\u00f3w 911. Oznacza to, \u017ce jest to kolejna wielka rzecz w \u015bwiecie 911, z rosn\u0105cymi cenami. Za\u0142\u00f3\u017cmy, \u017ce chcesz wskoczy\u0107 na mod\u0119 997. W takim przypadku nie ma nic lepszego ni\u017c bardzo po\u017c\u0105dany egzemplarz w rzadkim stylu nadwozia z po\u017c\u0105dan\u0105 manualn\u0105 skrzyni\u0105 bieg\u00f3w, gotowy do pe\u0142nej rado\u015bci z jazdy.<\/p>\n","protected":false},"featured_media":97680,"comment_status":"open","ping_status":"closed","template":"","meta":{"inline_featured_image":false},"product_cat":[718],"product_tag":[3962,3964,984,2316,3960],"acf":[],"yoast_head":"<!-- This site is optimized with the Yoast SEO plugin v22.5 - https:\/\/yoast.com\/wordpress\/plugins\/seo\/ -->\n<title>Porsche 997 Targa 4S - nazwa Piston Addict<\/title>\n<meta name=\"robots\" content=\"index, follow, max-snippet:-1, max-image-preview:large, max-video-preview:-1\" \/>\n<link rel=\"canonical\" href=\"https:\/\/pistonaddict.com\/pl\/product\/porsche-997-targa\/\" \/>\n<meta property=\"og:locale\" content=\"pl_PL\" \/>\n<meta property=\"og:type\" content=\"article\" \/>\n<meta property=\"og:title\" content=\"Porsche 997 Targa 4S - nazwa Piston Addict\" \/>\n<meta property=\"og:description\" content=\"Jako idealna r\u00f3wnowaga mi\u0119dzy klasycznym charakterem 911, kompaktowymi wymiarami, komunikatywnym podwoziem oraz nowoczesn\u0105 technologi\u0105 i funkcjami, generacja 997 cieszy si\u0119 coraz wi\u0119ksz\u0105 popularno\u015bci\u0105 w\u015br\u00f3d entuzjast\u00f3w 911. Oznacza to, \u017ce jest to kolejna wielka rzecz w \u015bwiecie 911, z rosn\u0105cymi cenami. Za\u0142\u00f3\u017cmy, \u017ce chcesz wskoczy\u0107 na mod\u0119 997. W takim przypadku nie ma nic lepszego ni\u017c bardzo po\u017c\u0105dany egzemplarz w rzadkim stylu nadwozia z po\u017c\u0105dan\u0105 manualn\u0105 skrzyni\u0105 bieg\u00f3w, gotowy do pe\u0142nej rado\u015bci z jazdy.\" \/>\n<meta property=\"og:url\" content=\"https:\/\/pistonaddict.com\/pl\/product\/porsche-997-targa\/\" \/>\n<meta property=\"og:site_name\" content=\"Piston Addict\" \/>\n<meta property=\"article:modified_time\" content=\"2024-03-20T14:23:59+00:00\" \/>\n<meta property=\"og:image\" content=\"https:\/\/pistonaddict.com\/wp-content\/uploads\/2024\/03\/1-1-1024x611.png\" \/>\n\t<meta property=\"og:image:width\" content=\"1024\" \/>\n\t<meta property=\"og:image:height\" content=\"611\" \/>\n\t<meta property=\"og:image:type\" content=\"image\/png\" \/>\n<meta name=\"twitter:card\" content=\"summary_large_image\" \/>\n<meta name=\"twitter:label1\" content=\"Szacowany czas czytania\" \/>\n\t<meta name=\"twitter:data1\" content=\"3 minuty\" \/>\n<script type=\"application\/ld+json\" class=\"yoast-schema-graph\">{\"@context\":\"https:\/\/schema.org\",\"@graph\":[{\"@type\":\"WebPage\",\"@id\":\"https:\/\/pistonaddict.com\/pl\/product\/porsche-997-targa\/\",\"url\":\"https:\/\/pistonaddict.com\/pl\/product\/porsche-997-targa\/\",\"name\":\"Porsche 997 Targa 4S - nazwa Piston Addict\",\"isPartOf\":{\"@id\":\"https:\/\/pistonaddict.com\/pl\/#website\"},\"primaryImageOfPage\":{\"@id\":\"https:\/\/pistonaddict.com\/pl\/product\/porsche-997-targa\/#primaryimage\"},\"image\":{\"@id\":\"https:\/\/pistonaddict.com\/pl\/product\/porsche-997-targa\/#primaryimage\"},\"thumbnailUrl\":\"https:\/\/pistonaddict.com\/wp-content\/uploads\/2024\/03\/1-1.png\",\"datePublished\":\"2024-03-20T14:15:43+00:00\",\"dateModified\":\"2024-03-20T14:23:59+00:00\",\"breadcrumb\":{\"@id\":\"https:\/\/pistonaddict.com\/pl\/product\/porsche-997-targa\/#breadcrumb\"},\"inLanguage\":\"pl-PL\",\"potentialAction\":[{\"@type\":\"ReadAction\",\"target\":[\"https:\/\/pistonaddict.com\/pl\/product\/porsche-997-targa\/\"]}]},{\"@type\":\"ImageObject\",\"inLanguage\":\"pl-PL\",\"@id\":\"https:\/\/pistonaddict.com\/pl\/product\/porsche-997-targa\/#primaryimage\",\"url\":\"https:\/\/pistonaddict.com\/wp-content\/uploads\/2024\/03\/1-1.png\",\"contentUrl\":\"https:\/\/pistonaddict.com\/wp-content\/uploads\/2024\/03\/1-1.png\",\"width\":2778,\"height\":1657},{\"@type\":\"BreadcrumbList\",\"@id\":\"https:\/\/pistonaddict.com\/pl\/product\/porsche-997-targa\/#breadcrumb\",\"itemListElement\":[{\"@type\":\"ListItem\",\"position\":1,\"name\":\"Strona g\u0142\u00f3wna\",\"item\":\"https:\/\/pistonaddict.com\/pl\/strona-glowna-2\/\"},{\"@type\":\"ListItem\",\"position\":2,\"name\":\"Auctions\",\"item\":\"https:\/\/pistonaddict.com\/auctions-listing\/\"},{\"@type\":\"ListItem\",\"position\":3,\"name\":\"Porsche 997 Targa 4S\"}]},{\"@type\":\"WebSite\",\"@id\":\"https:\/\/pistonaddict.com\/pl\/#website\",\"url\":\"https:\/\/pistonaddict.com\/pl\/\",\"name\":\"Piston Addict\",\"description\":\"Only interesting vehicles\",\"publisher\":{\"@id\":\"https:\/\/pistonaddict.com\/pl\/#organization\"},\"potentialAction\":[{\"@type\":\"SearchAction\",\"target\":{\"@type\":\"EntryPoint\",\"urlTemplate\":\"https:\/\/pistonaddict.com\/pl\/?s={search_term_string}\"},\"query-input\":\"required name=search_term_string\"}],\"inLanguage\":\"pl-PL\"},{\"@type\":\"Organization\",\"@id\":\"https:\/\/pistonaddict.com\/pl\/#organization\",\"name\":\"Piston Addict\",\"url\":\"https:\/\/pistonaddict.com\/pl\/\",\"logo\":{\"@type\":\"ImageObject\",\"inLanguage\":\"pl-PL\",\"@id\":\"https:\/\/pistonaddict.com\/pl\/#\/schema\/logo\/image\/\",\"url\":\"https:\/\/pistonaddict.com\/wp-content\/uploads\/2022\/07\/logo-6.png\",\"contentUrl\":\"https:\/\/pistonaddict.com\/wp-content\/uploads\/2022\/07\/logo-6.png\",\"width\":970,\"height\":200,\"caption\":\"Piston Addict\"},\"image\":{\"@id\":\"https:\/\/pistonaddict.com\/pl\/#\/schema\/logo\/image\/\"}}]}<\/script>\n<!-- \/ Yoast SEO plugin. -->","yoast_head_json":{"title":"Porsche 997 Targa 4S - nazwa Piston Addict","robots":{"index":"index","follow":"follow","max-snippet":"max-snippet:-1","max-image-preview":"max-image-preview:large","max-video-preview":"max-video-preview:-1"},"canonical":"https:\/\/pistonaddict.com\/pl\/product\/porsche-997-targa\/","og_locale":"pl_PL","og_type":"article","og_title":"Porsche 997 Targa 4S - nazwa Piston Addict","og_description":"Jako idealna r\u00f3wnowaga mi\u0119dzy klasycznym charakterem 911, kompaktowymi wymiarami, komunikatywnym podwoziem oraz nowoczesn\u0105 technologi\u0105 i funkcjami, generacja 997 cieszy si\u0119 coraz wi\u0119ksz\u0105 popularno\u015bci\u0105 w\u015br\u00f3d entuzjast\u00f3w 911. Oznacza to, \u017ce jest to kolejna wielka rzecz w \u015bwiecie 911, z rosn\u0105cymi cenami. Za\u0142\u00f3\u017cmy, \u017ce chcesz wskoczy\u0107 na mod\u0119 997. W takim przypadku nie ma nic lepszego ni\u017c bardzo po\u017c\u0105dany egzemplarz w rzadkim stylu nadwozia z po\u017c\u0105dan\u0105 manualn\u0105 skrzyni\u0105 bieg\u00f3w, gotowy do pe\u0142nej rado\u015bci z jazdy.","og_url":"https:\/\/pistonaddict.com\/pl\/product\/porsche-997-targa\/","og_site_name":"Piston Addict","article_modified_time":"2024-03-20T14:23:59+00:00","og_image":[{"width":1024,"height":611,"url":"https:\/\/pistonaddict.com\/wp-content\/uploads\/2024\/03\/1-1-1024x611.png","type":"image\/png"}],"twitter_card":"summary_large_image","twitter_misc":{"Szacowany czas czytania":"3 minuty"},"schema":{"@context":"https:\/\/schema.org","@graph":[{"@type":"WebPage","@id":"https:\/\/pistonaddict.com\/pl\/product\/porsche-997-targa\/","url":"https:\/\/pistonaddict.com\/pl\/product\/porsche-997-targa\/","name":"Porsche 997 Targa 4S - nazwa Piston Addict","isPartOf":{"@id":"https:\/\/pistonaddict.com\/pl\/#website"},"primaryImageOfPage":{"@id":"https:\/\/pistonaddict.com\/pl\/product\/porsche-997-targa\/#primaryimage"},"image":{"@id":"https:\/\/pistonaddict.com\/pl\/product\/porsche-997-targa\/#primaryimage"},"thumbnailUrl":"https:\/\/pistonaddict.com\/wp-content\/uploads\/2024\/03\/1-1.png","datePublished":"2024-03-20T14:15:43+00:00","dateModified":"2024-03-20T14:23:59+00:00","breadcrumb":{"@id":"https:\/\/pistonaddict.com\/pl\/product\/porsche-997-targa\/#breadcrumb"},"inLanguage":"pl-PL","potentialAction":[{"@type":"ReadAction","target":["https:\/\/pistonaddict.com\/pl\/product\/porsche-997-targa\/"]}]},{"@type":"ImageObject","inLanguage":"pl-PL","@id":"https:\/\/pistonaddict.com\/pl\/product\/porsche-997-targa\/#primaryimage","url":"https:\/\/pistonaddict.com\/wp-content\/uploads\/2024\/03\/1-1.png","contentUrl":"https:\/\/pistonaddict.com\/wp-content\/uploads\/2024\/03\/1-1.png","width":2778,"height":1657},{"@type":"BreadcrumbList","@id":"https:\/\/pistonaddict.com\/pl\/product\/porsche-997-targa\/#breadcrumb","itemListElement":[{"@type":"ListItem","position":1,"name":"Strona g\u0142\u00f3wna","item":"https:\/\/pistonaddict.com\/pl\/strona-glowna-2\/"},{"@type":"ListItem","position":2,"name":"Auctions","item":"https:\/\/pistonaddict.com\/auctions-listing\/"},{"@type":"ListItem","position":3,"name":"Porsche 997 Targa 4S"}]},{"@type":"WebSite","@id":"https:\/\/pistonaddict.com\/pl\/#website","url":"https:\/\/pistonaddict.com\/pl\/","name":"Piston Addict","description":"Only interesting vehicles","publisher":{"@id":"https:\/\/pistonaddict.com\/pl\/#organization"},"potentialAction":[{"@type":"SearchAction","target":{"@type":"EntryPoint","urlTemplate":"https:\/\/pistonaddict.com\/pl\/?s={search_term_string}"},"query-input":"required name=search_term_string"}],"inLanguage":"pl-PL"},{"@type":"Organization","@id":"https:\/\/pistonaddict.com\/pl\/#organization","name":"Piston Addict","url":"https:\/\/pistonaddict.com\/pl\/","logo":{"@type":"ImageObject","inLanguage":"pl-PL","@id":"https:\/\/pistonaddict.com\/pl\/#\/schema\/logo\/image\/","url":"https:\/\/pistonaddict.com\/wp-content\/uploads\/2022\/07\/logo-6.png","contentUrl":"https:\/\/pistonaddict.com\/wp-content\/uploads\/2022\/07\/logo-6.png","width":970,"height":200,"caption":"Piston Addict"},"image":{"@id":"https:\/\/pistonaddict.com\/pl\/#\/schema\/logo\/image\/"}}]}},"_links":{"self":[{"href":"https:\/\/pistonaddict.com\/pl\/wp-json\/wp\/v2\/product\/98277"}],"collection":[{"href":"https:\/\/pistonaddict.com\/pl\/wp-json\/wp\/v2\/product"}],"about":[{"href":"https:\/\/pistonaddict.com\/pl\/wp-json\/wp\/v2\/types\/product"}],"replies":[{"embeddable":true,"href":"https:\/\/pistonaddict.com\/pl\/wp-json\/wp\/v2\/comments?post=98277"}],"wp:featuredmedia":[{"embeddable":true,"href":"https:\/\/pistonaddict.com\/pl\/wp-json\/wp\/v2\/media\/97680"}],"wp:attachment":[{"href":"https:\/\/pistonaddict.com\/pl\/wp-json\/wp\/v2\/media?parent=98277"}],"wp:term":[{"taxonomy":"product_cat","embeddable":true,"href":"https:\/\/pistonaddict.com\/pl\/wp-json\/wp\/v2\/product_cat?post=98277"},{"taxonomy":"product_tag","embeddable":true,"href":"https:\/\/pistonaddict.com\/pl\/wp-json\/wp\/v2\/product_tag?post=98277"}],"curies":[{"name":"wp","href":"https:\/\/api.w.org\/{rel}","templated":true}]}}