{"id":97446,"date":"2024-03-15T18:51:57","date_gmt":"2024-03-15T17:51:57","guid":{"rendered":"https:\/\/pistonaddict.com\/product\/bmw-m4-competition\/"},"modified":"2024-03-20T14:16:38","modified_gmt":"2024-03-20T13:16:38","slug":"bmw-m4-konkurs","status":"publish","type":"product","link":"https:\/\/pistonaddict.com\/pl\/product\/bmw-m4-konkurs\/","title":{"rendered":"BMW M4 Competition"},"content":{"rendered":"<h2>Zewn\u0119trznie<\/h2>\n<p>Zacznijmy od koloru samochodu &#8211; nazwanie go br\u0105zowym by\u0142oby co najmniej niesprawiedliwe. BMW nazwa\u0142o go Sepang Bronze i aby w pe\u0142ni go doceni\u0107, trzeba zobaczy\u0107 samoch\u00f3d w s\u0142o\u0144cu. Jednak najbardziej uderzaj\u0105c\u0105 cech\u0105 M4 jest sk\u0142adany dach wykonany z w\u0142\u00f3kna w\u0119glowego, dzi\u0119ki czemu jest zar\u00f3wno lekki, jak i wytrzyma\u0142y. Dzi\u0119ki niemu to BMW mo\u017ce przekszta\u0142ci\u0107 si\u0119 z samochodu sportowego przypominaj\u0105cego coupe w elegancki miejski kr\u0105\u017cownik za naci\u015bni\u0119ciem jednego przycisku.<\/p>\n<p>Inne godne uwagi szczeg\u00f3\u0142y obejmuj\u0105 reflektory ksenonowe z przodu, 19-calowe ko\u0142a z oponami Michelin Pilot Sport po bokach i podw\u00f3jne wydechy z ty\u0142u. Podobnie jak inne M4, ten samoch\u00f3d ma agresywne zderzaki, otwory wentylacyjne w b\u0142otnikach i mask\u0119 z wybrzuszeniem po\u015brodku.<\/p>\n<h2>Wn\u0119trze<\/h2>\n<p>Wewn\u0105trz pierwsz\u0105 rzecz\u0105, kt\u00f3ra przyci\u0105ga uwag\u0119, s\u0105 fotele, kt\u00f3re s\u0105 obite mi\u0119kk\u0105 br\u0105zow\u0105 sk\u00f3r\u0105 z bia\u0142ymi przeszyciami. Ale opr\u00f3cz tego, \u017ce s\u0105 sportowe i wspieraj\u0105ce, jak mo\u017ce sugerowa\u0107 ich wygl\u0105d, s\u0105 r\u00f3wnie\u017c bardzo wygodne. Po zaj\u0119ciu miejsca kierowca zasiada za charakterystyczn\u0105 dla BMW tr\u00f3jramienn\u0105 kierownic\u0105 i desk\u0105 rozdzielcz\u0105 z prostym uk\u0142adem wska\u017anik\u00f3w. Obejmuje to pr\u0119dko\u015bciomierz, kt\u00f3ry ko\u0144czy si\u0119 na 330 km\/h, obrotomierz do 8000 RPM oraz wska\u017aniki poziomu paliwa i temperatury silnika. A je\u015bli nie chcesz patrze\u0107 w d\u00f3\u0142 podczas ostrego pokonywania zakr\u0119t\u00f3w, na przedniej szybie znajduje si\u0119 wy\u015bwietlacz Head-Up pokazuj\u0105cy wszystkie istotne informacje.<\/p>\n<h2>Mechanicy<\/h2>\n<p>Pomijaj\u0105c osza\u0142amiaj\u0105cy wygl\u0105d, ka\u017cde BMW musi by\u0107 najlepsz\u0105 maszyn\u0105 do jazdy. A ten M4 ma kilka as\u00f3w w r\u0119kawie, kt\u00f3re pomog\u0105 mu spe\u0142ni\u0107 te oczekiwania. Po pierwsze, pod mask\u0105 znajduje si\u0119 spektakularny, podw\u00f3jnie turbodo\u0142adowany silnik o mocy 450 KM. Moc trafia na tylne ko\u0142a za po\u015brednictwem 7-biegowej dwusprz\u0119g\u0142owej skrzyni bieg\u00f3w i elektronicznie sterowanego mechanizmu r\u00f3\u017cnicowego o ograniczonym po\u015blizgu.<\/p>\n<p>Z ca\u0142ym tym pomrukiem i technologi\u0105, M4 z \u0142atwo\u015bci\u0105 osi\u0105gnie 100 km\/h w oko\u0142o 4 sekundy i rozp\u0119dzi si\u0119 do 250 km\/h. I prawdopodobnie jecha\u0142by znacznie szybciej, gdyby nie elektroniczny ogranicznik. Wreszcie, aby pom\u00f3c utrzyma\u0107 wszystko pod kontrol\u0105 przy pr\u0119dko\u015bci, samoch\u00f3d jest wyposa\u017cony w usztywnione zawieszenie i ogromne hamulce.<\/p>\n<h2>Historia pojazdu<\/h2>\n<p>Na koniec kilka s\u0142\u00f3w o aktualnym stanie BMW M4, kt\u00f3ry sprzedawca okre\u015bla jako nieskazitelny. I s\u0105dz\u0105c po zdj\u0119ciach i dostarczonym filmie, zdecydowanie tak jest, bez widocznych uszkodze\u0144 do zg\u0142oszenia. Samoch\u00f3d by\u0142 regularnie serwisowany i sprawdzany przez autoryzowanego dealera BMW, a ostatni przegl\u0105d wykonano w czerwcu 2022 roku.<\/p>\n<p>Sprzedawca twierdzi, \u017ce samoch\u00f3d, kt\u00f3ry obecnie znajduje si\u0119 w Belgii, nie by\u0142 u\u017cywany na torze ani nie bra\u0142 udzia\u0142u w \u017cadnych wypadkach, a pasuj\u0105cy <a href=\"https:\/\/pistonaddict.com\/wp-content\/uploads\/2024\/03\/CarVerticalBMWM4.pdf\">raport historii pojazdu CarVertical<\/a> to potwierdza.<\/p>\n<p><strong>Zobacz film z zimnego startu tego wspania\u0142ego<\/strong> <strong>BMW M4 Competition<\/strong>:<\/p>\n<p><iframe title=\"Cold Start Video of the BMW M4 Competition\" width=\"1200\" height=\"675\" src=\"https:\/\/www.youtube.com\/embed\/-weepN3iz9c?feature=oembed\" frameborder=\"0\" allow=\"accelerometer; autoplay; clipboard-write; encrypted-media; gyroscope; picture-in-picture; web-share\" allowfullscreen><\/iframe><\/p>\n","protected":false},"excerpt":{"rendered":"<p>Je\u015bli szukasz czego\u015b, co pokona tor w rekordowym tempie, potrzebujesz samochodu sportowego. Z drugiej strony, je\u015bli wolisz wygodny rejs alej\u0105 w s\u0142oneczny dzie\u0144, najlepszym wyborem b\u0119dzie elegancki kabriolet. Ale je\u015bli chcesz czego\u015b, co robi obie te rzeczy, to z pewno\u015bci\u0105 spodoba ci si\u0119 to BMW M4 Competition, kt\u00f3re mamy na aukcji. Jest w idealnym stanie, ma jednego w\u0142a\u015bciciela i 74 000 km na zegarze.<\/p>\n","protected":false},"featured_media":96749,"comment_status":"open","ping_status":"closed","template":"","meta":{"inline_featured_image":false},"product_cat":[718],"product_tag":[3151,3112,913,3107],"acf":[],"yoast_head":"<!-- This site is optimized with the Yoast SEO plugin v22.5 - https:\/\/yoast.com\/wordpress\/plugins\/seo\/ -->\n<title>BMW M4 Competition - nazwa Piston Addict<\/title>\n<meta name=\"robots\" content=\"index, follow, max-snippet:-1, max-image-preview:large, max-video-preview:-1\" \/>\n<link rel=\"canonical\" href=\"https:\/\/pistonaddict.com\/pl\/product\/bmw-m4-konkurs\/\" \/>\n<meta property=\"og:locale\" content=\"pl_PL\" \/>\n<meta property=\"og:type\" content=\"article\" \/>\n<meta property=\"og:title\" content=\"BMW M4 Competition - nazwa Piston Addict\" \/>\n<meta property=\"og:description\" content=\"Je\u015bli szukasz czego\u015b, co pokona tor w rekordowym tempie, potrzebujesz samochodu sportowego. Z drugiej strony, je\u015bli wolisz wygodny rejs alej\u0105 w s\u0142oneczny dzie\u0144, najlepszym wyborem b\u0119dzie elegancki kabriolet. Ale je\u015bli chcesz czego\u015b, co robi obie te rzeczy, to z pewno\u015bci\u0105 spodoba ci si\u0119 to BMW M4 Competition, kt\u00f3re mamy na aukcji. Jest w idealnym stanie, ma jednego w\u0142a\u015bciciela i 74 000 km na zegarze.\" \/>\n<meta property=\"og:url\" content=\"https:\/\/pistonaddict.com\/pl\/product\/bmw-m4-konkurs\/\" \/>\n<meta property=\"og:site_name\" content=\"Piston Addict\" \/>\n<meta property=\"article:modified_time\" content=\"2024-03-20T13:16:38+00:00\" \/>\n<meta property=\"og:image\" content=\"https:\/\/pistonaddict.com\/wp-content\/uploads\/2024\/03\/1-1024x612.png\" \/>\n\t<meta property=\"og:image:width\" content=\"1024\" \/>\n\t<meta property=\"og:image:height\" content=\"612\" \/>\n\t<meta property=\"og:image:type\" content=\"image\/png\" \/>\n<meta name=\"twitter:card\" content=\"summary_large_image\" \/>\n<meta name=\"twitter:label1\" content=\"Szacowany czas czytania\" \/>\n\t<meta name=\"twitter:data1\" content=\"3 minuty\" \/>\n<script type=\"application\/ld+json\" class=\"yoast-schema-graph\">{\"@context\":\"https:\/\/schema.org\",\"@graph\":[{\"@type\":\"WebPage\",\"@id\":\"https:\/\/pistonaddict.com\/pl\/product\/bmw-m4-konkurs\/\",\"url\":\"https:\/\/pistonaddict.com\/pl\/product\/bmw-m4-konkurs\/\",\"name\":\"BMW M4 Competition - nazwa Piston Addict\",\"isPartOf\":{\"@id\":\"https:\/\/pistonaddict.com\/pl\/#website\"},\"primaryImageOfPage\":{\"@id\":\"https:\/\/pistonaddict.com\/pl\/product\/bmw-m4-konkurs\/#primaryimage\"},\"image\":{\"@id\":\"https:\/\/pistonaddict.com\/pl\/product\/bmw-m4-konkurs\/#primaryimage\"},\"thumbnailUrl\":\"https:\/\/pistonaddict.com\/wp-content\/uploads\/2024\/03\/1.png\",\"datePublished\":\"2024-03-15T17:51:57+00:00\",\"dateModified\":\"2024-03-20T13:16:38+00:00\",\"breadcrumb\":{\"@id\":\"https:\/\/pistonaddict.com\/pl\/product\/bmw-m4-konkurs\/#breadcrumb\"},\"inLanguage\":\"pl-PL\",\"potentialAction\":[{\"@type\":\"ReadAction\",\"target\":[\"https:\/\/pistonaddict.com\/pl\/product\/bmw-m4-konkurs\/\"]}]},{\"@type\":\"ImageObject\",\"inLanguage\":\"pl-PL\",\"@id\":\"https:\/\/pistonaddict.com\/pl\/product\/bmw-m4-konkurs\/#primaryimage\",\"url\":\"https:\/\/pistonaddict.com\/wp-content\/uploads\/2024\/03\/1.png\",\"contentUrl\":\"https:\/\/pistonaddict.com\/wp-content\/uploads\/2024\/03\/1.png\",\"width\":2778,\"height\":1660},{\"@type\":\"BreadcrumbList\",\"@id\":\"https:\/\/pistonaddict.com\/pl\/product\/bmw-m4-konkurs\/#breadcrumb\",\"itemListElement\":[{\"@type\":\"ListItem\",\"position\":1,\"name\":\"Strona g\u0142\u00f3wna\",\"item\":\"https:\/\/pistonaddict.com\/pl\/strona-glowna-2\/\"},{\"@type\":\"ListItem\",\"position\":2,\"name\":\"Auctions\",\"item\":\"https:\/\/pistonaddict.com\/auctions-listing\/\"},{\"@type\":\"ListItem\",\"position\":3,\"name\":\"BMW M4 Competition\"}]},{\"@type\":\"WebSite\",\"@id\":\"https:\/\/pistonaddict.com\/pl\/#website\",\"url\":\"https:\/\/pistonaddict.com\/pl\/\",\"name\":\"Piston Addict\",\"description\":\"Only interesting vehicles\",\"publisher\":{\"@id\":\"https:\/\/pistonaddict.com\/pl\/#organization\"},\"potentialAction\":[{\"@type\":\"SearchAction\",\"target\":{\"@type\":\"EntryPoint\",\"urlTemplate\":\"https:\/\/pistonaddict.com\/pl\/?s={search_term_string}\"},\"query-input\":\"required name=search_term_string\"}],\"inLanguage\":\"pl-PL\"},{\"@type\":\"Organization\",\"@id\":\"https:\/\/pistonaddict.com\/pl\/#organization\",\"name\":\"Piston Addict\",\"url\":\"https:\/\/pistonaddict.com\/pl\/\",\"logo\":{\"@type\":\"ImageObject\",\"inLanguage\":\"pl-PL\",\"@id\":\"https:\/\/pistonaddict.com\/pl\/#\/schema\/logo\/image\/\",\"url\":\"https:\/\/pistonaddict.com\/wp-content\/uploads\/2022\/07\/logo-6.png\",\"contentUrl\":\"https:\/\/pistonaddict.com\/wp-content\/uploads\/2022\/07\/logo-6.png\",\"width\":970,\"height\":200,\"caption\":\"Piston Addict\"},\"image\":{\"@id\":\"https:\/\/pistonaddict.com\/pl\/#\/schema\/logo\/image\/\"}}]}<\/script>\n<!-- \/ Yoast SEO plugin. -->","yoast_head_json":{"title":"BMW M4 Competition - nazwa Piston Addict","robots":{"index":"index","follow":"follow","max-snippet":"max-snippet:-1","max-image-preview":"max-image-preview:large","max-video-preview":"max-video-preview:-1"},"canonical":"https:\/\/pistonaddict.com\/pl\/product\/bmw-m4-konkurs\/","og_locale":"pl_PL","og_type":"article","og_title":"BMW M4 Competition - nazwa Piston Addict","og_description":"Je\u015bli szukasz czego\u015b, co pokona tor w rekordowym tempie, potrzebujesz samochodu sportowego. Z drugiej strony, je\u015bli wolisz wygodny rejs alej\u0105 w s\u0142oneczny dzie\u0144, najlepszym wyborem b\u0119dzie elegancki kabriolet. Ale je\u015bli chcesz czego\u015b, co robi obie te rzeczy, to z pewno\u015bci\u0105 spodoba ci si\u0119 to BMW M4 Competition, kt\u00f3re mamy na aukcji. Jest w idealnym stanie, ma jednego w\u0142a\u015bciciela i 74 000 km na zegarze.","og_url":"https:\/\/pistonaddict.com\/pl\/product\/bmw-m4-konkurs\/","og_site_name":"Piston Addict","article_modified_time":"2024-03-20T13:16:38+00:00","og_image":[{"width":1024,"height":612,"url":"https:\/\/pistonaddict.com\/wp-content\/uploads\/2024\/03\/1-1024x612.png","type":"image\/png"}],"twitter_card":"summary_large_image","twitter_misc":{"Szacowany czas czytania":"3 minuty"},"schema":{"@context":"https:\/\/schema.org","@graph":[{"@type":"WebPage","@id":"https:\/\/pistonaddict.com\/pl\/product\/bmw-m4-konkurs\/","url":"https:\/\/pistonaddict.com\/pl\/product\/bmw-m4-konkurs\/","name":"BMW M4 Competition - nazwa Piston Addict","isPartOf":{"@id":"https:\/\/pistonaddict.com\/pl\/#website"},"primaryImageOfPage":{"@id":"https:\/\/pistonaddict.com\/pl\/product\/bmw-m4-konkurs\/#primaryimage"},"image":{"@id":"https:\/\/pistonaddict.com\/pl\/product\/bmw-m4-konkurs\/#primaryimage"},"thumbnailUrl":"https:\/\/pistonaddict.com\/wp-content\/uploads\/2024\/03\/1.png","datePublished":"2024-03-15T17:51:57+00:00","dateModified":"2024-03-20T13:16:38+00:00","breadcrumb":{"@id":"https:\/\/pistonaddict.com\/pl\/product\/bmw-m4-konkurs\/#breadcrumb"},"inLanguage":"pl-PL","potentialAction":[{"@type":"ReadAction","target":["https:\/\/pistonaddict.com\/pl\/product\/bmw-m4-konkurs\/"]}]},{"@type":"ImageObject","inLanguage":"pl-PL","@id":"https:\/\/pistonaddict.com\/pl\/product\/bmw-m4-konkurs\/#primaryimage","url":"https:\/\/pistonaddict.com\/wp-content\/uploads\/2024\/03\/1.png","contentUrl":"https:\/\/pistonaddict.com\/wp-content\/uploads\/2024\/03\/1.png","width":2778,"height":1660},{"@type":"BreadcrumbList","@id":"https:\/\/pistonaddict.com\/pl\/product\/bmw-m4-konkurs\/#breadcrumb","itemListElement":[{"@type":"ListItem","position":1,"name":"Strona g\u0142\u00f3wna","item":"https:\/\/pistonaddict.com\/pl\/strona-glowna-2\/"},{"@type":"ListItem","position":2,"name":"Auctions","item":"https:\/\/pistonaddict.com\/auctions-listing\/"},{"@type":"ListItem","position":3,"name":"BMW M4 Competition"}]},{"@type":"WebSite","@id":"https:\/\/pistonaddict.com\/pl\/#website","url":"https:\/\/pistonaddict.com\/pl\/","name":"Piston Addict","description":"Only interesting vehicles","publisher":{"@id":"https:\/\/pistonaddict.com\/pl\/#organization"},"potentialAction":[{"@type":"SearchAction","target":{"@type":"EntryPoint","urlTemplate":"https:\/\/pistonaddict.com\/pl\/?s={search_term_string}"},"query-input":"required name=search_term_string"}],"inLanguage":"pl-PL"},{"@type":"Organization","@id":"https:\/\/pistonaddict.com\/pl\/#organization","name":"Piston Addict","url":"https:\/\/pistonaddict.com\/pl\/","logo":{"@type":"ImageObject","inLanguage":"pl-PL","@id":"https:\/\/pistonaddict.com\/pl\/#\/schema\/logo\/image\/","url":"https:\/\/pistonaddict.com\/wp-content\/uploads\/2022\/07\/logo-6.png","contentUrl":"https:\/\/pistonaddict.com\/wp-content\/uploads\/2022\/07\/logo-6.png","width":970,"height":200,"caption":"Piston Addict"},"image":{"@id":"https:\/\/pistonaddict.com\/pl\/#\/schema\/logo\/image\/"}}]}},"_links":{"self":[{"href":"https:\/\/pistonaddict.com\/pl\/wp-json\/wp\/v2\/product\/97446"}],"collection":[{"href":"https:\/\/pistonaddict.com\/pl\/wp-json\/wp\/v2\/product"}],"about":[{"href":"https:\/\/pistonaddict.com\/pl\/wp-json\/wp\/v2\/types\/product"}],"replies":[{"embeddable":true,"href":"https:\/\/pistonaddict.com\/pl\/wp-json\/wp\/v2\/comments?post=97446"}],"wp:featuredmedia":[{"embeddable":true,"href":"https:\/\/pistonaddict.com\/pl\/wp-json\/wp\/v2\/media\/96749"}],"wp:attachment":[{"href":"https:\/\/pistonaddict.com\/pl\/wp-json\/wp\/v2\/media?parent=97446"}],"wp:term":[{"taxonomy":"product_cat","embeddable":true,"href":"https:\/\/pistonaddict.com\/pl\/wp-json\/wp\/v2\/product_cat?post=97446"},{"taxonomy":"product_tag","embeddable":true,"href":"https:\/\/pistonaddict.com\/pl\/wp-json\/wp\/v2\/product_tag?post=97446"}],"curies":[{"name":"wp","href":"https:\/\/api.w.org\/{rel}","templated":true}]}}