{"id":96728,"date":"2024-03-15T17:17:18","date_gmt":"2024-03-15T16:17:18","guid":{"rendered":"https:\/\/pistonaddict.com\/product\/amg-sls-roadster\/"},"modified":"2024-03-19T16:40:21","modified_gmt":"2024-03-19T15:40:21","slug":"amg-sls-roadster","status":"publish","type":"product","link":"https:\/\/pistonaddict.com\/pl\/product\/amg-sls-roadster\/","title":{"rendered":"AMG SLS Roadster"},"content":{"rendered":"<p><strong>Historia samochodu<\/strong><\/p>\n<p>\u015awiat motoryzacji by\u0142 oszo\u0142omiony, gdy Mercedes zaprezentowa\u0142 kultowy model SLS AMG w 2010 roku. Klasyczny w podej\u015bciu, ale ca\u0142kowicie nowoczesny w wykonaniu, by\u0142 to rasowy samoch\u00f3d sportowy, kt\u00f3ry wyra\u017anie czerpa\u0142 inspiracj\u0119 ze wspania\u0142ej przesz\u0142o\u015bci marki i legendarnego 300 SL Gullwing. Cho\u0107 podczas projektowania Mercedes spogl\u0105da\u0142 w przesz\u0142o\u015b\u0107, firma celowa\u0142a w przysz\u0142o\u015b\u0107 dzi\u0119ki nowoczesnej konstrukcji podwozia, funkcjom wn\u0119trza, komfortowi i uk\u0142adowi nap\u0119dowemu. Pod d\u0142ug\u0105 mask\u0105 znajdowa\u0142 si\u0119 6,2-litrowy silnik V8 (nazwa kodowa M156), kt\u00f3ry dostarcza\u0142 571 koni mechanicznych na tylne ko\u0142a za po\u015brednictwem 7-biegowej dwusprz\u0119g\u0142owej skrzyni bieg\u00f3w. W rezultacie powsta\u0142 samoch\u00f3d, kt\u00f3ry wygl\u0105da niesamowicie i nadal jest supersamochodem. Dzi\u0119ki czasowi od 0 do 100 km\/h wynosz\u0105cemu zaledwie 3,8 sekundy i pr\u0119dko\u015bci maksymalnej znacznie przekraczaj\u0105cej 310 km\/h, mo\u017cna zrozumie\u0107, dlaczego Mercedes SLS AMG jest jednym z najszybszych samochod\u00f3w swojej epoki.<\/p>\n<p>Co ciekawe, seria produkcyjna tej niesamowitej maszyny by\u0142a stosunkowo kr\u00f3tka, a model zosta\u0142 wycofany w 2014 roku. Niekt\u00f3rzy twierdz\u0105, \u017ce Mercedes zrobi\u0142 to celowo, aby zapewni\u0107 ekskluzywno\u015b\u0107 i rzadko\u015b\u0107 swojego najlepszego nowoczesnego samochodu sportowego. Plotki te mog\u0105 by\u0107 prawdziwe, poniewa\u017c firma nigdy oficjalnie nie ujawni\u0142a dok\u0142adnych danych produkcyjnych. Szacuje si\u0119, \u017ce dostarczono oko\u0142o 8000 coupe i oko\u0142o 4000 roadster\u00f3w. Ten samoch\u00f3d jest jednym z tych 4000 egzemplarzy, co czyni go jeszcze bardziej ekskluzywnym i mitycznym.<\/p>\n<p><strong>Wn\u0119trze<\/strong><\/p>\n<p>Wyko\u0144czone czarn\u0105 sk\u00f3r\u0105 ze sk\u00f3rzan\u0105 desk\u0105 rozdzielcz\u0105 wn\u0119trze tego SLS AMG Roadster jest w idealnym stanie, bez \u017cadnych \u015blad\u00f3w u\u017cytkowania. Fotele i karty drzwi s\u0105 nieoznakowane; wszystkie funkcje dzia\u0142aj\u0105 wraz z systemem nawigacji, systemem audio premium oraz podgrzewanymi i elektrycznie sterowanymi fotelami sportowymi. Dach kabrioletu jest jak nowy i doskonale si\u0119 otwiera i zamyka.<\/p>\n<p><strong>Stan<\/strong><\/p>\n<p>Zawsze cieszymy si\u0119, \u017ce mo\u017cemy zaoferowa\u0107 pojazdy, kt\u00f3re s\u0105 jak nowe, a ten Mercedes SLS AMG Roadster z 2012 roku jest jednym z nich. Z przebiegiem zaledwie 19 000 km od nowo\u015bci, pojazd ten by\u0142 bardzo rzadko u\u017cywany w r\u0119kach swojego pierwszego i jedynego w\u0142a\u015bciciela i \u015brednio przeje\u017cd\u017ca\u0142 mniej ni\u017c 2000 km rocznie. Oznacza to, \u017ce jest w doskona\u0142ym stanie mechanicznym i estetycznym oraz jest ca\u0142kowicie oryginalny z fabryki. Ostatni powa\u017cny serwis zosta\u0142 przeprowadzony w 2018 roku, a hamulce zosta\u0142y niedawno wyremontowane w marcu 2024 roku. Samoch\u00f3d by\u0142 starannie piel\u0119gnowany przez dealera Mercedesa.<\/p>\n<p><strong>Nadwozie i ko\u0142a<\/strong><\/p>\n<p>Przy tak niewielkim przebiegu i obsesyjnej dba\u0142o\u015bci nie dziwi fakt, \u017ce karoseria jest jak nowa, bez zadrapa\u0144 i wgniece\u0144. Wyko\u0144czony w klasycznym srebrnym kolorze Mercedesa (przypominaj\u0105cym samochody wy\u015bcigowe Silver Arrow), wygl\u0105da osza\u0142amiaj\u0105co z kontrastuj\u0105cym czarnym wn\u0119trzem. Oryginalne 19-calowe ko\u0142a s\u0105 obecne, owini\u0119te gum\u0105 Continental ContiSport Contact Performance (DOT 2017) z oko\u0142o 50% zu\u017cyciem.<\/p>\n<p><strong>Dokumentacja<\/strong><\/p>\n<p>Dealer sprzedaje ten pojazd w imieniu pierwotnego w\u0142a\u015bciciela, z odpowiedni\u0105 dokumentacj\u0105, z siedzib\u0105 w Belgii. <a href=\"https:\/\/pistonaddict.com\/wp-content\/uploads\/2024\/03\/CarVerticalAMG.pdf\">Raport CarVertical<\/a> jest czysty, bez dowod\u00f3w wypadk\u00f3w, napraw powypadkowych, w\u0142asno\u015bci lub problem\u00f3w prawnych. Istniej\u0105 zapisy dotycz\u0105ce regularnej konserwacji i pokwitowania.<\/p>\n<p><strong>Zobacz film z zimnego startu tego niesamowitego AMG SLS Roadster:<\/strong><\/p>\n<p><iframe title=\"Cold Start Video of the AMG SLS Roadster\" width=\"1200\" height=\"675\" src=\"https:\/\/www.youtube.com\/embed\/vjLjXYVelXI?feature=oembed\" frameborder=\"0\" allow=\"accelerometer; autoplay; clipboard-write; encrypted-media; gyroscope; picture-in-picture; web-share\" allowfullscreen><\/iframe><\/p>\n","protected":false},"excerpt":{"rendered":"<p>Je\u015bli spojrze\u0107 na nowoczesne klasyki ze Stuttgartu, nic nie mo\u017ce si\u0119 r\u00f3wna\u0107 z Mercedesem SLS AMG. Dzi\u0119ki retro-futurystycznemu designowi, pot\u0119\u017cnemu 6,2-litrowemu V8 z przodu i wysublimowanym osi\u0105gom, SLS jest najbardziej poszukiwanym samochodem sportowym Mercedesa od czasu orygina\u0142u z lat 50-tych, kt\u00f3ry zapocz\u0105tkowa\u0142 lini\u0119. Znakomity pod ka\u017cdym wzgl\u0119dem SLS to samoch\u00f3d, kt\u00f3ry rzadko trafia na sprzeda\u017c, co sprawia, \u017ce ten egzemplarz o niskim przebiegu, z jednym w\u0142a\u015bcicielem i praktycznie nowy jest rzadszy i jeszcze bardziej wyj\u0105tkowy.<\/p>\n","protected":false},"featured_media":96000,"comment_status":"open","ping_status":"closed","template":"","meta":{"inline_featured_image":false},"product_cat":[718],"product_tag":[3084,2796,3083,913],"acf":[],"yoast_head":"<!-- This site is optimized with the Yoast SEO plugin v22.5 - https:\/\/yoast.com\/wordpress\/plugins\/seo\/ -->\n<title>AMG SLS Roadster - nazwa Piston Addict<\/title>\n<meta name=\"robots\" content=\"index, follow, max-snippet:-1, max-image-preview:large, max-video-preview:-1\" \/>\n<link rel=\"canonical\" href=\"https:\/\/pistonaddict.com\/pl\/product\/amg-sls-roadster\/\" \/>\n<meta property=\"og:locale\" content=\"pl_PL\" \/>\n<meta property=\"og:type\" content=\"article\" \/>\n<meta property=\"og:title\" content=\"AMG SLS Roadster - nazwa Piston Addict\" \/>\n<meta property=\"og:description\" content=\"Je\u015bli spojrze\u0107 na nowoczesne klasyki ze Stuttgartu, nic nie mo\u017ce si\u0119 r\u00f3wna\u0107 z Mercedesem SLS AMG. Dzi\u0119ki retro-futurystycznemu designowi, pot\u0119\u017cnemu 6,2-litrowemu V8 z przodu i wysublimowanym osi\u0105gom, SLS jest najbardziej poszukiwanym samochodem sportowym Mercedesa od czasu orygina\u0142u z lat 50-tych, kt\u00f3ry zapocz\u0105tkowa\u0142 lini\u0119. Znakomity pod ka\u017cdym wzgl\u0119dem SLS to samoch\u00f3d, kt\u00f3ry rzadko trafia na sprzeda\u017c, co sprawia, \u017ce ten egzemplarz o niskim przebiegu, z jednym w\u0142a\u015bcicielem i praktycznie nowy jest rzadszy i jeszcze bardziej wyj\u0105tkowy.\" \/>\n<meta property=\"og:url\" content=\"https:\/\/pistonaddict.com\/pl\/product\/amg-sls-roadster\/\" \/>\n<meta property=\"og:site_name\" content=\"Piston Addict\" \/>\n<meta property=\"article:modified_time\" content=\"2024-03-19T15:40:21+00:00\" \/>\n<meta property=\"og:image\" content=\"https:\/\/pistonaddict.com\/wp-content\/uploads\/2024\/03\/1-scaled.jpg\" \/>\n\t<meta property=\"og:image:width\" content=\"2560\" \/>\n\t<meta property=\"og:image:height\" content=\"1527\" \/>\n\t<meta property=\"og:image:type\" content=\"image\/jpeg\" \/>\n<meta name=\"twitter:card\" content=\"summary_large_image\" \/>\n<meta name=\"twitter:label1\" content=\"Szacowany czas czytania\" \/>\n\t<meta name=\"twitter:data1\" content=\"3 minuty\" \/>\n<script type=\"application\/ld+json\" class=\"yoast-schema-graph\">{\"@context\":\"https:\/\/schema.org\",\"@graph\":[{\"@type\":\"WebPage\",\"@id\":\"https:\/\/pistonaddict.com\/pl\/product\/amg-sls-roadster\/\",\"url\":\"https:\/\/pistonaddict.com\/pl\/product\/amg-sls-roadster\/\",\"name\":\"AMG SLS Roadster - nazwa Piston Addict\",\"isPartOf\":{\"@id\":\"https:\/\/pistonaddict.com\/pl\/#website\"},\"primaryImageOfPage\":{\"@id\":\"https:\/\/pistonaddict.com\/pl\/product\/amg-sls-roadster\/#primaryimage\"},\"image\":{\"@id\":\"https:\/\/pistonaddict.com\/pl\/product\/amg-sls-roadster\/#primaryimage\"},\"thumbnailUrl\":\"https:\/\/pistonaddict.com\/wp-content\/uploads\/2024\/03\/1-scaled.jpg\",\"datePublished\":\"2024-03-15T16:17:18+00:00\",\"dateModified\":\"2024-03-19T15:40:21+00:00\",\"breadcrumb\":{\"@id\":\"https:\/\/pistonaddict.com\/pl\/product\/amg-sls-roadster\/#breadcrumb\"},\"inLanguage\":\"pl-PL\",\"potentialAction\":[{\"@type\":\"ReadAction\",\"target\":[\"https:\/\/pistonaddict.com\/pl\/product\/amg-sls-roadster\/\"]}]},{\"@type\":\"ImageObject\",\"inLanguage\":\"pl-PL\",\"@id\":\"https:\/\/pistonaddict.com\/pl\/product\/amg-sls-roadster\/#primaryimage\",\"url\":\"https:\/\/pistonaddict.com\/wp-content\/uploads\/2024\/03\/1-scaled.jpg\",\"contentUrl\":\"https:\/\/pistonaddict.com\/wp-content\/uploads\/2024\/03\/1-scaled.jpg\",\"width\":2560,\"height\":1527},{\"@type\":\"BreadcrumbList\",\"@id\":\"https:\/\/pistonaddict.com\/pl\/product\/amg-sls-roadster\/#breadcrumb\",\"itemListElement\":[{\"@type\":\"ListItem\",\"position\":1,\"name\":\"Strona g\u0142\u00f3wna\",\"item\":\"https:\/\/pistonaddict.com\/pl\/strona-glowna-2\/\"},{\"@type\":\"ListItem\",\"position\":2,\"name\":\"Auctions\",\"item\":\"https:\/\/pistonaddict.com\/auctions-listing\/\"},{\"@type\":\"ListItem\",\"position\":3,\"name\":\"AMG SLS Roadster\"}]},{\"@type\":\"WebSite\",\"@id\":\"https:\/\/pistonaddict.com\/pl\/#website\",\"url\":\"https:\/\/pistonaddict.com\/pl\/\",\"name\":\"Piston Addict\",\"description\":\"Only interesting vehicles\",\"publisher\":{\"@id\":\"https:\/\/pistonaddict.com\/pl\/#organization\"},\"potentialAction\":[{\"@type\":\"SearchAction\",\"target\":{\"@type\":\"EntryPoint\",\"urlTemplate\":\"https:\/\/pistonaddict.com\/pl\/?s={search_term_string}\"},\"query-input\":\"required name=search_term_string\"}],\"inLanguage\":\"pl-PL\"},{\"@type\":\"Organization\",\"@id\":\"https:\/\/pistonaddict.com\/pl\/#organization\",\"name\":\"Piston Addict\",\"url\":\"https:\/\/pistonaddict.com\/pl\/\",\"logo\":{\"@type\":\"ImageObject\",\"inLanguage\":\"pl-PL\",\"@id\":\"https:\/\/pistonaddict.com\/pl\/#\/schema\/logo\/image\/\",\"url\":\"https:\/\/pistonaddict.com\/wp-content\/uploads\/2022\/07\/logo-6.png\",\"contentUrl\":\"https:\/\/pistonaddict.com\/wp-content\/uploads\/2022\/07\/logo-6.png\",\"width\":970,\"height\":200,\"caption\":\"Piston Addict\"},\"image\":{\"@id\":\"https:\/\/pistonaddict.com\/pl\/#\/schema\/logo\/image\/\"}}]}<\/script>\n<!-- \/ Yoast SEO plugin. -->","yoast_head_json":{"title":"AMG SLS Roadster - nazwa Piston Addict","robots":{"index":"index","follow":"follow","max-snippet":"max-snippet:-1","max-image-preview":"max-image-preview:large","max-video-preview":"max-video-preview:-1"},"canonical":"https:\/\/pistonaddict.com\/pl\/product\/amg-sls-roadster\/","og_locale":"pl_PL","og_type":"article","og_title":"AMG SLS Roadster - nazwa Piston Addict","og_description":"Je\u015bli spojrze\u0107 na nowoczesne klasyki ze Stuttgartu, nic nie mo\u017ce si\u0119 r\u00f3wna\u0107 z Mercedesem SLS AMG. Dzi\u0119ki retro-futurystycznemu designowi, pot\u0119\u017cnemu 6,2-litrowemu V8 z przodu i wysublimowanym osi\u0105gom, SLS jest najbardziej poszukiwanym samochodem sportowym Mercedesa od czasu orygina\u0142u z lat 50-tych, kt\u00f3ry zapocz\u0105tkowa\u0142 lini\u0119. Znakomity pod ka\u017cdym wzgl\u0119dem SLS to samoch\u00f3d, kt\u00f3ry rzadko trafia na sprzeda\u017c, co sprawia, \u017ce ten egzemplarz o niskim przebiegu, z jednym w\u0142a\u015bcicielem i praktycznie nowy jest rzadszy i jeszcze bardziej wyj\u0105tkowy.","og_url":"https:\/\/pistonaddict.com\/pl\/product\/amg-sls-roadster\/","og_site_name":"Piston Addict","article_modified_time":"2024-03-19T15:40:21+00:00","og_image":[{"width":2560,"height":1527,"url":"https:\/\/pistonaddict.com\/wp-content\/uploads\/2024\/03\/1-scaled.jpg","type":"image\/jpeg"}],"twitter_card":"summary_large_image","twitter_misc":{"Szacowany czas czytania":"3 minuty"},"schema":{"@context":"https:\/\/schema.org","@graph":[{"@type":"WebPage","@id":"https:\/\/pistonaddict.com\/pl\/product\/amg-sls-roadster\/","url":"https:\/\/pistonaddict.com\/pl\/product\/amg-sls-roadster\/","name":"AMG SLS Roadster - nazwa Piston Addict","isPartOf":{"@id":"https:\/\/pistonaddict.com\/pl\/#website"},"primaryImageOfPage":{"@id":"https:\/\/pistonaddict.com\/pl\/product\/amg-sls-roadster\/#primaryimage"},"image":{"@id":"https:\/\/pistonaddict.com\/pl\/product\/amg-sls-roadster\/#primaryimage"},"thumbnailUrl":"https:\/\/pistonaddict.com\/wp-content\/uploads\/2024\/03\/1-scaled.jpg","datePublished":"2024-03-15T16:17:18+00:00","dateModified":"2024-03-19T15:40:21+00:00","breadcrumb":{"@id":"https:\/\/pistonaddict.com\/pl\/product\/amg-sls-roadster\/#breadcrumb"},"inLanguage":"pl-PL","potentialAction":[{"@type":"ReadAction","target":["https:\/\/pistonaddict.com\/pl\/product\/amg-sls-roadster\/"]}]},{"@type":"ImageObject","inLanguage":"pl-PL","@id":"https:\/\/pistonaddict.com\/pl\/product\/amg-sls-roadster\/#primaryimage","url":"https:\/\/pistonaddict.com\/wp-content\/uploads\/2024\/03\/1-scaled.jpg","contentUrl":"https:\/\/pistonaddict.com\/wp-content\/uploads\/2024\/03\/1-scaled.jpg","width":2560,"height":1527},{"@type":"BreadcrumbList","@id":"https:\/\/pistonaddict.com\/pl\/product\/amg-sls-roadster\/#breadcrumb","itemListElement":[{"@type":"ListItem","position":1,"name":"Strona g\u0142\u00f3wna","item":"https:\/\/pistonaddict.com\/pl\/strona-glowna-2\/"},{"@type":"ListItem","position":2,"name":"Auctions","item":"https:\/\/pistonaddict.com\/auctions-listing\/"},{"@type":"ListItem","position":3,"name":"AMG SLS Roadster"}]},{"@type":"WebSite","@id":"https:\/\/pistonaddict.com\/pl\/#website","url":"https:\/\/pistonaddict.com\/pl\/","name":"Piston Addict","description":"Only interesting vehicles","publisher":{"@id":"https:\/\/pistonaddict.com\/pl\/#organization"},"potentialAction":[{"@type":"SearchAction","target":{"@type":"EntryPoint","urlTemplate":"https:\/\/pistonaddict.com\/pl\/?s={search_term_string}"},"query-input":"required name=search_term_string"}],"inLanguage":"pl-PL"},{"@type":"Organization","@id":"https:\/\/pistonaddict.com\/pl\/#organization","name":"Piston Addict","url":"https:\/\/pistonaddict.com\/pl\/","logo":{"@type":"ImageObject","inLanguage":"pl-PL","@id":"https:\/\/pistonaddict.com\/pl\/#\/schema\/logo\/image\/","url":"https:\/\/pistonaddict.com\/wp-content\/uploads\/2022\/07\/logo-6.png","contentUrl":"https:\/\/pistonaddict.com\/wp-content\/uploads\/2022\/07\/logo-6.png","width":970,"height":200,"caption":"Piston Addict"},"image":{"@id":"https:\/\/pistonaddict.com\/pl\/#\/schema\/logo\/image\/"}}]}},"_links":{"self":[{"href":"https:\/\/pistonaddict.com\/pl\/wp-json\/wp\/v2\/product\/96728"}],"collection":[{"href":"https:\/\/pistonaddict.com\/pl\/wp-json\/wp\/v2\/product"}],"about":[{"href":"https:\/\/pistonaddict.com\/pl\/wp-json\/wp\/v2\/types\/product"}],"replies":[{"embeddable":true,"href":"https:\/\/pistonaddict.com\/pl\/wp-json\/wp\/v2\/comments?post=96728"}],"wp:featuredmedia":[{"embeddable":true,"href":"https:\/\/pistonaddict.com\/pl\/wp-json\/wp\/v2\/media\/96000"}],"wp:attachment":[{"href":"https:\/\/pistonaddict.com\/pl\/wp-json\/wp\/v2\/media?parent=96728"}],"wp:term":[{"taxonomy":"product_cat","embeddable":true,"href":"https:\/\/pistonaddict.com\/pl\/wp-json\/wp\/v2\/product_cat?post=96728"},{"taxonomy":"product_tag","embeddable":true,"href":"https:\/\/pistonaddict.com\/pl\/wp-json\/wp\/v2\/product_tag?post=96728"}],"curies":[{"name":"wp","href":"https:\/\/api.w.org\/{rel}","templated":true}]}}