{"id":94126,"date":"2024-02-28T13:52:28","date_gmt":"2024-02-28T12:52:28","guid":{"rendered":"https:\/\/pistonaddict.com\/product\/fisker-karma\/"},"modified":"2024-03-19T16:38:33","modified_gmt":"2024-03-19T15:38:33","slug":"fisker-karma","status":"publish","type":"product","link":"https:\/\/pistonaddict.com\/pl\/product\/fisker-karma\/","title":{"rendered":"Fisker Karma"},"content":{"rendered":"<h2>Zewn\u0119trznie<\/h2>\n<p>Na zewn\u0105trz, zaczynaj\u0105c od przodu, Karma ma nisko zawieszony nos z szerokimi kratkami i wyd\u0142u\u017conymi reflektorami ksenonowymi, nadaj\u0105cymi samochodowi agresywn\u0105 postaw\u0119. Motyw ten jest kontynuowany wzd\u0142u\u017c bok\u00f3w, gdzie muskularna sylwetka jest zdominowana przez masywne b\u0142otniki owini\u0119te wok\u00f3\u0142 22-calowych k\u00f3\u0142. Z ty\u0142u w\u0142oskiego supersamochodu detale, takie jak eleganckie tylne \u015bwiat\u0142a i g\u0142o\u015bniki w miejscu, w kt\u00f3rym mo\u017cna by si\u0119 spodziewa\u0107 ko\u0144c\u00f3wek wydechu z chromowanymi nak\u0142adkami, nadaj\u0105 Karmie niepowtarzalny wygl\u0105d na drodze.<\/p>\n<p>Samoch\u00f3d jest pomalowany na kolor Deep Ocean Blue, kt\u00f3ry wygl\u0105da spektakularnie w pogodne dni, gdy promienie s\u0142oneczne wydobywaj\u0105 jego \u0142uskowato\u015b\u0107. M\u00f3wi\u0105c o s\u0142o\u0144cu &#8211; Karma ma panele s\u0142oneczne zintegrowane z dachem, co oznacza, \u017ce mo\u017ce si\u0119 \u0142adowa\u0107 po zaparkowaniu na zewn\u0105trz.<\/p>\n<h2>Wn\u0119trze<\/h2>\n<p>Po wej\u015bciu do samochodu znajdziesz si\u0119 za czteroramienn\u0105 sk\u00f3rzan\u0105 kierownic\u0105 otaczaj\u0105c\u0105 elegancki i futurystyczny zestaw wska\u017anik\u00f3w. Po lewej stronie znajduje si\u0119 pr\u0119dko\u015bciomierz do 220 km\/h. Ale po prawej stronie, zamiast licznika obrot\u00f3w, znajduje si\u0119 wy\u015bwietlacz pojemno\u015bci baterii i tego, czy jest ona \u0142adowana, czy te\u017c energia elektryczna jest wykorzystywana do przyspieszania. Deska rozdzielcza jest wyposa\u017cona w ekran dotykowy, kt\u00f3ry s\u0142u\u017cy jako centrum sterowania systemem stereo, nawigacj\u0105 i klimatyzacj\u0105.<\/p>\n<p>Ca\u0142e wn\u0119trze zosta\u0142o wyko\u0144czone kombinacj\u0105 drewna, sk\u00f3ry i mi\u0119kkiej Alcantary, nadaj\u0105c mu wyj\u0105tkowy wygl\u0105d. Jedn\u0105 z rzeczy, kt\u00f3ra przykuwa uwag\u0119, jest masywny tunel \u015brodkowy, kt\u00f3ry jest niezb\u0119dny, poniewa\u017c to tutaj znajduj\u0105 si\u0119 baterie.<\/p>\n<h2>Mechanicy<\/h2>\n<p>Mimo osza\u0142amiaj\u0105cego wygl\u0105du wewn\u0105trz i na zewn\u0105trz, mechaniczne podstawy Fiskera s\u0105 najbardziej imponuj\u0105ce. Je\u015bli podniesiesz mask\u0119, znajdziesz pod ni\u0105 silnik, tak jak w ka\u017cdym innym samochodzie. Jednak ta turbodo\u0142adowana 4-cylindrowa jednostka nie jest wykorzystywana do nap\u0119dzania k\u00f3\u0142. Zamiast tego dzia\u0142a jak generator, kt\u00f3ry \u0142aduje akumulatory, gdy wymagaj\u0105 one uzupe\u0142nienia.<\/p>\n<p>Samoch\u00f3d jest nap\u0119dzany przez dwa silniki elektryczne, kt\u00f3re pracuj\u0105 w parach, dostarczaj\u0105c moc do tylnych k\u00f3\u0142 poprzez mechanizm r\u00f3\u017cnicowy o ograniczonym po\u015blizgu. Ta kombinacja mo\u017ce zapewni\u0107 do 409 koni mechanicznych i a\u017c 1300 Nm momentu obrotowego, daj\u0105c Karmie osi\u0105gi, kt\u00f3re pasuj\u0105 do jej wygl\u0105du.<\/p>\n<p>Poniewa\u017c Fisker nie chcia\u0142, aby samoch\u00f3d by\u0142 zbyt ci\u0119\u017cki, poniewa\u017c pogorszy\u0142oby to prowadzenie, akumulatory i wynikaj\u0105cy z nich zasi\u0119g w trybie ca\u0142kowicie elektrycznym nie s\u0105 zbyt du\u017ce. Po pe\u0142nym na\u0142adowaniu Karma mo\u017ce przejecha\u0107 oko\u0142o 80 kilometr\u00f3w, korzystaj\u0105c wy\u0142\u0105cznie z energii elektrycznej. Ale szczerze m\u00f3wi\u0105c, jest to prawdopodobnie wi\u0119cej ni\u017c wystarczaj\u0105ce dla wi\u0119kszo\u015bci codziennych dojazd\u00f3w do pracy, a zawsze jest silnik benzynowy jako zapasowy generator.<\/p>\n<h2>Historia pojazdu<\/h2>\n<p>Na koniec kilka s\u0142\u00f3w o stanie Fiskera, kt\u00f3ry sprzedawca okre\u015bla jako doskona\u0142y. Szczerze m\u00f3wi\u0105c, zdj\u0119cia i kr\u00f3tki film opowiadaj\u0105 t\u0119 sam\u0105 histori\u0119. Samoch\u00f3d by\u0142 ostatnio serwisowany w listopadzie 2023 roku i nie ma \u017cadnych wad ani b\u0142\u0119d\u00f3w, z wyj\u0105tkiem ostrze\u017cenia o ci\u015bnieniu w oponach na desce rozdzielczej. Wynika to najwyra\u017aniej z faktu, \u017ce pojazd jest obecnie wyposa\u017cony w 21-calowe ko\u0142a Schmid na rynku wt\u00f3rnym, podczas gdy system TPMS jest zaprogramowany do pracy z letnim 22-calowym zestawem OEM. W\u0142a\u015bciciel twierdzi, \u017ce samoch\u00f3d mo\u017cna ponownie skalibrowa\u0107, aby rozpoznawa\u0142 alternatywne rozmiary opon, ale nie zawraca\u0142 sobie tym g\u0142owy, poniewa\u017c rzadko je\u017adzi nim zim\u0105. Ponadto wszystkie poduszki powietrzne zosta\u0142y wymienione w 2022 r. w ramach du\u017cej akcji wycofywania poduszek powietrznych Takata.<\/p>\n<p>Fakt, \u017ce jest to elektryczny samoch\u00f3d hybrydowy mo\u017ce budzi\u0107 pewne obawy co do stanu akumulator\u00f3w, poniewa\u017c ich wymiana jest bardzo kosztowna. Ale wed\u0142ug sprzedawcy nie ma si\u0119 czym martwi\u0107, poniewa\u017c akumulator zosta\u0142 sprawdzony przez certyfikowanego technika Fisker Karma w sierpniu 2023 roku, kt\u00f3ry potwierdzi\u0142, \u017ce nadal jest w pe\u0142ni sprawny. Do samochodu do\u0142\u0105czona jest oryginalna \u0142adowarka sieciowa pod\u0142\u0105czana do gniazda 220 V oraz r\u0119czny czytnik kod\u00f3w OBD2. Austriacki przegl\u0105d techniczny przeszed\u0142 pomy\u015blnie i jest wa\u017cny do sierpnia 2024 roku.<\/p>\n<p>Jedna uwaga dotycz\u0105ca przysz\u0142ej konserwacji &#8211; chocia\u017c jedyny autoryzowany europejski dealer znajduje si\u0119 w Holandii, istnieje mo\u017cliwo\u015b\u0107, aby ich wykwalifikowany specjalista przylecia\u0142 do Twojej lokalizacji, gdzie zajmie si\u0119 wszystkim, co trzeba (pod warunkiem, \u017ce naprawa mo\u017ce zosta\u0107 wykonana na miejscu).<\/p>\n<p>Wreszcie, sprzedawca, kt\u00f3ry kupi\u0142 go w 2019 roku, twierdzi, \u017ce samoch\u00f3d nigdy nie mia\u0142 wypadku ani nie by\u0142 u\u017cywany na torze wy\u015bcigowym, co mo\u017cna dodatkowo potwierdzi\u0107 odpowiednim raportem <a href=\"https:\/\/pistonaddict.com\/wp-content\/uploads\/2024\/02\/FiskerKarma.pdf\">historii pojazdu<\/a>. Warto r\u00f3wnie\u017c wspomnie\u0107, \u017ce sprzedawca dostarczy <a href=\"https:\/\/pistonaddict.com\/wp-content\/uploads\/2024\/02\/CoC1-rotated.jpg\">certyfikat zgodno\u015bci<\/a>, je\u015bli kupuj\u0105cy chce przenie\u015b\u0107 pojazd poza Austri\u0119, gdzie ten Fisker jest zarejestrowany od pierwszego dnia.<\/p>\n<p><strong><br \/>\nZobacz film z zimnego rozruchu tego wspania\u0142ego Fisker Karma:<\/strong><\/p>\n<p><iframe title=\"Cold Start Video of the Fisker Karma\" width=\"1200\" height=\"675\" src=\"https:\/\/www.youtube.com\/embed\/Ct2_uFf2FEw?feature=oembed\" frameborder=\"0\" allow=\"accelerometer; autoplay; clipboard-write; encrypted-media; gyroscope; picture-in-picture; web-share\" allowfullscreen><\/iframe><\/p>\n","protected":false},"excerpt":{"rendered":"<p>Je\u015bli szukasz samochodu sportowego, kt\u00f3ry mo\u017ce przewie\u017a\u0107 cztery osoby i ich baga\u017c, jest w czym wybiera\u0107. Ale je\u015bli chcesz czego\u015b, co odr\u00f3\u017cni Ci\u0119 od modeli g\u0142\u00f3wnego nurtu, to Fisker Karma mo\u017ce Ci si\u0119 spodoba\u0107. Oferuje wszystkie zalety samochodu elektrycznego bez obaw o zasi\u0119g i dodatkow\u0105 wag\u0119 zwykle z nimi zwi\u0105zan\u0105. Co wi\u0119cej, wszystkie te technologiczne czary zosta\u0142y opakowane w spektakularnie wygl\u0105daj\u0105c\u0105 obudow\u0119. W sprzeda\u017cy mamy model z 2012 roku, kt\u00f3ry jest sprzedawany przez w\u0142a\u015bciciela i do tej pory przejecha\u0142 67 000 kilometr\u00f3w. Przyjrzyjmy si\u0119 bli\u017cej temu, co ma do zaoferowania.<\/p>\n","protected":false},"featured_media":93026,"comment_status":"open","ping_status":"closed","template":"","meta":{"inline_featured_image":false},"product_cat":[718],"product_tag":[2796,3031,913,1819,3013,1820],"acf":[],"yoast_head":"<!-- This site is optimized with the Yoast SEO plugin v22.5 - https:\/\/yoast.com\/wordpress\/plugins\/seo\/ -->\n<title>Fisker Karma - nazwa Piston Addict<\/title>\n<meta name=\"robots\" content=\"index, follow, max-snippet:-1, max-image-preview:large, max-video-preview:-1\" \/>\n<link rel=\"canonical\" href=\"https:\/\/pistonaddict.com\/pl\/product\/fisker-karma\/\" \/>\n<meta property=\"og:locale\" content=\"pl_PL\" \/>\n<meta property=\"og:type\" content=\"article\" \/>\n<meta property=\"og:title\" content=\"Fisker Karma - nazwa Piston Addict\" \/>\n<meta property=\"og:description\" content=\"Je\u015bli szukasz samochodu sportowego, kt\u00f3ry mo\u017ce przewie\u017a\u0107 cztery osoby i ich baga\u017c, jest w czym wybiera\u0107. Ale je\u015bli chcesz czego\u015b, co odr\u00f3\u017cni Ci\u0119 od modeli g\u0142\u00f3wnego nurtu, to Fisker Karma mo\u017ce Ci si\u0119 spodoba\u0107. Oferuje wszystkie zalety samochodu elektrycznego bez obaw o zasi\u0119g i dodatkow\u0105 wag\u0119 zwykle z nimi zwi\u0105zan\u0105. Co wi\u0119cej, wszystkie te technologiczne czary zosta\u0142y opakowane w spektakularnie wygl\u0105daj\u0105c\u0105 obudow\u0119. W sprzeda\u017cy mamy model z 2012 roku, kt\u00f3ry jest sprzedawany przez w\u0142a\u015bciciela i do tej pory przejecha\u0142 67 000 kilometr\u00f3w. Przyjrzyjmy si\u0119 bli\u017cej temu, co ma do zaoferowania.\" \/>\n<meta property=\"og:url\" content=\"https:\/\/pistonaddict.com\/pl\/product\/fisker-karma\/\" \/>\n<meta property=\"og:site_name\" content=\"Piston Addict\" \/>\n<meta property=\"article:modified_time\" content=\"2024-03-19T15:38:33+00:00\" \/>\n<meta property=\"og:image\" content=\"https:\/\/pistonaddict.com\/wp-content\/uploads\/2024\/02\/1.jpg\" \/>\n\t<meta property=\"og:image:width\" content=\"1280\" \/>\n\t<meta property=\"og:image:height\" content=\"960\" \/>\n\t<meta property=\"og:image:type\" content=\"image\/jpeg\" \/>\n<meta name=\"twitter:card\" content=\"summary_large_image\" \/>\n<meta name=\"twitter:label1\" content=\"Szacowany czas czytania\" \/>\n\t<meta name=\"twitter:data1\" content=\"4 minuty\" \/>\n<script type=\"application\/ld+json\" class=\"yoast-schema-graph\">{\"@context\":\"https:\/\/schema.org\",\"@graph\":[{\"@type\":\"WebPage\",\"@id\":\"https:\/\/pistonaddict.com\/pl\/product\/fisker-karma\/\",\"url\":\"https:\/\/pistonaddict.com\/pl\/product\/fisker-karma\/\",\"name\":\"Fisker Karma - nazwa Piston Addict\",\"isPartOf\":{\"@id\":\"https:\/\/pistonaddict.com\/pl\/#website\"},\"primaryImageOfPage\":{\"@id\":\"https:\/\/pistonaddict.com\/pl\/product\/fisker-karma\/#primaryimage\"},\"image\":{\"@id\":\"https:\/\/pistonaddict.com\/pl\/product\/fisker-karma\/#primaryimage\"},\"thumbnailUrl\":\"https:\/\/pistonaddict.com\/wp-content\/uploads\/2024\/02\/1.jpg\",\"datePublished\":\"2024-02-28T12:52:28+00:00\",\"dateModified\":\"2024-03-19T15:38:33+00:00\",\"breadcrumb\":{\"@id\":\"https:\/\/pistonaddict.com\/pl\/product\/fisker-karma\/#breadcrumb\"},\"inLanguage\":\"pl-PL\",\"potentialAction\":[{\"@type\":\"ReadAction\",\"target\":[\"https:\/\/pistonaddict.com\/pl\/product\/fisker-karma\/\"]}]},{\"@type\":\"ImageObject\",\"inLanguage\":\"pl-PL\",\"@id\":\"https:\/\/pistonaddict.com\/pl\/product\/fisker-karma\/#primaryimage\",\"url\":\"https:\/\/pistonaddict.com\/wp-content\/uploads\/2024\/02\/1.jpg\",\"contentUrl\":\"https:\/\/pistonaddict.com\/wp-content\/uploads\/2024\/02\/1.jpg\",\"width\":1280,\"height\":960},{\"@type\":\"BreadcrumbList\",\"@id\":\"https:\/\/pistonaddict.com\/pl\/product\/fisker-karma\/#breadcrumb\",\"itemListElement\":[{\"@type\":\"ListItem\",\"position\":1,\"name\":\"Strona g\u0142\u00f3wna\",\"item\":\"https:\/\/pistonaddict.com\/pl\/strona-glowna-2\/\"},{\"@type\":\"ListItem\",\"position\":2,\"name\":\"Auctions\",\"item\":\"https:\/\/pistonaddict.com\/auctions-listing\/\"},{\"@type\":\"ListItem\",\"position\":3,\"name\":\"Fisker Karma\"}]},{\"@type\":\"WebSite\",\"@id\":\"https:\/\/pistonaddict.com\/pl\/#website\",\"url\":\"https:\/\/pistonaddict.com\/pl\/\",\"name\":\"Piston Addict\",\"description\":\"Only interesting vehicles\",\"publisher\":{\"@id\":\"https:\/\/pistonaddict.com\/pl\/#organization\"},\"potentialAction\":[{\"@type\":\"SearchAction\",\"target\":{\"@type\":\"EntryPoint\",\"urlTemplate\":\"https:\/\/pistonaddict.com\/pl\/?s={search_term_string}\"},\"query-input\":\"required name=search_term_string\"}],\"inLanguage\":\"pl-PL\"},{\"@type\":\"Organization\",\"@id\":\"https:\/\/pistonaddict.com\/pl\/#organization\",\"name\":\"Piston Addict\",\"url\":\"https:\/\/pistonaddict.com\/pl\/\",\"logo\":{\"@type\":\"ImageObject\",\"inLanguage\":\"pl-PL\",\"@id\":\"https:\/\/pistonaddict.com\/pl\/#\/schema\/logo\/image\/\",\"url\":\"https:\/\/pistonaddict.com\/wp-content\/uploads\/2022\/07\/logo-6.png\",\"contentUrl\":\"https:\/\/pistonaddict.com\/wp-content\/uploads\/2022\/07\/logo-6.png\",\"width\":970,\"height\":200,\"caption\":\"Piston Addict\"},\"image\":{\"@id\":\"https:\/\/pistonaddict.com\/pl\/#\/schema\/logo\/image\/\"}}]}<\/script>\n<!-- \/ Yoast SEO plugin. -->","yoast_head_json":{"title":"Fisker Karma - nazwa Piston Addict","robots":{"index":"index","follow":"follow","max-snippet":"max-snippet:-1","max-image-preview":"max-image-preview:large","max-video-preview":"max-video-preview:-1"},"canonical":"https:\/\/pistonaddict.com\/pl\/product\/fisker-karma\/","og_locale":"pl_PL","og_type":"article","og_title":"Fisker Karma - nazwa Piston Addict","og_description":"Je\u015bli szukasz samochodu sportowego, kt\u00f3ry mo\u017ce przewie\u017a\u0107 cztery osoby i ich baga\u017c, jest w czym wybiera\u0107. Ale je\u015bli chcesz czego\u015b, co odr\u00f3\u017cni Ci\u0119 od modeli g\u0142\u00f3wnego nurtu, to Fisker Karma mo\u017ce Ci si\u0119 spodoba\u0107. Oferuje wszystkie zalety samochodu elektrycznego bez obaw o zasi\u0119g i dodatkow\u0105 wag\u0119 zwykle z nimi zwi\u0105zan\u0105. Co wi\u0119cej, wszystkie te technologiczne czary zosta\u0142y opakowane w spektakularnie wygl\u0105daj\u0105c\u0105 obudow\u0119. W sprzeda\u017cy mamy model z 2012 roku, kt\u00f3ry jest sprzedawany przez w\u0142a\u015bciciela i do tej pory przejecha\u0142 67 000 kilometr\u00f3w. Przyjrzyjmy si\u0119 bli\u017cej temu, co ma do zaoferowania.","og_url":"https:\/\/pistonaddict.com\/pl\/product\/fisker-karma\/","og_site_name":"Piston Addict","article_modified_time":"2024-03-19T15:38:33+00:00","og_image":[{"width":1280,"height":960,"url":"https:\/\/pistonaddict.com\/wp-content\/uploads\/2024\/02\/1.jpg","type":"image\/jpeg"}],"twitter_card":"summary_large_image","twitter_misc":{"Szacowany czas czytania":"4 minuty"},"schema":{"@context":"https:\/\/schema.org","@graph":[{"@type":"WebPage","@id":"https:\/\/pistonaddict.com\/pl\/product\/fisker-karma\/","url":"https:\/\/pistonaddict.com\/pl\/product\/fisker-karma\/","name":"Fisker Karma - nazwa Piston Addict","isPartOf":{"@id":"https:\/\/pistonaddict.com\/pl\/#website"},"primaryImageOfPage":{"@id":"https:\/\/pistonaddict.com\/pl\/product\/fisker-karma\/#primaryimage"},"image":{"@id":"https:\/\/pistonaddict.com\/pl\/product\/fisker-karma\/#primaryimage"},"thumbnailUrl":"https:\/\/pistonaddict.com\/wp-content\/uploads\/2024\/02\/1.jpg","datePublished":"2024-02-28T12:52:28+00:00","dateModified":"2024-03-19T15:38:33+00:00","breadcrumb":{"@id":"https:\/\/pistonaddict.com\/pl\/product\/fisker-karma\/#breadcrumb"},"inLanguage":"pl-PL","potentialAction":[{"@type":"ReadAction","target":["https:\/\/pistonaddict.com\/pl\/product\/fisker-karma\/"]}]},{"@type":"ImageObject","inLanguage":"pl-PL","@id":"https:\/\/pistonaddict.com\/pl\/product\/fisker-karma\/#primaryimage","url":"https:\/\/pistonaddict.com\/wp-content\/uploads\/2024\/02\/1.jpg","contentUrl":"https:\/\/pistonaddict.com\/wp-content\/uploads\/2024\/02\/1.jpg","width":1280,"height":960},{"@type":"BreadcrumbList","@id":"https:\/\/pistonaddict.com\/pl\/product\/fisker-karma\/#breadcrumb","itemListElement":[{"@type":"ListItem","position":1,"name":"Strona g\u0142\u00f3wna","item":"https:\/\/pistonaddict.com\/pl\/strona-glowna-2\/"},{"@type":"ListItem","position":2,"name":"Auctions","item":"https:\/\/pistonaddict.com\/auctions-listing\/"},{"@type":"ListItem","position":3,"name":"Fisker Karma"}]},{"@type":"WebSite","@id":"https:\/\/pistonaddict.com\/pl\/#website","url":"https:\/\/pistonaddict.com\/pl\/","name":"Piston Addict","description":"Only interesting vehicles","publisher":{"@id":"https:\/\/pistonaddict.com\/pl\/#organization"},"potentialAction":[{"@type":"SearchAction","target":{"@type":"EntryPoint","urlTemplate":"https:\/\/pistonaddict.com\/pl\/?s={search_term_string}"},"query-input":"required name=search_term_string"}],"inLanguage":"pl-PL"},{"@type":"Organization","@id":"https:\/\/pistonaddict.com\/pl\/#organization","name":"Piston Addict","url":"https:\/\/pistonaddict.com\/pl\/","logo":{"@type":"ImageObject","inLanguage":"pl-PL","@id":"https:\/\/pistonaddict.com\/pl\/#\/schema\/logo\/image\/","url":"https:\/\/pistonaddict.com\/wp-content\/uploads\/2022\/07\/logo-6.png","contentUrl":"https:\/\/pistonaddict.com\/wp-content\/uploads\/2022\/07\/logo-6.png","width":970,"height":200,"caption":"Piston Addict"},"image":{"@id":"https:\/\/pistonaddict.com\/pl\/#\/schema\/logo\/image\/"}}]}},"_links":{"self":[{"href":"https:\/\/pistonaddict.com\/pl\/wp-json\/wp\/v2\/product\/94126"}],"collection":[{"href":"https:\/\/pistonaddict.com\/pl\/wp-json\/wp\/v2\/product"}],"about":[{"href":"https:\/\/pistonaddict.com\/pl\/wp-json\/wp\/v2\/types\/product"}],"replies":[{"embeddable":true,"href":"https:\/\/pistonaddict.com\/pl\/wp-json\/wp\/v2\/comments?post=94126"}],"wp:featuredmedia":[{"embeddable":true,"href":"https:\/\/pistonaddict.com\/pl\/wp-json\/wp\/v2\/media\/93026"}],"wp:attachment":[{"href":"https:\/\/pistonaddict.com\/pl\/wp-json\/wp\/v2\/media?parent=94126"}],"wp:term":[{"taxonomy":"product_cat","embeddable":true,"href":"https:\/\/pistonaddict.com\/pl\/wp-json\/wp\/v2\/product_cat?post=94126"},{"taxonomy":"product_tag","embeddable":true,"href":"https:\/\/pistonaddict.com\/pl\/wp-json\/wp\/v2\/product_tag?post=94126"}],"curies":[{"name":"wp","href":"https:\/\/api.w.org\/{rel}","templated":true}]}}