{"id":92884,"date":"2024-02-23T14:19:05","date_gmt":"2024-02-23T13:19:05","guid":{"rendered":"https:\/\/pistonaddict.com\/product\/volkswagen-1303-convertible-triple-white-beetle\/"},"modified":"2024-03-20T09:46:35","modified_gmt":"2024-03-20T08:46:35","slug":"volkswagen-1303-convertible-triple-white-beetle","status":"publish","type":"product","link":"https:\/\/pistonaddict.com\/pl\/product\/volkswagen-1303-convertible-triple-white-beetle\/","title":{"rendered":"Volkswagen 1303 Convertible Triple White Beetle"},"content":{"rendered":"<p>Je\u015bli standardowy Volkswagen Beetle by\u0142 ekonomicznym modelem, kt\u00f3ry stawia\u0142 \u015bwiat na ko\u0142a, jego wersja kabriolet zawsze by\u0142a bardziej ekskluzywna i presti\u017cowa. Przede wszystkim zosta\u0142 on wyprodukowany przez s\u0142ynny zak\u0142ad blacharski Karmann i zawiera\u0142 wiele modyfikacji w stosunku do standardowego modelu. Nie by\u0142 to tylko Beetle z opuszczanym dachem; by\u0142 to zupe\u0142nie inny samoch\u00f3d z ulepszonym podwoziem, innymi drzwiami, przednimi szybami i specjalnymi panelami. Pod koniec d\u0142ugiej serii produkcyjnej Volkswagen Beetle Convertible otrzyma\u0142 ulepszony silnik, przednie hamulce tarczowe i wi\u0119cej funkcji, dzi\u0119ki czemu sta\u0142 si\u0119 lepszym i bardziej kompetentnym kr\u0105\u017cownikiem z otwartym dachem. Dzi\u015b z dum\u0105 prezentujemy taki samoch\u00f3d. Volkswagen 1303 Convertible z 1979 roku w unikalnej, potr\u00f3jnie bia\u0142ej kolorystyce z 1,6-litrowym silnikiem z wtryskiem paliwa i w ca\u0142kowicie oryginalnym stanie. Pierwotnie sprzedawane w Stanach Zjednoczonych, te p\u00f3\u017ane kabriolety Beetle by\u0142y sprzedawane jako Super Beetle i s\u0105 jednymi z bardziej po\u017c\u0105danych egzemplarzy ze wzgl\u0119du na lepsze wyposa\u017cenie i silnik o mocy 48 KM z maksymaln\u0105 pr\u0119dko\u015bci\u0105 130 km\/h (82 mph). Ten konkretny samoch\u00f3d zosta\u0142 wyprodukowany w grudniu 1979 roku, co czyni go jednym z ostatnich kabriolet\u00f3w Beetle, kt\u00f3rego produkcja zako\u0144czy\u0142a si\u0119 na pocz\u0105tku 1980 roku. Volkswagen sprzeda\u0142 zaledwie 4 572 1303 kabriolet\u00f3w w 1980 roku, bardzo niewiele w kolorze Tripple-White, a ten jest jednym z nich. Te p\u00f3\u017ane modele maj\u0105 kilka unikalnych cech konstrukcyjnych, kt\u00f3re czyni\u0105 je jeszcze bardziej praktycznymi i przyjemnymi. Na przyk\u0142ad wi\u0119kszy przedni przedzia\u0142 baga\u017cowy i lekko zakrzywiona przednia szyba zmniejszy\u0142y szum wiatru, g\u0142\u00f3wnie podczas jazdy z opuszczonym dachem.<\/p>\n<p><strong>Wn\u0119trze<\/strong><\/p>\n<p>Bia\u0142e winylowe fotele s\u0105 w doskona\u0142ym stanie, a wn\u0119trze tego przyci\u0105gaj\u0105cego wzrok Beetle&#8217;a jest ca\u0142kowicie oryginalne. Dzi\u0119ki desce rozdzielczej wyko\u0144czonej drewnem, unikalnej kierownicy i ulepszonej ergonomii, jest to najbardziej ekskluzywne \u015brodowisko kierowcy spo\u015br\u00f3d wszystkich klasycznych Beetle. Deska rozdzielcza nie jest p\u0119kni\u0119ta; system audio ma urocz\u0105 kaset\u0119 Blaupunkt z lat 80-tych.<\/p>\n<p><strong>Stan samochodu<\/strong><\/p>\n<p>Z przebiegiem zaledwie 94 000 kilometr\u00f3w i kilkoma troskliwymi w\u0142a\u015bcicielami, ten kabriolet 1303 przeszed\u0142 renowacj\u0119 i zachowa\u0142 oryginalny, zgodny z numerami silnik i skrzyni\u0119 bieg\u00f3w. Og\u00f3lny stan jest bliski idea\u0142u, wszystko jest sprawne, nie ma rdzy ani przebarwie\u0144. Ostatni serwis wykonano w pa\u017adzierniku 2023 roku, a samoch\u00f3d bezproblemowo przeszed\u0142 coroczny przegl\u0105d techniczny w 2024 roku. W samochodach takich jak ten, winylowy dach jest cz\u0119sto problematyczny, ale z przyjemno\u015bci\u0105 informujemy, \u017ce nawet on jest w idealnym stanie, bez rozdar\u0107 i przeciek\u00f3w. Podwozie jest r\u00f3wnie czyste jak nadwozie, bez \u015blad\u00f3w rdzy. Samoch\u00f3d zosta\u0142 profesjonalnie odrestaurowany zgodnie z najwy\u017cszymi standardami przy u\u017cyciu oryginalnych cz\u0119\u015bci i by\u0142 serwisowany przez specjalist\u0119 VW. Od momentu odrestaurowania pojazd by\u0142 przechowywany w klimatyzowanym gara\u017cu.<\/p>\n<p><strong>Wygl\u0105d zewn\u0119trzny i ko\u0142a<\/strong><\/p>\n<p>Charakterystyczny bia\u0142y kolor jest w idealnym stanie, a potr\u00f3jna bia\u0142a kolorystyka jest oryginalna i rzadka. Ko\u0142a to oryginalne 15-calowe elementy z chromowanymi ko\u0142pakami, owini\u0119te zupe\u0142nie nowymi (DOT 2023) i odpowiednio dobranymi (175\/70\/R15) gumami.<\/p>\n<p><strong>Dokumentacja<\/strong><\/p>\n<p>Prywatny sprzedawca sprzedaje ten pojazd z odpowiedni\u0105 dokumentacj\u0105 w Holandii. <strong>Holenderski MOT (APK) jest wa\u017cny do sierpnia 2024<\/strong> roku. Istniej\u0105 zapisy dotycz\u0105ce regularnej konserwacji, rachunki sprzeda\u017cy i paragony. Dokumentacja obejmuje oryginalny tytu\u0142 w\u0142asno\u015bci, broszury, <a href=\"https:\/\/pistonaddict.com\/wp-content\/uploads\/2024\/02\/Zertificat.pdf\" target=\"blank\" rel=\"noopener\">klasyczn\u0105 ekspertyz\u0119 VW<\/a> i dowody rejestracyjne. Ten model nie jest obj\u0119ty gwarancj\u0105 fabryczn\u0105.<\/p>\n<p><strong><br \/>\nZobacz film z zimnego rozruchu tego pi\u0119knego kabrioletu Beetle Triple White:<\/strong><\/p>\n<p>&nbsp;<\/p>\n<p><iframe title=\"Cold Start Video of the Volkswagen Coccinelle\/Beetle Cabriolet 1.6 Triple White\" width=\"1200\" height=\"675\" src=\"https:\/\/www.youtube.com\/embed\/G0rjRvyjhRo?feature=oembed\" frameborder=\"0\" allow=\"accelerometer; autoplay; clipboard-write; encrypted-media; gyroscope; picture-in-picture; web-share\" allowfullscreen><\/iframe><\/p>\n<p><strong> <\/strong><\/p>\n","protected":false},"excerpt":{"rendered":"<p>Tytu\u0142owy Beetle Volkswagena by\u0142 jednym z deifikowanych samochod\u00f3w XX wieku i nadal jest jednym z najlepszych klasyk\u00f3w na start. Ale jego wersja kabriolet jest znacznie rzadsza, fajniejsza i idealna do jazdy na \u015bwie\u017cym powietrzu na wybrze\u017cu z niepowtarzaln\u0105 \u015bcie\u017ck\u0105 d\u017awi\u0119kow\u0105 p\u0142askiej czw\u00f3rki. Je\u015bli jeste\u015b oczarowany klasycznymi liniami Beetle&#8217;a, ale szukasz takiego, kt\u00f3ry ma lepsze w\u0142a\u015bciwo\u015bci jezdne i moc, to jest to idealny samoch\u00f3d dla Ciebie. Bardziej po\u017c\u0105dany, p\u00f3\u017aniejszy model 1303 Convertible z mocniejszym silnikiem z wtryskiem paliwa, gotowy na sezon letni.<\/p>\n","protected":false},"featured_media":92689,"comment_status":"open","ping_status":"closed","template":"","meta":{"inline_featured_image":false},"product_cat":[718],"product_tag":[2976,984,2974],"acf":[],"yoast_head":"<!-- This site is optimized with the Yoast SEO plugin v22.5 - https:\/\/yoast.com\/wordpress\/plugins\/seo\/ -->\n<title>Volkswagen 1303 Convertible Triple White Beetle - nazwa Piston Addict<\/title>\n<meta name=\"robots\" content=\"index, follow, max-snippet:-1, max-image-preview:large, max-video-preview:-1\" \/>\n<link rel=\"canonical\" href=\"https:\/\/pistonaddict.com\/pl\/product\/volkswagen-1303-convertible-triple-white-beetle\/\" \/>\n<meta property=\"og:locale\" content=\"pl_PL\" \/>\n<meta property=\"og:type\" content=\"article\" \/>\n<meta property=\"og:title\" content=\"Volkswagen 1303 Convertible Triple White Beetle - nazwa Piston Addict\" \/>\n<meta property=\"og:description\" content=\"Tytu\u0142owy Beetle Volkswagena by\u0142 jednym z deifikowanych samochod\u00f3w XX wieku i nadal jest jednym z najlepszych klasyk\u00f3w na start. Ale jego wersja kabriolet jest znacznie rzadsza, fajniejsza i idealna do jazdy na \u015bwie\u017cym powietrzu na wybrze\u017cu z niepowtarzaln\u0105 \u015bcie\u017ck\u0105 d\u017awi\u0119kow\u0105 p\u0142askiej czw\u00f3rki. Je\u015bli jeste\u015b oczarowany klasycznymi liniami Beetle&#039;a, ale szukasz takiego, kt\u00f3ry ma lepsze w\u0142a\u015bciwo\u015bci jezdne i moc, to jest to idealny samoch\u00f3d dla Ciebie. Bardziej po\u017c\u0105dany, p\u00f3\u017aniejszy model 1303 Convertible z mocniejszym silnikiem z wtryskiem paliwa, gotowy na sezon letni.\" \/>\n<meta property=\"og:url\" content=\"https:\/\/pistonaddict.com\/pl\/product\/volkswagen-1303-convertible-triple-white-beetle\/\" \/>\n<meta property=\"og:site_name\" content=\"Piston Addict\" \/>\n<meta property=\"article:modified_time\" content=\"2024-03-20T08:46:35+00:00\" \/>\n<meta property=\"og:image\" content=\"https:\/\/pistonaddict.com\/wp-content\/uploads\/2024\/02\/b2c02738-a5a6-4266-893c-b51da700edcd-1.jpg\" \/>\n\t<meta property=\"og:image:width\" content=\"1600\" \/>\n\t<meta property=\"og:image:height\" content=\"1200\" \/>\n\t<meta property=\"og:image:type\" content=\"image\/jpeg\" \/>\n<meta name=\"twitter:card\" content=\"summary_large_image\" \/>\n<meta name=\"twitter:label1\" content=\"Szacowany czas czytania\" \/>\n\t<meta name=\"twitter:data1\" content=\"3 minuty\" \/>\n<script type=\"application\/ld+json\" class=\"yoast-schema-graph\">{\"@context\":\"https:\/\/schema.org\",\"@graph\":[{\"@type\":\"WebPage\",\"@id\":\"https:\/\/pistonaddict.com\/pl\/product\/volkswagen-1303-convertible-triple-white-beetle\/\",\"url\":\"https:\/\/pistonaddict.com\/pl\/product\/volkswagen-1303-convertible-triple-white-beetle\/\",\"name\":\"Volkswagen 1303 Convertible Triple White Beetle - nazwa Piston Addict\",\"isPartOf\":{\"@id\":\"https:\/\/pistonaddict.com\/pl\/#website\"},\"primaryImageOfPage\":{\"@id\":\"https:\/\/pistonaddict.com\/pl\/product\/volkswagen-1303-convertible-triple-white-beetle\/#primaryimage\"},\"image\":{\"@id\":\"https:\/\/pistonaddict.com\/pl\/product\/volkswagen-1303-convertible-triple-white-beetle\/#primaryimage\"},\"thumbnailUrl\":\"https:\/\/pistonaddict.com\/wp-content\/uploads\/2024\/02\/b2c02738-a5a6-4266-893c-b51da700edcd-1.jpg\",\"datePublished\":\"2024-02-23T13:19:05+00:00\",\"dateModified\":\"2024-03-20T08:46:35+00:00\",\"breadcrumb\":{\"@id\":\"https:\/\/pistonaddict.com\/pl\/product\/volkswagen-1303-convertible-triple-white-beetle\/#breadcrumb\"},\"inLanguage\":\"pl-PL\",\"potentialAction\":[{\"@type\":\"ReadAction\",\"target\":[\"https:\/\/pistonaddict.com\/pl\/product\/volkswagen-1303-convertible-triple-white-beetle\/\"]}]},{\"@type\":\"ImageObject\",\"inLanguage\":\"pl-PL\",\"@id\":\"https:\/\/pistonaddict.com\/pl\/product\/volkswagen-1303-convertible-triple-white-beetle\/#primaryimage\",\"url\":\"https:\/\/pistonaddict.com\/wp-content\/uploads\/2024\/02\/b2c02738-a5a6-4266-893c-b51da700edcd-1.jpg\",\"contentUrl\":\"https:\/\/pistonaddict.com\/wp-content\/uploads\/2024\/02\/b2c02738-a5a6-4266-893c-b51da700edcd-1.jpg\",\"width\":1600,\"height\":1200},{\"@type\":\"BreadcrumbList\",\"@id\":\"https:\/\/pistonaddict.com\/pl\/product\/volkswagen-1303-convertible-triple-white-beetle\/#breadcrumb\",\"itemListElement\":[{\"@type\":\"ListItem\",\"position\":1,\"name\":\"Strona g\u0142\u00f3wna\",\"item\":\"https:\/\/pistonaddict.com\/pl\/strona-glowna-2\/\"},{\"@type\":\"ListItem\",\"position\":2,\"name\":\"Auctions\",\"item\":\"https:\/\/pistonaddict.com\/auctions-listing\/\"},{\"@type\":\"ListItem\",\"position\":3,\"name\":\"Volkswagen 1303 Convertible Triple White Beetle\"}]},{\"@type\":\"WebSite\",\"@id\":\"https:\/\/pistonaddict.com\/pl\/#website\",\"url\":\"https:\/\/pistonaddict.com\/pl\/\",\"name\":\"Piston Addict\",\"description\":\"Only interesting vehicles\",\"publisher\":{\"@id\":\"https:\/\/pistonaddict.com\/pl\/#organization\"},\"potentialAction\":[{\"@type\":\"SearchAction\",\"target\":{\"@type\":\"EntryPoint\",\"urlTemplate\":\"https:\/\/pistonaddict.com\/pl\/?s={search_term_string}\"},\"query-input\":\"required name=search_term_string\"}],\"inLanguage\":\"pl-PL\"},{\"@type\":\"Organization\",\"@id\":\"https:\/\/pistonaddict.com\/pl\/#organization\",\"name\":\"Piston Addict\",\"url\":\"https:\/\/pistonaddict.com\/pl\/\",\"logo\":{\"@type\":\"ImageObject\",\"inLanguage\":\"pl-PL\",\"@id\":\"https:\/\/pistonaddict.com\/pl\/#\/schema\/logo\/image\/\",\"url\":\"https:\/\/pistonaddict.com\/wp-content\/uploads\/2022\/07\/logo-6.png\",\"contentUrl\":\"https:\/\/pistonaddict.com\/wp-content\/uploads\/2022\/07\/logo-6.png\",\"width\":970,\"height\":200,\"caption\":\"Piston Addict\"},\"image\":{\"@id\":\"https:\/\/pistonaddict.com\/pl\/#\/schema\/logo\/image\/\"}}]}<\/script>\n<!-- \/ Yoast SEO plugin. -->","yoast_head_json":{"title":"Volkswagen 1303 Convertible Triple White Beetle - nazwa Piston Addict","robots":{"index":"index","follow":"follow","max-snippet":"max-snippet:-1","max-image-preview":"max-image-preview:large","max-video-preview":"max-video-preview:-1"},"canonical":"https:\/\/pistonaddict.com\/pl\/product\/volkswagen-1303-convertible-triple-white-beetle\/","og_locale":"pl_PL","og_type":"article","og_title":"Volkswagen 1303 Convertible Triple White Beetle - nazwa Piston Addict","og_description":"Tytu\u0142owy Beetle Volkswagena by\u0142 jednym z deifikowanych samochod\u00f3w XX wieku i nadal jest jednym z najlepszych klasyk\u00f3w na start. Ale jego wersja kabriolet jest znacznie rzadsza, fajniejsza i idealna do jazdy na \u015bwie\u017cym powietrzu na wybrze\u017cu z niepowtarzaln\u0105 \u015bcie\u017ck\u0105 d\u017awi\u0119kow\u0105 p\u0142askiej czw\u00f3rki. Je\u015bli jeste\u015b oczarowany klasycznymi liniami Beetle'a, ale szukasz takiego, kt\u00f3ry ma lepsze w\u0142a\u015bciwo\u015bci jezdne i moc, to jest to idealny samoch\u00f3d dla Ciebie. Bardziej po\u017c\u0105dany, p\u00f3\u017aniejszy model 1303 Convertible z mocniejszym silnikiem z wtryskiem paliwa, gotowy na sezon letni.","og_url":"https:\/\/pistonaddict.com\/pl\/product\/volkswagen-1303-convertible-triple-white-beetle\/","og_site_name":"Piston Addict","article_modified_time":"2024-03-20T08:46:35+00:00","og_image":[{"width":1600,"height":1200,"url":"https:\/\/pistonaddict.com\/wp-content\/uploads\/2024\/02\/b2c02738-a5a6-4266-893c-b51da700edcd-1.jpg","type":"image\/jpeg"}],"twitter_card":"summary_large_image","twitter_misc":{"Szacowany czas czytania":"3 minuty"},"schema":{"@context":"https:\/\/schema.org","@graph":[{"@type":"WebPage","@id":"https:\/\/pistonaddict.com\/pl\/product\/volkswagen-1303-convertible-triple-white-beetle\/","url":"https:\/\/pistonaddict.com\/pl\/product\/volkswagen-1303-convertible-triple-white-beetle\/","name":"Volkswagen 1303 Convertible Triple White Beetle - nazwa Piston Addict","isPartOf":{"@id":"https:\/\/pistonaddict.com\/pl\/#website"},"primaryImageOfPage":{"@id":"https:\/\/pistonaddict.com\/pl\/product\/volkswagen-1303-convertible-triple-white-beetle\/#primaryimage"},"image":{"@id":"https:\/\/pistonaddict.com\/pl\/product\/volkswagen-1303-convertible-triple-white-beetle\/#primaryimage"},"thumbnailUrl":"https:\/\/pistonaddict.com\/wp-content\/uploads\/2024\/02\/b2c02738-a5a6-4266-893c-b51da700edcd-1.jpg","datePublished":"2024-02-23T13:19:05+00:00","dateModified":"2024-03-20T08:46:35+00:00","breadcrumb":{"@id":"https:\/\/pistonaddict.com\/pl\/product\/volkswagen-1303-convertible-triple-white-beetle\/#breadcrumb"},"inLanguage":"pl-PL","potentialAction":[{"@type":"ReadAction","target":["https:\/\/pistonaddict.com\/pl\/product\/volkswagen-1303-convertible-triple-white-beetle\/"]}]},{"@type":"ImageObject","inLanguage":"pl-PL","@id":"https:\/\/pistonaddict.com\/pl\/product\/volkswagen-1303-convertible-triple-white-beetle\/#primaryimage","url":"https:\/\/pistonaddict.com\/wp-content\/uploads\/2024\/02\/b2c02738-a5a6-4266-893c-b51da700edcd-1.jpg","contentUrl":"https:\/\/pistonaddict.com\/wp-content\/uploads\/2024\/02\/b2c02738-a5a6-4266-893c-b51da700edcd-1.jpg","width":1600,"height":1200},{"@type":"BreadcrumbList","@id":"https:\/\/pistonaddict.com\/pl\/product\/volkswagen-1303-convertible-triple-white-beetle\/#breadcrumb","itemListElement":[{"@type":"ListItem","position":1,"name":"Strona g\u0142\u00f3wna","item":"https:\/\/pistonaddict.com\/pl\/strona-glowna-2\/"},{"@type":"ListItem","position":2,"name":"Auctions","item":"https:\/\/pistonaddict.com\/auctions-listing\/"},{"@type":"ListItem","position":3,"name":"Volkswagen 1303 Convertible Triple White Beetle"}]},{"@type":"WebSite","@id":"https:\/\/pistonaddict.com\/pl\/#website","url":"https:\/\/pistonaddict.com\/pl\/","name":"Piston Addict","description":"Only interesting vehicles","publisher":{"@id":"https:\/\/pistonaddict.com\/pl\/#organization"},"potentialAction":[{"@type":"SearchAction","target":{"@type":"EntryPoint","urlTemplate":"https:\/\/pistonaddict.com\/pl\/?s={search_term_string}"},"query-input":"required name=search_term_string"}],"inLanguage":"pl-PL"},{"@type":"Organization","@id":"https:\/\/pistonaddict.com\/pl\/#organization","name":"Piston Addict","url":"https:\/\/pistonaddict.com\/pl\/","logo":{"@type":"ImageObject","inLanguage":"pl-PL","@id":"https:\/\/pistonaddict.com\/pl\/#\/schema\/logo\/image\/","url":"https:\/\/pistonaddict.com\/wp-content\/uploads\/2022\/07\/logo-6.png","contentUrl":"https:\/\/pistonaddict.com\/wp-content\/uploads\/2022\/07\/logo-6.png","width":970,"height":200,"caption":"Piston Addict"},"image":{"@id":"https:\/\/pistonaddict.com\/pl\/#\/schema\/logo\/image\/"}}]}},"_links":{"self":[{"href":"https:\/\/pistonaddict.com\/pl\/wp-json\/wp\/v2\/product\/92884"}],"collection":[{"href":"https:\/\/pistonaddict.com\/pl\/wp-json\/wp\/v2\/product"}],"about":[{"href":"https:\/\/pistonaddict.com\/pl\/wp-json\/wp\/v2\/types\/product"}],"replies":[{"embeddable":true,"href":"https:\/\/pistonaddict.com\/pl\/wp-json\/wp\/v2\/comments?post=92884"}],"wp:featuredmedia":[{"embeddable":true,"href":"https:\/\/pistonaddict.com\/pl\/wp-json\/wp\/v2\/media\/92689"}],"wp:attachment":[{"href":"https:\/\/pistonaddict.com\/pl\/wp-json\/wp\/v2\/media?parent=92884"}],"wp:term":[{"taxonomy":"product_cat","embeddable":true,"href":"https:\/\/pistonaddict.com\/pl\/wp-json\/wp\/v2\/product_cat?post=92884"},{"taxonomy":"product_tag","embeddable":true,"href":"https:\/\/pistonaddict.com\/pl\/wp-json\/wp\/v2\/product_tag?post=92884"}],"curies":[{"name":"wp","href":"https:\/\/api.w.org\/{rel}","templated":true}]}}