{"id":89349,"date":"2024-01-31T11:03:43","date_gmt":"2024-01-31T10:03:43","guid":{"rendered":"https:\/\/pistonaddict.com\/product\/abarth-695-tributo-ferrari-no424\/"},"modified":"2024-03-20T09:46:55","modified_gmt":"2024-03-20T08:46:55","slug":"abarth-695-tributo-ferrari-no424","status":"publish","type":"product","link":"https:\/\/pistonaddict.com\/pl\/product\/abarth-695-tributo-ferrari-no424\/","title":{"rendered":"Abarth 695 Tributo Ferrari n\u00ba424"},"content":{"rendered":"<h2>Zewn\u0119trznie<\/h2>\n<p>Oparty na s\u0142ynnym i niezwykle popularnym Fiacie 500, model 695 prawdopodobnie nie wymaga zbytniego przedstawiania. Abarth doda\u0142 kilka masywnych zderzak\u00f3w z przodu i z ty\u0142u wraz z pasuj\u0105cymi os\u0142onami prog\u00f3w, tylnym spojlerem i podw\u00f3jnym uk\u0142adem wydechowym. Aby jeszcze bardziej go uatrakcyjni\u0107, zastosowano detale, takie jak os\u0142ony lusterek z w\u0142\u00f3kna w\u0119glowego i przyci\u0105gaj\u0105cy wzrok znaczek <em>Tributo Ferrari<\/em> na tylnych panelach bocznych.<br \/>\nTen konkretny Abart 695 jest pomalowany na ognisty czerwony kolor z szarymi pasami wy\u015bcigowymi, kt\u00f3re zaczynaj\u0105 si\u0119 na masce, rozci\u0105gaj\u0105 si\u0119 na dach i ko\u0144cz\u0105 na tylnej klapie. O tym, jak bardzo samoch\u00f3d by\u0142 prowadzony &#8211; lub nie by\u0142, aby by\u0107 bardziej precyzyjnym &#8211; najlepiej \u015bwiadcz\u0105 17-calowe ko\u0142a, kt\u00f3re nadal maj\u0105 fabrycznie zamontowane opony Michelin Pilot.<\/p>\n<h2>Wn\u0119trze<\/h2>\n<p>Podobnie jak na zewn\u0105trz, wn\u0119trze samochodu szybko ujawnia jego prawdziw\u0105 natur\u0119. Po pierwsze, przednie fotele kube\u0142kowe, wykonane przez Sabelt, maj\u0105 struktur\u0119 z w\u0142\u00f3kna w\u0119glowego i s\u0105 wyj\u0105tkowo stabilne. Po zaj\u0119ciu miejsca w \u015brodku kierowca znajdzie si\u0119 za tr\u00f3jramienn\u0105 sk\u00f3rzan\u0105 kierownic\u0105 z czerwonymi akcentami i przeszyciami. Jako model z automatyczn\u0105 skrzyni\u0105 bieg\u00f3w, ten Abart nie ma d\u017awigni zmiany bieg\u00f3w na konsoli \u015brodkowej &#8211; zamiast tego jest tylko kilka przycisk\u00f3w do wybierania biegu wstecznego, jazdy lub neutralnego. Na kierownicy znajduj\u0105 si\u0119 r\u00f3wnie\u017c \u0142opatki do r\u0119cznej zmiany bieg\u00f3w.<\/p>\n<p>Ca\u0142e wn\u0119trze jest pokryte wyszukanymi detalami, takimi jak elementy wyko\u0144czenia z w\u0142\u00f3kna w\u0119glowego, klimatyzacja i stereo z \u0142\u0105czno\u015bci\u0105 USB, a tak\u017ce plakietki <em>Tributo Ferrari<\/em> dooko\u0142a.<\/p>\n<h2>Mechanicy<\/h2>\n<p>Ten agresywnie wygl\u0105daj\u0105cy w\u0142oski sportster ma 1,4-litrowy turbodo\u0142adowany silnik, z kt\u00f3rego in\u017cynierom Abartha uda\u0142o si\u0119 wycisn\u0105\u0107 zdumiewaj\u0105c\u0105 moc 180 koni mechanicznych. Moc dostarczana jest do przednich k\u00f3\u0142 za po\u015brednictwem p\u00f3\u0142automatycznej przek\u0142adni MTA, kt\u00f3ra dzia\u0142a zar\u00f3wno w trybie automatycznym, jak i r\u0119cznym. Oczywi\u015bcie, umieszczenie tak du\u017cej mocy w tak lekkim samochodzie zaowocuje spektakularnymi osi\u0105gami, takimi jak pr\u0119dko\u015b\u0107 maksymalna przekraczaj\u0105ca 220 kilometr\u00f3w na godzin\u0119. Wreszcie, aby utrzyma\u0107 to wszystko w ryzach, ten Abarth 695 jest wyposa\u017cony w sztywniejsze zawieszenie i wi\u0119ksze hamulce.<\/p>\n<h2>Historia pojazdu<\/h2>\n<p>Profesjonalny sprzedawca, kt\u00f3ry naby\u0142 go niedawno, opisuje stan Abartha jako niemal idealny. Opr\u00f3cz niskiego przebiegu na zegarze, samoch\u00f3d by\u0142 ostatnio serwisowany w styczniu 2023 roku, kiedy to wymieniono olej silnikowy. Wewn\u0105trz i na zewn\u0105trz nie ma \u015blad\u00f3w zu\u017cycia, uszkodze\u0144 ani rdzy, a jedynymi wadami wizualnymi s\u0105 dwa drobne zadrapania po prawej stronie. Zostan\u0105 one jednak profesjonalnie naprawione bez ponoszenia koszt\u00f3w przez przysz\u0142ego w\u0142a\u015bciciela po sprzeda\u017cy samochodu.<\/p>\n<p>Wreszcie, wed\u0142ug sprzedawcy, samoch\u00f3d, kt\u00f3ry obecnie znajduje si\u0119 w Hiszpanii, nigdy nie bra\u0142 udzia\u0142u w wypadku, co potwierdza odpowiedni raport historii pojazdu <a href=\"https:\/\/pistonaddict.com\/wp-content\/uploads\/2024\/01\/carfaxAbarth695.pdf\">CARFAX<\/a>. Hiszpa\u0144ski przegl\u0105d techniczny (ITV) zdany i wa\u017cny do grudnia 2024 r.<\/p>\n<p><strong>Zobacz film z zimnego rozruchu tego pi\u0119knego Abartha 695 Tributo Ferrari:<\/strong><\/p>\n<p><iframe title=\"Cold Start Video of the Abarth 500 Tributo Ferrari\" width=\"1200\" height=\"675\" src=\"https:\/\/www.youtube.com\/embed\/lzDg2i_JYA4?feature=oembed\" frameborder=\"0\" allow=\"accelerometer; autoplay; clipboard-write; encrypted-media; gyroscope; picture-in-picture; web-share\" allowfullscreen><\/iframe><\/p>\n<p>&nbsp;<\/p>\n","protected":false},"excerpt":{"rendered":"<p>Ma\u0142y samoch\u00f3d miejski niekoniecznie musi by\u0107 tylko praktycznym sposobem poruszania si\u0119 w ciasnych przestrzeniach. Zamiast tego, z odpowiednim sprz\u0119tem pod mask\u0105, mo\u017ce by\u0107 prawdziw\u0105 kieszonkow\u0105 rakiet\u0105, kt\u00f3ra, je\u015bli jest odpowiednio ubrana, r\u00f3wnie\u017c wygl\u0105da osza\u0142amiaj\u0105co. Jednym z takich samochod\u00f3w jest Abarth 500, oparty na niezwykle udanej reinkarnacji legendarnego modelu Fiata z lat 60-tych. Ale konkretny model wystawiony na aukcji to jeszcze bardziej dopracowany wariant Abarth 695, kt\u00f3ry zosta\u0142 zbudowany w 2010 roku i do tej pory przejecha\u0142 zaledwie 6800 kilometr\u00f3w. Aby doda\u0107 ekskluzywno\u015bci, jest to rzadki model Tributo Ferrari, kt\u00f3rego produkcja zosta\u0142a ograniczona do 1695 sztuk. Zobaczmy wi\u0119c, co oferuje ten ekskluzywny i agresywnie wygl\u0105daj\u0105cy samoch\u00f3d&#8230;<\/p>\n","protected":false},"featured_media":89381,"comment_status":"open","ping_status":"closed","template":"","meta":{"inline_featured_image":false},"product_cat":[718],"product_tag":[2906,2907,913],"acf":[],"yoast_head":"<!-- This site is optimized with the Yoast SEO plugin v22.5 - https:\/\/yoast.com\/wordpress\/plugins\/seo\/ -->\n<title>Abarth 695 Tributo Ferrari n\u00ba424 - nazwa Piston Addict<\/title>\n<meta name=\"robots\" content=\"index, follow, max-snippet:-1, max-image-preview:large, max-video-preview:-1\" \/>\n<link rel=\"canonical\" href=\"https:\/\/pistonaddict.com\/pl\/product\/abarth-695-tributo-ferrari-no424\/\" \/>\n<meta property=\"og:locale\" content=\"pl_PL\" \/>\n<meta property=\"og:type\" content=\"article\" \/>\n<meta property=\"og:title\" content=\"Abarth 695 Tributo Ferrari n\u00ba424 - nazwa Piston Addict\" \/>\n<meta property=\"og:description\" content=\"Ma\u0142y samoch\u00f3d miejski niekoniecznie musi by\u0107 tylko praktycznym sposobem poruszania si\u0119 w ciasnych przestrzeniach. Zamiast tego, z odpowiednim sprz\u0119tem pod mask\u0105, mo\u017ce by\u0107 prawdziw\u0105 kieszonkow\u0105 rakiet\u0105, kt\u00f3ra, je\u015bli jest odpowiednio ubrana, r\u00f3wnie\u017c wygl\u0105da osza\u0142amiaj\u0105co. Jednym z takich samochod\u00f3w jest Abarth 500, oparty na niezwykle udanej reinkarnacji legendarnego modelu Fiata z lat 60-tych. Ale konkretny model wystawiony na aukcji to jeszcze bardziej dopracowany wariant Abarth 695, kt\u00f3ry zosta\u0142 zbudowany w 2010 roku i do tej pory przejecha\u0142 zaledwie 6800 kilometr\u00f3w. Aby doda\u0107 ekskluzywno\u015bci, jest to rzadki model Tributo Ferrari, kt\u00f3rego produkcja zosta\u0142a ograniczona do 1695 sztuk. Zobaczmy wi\u0119c, co oferuje ten ekskluzywny i agresywnie wygl\u0105daj\u0105cy samoch\u00f3d...\" \/>\n<meta property=\"og:url\" content=\"https:\/\/pistonaddict.com\/pl\/product\/abarth-695-tributo-ferrari-no424\/\" \/>\n<meta property=\"og:site_name\" content=\"Piston Addict\" \/>\n<meta property=\"article:modified_time\" content=\"2024-03-20T08:46:55+00:00\" \/>\n<meta property=\"og:image\" content=\"https:\/\/pistonaddict.com\/wp-content\/uploads\/2024\/01\/IMG-20240110-WA0149-1.jpg\" \/>\n\t<meta property=\"og:image:width\" content=\"1600\" \/>\n\t<meta property=\"og:image:height\" content=\"1200\" \/>\n\t<meta property=\"og:image:type\" content=\"image\/jpeg\" \/>\n<meta name=\"twitter:card\" content=\"summary_large_image\" \/>\n<meta name=\"twitter:label1\" content=\"Szacowany czas czytania\" \/>\n\t<meta name=\"twitter:data1\" content=\"3 minuty\" \/>\n<script type=\"application\/ld+json\" class=\"yoast-schema-graph\">{\"@context\":\"https:\/\/schema.org\",\"@graph\":[{\"@type\":\"WebPage\",\"@id\":\"https:\/\/pistonaddict.com\/pl\/product\/abarth-695-tributo-ferrari-no424\/\",\"url\":\"https:\/\/pistonaddict.com\/pl\/product\/abarth-695-tributo-ferrari-no424\/\",\"name\":\"Abarth 695 Tributo Ferrari n\u00ba424 - nazwa Piston Addict\",\"isPartOf\":{\"@id\":\"https:\/\/pistonaddict.com\/pl\/#website\"},\"primaryImageOfPage\":{\"@id\":\"https:\/\/pistonaddict.com\/pl\/product\/abarth-695-tributo-ferrari-no424\/#primaryimage\"},\"image\":{\"@id\":\"https:\/\/pistonaddict.com\/pl\/product\/abarth-695-tributo-ferrari-no424\/#primaryimage\"},\"thumbnailUrl\":\"https:\/\/pistonaddict.com\/wp-content\/uploads\/2024\/01\/IMG-20240110-WA0149-1.jpg\",\"datePublished\":\"2024-01-31T10:03:43+00:00\",\"dateModified\":\"2024-03-20T08:46:55+00:00\",\"breadcrumb\":{\"@id\":\"https:\/\/pistonaddict.com\/pl\/product\/abarth-695-tributo-ferrari-no424\/#breadcrumb\"},\"inLanguage\":\"pl-PL\",\"potentialAction\":[{\"@type\":\"ReadAction\",\"target\":[\"https:\/\/pistonaddict.com\/pl\/product\/abarth-695-tributo-ferrari-no424\/\"]}]},{\"@type\":\"ImageObject\",\"inLanguage\":\"pl-PL\",\"@id\":\"https:\/\/pistonaddict.com\/pl\/product\/abarth-695-tributo-ferrari-no424\/#primaryimage\",\"url\":\"https:\/\/pistonaddict.com\/wp-content\/uploads\/2024\/01\/IMG-20240110-WA0149-1.jpg\",\"contentUrl\":\"https:\/\/pistonaddict.com\/wp-content\/uploads\/2024\/01\/IMG-20240110-WA0149-1.jpg\",\"width\":1600,\"height\":1200},{\"@type\":\"BreadcrumbList\",\"@id\":\"https:\/\/pistonaddict.com\/pl\/product\/abarth-695-tributo-ferrari-no424\/#breadcrumb\",\"itemListElement\":[{\"@type\":\"ListItem\",\"position\":1,\"name\":\"Strona g\u0142\u00f3wna\",\"item\":\"https:\/\/pistonaddict.com\/pl\/strona-glowna-2\/\"},{\"@type\":\"ListItem\",\"position\":2,\"name\":\"Auctions\",\"item\":\"https:\/\/pistonaddict.com\/auctions-listing\/\"},{\"@type\":\"ListItem\",\"position\":3,\"name\":\"Abarth 695 Tributo Ferrari n\u00ba424\"}]},{\"@type\":\"WebSite\",\"@id\":\"https:\/\/pistonaddict.com\/pl\/#website\",\"url\":\"https:\/\/pistonaddict.com\/pl\/\",\"name\":\"Piston Addict\",\"description\":\"Only interesting vehicles\",\"publisher\":{\"@id\":\"https:\/\/pistonaddict.com\/pl\/#organization\"},\"potentialAction\":[{\"@type\":\"SearchAction\",\"target\":{\"@type\":\"EntryPoint\",\"urlTemplate\":\"https:\/\/pistonaddict.com\/pl\/?s={search_term_string}\"},\"query-input\":\"required name=search_term_string\"}],\"inLanguage\":\"pl-PL\"},{\"@type\":\"Organization\",\"@id\":\"https:\/\/pistonaddict.com\/pl\/#organization\",\"name\":\"Piston Addict\",\"url\":\"https:\/\/pistonaddict.com\/pl\/\",\"logo\":{\"@type\":\"ImageObject\",\"inLanguage\":\"pl-PL\",\"@id\":\"https:\/\/pistonaddict.com\/pl\/#\/schema\/logo\/image\/\",\"url\":\"https:\/\/pistonaddict.com\/wp-content\/uploads\/2022\/07\/logo-6.png\",\"contentUrl\":\"https:\/\/pistonaddict.com\/wp-content\/uploads\/2022\/07\/logo-6.png\",\"width\":970,\"height\":200,\"caption\":\"Piston Addict\"},\"image\":{\"@id\":\"https:\/\/pistonaddict.com\/pl\/#\/schema\/logo\/image\/\"}}]}<\/script>\n<!-- \/ Yoast SEO plugin. -->","yoast_head_json":{"title":"Abarth 695 Tributo Ferrari n\u00ba424 - nazwa Piston Addict","robots":{"index":"index","follow":"follow","max-snippet":"max-snippet:-1","max-image-preview":"max-image-preview:large","max-video-preview":"max-video-preview:-1"},"canonical":"https:\/\/pistonaddict.com\/pl\/product\/abarth-695-tributo-ferrari-no424\/","og_locale":"pl_PL","og_type":"article","og_title":"Abarth 695 Tributo Ferrari n\u00ba424 - nazwa Piston Addict","og_description":"Ma\u0142y samoch\u00f3d miejski niekoniecznie musi by\u0107 tylko praktycznym sposobem poruszania si\u0119 w ciasnych przestrzeniach. Zamiast tego, z odpowiednim sprz\u0119tem pod mask\u0105, mo\u017ce by\u0107 prawdziw\u0105 kieszonkow\u0105 rakiet\u0105, kt\u00f3ra, je\u015bli jest odpowiednio ubrana, r\u00f3wnie\u017c wygl\u0105da osza\u0142amiaj\u0105co. Jednym z takich samochod\u00f3w jest Abarth 500, oparty na niezwykle udanej reinkarnacji legendarnego modelu Fiata z lat 60-tych. Ale konkretny model wystawiony na aukcji to jeszcze bardziej dopracowany wariant Abarth 695, kt\u00f3ry zosta\u0142 zbudowany w 2010 roku i do tej pory przejecha\u0142 zaledwie 6800 kilometr\u00f3w. Aby doda\u0107 ekskluzywno\u015bci, jest to rzadki model Tributo Ferrari, kt\u00f3rego produkcja zosta\u0142a ograniczona do 1695 sztuk. Zobaczmy wi\u0119c, co oferuje ten ekskluzywny i agresywnie wygl\u0105daj\u0105cy samoch\u00f3d...","og_url":"https:\/\/pistonaddict.com\/pl\/product\/abarth-695-tributo-ferrari-no424\/","og_site_name":"Piston Addict","article_modified_time":"2024-03-20T08:46:55+00:00","og_image":[{"width":1600,"height":1200,"url":"https:\/\/pistonaddict.com\/wp-content\/uploads\/2024\/01\/IMG-20240110-WA0149-1.jpg","type":"image\/jpeg"}],"twitter_card":"summary_large_image","twitter_misc":{"Szacowany czas czytania":"3 minuty"},"schema":{"@context":"https:\/\/schema.org","@graph":[{"@type":"WebPage","@id":"https:\/\/pistonaddict.com\/pl\/product\/abarth-695-tributo-ferrari-no424\/","url":"https:\/\/pistonaddict.com\/pl\/product\/abarth-695-tributo-ferrari-no424\/","name":"Abarth 695 Tributo Ferrari n\u00ba424 - nazwa Piston Addict","isPartOf":{"@id":"https:\/\/pistonaddict.com\/pl\/#website"},"primaryImageOfPage":{"@id":"https:\/\/pistonaddict.com\/pl\/product\/abarth-695-tributo-ferrari-no424\/#primaryimage"},"image":{"@id":"https:\/\/pistonaddict.com\/pl\/product\/abarth-695-tributo-ferrari-no424\/#primaryimage"},"thumbnailUrl":"https:\/\/pistonaddict.com\/wp-content\/uploads\/2024\/01\/IMG-20240110-WA0149-1.jpg","datePublished":"2024-01-31T10:03:43+00:00","dateModified":"2024-03-20T08:46:55+00:00","breadcrumb":{"@id":"https:\/\/pistonaddict.com\/pl\/product\/abarth-695-tributo-ferrari-no424\/#breadcrumb"},"inLanguage":"pl-PL","potentialAction":[{"@type":"ReadAction","target":["https:\/\/pistonaddict.com\/pl\/product\/abarth-695-tributo-ferrari-no424\/"]}]},{"@type":"ImageObject","inLanguage":"pl-PL","@id":"https:\/\/pistonaddict.com\/pl\/product\/abarth-695-tributo-ferrari-no424\/#primaryimage","url":"https:\/\/pistonaddict.com\/wp-content\/uploads\/2024\/01\/IMG-20240110-WA0149-1.jpg","contentUrl":"https:\/\/pistonaddict.com\/wp-content\/uploads\/2024\/01\/IMG-20240110-WA0149-1.jpg","width":1600,"height":1200},{"@type":"BreadcrumbList","@id":"https:\/\/pistonaddict.com\/pl\/product\/abarth-695-tributo-ferrari-no424\/#breadcrumb","itemListElement":[{"@type":"ListItem","position":1,"name":"Strona g\u0142\u00f3wna","item":"https:\/\/pistonaddict.com\/pl\/strona-glowna-2\/"},{"@type":"ListItem","position":2,"name":"Auctions","item":"https:\/\/pistonaddict.com\/auctions-listing\/"},{"@type":"ListItem","position":3,"name":"Abarth 695 Tributo Ferrari n\u00ba424"}]},{"@type":"WebSite","@id":"https:\/\/pistonaddict.com\/pl\/#website","url":"https:\/\/pistonaddict.com\/pl\/","name":"Piston Addict","description":"Only interesting vehicles","publisher":{"@id":"https:\/\/pistonaddict.com\/pl\/#organization"},"potentialAction":[{"@type":"SearchAction","target":{"@type":"EntryPoint","urlTemplate":"https:\/\/pistonaddict.com\/pl\/?s={search_term_string}"},"query-input":"required name=search_term_string"}],"inLanguage":"pl-PL"},{"@type":"Organization","@id":"https:\/\/pistonaddict.com\/pl\/#organization","name":"Piston Addict","url":"https:\/\/pistonaddict.com\/pl\/","logo":{"@type":"ImageObject","inLanguage":"pl-PL","@id":"https:\/\/pistonaddict.com\/pl\/#\/schema\/logo\/image\/","url":"https:\/\/pistonaddict.com\/wp-content\/uploads\/2022\/07\/logo-6.png","contentUrl":"https:\/\/pistonaddict.com\/wp-content\/uploads\/2022\/07\/logo-6.png","width":970,"height":200,"caption":"Piston Addict"},"image":{"@id":"https:\/\/pistonaddict.com\/pl\/#\/schema\/logo\/image\/"}}]}},"_links":{"self":[{"href":"https:\/\/pistonaddict.com\/pl\/wp-json\/wp\/v2\/product\/89349"}],"collection":[{"href":"https:\/\/pistonaddict.com\/pl\/wp-json\/wp\/v2\/product"}],"about":[{"href":"https:\/\/pistonaddict.com\/pl\/wp-json\/wp\/v2\/types\/product"}],"replies":[{"embeddable":true,"href":"https:\/\/pistonaddict.com\/pl\/wp-json\/wp\/v2\/comments?post=89349"}],"wp:featuredmedia":[{"embeddable":true,"href":"https:\/\/pistonaddict.com\/pl\/wp-json\/wp\/v2\/media\/89381"}],"wp:attachment":[{"href":"https:\/\/pistonaddict.com\/pl\/wp-json\/wp\/v2\/media?parent=89349"}],"wp:term":[{"taxonomy":"product_cat","embeddable":true,"href":"https:\/\/pistonaddict.com\/pl\/wp-json\/wp\/v2\/product_cat?post=89349"},{"taxonomy":"product_tag","embeddable":true,"href":"https:\/\/pistonaddict.com\/pl\/wp-json\/wp\/v2\/product_tag?post=89349"}],"curies":[{"name":"wp","href":"https:\/\/api.w.org\/{rel}","templated":true}]}}