{"id":82562,"date":"2024-01-17T09:08:31","date_gmt":"2024-01-17T08:08:31","guid":{"rendered":"https:\/\/pistonaddict.com\/product\/mg-a-coupe\/"},"modified":"2024-05-29T10:47:23","modified_gmt":"2024-05-29T08:47:23","slug":"mg-a-coupe","status":"publish","type":"product","link":"https:\/\/pistonaddict.com\/pl\/product\/mg-a-coupe\/","title":{"rendered":"MG A coupe"},"content":{"rendered":"<p><strong>Historia samochodu<\/strong><\/p>\n<p>Mimo \u017ce MG jest obecnie w\u0142asno\u015bci\u0105 Chi\u0144czyk\u00f3w i sprzedaje gam\u0119 nudnych SUV-\u00f3w, marka ta na zawsze pozostanie synonimem coupe i roadster\u00f3w, kt\u00f3re w swoim czasie by\u0142y Mazdami Miatami. Ma\u0142e, zwinne, szybkie i zabawne MG z tamtej epoki wci\u0105\u017c ciesz\u0105 si\u0119 uznaniem entuzjast\u00f3w na ca\u0142ym \u015bwiecie. Dzi\u0119ki wysokoobrotowym silnikom, nap\u0119dowi na tylne ko\u0142a, precyzyjnemu uk\u0142adowi kierowniczemu i \u017cywym osi\u0105gom, MG naprawd\u0119 zapocz\u0105tkowa\u0142 ca\u0142\u0105 scen\u0119 niedrogich samochod\u00f3w sportowych jeszcze przed II wojn\u0105 \u015bwiatow\u0105. Jednak kiedy MG A pojawi\u0142 si\u0119 w 1955 roku, by\u0142 to najnowocze\u015bniejszy model, nie tylko pod wzgl\u0119dem wygl\u0105du, ale tak\u017ce technologii. Uda\u0142o mu si\u0119 sprzeda\u0107 ca\u0142kiem dobrze w Ameryce, daj\u0105c firmie impuls do wielu kolejnych modeli. Po\u0142\u0105czenie wspania\u0142ego wygl\u0105du z sukcesami w sportach motorowych by\u0142o zwyci\u0119sk\u0105 formu\u0142\u0105 dla MG A, co czyni go tak wyj\u0105tkowym i po\u017c\u0105danym. Ten konkretny egzemplarz zosta\u0142 wyprodukowany w 1959 roku i jest to model drugiej serii z mocniejszym silnikiem o pojemno\u015bci 1600 cm3 i mocy 80 KM. By\u0142a to znacz\u0105ca liczba jak na \u00f3wczesne standardy, a dzi\u0119ki 4-biegowej manualnej skrzyni bieg\u00f3w jest w stanie zapewni\u0107 takie same emocje jak przed laty. MG A 1600 by\u0142 znany z przednich hamulc\u00f3w tarczowych, bardzo zaawansowanej technologii w 1959 roku. Ten konkretny egzemplarz jest jednym z zaledwie 31 000 wyprodukowanych w latach 1959-1962, kiedy to zako\u0144czono produkcj\u0119 MG A.<\/p>\n<p><strong>Wn\u0119trze<\/strong><\/p>\n<p>Wyko\u0144czone czerwon\u0105 sk\u00f3r\u0105 wn\u0119trze tego MG A Coupe 1600 z 1959 roku jest w idealnym stanie. Wszystkie elementy s\u0105 sprawne, a patyna dodaje mu uroku. Siedzenia s\u0105 doskona\u0142ym miejscem, aby cieszy\u0107 si\u0119 tym samochodem. Chocia\u017c nie mo\u017cemy m\u00f3wi\u0107 o nowoczesnych funkcjach w poje\u017adzie, kt\u00f3ry ma 65 lat, s\u0105 tu urocze analogowe tarcze i nagrzewnica, kt\u00f3re w tamtych czasach by\u0142yby uwa\u017cane za najlepsze. Pasy bezpiecze\u0144stwa zosta\u0142y zmodernizowane do bardziej nowoczesnych, trzypunktowych pas\u00f3w ze wzgl\u0119du na bezpiecze\u0144stwo i u\u017cyteczno\u015b\u0107.<\/p>\n<p><strong>Stan<\/strong><\/p>\n<p>Z przebiegiem zaledwie 51 824 kilometr\u00f3w od nowo\u015bci (uwa\u017canym za oryginalny), ten MG A by\u0142 w przesz\u0142o\u015bci przedmiotem starannej i lekkiej renowacji (pompa wodna, tylne hamulce i ga\u017anik zosta\u0142y wymienione w 2022 roku). Na szcz\u0119\u015bcie ka\u017cdy szczeg\u00f3\u0142 zosta\u0142 starannie odrestaurowany, a samoch\u00f3d jest w bardzo dobrym stanie, bez rdzy, jest w pe\u0142ni sprawny i nie ma \u017cadnych problem\u00f3w mechanicznych. Sprzedawca naby\u0142 pojazd niedawno i przeprowadza\u0142 regularne przegl\u0105dy pod koniec 2023 roku, a hamulce zosta\u0142y poddane przegl\u0105dowi zaledwie kilka dni temu, w styczniu 2024 roku.<\/p>\n<p><strong>Wygl\u0105d zewn\u0119trzny i ko\u0142a<\/strong><\/p>\n<p>Klasyczny czarny lakier jest w przyzwoitym stanie, bez wgniece\u0144 i wi\u0119kszych zadrapa\u0144. Wszystkie chromy (co jest bardzo wa\u017cne w klasycznych samochodach takich jak ten) s\u0105 w idealnym stanie, w tym kratka, zderzaki i wyko\u0144czenia. Po\u0142\u0105czenie czarnego nadwozia i czerwonego wn\u0119trza jest uderzaj\u0105ce i podkre\u015bla linie samochodu. Oryginalne 15-calowe ko\u0142a s\u0105 owini\u0119te zupe\u0142nie nowymi gumami, dzi\u0119ki czemu samoch\u00f3d jest ca\u0142kowicie gotowy na kolejnego w\u0142a\u015bciciela i weekendowe przeja\u017cd\u017cki tego lata.<\/p>\n<p><strong>Dokumentacja<\/strong><\/p>\n<p>Dealer sprzedaje ten pojazd z odpowiedni\u0105 dokumentacj\u0105 (wszystkie faktury, certyfikowana kopia British Motor Industry Heritage Trust i instrukcja obs\u0142ugi) znajduj\u0105c\u0105 si\u0119 w Hiszpanii. Poniewa\u017c ten samoch\u00f3d pochodzi z 1959 roku, nie ma raport\u00f3w CarFax, ale nie ma dowod\u00f3w wypadk\u00f3w, napraw powypadkowych, w\u0142asno\u015bci ani problem\u00f3w prawnych. Istniej\u0105 zapisy dotycz\u0105ce regularnej konserwacji i pokwitowania.<br \/>\n<strong>Hiszpa\u0144ski przegl\u0105d techniczny (ITV) zdany i wa\u017cny do sierpnia 2028 r.<\/strong><\/p>\n<p><strong>Zobacz film z zimnego rozruchu tego pi\u0119knego MG A Coupe:<\/strong><\/p>\n<p><iframe title=\"Cold Start Video of MGA coupe\" width=\"1200\" height=\"675\" src=\"https:\/\/www.youtube.com\/embed\/IaLRg9Rs9iY?feature=oembed\" frameborder=\"0\" allow=\"accelerometer; autoplay; clipboard-write; encrypted-media; gyroscope; picture-in-picture; web-share\" allowfullscreen><\/iframe><\/p>\n","protected":false},"excerpt":{"rendered":"<p>Je\u015bli chcieliby\u015bmy zbada\u0107 genez\u0119 wsp\u00f3\u0142czesnych samochod\u00f3w sportowych, powinni\u015bmy zacz\u0105\u0107 od legendarnego MG A. Dzi\u0119ki op\u0142ywowemu nadwoziu, silnikom o wysokich obrotach, doskona\u0142ym osi\u0105gom (jak na tamte czasy) i przyst\u0119pnej cenie, ten samoch\u00f3d sportowy zrewolucjonizowa\u0142 ten segment. Pozosta\u0142 jednym z kwintesencji brytyjskich coupe wszech czas\u00f3w.<\/p>\n","protected":false},"featured_media":81150,"comment_status":"open","ping_status":"closed","template":"","meta":{"inline_featured_image":false},"product_cat":[718],"product_tag":[2885,984,2883],"acf":[],"yoast_head":"<!-- This site is optimized with the Yoast SEO plugin v22.5 - https:\/\/yoast.com\/wordpress\/plugins\/seo\/ -->\n<title>MG A coupe - nazwa Piston Addict<\/title>\n<meta name=\"robots\" content=\"index, follow, max-snippet:-1, max-image-preview:large, max-video-preview:-1\" \/>\n<link rel=\"canonical\" href=\"https:\/\/pistonaddict.com\/pl\/product\/mg-a-coupe\/\" \/>\n<meta property=\"og:locale\" content=\"pl_PL\" \/>\n<meta property=\"og:type\" content=\"article\" \/>\n<meta property=\"og:title\" content=\"MG A coupe - nazwa Piston Addict\" \/>\n<meta property=\"og:description\" content=\"Je\u015bli chcieliby\u015bmy zbada\u0107 genez\u0119 wsp\u00f3\u0142czesnych samochod\u00f3w sportowych, powinni\u015bmy zacz\u0105\u0107 od legendarnego MG A. Dzi\u0119ki op\u0142ywowemu nadwoziu, silnikom o wysokich obrotach, doskona\u0142ym osi\u0105gom (jak na tamte czasy) i przyst\u0119pnej cenie, ten samoch\u00f3d sportowy zrewolucjonizowa\u0142 ten segment. Pozosta\u0142 jednym z kwintesencji brytyjskich coupe wszech czas\u00f3w.\" \/>\n<meta property=\"og:url\" content=\"https:\/\/pistonaddict.com\/pl\/product\/mg-a-coupe\/\" \/>\n<meta property=\"og:site_name\" content=\"Piston Addict\" \/>\n<meta property=\"article:modified_time\" content=\"2024-05-29T08:47:23+00:00\" \/>\n<meta property=\"og:image\" content=\"https:\/\/pistonaddict.com\/wp-content\/uploads\/2024\/01\/IMG-20231031-WA0006.jpg\" \/>\n\t<meta property=\"og:image:width\" content=\"1600\" \/>\n\t<meta property=\"og:image:height\" content=\"1200\" \/>\n\t<meta property=\"og:image:type\" content=\"image\/jpeg\" \/>\n<meta name=\"twitter:card\" content=\"summary_large_image\" \/>\n<meta name=\"twitter:label1\" content=\"Szacowany czas czytania\" \/>\n\t<meta name=\"twitter:data1\" content=\"3 minuty\" \/>\n<script type=\"application\/ld+json\" class=\"yoast-schema-graph\">{\"@context\":\"https:\/\/schema.org\",\"@graph\":[{\"@type\":\"WebPage\",\"@id\":\"https:\/\/pistonaddict.com\/pl\/product\/mg-a-coupe\/\",\"url\":\"https:\/\/pistonaddict.com\/pl\/product\/mg-a-coupe\/\",\"name\":\"MG A coupe - nazwa Piston Addict\",\"isPartOf\":{\"@id\":\"https:\/\/pistonaddict.com\/pl\/#website\"},\"primaryImageOfPage\":{\"@id\":\"https:\/\/pistonaddict.com\/pl\/product\/mg-a-coupe\/#primaryimage\"},\"image\":{\"@id\":\"https:\/\/pistonaddict.com\/pl\/product\/mg-a-coupe\/#primaryimage\"},\"thumbnailUrl\":\"https:\/\/pistonaddict.com\/wp-content\/uploads\/2024\/01\/IMG-20231031-WA0006.jpg\",\"datePublished\":\"2024-01-17T08:08:31+00:00\",\"dateModified\":\"2024-05-29T08:47:23+00:00\",\"breadcrumb\":{\"@id\":\"https:\/\/pistonaddict.com\/pl\/product\/mg-a-coupe\/#breadcrumb\"},\"inLanguage\":\"pl-PL\",\"potentialAction\":[{\"@type\":\"ReadAction\",\"target\":[\"https:\/\/pistonaddict.com\/pl\/product\/mg-a-coupe\/\"]}]},{\"@type\":\"ImageObject\",\"inLanguage\":\"pl-PL\",\"@id\":\"https:\/\/pistonaddict.com\/pl\/product\/mg-a-coupe\/#primaryimage\",\"url\":\"https:\/\/pistonaddict.com\/wp-content\/uploads\/2024\/01\/IMG-20231031-WA0006.jpg\",\"contentUrl\":\"https:\/\/pistonaddict.com\/wp-content\/uploads\/2024\/01\/IMG-20231031-WA0006.jpg\",\"width\":1600,\"height\":1200},{\"@type\":\"BreadcrumbList\",\"@id\":\"https:\/\/pistonaddict.com\/pl\/product\/mg-a-coupe\/#breadcrumb\",\"itemListElement\":[{\"@type\":\"ListItem\",\"position\":1,\"name\":\"Strona g\u0142\u00f3wna\",\"item\":\"https:\/\/pistonaddict.com\/pl\/strona-glowna-2\/\"},{\"@type\":\"ListItem\",\"position\":2,\"name\":\"Auctions\",\"item\":\"https:\/\/pistonaddict.com\/auctions-listing\/\"},{\"@type\":\"ListItem\",\"position\":3,\"name\":\"MG A coupe\"}]},{\"@type\":\"WebSite\",\"@id\":\"https:\/\/pistonaddict.com\/pl\/#website\",\"url\":\"https:\/\/pistonaddict.com\/pl\/\",\"name\":\"Piston Addict\",\"description\":\"Only interesting vehicles\",\"publisher\":{\"@id\":\"https:\/\/pistonaddict.com\/pl\/#organization\"},\"potentialAction\":[{\"@type\":\"SearchAction\",\"target\":{\"@type\":\"EntryPoint\",\"urlTemplate\":\"https:\/\/pistonaddict.com\/pl\/?s={search_term_string}\"},\"query-input\":\"required name=search_term_string\"}],\"inLanguage\":\"pl-PL\"},{\"@type\":\"Organization\",\"@id\":\"https:\/\/pistonaddict.com\/pl\/#organization\",\"name\":\"Piston Addict\",\"url\":\"https:\/\/pistonaddict.com\/pl\/\",\"logo\":{\"@type\":\"ImageObject\",\"inLanguage\":\"pl-PL\",\"@id\":\"https:\/\/pistonaddict.com\/pl\/#\/schema\/logo\/image\/\",\"url\":\"https:\/\/pistonaddict.com\/wp-content\/uploads\/2022\/07\/logo-6.png\",\"contentUrl\":\"https:\/\/pistonaddict.com\/wp-content\/uploads\/2022\/07\/logo-6.png\",\"width\":970,\"height\":200,\"caption\":\"Piston Addict\"},\"image\":{\"@id\":\"https:\/\/pistonaddict.com\/pl\/#\/schema\/logo\/image\/\"}}]}<\/script>\n<!-- \/ Yoast SEO plugin. -->","yoast_head_json":{"title":"MG A coupe - nazwa Piston Addict","robots":{"index":"index","follow":"follow","max-snippet":"max-snippet:-1","max-image-preview":"max-image-preview:large","max-video-preview":"max-video-preview:-1"},"canonical":"https:\/\/pistonaddict.com\/pl\/product\/mg-a-coupe\/","og_locale":"pl_PL","og_type":"article","og_title":"MG A coupe - nazwa Piston Addict","og_description":"Je\u015bli chcieliby\u015bmy zbada\u0107 genez\u0119 wsp\u00f3\u0142czesnych samochod\u00f3w sportowych, powinni\u015bmy zacz\u0105\u0107 od legendarnego MG A. Dzi\u0119ki op\u0142ywowemu nadwoziu, silnikom o wysokich obrotach, doskona\u0142ym osi\u0105gom (jak na tamte czasy) i przyst\u0119pnej cenie, ten samoch\u00f3d sportowy zrewolucjonizowa\u0142 ten segment. Pozosta\u0142 jednym z kwintesencji brytyjskich coupe wszech czas\u00f3w.","og_url":"https:\/\/pistonaddict.com\/pl\/product\/mg-a-coupe\/","og_site_name":"Piston Addict","article_modified_time":"2024-05-29T08:47:23+00:00","og_image":[{"width":1600,"height":1200,"url":"https:\/\/pistonaddict.com\/wp-content\/uploads\/2024\/01\/IMG-20231031-WA0006.jpg","type":"image\/jpeg"}],"twitter_card":"summary_large_image","twitter_misc":{"Szacowany czas czytania":"3 minuty"},"schema":{"@context":"https:\/\/schema.org","@graph":[{"@type":"WebPage","@id":"https:\/\/pistonaddict.com\/pl\/product\/mg-a-coupe\/","url":"https:\/\/pistonaddict.com\/pl\/product\/mg-a-coupe\/","name":"MG A coupe - nazwa Piston Addict","isPartOf":{"@id":"https:\/\/pistonaddict.com\/pl\/#website"},"primaryImageOfPage":{"@id":"https:\/\/pistonaddict.com\/pl\/product\/mg-a-coupe\/#primaryimage"},"image":{"@id":"https:\/\/pistonaddict.com\/pl\/product\/mg-a-coupe\/#primaryimage"},"thumbnailUrl":"https:\/\/pistonaddict.com\/wp-content\/uploads\/2024\/01\/IMG-20231031-WA0006.jpg","datePublished":"2024-01-17T08:08:31+00:00","dateModified":"2024-05-29T08:47:23+00:00","breadcrumb":{"@id":"https:\/\/pistonaddict.com\/pl\/product\/mg-a-coupe\/#breadcrumb"},"inLanguage":"pl-PL","potentialAction":[{"@type":"ReadAction","target":["https:\/\/pistonaddict.com\/pl\/product\/mg-a-coupe\/"]}]},{"@type":"ImageObject","inLanguage":"pl-PL","@id":"https:\/\/pistonaddict.com\/pl\/product\/mg-a-coupe\/#primaryimage","url":"https:\/\/pistonaddict.com\/wp-content\/uploads\/2024\/01\/IMG-20231031-WA0006.jpg","contentUrl":"https:\/\/pistonaddict.com\/wp-content\/uploads\/2024\/01\/IMG-20231031-WA0006.jpg","width":1600,"height":1200},{"@type":"BreadcrumbList","@id":"https:\/\/pistonaddict.com\/pl\/product\/mg-a-coupe\/#breadcrumb","itemListElement":[{"@type":"ListItem","position":1,"name":"Strona g\u0142\u00f3wna","item":"https:\/\/pistonaddict.com\/pl\/strona-glowna-2\/"},{"@type":"ListItem","position":2,"name":"Auctions","item":"https:\/\/pistonaddict.com\/auctions-listing\/"},{"@type":"ListItem","position":3,"name":"MG A coupe"}]},{"@type":"WebSite","@id":"https:\/\/pistonaddict.com\/pl\/#website","url":"https:\/\/pistonaddict.com\/pl\/","name":"Piston Addict","description":"Only interesting vehicles","publisher":{"@id":"https:\/\/pistonaddict.com\/pl\/#organization"},"potentialAction":[{"@type":"SearchAction","target":{"@type":"EntryPoint","urlTemplate":"https:\/\/pistonaddict.com\/pl\/?s={search_term_string}"},"query-input":"required name=search_term_string"}],"inLanguage":"pl-PL"},{"@type":"Organization","@id":"https:\/\/pistonaddict.com\/pl\/#organization","name":"Piston Addict","url":"https:\/\/pistonaddict.com\/pl\/","logo":{"@type":"ImageObject","inLanguage":"pl-PL","@id":"https:\/\/pistonaddict.com\/pl\/#\/schema\/logo\/image\/","url":"https:\/\/pistonaddict.com\/wp-content\/uploads\/2022\/07\/logo-6.png","contentUrl":"https:\/\/pistonaddict.com\/wp-content\/uploads\/2022\/07\/logo-6.png","width":970,"height":200,"caption":"Piston Addict"},"image":{"@id":"https:\/\/pistonaddict.com\/pl\/#\/schema\/logo\/image\/"}}]}},"_links":{"self":[{"href":"https:\/\/pistonaddict.com\/pl\/wp-json\/wp\/v2\/product\/82562"}],"collection":[{"href":"https:\/\/pistonaddict.com\/pl\/wp-json\/wp\/v2\/product"}],"about":[{"href":"https:\/\/pistonaddict.com\/pl\/wp-json\/wp\/v2\/types\/product"}],"replies":[{"embeddable":true,"href":"https:\/\/pistonaddict.com\/pl\/wp-json\/wp\/v2\/comments?post=82562"}],"wp:featuredmedia":[{"embeddable":true,"href":"https:\/\/pistonaddict.com\/pl\/wp-json\/wp\/v2\/media\/81150"}],"wp:attachment":[{"href":"https:\/\/pistonaddict.com\/pl\/wp-json\/wp\/v2\/media?parent=82562"}],"wp:term":[{"taxonomy":"product_cat","embeddable":true,"href":"https:\/\/pistonaddict.com\/pl\/wp-json\/wp\/v2\/product_cat?post=82562"},{"taxonomy":"product_tag","embeddable":true,"href":"https:\/\/pistonaddict.com\/pl\/wp-json\/wp\/v2\/product_tag?post=82562"}],"curies":[{"name":"wp","href":"https:\/\/api.w.org\/{rel}","templated":true}]}}