{"id":79058,"date":"2023-12-13T14:41:14","date_gmt":"2023-12-13T13:41:14","guid":{"rendered":"https:\/\/pistonaddict.com\/product\/alpine-a110\/"},"modified":"2024-03-20T09:42:47","modified_gmt":"2024-03-20T08:42:47","slug":"alpine-a110","status":"publish","type":"product","link":"https:\/\/pistonaddict.com\/pl\/product\/alpine-a110\/","title":{"rendered":"Alpine A110"},"content":{"rendered":"<p><strong>Historia samochodu<\/strong><\/p>\n<p>Dla pokole\u0144 mi\u0142o\u015bnik\u00f3w samochod\u00f3w sportowych, kt\u00f3rzy dorastali w latach 60-tych i 70-tych, nazwa Alpine jest synonimem mistrzostw rajdowych, mocnych osi\u0105g\u00f3w i niezr\u00f3wnanej prezencji na ulicy. Mimo \u017ce Alpine korzysta\u0142o ze standardowych podzespo\u0142\u00f3w Renault, samochody mia\u0142y niemal supersamochodowy wygl\u0105d i by\u0142y ulubie\u0144cami entuzjast\u00f3w ze wzgl\u0119du na sw\u00f3j wygl\u0105d i dynamik\u0119 jazdy. Ale na pocz\u0105tku lat 90. marka odesz\u0142a w zapomnienie, prawie zapomniana przez wszystkich opr\u00f3cz najbardziej zagorza\u0142ych fan\u00f3w. Na szcz\u0119\u015bcie Renault zrozumia\u0142o, jak du\u017cy potencja\u0142 ma ta legendarna nazwa i zainwestowa\u0142o w zupe\u0142nie nowy model z ca\u0142kowicie aluminiowym nadwoziem, centralnie umieszczonym silnikiem i szybk\u0105 dwusprz\u0119g\u0142ow\u0105 skrzyni\u0105 bieg\u00f3w. Po\u0142\u0105czenie kultowego i retro-futurystycznego wygl\u0105du z silnikiem Clio RS i niestandardowymi ustawieniami nadwozia i zawieszenia stworzy\u0142o natychmiastowy klasyk i prawdopodobnie najlepszy samoch\u00f3d sportowy dekady. Turbodo\u0142adowany silnik o pojemno\u015bci 1,8 litra, kt\u00f3ry przekazuje moc na tylne ko\u0142a, jest w stanie rozp\u0119dzi\u0107 ten wspania\u0142y dwumiejscowy samoch\u00f3d do 100 km\/h (60 mph) w ca\u0142kiem przekonuj\u0105cym czasie 4,5 sekundy. Jednak liczby nie oddaj\u0105 sprawiedliwo\u015bci temu samochodowi. Przy masie w\u0142asnej wynosz\u0105cej nieco ponad ton\u0119, Alpine A110 pokonuje zakr\u0119ty i prowadzi si\u0119 jak marzenie. Niezr\u00f3wnana dynamika jazdy jest w\u0142a\u015bnie powodem, dla kt\u00f3rego jest ulubie\u0144cem wielu recenzji magazynowych.<\/p>\n<p><strong>Wn\u0119trze<\/strong><\/p>\n<p>Poniewa\u017c model ten jest stosunkowo nowy i ma niewielki przebieg, sk\u00f3rzane wn\u0119trze jest w stanie jak nowym, bez \u015blad\u00f3w zu\u017cycia. Do\u015bwiadczeni nabywcy zauwa\u017c\u0105, \u017ce opcjonalne fotele &#8220;GT&#8221; s\u0105 obecne, co jest mile widzianym dodatkiem, a tak\u017ce niekt\u00f3re elementy wyko\u0144czenia z w\u0142\u00f3kna w\u0119glowego dla uzyskania sportowego wygl\u0105du. Wa\u017cn\u0105 rzecz\u0105 jest jednak system audio premium Focal, kt\u00f3ry jest rzadk\u0105 opcj\u0105.<\/p>\n<p><strong>Stan<\/strong><\/p>\n<p>Ten konkretny egzemplarz zosta\u0142 dostarczony jako nowy w 2021 roku i od tego czasu przejecha\u0142 nieco ponad 30 000 km. Jest to zadbany samoch\u00f3d, kt\u00f3ry by\u0142 u\u017cywany do radosnej jazdy, tak jak zosta\u0142 wymy\u015blony przez jego konstruktor\u00f3w. Od nowo\u015bci nie by\u0142 \u015bledzony ani uszkodzony przez dw\u00f3ch troskliwych w\u0142a\u015bcicieli. W rzeczywisto\u015bci pierwotny w\u0142a\u015bciciel by\u0142 dyrektorem handlowym Alpine Spain. Ostatni serwis zosta\u0142 przeprowadzony w listopadzie 2023 r., a hamulce zosta\u0142y niedawno poddane przegl\u0105dowi w grudniu 2023 r. Poprzednia wymiana oleju mia\u0142a miejsce we wrze\u015bniu. <strong>Ten Alpine A110 jest nadal obj\u0119ty gwarancj\u0105 fabryczn\u0105 do listopada 2024 roku, wi\u0119c wszystkie czynno\u015bci konserwacyjne zosta\u0142y wykonane przez oficjalny serwis w Hiszpanii<\/strong>.<\/p>\n<p><strong> <\/strong><strong>Nadwozie i ko\u0142a<\/strong><\/p>\n<p>Pomalowany na bia\u0142o z bardzo interesuj\u0105cym pakietem graficznym, Alpine A110 ma wyj\u0105tkowy wygl\u0105d dzi\u0119ki specjalnym 18-calowym ko\u0142om Alpine. Nadwozie jest niezr\u00f3wnane, bez \u017cadnych uszkodze\u0144, wgniece\u0144 czy zadrapa\u0144, a opony s\u0105 w przyzwoitym stanie, wed\u0142ug sprzedawcy zu\u017cyte w 50%. Opony to Michelin Pilot Sport i zosta\u0142y wyprodukowane pod koniec 2021 roku.<\/p>\n<p><strong>Dokumentacja<\/strong><\/p>\n<p>Dealer sprzedaje ten pojazd z odpowiedni\u0105 dokumentacj\u0105 w Hiszpanii. <a href=\"https:\/\/pistonaddict.com\/wp-content\/uploads\/2023\/12\/AlpineA110.pdf\">Raport CarFax<\/a> jest czysty; nie ma dowod\u00f3w na wypadki, naprawy powypadkowe, w\u0142asno\u015b\u0107 lub problemy prawne. Istniej\u0105 zapisy dotycz\u0105ce regularnej konserwacji, rachunki sprzeda\u017cy i paragony. Alpine A110 jest nadal obj\u0119ty gwarancj\u0105 fabryczn\u0105, kt\u00f3ra mo\u017ce zosta\u0107 przeniesiona na kolejnego w\u0142a\u015bciciela.<\/p>\n<p><strong>Zobacz film z zimnego rozruchu tego pi\u0119knego Alpine A110:<\/strong><\/p>\n<p><iframe title=\"Cold Start Video of this great Alpine A110 for auction sale\" width=\"1200\" height=\"675\" src=\"https:\/\/www.youtube.com\/embed\/FlqeDNY4UtI?feature=oembed\" frameborder=\"0\" allow=\"accelerometer; autoplay; clipboard-write; encrypted-media; gyroscope; picture-in-picture; web-share\" allowfullscreen><\/iframe><\/p>\n","protected":false},"excerpt":{"rendered":"<p>Najgor\u0119tszym samochodem sportowym ostatnich lat nie jest Ferrari, Lamborghini czy McLaren. Jest to Alpine A110 z niestandardowym, bardzo lekkim nadwoziem, zadziornym czterocylindrowym silnikiem z turbodo\u0142adowaniem i \u017cywymi osi\u0105gami. Ten dwumiejscowy model przypomnia\u0142 fanom samochod\u00f3w sportowych, o co chodzi w je\u017adzie i triumfalnie przywr\u00f3ci\u0142 legendarn\u0105 mark\u0119 na rynek. Dzi\u015b z dum\u0105 prezentujemy jeden z najlepszych przyk\u0142ad\u00f3w tego niezwykle wp\u0142ywowego samochodu sportowego.<\/p>\n","protected":false},"featured_media":78361,"comment_status":"open","ping_status":"closed","template":"","meta":{"inline_featured_image":false},"product_cat":[718],"product_tag":[2822,2817,913],"acf":[],"yoast_head":"<!-- This site is optimized with the Yoast SEO plugin v22.5 - https:\/\/yoast.com\/wordpress\/plugins\/seo\/ -->\n<title>Alpine A110 auction - Piston Addict<\/title>\n<meta name=\"robots\" content=\"index, follow, max-snippet:-1, max-image-preview:large, max-video-preview:-1\" \/>\n<link rel=\"canonical\" href=\"https:\/\/pistonaddict.com\/pl\/product\/alpine-a110\/\" \/>\n<meta property=\"og:locale\" content=\"pl_PL\" \/>\n<meta property=\"og:type\" content=\"article\" \/>\n<meta property=\"og:title\" content=\"Alpine A110 auction - Piston Addict\" \/>\n<meta property=\"og:description\" content=\"Najgor\u0119tszym samochodem sportowym ostatnich lat nie jest Ferrari, Lamborghini czy McLaren. Jest to Alpine A110 z niestandardowym, bardzo lekkim nadwoziem, zadziornym czterocylindrowym silnikiem z turbodo\u0142adowaniem i \u017cywymi osi\u0105gami. Ten dwumiejscowy model przypomnia\u0142 fanom samochod\u00f3w sportowych, o co chodzi w je\u017adzie i triumfalnie przywr\u00f3ci\u0142 legendarn\u0105 mark\u0119 na rynek. Dzi\u015b z dum\u0105 prezentujemy jeden z najlepszych przyk\u0142ad\u00f3w tego niezwykle wp\u0142ywowego samochodu sportowego.\" \/>\n<meta property=\"og:url\" content=\"https:\/\/pistonaddict.com\/pl\/product\/alpine-a110\/\" \/>\n<meta property=\"og:site_name\" content=\"Piston Addict\" \/>\n<meta property=\"article:modified_time\" content=\"2024-03-20T08:42:47+00:00\" \/>\n<meta property=\"og:image\" content=\"https:\/\/pistonaddict.com\/wp-content\/uploads\/2023\/12\/4517LTW_01.jpg\" \/>\n\t<meta property=\"og:image:width\" content=\"1440\" \/>\n\t<meta property=\"og:image:height\" content=\"1080\" \/>\n\t<meta property=\"og:image:type\" content=\"image\/jpeg\" \/>\n<meta name=\"twitter:card\" content=\"summary_large_image\" \/>\n<meta name=\"twitter:label1\" content=\"Szacowany czas czytania\" \/>\n\t<meta name=\"twitter:data1\" content=\"3 minuty\" \/>\n<script type=\"application\/ld+json\" class=\"yoast-schema-graph\">{\"@context\":\"https:\/\/schema.org\",\"@graph\":[{\"@type\":\"WebPage\",\"@id\":\"https:\/\/pistonaddict.com\/pl\/product\/alpine-a110\/\",\"url\":\"https:\/\/pistonaddict.com\/pl\/product\/alpine-a110\/\",\"name\":\"Alpine A110 auction - Piston Addict\",\"isPartOf\":{\"@id\":\"https:\/\/pistonaddict.com\/pl\/#website\"},\"primaryImageOfPage\":{\"@id\":\"https:\/\/pistonaddict.com\/pl\/product\/alpine-a110\/#primaryimage\"},\"image\":{\"@id\":\"https:\/\/pistonaddict.com\/pl\/product\/alpine-a110\/#primaryimage\"},\"thumbnailUrl\":\"https:\/\/pistonaddict.com\/wp-content\/uploads\/2023\/12\/4517LTW_01.jpg\",\"datePublished\":\"2023-12-13T13:41:14+00:00\",\"dateModified\":\"2024-03-20T08:42:47+00:00\",\"breadcrumb\":{\"@id\":\"https:\/\/pistonaddict.com\/pl\/product\/alpine-a110\/#breadcrumb\"},\"inLanguage\":\"pl-PL\",\"potentialAction\":[{\"@type\":\"ReadAction\",\"target\":[\"https:\/\/pistonaddict.com\/pl\/product\/alpine-a110\/\"]}]},{\"@type\":\"ImageObject\",\"inLanguage\":\"pl-PL\",\"@id\":\"https:\/\/pistonaddict.com\/pl\/product\/alpine-a110\/#primaryimage\",\"url\":\"https:\/\/pistonaddict.com\/wp-content\/uploads\/2023\/12\/4517LTW_01.jpg\",\"contentUrl\":\"https:\/\/pistonaddict.com\/wp-content\/uploads\/2023\/12\/4517LTW_01.jpg\",\"width\":1440,\"height\":1080},{\"@type\":\"BreadcrumbList\",\"@id\":\"https:\/\/pistonaddict.com\/pl\/product\/alpine-a110\/#breadcrumb\",\"itemListElement\":[{\"@type\":\"ListItem\",\"position\":1,\"name\":\"Strona g\u0142\u00f3wna\",\"item\":\"https:\/\/pistonaddict.com\/pl\/strona-glowna-2\/\"},{\"@type\":\"ListItem\",\"position\":2,\"name\":\"Auctions\",\"item\":\"https:\/\/pistonaddict.com\/auctions-listing\/\"},{\"@type\":\"ListItem\",\"position\":3,\"name\":\"Alpine A110\"}]},{\"@type\":\"WebSite\",\"@id\":\"https:\/\/pistonaddict.com\/pl\/#website\",\"url\":\"https:\/\/pistonaddict.com\/pl\/\",\"name\":\"Piston Addict\",\"description\":\"Only interesting vehicles\",\"publisher\":{\"@id\":\"https:\/\/pistonaddict.com\/pl\/#organization\"},\"potentialAction\":[{\"@type\":\"SearchAction\",\"target\":{\"@type\":\"EntryPoint\",\"urlTemplate\":\"https:\/\/pistonaddict.com\/pl\/?s={search_term_string}\"},\"query-input\":\"required name=search_term_string\"}],\"inLanguage\":\"pl-PL\"},{\"@type\":\"Organization\",\"@id\":\"https:\/\/pistonaddict.com\/pl\/#organization\",\"name\":\"Piston Addict\",\"url\":\"https:\/\/pistonaddict.com\/pl\/\",\"logo\":{\"@type\":\"ImageObject\",\"inLanguage\":\"pl-PL\",\"@id\":\"https:\/\/pistonaddict.com\/pl\/#\/schema\/logo\/image\/\",\"url\":\"https:\/\/pistonaddict.com\/wp-content\/uploads\/2022\/07\/logo-6.png\",\"contentUrl\":\"https:\/\/pistonaddict.com\/wp-content\/uploads\/2022\/07\/logo-6.png\",\"width\":970,\"height\":200,\"caption\":\"Piston Addict\"},\"image\":{\"@id\":\"https:\/\/pistonaddict.com\/pl\/#\/schema\/logo\/image\/\"}}]}<\/script>\n<!-- \/ Yoast SEO plugin. -->","yoast_head_json":{"title":"Alpine A110 auction - Piston Addict","robots":{"index":"index","follow":"follow","max-snippet":"max-snippet:-1","max-image-preview":"max-image-preview:large","max-video-preview":"max-video-preview:-1"},"canonical":"https:\/\/pistonaddict.com\/pl\/product\/alpine-a110\/","og_locale":"pl_PL","og_type":"article","og_title":"Alpine A110 auction - Piston Addict","og_description":"Najgor\u0119tszym samochodem sportowym ostatnich lat nie jest Ferrari, Lamborghini czy McLaren. Jest to Alpine A110 z niestandardowym, bardzo lekkim nadwoziem, zadziornym czterocylindrowym silnikiem z turbodo\u0142adowaniem i \u017cywymi osi\u0105gami. Ten dwumiejscowy model przypomnia\u0142 fanom samochod\u00f3w sportowych, o co chodzi w je\u017adzie i triumfalnie przywr\u00f3ci\u0142 legendarn\u0105 mark\u0119 na rynek. Dzi\u015b z dum\u0105 prezentujemy jeden z najlepszych przyk\u0142ad\u00f3w tego niezwykle wp\u0142ywowego samochodu sportowego.","og_url":"https:\/\/pistonaddict.com\/pl\/product\/alpine-a110\/","og_site_name":"Piston Addict","article_modified_time":"2024-03-20T08:42:47+00:00","og_image":[{"width":1440,"height":1080,"url":"https:\/\/pistonaddict.com\/wp-content\/uploads\/2023\/12\/4517LTW_01.jpg","type":"image\/jpeg"}],"twitter_card":"summary_large_image","twitter_misc":{"Szacowany czas czytania":"3 minuty"},"schema":{"@context":"https:\/\/schema.org","@graph":[{"@type":"WebPage","@id":"https:\/\/pistonaddict.com\/pl\/product\/alpine-a110\/","url":"https:\/\/pistonaddict.com\/pl\/product\/alpine-a110\/","name":"Alpine A110 auction - Piston Addict","isPartOf":{"@id":"https:\/\/pistonaddict.com\/pl\/#website"},"primaryImageOfPage":{"@id":"https:\/\/pistonaddict.com\/pl\/product\/alpine-a110\/#primaryimage"},"image":{"@id":"https:\/\/pistonaddict.com\/pl\/product\/alpine-a110\/#primaryimage"},"thumbnailUrl":"https:\/\/pistonaddict.com\/wp-content\/uploads\/2023\/12\/4517LTW_01.jpg","datePublished":"2023-12-13T13:41:14+00:00","dateModified":"2024-03-20T08:42:47+00:00","breadcrumb":{"@id":"https:\/\/pistonaddict.com\/pl\/product\/alpine-a110\/#breadcrumb"},"inLanguage":"pl-PL","potentialAction":[{"@type":"ReadAction","target":["https:\/\/pistonaddict.com\/pl\/product\/alpine-a110\/"]}]},{"@type":"ImageObject","inLanguage":"pl-PL","@id":"https:\/\/pistonaddict.com\/pl\/product\/alpine-a110\/#primaryimage","url":"https:\/\/pistonaddict.com\/wp-content\/uploads\/2023\/12\/4517LTW_01.jpg","contentUrl":"https:\/\/pistonaddict.com\/wp-content\/uploads\/2023\/12\/4517LTW_01.jpg","width":1440,"height":1080},{"@type":"BreadcrumbList","@id":"https:\/\/pistonaddict.com\/pl\/product\/alpine-a110\/#breadcrumb","itemListElement":[{"@type":"ListItem","position":1,"name":"Strona g\u0142\u00f3wna","item":"https:\/\/pistonaddict.com\/pl\/strona-glowna-2\/"},{"@type":"ListItem","position":2,"name":"Auctions","item":"https:\/\/pistonaddict.com\/auctions-listing\/"},{"@type":"ListItem","position":3,"name":"Alpine A110"}]},{"@type":"WebSite","@id":"https:\/\/pistonaddict.com\/pl\/#website","url":"https:\/\/pistonaddict.com\/pl\/","name":"Piston Addict","description":"Only interesting vehicles","publisher":{"@id":"https:\/\/pistonaddict.com\/pl\/#organization"},"potentialAction":[{"@type":"SearchAction","target":{"@type":"EntryPoint","urlTemplate":"https:\/\/pistonaddict.com\/pl\/?s={search_term_string}"},"query-input":"required name=search_term_string"}],"inLanguage":"pl-PL"},{"@type":"Organization","@id":"https:\/\/pistonaddict.com\/pl\/#organization","name":"Piston Addict","url":"https:\/\/pistonaddict.com\/pl\/","logo":{"@type":"ImageObject","inLanguage":"pl-PL","@id":"https:\/\/pistonaddict.com\/pl\/#\/schema\/logo\/image\/","url":"https:\/\/pistonaddict.com\/wp-content\/uploads\/2022\/07\/logo-6.png","contentUrl":"https:\/\/pistonaddict.com\/wp-content\/uploads\/2022\/07\/logo-6.png","width":970,"height":200,"caption":"Piston Addict"},"image":{"@id":"https:\/\/pistonaddict.com\/pl\/#\/schema\/logo\/image\/"}}]}},"_links":{"self":[{"href":"https:\/\/pistonaddict.com\/pl\/wp-json\/wp\/v2\/product\/79058"}],"collection":[{"href":"https:\/\/pistonaddict.com\/pl\/wp-json\/wp\/v2\/product"}],"about":[{"href":"https:\/\/pistonaddict.com\/pl\/wp-json\/wp\/v2\/types\/product"}],"replies":[{"embeddable":true,"href":"https:\/\/pistonaddict.com\/pl\/wp-json\/wp\/v2\/comments?post=79058"}],"wp:featuredmedia":[{"embeddable":true,"href":"https:\/\/pistonaddict.com\/pl\/wp-json\/wp\/v2\/media\/78361"}],"wp:attachment":[{"href":"https:\/\/pistonaddict.com\/pl\/wp-json\/wp\/v2\/media?parent=79058"}],"wp:term":[{"taxonomy":"product_cat","embeddable":true,"href":"https:\/\/pistonaddict.com\/pl\/wp-json\/wp\/v2\/product_cat?post=79058"},{"taxonomy":"product_tag","embeddable":true,"href":"https:\/\/pistonaddict.com\/pl\/wp-json\/wp\/v2\/product_tag?post=79058"}],"curies":[{"name":"wp","href":"https:\/\/api.w.org\/{rel}","templated":true}]}}