{"id":78332,"date":"2023-12-13T10:17:52","date_gmt":"2023-12-13T09:17:52","guid":{"rendered":"https:\/\/pistonaddict.com\/product\/fisker-karma-signature-edition\/"},"modified":"2024-03-20T09:42:39","modified_gmt":"2024-03-20T08:42:39","slug":"fisker-karma-signature-edition","status":"publish","type":"product","link":"https:\/\/pistonaddict.com\/pl\/product\/fisker-karma-signature-edition\/","title":{"rendered":"Fisker Karma Signature Edition"},"content":{"rendered":"<p><strong>Historia samochodu<\/strong><\/p>\n<p>Zanim Karma pojawi\u0142a si\u0119 na rynku w 2011 roku, hybrydy by\u0142y do\u015b\u0107 nudnymi i ma\u0142o ekscytuj\u0105cymi pojazdami. Ale potem Fisker zaprezentowa\u0142 Karm\u0119 z przyci\u0105gaj\u0105cym wzrok designem, nisk\u0105 sylwetk\u0105, muskularn\u0105 postaw\u0105 i unikalnymi kszta\u0142tami. To by\u0142o i nadal jest co\u015b niezwyk\u0142ego. Pod uwodzicielskim nadwoziem kryje si\u0119 mn\u00f3stwo innowacyjnych technologii. G\u0142\u00f3wnym silnikiem jest turbodo\u0142adowany 2,0-litrowy silnik GM o mocy 260 KM i dwa silniki elektryczne na tylnej osi. Akumulator o pojemno\u015bci 20,1 kWh zasila silniki elektryczne o mocy 120 kW ka\u017cdy (403 KM).<\/p>\n<p>Co ciekawe, akumulatory umieszczono w \u015brodkowej cz\u0119\u015bci samochodu, dzi\u0119ki czemu Karma ma nisko po\u0142o\u017cony \u015brodek ci\u0119\u017cko\u015bci i doskonale trzyma si\u0119 drogi. Zasada dzia\u0142ania jest r\u00f3wnie\u017c wyj\u0105tkowa. Pojazd, z automatyczn\u0105 skrzyni\u0105 bieg\u00f3w, mia\u0142 zasi\u0119g oko\u0142o 80 km, wykorzystuj\u0105c wy\u0142\u0105cznie energi\u0119 elektryczn\u0105. Gdy jednak baterie zostan\u0105 roz\u0142adowane, kierowca uruchomi silnik benzynowy, kt\u00f3ry zasila generator zasilaj\u0105cy silniki elektryczne. Karma jest wi\u0119c hybryd\u0105 benzynowo-elektryczn\u0105 z du\u017cym naciskiem na cz\u0119\u015b\u0107 elektryczn\u0105. Model ten zosta\u0142 dostarczony cz\u0142onkowi rodziny Fisker i jednemu z pierwotnych inwestor\u00f3w, co czyni go niezwyk\u0142\u0105 cz\u0119\u015bci\u0105 historii firmy.<\/p>\n<p><strong>Wn\u0119trze<\/strong><\/p>\n<p>Wn\u0119trze tego egzemplarza zosta\u0142o wyko\u0144czone czarn\u0105 i jasnobr\u0105zow\u0105 sk\u00f3r\u0105, co czyni go uroczym miejscem. Na siedzeniach nie ma zadrapa\u0144, a wszystko jest sprawne. Jest wyposa\u017cony w opcjonalny system informacyjno-rozrywkowy z wy\u015bwietlaczem na desce rozdzielczej.<\/p>\n<p><strong>Stan<\/strong><\/p>\n<p>Z przebiegiem 80 000 km, pe\u0142n\u0105 histori\u0105 serwisow\u0105, tylko jednym w\u0142a\u015bcicielem, ta Karma jest w idealnym stanie. Nie ma \u017cadnych wypadk\u00f3w ani uszkodze\u0144, a wn\u0119trze jest w nowym stanie. Co ciekawe, Karma jest wyposa\u017cona w dach z panelami s\u0142onecznymi, kt\u00f3re przekszta\u0142caj\u0105 energi\u0119 s\u0142oneczn\u0105 w energi\u0119 elektryczn\u0105 i wy\u0142\u0105czaj\u0105 akumulator w razie potrzeby. W tym egzemplarzu dach solarny jest obecny i w idealnym stanie. <strong>Ten konkretny egzemplarz jest numerem 61 na 100 wyprodukowanych z pakietem Signature Edition<\/strong>, co jest istotne, poniewa\u017c jego histori\u0119 mo\u017cna \u015bledzi\u0107 w spo\u0142eczno\u015bci Fisker. Poniewa\u017c ten egzemplarz ma znaczenie historyczne, by\u0142 serwisowany przez jednego z najlepszych specjalist\u00f3w Fisker na \u015bwiecie, z dost\u0119pn\u0105 regularn\u0105 dokumentacj\u0105 serwisow\u0105. Ostatni serwis i wymian\u0119 oleju przeprowadzono w pa\u017adzierniku 2023 r., a hamulce zosta\u0142y poddane przegl\u0105dowi zaledwie kilka dni temu, w grudniu 2023 r.<\/p>\n<p><strong>Wygl\u0105d zewn\u0119trzny i ko\u0142a<\/strong><\/p>\n<p>Unikalny srebrny lakier idealnie pasuje do dwukolorowego wn\u0119trza bez zadrapa\u0144 i wgniece\u0144. Samoch\u00f3d zostanie dostarczony z 21-calowymi oponami zimowymi w idealnym stanie. 22-calowe ko\u0142a z oponami letnimi s\u0105 dodatkowo p\u0142atne. Opony pochodz\u0105 z 2023 roku.<\/p>\n<p><strong>Dokumentacja<\/strong><\/p>\n<p>Prywatny sprzedawca sprzedaje ten pojazd z odpowiedni\u0105 dokumentacj\u0105 w Niemczech. Raport <a href=\"https:\/\/pistonaddict.com\/wp-content\/uploads\/2023\/12\/FiskerKarma.pdf\">CarVertical<\/a> jest czysty; nie ma dowod\u00f3w na wypadki, naprawy powypadkowe, w\u0142asno\u015b\u0107 lub problemy prawne. Istniej\u0105 zapisy dotycz\u0105ce regularnej konserwacji, rachunki sprzeda\u017cy i paragony. Ten model nie jest obj\u0119ty gwarancj\u0105 fabryczn\u0105.<\/p>\n<p><strong><br \/>\nObejrzyj film z zimnego rozruchu tego pi\u0119knego srebrnego Fiskera Karma Signature:<\/strong><\/p>\n<p><iframe title=\"Cold Start Video of the Fisker Karma Signature for auction sale\" width=\"1200\" height=\"675\" src=\"https:\/\/www.youtube.com\/embed\/sOmYYpDT2U8?feature=oembed\" frameborder=\"0\" allow=\"accelerometer; autoplay; clipboard-write; encrypted-media; gyroscope; picture-in-picture; web-share\" allowfullscreen><\/iframe><\/p>\n","protected":false},"excerpt":{"rendered":"<p>Fisker Karma to nie tylko rewolucyjna hybryda, ale tak\u017ce jeden z najfajniej wygl\u0105daj\u0105cych samochod\u00f3w XXI wieku. Wyprodukowano ich niewiele ponad 3000, wi\u0119c jest to rzadko\u015b\u0107, ale ten egzemplarz jest jeszcze rzadszy. Srebrna Karma 2012, kt\u00f3r\u0105 dzi\u015b oferujemy, jest 1 ze 100 egzemplarzy modelu Signature Edition i zosta\u0142a nawet osobi\u015bcie podpisana przez Henrika Fiskera, w\u0142a\u015bciciela firmy. Je\u015bli szukasz kolekcjonerskiego marzenia, to jest w\u0142a\u015bnie to.<\/p>\n","protected":false},"featured_media":77669,"comment_status":"open","ping_status":"closed","template":"","meta":{"inline_featured_image":false},"product_cat":[718],"product_tag":[2796,2797,913,1819,1820],"acf":[],"yoast_head":"<!-- This site is optimized with the Yoast SEO plugin v22.5 - https:\/\/yoast.com\/wordpress\/plugins\/seo\/ -->\n<title>Fisker Karma Signature Edition auction - Piston Addict<\/title>\n<meta name=\"robots\" content=\"index, follow, max-snippet:-1, max-image-preview:large, max-video-preview:-1\" \/>\n<link rel=\"canonical\" href=\"https:\/\/pistonaddict.com\/pl\/product\/fisker-karma-signature-edition\/\" \/>\n<meta property=\"og:locale\" content=\"pl_PL\" \/>\n<meta property=\"og:type\" content=\"article\" \/>\n<meta property=\"og:title\" content=\"Fisker Karma Signature Edition auction - Piston Addict\" \/>\n<meta property=\"og:description\" content=\"Fisker Karma to nie tylko rewolucyjna hybryda, ale tak\u017ce jeden z najfajniej wygl\u0105daj\u0105cych samochod\u00f3w XXI wieku. Wyprodukowano ich niewiele ponad 3000, wi\u0119c jest to rzadko\u015b\u0107, ale ten egzemplarz jest jeszcze rzadszy. Srebrna Karma 2012, kt\u00f3r\u0105 dzi\u015b oferujemy, jest 1 ze 100 egzemplarzy modelu Signature Edition i zosta\u0142a nawet osobi\u015bcie podpisana przez Henrika Fiskera, w\u0142a\u015bciciela firmy. Je\u015bli szukasz kolekcjonerskiego marzenia, to jest w\u0142a\u015bnie to.\" \/>\n<meta property=\"og:url\" content=\"https:\/\/pistonaddict.com\/pl\/product\/fisker-karma-signature-edition\/\" \/>\n<meta property=\"og:site_name\" content=\"Piston Addict\" \/>\n<meta property=\"article:modified_time\" content=\"2024-03-20T08:42:39+00:00\" \/>\n<meta property=\"og:image\" content=\"https:\/\/pistonaddict.com\/wp-content\/uploads\/2023\/12\/20210129_085341.jpg\" \/>\n\t<meta property=\"og:image:width\" content=\"1762\" \/>\n\t<meta property=\"og:image:height\" content=\"752\" \/>\n\t<meta property=\"og:image:type\" content=\"image\/jpeg\" \/>\n<meta name=\"twitter:card\" content=\"summary_large_image\" \/>\n<meta name=\"twitter:label1\" content=\"Szacowany czas czytania\" \/>\n\t<meta name=\"twitter:data1\" content=\"3 minuty\" \/>\n<script type=\"application\/ld+json\" class=\"yoast-schema-graph\">{\"@context\":\"https:\/\/schema.org\",\"@graph\":[{\"@type\":\"WebPage\",\"@id\":\"https:\/\/pistonaddict.com\/pl\/product\/fisker-karma-signature-edition\/\",\"url\":\"https:\/\/pistonaddict.com\/pl\/product\/fisker-karma-signature-edition\/\",\"name\":\"Fisker Karma Signature Edition auction - Piston Addict\",\"isPartOf\":{\"@id\":\"https:\/\/pistonaddict.com\/pl\/#website\"},\"primaryImageOfPage\":{\"@id\":\"https:\/\/pistonaddict.com\/pl\/product\/fisker-karma-signature-edition\/#primaryimage\"},\"image\":{\"@id\":\"https:\/\/pistonaddict.com\/pl\/product\/fisker-karma-signature-edition\/#primaryimage\"},\"thumbnailUrl\":\"https:\/\/pistonaddict.com\/wp-content\/uploads\/2023\/12\/20210129_085341.jpg\",\"datePublished\":\"2023-12-13T09:17:52+00:00\",\"dateModified\":\"2024-03-20T08:42:39+00:00\",\"breadcrumb\":{\"@id\":\"https:\/\/pistonaddict.com\/pl\/product\/fisker-karma-signature-edition\/#breadcrumb\"},\"inLanguage\":\"pl-PL\",\"potentialAction\":[{\"@type\":\"ReadAction\",\"target\":[\"https:\/\/pistonaddict.com\/pl\/product\/fisker-karma-signature-edition\/\"]}]},{\"@type\":\"ImageObject\",\"inLanguage\":\"pl-PL\",\"@id\":\"https:\/\/pistonaddict.com\/pl\/product\/fisker-karma-signature-edition\/#primaryimage\",\"url\":\"https:\/\/pistonaddict.com\/wp-content\/uploads\/2023\/12\/20210129_085341.jpg\",\"contentUrl\":\"https:\/\/pistonaddict.com\/wp-content\/uploads\/2023\/12\/20210129_085341.jpg\",\"width\":1762,\"height\":752},{\"@type\":\"BreadcrumbList\",\"@id\":\"https:\/\/pistonaddict.com\/pl\/product\/fisker-karma-signature-edition\/#breadcrumb\",\"itemListElement\":[{\"@type\":\"ListItem\",\"position\":1,\"name\":\"Strona g\u0142\u00f3wna\",\"item\":\"https:\/\/pistonaddict.com\/pl\/strona-glowna-2\/\"},{\"@type\":\"ListItem\",\"position\":2,\"name\":\"Auctions\",\"item\":\"https:\/\/pistonaddict.com\/auctions-listing\/\"},{\"@type\":\"ListItem\",\"position\":3,\"name\":\"Fisker Karma Signature Edition\"}]},{\"@type\":\"WebSite\",\"@id\":\"https:\/\/pistonaddict.com\/pl\/#website\",\"url\":\"https:\/\/pistonaddict.com\/pl\/\",\"name\":\"Piston Addict\",\"description\":\"Only interesting vehicles\",\"publisher\":{\"@id\":\"https:\/\/pistonaddict.com\/pl\/#organization\"},\"potentialAction\":[{\"@type\":\"SearchAction\",\"target\":{\"@type\":\"EntryPoint\",\"urlTemplate\":\"https:\/\/pistonaddict.com\/pl\/?s={search_term_string}\"},\"query-input\":\"required name=search_term_string\"}],\"inLanguage\":\"pl-PL\"},{\"@type\":\"Organization\",\"@id\":\"https:\/\/pistonaddict.com\/pl\/#organization\",\"name\":\"Piston Addict\",\"url\":\"https:\/\/pistonaddict.com\/pl\/\",\"logo\":{\"@type\":\"ImageObject\",\"inLanguage\":\"pl-PL\",\"@id\":\"https:\/\/pistonaddict.com\/pl\/#\/schema\/logo\/image\/\",\"url\":\"https:\/\/pistonaddict.com\/wp-content\/uploads\/2022\/07\/logo-6.png\",\"contentUrl\":\"https:\/\/pistonaddict.com\/wp-content\/uploads\/2022\/07\/logo-6.png\",\"width\":970,\"height\":200,\"caption\":\"Piston Addict\"},\"image\":{\"@id\":\"https:\/\/pistonaddict.com\/pl\/#\/schema\/logo\/image\/\"}}]}<\/script>\n<!-- \/ Yoast SEO plugin. -->","yoast_head_json":{"title":"Fisker Karma Signature Edition auction - Piston Addict","robots":{"index":"index","follow":"follow","max-snippet":"max-snippet:-1","max-image-preview":"max-image-preview:large","max-video-preview":"max-video-preview:-1"},"canonical":"https:\/\/pistonaddict.com\/pl\/product\/fisker-karma-signature-edition\/","og_locale":"pl_PL","og_type":"article","og_title":"Fisker Karma Signature Edition auction - Piston Addict","og_description":"Fisker Karma to nie tylko rewolucyjna hybryda, ale tak\u017ce jeden z najfajniej wygl\u0105daj\u0105cych samochod\u00f3w XXI wieku. Wyprodukowano ich niewiele ponad 3000, wi\u0119c jest to rzadko\u015b\u0107, ale ten egzemplarz jest jeszcze rzadszy. Srebrna Karma 2012, kt\u00f3r\u0105 dzi\u015b oferujemy, jest 1 ze 100 egzemplarzy modelu Signature Edition i zosta\u0142a nawet osobi\u015bcie podpisana przez Henrika Fiskera, w\u0142a\u015bciciela firmy. Je\u015bli szukasz kolekcjonerskiego marzenia, to jest w\u0142a\u015bnie to.","og_url":"https:\/\/pistonaddict.com\/pl\/product\/fisker-karma-signature-edition\/","og_site_name":"Piston Addict","article_modified_time":"2024-03-20T08:42:39+00:00","og_image":[{"width":1762,"height":752,"url":"https:\/\/pistonaddict.com\/wp-content\/uploads\/2023\/12\/20210129_085341.jpg","type":"image\/jpeg"}],"twitter_card":"summary_large_image","twitter_misc":{"Szacowany czas czytania":"3 minuty"},"schema":{"@context":"https:\/\/schema.org","@graph":[{"@type":"WebPage","@id":"https:\/\/pistonaddict.com\/pl\/product\/fisker-karma-signature-edition\/","url":"https:\/\/pistonaddict.com\/pl\/product\/fisker-karma-signature-edition\/","name":"Fisker Karma Signature Edition auction - Piston Addict","isPartOf":{"@id":"https:\/\/pistonaddict.com\/pl\/#website"},"primaryImageOfPage":{"@id":"https:\/\/pistonaddict.com\/pl\/product\/fisker-karma-signature-edition\/#primaryimage"},"image":{"@id":"https:\/\/pistonaddict.com\/pl\/product\/fisker-karma-signature-edition\/#primaryimage"},"thumbnailUrl":"https:\/\/pistonaddict.com\/wp-content\/uploads\/2023\/12\/20210129_085341.jpg","datePublished":"2023-12-13T09:17:52+00:00","dateModified":"2024-03-20T08:42:39+00:00","breadcrumb":{"@id":"https:\/\/pistonaddict.com\/pl\/product\/fisker-karma-signature-edition\/#breadcrumb"},"inLanguage":"pl-PL","potentialAction":[{"@type":"ReadAction","target":["https:\/\/pistonaddict.com\/pl\/product\/fisker-karma-signature-edition\/"]}]},{"@type":"ImageObject","inLanguage":"pl-PL","@id":"https:\/\/pistonaddict.com\/pl\/product\/fisker-karma-signature-edition\/#primaryimage","url":"https:\/\/pistonaddict.com\/wp-content\/uploads\/2023\/12\/20210129_085341.jpg","contentUrl":"https:\/\/pistonaddict.com\/wp-content\/uploads\/2023\/12\/20210129_085341.jpg","width":1762,"height":752},{"@type":"BreadcrumbList","@id":"https:\/\/pistonaddict.com\/pl\/product\/fisker-karma-signature-edition\/#breadcrumb","itemListElement":[{"@type":"ListItem","position":1,"name":"Strona g\u0142\u00f3wna","item":"https:\/\/pistonaddict.com\/pl\/strona-glowna-2\/"},{"@type":"ListItem","position":2,"name":"Auctions","item":"https:\/\/pistonaddict.com\/auctions-listing\/"},{"@type":"ListItem","position":3,"name":"Fisker Karma Signature Edition"}]},{"@type":"WebSite","@id":"https:\/\/pistonaddict.com\/pl\/#website","url":"https:\/\/pistonaddict.com\/pl\/","name":"Piston Addict","description":"Only interesting vehicles","publisher":{"@id":"https:\/\/pistonaddict.com\/pl\/#organization"},"potentialAction":[{"@type":"SearchAction","target":{"@type":"EntryPoint","urlTemplate":"https:\/\/pistonaddict.com\/pl\/?s={search_term_string}"},"query-input":"required name=search_term_string"}],"inLanguage":"pl-PL"},{"@type":"Organization","@id":"https:\/\/pistonaddict.com\/pl\/#organization","name":"Piston Addict","url":"https:\/\/pistonaddict.com\/pl\/","logo":{"@type":"ImageObject","inLanguage":"pl-PL","@id":"https:\/\/pistonaddict.com\/pl\/#\/schema\/logo\/image\/","url":"https:\/\/pistonaddict.com\/wp-content\/uploads\/2022\/07\/logo-6.png","contentUrl":"https:\/\/pistonaddict.com\/wp-content\/uploads\/2022\/07\/logo-6.png","width":970,"height":200,"caption":"Piston Addict"},"image":{"@id":"https:\/\/pistonaddict.com\/pl\/#\/schema\/logo\/image\/"}}]}},"_links":{"self":[{"href":"https:\/\/pistonaddict.com\/pl\/wp-json\/wp\/v2\/product\/78332"}],"collection":[{"href":"https:\/\/pistonaddict.com\/pl\/wp-json\/wp\/v2\/product"}],"about":[{"href":"https:\/\/pistonaddict.com\/pl\/wp-json\/wp\/v2\/types\/product"}],"replies":[{"embeddable":true,"href":"https:\/\/pistonaddict.com\/pl\/wp-json\/wp\/v2\/comments?post=78332"}],"wp:featuredmedia":[{"embeddable":true,"href":"https:\/\/pistonaddict.com\/pl\/wp-json\/wp\/v2\/media\/77669"}],"wp:attachment":[{"href":"https:\/\/pistonaddict.com\/pl\/wp-json\/wp\/v2\/media?parent=78332"}],"wp:term":[{"taxonomy":"product_cat","embeddable":true,"href":"https:\/\/pistonaddict.com\/pl\/wp-json\/wp\/v2\/product_cat?post=78332"},{"taxonomy":"product_tag","embeddable":true,"href":"https:\/\/pistonaddict.com\/pl\/wp-json\/wp\/v2\/product_tag?post=78332"}],"curies":[{"name":"wp","href":"https:\/\/api.w.org\/{rel}","templated":true}]}}