{"id":77367,"date":"2023-12-11T15:55:41","date_gmt":"2023-12-11T14:55:41","guid":{"rendered":"https:\/\/pistonaddict.com\/product\/abarth-124-spider\/"},"modified":"2024-03-20T09:41:44","modified_gmt":"2024-03-20T08:41:44","slug":"abarth-124-spider","status":"publish","type":"product","link":"https:\/\/pistonaddict.com\/pl\/product\/abarth-124-spider\/","title":{"rendered":"Abarth 124 Spider"},"content":{"rendered":"<h2>Zewn\u0119trznie<\/h2>\n<p>Z zewn\u0105trz ju\u017c na pierwszy rzut oka wida\u0107, \u017ce jest to co\u015b wi\u0119cej ni\u017c zwyk\u0142y 124 Spider. Ten pomalowany na czarno roadster ma bardziej agresywne zderzaki, ksenonowe reflektory i dwustronny uk\u0142ad wydechowy z ty\u0142u, z dwoma chromowanymi ko\u0144c\u00f3wkami po ka\u017cdej stronie. Wszystkie te szczeg\u00f3\u0142y nadaj\u0105 samochodowi pot\u0119\u017cn\u0105 prezencj\u0119 na drodze, kt\u00f3ra jednoznacznie odr\u00f3\u017cnia go od jego \u0142agodnego kuzyna. A je\u015bli to nie wystarczy, plakietka z boku z okazji 70-lecia Abartha z pewno\u015bci\u0105 podkre\u015bli ekskluzywno\u015b\u0107 tego konkretnego modelu.<\/p>\n<p>Abarth 124 Spider osadzony jest na 17-calowych felgach wyposa\u017conych w opony Bridgestone, kt\u00f3re mog\u0105 by\u0107 ju\u017c po okresie \u015bwietno\u015bci. Ko\u0142a zapewniaj\u0105 r\u00f3wnie\u017c wyra\u017any widok na masywne czerwone zaciski hamulcowe Brembo, kt\u00f3re obiecuj\u0105 doskona\u0142\u0105 si\u0142\u0119 hamowania.<\/p>\n<h2>Wn\u0119trze<\/h2>\n<p>Podobnie jak w przypadku wygl\u0105du zewn\u0119trznego, wn\u0119trze zawiera kilka przyci\u0105gaj\u0105cych wzrok detali, kt\u00f3re wyra\u017anie wskazuj\u0105 na pochodzenie samochodu. Na pocz\u0105tek para wygodnych foteli pokrytych zamszow\u0105 sk\u00f3r\u0105, z masywnym czerwonym napisem Abart wyszytym na oparciu. Detale w kolorze czerwonym podkre\u015blaj\u0105 r\u00f3wnie\u017c kierownic\u0119 i znajduj\u0105c\u0105 si\u0119 za ni\u0105 desk\u0119 rozdzielcz\u0105, zdominowan\u0105 przez obrotomierz si\u0119gaj\u0105cy 8000 obr. Wreszcie, minimalistyczna deska rozdzielcza zawiera tylko niezb\u0119dne elementy, takie jak elementy steruj\u0105ce klimatyzacj\u0105 i centralnie zamontowany wy\u015bwietlacz, co czyni oczywistym, \u017ce ten samoch\u00f3d zosta\u0142 stworzony przede wszystkim do jazdy.<\/p>\n<h2>Mechanicy<\/h2>\n<p>Na pierwszy rzut oka 1,4-litrowy silnik pod mask\u0105 mo\u017ce nie wydawa\u0107 si\u0119 tak przekonuj\u0105cy, jak mo\u017cna by si\u0119 spodziewa\u0107. Jednak dzi\u0119ki turbospr\u0119\u017carce i udoskonalonemu systemowi zarz\u0105dzania paliwem, kt\u00f3re zwi\u0119kszaj\u0105 jego moc do 170 KM, ta g\u0142adka 4-cylindrowa jednostka ma ca\u0142kiem niez\u0142\u0105 moc. Skrzynia bieg\u00f3w &#8211; konwencjonalna sze\u015bciobiegowa manualna &#8211; to kolejny szczeg\u00f3\u0142 ujawniaj\u0105cy prawdziw\u0105 natur\u0119 Spidera. Taka konfiguracja uk\u0142adu nap\u0119dowego w po\u0142\u0105czeniu z doskona\u0142ym zawieszeniem i sprawnymi hamulcami sprawia, \u017ce jest to prawdziwy samoch\u00f3d dla kierowcy, przeznaczony do jazdy po ka\u017cdej kr\u0119tej drodze.<\/p>\n<h2>Historia pojazdu<\/h2>\n<p>Na koniec kilka s\u0142\u00f3w o obecnym stanie Abartha Spidera. Ostatni regularny przegl\u0105d, kt\u00f3ry obejmowa\u0142 wymian\u0119 oleju, zosta\u0142 wykonany w styczniu 2023 roku. Niedawno, w grudniu, hamulce zosta\u0142y poddane przegl\u0105dowi. Na podstawie dostarczonych zdj\u0119\u0107 i odpowiedniego filmu wideo samoch\u00f3d wydaje si\u0119 by\u0107 w idealnym stanie, bez widocznych uszkodze\u0144 lub \u015blad\u00f3w zu\u017cycia.<\/p>\n<p>Co wi\u0119cej, sprzedawca twierdzi, \u017ce samoch\u00f3d, kt\u00f3ry obecnie znajduje si\u0119 we W\u0142oszech, nie by\u0142 u\u017cywany na torze ani nie bra\u0142 udzia\u0142u w \u017cadnych wypadkach, z pasuj\u0105cym raportem historii pojazdu <a href=\"https:\/\/pistonaddict.com\/wp-content\/uploads\/2023\/12\/abarthspider.pdf\">CARFAX<\/a>, aby to potwierdzi\u0107.<\/p>\n<p><strong><br \/>\nZobacz film z zimnego startu tego pi\u0119knego Abartha 124 Spider:<\/strong><\/p>\n<p><iframe title=\"Cold Start Video of the Abarth 124 Spider for auction sale\" width=\"1200\" height=\"675\" src=\"https:\/\/www.youtube.com\/embed\/wZs51_ew1WU?feature=oembed\" frameborder=\"0\" allow=\"accelerometer; autoplay; clipboard-write; encrypted-media; gyroscope; picture-in-picture; web-share\" allowfullscreen><\/iframe><\/p>\n","protected":false},"excerpt":{"rendered":"<p>Je\u015bli chcesz mie\u0107 samoch\u00f3d, kt\u00f3ry \u015bwietnie wygl\u0105da, jest przyjemny w prowadzeniu i \u0142atwy w utrzymaniu, powiniene\u015b rozwa\u017cy\u0107 zakup roadstera. Do wyboru jest kilka stosunkowo nowych modeli, a jednym z nich jest 124 Spider, kt\u00f3ry dzieli swoje mechaniczne podstawy z prawdopodobnie najbardziej znanym obecnie roadsterem &#8211; Mazd\u0105 MX5. Jako taki, stanowi unikalne po\u0142\u0105czenie w\u0142oskiego stylu i japo\u0144skiej precyzyjnej technologii.<\/p>\n<p>A kiedy wewn\u0119trzny tuner Fiata doprawi to wszystko, otrzymasz ognistego <strong>Abartha 124 Spider<\/strong>, kt\u00f3rego jeden z egzemplarzy jest wystawiony na aukcji tutaj, na naszej stronie. Ten nieskazitelny model z 2019 roku przejecha\u0142 nieco ponad 23 000 kilometr\u00f3w i obecnie szuka nowego w\u0142a\u015bciciela. Poza eleganckim wygl\u0105dem i przyjemn\u0105 wydajno\u015bci\u0105, skrywa jeszcze jednego asa w r\u0119kawie.<\/p>\n","protected":false},"featured_media":77147,"comment_status":"open","ping_status":"closed","template":"","meta":{"inline_featured_image":false},"product_cat":[718],"product_tag":[2734,2738,2728,984],"acf":[],"yoast_head":"<!-- This site is optimized with the Yoast SEO plugin v22.5 - https:\/\/yoast.com\/wordpress\/plugins\/seo\/ -->\n<title>Abarth 124 Spider auction - Piston Addict<\/title>\n<meta name=\"robots\" content=\"index, follow, max-snippet:-1, max-image-preview:large, max-video-preview:-1\" \/>\n<link rel=\"canonical\" href=\"https:\/\/pistonaddict.com\/pl\/product\/abarth-124-spider\/\" \/>\n<meta property=\"og:locale\" content=\"pl_PL\" \/>\n<meta property=\"og:type\" content=\"article\" \/>\n<meta property=\"og:title\" content=\"Abarth 124 Spider auction - Piston Addict\" \/>\n<meta property=\"og:description\" content=\"Je\u015bli chcesz mie\u0107 samoch\u00f3d, kt\u00f3ry \u015bwietnie wygl\u0105da, jest przyjemny w prowadzeniu i \u0142atwy w utrzymaniu, powiniene\u015b rozwa\u017cy\u0107 zakup roadstera. Do wyboru jest kilka stosunkowo nowych modeli, a jednym z nich jest 124 Spider, kt\u00f3ry dzieli swoje mechaniczne podstawy z prawdopodobnie najbardziej znanym obecnie roadsterem - Mazd\u0105 MX5. Jako taki, stanowi unikalne po\u0142\u0105czenie w\u0142oskiego stylu i japo\u0144skiej precyzyjnej technologii. A kiedy wewn\u0119trzny tuner Fiata doprawi to wszystko, otrzymasz ognistego Abartha 124 Spider, kt\u00f3rego jeden z egzemplarzy jest wystawiony na aukcji tutaj, na naszej stronie. Ten nieskazitelny model z 2019 roku przejecha\u0142 nieco ponad 23 000 kilometr\u00f3w i obecnie szuka nowego w\u0142a\u015bciciela. Poza eleganckim wygl\u0105dem i przyjemn\u0105 wydajno\u015bci\u0105, skrywa jeszcze jednego asa w r\u0119kawie.\" \/>\n<meta property=\"og:url\" content=\"https:\/\/pistonaddict.com\/pl\/product\/abarth-124-spider\/\" \/>\n<meta property=\"og:site_name\" content=\"Piston Addict\" \/>\n<meta property=\"article:modified_time\" content=\"2024-03-20T08:41:44+00:00\" \/>\n<meta property=\"og:image\" content=\"https:\/\/pistonaddict.com\/wp-content\/uploads\/2023\/12\/image00020-scaled.jpeg\" \/>\n\t<meta property=\"og:image:width\" content=\"2560\" \/>\n\t<meta property=\"og:image:height\" content=\"1920\" \/>\n\t<meta property=\"og:image:type\" content=\"image\/jpeg\" \/>\n<meta name=\"twitter:card\" content=\"summary_large_image\" \/>\n<meta name=\"twitter:label1\" content=\"Szacowany czas czytania\" \/>\n\t<meta name=\"twitter:data1\" content=\"2 minuty\" \/>\n<script type=\"application\/ld+json\" class=\"yoast-schema-graph\">{\"@context\":\"https:\/\/schema.org\",\"@graph\":[{\"@type\":\"WebPage\",\"@id\":\"https:\/\/pistonaddict.com\/pl\/product\/abarth-124-spider\/\",\"url\":\"https:\/\/pistonaddict.com\/pl\/product\/abarth-124-spider\/\",\"name\":\"Abarth 124 Spider auction - Piston Addict\",\"isPartOf\":{\"@id\":\"https:\/\/pistonaddict.com\/pl\/#website\"},\"primaryImageOfPage\":{\"@id\":\"https:\/\/pistonaddict.com\/pl\/product\/abarth-124-spider\/#primaryimage\"},\"image\":{\"@id\":\"https:\/\/pistonaddict.com\/pl\/product\/abarth-124-spider\/#primaryimage\"},\"thumbnailUrl\":\"https:\/\/pistonaddict.com\/wp-content\/uploads\/2023\/12\/image00020-scaled.jpeg\",\"datePublished\":\"2023-12-11T14:55:41+00:00\",\"dateModified\":\"2024-03-20T08:41:44+00:00\",\"breadcrumb\":{\"@id\":\"https:\/\/pistonaddict.com\/pl\/product\/abarth-124-spider\/#breadcrumb\"},\"inLanguage\":\"pl-PL\",\"potentialAction\":[{\"@type\":\"ReadAction\",\"target\":[\"https:\/\/pistonaddict.com\/pl\/product\/abarth-124-spider\/\"]}]},{\"@type\":\"ImageObject\",\"inLanguage\":\"pl-PL\",\"@id\":\"https:\/\/pistonaddict.com\/pl\/product\/abarth-124-spider\/#primaryimage\",\"url\":\"https:\/\/pistonaddict.com\/wp-content\/uploads\/2023\/12\/image00020-scaled.jpeg\",\"contentUrl\":\"https:\/\/pistonaddict.com\/wp-content\/uploads\/2023\/12\/image00020-scaled.jpeg\",\"width\":2560,\"height\":1920},{\"@type\":\"BreadcrumbList\",\"@id\":\"https:\/\/pistonaddict.com\/pl\/product\/abarth-124-spider\/#breadcrumb\",\"itemListElement\":[{\"@type\":\"ListItem\",\"position\":1,\"name\":\"Strona g\u0142\u00f3wna\",\"item\":\"https:\/\/pistonaddict.com\/pl\/strona-glowna-2\/\"},{\"@type\":\"ListItem\",\"position\":2,\"name\":\"Auctions\",\"item\":\"https:\/\/pistonaddict.com\/auctions-listing\/\"},{\"@type\":\"ListItem\",\"position\":3,\"name\":\"Abarth 124 Spider\"}]},{\"@type\":\"WebSite\",\"@id\":\"https:\/\/pistonaddict.com\/pl\/#website\",\"url\":\"https:\/\/pistonaddict.com\/pl\/\",\"name\":\"Piston Addict\",\"description\":\"Only interesting vehicles\",\"publisher\":{\"@id\":\"https:\/\/pistonaddict.com\/pl\/#organization\"},\"potentialAction\":[{\"@type\":\"SearchAction\",\"target\":{\"@type\":\"EntryPoint\",\"urlTemplate\":\"https:\/\/pistonaddict.com\/pl\/?s={search_term_string}\"},\"query-input\":\"required name=search_term_string\"}],\"inLanguage\":\"pl-PL\"},{\"@type\":\"Organization\",\"@id\":\"https:\/\/pistonaddict.com\/pl\/#organization\",\"name\":\"Piston Addict\",\"url\":\"https:\/\/pistonaddict.com\/pl\/\",\"logo\":{\"@type\":\"ImageObject\",\"inLanguage\":\"pl-PL\",\"@id\":\"https:\/\/pistonaddict.com\/pl\/#\/schema\/logo\/image\/\",\"url\":\"https:\/\/pistonaddict.com\/wp-content\/uploads\/2022\/07\/logo-6.png\",\"contentUrl\":\"https:\/\/pistonaddict.com\/wp-content\/uploads\/2022\/07\/logo-6.png\",\"width\":970,\"height\":200,\"caption\":\"Piston Addict\"},\"image\":{\"@id\":\"https:\/\/pistonaddict.com\/pl\/#\/schema\/logo\/image\/\"}}]}<\/script>\n<!-- \/ Yoast SEO plugin. -->","yoast_head_json":{"title":"Abarth 124 Spider auction - Piston Addict","robots":{"index":"index","follow":"follow","max-snippet":"max-snippet:-1","max-image-preview":"max-image-preview:large","max-video-preview":"max-video-preview:-1"},"canonical":"https:\/\/pistonaddict.com\/pl\/product\/abarth-124-spider\/","og_locale":"pl_PL","og_type":"article","og_title":"Abarth 124 Spider auction - Piston Addict","og_description":"Je\u015bli chcesz mie\u0107 samoch\u00f3d, kt\u00f3ry \u015bwietnie wygl\u0105da, jest przyjemny w prowadzeniu i \u0142atwy w utrzymaniu, powiniene\u015b rozwa\u017cy\u0107 zakup roadstera. Do wyboru jest kilka stosunkowo nowych modeli, a jednym z nich jest 124 Spider, kt\u00f3ry dzieli swoje mechaniczne podstawy z prawdopodobnie najbardziej znanym obecnie roadsterem - Mazd\u0105 MX5. Jako taki, stanowi unikalne po\u0142\u0105czenie w\u0142oskiego stylu i japo\u0144skiej precyzyjnej technologii. A kiedy wewn\u0119trzny tuner Fiata doprawi to wszystko, otrzymasz ognistego Abartha 124 Spider, kt\u00f3rego jeden z egzemplarzy jest wystawiony na aukcji tutaj, na naszej stronie. Ten nieskazitelny model z 2019 roku przejecha\u0142 nieco ponad 23 000 kilometr\u00f3w i obecnie szuka nowego w\u0142a\u015bciciela. Poza eleganckim wygl\u0105dem i przyjemn\u0105 wydajno\u015bci\u0105, skrywa jeszcze jednego asa w r\u0119kawie.","og_url":"https:\/\/pistonaddict.com\/pl\/product\/abarth-124-spider\/","og_site_name":"Piston Addict","article_modified_time":"2024-03-20T08:41:44+00:00","og_image":[{"width":2560,"height":1920,"url":"https:\/\/pistonaddict.com\/wp-content\/uploads\/2023\/12\/image00020-scaled.jpeg","type":"image\/jpeg"}],"twitter_card":"summary_large_image","twitter_misc":{"Szacowany czas czytania":"2 minuty"},"schema":{"@context":"https:\/\/schema.org","@graph":[{"@type":"WebPage","@id":"https:\/\/pistonaddict.com\/pl\/product\/abarth-124-spider\/","url":"https:\/\/pistonaddict.com\/pl\/product\/abarth-124-spider\/","name":"Abarth 124 Spider auction - Piston Addict","isPartOf":{"@id":"https:\/\/pistonaddict.com\/pl\/#website"},"primaryImageOfPage":{"@id":"https:\/\/pistonaddict.com\/pl\/product\/abarth-124-spider\/#primaryimage"},"image":{"@id":"https:\/\/pistonaddict.com\/pl\/product\/abarth-124-spider\/#primaryimage"},"thumbnailUrl":"https:\/\/pistonaddict.com\/wp-content\/uploads\/2023\/12\/image00020-scaled.jpeg","datePublished":"2023-12-11T14:55:41+00:00","dateModified":"2024-03-20T08:41:44+00:00","breadcrumb":{"@id":"https:\/\/pistonaddict.com\/pl\/product\/abarth-124-spider\/#breadcrumb"},"inLanguage":"pl-PL","potentialAction":[{"@type":"ReadAction","target":["https:\/\/pistonaddict.com\/pl\/product\/abarth-124-spider\/"]}]},{"@type":"ImageObject","inLanguage":"pl-PL","@id":"https:\/\/pistonaddict.com\/pl\/product\/abarth-124-spider\/#primaryimage","url":"https:\/\/pistonaddict.com\/wp-content\/uploads\/2023\/12\/image00020-scaled.jpeg","contentUrl":"https:\/\/pistonaddict.com\/wp-content\/uploads\/2023\/12\/image00020-scaled.jpeg","width":2560,"height":1920},{"@type":"BreadcrumbList","@id":"https:\/\/pistonaddict.com\/pl\/product\/abarth-124-spider\/#breadcrumb","itemListElement":[{"@type":"ListItem","position":1,"name":"Strona g\u0142\u00f3wna","item":"https:\/\/pistonaddict.com\/pl\/strona-glowna-2\/"},{"@type":"ListItem","position":2,"name":"Auctions","item":"https:\/\/pistonaddict.com\/auctions-listing\/"},{"@type":"ListItem","position":3,"name":"Abarth 124 Spider"}]},{"@type":"WebSite","@id":"https:\/\/pistonaddict.com\/pl\/#website","url":"https:\/\/pistonaddict.com\/pl\/","name":"Piston Addict","description":"Only interesting vehicles","publisher":{"@id":"https:\/\/pistonaddict.com\/pl\/#organization"},"potentialAction":[{"@type":"SearchAction","target":{"@type":"EntryPoint","urlTemplate":"https:\/\/pistonaddict.com\/pl\/?s={search_term_string}"},"query-input":"required name=search_term_string"}],"inLanguage":"pl-PL"},{"@type":"Organization","@id":"https:\/\/pistonaddict.com\/pl\/#organization","name":"Piston Addict","url":"https:\/\/pistonaddict.com\/pl\/","logo":{"@type":"ImageObject","inLanguage":"pl-PL","@id":"https:\/\/pistonaddict.com\/pl\/#\/schema\/logo\/image\/","url":"https:\/\/pistonaddict.com\/wp-content\/uploads\/2022\/07\/logo-6.png","contentUrl":"https:\/\/pistonaddict.com\/wp-content\/uploads\/2022\/07\/logo-6.png","width":970,"height":200,"caption":"Piston Addict"},"image":{"@id":"https:\/\/pistonaddict.com\/pl\/#\/schema\/logo\/image\/"}}]}},"_links":{"self":[{"href":"https:\/\/pistonaddict.com\/pl\/wp-json\/wp\/v2\/product\/77367"}],"collection":[{"href":"https:\/\/pistonaddict.com\/pl\/wp-json\/wp\/v2\/product"}],"about":[{"href":"https:\/\/pistonaddict.com\/pl\/wp-json\/wp\/v2\/types\/product"}],"replies":[{"embeddable":true,"href":"https:\/\/pistonaddict.com\/pl\/wp-json\/wp\/v2\/comments?post=77367"}],"wp:featuredmedia":[{"embeddable":true,"href":"https:\/\/pistonaddict.com\/pl\/wp-json\/wp\/v2\/media\/77147"}],"wp:attachment":[{"href":"https:\/\/pistonaddict.com\/pl\/wp-json\/wp\/v2\/media?parent=77367"}],"wp:term":[{"taxonomy":"product_cat","embeddable":true,"href":"https:\/\/pistonaddict.com\/pl\/wp-json\/wp\/v2\/product_cat?post=77367"},{"taxonomy":"product_tag","embeddable":true,"href":"https:\/\/pistonaddict.com\/pl\/wp-json\/wp\/v2\/product_tag?post=77367"}],"curies":[{"name":"wp","href":"https:\/\/api.w.org\/{rel}","templated":true}]}}