{"id":76289,"date":"2023-12-01T10:53:23","date_gmt":"2023-12-01T09:53:23","guid":{"rendered":"https:\/\/pistonaddict.com\/product\/ferrari-488-gtb\/"},"modified":"2023-12-20T11:45:29","modified_gmt":"2023-12-20T10:45:29","slug":"ferrari-488-gtb","status":"publish","type":"product","link":"https:\/\/pistonaddict.com\/pl\/product\/ferrari-488-gtb\/","title":{"rendered":"Ferrari 488 GTB"},"content":{"rendered":"<p><strong>Historia samochodu<\/strong><\/p>\n<p>Zast\u0119puj\u0105c model 458 Italia w 2015 roku, Ferrari wprowadzi\u0142o model 488 GTB, kt\u00f3ry by\u0142 pierwszym turbodo\u0142adowanym, \u015brodkowym silnikiem V8 Ferrari od czas\u00f3w legendarnego modelu F40. Mimo \u017ce 488 GTB mia\u0142 mniejsz\u0105 pojemno\u015b\u0107 skokow\u0105, posiadaj\u0105c tylko 3,9-litrowy silnik V8, mia\u0142 o 100 KM wi\u0119cej ni\u017c 458 Italia, osi\u0105gaj\u0105c zdumiewaj\u0105c\u0105 moc 670 KM. Ale jeszcze bardziej ekscytuj\u0105cy by\u0142 moment obrotowy, kt\u00f3ry wynosi imponuj\u0105ce 760 Nm i gwarantuje b\u0142yskawiczne przyspieszenie, natychmiastow\u0105 reakcj\u0119 przepustnicy i niewiarygodn\u0105 dynamik\u0119 jazdy. 100 km\/h mo\u017cna osi\u0105gn\u0105\u0107 w zaledwie 3 sekundy, a pr\u0119dko\u015b\u0107 maksymalna 330 km\/h brzmi niesamowicie. Dzi\u0119ki niskiemu przebiegowi, ekscytuj\u0105cym opcjom i hamulcom z w\u0142\u00f3kna w\u0119glowego, oferowany przez nas 488 GTB jest prawdziwym modelem specyfikacji kierowcy, gotowym zadziwi\u0107 Ci\u0119 czyst\u0105 moc\u0105, wyrafinowaniem i dynamik\u0105 jazdy my\u015bliwca.<\/p>\n<p><strong>Wn\u0119trze<\/strong><\/p>\n<p>Poniewa\u017c to Ferrari by\u0142o pieczo\u0142owicie utrzymywane, czarna sk\u00f3ra i wn\u0119trze z Alcantary s\u0105 w bardzo dobrym stanie, bez \u015blad\u00f3w u\u017cytkowania. Pierwotny w\u0142a\u015bciciel tego samochodu zdecydowa\u0142 si\u0119 na wyczynowe opcje, takie jak karbonowe fotele z po\u0142\u0105czeniem sk\u00f3ry i Alcantary, cyfrowy wy\u015bwietlacz na kierownicy i karbonowe wstawki wewn\u0119trzne. Wszystkie te elementy wygl\u0105daj\u0105 doskonale, bez zadrapa\u0144 i dodaj\u0105 temu samochodowi charakteru. Nie ma \u017cadnych modyfikacji i wszystko dzia\u0142a zgodnie z oczekiwaniami.<\/p>\n<p><strong>Stan<\/strong><\/p>\n<p>Pocz\u0105tkowo to Ferrari 488 GTB zosta\u0142o dostarczone w kwietniu 2016 r. do pierwszego w\u0142a\u015bciciela we Francji, a sprzedawca naby\u0142 je w 2022 r. Ten supersamoch\u00f3d jest w nieskazitelnym stanie, z przebiegiem zaledwie 20 500 kilometr\u00f3w. Samoch\u00f3d nigdy nie bra\u0142 udzia\u0142u w wy\u015bcigach, torach ani wypadkach. Zawsze starannie konserwowany, z hamulcami poddanymi przegl\u0105dowi pod koniec listopada 2023 r. I ostatnim pe\u0142nym serwisem wykonanym w maju tego samego roku. Przysz\u0142ych w\u0142a\u015bcicieli ucieszy fakt, \u017ce ten egzemplarz jest obj\u0119ty rozszerzon\u0105 gwarancj\u0105 Ferrari (Ferrari Power), kt\u00f3r\u0105 mo\u017cna przenie\u015b\u0107. Konserwacja by\u0142a zawsze wykonywana przez autoryzowanego dealera i jest udokumentowana. Jednak jedn\u0105 z zalet tego konkretnego samochodu jest d\u0142uga lista opcjonalnych dodatk\u00f3w. <strong>Ten 488 GTB ma system ATF, ceramiczne hamulce z malowanymi zaciskami hamulcowymi, panele drzwi i siedzenia z w\u0142\u00f3kna w\u0119glowego, przednie i tylne PDC, podno\u015bnik zawieszenia i wstawki z w\u0142\u00f3kna w\u0119glowego<\/strong>. Wszystko to sprawia, \u017ce jest to wyj\u0105tkowy samoch\u00f3d o idealnej specyfikacji dla kierowcy.<\/p>\n<p><strong>Wygl\u0105d zewn\u0119trzny i ko\u0142a<\/strong><\/p>\n<p>Wyko\u0144czony w uderzaj\u0105cym odcieniu Grigio Silverstone, ten 488 GTB ma pasuj\u0105ce czarne wn\u0119trze, co czyni go ca\u0142kiem atrakcyjnym. Chocia\u017c nie jest czerwony, jest jeszcze pi\u0119kniejszy i bardziej dyskretny w ciemnoszarym kolorze. Oczywi\u015bcie karoseria jest bez zadrapa\u0144 i wgniece\u0144. Dzi\u0119ki fabrycznym 20-calowym ko\u0142om owini\u0119tym w zupe\u0142nie nowe i prawid\u0142owe opony Pirelli, ten fantastyczny 488 GTB jest gotowy, aby przekszta\u0142ci\u0107 swoje 670 KM w wyj\u0105tkowe wra\u017cenia z jazdy.<\/p>\n<p><strong> <\/strong><strong>Dokumentacja<\/strong><\/p>\n<p>Profesjonalista sprzedaje ten pojazd z odpowiedni\u0105 dokumentacj\u0105, znajduj\u0105cy si\u0119 we Francji. <a href=\"https:\/\/pistonaddict.com\/wp-content\/uploads\/2023\/12\/Ferrari488GTB.pdf\" target=\"_blank\" rel=\"noopener\">Raport CarVertical<\/a> jest czysty; nie ma dowod\u00f3w na wypadki, naprawy powypadkowe, w\u0142asno\u015b\u0107 lub problemy prawne. Istniej\u0105 zapisy dotycz\u0105ce regularnych przegl\u0105d\u00f3w, rachunki sprzeda\u017cy i paragony. <strong>Rozszerzona gwarancja fabryczna na ten model na 12 miesi\u0119cy<\/strong> i certyfikat zgodno\u015bci (o warto\u015bci 2000 euro) s\u0105 dodatkowym dowodem na to, \u017ce jest to najwy\u017cszej klasy pojazd kolekcjonerski.<\/p>\n<p><strong><br \/>\nZobacz film z zimnego startu tego pi\u0119knego Ferrari 488 GTB:<\/strong><\/p>\n<p><iframe title=\"Cold Start Video of the Ferrari 488 GTB for auction sale\" width=\"1200\" height=\"675\" src=\"https:\/\/www.youtube.com\/embed\/_SyEnhUZHXQ?feature=oembed\" frameborder=\"0\" allow=\"accelerometer; autoplay; clipboard-write; encrypted-media; gyroscope; picture-in-picture; web-share\" allowfullscreen><\/iframe><\/p>\n","protected":false},"excerpt":{"rendered":"<p>Je\u015bli Ferrari 458 Italia by\u0142o wolnoss\u0105c\u0105 doskona\u0142o\u015bci\u0105, to jego nast\u0119pca, model 488 Italia, by\u0142 arcydzie\u0142em z turbodo\u0142adowaniem. Model 458 Italia ustanowi\u0142 niezwykle wysokie standardy dla klasy samochod\u00f3w sportowych z silnikiem umieszczonym centralnie, ale Ferrari zdo\u0142a\u0142o przekroczy\u0107 oczekiwania dzi\u0119ki modelowi 488 GTB. Niesamowicie mocny, agresywny i szybki, 488 GTB to prawdziwy samoch\u00f3d sportowy dla koneser\u00f3w, kt\u00f3ry r\u00f3wnie dobrze czuje si\u0119 na autostradzie, jak i na torze. Przyk\u0142ad, kt\u00f3ry mamy w sprzeda\u017cy, jest jednym z najlepszych dost\u0119pnych.<\/p>\n","protected":false},"featured_media":75680,"comment_status":"open","ping_status":"closed","template":"","meta":{"inline_featured_image":false},"product_cat":[718],"product_tag":[2665,2276,913,2661],"acf":[],"yoast_head":"<!-- This site is optimized with the Yoast SEO plugin v22.5 - https:\/\/yoast.com\/wordpress\/plugins\/seo\/ -->\n<title>Ferrari 488 GTB auction - Piston Addict<\/title>\n<meta name=\"robots\" content=\"index, follow, max-snippet:-1, max-image-preview:large, max-video-preview:-1\" \/>\n<link rel=\"canonical\" href=\"https:\/\/pistonaddict.com\/pl\/product\/ferrari-488-gtb\/\" \/>\n<meta property=\"og:locale\" content=\"pl_PL\" \/>\n<meta property=\"og:type\" content=\"article\" \/>\n<meta property=\"og:title\" content=\"Ferrari 488 GTB auction - Piston Addict\" \/>\n<meta property=\"og:description\" content=\"Je\u015bli Ferrari 458 Italia by\u0142o wolnoss\u0105c\u0105 doskona\u0142o\u015bci\u0105, to jego nast\u0119pca, model 488 Italia, by\u0142 arcydzie\u0142em z turbodo\u0142adowaniem. Model 458 Italia ustanowi\u0142 niezwykle wysokie standardy dla klasy samochod\u00f3w sportowych z silnikiem umieszczonym centralnie, ale Ferrari zdo\u0142a\u0142o przekroczy\u0107 oczekiwania dzi\u0119ki modelowi 488 GTB. Niesamowicie mocny, agresywny i szybki, 488 GTB to prawdziwy samoch\u00f3d sportowy dla koneser\u00f3w, kt\u00f3ry r\u00f3wnie dobrze czuje si\u0119 na autostradzie, jak i na torze. Przyk\u0142ad, kt\u00f3ry mamy w sprzeda\u017cy, jest jednym z najlepszych dost\u0119pnych.\" \/>\n<meta property=\"og:url\" content=\"https:\/\/pistonaddict.com\/pl\/product\/ferrari-488-gtb\/\" \/>\n<meta property=\"og:site_name\" content=\"Piston Addict\" \/>\n<meta property=\"article:modified_time\" content=\"2023-12-20T10:45:29+00:00\" \/>\n<meta property=\"og:image\" content=\"https:\/\/pistonaddict.com\/wp-content\/uploads\/2023\/12\/IMG_0075-1024x765.png\" \/>\n\t<meta property=\"og:image:width\" content=\"1024\" \/>\n\t<meta property=\"og:image:height\" content=\"765\" \/>\n\t<meta property=\"og:image:type\" content=\"image\/png\" \/>\n<meta name=\"twitter:card\" content=\"summary_large_image\" \/>\n<meta name=\"twitter:label1\" content=\"Szacowany czas czytania\" \/>\n\t<meta name=\"twitter:data1\" content=\"3 minuty\" \/>\n<script type=\"application\/ld+json\" class=\"yoast-schema-graph\">{\"@context\":\"https:\/\/schema.org\",\"@graph\":[{\"@type\":\"WebPage\",\"@id\":\"https:\/\/pistonaddict.com\/pl\/product\/ferrari-488-gtb\/\",\"url\":\"https:\/\/pistonaddict.com\/pl\/product\/ferrari-488-gtb\/\",\"name\":\"Ferrari 488 GTB auction - Piston Addict\",\"isPartOf\":{\"@id\":\"https:\/\/pistonaddict.com\/pl\/#website\"},\"primaryImageOfPage\":{\"@id\":\"https:\/\/pistonaddict.com\/pl\/product\/ferrari-488-gtb\/#primaryimage\"},\"image\":{\"@id\":\"https:\/\/pistonaddict.com\/pl\/product\/ferrari-488-gtb\/#primaryimage\"},\"thumbnailUrl\":\"https:\/\/pistonaddict.com\/wp-content\/uploads\/2023\/12\/IMG_0075.png\",\"datePublished\":\"2023-12-01T09:53:23+00:00\",\"dateModified\":\"2023-12-20T10:45:29+00:00\",\"breadcrumb\":{\"@id\":\"https:\/\/pistonaddict.com\/pl\/product\/ferrari-488-gtb\/#breadcrumb\"},\"inLanguage\":\"pl-PL\",\"potentialAction\":[{\"@type\":\"ReadAction\",\"target\":[\"https:\/\/pistonaddict.com\/pl\/product\/ferrari-488-gtb\/\"]}]},{\"@type\":\"ImageObject\",\"inLanguage\":\"pl-PL\",\"@id\":\"https:\/\/pistonaddict.com\/pl\/product\/ferrari-488-gtb\/#primaryimage\",\"url\":\"https:\/\/pistonaddict.com\/wp-content\/uploads\/2023\/12\/IMG_0075.png\",\"contentUrl\":\"https:\/\/pistonaddict.com\/wp-content\/uploads\/2023\/12\/IMG_0075.png\",\"width\":2160,\"height\":1614},{\"@type\":\"BreadcrumbList\",\"@id\":\"https:\/\/pistonaddict.com\/pl\/product\/ferrari-488-gtb\/#breadcrumb\",\"itemListElement\":[{\"@type\":\"ListItem\",\"position\":1,\"name\":\"Strona g\u0142\u00f3wna\",\"item\":\"https:\/\/pistonaddict.com\/pl\/strona-glowna-2\/\"},{\"@type\":\"ListItem\",\"position\":2,\"name\":\"Auctions\",\"item\":\"https:\/\/pistonaddict.com\/auctions-listing\/\"},{\"@type\":\"ListItem\",\"position\":3,\"name\":\"Ferrari 488 GTB\"}]},{\"@type\":\"WebSite\",\"@id\":\"https:\/\/pistonaddict.com\/pl\/#website\",\"url\":\"https:\/\/pistonaddict.com\/pl\/\",\"name\":\"Piston Addict\",\"description\":\"Only interesting vehicles\",\"publisher\":{\"@id\":\"https:\/\/pistonaddict.com\/pl\/#organization\"},\"potentialAction\":[{\"@type\":\"SearchAction\",\"target\":{\"@type\":\"EntryPoint\",\"urlTemplate\":\"https:\/\/pistonaddict.com\/pl\/?s={search_term_string}\"},\"query-input\":\"required name=search_term_string\"}],\"inLanguage\":\"pl-PL\"},{\"@type\":\"Organization\",\"@id\":\"https:\/\/pistonaddict.com\/pl\/#organization\",\"name\":\"Piston Addict\",\"url\":\"https:\/\/pistonaddict.com\/pl\/\",\"logo\":{\"@type\":\"ImageObject\",\"inLanguage\":\"pl-PL\",\"@id\":\"https:\/\/pistonaddict.com\/pl\/#\/schema\/logo\/image\/\",\"url\":\"https:\/\/pistonaddict.com\/wp-content\/uploads\/2022\/07\/logo-6.png\",\"contentUrl\":\"https:\/\/pistonaddict.com\/wp-content\/uploads\/2022\/07\/logo-6.png\",\"width\":970,\"height\":200,\"caption\":\"Piston Addict\"},\"image\":{\"@id\":\"https:\/\/pistonaddict.com\/pl\/#\/schema\/logo\/image\/\"}}]}<\/script>\n<!-- \/ Yoast SEO plugin. -->","yoast_head_json":{"title":"Ferrari 488 GTB auction - Piston Addict","robots":{"index":"index","follow":"follow","max-snippet":"max-snippet:-1","max-image-preview":"max-image-preview:large","max-video-preview":"max-video-preview:-1"},"canonical":"https:\/\/pistonaddict.com\/pl\/product\/ferrari-488-gtb\/","og_locale":"pl_PL","og_type":"article","og_title":"Ferrari 488 GTB auction - Piston Addict","og_description":"Je\u015bli Ferrari 458 Italia by\u0142o wolnoss\u0105c\u0105 doskona\u0142o\u015bci\u0105, to jego nast\u0119pca, model 488 Italia, by\u0142 arcydzie\u0142em z turbodo\u0142adowaniem. Model 458 Italia ustanowi\u0142 niezwykle wysokie standardy dla klasy samochod\u00f3w sportowych z silnikiem umieszczonym centralnie, ale Ferrari zdo\u0142a\u0142o przekroczy\u0107 oczekiwania dzi\u0119ki modelowi 488 GTB. Niesamowicie mocny, agresywny i szybki, 488 GTB to prawdziwy samoch\u00f3d sportowy dla koneser\u00f3w, kt\u00f3ry r\u00f3wnie dobrze czuje si\u0119 na autostradzie, jak i na torze. Przyk\u0142ad, kt\u00f3ry mamy w sprzeda\u017cy, jest jednym z najlepszych dost\u0119pnych.","og_url":"https:\/\/pistonaddict.com\/pl\/product\/ferrari-488-gtb\/","og_site_name":"Piston Addict","article_modified_time":"2023-12-20T10:45:29+00:00","og_image":[{"width":1024,"height":765,"url":"https:\/\/pistonaddict.com\/wp-content\/uploads\/2023\/12\/IMG_0075-1024x765.png","type":"image\/png"}],"twitter_card":"summary_large_image","twitter_misc":{"Szacowany czas czytania":"3 minuty"},"schema":{"@context":"https:\/\/schema.org","@graph":[{"@type":"WebPage","@id":"https:\/\/pistonaddict.com\/pl\/product\/ferrari-488-gtb\/","url":"https:\/\/pistonaddict.com\/pl\/product\/ferrari-488-gtb\/","name":"Ferrari 488 GTB auction - Piston Addict","isPartOf":{"@id":"https:\/\/pistonaddict.com\/pl\/#website"},"primaryImageOfPage":{"@id":"https:\/\/pistonaddict.com\/pl\/product\/ferrari-488-gtb\/#primaryimage"},"image":{"@id":"https:\/\/pistonaddict.com\/pl\/product\/ferrari-488-gtb\/#primaryimage"},"thumbnailUrl":"https:\/\/pistonaddict.com\/wp-content\/uploads\/2023\/12\/IMG_0075.png","datePublished":"2023-12-01T09:53:23+00:00","dateModified":"2023-12-20T10:45:29+00:00","breadcrumb":{"@id":"https:\/\/pistonaddict.com\/pl\/product\/ferrari-488-gtb\/#breadcrumb"},"inLanguage":"pl-PL","potentialAction":[{"@type":"ReadAction","target":["https:\/\/pistonaddict.com\/pl\/product\/ferrari-488-gtb\/"]}]},{"@type":"ImageObject","inLanguage":"pl-PL","@id":"https:\/\/pistonaddict.com\/pl\/product\/ferrari-488-gtb\/#primaryimage","url":"https:\/\/pistonaddict.com\/wp-content\/uploads\/2023\/12\/IMG_0075.png","contentUrl":"https:\/\/pistonaddict.com\/wp-content\/uploads\/2023\/12\/IMG_0075.png","width":2160,"height":1614},{"@type":"BreadcrumbList","@id":"https:\/\/pistonaddict.com\/pl\/product\/ferrari-488-gtb\/#breadcrumb","itemListElement":[{"@type":"ListItem","position":1,"name":"Strona g\u0142\u00f3wna","item":"https:\/\/pistonaddict.com\/pl\/strona-glowna-2\/"},{"@type":"ListItem","position":2,"name":"Auctions","item":"https:\/\/pistonaddict.com\/auctions-listing\/"},{"@type":"ListItem","position":3,"name":"Ferrari 488 GTB"}]},{"@type":"WebSite","@id":"https:\/\/pistonaddict.com\/pl\/#website","url":"https:\/\/pistonaddict.com\/pl\/","name":"Piston Addict","description":"Only interesting vehicles","publisher":{"@id":"https:\/\/pistonaddict.com\/pl\/#organization"},"potentialAction":[{"@type":"SearchAction","target":{"@type":"EntryPoint","urlTemplate":"https:\/\/pistonaddict.com\/pl\/?s={search_term_string}"},"query-input":"required name=search_term_string"}],"inLanguage":"pl-PL"},{"@type":"Organization","@id":"https:\/\/pistonaddict.com\/pl\/#organization","name":"Piston Addict","url":"https:\/\/pistonaddict.com\/pl\/","logo":{"@type":"ImageObject","inLanguage":"pl-PL","@id":"https:\/\/pistonaddict.com\/pl\/#\/schema\/logo\/image\/","url":"https:\/\/pistonaddict.com\/wp-content\/uploads\/2022\/07\/logo-6.png","contentUrl":"https:\/\/pistonaddict.com\/wp-content\/uploads\/2022\/07\/logo-6.png","width":970,"height":200,"caption":"Piston Addict"},"image":{"@id":"https:\/\/pistonaddict.com\/pl\/#\/schema\/logo\/image\/"}}]}},"_links":{"self":[{"href":"https:\/\/pistonaddict.com\/pl\/wp-json\/wp\/v2\/product\/76289"}],"collection":[{"href":"https:\/\/pistonaddict.com\/pl\/wp-json\/wp\/v2\/product"}],"about":[{"href":"https:\/\/pistonaddict.com\/pl\/wp-json\/wp\/v2\/types\/product"}],"replies":[{"embeddable":true,"href":"https:\/\/pistonaddict.com\/pl\/wp-json\/wp\/v2\/comments?post=76289"}],"wp:featuredmedia":[{"embeddable":true,"href":"https:\/\/pistonaddict.com\/pl\/wp-json\/wp\/v2\/media\/75680"}],"wp:attachment":[{"href":"https:\/\/pistonaddict.com\/pl\/wp-json\/wp\/v2\/media?parent=76289"}],"wp:term":[{"taxonomy":"product_cat","embeddable":true,"href":"https:\/\/pistonaddict.com\/pl\/wp-json\/wp\/v2\/product_cat?post=76289"},{"taxonomy":"product_tag","embeddable":true,"href":"https:\/\/pistonaddict.com\/pl\/wp-json\/wp\/v2\/product_tag?post=76289"}],"curies":[{"name":"wp","href":"https:\/\/api.w.org\/{rel}","templated":true}]}}