{"id":75663,"date":"2023-12-01T10:02:11","date_gmt":"2023-12-01T09:02:11","guid":{"rendered":"https:\/\/pistonaddict.com\/product\/ferrari-458-italia\/"},"modified":"2023-12-20T09:59:11","modified_gmt":"2023-12-20T08:59:11","slug":"ferrari-458-italia","status":"publish","type":"product","link":"https:\/\/pistonaddict.com\/pl\/product\/ferrari-458-italia\/","title":{"rendered":"Ferrari 458 Italia"},"content":{"rendered":"<p><strong>Historia samochodu<\/strong><\/p>\n<p>Model 458 Italia zosta\u0142 zaprezentowany w 2009 roku i wyznaczy\u0142 now\u0105 er\u0119 dla tej legendarnej marki, wprowadzaj\u0105c nowy j\u0119zyk projektowania, 4,5-litrowy silnik V8, elektroniczny mechanizm r\u00f3\u017cnicowy i 7-biegow\u0105 dwusprz\u0119g\u0142ow\u0105 automatyczn\u0105 skrzyni\u0119 bieg\u00f3w jako jedyn\u0105 opcj\u0119 silnika. Z moc\u0105 570 KM wysy\u0142an\u0105 na tylne ko\u0142a i czerwon\u0105 lini\u0105 9000 obrot\u00f3w na minut\u0119, 458 Italia zapewnia dynamik\u0119 jazdy zbli\u017con\u0105 do Formu\u0142y 1 z t\u0105 sam\u0105 \u015bcie\u017ck\u0105 d\u017awi\u0119kow\u0105 i emocjami. Od samego pocz\u0105tku testerzy czasopism uznawali 458 za jedno z najlepszych drogowych Ferrari w ofercie &#8211; to wznios\u0142e uznanie, ale nie bez powodu. To niesamowicie szybki w\u0142oski ogier, kt\u00f3ry od 0 do 100 km\/h rozp\u0119dza si\u0119 w czasie znacznie poni\u017cej 4 sekund, a jego pr\u0119dko\u015b\u0107 maksymalna wynosi ponad 320 km\/h. To konkretne Ferrari 458 zosta\u0142o wyprodukowane w 2011 roku, a obecny sprzedawca naby\u0142 je w 2022 roku. Dzi\u0119ki bardzo interesuj\u0105cemu zestawowi opcji, klasycznemu czerwono-czarnemu schematowi malowania, niskiemu przebiegowi i niedawnemu serwisowi, jest gotowy, aby cieszy\u0107 si\u0119 nowym w\u0142a\u015bcicielem. Pierwotny w\u0142a\u015bciciel tego samochodu skupi\u0142 si\u0119 na wygodnych opcjach, takich jak adaptacyjny system o\u015bwietlenia przedniego, podgrzewane fotele, PDC u\u0142atwiaj\u0105cy manewrowanie i parkowanie, elektrycznie regulowana kolumna kierownicy i wiele innych. Wszystko to sprawia, \u017ce 458 Italia jest bardzo dobrze wyposa\u017conym i przyjaznym dla u\u017cytkownika egzemplarzem.<\/p>\n<p><strong>Wn\u0119trze<\/strong><\/p>\n<p>Poniewa\u017c to Ferrari by\u0142o pieczo\u0142owicie utrzymywane, czarne sk\u00f3rzane wn\u0119trze jest w bardzo dobrym stanie z minimalnymi \u015bladami u\u017cytkowania. Fotele z czerwonymi przeszyciami s\u0105 w idealnym stanie, a oryginalny w\u0142a\u015bciciel wybra\u0142 elegancki wygl\u0105d, kt\u00f3ry nigdy nie wyjdzie z mody. Nie ma \u017cadnych modyfikacji, a wn\u0119trze wygl\u0105da jak nowe.<\/p>\n<p><strong>Stan<\/strong><\/p>\n<p>Z przebiegiem zaledwie 25 500 kilometr\u00f3w, to Ferrari 458 Italia jest nieskazitelne i starannie piel\u0119gnowane przez wszystkich u\u017cytkownik\u00f3w. Wszystkie procedury konserwacyjne zosta\u0142y wykonane na czas, z ostatni\u0105 wymian\u0105 oleju i serwisem przeprowadzonym w maju 2023 r., a hamulce zosta\u0142y poddane przegl\u0105dowi zaledwie kilka dni temu, pod koniec listopada 2023 r. Jednak jeszcze wa\u017cniejsze w tym konkretnym przyk\u0142adzie jest to, \u017ce wszystkie fabryczne wycofania modelu 458 Italia zosta\u0142y przeprowadzone przez oficjalnych dealer\u00f3w z dokumentami potwierdzaj\u0105cymi to. Samoch\u00f3d zosta\u0142 pierwotnie dostarczony w Holandii, a autoryzowany dealer Ferrari wykona\u0142 us\u0142ug\u0119 wycofania. W 2019 roku wymieniono poduszk\u0119 powietrzn\u0105 po stronie pasa\u017cera, a w 2022 roku korek zbiornika p\u0142ynu hamulcowego. Wszystkie te interwencje zosta\u0142y zatwierdzone przez fabryk\u0119 i udokumentowane. Pokazuje to, \u017ce wszyscy w\u0142a\u015bciciele s\u0105 oddanymi entuzjastami. <strong>Ten konkretny samoch\u00f3d ma przed\u0142u\u017con\u0105 gwarancj\u0119 Ferrari New Power na kolejne 12 miesi\u0119cy<\/strong>.<\/p>\n<p><strong> <\/strong><strong>Wygl\u0105d zewn\u0119trzny i ko\u0142a<\/strong><\/p>\n<p>Rosso Corsa to najpopularniejszy kolor Ferrari, ale ten legendarny odcie\u0144 doskonale wsp\u00f3\u0142gra z uwodzicielskimi liniami 458 Italia. Oryginalny lakier jest nieoznakowany, nie ma \u017cadnych wgniece\u0144 ani zadrapa\u0144, a samoch\u00f3d doskonale si\u0119 prezentuje. Dzi\u0119ki 20-calowym oryginalnym ko\u0142om i nowym oponom Michelin, ten samoch\u00f3d jest gotowy do zapewnienia pe\u0142nych osi\u0105g\u00f3w. Jedn\u0105 z godnych uwagi opcji tego samochodu s\u0105 ceramiczne hamulce zapewniaj\u0105ce niesamowit\u0105 si\u0142\u0119 hamowania.<\/p>\n<p><strong>Dokumentacja<\/strong><\/p>\n<p>Ten pojazd jest sprzedawany przez profesjonalist\u0119 z odpowiedni\u0105 dokumentacj\u0105 i znajduje si\u0119 we Francji. Raport <a href=\"https:\/\/pistonaddict.com\/wp-content\/uploads\/2023\/12\/CarVertical458.pdf\" target=\"_blank\" rel=\"noopener\">CarVertical<\/a> jest czysty; nie ma dowod\u00f3w na wypadki, naprawy powypadkowe, w\u0142asno\u015b\u0107 lub problemy prawne. Istniej\u0105 zapisy regularnych przegl\u0105d\u00f3w wraz z oryginalnymi broszurami fabrycznymi, rachunkami sprzeda\u017cy i paragonami. Rozszerzona gwarancja fabryczna (Ferrari Power) na ten model na 12 miesi\u0119cy oraz Certyfikat Zgodno\u015bci (o warto\u015bci 2000 euro) s\u0105 dodatkowym dowodem na to, \u017ce jest to najwy\u017cszej klasy pojazd kolekcjonerski.<\/p>\n<p><strong>Zobacz film z zimnego startu tego pi\u0119knego Ferrari 458 Italia:<\/strong><\/p>\n<p><iframe title=\"Cold Start Video of the Ferrari 458 Italia for auction sale\" width=\"1200\" height=\"675\" src=\"https:\/\/www.youtube.com\/embed\/BEdW3ySb03E?feature=oembed\" frameborder=\"0\" allow=\"accelerometer; autoplay; clipboard-write; encrypted-media; gyroscope; picture-in-picture; web-share\" allowfullscreen><\/iframe><\/p>\n","protected":false},"excerpt":{"rendered":"<p>Zawsze w czo\u0142\u00f3wce technologii motoryzacyjnej i osi\u0105g\u00f3w, Ferrari zastosowa\u0142o turbodo\u0142adowanie jako standard we wszystkich swoich modelach, wraz z hybrydowym uk\u0142adem nap\u0119dowym. Jednak przez kr\u00f3tk\u0105 chwil\u0119 Ferrari wyprodukowa\u0142o ca\u0142kowicie nowoczesny samoch\u00f3d sportowy, nap\u0119dzany krzycz\u0105cym silnikiem wolnoss\u0105cym, kt\u00f3ry doskonale \u0142\u0105czy\u0142 wsp\u00f3\u0142czesn\u0105 technologi\u0119, wysokie obroty i niezwykle mocny silnik z uroczym, oldschoolowym charakterem. Tak, m\u00f3wimy o 458 Italia i z dum\u0105 oferujemy jeden z najlepszych egzemplarzy na rynku.<\/p>\n","protected":false},"featured_media":75547,"comment_status":"open","ping_status":"closed","template":"","meta":{"inline_featured_image":false},"product_cat":[718],"product_tag":[2642,2641,913,2639],"acf":[],"yoast_head":"<!-- This site is optimized with the Yoast SEO plugin v22.5 - https:\/\/yoast.com\/wordpress\/plugins\/seo\/ -->\n<title>Ferrari 458 Italia auction - Piston Addict<\/title>\n<meta name=\"robots\" content=\"index, follow, max-snippet:-1, max-image-preview:large, max-video-preview:-1\" \/>\n<link rel=\"canonical\" href=\"https:\/\/pistonaddict.com\/pl\/product\/ferrari-458-italia\/\" \/>\n<meta property=\"og:locale\" content=\"pl_PL\" \/>\n<meta property=\"og:type\" content=\"article\" \/>\n<meta property=\"og:title\" content=\"Ferrari 458 Italia auction - Piston Addict\" \/>\n<meta property=\"og:description\" content=\"Zawsze w czo\u0142\u00f3wce technologii motoryzacyjnej i osi\u0105g\u00f3w, Ferrari zastosowa\u0142o turbodo\u0142adowanie jako standard we wszystkich swoich modelach, wraz z hybrydowym uk\u0142adem nap\u0119dowym. Jednak przez kr\u00f3tk\u0105 chwil\u0119 Ferrari wyprodukowa\u0142o ca\u0142kowicie nowoczesny samoch\u00f3d sportowy, nap\u0119dzany krzycz\u0105cym silnikiem wolnoss\u0105cym, kt\u00f3ry doskonale \u0142\u0105czy\u0142 wsp\u00f3\u0142czesn\u0105 technologi\u0119, wysokie obroty i niezwykle mocny silnik z uroczym, oldschoolowym charakterem. Tak, m\u00f3wimy o 458 Italia i z dum\u0105 oferujemy jeden z najlepszych egzemplarzy na rynku.\" \/>\n<meta property=\"og:url\" content=\"https:\/\/pistonaddict.com\/pl\/product\/ferrari-458-italia\/\" \/>\n<meta property=\"og:site_name\" content=\"Piston Addict\" \/>\n<meta property=\"article:modified_time\" content=\"2023-12-20T08:59:11+00:00\" \/>\n<meta property=\"og:image\" content=\"https:\/\/pistonaddict.com\/wp-content\/uploads\/2023\/12\/IMG_0124.jpeg\" \/>\n\t<meta property=\"og:image:width\" content=\"1885\" \/>\n\t<meta property=\"og:image:height\" content=\"1207\" \/>\n\t<meta property=\"og:image:type\" content=\"image\/jpeg\" \/>\n<meta name=\"twitter:card\" content=\"summary_large_image\" \/>\n<meta name=\"twitter:label1\" content=\"Szacowany czas czytania\" \/>\n\t<meta name=\"twitter:data1\" content=\"3 minuty\" \/>\n<script type=\"application\/ld+json\" class=\"yoast-schema-graph\">{\"@context\":\"https:\/\/schema.org\",\"@graph\":[{\"@type\":\"WebPage\",\"@id\":\"https:\/\/pistonaddict.com\/pl\/product\/ferrari-458-italia\/\",\"url\":\"https:\/\/pistonaddict.com\/pl\/product\/ferrari-458-italia\/\",\"name\":\"Ferrari 458 Italia auction - Piston Addict\",\"isPartOf\":{\"@id\":\"https:\/\/pistonaddict.com\/pl\/#website\"},\"primaryImageOfPage\":{\"@id\":\"https:\/\/pistonaddict.com\/pl\/product\/ferrari-458-italia\/#primaryimage\"},\"image\":{\"@id\":\"https:\/\/pistonaddict.com\/pl\/product\/ferrari-458-italia\/#primaryimage\"},\"thumbnailUrl\":\"https:\/\/pistonaddict.com\/wp-content\/uploads\/2023\/12\/IMG_0124.jpeg\",\"datePublished\":\"2023-12-01T09:02:11+00:00\",\"dateModified\":\"2023-12-20T08:59:11+00:00\",\"breadcrumb\":{\"@id\":\"https:\/\/pistonaddict.com\/pl\/product\/ferrari-458-italia\/#breadcrumb\"},\"inLanguage\":\"pl-PL\",\"potentialAction\":[{\"@type\":\"ReadAction\",\"target\":[\"https:\/\/pistonaddict.com\/pl\/product\/ferrari-458-italia\/\"]}]},{\"@type\":\"ImageObject\",\"inLanguage\":\"pl-PL\",\"@id\":\"https:\/\/pistonaddict.com\/pl\/product\/ferrari-458-italia\/#primaryimage\",\"url\":\"https:\/\/pistonaddict.com\/wp-content\/uploads\/2023\/12\/IMG_0124.jpeg\",\"contentUrl\":\"https:\/\/pistonaddict.com\/wp-content\/uploads\/2023\/12\/IMG_0124.jpeg\",\"width\":1885,\"height\":1207},{\"@type\":\"BreadcrumbList\",\"@id\":\"https:\/\/pistonaddict.com\/pl\/product\/ferrari-458-italia\/#breadcrumb\",\"itemListElement\":[{\"@type\":\"ListItem\",\"position\":1,\"name\":\"Strona g\u0142\u00f3wna\",\"item\":\"https:\/\/pistonaddict.com\/pl\/strona-glowna-2\/\"},{\"@type\":\"ListItem\",\"position\":2,\"name\":\"Auctions\",\"item\":\"https:\/\/pistonaddict.com\/auctions-listing\/\"},{\"@type\":\"ListItem\",\"position\":3,\"name\":\"Ferrari 458 Italia\"}]},{\"@type\":\"WebSite\",\"@id\":\"https:\/\/pistonaddict.com\/pl\/#website\",\"url\":\"https:\/\/pistonaddict.com\/pl\/\",\"name\":\"Piston Addict\",\"description\":\"Only interesting vehicles\",\"publisher\":{\"@id\":\"https:\/\/pistonaddict.com\/pl\/#organization\"},\"potentialAction\":[{\"@type\":\"SearchAction\",\"target\":{\"@type\":\"EntryPoint\",\"urlTemplate\":\"https:\/\/pistonaddict.com\/pl\/?s={search_term_string}\"},\"query-input\":\"required name=search_term_string\"}],\"inLanguage\":\"pl-PL\"},{\"@type\":\"Organization\",\"@id\":\"https:\/\/pistonaddict.com\/pl\/#organization\",\"name\":\"Piston Addict\",\"url\":\"https:\/\/pistonaddict.com\/pl\/\",\"logo\":{\"@type\":\"ImageObject\",\"inLanguage\":\"pl-PL\",\"@id\":\"https:\/\/pistonaddict.com\/pl\/#\/schema\/logo\/image\/\",\"url\":\"https:\/\/pistonaddict.com\/wp-content\/uploads\/2022\/07\/logo-6.png\",\"contentUrl\":\"https:\/\/pistonaddict.com\/wp-content\/uploads\/2022\/07\/logo-6.png\",\"width\":970,\"height\":200,\"caption\":\"Piston Addict\"},\"image\":{\"@id\":\"https:\/\/pistonaddict.com\/pl\/#\/schema\/logo\/image\/\"}}]}<\/script>\n<!-- \/ Yoast SEO plugin. -->","yoast_head_json":{"title":"Ferrari 458 Italia auction - Piston Addict","robots":{"index":"index","follow":"follow","max-snippet":"max-snippet:-1","max-image-preview":"max-image-preview:large","max-video-preview":"max-video-preview:-1"},"canonical":"https:\/\/pistonaddict.com\/pl\/product\/ferrari-458-italia\/","og_locale":"pl_PL","og_type":"article","og_title":"Ferrari 458 Italia auction - Piston Addict","og_description":"Zawsze w czo\u0142\u00f3wce technologii motoryzacyjnej i osi\u0105g\u00f3w, Ferrari zastosowa\u0142o turbodo\u0142adowanie jako standard we wszystkich swoich modelach, wraz z hybrydowym uk\u0142adem nap\u0119dowym. Jednak przez kr\u00f3tk\u0105 chwil\u0119 Ferrari wyprodukowa\u0142o ca\u0142kowicie nowoczesny samoch\u00f3d sportowy, nap\u0119dzany krzycz\u0105cym silnikiem wolnoss\u0105cym, kt\u00f3ry doskonale \u0142\u0105czy\u0142 wsp\u00f3\u0142czesn\u0105 technologi\u0119, wysokie obroty i niezwykle mocny silnik z uroczym, oldschoolowym charakterem. Tak, m\u00f3wimy o 458 Italia i z dum\u0105 oferujemy jeden z najlepszych egzemplarzy na rynku.","og_url":"https:\/\/pistonaddict.com\/pl\/product\/ferrari-458-italia\/","og_site_name":"Piston Addict","article_modified_time":"2023-12-20T08:59:11+00:00","og_image":[{"width":1885,"height":1207,"url":"https:\/\/pistonaddict.com\/wp-content\/uploads\/2023\/12\/IMG_0124.jpeg","type":"image\/jpeg"}],"twitter_card":"summary_large_image","twitter_misc":{"Szacowany czas czytania":"3 minuty"},"schema":{"@context":"https:\/\/schema.org","@graph":[{"@type":"WebPage","@id":"https:\/\/pistonaddict.com\/pl\/product\/ferrari-458-italia\/","url":"https:\/\/pistonaddict.com\/pl\/product\/ferrari-458-italia\/","name":"Ferrari 458 Italia auction - Piston Addict","isPartOf":{"@id":"https:\/\/pistonaddict.com\/pl\/#website"},"primaryImageOfPage":{"@id":"https:\/\/pistonaddict.com\/pl\/product\/ferrari-458-italia\/#primaryimage"},"image":{"@id":"https:\/\/pistonaddict.com\/pl\/product\/ferrari-458-italia\/#primaryimage"},"thumbnailUrl":"https:\/\/pistonaddict.com\/wp-content\/uploads\/2023\/12\/IMG_0124.jpeg","datePublished":"2023-12-01T09:02:11+00:00","dateModified":"2023-12-20T08:59:11+00:00","breadcrumb":{"@id":"https:\/\/pistonaddict.com\/pl\/product\/ferrari-458-italia\/#breadcrumb"},"inLanguage":"pl-PL","potentialAction":[{"@type":"ReadAction","target":["https:\/\/pistonaddict.com\/pl\/product\/ferrari-458-italia\/"]}]},{"@type":"ImageObject","inLanguage":"pl-PL","@id":"https:\/\/pistonaddict.com\/pl\/product\/ferrari-458-italia\/#primaryimage","url":"https:\/\/pistonaddict.com\/wp-content\/uploads\/2023\/12\/IMG_0124.jpeg","contentUrl":"https:\/\/pistonaddict.com\/wp-content\/uploads\/2023\/12\/IMG_0124.jpeg","width":1885,"height":1207},{"@type":"BreadcrumbList","@id":"https:\/\/pistonaddict.com\/pl\/product\/ferrari-458-italia\/#breadcrumb","itemListElement":[{"@type":"ListItem","position":1,"name":"Strona g\u0142\u00f3wna","item":"https:\/\/pistonaddict.com\/pl\/strona-glowna-2\/"},{"@type":"ListItem","position":2,"name":"Auctions","item":"https:\/\/pistonaddict.com\/auctions-listing\/"},{"@type":"ListItem","position":3,"name":"Ferrari 458 Italia"}]},{"@type":"WebSite","@id":"https:\/\/pistonaddict.com\/pl\/#website","url":"https:\/\/pistonaddict.com\/pl\/","name":"Piston Addict","description":"Only interesting vehicles","publisher":{"@id":"https:\/\/pistonaddict.com\/pl\/#organization"},"potentialAction":[{"@type":"SearchAction","target":{"@type":"EntryPoint","urlTemplate":"https:\/\/pistonaddict.com\/pl\/?s={search_term_string}"},"query-input":"required name=search_term_string"}],"inLanguage":"pl-PL"},{"@type":"Organization","@id":"https:\/\/pistonaddict.com\/pl\/#organization","name":"Piston Addict","url":"https:\/\/pistonaddict.com\/pl\/","logo":{"@type":"ImageObject","inLanguage":"pl-PL","@id":"https:\/\/pistonaddict.com\/pl\/#\/schema\/logo\/image\/","url":"https:\/\/pistonaddict.com\/wp-content\/uploads\/2022\/07\/logo-6.png","contentUrl":"https:\/\/pistonaddict.com\/wp-content\/uploads\/2022\/07\/logo-6.png","width":970,"height":200,"caption":"Piston Addict"},"image":{"@id":"https:\/\/pistonaddict.com\/pl\/#\/schema\/logo\/image\/"}}]}},"_links":{"self":[{"href":"https:\/\/pistonaddict.com\/pl\/wp-json\/wp\/v2\/product\/75663"}],"collection":[{"href":"https:\/\/pistonaddict.com\/pl\/wp-json\/wp\/v2\/product"}],"about":[{"href":"https:\/\/pistonaddict.com\/pl\/wp-json\/wp\/v2\/types\/product"}],"replies":[{"embeddable":true,"href":"https:\/\/pistonaddict.com\/pl\/wp-json\/wp\/v2\/comments?post=75663"}],"wp:featuredmedia":[{"embeddable":true,"href":"https:\/\/pistonaddict.com\/pl\/wp-json\/wp\/v2\/media\/75547"}],"wp:attachment":[{"href":"https:\/\/pistonaddict.com\/pl\/wp-json\/wp\/v2\/media?parent=75663"}],"wp:term":[{"taxonomy":"product_cat","embeddable":true,"href":"https:\/\/pistonaddict.com\/pl\/wp-json\/wp\/v2\/product_cat?post=75663"},{"taxonomy":"product_tag","embeddable":true,"href":"https:\/\/pistonaddict.com\/pl\/wp-json\/wp\/v2\/product_tag?post=75663"}],"curies":[{"name":"wp","href":"https:\/\/api.w.org\/{rel}","templated":true}]}}