{"id":72253,"date":"2023-11-17T17:40:02","date_gmt":"2023-11-17T16:40:02","guid":{"rendered":"https:\/\/pistonaddict.com\/product\/land-rover-defender-p90e-electric\/"},"modified":"2024-03-19T16:59:18","modified_gmt":"2024-03-19T15:59:18","slug":"land-rover-defender-p90e-electric","status":"publish","type":"product","link":"https:\/\/pistonaddict.com\/pl\/product\/land-rover-defender-p90e-electric\/","title":{"rendered":"Land Rover Defender P90E Electric"},"content":{"rendered":"<p><strong>Historia samochodu<\/strong><\/p>\n<p>W \u015bwiecie pojazd\u00f3w terenowych Land Rover Defender jest niekwestionowan\u0105 ikon\u0105. Prawdziwy bohater motoryzacji i model, kt\u00f3ry nadal symbolizuje wytrzyma\u0142o\u015b\u0107, niezawodno\u015b\u0107 i nastawienie na jazd\u0119 wsz\u0119dzie. W zwi\u0105zku z tym nadal jest to samoch\u00f3d marze\u0144 milion\u00f3w fan\u00f3w off-roadu na ca\u0142ym \u015bwiecie. Jednak klasyczne modele, tak fajne i urocze, jak s\u0105, s\u0105 przestarza\u0142e w dzisiejszym \u015bwiecie ruchu i troski o \u015brodowisko. Szwajcarska firma Revive znalaz\u0142a na to rozwi\u0105zanie i przerobi\u0142a ten egzemplarz na nowoczesny nap\u0119d elektryczny, co ca\u0142kowicie zmieni\u0142o charakter tego klasycznego pojazdu i zwi\u0119kszy\u0142o jego mo\u017cliwo\u015bci. Ten konkretny egzemplarz zosta\u0142 wyprodukowany w 1999 roku w po\u017c\u0105danej, trzydrzwiowej formie i dostarczony jako nowy do Szwajcarii. Zakupiony przez sprzedaj\u0105cego w 2021 roku, zosta\u0142 poddany gruntownej modernizacji przez Revive w 2022 roku, co zaowocowa\u0142o pierwsz\u0105 konwersj\u0105 Defendera EV w Szwajcarii. Oryginalny silnik wysokopr\u0119\u017cny zosta\u0142 zast\u0105piony silnikiem elektrycznym Netgain Hyper 9 o mocy 66 kW (100 KM), kt\u00f3remu towarzyszy\u0142 akumulator o pojemno\u015bci 44 kWh. Co ciekawe, silnik elektryczny zosta\u0142 do\u0142\u0105czony do oryginalnej manualnej skrzyni bieg\u00f3w i uk\u0142adu nap\u0119dowego 4&#215;4. Ten Defender ma unikalne po\u0142\u0105czenie nap\u0119du elektrycznego i skrzyni bieg\u00f3w typu stick shift, lepsze osi\u0105gi, wi\u0119kszy moment obrotowy i zasi\u0119g od 120 do 130 km (do 80 mil).<\/p>\n<p><strong>Wn\u0119trze<\/strong><\/p>\n<p>Opr\u00f3cz centralnego wy\u015bwietlacza, wn\u0119trze tego wyj\u0105tkowego Land Rovera Defendera pochodzi z epoki i jest w doskona\u0142ym stanie. Siedzenia s\u0105 pokryte tkanin\u0105, a z ty\u0142u znajduj\u0105 si\u0119 fajnie wygl\u0105daj\u0105ce dudni\u0105ce fotele. Deska rozdzielcza wygl\u0105da identycznie jak w oryginale. Posiada kilka dodatkowych prze\u0142\u0105cznik\u00f3w, ulepszony system audio i wska\u017anik paliwa, kt\u00f3ry zosta\u0142 przerobiony tak, aby pokazywa\u0142 ilo\u015b\u0107 energii elektrycznej w akumulatorach, co jest doskona\u0142ym niestandardowym detalem. Mimo \u017ce Defender ma teraz akumulator, nie straci\u0142 nic ze swojej praktyczno\u015bci ani przestrzeni wewn\u0119trznej.<\/p>\n<p><strong> <\/strong><strong>Stan<\/strong><\/p>\n<p>Ten legendarny off-roader przejecha\u0142 187 654 km od nowo\u015bci do momentu konwersji przez Revive. Ten konkretny egzemplarz zosta\u0142 wybrany ze wzgl\u0119du na jego stan, brak uszkodze\u0144 lub rdzy, kt\u00f3re s\u0105 powszechnymi problemami klasycznego Defendera. Od czasu konwersji Defender przejecha\u0142 prawie 10 000 kilometr\u00f3w i jest gotowy do pokonania wielu kolejnych, poniewa\u017c jego silnik jest fabrycznie nowy. Obecnie licznik kilometr\u00f3w wskazuje nieco ponad 197 500 km. Wraz z samochodem dostarczana jest obszerna dokumentacja wraz z dokumentacj\u0105 i gwarancj\u0105 firmy Revive. Pojazd by\u0142 gruntownie serwisowany tu\u017c przed procesem konwersji w 2022 roku, a hamulce zosta\u0142y poddane przegl\u0105dowi zaledwie kilka dni temu, w listopadzie 2023 roku. Nale\u017cy podkre\u015bli\u0107, \u017ce ten Defender przeszed\u0142 szwajcarski przegl\u0105d techniczny, zosta\u0142 zarejestrowany i jest obj\u0119ty trzyletni\u0105 gwarancj\u0105 Revive, co pokazuje, \u017ce og\u00f3lny stan jest fantastyczny, a pojazd jest absolutnie zdatny do wszelkich zastosowa\u0144 na drodze i poza ni\u0105.<\/p>\n<p><strong> <\/strong><strong>Wygl\u0105d zewn\u0119trzny i ko\u0142a<\/strong><\/p>\n<p>Z zewn\u0105trz Defender EV wygl\u0105da jak ka\u017cdy inny Land Rover z tego samego rocznika, a jedyne, co go wyr\u00f3\u017cnia, to naklejki i port \u0142adowania zamiast korka wlewu paliwa. Dzi\u0119ki oryginalnym 16-calowym ko\u0142om owini\u0119tym w terenowe opony Nokian (z 2021 r.) jest w stanie poradzi\u0107 sobie w ka\u017cdym terenie. Nie ma \u017cadnych wgniece\u0144, zadrapa\u0144 ani rdzy, a szary lakier jest oryginalny.<\/p>\n<p><strong> <\/strong><strong>Dokumentacja<\/strong><\/p>\n<p>W\u0142a\u015bciciel sprzedaje ten pojazd z odpowiedni\u0105 dokumentacj\u0105 i znajduje si\u0119 w Szwajcarii. Raport <a href=\"https:\/\/pistonaddict.com\/wp-content\/uploads\/2023\/11\/CarVertical.pdf\">Car Vertical<\/a> jest czysty; nie ma dowod\u00f3w na wypadki, naprawy powypadkowe, w\u0142asno\u015b\u0107 lub problemy prawne. Istniej\u0105 zapisy dotycz\u0105ce regularnych przegl\u0105d\u00f3w, oryginalne broszury fabryczne, rachunki i paragony.  <strong>Samoch\u00f3d jest dostarczany z odpowiedni\u0105 dokumentacj\u0105 od Revive, pisemn\u0105 3-letni\u0105 gwarancj\u0105 na silnik elektryczny i akumulator oraz przegl\u0105dem technicznym przeprowadzonym przez szwajcarskie w\u0142adze. Wraz z samochodem dostarczana jest r\u00f3wnie\u017c obszerna instrukcja obs\u0142ugi i dokumentacja ubezpieczeniowa<\/strong>. Wszystko to oznacza, \u017ce Defender EV jest w pe\u0142ni dopuszczony do ruchu drogowego, gotowy do eksportu i mo\u017ce by\u0107 u\u017cywany w dowolnym miejscu.<\/p>\n<p><strong>Obejrzyj film z zimnego rozruchu tego bardzo interesuj\u0105cego, w pe\u0142ni elektrycznego Land Rovera Defender:<\/strong><\/p>\n<p><iframe title=\"Cold Start Video of the Land Rover Defender full Electric for auction sale\" width=\"1200\" height=\"900\" src=\"https:\/\/www.youtube.com\/embed\/8ZfpIXIwhOI?feature=oembed\" frameborder=\"0\" allow=\"accelerometer; autoplay; clipboard-write; encrypted-media; gyroscope; picture-in-picture; web-share\" allowfullscreen><\/iframe><\/p>\n<p><strong> <\/strong><\/p>\n","protected":false},"excerpt":{"rendered":"<p>Jednym z najbardziej ekscytuj\u0105cych aspekt\u00f3w rewolucji pojazd\u00f3w elektrycznych jest to, \u017ce mo\u017cemy na nowo odkry\u0107 klasyczne samochody i da\u0107 im nowe \u017cycie. Doposa\u017cenie klasycznego pojazdu w ultranowoczesny elektryczny uk\u0142ad nap\u0119dowy to krok poza renowacj\u0119 i wyj\u0105tkowy spos\u00f3b na po\u0142\u0105czenie rozpoznawalnego kszta\u0142tu z technologi\u0105 XXI wieku. Dzi\u015b z dum\u0105 prezentujemy taki samoch\u00f3d &#8211; Land Rover Defender EV, pierwszy klasyczny Defender przerobiony na pojazd elektryczny przez szwajcarsk\u0105 firm\u0119 Revive.<\/p>\n","protected":false},"featured_media":71393,"comment_status":"open","ping_status":"closed","template":"","meta":{"inline_featured_image":false},"product_cat":[718],"product_tag":[2567,2543,2542,2545],"acf":[],"yoast_head":"<!-- This site is optimized with the Yoast SEO plugin v22.5 - https:\/\/yoast.com\/wordpress\/plugins\/seo\/ -->\n<title>Land Rover Defender P90E Electric auction - Piston Addict<\/title>\n<meta name=\"robots\" content=\"index, follow, max-snippet:-1, max-image-preview:large, max-video-preview:-1\" \/>\n<link rel=\"canonical\" href=\"https:\/\/pistonaddict.com\/pl\/product\/land-rover-defender-p90e-electric\/\" \/>\n<meta property=\"og:locale\" content=\"pl_PL\" \/>\n<meta property=\"og:type\" content=\"article\" \/>\n<meta property=\"og:title\" content=\"Land Rover Defender P90E Electric auction - Piston Addict\" \/>\n<meta property=\"og:description\" content=\"Jednym z najbardziej ekscytuj\u0105cych aspekt\u00f3w rewolucji pojazd\u00f3w elektrycznych jest to, \u017ce mo\u017cemy na nowo odkry\u0107 klasyczne samochody i da\u0107 im nowe \u017cycie. Doposa\u017cenie klasycznego pojazdu w ultranowoczesny elektryczny uk\u0142ad nap\u0119dowy to krok poza renowacj\u0119 i wyj\u0105tkowy spos\u00f3b na po\u0142\u0105czenie rozpoznawalnego kszta\u0142tu z technologi\u0105 XXI wieku. Dzi\u015b z dum\u0105 prezentujemy taki samoch\u00f3d - Land Rover Defender EV, pierwszy klasyczny Defender przerobiony na pojazd elektryczny przez szwajcarsk\u0105 firm\u0119 Revive.\" \/>\n<meta property=\"og:url\" content=\"https:\/\/pistonaddict.com\/pl\/product\/land-rover-defender-p90e-electric\/\" \/>\n<meta property=\"og:site_name\" content=\"Piston Addict\" \/>\n<meta property=\"article:modified_time\" content=\"2024-03-19T15:59:18+00:00\" \/>\n<meta property=\"og:image\" content=\"https:\/\/pistonaddict.com\/wp-content\/uploads\/2023\/11\/def-05.jpg\" \/>\n\t<meta property=\"og:image:width\" content=\"2560\" \/>\n\t<meta property=\"og:image:height\" content=\"1440\" \/>\n\t<meta property=\"og:image:type\" content=\"image\/jpeg\" \/>\n<meta name=\"twitter:card\" content=\"summary_large_image\" \/>\n<meta name=\"twitter:label1\" content=\"Szacowany czas czytania\" \/>\n\t<meta name=\"twitter:data1\" content=\"3 minuty\" \/>\n<script type=\"application\/ld+json\" class=\"yoast-schema-graph\">{\"@context\":\"https:\/\/schema.org\",\"@graph\":[{\"@type\":\"WebPage\",\"@id\":\"https:\/\/pistonaddict.com\/pl\/product\/land-rover-defender-p90e-electric\/\",\"url\":\"https:\/\/pistonaddict.com\/pl\/product\/land-rover-defender-p90e-electric\/\",\"name\":\"Land Rover Defender P90E Electric auction - Piston Addict\",\"isPartOf\":{\"@id\":\"https:\/\/pistonaddict.com\/pl\/#website\"},\"primaryImageOfPage\":{\"@id\":\"https:\/\/pistonaddict.com\/pl\/product\/land-rover-defender-p90e-electric\/#primaryimage\"},\"image\":{\"@id\":\"https:\/\/pistonaddict.com\/pl\/product\/land-rover-defender-p90e-electric\/#primaryimage\"},\"thumbnailUrl\":\"https:\/\/pistonaddict.com\/wp-content\/uploads\/2023\/11\/def-05.jpg\",\"datePublished\":\"2023-11-17T16:40:02+00:00\",\"dateModified\":\"2024-03-19T15:59:18+00:00\",\"breadcrumb\":{\"@id\":\"https:\/\/pistonaddict.com\/pl\/product\/land-rover-defender-p90e-electric\/#breadcrumb\"},\"inLanguage\":\"pl-PL\",\"potentialAction\":[{\"@type\":\"ReadAction\",\"target\":[\"https:\/\/pistonaddict.com\/pl\/product\/land-rover-defender-p90e-electric\/\"]}]},{\"@type\":\"ImageObject\",\"inLanguage\":\"pl-PL\",\"@id\":\"https:\/\/pistonaddict.com\/pl\/product\/land-rover-defender-p90e-electric\/#primaryimage\",\"url\":\"https:\/\/pistonaddict.com\/wp-content\/uploads\/2023\/11\/def-05.jpg\",\"contentUrl\":\"https:\/\/pistonaddict.com\/wp-content\/uploads\/2023\/11\/def-05.jpg\",\"width\":2560,\"height\":1440},{\"@type\":\"BreadcrumbList\",\"@id\":\"https:\/\/pistonaddict.com\/pl\/product\/land-rover-defender-p90e-electric\/#breadcrumb\",\"itemListElement\":[{\"@type\":\"ListItem\",\"position\":1,\"name\":\"Strona g\u0142\u00f3wna\",\"item\":\"https:\/\/pistonaddict.com\/pl\/strona-glowna-2\/\"},{\"@type\":\"ListItem\",\"position\":2,\"name\":\"Auctions\",\"item\":\"https:\/\/pistonaddict.com\/auctions-listing\/\"},{\"@type\":\"ListItem\",\"position\":3,\"name\":\"Land Rover Defender P90E Electric\"}]},{\"@type\":\"WebSite\",\"@id\":\"https:\/\/pistonaddict.com\/pl\/#website\",\"url\":\"https:\/\/pistonaddict.com\/pl\/\",\"name\":\"Piston Addict\",\"description\":\"Only interesting vehicles\",\"publisher\":{\"@id\":\"https:\/\/pistonaddict.com\/pl\/#organization\"},\"potentialAction\":[{\"@type\":\"SearchAction\",\"target\":{\"@type\":\"EntryPoint\",\"urlTemplate\":\"https:\/\/pistonaddict.com\/pl\/?s={search_term_string}\"},\"query-input\":\"required name=search_term_string\"}],\"inLanguage\":\"pl-PL\"},{\"@type\":\"Organization\",\"@id\":\"https:\/\/pistonaddict.com\/pl\/#organization\",\"name\":\"Piston Addict\",\"url\":\"https:\/\/pistonaddict.com\/pl\/\",\"logo\":{\"@type\":\"ImageObject\",\"inLanguage\":\"pl-PL\",\"@id\":\"https:\/\/pistonaddict.com\/pl\/#\/schema\/logo\/image\/\",\"url\":\"https:\/\/pistonaddict.com\/wp-content\/uploads\/2022\/07\/logo-6.png\",\"contentUrl\":\"https:\/\/pistonaddict.com\/wp-content\/uploads\/2022\/07\/logo-6.png\",\"width\":970,\"height\":200,\"caption\":\"Piston Addict\"},\"image\":{\"@id\":\"https:\/\/pistonaddict.com\/pl\/#\/schema\/logo\/image\/\"}}]}<\/script>\n<!-- \/ Yoast SEO plugin. -->","yoast_head_json":{"title":"Land Rover Defender P90E Electric auction - Piston Addict","robots":{"index":"index","follow":"follow","max-snippet":"max-snippet:-1","max-image-preview":"max-image-preview:large","max-video-preview":"max-video-preview:-1"},"canonical":"https:\/\/pistonaddict.com\/pl\/product\/land-rover-defender-p90e-electric\/","og_locale":"pl_PL","og_type":"article","og_title":"Land Rover Defender P90E Electric auction - Piston Addict","og_description":"Jednym z najbardziej ekscytuj\u0105cych aspekt\u00f3w rewolucji pojazd\u00f3w elektrycznych jest to, \u017ce mo\u017cemy na nowo odkry\u0107 klasyczne samochody i da\u0107 im nowe \u017cycie. Doposa\u017cenie klasycznego pojazdu w ultranowoczesny elektryczny uk\u0142ad nap\u0119dowy to krok poza renowacj\u0119 i wyj\u0105tkowy spos\u00f3b na po\u0142\u0105czenie rozpoznawalnego kszta\u0142tu z technologi\u0105 XXI wieku. Dzi\u015b z dum\u0105 prezentujemy taki samoch\u00f3d - Land Rover Defender EV, pierwszy klasyczny Defender przerobiony na pojazd elektryczny przez szwajcarsk\u0105 firm\u0119 Revive.","og_url":"https:\/\/pistonaddict.com\/pl\/product\/land-rover-defender-p90e-electric\/","og_site_name":"Piston Addict","article_modified_time":"2024-03-19T15:59:18+00:00","og_image":[{"width":2560,"height":1440,"url":"https:\/\/pistonaddict.com\/wp-content\/uploads\/2023\/11\/def-05.jpg","type":"image\/jpeg"}],"twitter_card":"summary_large_image","twitter_misc":{"Szacowany czas czytania":"3 minuty"},"schema":{"@context":"https:\/\/schema.org","@graph":[{"@type":"WebPage","@id":"https:\/\/pistonaddict.com\/pl\/product\/land-rover-defender-p90e-electric\/","url":"https:\/\/pistonaddict.com\/pl\/product\/land-rover-defender-p90e-electric\/","name":"Land Rover Defender P90E Electric auction - Piston Addict","isPartOf":{"@id":"https:\/\/pistonaddict.com\/pl\/#website"},"primaryImageOfPage":{"@id":"https:\/\/pistonaddict.com\/pl\/product\/land-rover-defender-p90e-electric\/#primaryimage"},"image":{"@id":"https:\/\/pistonaddict.com\/pl\/product\/land-rover-defender-p90e-electric\/#primaryimage"},"thumbnailUrl":"https:\/\/pistonaddict.com\/wp-content\/uploads\/2023\/11\/def-05.jpg","datePublished":"2023-11-17T16:40:02+00:00","dateModified":"2024-03-19T15:59:18+00:00","breadcrumb":{"@id":"https:\/\/pistonaddict.com\/pl\/product\/land-rover-defender-p90e-electric\/#breadcrumb"},"inLanguage":"pl-PL","potentialAction":[{"@type":"ReadAction","target":["https:\/\/pistonaddict.com\/pl\/product\/land-rover-defender-p90e-electric\/"]}]},{"@type":"ImageObject","inLanguage":"pl-PL","@id":"https:\/\/pistonaddict.com\/pl\/product\/land-rover-defender-p90e-electric\/#primaryimage","url":"https:\/\/pistonaddict.com\/wp-content\/uploads\/2023\/11\/def-05.jpg","contentUrl":"https:\/\/pistonaddict.com\/wp-content\/uploads\/2023\/11\/def-05.jpg","width":2560,"height":1440},{"@type":"BreadcrumbList","@id":"https:\/\/pistonaddict.com\/pl\/product\/land-rover-defender-p90e-electric\/#breadcrumb","itemListElement":[{"@type":"ListItem","position":1,"name":"Strona g\u0142\u00f3wna","item":"https:\/\/pistonaddict.com\/pl\/strona-glowna-2\/"},{"@type":"ListItem","position":2,"name":"Auctions","item":"https:\/\/pistonaddict.com\/auctions-listing\/"},{"@type":"ListItem","position":3,"name":"Land Rover Defender P90E Electric"}]},{"@type":"WebSite","@id":"https:\/\/pistonaddict.com\/pl\/#website","url":"https:\/\/pistonaddict.com\/pl\/","name":"Piston Addict","description":"Only interesting vehicles","publisher":{"@id":"https:\/\/pistonaddict.com\/pl\/#organization"},"potentialAction":[{"@type":"SearchAction","target":{"@type":"EntryPoint","urlTemplate":"https:\/\/pistonaddict.com\/pl\/?s={search_term_string}"},"query-input":"required name=search_term_string"}],"inLanguage":"pl-PL"},{"@type":"Organization","@id":"https:\/\/pistonaddict.com\/pl\/#organization","name":"Piston Addict","url":"https:\/\/pistonaddict.com\/pl\/","logo":{"@type":"ImageObject","inLanguage":"pl-PL","@id":"https:\/\/pistonaddict.com\/pl\/#\/schema\/logo\/image\/","url":"https:\/\/pistonaddict.com\/wp-content\/uploads\/2022\/07\/logo-6.png","contentUrl":"https:\/\/pistonaddict.com\/wp-content\/uploads\/2022\/07\/logo-6.png","width":970,"height":200,"caption":"Piston Addict"},"image":{"@id":"https:\/\/pistonaddict.com\/pl\/#\/schema\/logo\/image\/"}}]}},"_links":{"self":[{"href":"https:\/\/pistonaddict.com\/pl\/wp-json\/wp\/v2\/product\/72253"}],"collection":[{"href":"https:\/\/pistonaddict.com\/pl\/wp-json\/wp\/v2\/product"}],"about":[{"href":"https:\/\/pistonaddict.com\/pl\/wp-json\/wp\/v2\/types\/product"}],"replies":[{"embeddable":true,"href":"https:\/\/pistonaddict.com\/pl\/wp-json\/wp\/v2\/comments?post=72253"}],"wp:featuredmedia":[{"embeddable":true,"href":"https:\/\/pistonaddict.com\/pl\/wp-json\/wp\/v2\/media\/71393"}],"wp:attachment":[{"href":"https:\/\/pistonaddict.com\/pl\/wp-json\/wp\/v2\/media?parent=72253"}],"wp:term":[{"taxonomy":"product_cat","embeddable":true,"href":"https:\/\/pistonaddict.com\/pl\/wp-json\/wp\/v2\/product_cat?post=72253"},{"taxonomy":"product_tag","embeddable":true,"href":"https:\/\/pistonaddict.com\/pl\/wp-json\/wp\/v2\/product_tag?post=72253"}],"curies":[{"name":"wp","href":"https:\/\/api.w.org\/{rel}","templated":true}]}}