{"id":69442,"date":"2023-11-09T17:05:55","date_gmt":"2023-11-09T16:05:55","guid":{"rendered":"https:\/\/pistonaddict.com\/product\/mini-rover-1-3-mpi-silverstone\/"},"modified":"2023-12-20T09:53:41","modified_gmt":"2023-12-20T08:53:41","slug":"mini-rover-1-3-mpi-silverstone","status":"publish","type":"product","link":"https:\/\/pistonaddict.com\/pl\/product\/mini-rover-1-3-mpi-silverstone\/","title":{"rendered":"Mini Rover 1.3 Silverstone"},"content":{"rendered":"<h2>Zewn\u0119trznie<\/h2>\n<p>Z zewn\u0105trz, znajomy kszta\u0142t tego czarnego, 2-drzwiowego hatchbacka zosta\u0142 doprawiony detalami, takimi jak chromowany grill, wy\u015bcigowe paski na masce i dach pomalowany na bia\u0142o. Co wi\u0119cej, z przodu znajduje si\u0119 para \u015bwiate\u0142 przeciwmgielnych, kt\u00f3re poprawiaj\u0105 zar\u00f3wno widoczno\u015b\u0107, jak i wygl\u0105d. Towarzysz\u0105 temu bia\u0142e kierunkowskazy dooko\u0142a, co jest znacznie lepsz\u0105 opcj\u0105 ni\u017c staromodne \u017c\u00f3\u0142te kierunkowskazy. Z ty\u0142u znajduje si\u0119 centralnie umieszczony wydech z chromowan\u0105 ko\u0144c\u00f3wk\u0105.<\/p>\n<p>Na koniec nale\u017cy wspomnie\u0107 o poszerzonych nadkolach, kt\u00f3re dodatkowo podkre\u015blaj\u0105 agresywny wygl\u0105d samochodu. Ale ta modyfikacja nie jest tylko na pokaz, poniewa\u017c by\u0142a konieczna, aby by\u0142o wystarczaj\u0105co du\u017co miejsca na szerokie, sportowe ko\u0142a. A skoro ju\u017c mowa o oponach, nale\u017cy wspomnie\u0107, \u017ce 13-calowe felgi w tym samochodzie nie s\u0105 seryjne. Ale sprzedawca twierdzi, \u017ce zostan\u0105 one r\u00f3wnie\u017c dostarczone.<\/p>\n<h2>Wn\u0119trze<\/h2>\n<p>Po wej\u015bciu do samochodu znajdziesz si\u0119 za typow\u0105 tr\u00f3jramienn\u0105 sk\u00f3rzan\u0105 kierownic\u0105 Mini. Za nim znajduje si\u0119 zestaw wska\u017anik\u00f3w z pr\u0119dko\u015bciomierzem ko\u0144cz\u0105cym si\u0119 na 180 km\/h i obrotomierzem do 8000 RPM. Zgodnie z oczekiwaniami, deska rozdzielcza &#8211; wykonana z prawdziwego drewna &#8211; jest sk\u0105po wyposa\u017cona i oferuje tylko niezb\u0119dne elementy. Obejmuje to prze\u0142\u0105czniki \u015bwiate\u0142, elementy steruj\u0105ce wentylacj\u0105 i jednostk\u0119 g\u0142\u00f3wn\u0105 stereo, kt\u00f3ra w tym przypadku jest urz\u0105dzeniem Sony z rynku wt\u00f3rnego.<\/p>\n<p>Reszta wn\u0119trza mocno wskazuje na sportowy charakter samochodu, a przednie fotele s\u0105 najbardziej atrakcyjne. Ubrane w kombinacj\u0119 czarnej sk\u00f3ry i szarego materia\u0142u, zapewni\u0105 wystarczaj\u0105ce wsparcie podczas pokonywania ciasnych zakr\u0119t\u00f3w, gdzie Mini jest najlepszy. Tylne siedzenia i panel boczny s\u0105 tapicerowane w tym samym stylu, a czerwona wyk\u0142adzina pod\u0142ogowa dope\u0142nia przyci\u0105gaj\u0105cy wzrok wygl\u0105d. Wreszcie, sprzedawca wymieni wyk\u0142adzin\u0119 dachow\u0105 przed dostaw\u0105 samochodu, poniewa\u017c oryginalna jest uszkodzona tu\u017c nad os\u0142onami przeciws\u0142onecznymi (patrz zdj\u0119cie).<\/p>\n<h2>Mechanicy<\/h2>\n<p>Mini Cooper jest wyposa\u017cony w 4-cylindrowy silnik 1.3, kt\u00f3ry nap\u0119dza przednie ko\u0142a za po\u015brednictwem 4-biegowej manualnej skrzyni bieg\u00f3w. Chocia\u017c podstawowa konfiguracja silnika pochodzi z lat 60-tych, ten konkretny model jest wyposa\u017cony w elektroniczny wtrysk paliwa Rovera, dzi\u0119ki czemu samoch\u00f3d jest bardziej niezawodny i przyjemny w prowadzeniu.<\/p>\n<p>Je\u015bli chodzi o moc, Mini Cooper ma do dyspozycji tylko 63 KM, co mo\u017ce nie wydawa\u0107 si\u0119 du\u017co. Ale musi poradzi\u0107 sobie tylko z 685 kilogramami, bo tyle wa\u017cy ten samoch\u00f3d. Podsumowuj\u0105c, chocia\u017c Mini prawdopodobnie nie jest niesamowicie szybki na prostej, to daje niesamowit\u0105 frajd\u0119 na zakr\u0119tach. I to jest jedna z rzeczy, kt\u00f3re uczyni\u0142y go tak wyj\u0105tkowym i s\u0142awnym.<\/p>\n<h2>Historia pojazdu<\/h2>\n<p>Na koniec kilka s\u0142\u00f3w o aktualnym stanie Mini, kt\u00f3ry sprzedawca okre\u015bla jako bardzo dobry. Samoch\u00f3d by\u0142 ostatnio serwisowany w czerwcu 2023 roku, kiedy to przeprowadzono regularne przegl\u0105dy i zamontowano nowe hamulce. Ponadto ca\u0142y uk\u0142ad wydechowy, w tym katalizator, jest nowy. S\u0105dz\u0105c po zdj\u0119ciach, samoch\u00f3d wygl\u0105da \u015bwietnie, zar\u00f3wno na zewn\u0105trz, jak i wewn\u0105trz. Co wi\u0119cej, profesjonalny sprzedawca, kt\u00f3ry jest pi\u0105tym w\u0142a\u015bcicielem, twierdzi, \u017ce samoch\u00f3d nigdy nie mia\u0142 wypadku, co mo\u017cna dodatkowo potwierdzi\u0107 odpowiednim raportem historii pojazdu <a href=\"https:\/\/pistonaddict.com\/wp-content\/uploads\/2023\/11\/CARFAX-Vehicle-History-Report-ROVER-MINI.pdf\">CARFAX<\/a>. Ostatni przegl\u0105d techniczny przeszed\u0142 pomy\u015blnie i zosta\u0142 zatwierdzony 6 pa\u017adziernika 2023 r.<\/p>\n<p><strong><br \/>\nZobacz film z zimnego startu tego uroczego Mini Rovera Silverstone:<\/strong><\/p>\n<p><iframe title=\"Cold Start Video of the Austin Mini Silverstone for auction sale\" width=\"1200\" height=\"675\" src=\"https:\/\/www.youtube.com\/embed\/NW_53HH3Wg4?feature=oembed\" frameborder=\"0\" allow=\"accelerometer; autoplay; clipboard-write; encrypted-media; gyroscope; picture-in-picture; web-share\" allowfullscreen><\/iframe><\/p>\n","protected":false},"excerpt":{"rendered":"<p>Je\u015bli szukasz ma\u0142ego, praktycznego i zwinnego klasycznego samochodu, oryginalny Mini musi znale\u017a\u0107 si\u0119 na szczycie Twojej listy. Przez ca\u0142y okres produkcji ta ikona motoryzacji by\u0142a dost\u0119pna w kilku wariantach, z kt\u00f3rych najbardziej po\u017c\u0105danym by\u0142 sportowy Cooper. Jest to samoch\u00f3d, kt\u00f3ry \u0142\u0105czy w sobie oryginalny charakter Mini z wieloma wyj\u0105tkowymi detalami wizualnymi i ekscytuj\u0105cymi wra\u017ceniami z jazdy. Na sprzeda\u017c mamy Mini Coopera z 1993 roku, kt\u00f3ry jest w doskona\u0142ym stanie i do tej pory przejecha\u0142 74 000 kilometr\u00f3w. Co wi\u0119cej, bycie jednym z zaledwie 400 wyprodukowanych egzemplarzy Silverstone zapewnia mu ekskluzywno\u015b\u0107. Przyjrzyjmy si\u0119 bli\u017cej temu, co ma do zaoferowania.<\/p>\n","protected":false},"featured_media":67416,"comment_status":"open","ping_status":"closed","template":"","meta":{"inline_featured_image":false},"product_cat":[718],"product_tag":[2468,984,2469],"acf":[],"yoast_head":"<!-- This site is optimized with the Yoast SEO plugin v22.5 - https:\/\/yoast.com\/wordpress\/plugins\/seo\/ -->\n<title>Mini Rover 1.3 Silverstone auction - Piston Addict<\/title>\n<meta name=\"robots\" content=\"index, follow, max-snippet:-1, max-image-preview:large, max-video-preview:-1\" \/>\n<link rel=\"canonical\" href=\"https:\/\/pistonaddict.com\/pl\/product\/mini-rover-1-3-mpi-silverstone\/\" \/>\n<meta property=\"og:locale\" content=\"pl_PL\" \/>\n<meta property=\"og:type\" content=\"article\" \/>\n<meta property=\"og:title\" content=\"Mini Rover 1.3 Silverstone auction - Piston Addict\" \/>\n<meta property=\"og:description\" content=\"Je\u015bli szukasz ma\u0142ego, praktycznego i zwinnego klasycznego samochodu, oryginalny Mini musi znale\u017a\u0107 si\u0119 na szczycie Twojej listy. Przez ca\u0142y okres produkcji ta ikona motoryzacji by\u0142a dost\u0119pna w kilku wariantach, z kt\u00f3rych najbardziej po\u017c\u0105danym by\u0142 sportowy Cooper. Jest to samoch\u00f3d, kt\u00f3ry \u0142\u0105czy w sobie oryginalny charakter Mini z wieloma wyj\u0105tkowymi detalami wizualnymi i ekscytuj\u0105cymi wra\u017ceniami z jazdy. Na sprzeda\u017c mamy Mini Coopera z 1993 roku, kt\u00f3ry jest w doskona\u0142ym stanie i do tej pory przejecha\u0142 74 000 kilometr\u00f3w. Co wi\u0119cej, bycie jednym z zaledwie 400 wyprodukowanych egzemplarzy Silverstone zapewnia mu ekskluzywno\u015b\u0107. Przyjrzyjmy si\u0119 bli\u017cej temu, co ma do zaoferowania.\" \/>\n<meta property=\"og:url\" content=\"https:\/\/pistonaddict.com\/pl\/product\/mini-rover-1-3-mpi-silverstone\/\" \/>\n<meta property=\"og:site_name\" content=\"Piston Addict\" \/>\n<meta property=\"article:modified_time\" content=\"2023-12-20T08:53:41+00:00\" \/>\n<meta property=\"og:image\" content=\"https:\/\/pistonaddict.com\/wp-content\/uploads\/2023\/11\/IMG_5534-scaled.jpeg\" \/>\n\t<meta property=\"og:image:width\" content=\"2560\" \/>\n\t<meta property=\"og:image:height\" content=\"1920\" \/>\n\t<meta property=\"og:image:type\" content=\"image\/jpeg\" \/>\n<meta name=\"twitter:card\" content=\"summary_large_image\" \/>\n<meta name=\"twitter:label1\" content=\"Szacowany czas czytania\" \/>\n\t<meta name=\"twitter:data1\" content=\"3 minuty\" \/>\n<script type=\"application\/ld+json\" class=\"yoast-schema-graph\">{\"@context\":\"https:\/\/schema.org\",\"@graph\":[{\"@type\":\"WebPage\",\"@id\":\"https:\/\/pistonaddict.com\/pl\/product\/mini-rover-1-3-mpi-silverstone\/\",\"url\":\"https:\/\/pistonaddict.com\/pl\/product\/mini-rover-1-3-mpi-silverstone\/\",\"name\":\"Mini Rover 1.3 Silverstone auction - Piston Addict\",\"isPartOf\":{\"@id\":\"https:\/\/pistonaddict.com\/pl\/#website\"},\"primaryImageOfPage\":{\"@id\":\"https:\/\/pistonaddict.com\/pl\/product\/mini-rover-1-3-mpi-silverstone\/#primaryimage\"},\"image\":{\"@id\":\"https:\/\/pistonaddict.com\/pl\/product\/mini-rover-1-3-mpi-silverstone\/#primaryimage\"},\"thumbnailUrl\":\"https:\/\/pistonaddict.com\/wp-content\/uploads\/2023\/11\/IMG_5534-scaled.jpeg\",\"datePublished\":\"2023-11-09T16:05:55+00:00\",\"dateModified\":\"2023-12-20T08:53:41+00:00\",\"breadcrumb\":{\"@id\":\"https:\/\/pistonaddict.com\/pl\/product\/mini-rover-1-3-mpi-silverstone\/#breadcrumb\"},\"inLanguage\":\"pl-PL\",\"potentialAction\":[{\"@type\":\"ReadAction\",\"target\":[\"https:\/\/pistonaddict.com\/pl\/product\/mini-rover-1-3-mpi-silverstone\/\"]}]},{\"@type\":\"ImageObject\",\"inLanguage\":\"pl-PL\",\"@id\":\"https:\/\/pistonaddict.com\/pl\/product\/mini-rover-1-3-mpi-silverstone\/#primaryimage\",\"url\":\"https:\/\/pistonaddict.com\/wp-content\/uploads\/2023\/11\/IMG_5534-scaled.jpeg\",\"contentUrl\":\"https:\/\/pistonaddict.com\/wp-content\/uploads\/2023\/11\/IMG_5534-scaled.jpeg\",\"width\":2560,\"height\":1920},{\"@type\":\"BreadcrumbList\",\"@id\":\"https:\/\/pistonaddict.com\/pl\/product\/mini-rover-1-3-mpi-silverstone\/#breadcrumb\",\"itemListElement\":[{\"@type\":\"ListItem\",\"position\":1,\"name\":\"Strona g\u0142\u00f3wna\",\"item\":\"https:\/\/pistonaddict.com\/pl\/strona-glowna-2\/\"},{\"@type\":\"ListItem\",\"position\":2,\"name\":\"Auctions\",\"item\":\"https:\/\/pistonaddict.com\/auctions-listing\/\"},{\"@type\":\"ListItem\",\"position\":3,\"name\":\"Mini Rover 1.3 Silverstone\"}]},{\"@type\":\"WebSite\",\"@id\":\"https:\/\/pistonaddict.com\/pl\/#website\",\"url\":\"https:\/\/pistonaddict.com\/pl\/\",\"name\":\"Piston Addict\",\"description\":\"Only interesting vehicles\",\"publisher\":{\"@id\":\"https:\/\/pistonaddict.com\/pl\/#organization\"},\"potentialAction\":[{\"@type\":\"SearchAction\",\"target\":{\"@type\":\"EntryPoint\",\"urlTemplate\":\"https:\/\/pistonaddict.com\/pl\/?s={search_term_string}\"},\"query-input\":\"required name=search_term_string\"}],\"inLanguage\":\"pl-PL\"},{\"@type\":\"Organization\",\"@id\":\"https:\/\/pistonaddict.com\/pl\/#organization\",\"name\":\"Piston Addict\",\"url\":\"https:\/\/pistonaddict.com\/pl\/\",\"logo\":{\"@type\":\"ImageObject\",\"inLanguage\":\"pl-PL\",\"@id\":\"https:\/\/pistonaddict.com\/pl\/#\/schema\/logo\/image\/\",\"url\":\"https:\/\/pistonaddict.com\/wp-content\/uploads\/2022\/07\/logo-6.png\",\"contentUrl\":\"https:\/\/pistonaddict.com\/wp-content\/uploads\/2022\/07\/logo-6.png\",\"width\":970,\"height\":200,\"caption\":\"Piston Addict\"},\"image\":{\"@id\":\"https:\/\/pistonaddict.com\/pl\/#\/schema\/logo\/image\/\"}}]}<\/script>\n<!-- \/ Yoast SEO plugin. -->","yoast_head_json":{"title":"Mini Rover 1.3 Silverstone auction - Piston Addict","robots":{"index":"index","follow":"follow","max-snippet":"max-snippet:-1","max-image-preview":"max-image-preview:large","max-video-preview":"max-video-preview:-1"},"canonical":"https:\/\/pistonaddict.com\/pl\/product\/mini-rover-1-3-mpi-silverstone\/","og_locale":"pl_PL","og_type":"article","og_title":"Mini Rover 1.3 Silverstone auction - Piston Addict","og_description":"Je\u015bli szukasz ma\u0142ego, praktycznego i zwinnego klasycznego samochodu, oryginalny Mini musi znale\u017a\u0107 si\u0119 na szczycie Twojej listy. Przez ca\u0142y okres produkcji ta ikona motoryzacji by\u0142a dost\u0119pna w kilku wariantach, z kt\u00f3rych najbardziej po\u017c\u0105danym by\u0142 sportowy Cooper. Jest to samoch\u00f3d, kt\u00f3ry \u0142\u0105czy w sobie oryginalny charakter Mini z wieloma wyj\u0105tkowymi detalami wizualnymi i ekscytuj\u0105cymi wra\u017ceniami z jazdy. Na sprzeda\u017c mamy Mini Coopera z 1993 roku, kt\u00f3ry jest w doskona\u0142ym stanie i do tej pory przejecha\u0142 74 000 kilometr\u00f3w. Co wi\u0119cej, bycie jednym z zaledwie 400 wyprodukowanych egzemplarzy Silverstone zapewnia mu ekskluzywno\u015b\u0107. Przyjrzyjmy si\u0119 bli\u017cej temu, co ma do zaoferowania.","og_url":"https:\/\/pistonaddict.com\/pl\/product\/mini-rover-1-3-mpi-silverstone\/","og_site_name":"Piston Addict","article_modified_time":"2023-12-20T08:53:41+00:00","og_image":[{"width":2560,"height":1920,"url":"https:\/\/pistonaddict.com\/wp-content\/uploads\/2023\/11\/IMG_5534-scaled.jpeg","type":"image\/jpeg"}],"twitter_card":"summary_large_image","twitter_misc":{"Szacowany czas czytania":"3 minuty"},"schema":{"@context":"https:\/\/schema.org","@graph":[{"@type":"WebPage","@id":"https:\/\/pistonaddict.com\/pl\/product\/mini-rover-1-3-mpi-silverstone\/","url":"https:\/\/pistonaddict.com\/pl\/product\/mini-rover-1-3-mpi-silverstone\/","name":"Mini Rover 1.3 Silverstone auction - Piston Addict","isPartOf":{"@id":"https:\/\/pistonaddict.com\/pl\/#website"},"primaryImageOfPage":{"@id":"https:\/\/pistonaddict.com\/pl\/product\/mini-rover-1-3-mpi-silverstone\/#primaryimage"},"image":{"@id":"https:\/\/pistonaddict.com\/pl\/product\/mini-rover-1-3-mpi-silverstone\/#primaryimage"},"thumbnailUrl":"https:\/\/pistonaddict.com\/wp-content\/uploads\/2023\/11\/IMG_5534-scaled.jpeg","datePublished":"2023-11-09T16:05:55+00:00","dateModified":"2023-12-20T08:53:41+00:00","breadcrumb":{"@id":"https:\/\/pistonaddict.com\/pl\/product\/mini-rover-1-3-mpi-silverstone\/#breadcrumb"},"inLanguage":"pl-PL","potentialAction":[{"@type":"ReadAction","target":["https:\/\/pistonaddict.com\/pl\/product\/mini-rover-1-3-mpi-silverstone\/"]}]},{"@type":"ImageObject","inLanguage":"pl-PL","@id":"https:\/\/pistonaddict.com\/pl\/product\/mini-rover-1-3-mpi-silverstone\/#primaryimage","url":"https:\/\/pistonaddict.com\/wp-content\/uploads\/2023\/11\/IMG_5534-scaled.jpeg","contentUrl":"https:\/\/pistonaddict.com\/wp-content\/uploads\/2023\/11\/IMG_5534-scaled.jpeg","width":2560,"height":1920},{"@type":"BreadcrumbList","@id":"https:\/\/pistonaddict.com\/pl\/product\/mini-rover-1-3-mpi-silverstone\/#breadcrumb","itemListElement":[{"@type":"ListItem","position":1,"name":"Strona g\u0142\u00f3wna","item":"https:\/\/pistonaddict.com\/pl\/strona-glowna-2\/"},{"@type":"ListItem","position":2,"name":"Auctions","item":"https:\/\/pistonaddict.com\/auctions-listing\/"},{"@type":"ListItem","position":3,"name":"Mini Rover 1.3 Silverstone"}]},{"@type":"WebSite","@id":"https:\/\/pistonaddict.com\/pl\/#website","url":"https:\/\/pistonaddict.com\/pl\/","name":"Piston Addict","description":"Only interesting vehicles","publisher":{"@id":"https:\/\/pistonaddict.com\/pl\/#organization"},"potentialAction":[{"@type":"SearchAction","target":{"@type":"EntryPoint","urlTemplate":"https:\/\/pistonaddict.com\/pl\/?s={search_term_string}"},"query-input":"required name=search_term_string"}],"inLanguage":"pl-PL"},{"@type":"Organization","@id":"https:\/\/pistonaddict.com\/pl\/#organization","name":"Piston Addict","url":"https:\/\/pistonaddict.com\/pl\/","logo":{"@type":"ImageObject","inLanguage":"pl-PL","@id":"https:\/\/pistonaddict.com\/pl\/#\/schema\/logo\/image\/","url":"https:\/\/pistonaddict.com\/wp-content\/uploads\/2022\/07\/logo-6.png","contentUrl":"https:\/\/pistonaddict.com\/wp-content\/uploads\/2022\/07\/logo-6.png","width":970,"height":200,"caption":"Piston Addict"},"image":{"@id":"https:\/\/pistonaddict.com\/pl\/#\/schema\/logo\/image\/"}}]}},"_links":{"self":[{"href":"https:\/\/pistonaddict.com\/pl\/wp-json\/wp\/v2\/product\/69442"}],"collection":[{"href":"https:\/\/pistonaddict.com\/pl\/wp-json\/wp\/v2\/product"}],"about":[{"href":"https:\/\/pistonaddict.com\/pl\/wp-json\/wp\/v2\/types\/product"}],"replies":[{"embeddable":true,"href":"https:\/\/pistonaddict.com\/pl\/wp-json\/wp\/v2\/comments?post=69442"}],"wp:featuredmedia":[{"embeddable":true,"href":"https:\/\/pistonaddict.com\/pl\/wp-json\/wp\/v2\/media\/67416"}],"wp:attachment":[{"href":"https:\/\/pistonaddict.com\/pl\/wp-json\/wp\/v2\/media?parent=69442"}],"wp:term":[{"taxonomy":"product_cat","embeddable":true,"href":"https:\/\/pistonaddict.com\/pl\/wp-json\/wp\/v2\/product_cat?post=69442"},{"taxonomy":"product_tag","embeddable":true,"href":"https:\/\/pistonaddict.com\/pl\/wp-json\/wp\/v2\/product_tag?post=69442"}],"curies":[{"name":"wp","href":"https:\/\/api.w.org\/{rel}","templated":true}]}}