{"id":62907,"date":"2023-10-25T19:30:40","date_gmt":"2023-10-25T17:30:40","guid":{"rendered":"https:\/\/pistonaddict.com\/product\/porsche-911-996-targa\/"},"modified":"2024-03-20T09:40:09","modified_gmt":"2024-03-20T08:40:09","slug":"porsche-911-996-targa","status":"publish","type":"product","link":"https:\/\/pistonaddict.com\/pl\/product\/porsche-911-996-targa\/","title":{"rendered":"Porsche 911 (996) Targa"},"content":{"rendered":"<p><strong>Historia samochodu<\/strong><\/p>\n<p>Ten konkretny egzemplarz to 911 Targa, kt\u00f3ry zosta\u0142 wyprodukowany w 2004 roku. Wyj\u0105tkowo\u015b\u0107 tego modelu polega na tym, \u017ce Targa by\u0142a zdecydowanie najrzadsz\u0105 ze wszystkich wersji nadwozia 996; tylko 5 125 samochod\u00f3w zosta\u0142o dostarczonych ze specjalnym otwieranym szklanym dachem i innymi s\u0142upkami C. Wyko\u0144czone w uwodzicielskim odcieniu ciemnoniebieskiego z jasnym wn\u0119trzem, to 911 Targa zosta\u0142o dostarczone jako nowe w Hiszpanii i nabyte przez obecnego w\u0142a\u015bciciela w 2023 roku. Jest nap\u0119dzany 3,6-litrowym, wolnoss\u0105cym silnikiem typu flat-six, kt\u00f3ry jest ch\u0142odzony wod\u0105 (jedna z kontrowersji generacji 996). Posiada jednak 6-biegow\u0105 manualn\u0105 skrzyni\u0119 bieg\u00f3w, co czyni go jeszcze rzadszym i obowi\u0105zkowym dla ka\u017cdego kolekcjonera konkretnych modeli 911. Dzi\u0119ki 320 KM i lekkiemu nadwoziu, to 911 Targa jest gotowe rozp\u0119dzi\u0107 si\u0119 do 100 km\/h (62 mph) w zaledwie 5,2 sekundy i osi\u0105gn\u0105\u0107 285 km\/h (177 mph). Co ciekawe, manualna wersja tego modelu jest znacznie szybsza od automatycznej, co czyni ten samoch\u00f3d jeszcze bardziej po\u017c\u0105danym. Fakt, \u017ce ma wszystkie zalety kabrioletu, doskona\u0142\u0105 widoczno\u015b\u0107 i wra\u017cenie jazdy pod go\u0142ym niebem z praktyczno\u015bci\u0105 i komfortem coupe, przekszta\u0142ca to niebieskie 911 Targa w bardzo wszechstronn\u0105 maszyn\u0119 kierowcy z najwa\u017cniejsz\u0105 \u015bcie\u017ck\u0105 d\u017awi\u0119kow\u0105 p\u0142askiej sz\u00f3stki i manualn\u0105 skrzyni\u0105 bieg\u00f3w.<\/p>\n<p><strong>Wn\u0119trze<\/strong><\/p>\n<p>Poniewa\u017c jest to egzemplarz o niskim przebiegu, wn\u0119trze jest w nieskazitelnym stanie, ca\u0142kowicie oryginalne i wyposa\u017cone w po\u017c\u0105dane opcje. Wyko\u0144czony w kolorze szarym Savannah, posiada system informacyjno-rozrywkowy, system audio premium z 6 \u0142adowarkami CD (zgodnie z epok\u0105), sk\u00f3r\u0119 i elektronicznie sterowane fotele. Jako\u015b\u0107 wn\u0119trza Porsche jest dobrze znana w ca\u0142ej bran\u017cy, a ta 911 Targa z 2004 roku nie jest inna. Sk\u00f3ra jest w idealnym stanie; nie ma zadrapa\u0144 na desce rozdzielczej, kartach drzwi ani konsoli centralnej. Dost\u0119pne s\u0105 r\u00f3wnie\u017c u\u017cyteczne tylne siedzenia, kt\u00f3re s\u0105 idealne dla dzieci.<\/p>\n<p><strong>Stan<\/strong><\/p>\n<p>Z przebiegiem zaledwie 39 037 kilometr\u00f3w od nowo\u015bci, ta 911 Targa jest w nieskazitelnym stanie i starannie piel\u0119gnowana przez wszystkich u\u017cytkownik\u00f3w. Pojazd by\u0142 oczywi\u015bcie rzadko u\u017cywany i dobrze utrzymany, jak pokazuje dokumentacja. Obecny w\u0142a\u015bciciel jest dealerem w Hiszpanii, a ostatni serwis zosta\u0142 przeprowadzony w kwietniu 2023 roku, a hamulce zosta\u0142y poddane przegl\u0105dowi zaledwie kilka dni temu, w pa\u017adzierniku 2023 roku. Sp\u00f3d Porsche jest wykonany z aluminium, wi\u0119c nie rdzewieje. Jednak\u017ce, jak wida\u0107 na ostatnich zdj\u0119ciach spodu, jest troch\u0119 suchego brudu, kt\u00f3ry sprzedawca wyczy\u015bci dla kupuj\u0105cego po zako\u0144czeniu aukcji. Samoch\u00f3d jest gotowy do jazdy w dowolnym miejscu i jest prawdopodobnie jednym z najlepszych przyk\u0142ad\u00f3w 911 996 Targa z manualnym wyposa\u017ceniem, jakie kiedykolwiek mo\u017cna znale\u017a\u0107.<\/p>\n<p><strong>Wygl\u0105d zewn\u0119trzny i ko\u0142a<\/strong><\/p>\n<p>Dzi\u0119ki nieoznakowanemu nadwoziu wyko\u0144czonemu w kolorze granatowym i szaremu wn\u0119trzu, ta 911 Targa jest wspaniale wygl\u0105daj\u0105c\u0105 maszyn\u0105 bez zadrapa\u0144, uszkodze\u0144 i wgniece\u0144. Tabor sk\u0142ada si\u0119 z 18-calowych fabrycznych k\u00f3\u0142 owini\u0119tych wyczynow\u0105 gum\u0105 Bridgestone Potenza. Opony pochodz\u0105 z 2020 roku i przejecha\u0142y bardzo niewiele kilometr\u00f3w. Nie ma \u017cadnych modyfikacji, a ten 996 Targa jest w stanie, w jakim zosta\u0142 dostarczony.<\/p>\n<p><strong>Dokumentacja<\/strong><\/p>\n<p>Ten pojazd jest sprzedawany przez dealera z odpowiedni\u0105 dokumentacj\u0105 i znajduje si\u0119 w Hiszpanii. Raport CarFax jest czysty; nie ma dowod\u00f3w na wypadki, naprawy powypadkowe, w\u0142asno\u015b\u0107 lub problemy prawne. Istniej\u0105 zapisy regularnych przegl\u0105d\u00f3w wraz z oryginalnymi fabrycznymi broszurami i paragonami.<\/p>\n<p><strong>Zobacz film z zimnego rozruchu tego pi\u0119knego Porsche 911 Targa:<\/strong><\/p>\n<p><iframe title=\"Cold Start Video of the Porsche 911 996 Targa for auction sale\" width=\"1200\" height=\"675\" src=\"https:\/\/www.youtube.com\/embed\/pOCqegVAqt8?feature=oembed\" frameborder=\"0\" allow=\"accelerometer; autoplay; clipboard-write; encrypted-media; gyroscope; picture-in-picture; web-share\" allowfullscreen><\/iframe><\/p>\n","protected":false},"excerpt":{"rendered":"<p>Porsche 911 generacji 996 by\u0142o bardzo kontrowersyjne, gdy zosta\u0142o wypuszczone na rynek pod koniec lat 90-tych. Jednak od tego czasu zosta\u0142 uznany za integraln\u0105 cz\u0119\u015b\u0107 legendy 911, niezwykle wa\u017cny model dla firmy i pierwsz\u0105 911 w nowoczesnej erze. Dzi\u0119ki charakterystycznemu designowi, szerokiej gamie modeli i specyfikacji, kolekcjonerzy zacz\u0119li odkrywa\u0107 prawdziwe klejnoty 996 911. Dzi\u015b z dum\u0105 prezentujemy taki model, rzadk\u0105 wersj\u0119 w idealnej specyfikacji, kt\u00f3ra przyci\u0105gnie uwag\u0119 ka\u017cdego entuzjasty 911.<\/p>\n","protected":false},"featured_media":59809,"comment_status":"open","ping_status":"closed","template":"","meta":{"inline_featured_image":false},"product_cat":[718],"product_tag":[2347,2318,984,2316],"acf":[],"yoast_head":"<!-- This site is optimized with the Yoast SEO plugin v22.5 - https:\/\/yoast.com\/wordpress\/plugins\/seo\/ -->\n<title>Porsche 911 (996) Targa auction - Piston Addict<\/title>\n<meta name=\"robots\" content=\"index, follow, max-snippet:-1, max-image-preview:large, max-video-preview:-1\" \/>\n<link rel=\"canonical\" href=\"https:\/\/pistonaddict.com\/pl\/product\/porsche-911-996-targa\/\" \/>\n<meta property=\"og:locale\" content=\"pl_PL\" \/>\n<meta property=\"og:type\" content=\"article\" \/>\n<meta property=\"og:title\" content=\"Porsche 911 (996) Targa auction - Piston Addict\" \/>\n<meta property=\"og:description\" content=\"Porsche 911 generacji 996 by\u0142o bardzo kontrowersyjne, gdy zosta\u0142o wypuszczone na rynek pod koniec lat 90-tych. Jednak od tego czasu zosta\u0142 uznany za integraln\u0105 cz\u0119\u015b\u0107 legendy 911, niezwykle wa\u017cny model dla firmy i pierwsz\u0105 911 w nowoczesnej erze. Dzi\u0119ki charakterystycznemu designowi, szerokiej gamie modeli i specyfikacji, kolekcjonerzy zacz\u0119li odkrywa\u0107 prawdziwe klejnoty 996 911. Dzi\u015b z dum\u0105 prezentujemy taki model, rzadk\u0105 wersj\u0119 w idealnej specyfikacji, kt\u00f3ra przyci\u0105gnie uwag\u0119 ka\u017cdego entuzjasty 911.\" \/>\n<meta property=\"og:url\" content=\"https:\/\/pistonaddict.com\/pl\/product\/porsche-911-996-targa\/\" \/>\n<meta property=\"og:site_name\" content=\"Piston Addict\" \/>\n<meta property=\"article:modified_time\" content=\"2024-03-20T08:40:09+00:00\" \/>\n<meta property=\"og:image\" content=\"https:\/\/pistonaddict.com\/wp-content\/uploads\/2023\/10\/image00032-1-scaled.jpeg\" \/>\n\t<meta property=\"og:image:width\" content=\"2560\" \/>\n\t<meta property=\"og:image:height\" content=\"1920\" \/>\n\t<meta property=\"og:image:type\" content=\"image\/jpeg\" \/>\n<meta name=\"twitter:card\" content=\"summary_large_image\" \/>\n<meta name=\"twitter:label1\" content=\"Szacowany czas czytania\" \/>\n\t<meta name=\"twitter:data1\" content=\"3 minuty\" \/>\n<script type=\"application\/ld+json\" class=\"yoast-schema-graph\">{\"@context\":\"https:\/\/schema.org\",\"@graph\":[{\"@type\":\"WebPage\",\"@id\":\"https:\/\/pistonaddict.com\/pl\/product\/porsche-911-996-targa\/\",\"url\":\"https:\/\/pistonaddict.com\/pl\/product\/porsche-911-996-targa\/\",\"name\":\"Porsche 911 (996) Targa auction - Piston Addict\",\"isPartOf\":{\"@id\":\"https:\/\/pistonaddict.com\/pl\/#website\"},\"primaryImageOfPage\":{\"@id\":\"https:\/\/pistonaddict.com\/pl\/product\/porsche-911-996-targa\/#primaryimage\"},\"image\":{\"@id\":\"https:\/\/pistonaddict.com\/pl\/product\/porsche-911-996-targa\/#primaryimage\"},\"thumbnailUrl\":\"https:\/\/pistonaddict.com\/wp-content\/uploads\/2023\/10\/image00032-1-scaled.jpeg\",\"datePublished\":\"2023-10-25T17:30:40+00:00\",\"dateModified\":\"2024-03-20T08:40:09+00:00\",\"breadcrumb\":{\"@id\":\"https:\/\/pistonaddict.com\/pl\/product\/porsche-911-996-targa\/#breadcrumb\"},\"inLanguage\":\"pl-PL\",\"potentialAction\":[{\"@type\":\"ReadAction\",\"target\":[\"https:\/\/pistonaddict.com\/pl\/product\/porsche-911-996-targa\/\"]}]},{\"@type\":\"ImageObject\",\"inLanguage\":\"pl-PL\",\"@id\":\"https:\/\/pistonaddict.com\/pl\/product\/porsche-911-996-targa\/#primaryimage\",\"url\":\"https:\/\/pistonaddict.com\/wp-content\/uploads\/2023\/10\/image00032-1-scaled.jpeg\",\"contentUrl\":\"https:\/\/pistonaddict.com\/wp-content\/uploads\/2023\/10\/image00032-1-scaled.jpeg\",\"width\":2560,\"height\":1920},{\"@type\":\"BreadcrumbList\",\"@id\":\"https:\/\/pistonaddict.com\/pl\/product\/porsche-911-996-targa\/#breadcrumb\",\"itemListElement\":[{\"@type\":\"ListItem\",\"position\":1,\"name\":\"Strona g\u0142\u00f3wna\",\"item\":\"https:\/\/pistonaddict.com\/pl\/strona-glowna-2\/\"},{\"@type\":\"ListItem\",\"position\":2,\"name\":\"Auctions\",\"item\":\"https:\/\/pistonaddict.com\/auctions-listing\/\"},{\"@type\":\"ListItem\",\"position\":3,\"name\":\"Porsche 911 (996) Targa\"}]},{\"@type\":\"WebSite\",\"@id\":\"https:\/\/pistonaddict.com\/pl\/#website\",\"url\":\"https:\/\/pistonaddict.com\/pl\/\",\"name\":\"Piston Addict\",\"description\":\"Only interesting vehicles\",\"publisher\":{\"@id\":\"https:\/\/pistonaddict.com\/pl\/#organization\"},\"potentialAction\":[{\"@type\":\"SearchAction\",\"target\":{\"@type\":\"EntryPoint\",\"urlTemplate\":\"https:\/\/pistonaddict.com\/pl\/?s={search_term_string}\"},\"query-input\":\"required name=search_term_string\"}],\"inLanguage\":\"pl-PL\"},{\"@type\":\"Organization\",\"@id\":\"https:\/\/pistonaddict.com\/pl\/#organization\",\"name\":\"Piston Addict\",\"url\":\"https:\/\/pistonaddict.com\/pl\/\",\"logo\":{\"@type\":\"ImageObject\",\"inLanguage\":\"pl-PL\",\"@id\":\"https:\/\/pistonaddict.com\/pl\/#\/schema\/logo\/image\/\",\"url\":\"https:\/\/pistonaddict.com\/wp-content\/uploads\/2022\/07\/logo-6.png\",\"contentUrl\":\"https:\/\/pistonaddict.com\/wp-content\/uploads\/2022\/07\/logo-6.png\",\"width\":970,\"height\":200,\"caption\":\"Piston Addict\"},\"image\":{\"@id\":\"https:\/\/pistonaddict.com\/pl\/#\/schema\/logo\/image\/\"}}]}<\/script>\n<!-- \/ Yoast SEO plugin. -->","yoast_head_json":{"title":"Porsche 911 (996) Targa auction - Piston Addict","robots":{"index":"index","follow":"follow","max-snippet":"max-snippet:-1","max-image-preview":"max-image-preview:large","max-video-preview":"max-video-preview:-1"},"canonical":"https:\/\/pistonaddict.com\/pl\/product\/porsche-911-996-targa\/","og_locale":"pl_PL","og_type":"article","og_title":"Porsche 911 (996) Targa auction - Piston Addict","og_description":"Porsche 911 generacji 996 by\u0142o bardzo kontrowersyjne, gdy zosta\u0142o wypuszczone na rynek pod koniec lat 90-tych. Jednak od tego czasu zosta\u0142 uznany za integraln\u0105 cz\u0119\u015b\u0107 legendy 911, niezwykle wa\u017cny model dla firmy i pierwsz\u0105 911 w nowoczesnej erze. Dzi\u0119ki charakterystycznemu designowi, szerokiej gamie modeli i specyfikacji, kolekcjonerzy zacz\u0119li odkrywa\u0107 prawdziwe klejnoty 996 911. Dzi\u015b z dum\u0105 prezentujemy taki model, rzadk\u0105 wersj\u0119 w idealnej specyfikacji, kt\u00f3ra przyci\u0105gnie uwag\u0119 ka\u017cdego entuzjasty 911.","og_url":"https:\/\/pistonaddict.com\/pl\/product\/porsche-911-996-targa\/","og_site_name":"Piston Addict","article_modified_time":"2024-03-20T08:40:09+00:00","og_image":[{"width":2560,"height":1920,"url":"https:\/\/pistonaddict.com\/wp-content\/uploads\/2023\/10\/image00032-1-scaled.jpeg","type":"image\/jpeg"}],"twitter_card":"summary_large_image","twitter_misc":{"Szacowany czas czytania":"3 minuty"},"schema":{"@context":"https:\/\/schema.org","@graph":[{"@type":"WebPage","@id":"https:\/\/pistonaddict.com\/pl\/product\/porsche-911-996-targa\/","url":"https:\/\/pistonaddict.com\/pl\/product\/porsche-911-996-targa\/","name":"Porsche 911 (996) Targa auction - Piston Addict","isPartOf":{"@id":"https:\/\/pistonaddict.com\/pl\/#website"},"primaryImageOfPage":{"@id":"https:\/\/pistonaddict.com\/pl\/product\/porsche-911-996-targa\/#primaryimage"},"image":{"@id":"https:\/\/pistonaddict.com\/pl\/product\/porsche-911-996-targa\/#primaryimage"},"thumbnailUrl":"https:\/\/pistonaddict.com\/wp-content\/uploads\/2023\/10\/image00032-1-scaled.jpeg","datePublished":"2023-10-25T17:30:40+00:00","dateModified":"2024-03-20T08:40:09+00:00","breadcrumb":{"@id":"https:\/\/pistonaddict.com\/pl\/product\/porsche-911-996-targa\/#breadcrumb"},"inLanguage":"pl-PL","potentialAction":[{"@type":"ReadAction","target":["https:\/\/pistonaddict.com\/pl\/product\/porsche-911-996-targa\/"]}]},{"@type":"ImageObject","inLanguage":"pl-PL","@id":"https:\/\/pistonaddict.com\/pl\/product\/porsche-911-996-targa\/#primaryimage","url":"https:\/\/pistonaddict.com\/wp-content\/uploads\/2023\/10\/image00032-1-scaled.jpeg","contentUrl":"https:\/\/pistonaddict.com\/wp-content\/uploads\/2023\/10\/image00032-1-scaled.jpeg","width":2560,"height":1920},{"@type":"BreadcrumbList","@id":"https:\/\/pistonaddict.com\/pl\/product\/porsche-911-996-targa\/#breadcrumb","itemListElement":[{"@type":"ListItem","position":1,"name":"Strona g\u0142\u00f3wna","item":"https:\/\/pistonaddict.com\/pl\/strona-glowna-2\/"},{"@type":"ListItem","position":2,"name":"Auctions","item":"https:\/\/pistonaddict.com\/auctions-listing\/"},{"@type":"ListItem","position":3,"name":"Porsche 911 (996) Targa"}]},{"@type":"WebSite","@id":"https:\/\/pistonaddict.com\/pl\/#website","url":"https:\/\/pistonaddict.com\/pl\/","name":"Piston Addict","description":"Only interesting vehicles","publisher":{"@id":"https:\/\/pistonaddict.com\/pl\/#organization"},"potentialAction":[{"@type":"SearchAction","target":{"@type":"EntryPoint","urlTemplate":"https:\/\/pistonaddict.com\/pl\/?s={search_term_string}"},"query-input":"required name=search_term_string"}],"inLanguage":"pl-PL"},{"@type":"Organization","@id":"https:\/\/pistonaddict.com\/pl\/#organization","name":"Piston Addict","url":"https:\/\/pistonaddict.com\/pl\/","logo":{"@type":"ImageObject","inLanguage":"pl-PL","@id":"https:\/\/pistonaddict.com\/pl\/#\/schema\/logo\/image\/","url":"https:\/\/pistonaddict.com\/wp-content\/uploads\/2022\/07\/logo-6.png","contentUrl":"https:\/\/pistonaddict.com\/wp-content\/uploads\/2022\/07\/logo-6.png","width":970,"height":200,"caption":"Piston Addict"},"image":{"@id":"https:\/\/pistonaddict.com\/pl\/#\/schema\/logo\/image\/"}}]}},"_links":{"self":[{"href":"https:\/\/pistonaddict.com\/pl\/wp-json\/wp\/v2\/product\/62907"}],"collection":[{"href":"https:\/\/pistonaddict.com\/pl\/wp-json\/wp\/v2\/product"}],"about":[{"href":"https:\/\/pistonaddict.com\/pl\/wp-json\/wp\/v2\/types\/product"}],"replies":[{"embeddable":true,"href":"https:\/\/pistonaddict.com\/pl\/wp-json\/wp\/v2\/comments?post=62907"}],"wp:featuredmedia":[{"embeddable":true,"href":"https:\/\/pistonaddict.com\/pl\/wp-json\/wp\/v2\/media\/59809"}],"wp:attachment":[{"href":"https:\/\/pistonaddict.com\/pl\/wp-json\/wp\/v2\/media?parent=62907"}],"wp:term":[{"taxonomy":"product_cat","embeddable":true,"href":"https:\/\/pistonaddict.com\/pl\/wp-json\/wp\/v2\/product_cat?post=62907"},{"taxonomy":"product_tag","embeddable":true,"href":"https:\/\/pistonaddict.com\/pl\/wp-json\/wp\/v2\/product_tag?post=62907"}],"curies":[{"name":"wp","href":"https:\/\/api.w.org\/{rel}","templated":true}]}}