{"id":55262,"date":"2023-10-13T09:36:04","date_gmt":"2023-10-13T07:36:04","guid":{"rendered":"https:\/\/pistonaddict.com\/product\/porsche-cayman-s-3-4-325-cv\/"},"modified":"2024-03-19T17:03:56","modified_gmt":"2024-03-19T16:03:56","slug":"porsche-cayman-s-3-4-325-cv","status":"publish","type":"product","link":"https:\/\/pistonaddict.com\/pl\/product\/porsche-cayman-s-3-4-325-cv\/","title":{"rendered":"Porsche Cayman S 3.4 325 CV"},"content":{"rendered":"<p><strong>Historia samochodu<\/strong><\/p>\n<p>Ten bia\u0142y Cayman S z 2016 roku by\u0142 pocz\u0105tkowo sprzedawany w Niemczech, ale zosta\u0142 przeniesiony do W\u0142och, gdzie zosta\u0142 sprowadzony przez obecnego w\u0142a\u015bciciela, dealera samochod\u00f3w sportowych. Rok 2016 jest ostatnim rokiem dla Caymana generacji 981, co jest istotne z kilku powod\u00f3w. G\u0142\u00f3wnie dlatego, \u017ce Cayman S ma odnowiony 3,4-litrowy, p\u0142aski silnik sze\u015bciocylindrowy z Porsche 911 Carrera, rozwi\u0105zuj\u0105c jedn\u0105 z najwa\u017cniejszych kontrowersji we wsp\u00f3\u0142czesnej spo\u0142eczno\u015bci Porsche. Przez lata kr\u0105\u017cy\u0142y plotki, \u017ce Porsche zbytnio boi si\u0119 umie\u015bci\u0107 silnik 911 w Caymanie, obawiaj\u0105c si\u0119, \u017ce mo\u017ce on oferowa\u0107 jeszcze lepsze wra\u017cenia z jazdy. To pierwszy Cayman, kt\u00f3ry faktycznie ma silnik 911. Dzi\u0119ki mocy 325 KM, b\u0142yskawicznej 7-biegowej przek\u0142adni PDK i specjalnie dostrojonemu fabrycznie zawieszeniu, Cayman S 2016 jest w stanie osi\u0105gn\u0105\u0107 100 km\/h (60 mph) w zaledwie 4,8 sekundy, osi\u0105gaj\u0105c pr\u0119dko\u015b\u0107 maksymaln\u0105 283 km\/h (176 mph). Nie chodzi jednak o liczby, nawet je\u015bli s\u0105 fantastyczne. Cayman S ma silnik umieszczony centralnie, lekkie nadwozie, precyzyjny uk\u0142ad kierowniczy i doskona\u0142e hamulce, dlatego tak denerwuje wielu w\u0142a\u015bcicieli 911. Po\u0142\u0105czenie wysokoobrotowego i wolnoss\u0105cego silnika, zwinnego podwozia i doskona\u0142ej dynamiki jazdy wci\u0105\u017c rezonuje w\u015br\u00f3d t\u0142umu samochod\u00f3w sportowych jako jeden z najbardziej idealnych samochod\u00f3w dla kierowcy, jakie kiedykolwiek stworzono.<\/p>\n<p><strong>Wn\u0119trze<\/strong><\/p>\n<p>Poniewa\u017c Porsche Cayman S z 2016 roku jest egzemplarzem o niskim przebiegu, wn\u0119trze jest nieoznakowane i w doskona\u0142ym stanie, zgodnie z oczekiwaniami. Oryginalny w\u0142a\u015bciciel dok\u0142adnie sprawdzi\u0142 go z kilkoma po\u017c\u0105danymi opcjami, kt\u00f3re doceni nast\u0119pny w\u0142a\u015bciciel. Elektronicznie regulowane sportowe fotele, system informacyjno-rozrywkowy ze zintegrowanym wy\u015bwietlaczem cyfrowym i wielofunkcyjna kierownica podnios\u0105 wra\u017cenia z jazdy na wy\u017cszy poziom. Widoczna jest charakterystyczna dla Porsche jako\u015b\u0107 wn\u0119trza, a tak\u017ce niezwyk\u0142e dopasowanie i wyko\u0144czenie.<\/p>\n<p><strong>Stan<\/strong><\/p>\n<p>To nieskazitelne Porsche Cayman S przejecha\u0142o nieco ponad 33 000 kilometr\u00f3w w ci\u0105gu ostatnich siedmiu lat. Tak niski przebieg, kilku troskliwych w\u0142a\u015bcicieli i odpowiednia dokumentacja serwisowa gwarantuj\u0105, \u017ce samoch\u00f3d jest w idealnym stanie. Sprzedawca jest bardzo renomowanym dealerem samochod\u00f3w sportowych we W\u0142oszech i jest tak pewny og\u00f3lnego stanu tego Caymana S, \u017ce <strong>samoch\u00f3d jest obj\u0119ty 12-miesi\u0119czn\u0105 gwarancj\u0105<\/strong>, co jest bardzo wa\u017cne i odr\u00f3\u017cnia ten pojazd od podobnych, kt\u00f3re mo\u017cna znale\u017a\u0107 na sprzeda\u017c. Istniej\u0105 zapisy dotycz\u0105ce konserwacji i istotnych us\u0142ug wykonanych w 2021 roku.<\/p>\n<p><strong>Nadwozie i ko\u0142a<\/strong><\/p>\n<p>Eleganckie bia\u0142e nadwozie nie ma zadrapa\u0144 ani wgniece\u0144, a samoch\u00f3d ma ciekawe detale graficzne na panelach nadkoli, kt\u00f3re s\u0105 fabrycznie oryginalne i pokazuj\u0105, \u017ce ten Cayman nie jest modelem podstawowym. Sportowy wygl\u0105d samochodu dope\u0142niaj\u0105 20-calowe felgi, takie same jak w modelu 911, owini\u0119te prawie nowymi oponami Michelin Pilot Sport 4S, znanymi jako wyb\u00f3r entuzjast\u00f3w. Nie ma \u017cadnych modyfikacji, a ten Cayman jest w idealnym oryginalnym stanie.<\/p>\n<p><strong>Dokumentacja<\/strong><\/p>\n<p>Ten pojazd jest sprzedawany przez dealera z odpowiedni\u0105 dokumentacj\u0105 i znajduje si\u0119 we W\u0142oszech. Raport <a href=\"https:\/\/pistonaddict.com\/wp-content\/uploads\/2023\/10\/CARFAX-Vehicle-History-Report-PORSCHE-WP0ZZZ98ZGK181513.pdf\" target=\"_blank\" rel=\"noopener\">CarFax<\/a> jest czysty; nie ma dowod\u00f3w na wypadki, naprawy powypadkowe, w\u0142asno\u015b\u0107 lub problemy prawne. Sprzedawca poinformowa\u0142 nas jednak, \u017ce w 2017 roku mia\u0142 miejsce jeden wypadek z udzia\u0142em motocykla, a uszkodzony element, przednia maska, zosta\u0142 oczywi\u015bcie naprawiony. Istniej\u0105 zapisy regularnych przegl\u0105d\u00f3w wraz z oryginalnymi fabrycznymi broszurami i paragonami. Sprzeda\u017c obejmuje 12-miesi\u0119czn\u0105 gwarancj\u0119 dealera.  <strong>Co wi\u0119cej, je\u015bli mieszkasz w Europie, sprzedawca jest w stanie zapewni\u0107 Ci transport i sprowadzi\u0107 pojazd do Twojego domu.<\/strong><\/p>\n<p><strong> <\/strong><\/p>\n<p>Zobacz odkrywcze wideo tego pi\u0119knego Porsche Cayman S:<\/p>\n<p><iframe title=\"Video of the Porsche Cayman S for auction sale\" width=\"1200\" height=\"675\" src=\"https:\/\/www.youtube.com\/embed\/-29PE_JnFJM?feature=oembed\" frameborder=\"0\" allow=\"accelerometer; autoplay; clipboard-write; encrypted-media; gyroscope; picture-in-picture; web-share\" allowfullscreen><\/iframe><\/p>\n","protected":false},"excerpt":{"rendered":"<p>Jako firma, kt\u00f3ra zawsze d\u0105\u017cy\u0142a do doskona\u0142o\u015bci samochod\u00f3w sportowych, Porsche odpowiedzia\u0142o na krytyk\u0119 w najlepszy mo\u017cliwy spos\u00f3b &#8211; prezentuj\u0105c model dedykowany kierowcy, kt\u00f3ry jest powszechnie kochany i chwalony. Kiedy zadebiutowa\u0142 Cayman pierwszej generacji, by\u0142 wszystkim, czego chcieli entuzja\u015bci, z 90% odczu\u0107 Porsche 911 za 60% ceny. Cayman by\u0142 l\u017cejszym, bardziej precyzyjnym i wci\u0105gaj\u0105cym samochodem, podczas gdy jego wersja S by\u0142a doskonale wywa\u017conym samochodem sportowym. Oto szczeg\u00f3lnie interesuj\u0105cy egzemplarz w idealnym stanie. <strong>Aby uzyska\u0107 dost\u0119p do tej aukcji, nale\u017cy <a href=\"https:\/\/pistonaddict.com\/pl\/moje-konto\/\">utworzy\u0107 konto<\/a>.<\/strong><\/p>\n","protected":false},"featured_media":55128,"comment_status":"open","ping_status":"closed","template":"","meta":{"inline_featured_image":false},"product_cat":[718],"product_tag":[2276,2274,913,2272],"acf":[],"yoast_head":"<!-- This site is optimized with the Yoast SEO plugin v22.5 - https:\/\/yoast.com\/wordpress\/plugins\/seo\/ -->\n<title>Porsche Cayman S 3.4 325 CV auction - Piston Addict<\/title>\n<meta name=\"robots\" content=\"index, follow, max-snippet:-1, max-image-preview:large, max-video-preview:-1\" \/>\n<link rel=\"canonical\" href=\"https:\/\/pistonaddict.com\/pl\/product\/porsche-cayman-s-3-4-325-cv\/\" \/>\n<meta property=\"og:locale\" content=\"pl_PL\" \/>\n<meta property=\"og:type\" content=\"article\" \/>\n<meta property=\"og:title\" content=\"Porsche Cayman S 3.4 325 CV auction - Piston Addict\" \/>\n<meta property=\"og:description\" content=\"Jako firma, kt\u00f3ra zawsze d\u0105\u017cy\u0142a do doskona\u0142o\u015bci samochod\u00f3w sportowych, Porsche odpowiedzia\u0142o na krytyk\u0119 w najlepszy mo\u017cliwy spos\u00f3b - prezentuj\u0105c model dedykowany kierowcy, kt\u00f3ry jest powszechnie kochany i chwalony. Kiedy zadebiutowa\u0142 Cayman pierwszej generacji, by\u0142 wszystkim, czego chcieli entuzja\u015bci, z 90% odczu\u0107 Porsche 911 za 60% ceny. Cayman by\u0142 l\u017cejszym, bardziej precyzyjnym i wci\u0105gaj\u0105cym samochodem, podczas gdy jego wersja S by\u0142a doskonale wywa\u017conym samochodem sportowym. Oto szczeg\u00f3lnie interesuj\u0105cy egzemplarz w idealnym stanie. Aby uzyska\u0107 dost\u0119p do tej aukcji, nale\u017cy utworzy\u0107 konto.\" \/>\n<meta property=\"og:url\" content=\"https:\/\/pistonaddict.com\/pl\/product\/porsche-cayman-s-3-4-325-cv\/\" \/>\n<meta property=\"og:site_name\" content=\"Piston Addict\" \/>\n<meta property=\"article:modified_time\" content=\"2024-03-19T16:03:56+00:00\" \/>\n<meta property=\"og:image\" content=\"https:\/\/pistonaddict.com\/wp-content\/uploads\/2023\/10\/CAYMAN-1.png\" \/>\n\t<meta property=\"og:image:width\" content=\"1887\" \/>\n\t<meta property=\"og:image:height\" content=\"781\" \/>\n\t<meta property=\"og:image:type\" content=\"image\/png\" \/>\n<meta name=\"twitter:card\" content=\"summary_large_image\" \/>\n<meta name=\"twitter:label1\" content=\"Szacowany czas czytania\" \/>\n\t<meta name=\"twitter:data1\" content=\"3 minuty\" \/>\n<script type=\"application\/ld+json\" class=\"yoast-schema-graph\">{\"@context\":\"https:\/\/schema.org\",\"@graph\":[{\"@type\":\"WebPage\",\"@id\":\"https:\/\/pistonaddict.com\/pl\/product\/porsche-cayman-s-3-4-325-cv\/\",\"url\":\"https:\/\/pistonaddict.com\/pl\/product\/porsche-cayman-s-3-4-325-cv\/\",\"name\":\"Porsche Cayman S 3.4 325 CV auction - Piston Addict\",\"isPartOf\":{\"@id\":\"https:\/\/pistonaddict.com\/pl\/#website\"},\"primaryImageOfPage\":{\"@id\":\"https:\/\/pistonaddict.com\/pl\/product\/porsche-cayman-s-3-4-325-cv\/#primaryimage\"},\"image\":{\"@id\":\"https:\/\/pistonaddict.com\/pl\/product\/porsche-cayman-s-3-4-325-cv\/#primaryimage\"},\"thumbnailUrl\":\"https:\/\/pistonaddict.com\/wp-content\/uploads\/2023\/10\/CAYMAN-1.png\",\"datePublished\":\"2023-10-13T07:36:04+00:00\",\"dateModified\":\"2024-03-19T16:03:56+00:00\",\"breadcrumb\":{\"@id\":\"https:\/\/pistonaddict.com\/pl\/product\/porsche-cayman-s-3-4-325-cv\/#breadcrumb\"},\"inLanguage\":\"pl-PL\",\"potentialAction\":[{\"@type\":\"ReadAction\",\"target\":[\"https:\/\/pistonaddict.com\/pl\/product\/porsche-cayman-s-3-4-325-cv\/\"]}]},{\"@type\":\"ImageObject\",\"inLanguage\":\"pl-PL\",\"@id\":\"https:\/\/pistonaddict.com\/pl\/product\/porsche-cayman-s-3-4-325-cv\/#primaryimage\",\"url\":\"https:\/\/pistonaddict.com\/wp-content\/uploads\/2023\/10\/CAYMAN-1.png\",\"contentUrl\":\"https:\/\/pistonaddict.com\/wp-content\/uploads\/2023\/10\/CAYMAN-1.png\",\"width\":1887,\"height\":781},{\"@type\":\"BreadcrumbList\",\"@id\":\"https:\/\/pistonaddict.com\/pl\/product\/porsche-cayman-s-3-4-325-cv\/#breadcrumb\",\"itemListElement\":[{\"@type\":\"ListItem\",\"position\":1,\"name\":\"Strona g\u0142\u00f3wna\",\"item\":\"https:\/\/pistonaddict.com\/pl\/strona-glowna-2\/\"},{\"@type\":\"ListItem\",\"position\":2,\"name\":\"Auctions\",\"item\":\"https:\/\/pistonaddict.com\/auctions-listing\/\"},{\"@type\":\"ListItem\",\"position\":3,\"name\":\"Porsche Cayman S 3.4 325 CV\"}]},{\"@type\":\"WebSite\",\"@id\":\"https:\/\/pistonaddict.com\/pl\/#website\",\"url\":\"https:\/\/pistonaddict.com\/pl\/\",\"name\":\"Piston Addict\",\"description\":\"Only interesting vehicles\",\"publisher\":{\"@id\":\"https:\/\/pistonaddict.com\/pl\/#organization\"},\"potentialAction\":[{\"@type\":\"SearchAction\",\"target\":{\"@type\":\"EntryPoint\",\"urlTemplate\":\"https:\/\/pistonaddict.com\/pl\/?s={search_term_string}\"},\"query-input\":\"required name=search_term_string\"}],\"inLanguage\":\"pl-PL\"},{\"@type\":\"Organization\",\"@id\":\"https:\/\/pistonaddict.com\/pl\/#organization\",\"name\":\"Piston Addict\",\"url\":\"https:\/\/pistonaddict.com\/pl\/\",\"logo\":{\"@type\":\"ImageObject\",\"inLanguage\":\"pl-PL\",\"@id\":\"https:\/\/pistonaddict.com\/pl\/#\/schema\/logo\/image\/\",\"url\":\"https:\/\/pistonaddict.com\/wp-content\/uploads\/2022\/07\/logo-6.png\",\"contentUrl\":\"https:\/\/pistonaddict.com\/wp-content\/uploads\/2022\/07\/logo-6.png\",\"width\":970,\"height\":200,\"caption\":\"Piston Addict\"},\"image\":{\"@id\":\"https:\/\/pistonaddict.com\/pl\/#\/schema\/logo\/image\/\"}}]}<\/script>\n<!-- \/ Yoast SEO plugin. -->","yoast_head_json":{"title":"Porsche Cayman S 3.4 325 CV auction - Piston Addict","robots":{"index":"index","follow":"follow","max-snippet":"max-snippet:-1","max-image-preview":"max-image-preview:large","max-video-preview":"max-video-preview:-1"},"canonical":"https:\/\/pistonaddict.com\/pl\/product\/porsche-cayman-s-3-4-325-cv\/","og_locale":"pl_PL","og_type":"article","og_title":"Porsche Cayman S 3.4 325 CV auction - Piston Addict","og_description":"Jako firma, kt\u00f3ra zawsze d\u0105\u017cy\u0142a do doskona\u0142o\u015bci samochod\u00f3w sportowych, Porsche odpowiedzia\u0142o na krytyk\u0119 w najlepszy mo\u017cliwy spos\u00f3b - prezentuj\u0105c model dedykowany kierowcy, kt\u00f3ry jest powszechnie kochany i chwalony. Kiedy zadebiutowa\u0142 Cayman pierwszej generacji, by\u0142 wszystkim, czego chcieli entuzja\u015bci, z 90% odczu\u0107 Porsche 911 za 60% ceny. Cayman by\u0142 l\u017cejszym, bardziej precyzyjnym i wci\u0105gaj\u0105cym samochodem, podczas gdy jego wersja S by\u0142a doskonale wywa\u017conym samochodem sportowym. Oto szczeg\u00f3lnie interesuj\u0105cy egzemplarz w idealnym stanie. Aby uzyska\u0107 dost\u0119p do tej aukcji, nale\u017cy utworzy\u0107 konto.","og_url":"https:\/\/pistonaddict.com\/pl\/product\/porsche-cayman-s-3-4-325-cv\/","og_site_name":"Piston Addict","article_modified_time":"2024-03-19T16:03:56+00:00","og_image":[{"width":1887,"height":781,"url":"https:\/\/pistonaddict.com\/wp-content\/uploads\/2023\/10\/CAYMAN-1.png","type":"image\/png"}],"twitter_card":"summary_large_image","twitter_misc":{"Szacowany czas czytania":"3 minuty"},"schema":{"@context":"https:\/\/schema.org","@graph":[{"@type":"WebPage","@id":"https:\/\/pistonaddict.com\/pl\/product\/porsche-cayman-s-3-4-325-cv\/","url":"https:\/\/pistonaddict.com\/pl\/product\/porsche-cayman-s-3-4-325-cv\/","name":"Porsche Cayman S 3.4 325 CV auction - Piston Addict","isPartOf":{"@id":"https:\/\/pistonaddict.com\/pl\/#website"},"primaryImageOfPage":{"@id":"https:\/\/pistonaddict.com\/pl\/product\/porsche-cayman-s-3-4-325-cv\/#primaryimage"},"image":{"@id":"https:\/\/pistonaddict.com\/pl\/product\/porsche-cayman-s-3-4-325-cv\/#primaryimage"},"thumbnailUrl":"https:\/\/pistonaddict.com\/wp-content\/uploads\/2023\/10\/CAYMAN-1.png","datePublished":"2023-10-13T07:36:04+00:00","dateModified":"2024-03-19T16:03:56+00:00","breadcrumb":{"@id":"https:\/\/pistonaddict.com\/pl\/product\/porsche-cayman-s-3-4-325-cv\/#breadcrumb"},"inLanguage":"pl-PL","potentialAction":[{"@type":"ReadAction","target":["https:\/\/pistonaddict.com\/pl\/product\/porsche-cayman-s-3-4-325-cv\/"]}]},{"@type":"ImageObject","inLanguage":"pl-PL","@id":"https:\/\/pistonaddict.com\/pl\/product\/porsche-cayman-s-3-4-325-cv\/#primaryimage","url":"https:\/\/pistonaddict.com\/wp-content\/uploads\/2023\/10\/CAYMAN-1.png","contentUrl":"https:\/\/pistonaddict.com\/wp-content\/uploads\/2023\/10\/CAYMAN-1.png","width":1887,"height":781},{"@type":"BreadcrumbList","@id":"https:\/\/pistonaddict.com\/pl\/product\/porsche-cayman-s-3-4-325-cv\/#breadcrumb","itemListElement":[{"@type":"ListItem","position":1,"name":"Strona g\u0142\u00f3wna","item":"https:\/\/pistonaddict.com\/pl\/strona-glowna-2\/"},{"@type":"ListItem","position":2,"name":"Auctions","item":"https:\/\/pistonaddict.com\/auctions-listing\/"},{"@type":"ListItem","position":3,"name":"Porsche Cayman S 3.4 325 CV"}]},{"@type":"WebSite","@id":"https:\/\/pistonaddict.com\/pl\/#website","url":"https:\/\/pistonaddict.com\/pl\/","name":"Piston Addict","description":"Only interesting vehicles","publisher":{"@id":"https:\/\/pistonaddict.com\/pl\/#organization"},"potentialAction":[{"@type":"SearchAction","target":{"@type":"EntryPoint","urlTemplate":"https:\/\/pistonaddict.com\/pl\/?s={search_term_string}"},"query-input":"required name=search_term_string"}],"inLanguage":"pl-PL"},{"@type":"Organization","@id":"https:\/\/pistonaddict.com\/pl\/#organization","name":"Piston Addict","url":"https:\/\/pistonaddict.com\/pl\/","logo":{"@type":"ImageObject","inLanguage":"pl-PL","@id":"https:\/\/pistonaddict.com\/pl\/#\/schema\/logo\/image\/","url":"https:\/\/pistonaddict.com\/wp-content\/uploads\/2022\/07\/logo-6.png","contentUrl":"https:\/\/pistonaddict.com\/wp-content\/uploads\/2022\/07\/logo-6.png","width":970,"height":200,"caption":"Piston Addict"},"image":{"@id":"https:\/\/pistonaddict.com\/pl\/#\/schema\/logo\/image\/"}}]}},"_links":{"self":[{"href":"https:\/\/pistonaddict.com\/pl\/wp-json\/wp\/v2\/product\/55262"}],"collection":[{"href":"https:\/\/pistonaddict.com\/pl\/wp-json\/wp\/v2\/product"}],"about":[{"href":"https:\/\/pistonaddict.com\/pl\/wp-json\/wp\/v2\/types\/product"}],"replies":[{"embeddable":true,"href":"https:\/\/pistonaddict.com\/pl\/wp-json\/wp\/v2\/comments?post=55262"}],"wp:featuredmedia":[{"embeddable":true,"href":"https:\/\/pistonaddict.com\/pl\/wp-json\/wp\/v2\/media\/55128"}],"wp:attachment":[{"href":"https:\/\/pistonaddict.com\/pl\/wp-json\/wp\/v2\/media?parent=55262"}],"wp:term":[{"taxonomy":"product_cat","embeddable":true,"href":"https:\/\/pistonaddict.com\/pl\/wp-json\/wp\/v2\/product_cat?post=55262"},{"taxonomy":"product_tag","embeddable":true,"href":"https:\/\/pistonaddict.com\/pl\/wp-json\/wp\/v2\/product_tag?post=55262"}],"curies":[{"name":"wp","href":"https:\/\/api.w.org\/{rel}","templated":true}]}}