{"id":53490,"date":"2023-10-06T11:28:15","date_gmt":"2023-10-06T09:28:15","guid":{"rendered":"https:\/\/pistonaddict.com\/product\/porsche-911-carrera-2-cabrio-997\/"},"modified":"2023-12-20T09:49:40","modified_gmt":"2023-12-20T08:49:40","slug":"porsche-911-carrera-2-cabrio-997","status":"publish","type":"product","link":"https:\/\/pistonaddict.com\/pl\/product\/porsche-911-carrera-2-cabrio-997\/","title":{"rendered":"Porsche 911 Carrera 2 Cabrio (997)"},"content":{"rendered":"<p><strong>Historia samochodu<\/strong><\/p>\n<p>To Porsche 911 Carrera 2 Cabrio w kolorze &#8220;Guards Red&#8221; zosta\u0142o wyprodukowane w grudniu 2006 roku i sprzedane jako nowe w Hiszpanii, gdzie sp\u0119dzi\u0142o ca\u0142e swoje \u017cycie. Obecny w\u0142a\u015bciciel naby\u0142 go w 2021 roku. Ten kabriolet jest doskona\u0142ym przyk\u0142adem modelu Carrera 2 generacji 997, kt\u00f3ry s\u0142ynie z lekkiej konstrukcji, wysokoobrotowych silnik\u00f3w i bezkompromisowych wra\u017ce\u0144 z jazdy. Pury\u015bci Porsche cz\u0119sto krytykowali kolejne modele 911 za to, \u017ce s\u0105 zbyt du\u017ce i ci\u0119\u017ckie, ale wszyscy zgadzali si\u0119, \u017ce 997 by\u0142 ostatnim z klasycznej linii samochod\u00f3w. Oferuje zwinne podwozie, silniki wolnoss\u0105ce, charakterystyczny d\u017awi\u0119k i wyj\u0105tkowe prowadzenie, szczeg\u00f3lnie w wersji RWD, takiej jak ta. Ten egzemplarz jest nap\u0119dzany <strong>3,6-litrowym<\/strong>, <strong>p\u0142askim silnikiem o mocy 325 KM<\/strong> i wi\u0119cej ni\u017c przyzwoitych osi\u0105gach. Sprint od 0 do 100 km\/h jest mo\u017cliwy w zaledwie 4,8 sekundy, a pr\u0119dko\u015b\u0107 maksymalna wynosi ponad 280 km\/h (177 mph). Jednak najwa\u017cniejsz\u0105 rzecz\u0105 jest 6-biegowa manualna skrzynia bieg\u00f3w, kt\u00f3ra natychmiast przekszta\u0142ca ten czerwony kabriolet ze zwyk\u0142ego 911 w rzadki przedmiot kolekcjonerski. Manualna skrzynia bieg\u00f3w jest bardzo po\u017c\u0105dan\u0105 opcj\u0105, kt\u00f3ra nie tylko pomaga samochodowi osi\u0105gn\u0105\u0107 pe\u0142ny potencja\u0142 osi\u0105g\u00f3w, ale tak\u017ce sprawia, \u017ce ka\u017cda jazda jest niezapomnianym prze\u017cyciem.<\/p>\n<p><strong>Wn\u0119trze<\/strong><\/p>\n<p>Wn\u0119trze w kolorze &#8220;Natural Brown&#8221; jest efektownie po\u0142\u0105czone z czerwonym nadwoziem i jeszcze bardziej odr\u00f3\u017cnia ten egzemplarz od pozosta\u0142ych modeli 911. Wn\u0119trze jest w nieskazitelnym stanie, bez zadrapa\u0144 na sk\u00f3rzanych fotelach. Jest r\u00f3wnie\u017c dobrze wyposa\u017cony w opcjonalne sportowe fotele, system audio Bose i dopasowan\u0105 kierownic\u0119. Jedynym nieoryginalnym elementem jest radioodtwarzacz Kenwood z ekranem dotykowym, ale to gustowne ulepszenie doskonale pasuje do projektu deski rozdzielczej. Pomimo tego, \u017ce kabriolet by\u0142 u\u017cywany jako weekendowy cruiser w s\u0142onecznej Hiszpanii, nie ma \u017cadnych \u015blad\u00f3w uszkodze\u0144 s\u0142onecznych na wspania\u0142ym wn\u0119trzu z br\u0105zowej sk\u00f3ry.<\/p>\n<p><strong>Stan<\/strong><\/p>\n<p>Przy przebiegu zaledwie 43 000 kilometr\u00f3w od nowo\u015bci, og\u00f3lny stan samochodu jest nieskazitelny, bez wypadk\u00f3w i uszkodze\u0144. Ostatni serwis silnika zosta\u0142 przeprowadzony w 2022 roku, a hamulce zosta\u0142y poddane przegl\u0105dowi w pa\u017adzierniku 2023 roku. Samoch\u00f3d zosta\u0142 dok\u0142adnie wyczyszczony i przeprowadzono analiz\u0119 oleju, kt\u00f3ra wykaza\u0142a, \u017ce silnik i uk\u0142ad nap\u0119dowy s\u0105 w idealnym stanie. 911-ki zawsze cieszy\u0142y si\u0119 reputacj\u0105 wysokiej jako\u015bci, a odpowiednio konserwowane i starannie utrzymywane, tak jak ten, mog\u0105 przetrwa\u0107 ca\u0142e \u017cycie.<\/p>\n<p><strong>Nadwozie i ko\u0142a  <\/strong><\/p>\n<p>Czerwona karoseria jest w idealnym stanie, bez zadrapa\u0144 i wgniece\u0144, a dach kabrioletu nie ma \u017cadnych uszkodze\u0144. Po\u0142\u0105czenie kolor\u00f3w jest doskona\u0142e i sprawia, \u017ce ten egzemplarz wyr\u00f3\u017cnia si\u0119 z t\u0142umu. To 911 Carrera 2 ma charakterystyczne dla Porsche 19-calowe ko\u0142a &#8220;Lobster Claw&#8221; owini\u0119te w zupe\u0142nie nowe opony Michelin Pilot Sport.<\/p>\n<p><strong>Dokumentacja:<\/strong><\/p>\n<p>Ten pojazd jest sprzedawany przez dealera z odpowiedni\u0105 dokumentacj\u0105 znajduj\u0105cego si\u0119 w Hiszpanii. Raport CarFax jest czysty; nie ma dowod\u00f3w na wypadki, naprawy powypadkowe, w\u0142asno\u015b\u0107 lub problemy prawne. Istniej\u0105 zapisy regularnych przegl\u0105d\u00f3w wraz z oryginalnymi fabrycznymi broszurami i paragonami. Hiszpa\u0144ski przegl\u0105d techniczny (ITV) jest zawarty w dokumentacji, a samoch\u00f3d przeszed\u0142 go \u015bpiewaj\u0105co. Sprawd\u017a <a href=\"https:\/\/pistonaddict.com\/wp-content\/uploads\/2023\/10\/CARFAX-Vehicle-History-Report-PORSCHE-911.pdf\">dokument CarFax<\/a> tego pi\u0119knego kabrioletu Porsche 911 Carrera.<\/p>\n<p><strong>Aby uzyska\u0107 dost\u0119p do aukcji tego pojazdu premium, wymagany jest odcisk\/zatrzymanie karty kredytowej (automatycznie zwolnione).<\/strong><\/p>\n<p>Zobacz film z zimnego rozruchu tego pi\u0119knego kabrioletu Porsche 911 Carrera:<\/p>\n<p><iframe title=\"Cold Start Video of the Porsche 911 Carrera Cabrio 325 CV\" width=\"1200\" height=\"675\" src=\"https:\/\/www.youtube.com\/embed\/FNuC3o32Erw?feature=oembed\" frameborder=\"0\" allow=\"accelerometer; autoplay; clipboard-write; encrypted-media; gyroscope; picture-in-picture; web-share\" allowfullscreen><\/iframe><\/p>\n","protected":false},"excerpt":{"rendered":"<p>Porsche 911 zajmuje szczeg\u00f3lne miejsce w \u015bwiecie samochod\u00f3w sportowych. Nie jest ju\u017c postrzegany jako zwyk\u0142y pojazd, poniewa\u017c wykracza poza granice przemys\u0142u samochodowego i sta\u0142 si\u0119 symbolem kulturowym i rozpoznawalnym na ca\u0142ym \u015bwiecie kszta\u0142tem. Przez kolejne generacje model 911 ewoluowa\u0142 od ma\u0142ego sportowego coupe do dzisiejszego luksusowego samochodu GT. Za\u0142\u00f3\u017cmy jednak, \u017ce chcesz poczu\u0107 to, co najwa\u017cniejsze w 911, warkot wolnoss\u0105cego silnika typu bokser i czyste wra\u017cenia z jazdy. W takim przypadku generacja 997 jest ostatni\u0105, kt\u00f3ra oferuje wszystkie te po\u017c\u0105dane klasyczne zalety w nowoczesnym opakowaniu. To perfekcja na czterech ko\u0142ach w formie kabrioletu i z manualn\u0105 skrzyni\u0105 bieg\u00f3w.<\/p>\n","protected":false},"featured_media":53275,"comment_status":"open","ping_status":"closed","template":"","meta":{"inline_featured_image":false},"product_cat":[718],"product_tag":[2107,858,2104,2105,984,857],"acf":[],"yoast_head":"<!-- This site is optimized with the Yoast SEO plugin v22.5 - https:\/\/yoast.com\/wordpress\/plugins\/seo\/ -->\n<title>Porsche 911 Carrera 2 Cabrio (997) auction - Piston Addict<\/title>\n<meta name=\"robots\" content=\"index, follow, max-snippet:-1, max-image-preview:large, max-video-preview:-1\" \/>\n<link rel=\"canonical\" href=\"https:\/\/pistonaddict.com\/pl\/product\/porsche-911-carrera-2-cabrio-997\/\" \/>\n<meta property=\"og:locale\" content=\"pl_PL\" \/>\n<meta property=\"og:type\" content=\"article\" \/>\n<meta property=\"og:title\" content=\"Porsche 911 Carrera 2 Cabrio (997) auction - Piston Addict\" \/>\n<meta property=\"og:description\" content=\"Porsche 911 zajmuje szczeg\u00f3lne miejsce w \u015bwiecie samochod\u00f3w sportowych. Nie jest ju\u017c postrzegany jako zwyk\u0142y pojazd, poniewa\u017c wykracza poza granice przemys\u0142u samochodowego i sta\u0142 si\u0119 symbolem kulturowym i rozpoznawalnym na ca\u0142ym \u015bwiecie kszta\u0142tem. Przez kolejne generacje model 911 ewoluowa\u0142 od ma\u0142ego sportowego coupe do dzisiejszego luksusowego samochodu GT. Za\u0142\u00f3\u017cmy jednak, \u017ce chcesz poczu\u0107 to, co najwa\u017cniejsze w 911, warkot wolnoss\u0105cego silnika typu bokser i czyste wra\u017cenia z jazdy. W takim przypadku generacja 997 jest ostatni\u0105, kt\u00f3ra oferuje wszystkie te po\u017c\u0105dane klasyczne zalety w nowoczesnym opakowaniu. To perfekcja na czterech ko\u0142ach w formie kabrioletu i z manualn\u0105 skrzyni\u0105 bieg\u00f3w.\" \/>\n<meta property=\"og:url\" content=\"https:\/\/pistonaddict.com\/pl\/product\/porsche-911-carrera-2-cabrio-997\/\" \/>\n<meta property=\"og:site_name\" content=\"Piston Addict\" \/>\n<meta property=\"article:modified_time\" content=\"2023-12-20T08:49:40+00:00\" \/>\n<meta property=\"og:image\" content=\"https:\/\/pistonaddict.com\/wp-content\/uploads\/2023\/10\/20220624_201726_resized-copia.jpg\" \/>\n\t<meta property=\"og:image:width\" content=\"1008\" \/>\n\t<meta property=\"og:image:height\" content=\"567\" \/>\n\t<meta property=\"og:image:type\" content=\"image\/jpeg\" \/>\n<meta name=\"twitter:card\" content=\"summary_large_image\" \/>\n<meta name=\"twitter:label1\" content=\"Szacowany czas czytania\" \/>\n\t<meta name=\"twitter:data1\" content=\"3 minuty\" \/>\n<script type=\"application\/ld+json\" class=\"yoast-schema-graph\">{\"@context\":\"https:\/\/schema.org\",\"@graph\":[{\"@type\":\"WebPage\",\"@id\":\"https:\/\/pistonaddict.com\/pl\/product\/porsche-911-carrera-2-cabrio-997\/\",\"url\":\"https:\/\/pistonaddict.com\/pl\/product\/porsche-911-carrera-2-cabrio-997\/\",\"name\":\"Porsche 911 Carrera 2 Cabrio (997) auction - Piston Addict\",\"isPartOf\":{\"@id\":\"https:\/\/pistonaddict.com\/pl\/#website\"},\"primaryImageOfPage\":{\"@id\":\"https:\/\/pistonaddict.com\/pl\/product\/porsche-911-carrera-2-cabrio-997\/#primaryimage\"},\"image\":{\"@id\":\"https:\/\/pistonaddict.com\/pl\/product\/porsche-911-carrera-2-cabrio-997\/#primaryimage\"},\"thumbnailUrl\":\"https:\/\/pistonaddict.com\/wp-content\/uploads\/2023\/10\/20220624_201726_resized-copia.jpg\",\"datePublished\":\"2023-10-06T09:28:15+00:00\",\"dateModified\":\"2023-12-20T08:49:40+00:00\",\"breadcrumb\":{\"@id\":\"https:\/\/pistonaddict.com\/pl\/product\/porsche-911-carrera-2-cabrio-997\/#breadcrumb\"},\"inLanguage\":\"pl-PL\",\"potentialAction\":[{\"@type\":\"ReadAction\",\"target\":[\"https:\/\/pistonaddict.com\/pl\/product\/porsche-911-carrera-2-cabrio-997\/\"]}]},{\"@type\":\"ImageObject\",\"inLanguage\":\"pl-PL\",\"@id\":\"https:\/\/pistonaddict.com\/pl\/product\/porsche-911-carrera-2-cabrio-997\/#primaryimage\",\"url\":\"https:\/\/pistonaddict.com\/wp-content\/uploads\/2023\/10\/20220624_201726_resized-copia.jpg\",\"contentUrl\":\"https:\/\/pistonaddict.com\/wp-content\/uploads\/2023\/10\/20220624_201726_resized-copia.jpg\",\"width\":1008,\"height\":567},{\"@type\":\"BreadcrumbList\",\"@id\":\"https:\/\/pistonaddict.com\/pl\/product\/porsche-911-carrera-2-cabrio-997\/#breadcrumb\",\"itemListElement\":[{\"@type\":\"ListItem\",\"position\":1,\"name\":\"Strona g\u0142\u00f3wna\",\"item\":\"https:\/\/pistonaddict.com\/pl\/strona-glowna-2\/\"},{\"@type\":\"ListItem\",\"position\":2,\"name\":\"Auctions\",\"item\":\"https:\/\/pistonaddict.com\/auctions-listing\/\"},{\"@type\":\"ListItem\",\"position\":3,\"name\":\"Porsche 911 Carrera 2 Cabrio (997)\"}]},{\"@type\":\"WebSite\",\"@id\":\"https:\/\/pistonaddict.com\/pl\/#website\",\"url\":\"https:\/\/pistonaddict.com\/pl\/\",\"name\":\"Piston Addict\",\"description\":\"Only interesting vehicles\",\"publisher\":{\"@id\":\"https:\/\/pistonaddict.com\/pl\/#organization\"},\"potentialAction\":[{\"@type\":\"SearchAction\",\"target\":{\"@type\":\"EntryPoint\",\"urlTemplate\":\"https:\/\/pistonaddict.com\/pl\/?s={search_term_string}\"},\"query-input\":\"required name=search_term_string\"}],\"inLanguage\":\"pl-PL\"},{\"@type\":\"Organization\",\"@id\":\"https:\/\/pistonaddict.com\/pl\/#organization\",\"name\":\"Piston Addict\",\"url\":\"https:\/\/pistonaddict.com\/pl\/\",\"logo\":{\"@type\":\"ImageObject\",\"inLanguage\":\"pl-PL\",\"@id\":\"https:\/\/pistonaddict.com\/pl\/#\/schema\/logo\/image\/\",\"url\":\"https:\/\/pistonaddict.com\/wp-content\/uploads\/2022\/07\/logo-6.png\",\"contentUrl\":\"https:\/\/pistonaddict.com\/wp-content\/uploads\/2022\/07\/logo-6.png\",\"width\":970,\"height\":200,\"caption\":\"Piston Addict\"},\"image\":{\"@id\":\"https:\/\/pistonaddict.com\/pl\/#\/schema\/logo\/image\/\"}}]}<\/script>\n<!-- \/ Yoast SEO plugin. -->","yoast_head_json":{"title":"Porsche 911 Carrera 2 Cabrio (997) auction - Piston Addict","robots":{"index":"index","follow":"follow","max-snippet":"max-snippet:-1","max-image-preview":"max-image-preview:large","max-video-preview":"max-video-preview:-1"},"canonical":"https:\/\/pistonaddict.com\/pl\/product\/porsche-911-carrera-2-cabrio-997\/","og_locale":"pl_PL","og_type":"article","og_title":"Porsche 911 Carrera 2 Cabrio (997) auction - Piston Addict","og_description":"Porsche 911 zajmuje szczeg\u00f3lne miejsce w \u015bwiecie samochod\u00f3w sportowych. Nie jest ju\u017c postrzegany jako zwyk\u0142y pojazd, poniewa\u017c wykracza poza granice przemys\u0142u samochodowego i sta\u0142 si\u0119 symbolem kulturowym i rozpoznawalnym na ca\u0142ym \u015bwiecie kszta\u0142tem. Przez kolejne generacje model 911 ewoluowa\u0142 od ma\u0142ego sportowego coupe do dzisiejszego luksusowego samochodu GT. Za\u0142\u00f3\u017cmy jednak, \u017ce chcesz poczu\u0107 to, co najwa\u017cniejsze w 911, warkot wolnoss\u0105cego silnika typu bokser i czyste wra\u017cenia z jazdy. W takim przypadku generacja 997 jest ostatni\u0105, kt\u00f3ra oferuje wszystkie te po\u017c\u0105dane klasyczne zalety w nowoczesnym opakowaniu. To perfekcja na czterech ko\u0142ach w formie kabrioletu i z manualn\u0105 skrzyni\u0105 bieg\u00f3w.","og_url":"https:\/\/pistonaddict.com\/pl\/product\/porsche-911-carrera-2-cabrio-997\/","og_site_name":"Piston Addict","article_modified_time":"2023-12-20T08:49:40+00:00","og_image":[{"width":1008,"height":567,"url":"https:\/\/pistonaddict.com\/wp-content\/uploads\/2023\/10\/20220624_201726_resized-copia.jpg","type":"image\/jpeg"}],"twitter_card":"summary_large_image","twitter_misc":{"Szacowany czas czytania":"3 minuty"},"schema":{"@context":"https:\/\/schema.org","@graph":[{"@type":"WebPage","@id":"https:\/\/pistonaddict.com\/pl\/product\/porsche-911-carrera-2-cabrio-997\/","url":"https:\/\/pistonaddict.com\/pl\/product\/porsche-911-carrera-2-cabrio-997\/","name":"Porsche 911 Carrera 2 Cabrio (997) auction - Piston Addict","isPartOf":{"@id":"https:\/\/pistonaddict.com\/pl\/#website"},"primaryImageOfPage":{"@id":"https:\/\/pistonaddict.com\/pl\/product\/porsche-911-carrera-2-cabrio-997\/#primaryimage"},"image":{"@id":"https:\/\/pistonaddict.com\/pl\/product\/porsche-911-carrera-2-cabrio-997\/#primaryimage"},"thumbnailUrl":"https:\/\/pistonaddict.com\/wp-content\/uploads\/2023\/10\/20220624_201726_resized-copia.jpg","datePublished":"2023-10-06T09:28:15+00:00","dateModified":"2023-12-20T08:49:40+00:00","breadcrumb":{"@id":"https:\/\/pistonaddict.com\/pl\/product\/porsche-911-carrera-2-cabrio-997\/#breadcrumb"},"inLanguage":"pl-PL","potentialAction":[{"@type":"ReadAction","target":["https:\/\/pistonaddict.com\/pl\/product\/porsche-911-carrera-2-cabrio-997\/"]}]},{"@type":"ImageObject","inLanguage":"pl-PL","@id":"https:\/\/pistonaddict.com\/pl\/product\/porsche-911-carrera-2-cabrio-997\/#primaryimage","url":"https:\/\/pistonaddict.com\/wp-content\/uploads\/2023\/10\/20220624_201726_resized-copia.jpg","contentUrl":"https:\/\/pistonaddict.com\/wp-content\/uploads\/2023\/10\/20220624_201726_resized-copia.jpg","width":1008,"height":567},{"@type":"BreadcrumbList","@id":"https:\/\/pistonaddict.com\/pl\/product\/porsche-911-carrera-2-cabrio-997\/#breadcrumb","itemListElement":[{"@type":"ListItem","position":1,"name":"Strona g\u0142\u00f3wna","item":"https:\/\/pistonaddict.com\/pl\/strona-glowna-2\/"},{"@type":"ListItem","position":2,"name":"Auctions","item":"https:\/\/pistonaddict.com\/auctions-listing\/"},{"@type":"ListItem","position":3,"name":"Porsche 911 Carrera 2 Cabrio (997)"}]},{"@type":"WebSite","@id":"https:\/\/pistonaddict.com\/pl\/#website","url":"https:\/\/pistonaddict.com\/pl\/","name":"Piston Addict","description":"Only interesting vehicles","publisher":{"@id":"https:\/\/pistonaddict.com\/pl\/#organization"},"potentialAction":[{"@type":"SearchAction","target":{"@type":"EntryPoint","urlTemplate":"https:\/\/pistonaddict.com\/pl\/?s={search_term_string}"},"query-input":"required name=search_term_string"}],"inLanguage":"pl-PL"},{"@type":"Organization","@id":"https:\/\/pistonaddict.com\/pl\/#organization","name":"Piston Addict","url":"https:\/\/pistonaddict.com\/pl\/","logo":{"@type":"ImageObject","inLanguage":"pl-PL","@id":"https:\/\/pistonaddict.com\/pl\/#\/schema\/logo\/image\/","url":"https:\/\/pistonaddict.com\/wp-content\/uploads\/2022\/07\/logo-6.png","contentUrl":"https:\/\/pistonaddict.com\/wp-content\/uploads\/2022\/07\/logo-6.png","width":970,"height":200,"caption":"Piston Addict"},"image":{"@id":"https:\/\/pistonaddict.com\/pl\/#\/schema\/logo\/image\/"}}]}},"_links":{"self":[{"href":"https:\/\/pistonaddict.com\/pl\/wp-json\/wp\/v2\/product\/53490"}],"collection":[{"href":"https:\/\/pistonaddict.com\/pl\/wp-json\/wp\/v2\/product"}],"about":[{"href":"https:\/\/pistonaddict.com\/pl\/wp-json\/wp\/v2\/types\/product"}],"replies":[{"embeddable":true,"href":"https:\/\/pistonaddict.com\/pl\/wp-json\/wp\/v2\/comments?post=53490"}],"wp:featuredmedia":[{"embeddable":true,"href":"https:\/\/pistonaddict.com\/pl\/wp-json\/wp\/v2\/media\/53275"}],"wp:attachment":[{"href":"https:\/\/pistonaddict.com\/pl\/wp-json\/wp\/v2\/media?parent=53490"}],"wp:term":[{"taxonomy":"product_cat","embeddable":true,"href":"https:\/\/pistonaddict.com\/pl\/wp-json\/wp\/v2\/product_cat?post=53490"},{"taxonomy":"product_tag","embeddable":true,"href":"https:\/\/pistonaddict.com\/pl\/wp-json\/wp\/v2\/product_tag?post=53490"}],"curies":[{"name":"wp","href":"https:\/\/api.w.org\/{rel}","templated":true}]}}