{"id":47832,"date":"2024-01-16T09:00:29","date_gmt":"2024-01-16T08:00:29","guid":{"rendered":"https:\/\/pistonaddict.com\/product\/morgan-roadster-v6-3-0\/"},"modified":"2024-03-20T09:43:31","modified_gmt":"2024-03-20T08:43:31","slug":"morgan-roadster-v6-3-0","status":"publish","type":"product","link":"https:\/\/pistonaddict.com\/pl\/product\/morgan-roadster-v6-3-0\/","title":{"rendered":"Morgan Roadster V6 3.0"},"content":{"rendered":"<p><strong>Historia samochodu<\/strong><\/p>\n<p>Obecny w\u0142a\u015bciciel tego eleganckiego roadstera naby\u0142 go w 2010 roku, gdy mia\u0142 zaledwie trzy lata. Zosta\u0142 dostarczony jako nowy i sp\u0119dzi\u0142 ca\u0142e swoje \u017cycie w Hiszpanii, gdzie by\u0142 u\u017cywany do relaksuj\u0105cych przeja\u017cd\u017cek wzd\u0142u\u017c wybrze\u017ca. Ta generacja czcigodnego roadstera Morgana zosta\u0142a wprowadzona w 2004 roku i cho\u0107 z zewn\u0105trz by\u0142a prawie nie do odr\u00f3\u017cnienia, to pod d\u0142ug\u0105 mask\u0105 kry\u0142a si\u0119 bardzo mile widziana poprawa &#8211; 3,0-litrowy silnik V6 Forda Duratec. Dzi\u0119ki 24 zaworom, nowoczesnej konstrukcji i niezr\u00f3wnanej niezawodno\u015bci, V6 Forda jest lepszy ni\u017c stary Rover V8, kt\u00f3rego Morgan u\u017cywa\u0142 pod ka\u017cdym wzgl\u0119dem. Silnik ten zapewnia przyzwoit\u0105 moc 223 KM, a poniewa\u017c V6 jest kr\u00f3tszy ni\u017c V8, jest umieszczony bardziej w kierunku \u015brodka samochodu, dzi\u0119ki czemu lepiej si\u0119 prowadzi. Jak zapewne wiesz, jednym z sekret\u00f3w wyj\u0105tkowej dynamiki jazdy Morgana jest jego podwozie, cz\u0119\u015bciowo wykonane z drewna. Tak wi\u0119c, gdy masz roadstera, kt\u00f3ry wa\u017cy nieco poni\u017cej tony, masz \u017cywe wra\u017cenia z jazdy i zauwa\u017casz ka\u017cdy szczeg\u00f3\u0142 tego, jak je\u017adzi, przyspiesza i prowadzi si\u0119. A przy okazji, osi\u0105ga 100 km\/h w 5,5 sekundy, co sprawia, \u017ce jazda nim jest bardzo ekscytuj\u0105ca.<\/p>\n<p><strong>Stan<\/strong><\/p>\n<p>Ten Morgan Roadster przejecha\u0142 nieco ponad 41 000 kilometr\u00f3w i od nowo\u015bci mia\u0142 dw\u00f3ch w\u0142a\u015bcicieli. Og\u00f3lny stan jest bardzo dobry, bez uszkodze\u0144, st\u0142uczek i napraw zewn\u0119trznych. By\u0142 regularnie serwisowany, bez \u017cadnych modyfikacji silnika, nadwozia czy zawieszenia. W\u0142a\u015bciciel niedawno przeprowadzi\u0142 remont hamulc\u00f3w i analiz\u0119 oleju, kt\u00f3ra da\u0142a wynik negatywny, co oznacza, \u017ce silnik jest w idealnym stanie. Jest to oczekiwane, poniewa\u017c 3,0-litrowy silnik V6 Forda jest znany ze swojej trwa\u0142o\u015bci i d\u0142ugowieczno\u015bci.<\/p>\n<p><strong>Wn\u0119trze<\/strong><\/p>\n<p>Jedn\u0105 z najlepszych cech Morgana Roadstera by\u0142o jego klasyczne, ale eleganckie wn\u0119trze, kt\u00f3re w tym przypadku zosta\u0142o wzbogacone o legendarn\u0105 drewnian\u0105 kierownic\u0119 Moto-Lita. Drewniana deska rozdzielcza posiada pe\u0142ne oprzyrz\u0105dowanie, system audio i zegar. Jednocze\u015bnie siedzenia s\u0105 obite pi\u0119kn\u0105 be\u017cow\u0105 sk\u00f3r\u0105, kt\u00f3ra jest w idealnym stanie i doskonale pasuje do koloru nadwozia. Czarny dach kabrioletu jest r\u00f3wnie\u017c w \u015bwietnym stanie i by\u0142 rzadko u\u017cywany, poniewa\u017c pojazd by\u0142 przechowywany w gara\u017cu i je\u017cd\u017cony przy \u0142adnej pogodzie. W zestawie znajduje si\u0119 r\u00f3wnie\u017c oryginalna wewn\u0119trzna ok\u0142adka Morgan.<\/p>\n<p><strong>Wygl\u0105d zewn\u0119trzny i ko\u0142a<\/strong><\/p>\n<p>Oficjalnie nazywany Connaught Green, ale bardziej znany jako BRG (British Racing Green), ten Morgan jest wyko\u0144czony w najbardziej po\u017c\u0105danym kolorze ze wszystkich. Klasyczny ciemny odcie\u0144 idealnie pasuj\u0105cy do be\u017cowego wn\u0119trza to najlepsza specyfikacja dla ka\u017cdego klasycznego brytyjskiego roadstera. Nadwozie jest w idealnym stanie, bez zadrapa\u0144 i przebarwie\u0144, z ciekawymi detalami, takimi jak \u015bwiat\u0142a przeciwmgielne, plakietki i sk\u00f3rzane paski utrzymuj\u0105ce mask\u0119 na miejscu (naklejk\u0119 na masce mo\u017cna \u0142atwo usun\u0105\u0107). Wygl\u0105d dope\u0142nia zestaw 18-calowych drucianych felg owini\u0119tych oponami Yokohama, wraz z pe\u0142nowymiarowym ko\u0142em zapasowym zamontowanym z ty\u0142u. Ko\u0142a mog\u0105 wygl\u0105da\u0107 jak z lat 40-tych, ale s\u0105 to zupe\u0142nie nowe i pi\u0119knie odtworzone elementy zaprojektowane z my\u015bl\u0105 o nowoczesnych gumach.<\/p>\n<p><strong>Dokumentacja<\/strong><\/p>\n<p>Jest to prywatny pojazd z odpowiedni\u0105 dokumentacj\u0105 znajduj\u0105cy si\u0119 w Palma de Mallorca w Hiszpanii. Raporty s\u0105 czyste; nie ma dowod\u00f3w na wypadki, naprawy powypadkowe, w\u0142asno\u015b\u0107 lub problemy prawne. Istniej\u0105 zapisy dotycz\u0105ce regularnej konserwacji si\u0119gaj\u0105ce 2020 roku.<br \/>\nCarFax tego kabrioletu Morgan Roadster V6 mo\u017cna sprawdzi\u0107 <a href=\"https:\/\/pistonaddict.com\/wp-content\/uploads\/2023\/08\/CARFAX-Vehicle-History-Report-MORGAN-ROADSTER-Convertible-2007.pdf\">tutaj<\/a>. <strong>Hiszpa\u0144ski przegl\u0105d techniczny (ITV) wa\u017cny do 4 sierpnia 2024<\/strong> roku.<\/p>\n<p><strong>Wyposa\u017cenie i dodatki<\/strong><\/p>\n<p>&#8211; Klasyczna drewniana kierownica Motolita<br \/>\n&#8211; Drewniana deska rozdzielcza<br \/>\n&#8211; Stalowa ga\u0142ka d\u017awigni zmiany bieg\u00f3w<br \/>\n&#8211; Kieszenie boczne w sk\u00f3rzanych drzwiach<br \/>\n&#8211; Poprzeczki os\u0142ony Morgan<br \/>\n&#8211; Wewn\u0119trzne wyko\u0144czenia zamk\u00f3w z os\u0142on\u0105 Morgan<br \/>\n&#8211; Zegar<br \/>\n&#8211; Radio CD\/MP3 Blaupunkt<br \/>\n&#8211; 2 dodatkowe \u015bwiat\u0142a przednie<br \/>\n&#8211; Wewn\u0119trzny sk\u00f3rzany pasek wy\u0142o\u017cony owcz\u0105 sk\u00f3r\u0105 na g\u00f3rze maski<br \/>\n&#8211; Parasole z czarnej sk\u00f3ry<br \/>\n&#8211; Od\u0142\u0105cznik akumulatora zabezpieczaj\u0105cy przed kradzie\u017c\u0105<br \/>\n&#8211; Przedni pasek na plakietki\/tarcze<br \/>\n&#8211; Czarna sk\u00f3rzana os\u0142ona kaptura z tarcz\u0105 Morgan<br \/>\n&#8211; 2 czarne sk\u00f3rzane os\u0142ony na metakrylowe szyby z os\u0142on\u0105 Morgan<br \/>\n&#8211; Wewn\u0119trzny pokrowiec ochronny na samoch\u00f3d (niebieski materia\u0142) z os\u0142on\u0105 Morgan<\/p>\n<p><strong>Zobacz film z zimnego rozruchu tego pi\u0119knego kabrioletu Morgan Roadster V6:<\/strong><\/p>\n<p><iframe title=\"Cold Start : Morgan Roadster V6 3.0 on PistonAddict.com\" width=\"1200\" height=\"675\" src=\"https:\/\/www.youtube.com\/embed\/yLSfe-ePOFg?start=29&#038;feature=oembed\" frameborder=\"0\" allow=\"accelerometer; autoplay; clipboard-write; encrypted-media; gyroscope; picture-in-picture; web-share\" allowfullscreen><\/iframe><\/p>\n","protected":false},"excerpt":{"rendered":"<p>W\u015br\u00f3d wielu klasyk\u00f3w z Wielkiej Brytanii, Morgan Roadster jest niezaprzeczalnie i kwintesencjonalnie uosobieniem brytyjskiego uroku w formie motoryzacyjnej. Dzi\u0119ki ponadczasowemu designowi, kt\u00f3ry pochodzi z wczesnych dni roadster\u00f3w i linii modelowej nieprzerwanej od 1950 roku, nowoczesny Morgan Plus Six jest nieodpartym po\u0142\u0105czeniem unikalnej konstrukcji, produkcji na zam\u00f3wienie i r\u0119cznej produkcji oraz pot\u0119\u017cnego silnika V6, kt\u00f3ry przekszta\u0142ca ten bona fide klasyk w zdolny samoch\u00f3d sportowy z otwartym dachem.<\/p>\n","protected":false},"featured_media":46737,"comment_status":"open","ping_status":"closed","template":"","meta":{"inline_featured_image":false},"product_cat":[718],"product_tag":[2025,2024,984,2022,2023],"acf":[],"yoast_head":"<!-- This site is optimized with the Yoast SEO plugin v22.5 - https:\/\/yoast.com\/wordpress\/plugins\/seo\/ -->\n<title>Morgan Roadster V6 3.0 auction - Piston Addict<\/title>\n<meta name=\"description\" content=\"Niesamowity Morgan Roadster V6 3.0 z 2007 roku w doskona\u0142ym stanie wystawiony na aukcji na PistonAddict.com\" \/>\n<meta name=\"robots\" content=\"index, follow, max-snippet:-1, max-image-preview:large, max-video-preview:-1\" \/>\n<link rel=\"canonical\" href=\"https:\/\/pistonaddict.com\/pl\/product\/morgan-roadster-v6-3-0\/\" \/>\n<meta property=\"og:locale\" content=\"pl_PL\" \/>\n<meta property=\"og:type\" content=\"article\" \/>\n<meta property=\"og:title\" content=\"Morgan Roadster V6 3.0 auction - Piston Addict\" \/>\n<meta property=\"og:description\" content=\"Niesamowity Morgan Roadster V6 3.0 z 2007 roku w doskona\u0142ym stanie wystawiony na aukcji na PistonAddict.com\" \/>\n<meta property=\"og:url\" content=\"https:\/\/pistonaddict.com\/pl\/product\/morgan-roadster-v6-3-0\/\" \/>\n<meta property=\"og:site_name\" content=\"Piston Addict\" \/>\n<meta property=\"article:modified_time\" content=\"2024-03-20T08:43:31+00:00\" \/>\n<meta property=\"og:image\" content=\"https:\/\/pistonaddict.com\/wp-content\/uploads\/2023\/08\/DSC0169-scaled.jpg\" \/>\n\t<meta property=\"og:image:width\" content=\"2560\" \/>\n\t<meta property=\"og:image:height\" content=\"1707\" \/>\n\t<meta property=\"og:image:type\" content=\"image\/jpeg\" \/>\n<meta name=\"twitter:card\" content=\"summary_large_image\" \/>\n<meta name=\"twitter:label1\" content=\"Szacowany czas czytania\" \/>\n\t<meta name=\"twitter:data1\" content=\"4 minuty\" \/>\n<script type=\"application\/ld+json\" class=\"yoast-schema-graph\">{\"@context\":\"https:\/\/schema.org\",\"@graph\":[{\"@type\":\"WebPage\",\"@id\":\"https:\/\/pistonaddict.com\/pl\/product\/morgan-roadster-v6-3-0\/\",\"url\":\"https:\/\/pistonaddict.com\/pl\/product\/morgan-roadster-v6-3-0\/\",\"name\":\"Morgan Roadster V6 3.0 auction - Piston Addict\",\"isPartOf\":{\"@id\":\"https:\/\/pistonaddict.com\/pl\/#website\"},\"primaryImageOfPage\":{\"@id\":\"https:\/\/pistonaddict.com\/pl\/product\/morgan-roadster-v6-3-0\/#primaryimage\"},\"image\":{\"@id\":\"https:\/\/pistonaddict.com\/pl\/product\/morgan-roadster-v6-3-0\/#primaryimage\"},\"thumbnailUrl\":\"https:\/\/pistonaddict.com\/wp-content\/uploads\/2023\/08\/DSC0169-scaled.jpg\",\"datePublished\":\"2024-01-16T08:00:29+00:00\",\"dateModified\":\"2024-03-20T08:43:31+00:00\",\"description\":\"Niesamowity Morgan Roadster V6 3.0 z 2007 roku w doskona\u0142ym stanie wystawiony na aukcji na PistonAddict.com\",\"breadcrumb\":{\"@id\":\"https:\/\/pistonaddict.com\/pl\/product\/morgan-roadster-v6-3-0\/#breadcrumb\"},\"inLanguage\":\"pl-PL\",\"potentialAction\":[{\"@type\":\"ReadAction\",\"target\":[\"https:\/\/pistonaddict.com\/pl\/product\/morgan-roadster-v6-3-0\/\"]}]},{\"@type\":\"ImageObject\",\"inLanguage\":\"pl-PL\",\"@id\":\"https:\/\/pistonaddict.com\/pl\/product\/morgan-roadster-v6-3-0\/#primaryimage\",\"url\":\"https:\/\/pistonaddict.com\/wp-content\/uploads\/2023\/08\/DSC0169-scaled.jpg\",\"contentUrl\":\"https:\/\/pistonaddict.com\/wp-content\/uploads\/2023\/08\/DSC0169-scaled.jpg\",\"width\":2560,\"height\":1707},{\"@type\":\"BreadcrumbList\",\"@id\":\"https:\/\/pistonaddict.com\/pl\/product\/morgan-roadster-v6-3-0\/#breadcrumb\",\"itemListElement\":[{\"@type\":\"ListItem\",\"position\":1,\"name\":\"Strona g\u0142\u00f3wna\",\"item\":\"https:\/\/pistonaddict.com\/pl\/strona-glowna-2\/\"},{\"@type\":\"ListItem\",\"position\":2,\"name\":\"Auctions\",\"item\":\"https:\/\/pistonaddict.com\/auctions-listing\/\"},{\"@type\":\"ListItem\",\"position\":3,\"name\":\"Morgan Roadster V6 3.0\"}]},{\"@type\":\"WebSite\",\"@id\":\"https:\/\/pistonaddict.com\/pl\/#website\",\"url\":\"https:\/\/pistonaddict.com\/pl\/\",\"name\":\"Piston Addict\",\"description\":\"Only interesting vehicles\",\"publisher\":{\"@id\":\"https:\/\/pistonaddict.com\/pl\/#organization\"},\"potentialAction\":[{\"@type\":\"SearchAction\",\"target\":{\"@type\":\"EntryPoint\",\"urlTemplate\":\"https:\/\/pistonaddict.com\/pl\/?s={search_term_string}\"},\"query-input\":\"required name=search_term_string\"}],\"inLanguage\":\"pl-PL\"},{\"@type\":\"Organization\",\"@id\":\"https:\/\/pistonaddict.com\/pl\/#organization\",\"name\":\"Piston Addict\",\"url\":\"https:\/\/pistonaddict.com\/pl\/\",\"logo\":{\"@type\":\"ImageObject\",\"inLanguage\":\"pl-PL\",\"@id\":\"https:\/\/pistonaddict.com\/pl\/#\/schema\/logo\/image\/\",\"url\":\"https:\/\/pistonaddict.com\/wp-content\/uploads\/2022\/07\/logo-6.png\",\"contentUrl\":\"https:\/\/pistonaddict.com\/wp-content\/uploads\/2022\/07\/logo-6.png\",\"width\":970,\"height\":200,\"caption\":\"Piston Addict\"},\"image\":{\"@id\":\"https:\/\/pistonaddict.com\/pl\/#\/schema\/logo\/image\/\"}}]}<\/script>\n<!-- \/ Yoast SEO plugin. -->","yoast_head_json":{"title":"Morgan Roadster V6 3.0 auction - Piston Addict","description":"Niesamowity Morgan Roadster V6 3.0 z 2007 roku w doskona\u0142ym stanie wystawiony na aukcji na PistonAddict.com","robots":{"index":"index","follow":"follow","max-snippet":"max-snippet:-1","max-image-preview":"max-image-preview:large","max-video-preview":"max-video-preview:-1"},"canonical":"https:\/\/pistonaddict.com\/pl\/product\/morgan-roadster-v6-3-0\/","og_locale":"pl_PL","og_type":"article","og_title":"Morgan Roadster V6 3.0 auction - Piston Addict","og_description":"Niesamowity Morgan Roadster V6 3.0 z 2007 roku w doskona\u0142ym stanie wystawiony na aukcji na PistonAddict.com","og_url":"https:\/\/pistonaddict.com\/pl\/product\/morgan-roadster-v6-3-0\/","og_site_name":"Piston Addict","article_modified_time":"2024-03-20T08:43:31+00:00","og_image":[{"width":2560,"height":1707,"url":"https:\/\/pistonaddict.com\/wp-content\/uploads\/2023\/08\/DSC0169-scaled.jpg","type":"image\/jpeg"}],"twitter_card":"summary_large_image","twitter_misc":{"Szacowany czas czytania":"4 minuty"},"schema":{"@context":"https:\/\/schema.org","@graph":[{"@type":"WebPage","@id":"https:\/\/pistonaddict.com\/pl\/product\/morgan-roadster-v6-3-0\/","url":"https:\/\/pistonaddict.com\/pl\/product\/morgan-roadster-v6-3-0\/","name":"Morgan Roadster V6 3.0 auction - Piston Addict","isPartOf":{"@id":"https:\/\/pistonaddict.com\/pl\/#website"},"primaryImageOfPage":{"@id":"https:\/\/pistonaddict.com\/pl\/product\/morgan-roadster-v6-3-0\/#primaryimage"},"image":{"@id":"https:\/\/pistonaddict.com\/pl\/product\/morgan-roadster-v6-3-0\/#primaryimage"},"thumbnailUrl":"https:\/\/pistonaddict.com\/wp-content\/uploads\/2023\/08\/DSC0169-scaled.jpg","datePublished":"2024-01-16T08:00:29+00:00","dateModified":"2024-03-20T08:43:31+00:00","description":"Niesamowity Morgan Roadster V6 3.0 z 2007 roku w doskona\u0142ym stanie wystawiony na aukcji na PistonAddict.com","breadcrumb":{"@id":"https:\/\/pistonaddict.com\/pl\/product\/morgan-roadster-v6-3-0\/#breadcrumb"},"inLanguage":"pl-PL","potentialAction":[{"@type":"ReadAction","target":["https:\/\/pistonaddict.com\/pl\/product\/morgan-roadster-v6-3-0\/"]}]},{"@type":"ImageObject","inLanguage":"pl-PL","@id":"https:\/\/pistonaddict.com\/pl\/product\/morgan-roadster-v6-3-0\/#primaryimage","url":"https:\/\/pistonaddict.com\/wp-content\/uploads\/2023\/08\/DSC0169-scaled.jpg","contentUrl":"https:\/\/pistonaddict.com\/wp-content\/uploads\/2023\/08\/DSC0169-scaled.jpg","width":2560,"height":1707},{"@type":"BreadcrumbList","@id":"https:\/\/pistonaddict.com\/pl\/product\/morgan-roadster-v6-3-0\/#breadcrumb","itemListElement":[{"@type":"ListItem","position":1,"name":"Strona g\u0142\u00f3wna","item":"https:\/\/pistonaddict.com\/pl\/strona-glowna-2\/"},{"@type":"ListItem","position":2,"name":"Auctions","item":"https:\/\/pistonaddict.com\/auctions-listing\/"},{"@type":"ListItem","position":3,"name":"Morgan Roadster V6 3.0"}]},{"@type":"WebSite","@id":"https:\/\/pistonaddict.com\/pl\/#website","url":"https:\/\/pistonaddict.com\/pl\/","name":"Piston Addict","description":"Only interesting vehicles","publisher":{"@id":"https:\/\/pistonaddict.com\/pl\/#organization"},"potentialAction":[{"@type":"SearchAction","target":{"@type":"EntryPoint","urlTemplate":"https:\/\/pistonaddict.com\/pl\/?s={search_term_string}"},"query-input":"required name=search_term_string"}],"inLanguage":"pl-PL"},{"@type":"Organization","@id":"https:\/\/pistonaddict.com\/pl\/#organization","name":"Piston Addict","url":"https:\/\/pistonaddict.com\/pl\/","logo":{"@type":"ImageObject","inLanguage":"pl-PL","@id":"https:\/\/pistonaddict.com\/pl\/#\/schema\/logo\/image\/","url":"https:\/\/pistonaddict.com\/wp-content\/uploads\/2022\/07\/logo-6.png","contentUrl":"https:\/\/pistonaddict.com\/wp-content\/uploads\/2022\/07\/logo-6.png","width":970,"height":200,"caption":"Piston Addict"},"image":{"@id":"https:\/\/pistonaddict.com\/pl\/#\/schema\/logo\/image\/"}}]}},"_links":{"self":[{"href":"https:\/\/pistonaddict.com\/pl\/wp-json\/wp\/v2\/product\/47832"}],"collection":[{"href":"https:\/\/pistonaddict.com\/pl\/wp-json\/wp\/v2\/product"}],"about":[{"href":"https:\/\/pistonaddict.com\/pl\/wp-json\/wp\/v2\/types\/product"}],"replies":[{"embeddable":true,"href":"https:\/\/pistonaddict.com\/pl\/wp-json\/wp\/v2\/comments?post=47832"}],"wp:featuredmedia":[{"embeddable":true,"href":"https:\/\/pistonaddict.com\/pl\/wp-json\/wp\/v2\/media\/46737"}],"wp:attachment":[{"href":"https:\/\/pistonaddict.com\/pl\/wp-json\/wp\/v2\/media?parent=47832"}],"wp:term":[{"taxonomy":"product_cat","embeddable":true,"href":"https:\/\/pistonaddict.com\/pl\/wp-json\/wp\/v2\/product_cat?post=47832"},{"taxonomy":"product_tag","embeddable":true,"href":"https:\/\/pistonaddict.com\/pl\/wp-json\/wp\/v2\/product_tag?post=47832"}],"curies":[{"name":"wp","href":"https:\/\/api.w.org\/{rel}","templated":true}]}}