{"id":45989,"date":"2023-06-16T15:02:15","date_gmt":"2023-06-16T13:02:15","guid":{"rendered":"https:\/\/pistonaddict.com\/product\/audi-r8-v10-red-dynamite\/"},"modified":"2023-12-20T09:47:35","modified_gmt":"2023-12-20T08:47:35","slug":"audi-r8-v10-red-dynamite","status":"publish","type":"product","link":"https:\/\/pistonaddict.com\/pl\/product\/audi-r8-v10-red-dynamite\/","title":{"rendered":"Audi R8 V10 Red Dynamite"},"content":{"rendered":"<h2>Zewn\u0119trznie<\/h2>\n<p>Dzi\u0119ki jaskrawoczerwonemu wyko\u0144czeniu i czarnym detalom, pomalowane na jaskrawoczerwony kolor, to Audi R8 nie pozostanie niezauwa\u017cone, gdziekolwiek si\u0119 pojawi. Ponadto, takie elementy jak chromowany grill i nak\u0142adki lusterek z w\u0142\u00f3kna w\u0119glowego tylko poprawiaj\u0105 jego wygl\u0105d. Ale szczerze m\u00f3wi\u0105c, R8 jest osza\u0142amiaj\u0105cym samochodem w ka\u017cdym kolorze i niezale\u017cnie od obecno\u015bci takich szczeg\u00f3\u0142\u00f3w.<\/p>\n<p>Podsumowuj\u0105c, niemieccy projektanci osi\u0105gn\u0119li w R8 niemal idealne po\u0142\u0105czenie agresywno\u015bci i subtelno\u015bci. Trudno uwierzy\u0107, \u017ce pod spodem kryje si\u0119 Lamborgini Aventador, kt\u00f3ry jest znacznie bardziej krzykliwy i ekstrawagancki. Tak wi\u0119c, je\u015bli szukasz zdolnego samochodu sportowego, ale nie chcesz wygl\u0105da\u0107 jak popis, R8 jest jednym z najlepszych zak\u0142ad\u00f3w. Niekt\u00f3re z pozosta\u0142ych wartych odnotowania detali, kt\u00f3re oferuje ten dwumiejscowy samoch\u00f3d, obejmuj\u0105 masywny tylny spojler i fabrycznie zamontowane 20-calowe ko\u0142a z nowymi oponami Good Year Eagle.<\/p>\n<h2>Wn\u0119trze<\/h2>\n<p>Wn\u0119trze tego konkretnego R8 jest zdominowane przez po\u0142\u0105czenie czarnej sk\u00f3ry, czerwonych przeszy\u0107 i element\u00f3w wyko\u0144czeniowych z w\u0142\u00f3kna w\u0119glowego. Fotele, kt\u00f3re wygl\u0105daj\u0105, jakby dopiero co opu\u015bci\u0142y fabryk\u0119, s\u0105 jednocze\u015bnie stabilne i wygodne. Do tego dochodzi obszyta sk\u00f3r\u0105 3-ramienna kierownica z przyciskami steruj\u0105cymi wszystkimi najwa\u017cniejszymi funkcjami. Opr\u00f3cz zwyk\u0142ych przycisk\u00f3w, takich jak te do stereo lub komputera pok\u0142adowego, obejmuje to przycisk wyboru trybu jazdy, kontroli startu i regulacji wydechu.<\/p>\n<p>Za kierownic\u0105 znajduje si\u0119 cyfrowy zestaw wska\u017anik\u00f3w, kt\u00f3ry opr\u00f3cz podstawowych informacji mo\u017ce pokazywa\u0107 znacznie wi\u0119cej. Obejmuje to nawigacj\u0119, kamer\u0119 cofania i system stereo, kt\u00f3ry, nawiasem m\u00f3wi\u0105c, jest produkowany przez \u015bwiatowej s\u0142awy Bang&amp;Olufsen.<\/p>\n<h2>Mechanicy<\/h2>\n<p>Pod subteln\u0105 i eleganck\u0105 sk\u00f3r\u0105, R8 drugiej generacji ma sztywniejsze i l\u017cejsze podwozie wykonane z aluminium i w\u0142\u00f3kna w\u0119glowego. Ale najwa\u017cniejsz\u0105 cz\u0119\u015bci\u0105 tego samochodu jest, jak mo\u017cna si\u0119 spodziewa\u0107, jego silnik, pot\u0119\u017cne 5,2-litrowe V10. B\u0119d\u0105c tym, co Audi nazywa modelem Plus, produkuje 610 koni mechanicznych i 560 Nm momentu obrotowego, kt\u00f3ry jest dostarczany na wszystkie ko\u0142a za po\u015brednictwem systemu Quattro i 7-biegowej automatycznej skrzyni bieg\u00f3w. Dzi\u0119ki temu R8 rozp\u0119dzi si\u0119 od 0 do 100 w oko\u0142o 3 sekundy i osi\u0105gnie pr\u0119dko\u015b\u0107 maksymaln\u0105 329 km\/h. Aby zapewni\u0107 si\u0142\u0119 hamowania odpowiadaj\u0105c\u0105 ca\u0142ej tej pr\u0119dko\u015bci, dooko\u0142a znajduj\u0105 si\u0119 masywne hamulce.<\/p>\n<h2>Historia pojazdu<\/h2>\n<p>Wed\u0142ug sprzedawcy to Audi R8 by\u0142o ostatnio serwisowane w pa\u017adzierniku 2022 roku, a hamulce zosta\u0142y poddane przegl\u0105dowi zaledwie kilka dni temu. Co wi\u0119cej, na desce rozdzielczej nie ma \u017cadnych znanych usterek ani ostrze\u017ce\u0144. Wreszcie, s\u0105dz\u0105c po dostarczonych zdj\u0119ciach, nie ma \u017cadnych niedoskona\u0142o\u015bci nadwozia do zg\u0142oszenia.<\/p>\n<p>&nbsp;<\/p>\n<p><strong>Aby uzyska\u0107 dost\u0119p do aukcji tego pojazdu premium, wymagany jest odcisk karty kredytowej.<\/strong><\/p>\n","protected":false},"excerpt":{"rendered":"<p>Sprzedawany tutaj samoch\u00f3d to prawdopodobnie jeden z najlepszych modeli w swojej klasie &#8211; kultowe Audi R8. By\u0142a to i nadal jest pierwsza pr\u00f3ba producenta z Ingolstadt na rynku supersamochod\u00f3w, kt\u00f3ra okaza\u0142a si\u0119 ogromnym sukcesem. Wed\u0142ug sprzedawcy, pojazd ten jest w pe\u0142ni serwisowany i nie mia\u0142 \u017cadnych wypadk\u00f3w, z pasuj\u0105cym raportem CarVertical, kt\u00f3ry to potwierdza. Co wi\u0119cej, do tej pory przejecha\u0142 mniej ni\u017c 50 000 km, co nie jest du\u017co jak na taki samoch\u00f3d. Wreszcie, to <strong>Audi R8 V10 plus Quattro <\/strong>z 2015 roku znajduje si\u0119 obecnie w Belgii, gdzie jest zarejestrowane od nowo\u015bci. Mo\u017cesz z\u0142o\u017cy\u0107 ofert\u0119 na ten samoch\u00f3d, <a href=\"https:\/\/pistonaddict.com\/contact-us\/\">kontaktuj\u0105c si\u0119 z nami<\/a>.<\/p>\n","protected":false},"featured_media":43355,"comment_status":"open","ping_status":"closed","template":"","meta":{"inline_featured_image":false},"product_cat":[718],"product_tag":[1921,1925,913],"acf":[],"yoast_head":"<!-- This site is optimized with the Yoast SEO plugin v22.5 - https:\/\/yoast.com\/wordpress\/plugins\/seo\/ -->\n<title>Audi R8 V10 Red Dynamite auction - Piston Addict<\/title>\n<meta name=\"description\" content=\"Samoch\u00f3d wystawiony na aukcji to prawdopodobnie jeden z najlepszych modeli w swojej klasie - kultowe Audi R8 V10.\" \/>\n<meta name=\"robots\" content=\"index, follow, max-snippet:-1, max-image-preview:large, max-video-preview:-1\" \/>\n<link rel=\"canonical\" href=\"https:\/\/pistonaddict.com\/pl\/product\/audi-r8-v10-red-dynamite\/\" \/>\n<meta property=\"og:locale\" content=\"pl_PL\" \/>\n<meta property=\"og:type\" content=\"article\" \/>\n<meta property=\"og:title\" content=\"Audi R8 V10 Red Dynamite auction - Piston Addict\" \/>\n<meta property=\"og:description\" content=\"Samoch\u00f3d wystawiony na aukcji to prawdopodobnie jeden z najlepszych modeli w swojej klasie - kultowe Audi R8 V10.\" \/>\n<meta property=\"og:url\" content=\"https:\/\/pistonaddict.com\/pl\/product\/audi-r8-v10-red-dynamite\/\" \/>\n<meta property=\"og:site_name\" content=\"Piston Addict\" \/>\n<meta property=\"article:modified_time\" content=\"2023-12-20T08:47:35+00:00\" \/>\n<meta property=\"og:image\" content=\"https:\/\/pistonaddict.com\/wp-content\/uploads\/2023\/06\/DSC_0412.jpg\" \/>\n\t<meta property=\"og:image:width\" content=\"2048\" \/>\n\t<meta property=\"og:image:height\" content=\"1365\" \/>\n\t<meta property=\"og:image:type\" content=\"image\/jpeg\" \/>\n<meta name=\"twitter:card\" content=\"summary_large_image\" \/>\n<meta name=\"twitter:label1\" content=\"Szacowany czas czytania\" \/>\n\t<meta name=\"twitter:data1\" content=\"2 minuty\" \/>\n<script type=\"application\/ld+json\" class=\"yoast-schema-graph\">{\"@context\":\"https:\/\/schema.org\",\"@graph\":[{\"@type\":\"WebPage\",\"@id\":\"https:\/\/pistonaddict.com\/pl\/product\/audi-r8-v10-red-dynamite\/\",\"url\":\"https:\/\/pistonaddict.com\/pl\/product\/audi-r8-v10-red-dynamite\/\",\"name\":\"Audi R8 V10 Red Dynamite auction - Piston Addict\",\"isPartOf\":{\"@id\":\"https:\/\/pistonaddict.com\/pl\/#website\"},\"primaryImageOfPage\":{\"@id\":\"https:\/\/pistonaddict.com\/pl\/product\/audi-r8-v10-red-dynamite\/#primaryimage\"},\"image\":{\"@id\":\"https:\/\/pistonaddict.com\/pl\/product\/audi-r8-v10-red-dynamite\/#primaryimage\"},\"thumbnailUrl\":\"https:\/\/pistonaddict.com\/wp-content\/uploads\/2023\/06\/DSC_0412.jpg\",\"datePublished\":\"2023-06-16T13:02:15+00:00\",\"dateModified\":\"2023-12-20T08:47:35+00:00\",\"description\":\"Samoch\u00f3d wystawiony na aukcji to prawdopodobnie jeden z najlepszych modeli w swojej klasie - kultowe Audi R8 V10.\",\"breadcrumb\":{\"@id\":\"https:\/\/pistonaddict.com\/pl\/product\/audi-r8-v10-red-dynamite\/#breadcrumb\"},\"inLanguage\":\"pl-PL\",\"potentialAction\":[{\"@type\":\"ReadAction\",\"target\":[\"https:\/\/pistonaddict.com\/pl\/product\/audi-r8-v10-red-dynamite\/\"]}]},{\"@type\":\"ImageObject\",\"inLanguage\":\"pl-PL\",\"@id\":\"https:\/\/pistonaddict.com\/pl\/product\/audi-r8-v10-red-dynamite\/#primaryimage\",\"url\":\"https:\/\/pistonaddict.com\/wp-content\/uploads\/2023\/06\/DSC_0412.jpg\",\"contentUrl\":\"https:\/\/pistonaddict.com\/wp-content\/uploads\/2023\/06\/DSC_0412.jpg\",\"width\":2048,\"height\":1365},{\"@type\":\"BreadcrumbList\",\"@id\":\"https:\/\/pistonaddict.com\/pl\/product\/audi-r8-v10-red-dynamite\/#breadcrumb\",\"itemListElement\":[{\"@type\":\"ListItem\",\"position\":1,\"name\":\"Strona g\u0142\u00f3wna\",\"item\":\"https:\/\/pistonaddict.com\/pl\/strona-glowna-2\/\"},{\"@type\":\"ListItem\",\"position\":2,\"name\":\"Auctions\",\"item\":\"https:\/\/pistonaddict.com\/auctions-listing\/\"},{\"@type\":\"ListItem\",\"position\":3,\"name\":\"Audi R8 V10 Red Dynamite\"}]},{\"@type\":\"WebSite\",\"@id\":\"https:\/\/pistonaddict.com\/pl\/#website\",\"url\":\"https:\/\/pistonaddict.com\/pl\/\",\"name\":\"Piston Addict\",\"description\":\"Only interesting vehicles\",\"publisher\":{\"@id\":\"https:\/\/pistonaddict.com\/pl\/#organization\"},\"potentialAction\":[{\"@type\":\"SearchAction\",\"target\":{\"@type\":\"EntryPoint\",\"urlTemplate\":\"https:\/\/pistonaddict.com\/pl\/?s={search_term_string}\"},\"query-input\":\"required name=search_term_string\"}],\"inLanguage\":\"pl-PL\"},{\"@type\":\"Organization\",\"@id\":\"https:\/\/pistonaddict.com\/pl\/#organization\",\"name\":\"Piston Addict\",\"url\":\"https:\/\/pistonaddict.com\/pl\/\",\"logo\":{\"@type\":\"ImageObject\",\"inLanguage\":\"pl-PL\",\"@id\":\"https:\/\/pistonaddict.com\/pl\/#\/schema\/logo\/image\/\",\"url\":\"https:\/\/pistonaddict.com\/wp-content\/uploads\/2022\/07\/logo-6.png\",\"contentUrl\":\"https:\/\/pistonaddict.com\/wp-content\/uploads\/2022\/07\/logo-6.png\",\"width\":970,\"height\":200,\"caption\":\"Piston Addict\"},\"image\":{\"@id\":\"https:\/\/pistonaddict.com\/pl\/#\/schema\/logo\/image\/\"}}]}<\/script>\n<!-- \/ Yoast SEO plugin. -->","yoast_head_json":{"title":"Audi R8 V10 Red Dynamite auction - Piston Addict","description":"Samoch\u00f3d wystawiony na aukcji to prawdopodobnie jeden z najlepszych modeli w swojej klasie - kultowe Audi R8 V10.","robots":{"index":"index","follow":"follow","max-snippet":"max-snippet:-1","max-image-preview":"max-image-preview:large","max-video-preview":"max-video-preview:-1"},"canonical":"https:\/\/pistonaddict.com\/pl\/product\/audi-r8-v10-red-dynamite\/","og_locale":"pl_PL","og_type":"article","og_title":"Audi R8 V10 Red Dynamite auction - Piston Addict","og_description":"Samoch\u00f3d wystawiony na aukcji to prawdopodobnie jeden z najlepszych modeli w swojej klasie - kultowe Audi R8 V10.","og_url":"https:\/\/pistonaddict.com\/pl\/product\/audi-r8-v10-red-dynamite\/","og_site_name":"Piston Addict","article_modified_time":"2023-12-20T08:47:35+00:00","og_image":[{"width":2048,"height":1365,"url":"https:\/\/pistonaddict.com\/wp-content\/uploads\/2023\/06\/DSC_0412.jpg","type":"image\/jpeg"}],"twitter_card":"summary_large_image","twitter_misc":{"Szacowany czas czytania":"2 minuty"},"schema":{"@context":"https:\/\/schema.org","@graph":[{"@type":"WebPage","@id":"https:\/\/pistonaddict.com\/pl\/product\/audi-r8-v10-red-dynamite\/","url":"https:\/\/pistonaddict.com\/pl\/product\/audi-r8-v10-red-dynamite\/","name":"Audi R8 V10 Red Dynamite auction - Piston Addict","isPartOf":{"@id":"https:\/\/pistonaddict.com\/pl\/#website"},"primaryImageOfPage":{"@id":"https:\/\/pistonaddict.com\/pl\/product\/audi-r8-v10-red-dynamite\/#primaryimage"},"image":{"@id":"https:\/\/pistonaddict.com\/pl\/product\/audi-r8-v10-red-dynamite\/#primaryimage"},"thumbnailUrl":"https:\/\/pistonaddict.com\/wp-content\/uploads\/2023\/06\/DSC_0412.jpg","datePublished":"2023-06-16T13:02:15+00:00","dateModified":"2023-12-20T08:47:35+00:00","description":"Samoch\u00f3d wystawiony na aukcji to prawdopodobnie jeden z najlepszych modeli w swojej klasie - kultowe Audi R8 V10.","breadcrumb":{"@id":"https:\/\/pistonaddict.com\/pl\/product\/audi-r8-v10-red-dynamite\/#breadcrumb"},"inLanguage":"pl-PL","potentialAction":[{"@type":"ReadAction","target":["https:\/\/pistonaddict.com\/pl\/product\/audi-r8-v10-red-dynamite\/"]}]},{"@type":"ImageObject","inLanguage":"pl-PL","@id":"https:\/\/pistonaddict.com\/pl\/product\/audi-r8-v10-red-dynamite\/#primaryimage","url":"https:\/\/pistonaddict.com\/wp-content\/uploads\/2023\/06\/DSC_0412.jpg","contentUrl":"https:\/\/pistonaddict.com\/wp-content\/uploads\/2023\/06\/DSC_0412.jpg","width":2048,"height":1365},{"@type":"BreadcrumbList","@id":"https:\/\/pistonaddict.com\/pl\/product\/audi-r8-v10-red-dynamite\/#breadcrumb","itemListElement":[{"@type":"ListItem","position":1,"name":"Strona g\u0142\u00f3wna","item":"https:\/\/pistonaddict.com\/pl\/strona-glowna-2\/"},{"@type":"ListItem","position":2,"name":"Auctions","item":"https:\/\/pistonaddict.com\/auctions-listing\/"},{"@type":"ListItem","position":3,"name":"Audi R8 V10 Red Dynamite"}]},{"@type":"WebSite","@id":"https:\/\/pistonaddict.com\/pl\/#website","url":"https:\/\/pistonaddict.com\/pl\/","name":"Piston Addict","description":"Only interesting vehicles","publisher":{"@id":"https:\/\/pistonaddict.com\/pl\/#organization"},"potentialAction":[{"@type":"SearchAction","target":{"@type":"EntryPoint","urlTemplate":"https:\/\/pistonaddict.com\/pl\/?s={search_term_string}"},"query-input":"required name=search_term_string"}],"inLanguage":"pl-PL"},{"@type":"Organization","@id":"https:\/\/pistonaddict.com\/pl\/#organization","name":"Piston Addict","url":"https:\/\/pistonaddict.com\/pl\/","logo":{"@type":"ImageObject","inLanguage":"pl-PL","@id":"https:\/\/pistonaddict.com\/pl\/#\/schema\/logo\/image\/","url":"https:\/\/pistonaddict.com\/wp-content\/uploads\/2022\/07\/logo-6.png","contentUrl":"https:\/\/pistonaddict.com\/wp-content\/uploads\/2022\/07\/logo-6.png","width":970,"height":200,"caption":"Piston Addict"},"image":{"@id":"https:\/\/pistonaddict.com\/pl\/#\/schema\/logo\/image\/"}}]}},"_links":{"self":[{"href":"https:\/\/pistonaddict.com\/pl\/wp-json\/wp\/v2\/product\/45989"}],"collection":[{"href":"https:\/\/pistonaddict.com\/pl\/wp-json\/wp\/v2\/product"}],"about":[{"href":"https:\/\/pistonaddict.com\/pl\/wp-json\/wp\/v2\/types\/product"}],"replies":[{"embeddable":true,"href":"https:\/\/pistonaddict.com\/pl\/wp-json\/wp\/v2\/comments?post=45989"}],"wp:featuredmedia":[{"embeddable":true,"href":"https:\/\/pistonaddict.com\/pl\/wp-json\/wp\/v2\/media\/43355"}],"wp:attachment":[{"href":"https:\/\/pistonaddict.com\/pl\/wp-json\/wp\/v2\/media?parent=45989"}],"wp:term":[{"taxonomy":"product_cat","embeddable":true,"href":"https:\/\/pistonaddict.com\/pl\/wp-json\/wp\/v2\/product_cat?post=45989"},{"taxonomy":"product_tag","embeddable":true,"href":"https:\/\/pistonaddict.com\/pl\/wp-json\/wp\/v2\/product_tag?post=45989"}],"curies":[{"name":"wp","href":"https:\/\/api.w.org\/{rel}","templated":true}]}}