{"id":41971,"date":"2023-06-12T14:22:37","date_gmt":"2023-06-12T12:22:37","guid":{"rendered":"https:\/\/pistonaddict.com\/product\/audi-r8-4-2-fsi-v8\/"},"modified":"2024-03-20T09:15:57","modified_gmt":"2024-03-20T08:15:57","slug":"audi-r8-4-2-fsi-v8","status":"publish","type":"product","link":"https:\/\/pistonaddict.com\/pl\/product\/audi-r8-4-2-fsi-v8\/","title":{"rendered":"Audi R8 4.2 FSI V8"},"content":{"rendered":"<p><strong>Historia modelu<\/strong><\/p>\n<p>R8 wywo\u0142a\u0142o niema\u0142\u0105 sensacj\u0119, gdy zosta\u0142o wypuszczone na rynek w 2007 roku i nie tylko by\u0142o pierwszym supersamochodem Audi, ale odnios\u0142o niewiarygodny sukces dzi\u0119ki ponadczasowej stylistyce i fantastycznemu uk\u0142adowi nap\u0119dowemu sk\u0142adaj\u0105cemu si\u0119 z wysokoobrotowego V8 (p\u00f3\u017aniej V10) i s\u0142ynnego systemu nap\u0119du na wszystkie ko\u0142a Quattro. Pojawienie si\u0119 R8 bardzo zdenerwowa\u0142o konkurencj\u0119, poniewa\u017c klienci w ko\u0144cu mieli okazj\u0119 kupi\u0107 wysoce wydajn\u0105 maszyn\u0119 z nap\u0119dem AWD i jako\u015bci\u0105 Audi. Dlatego te\u017c pierwsza generacja R8 odnios\u0142a ogromny sukces, produkuj\u0105c prawie 30 000 egzemplarzy. Ten konkretny egzemplarz to model z 2014 roku, co oznacza, \u017ce jest to p\u00f3\u017aniejsza i bardziej po\u017c\u0105dana wersja, kt\u00f3ra zyska\u0142a na lekkiej zmianie stylu, lepszych funkcjach i dopracowanej mechanice. Za moc odpowiada 4,2-litrowy silnik FSI V8, kt\u00f3ry generuje 430 KM i przekazuje je na wszystkie cztery ko\u0142a za po\u015brednictwem 7-biegowej dwusprz\u0119g\u0142owej automatycznej skrzyni bieg\u00f3w S Tronic. To kombi jest w stanie osi\u0105gn\u0105\u0107 4,2 sekundy od 0 do 100 km\/h i pr\u0119dko\u015b\u0107 maksymaln\u0105 nieco ponad 300 km\/h, co plasuje R8 w kategorii supersamochod\u00f3w.<\/p>\n<p><strong>Stan<\/strong><\/p>\n<p>Przy zaledwie 43 649 km na liczniku, ten R8 jest w idealnym stanie. Po raz pierwszy zosta\u0142 dostarczony pod koniec 2014 roku do pierwotnego w\u0142a\u015bciciela w Holandii, a obecni w\u0142a\u015bciciele nabyli go w 2021 roku. To Audi R8 nigdy nie by\u0142o u\u017cywane na torze i regularnie serwisowane zgodnie z dokumentacj\u0105 serwisow\u0105 dostarczon\u0105 przez sprzedawc\u0119. Ponadto, ten przyk\u0142ad jest ca\u0142kowicie standardowy, bez \u017cadnych modyfikacji lub niepotrzebnych dodatk\u00f3w. Wszystkie elementy wyposa\u017cenia fabrycznego s\u0105 obecne i funkcjonalne. Ostatni serwis, wraz z wymian\u0105 oleju, zosta\u0142 przeprowadzony pod koniec pa\u017adziernika 2022 r., a hamulce zosta\u0142y poddane przegl\u0105dowi w czerwcu 2023 r. Wykonano tak zwany serwis &#8220;long life&#8221; i wymieniono \u015bwiece zap\u0142onowe. <strong>To R8 jest obj\u0119te 6-miesi\u0119czn\u0105 gwarancj\u0105 Bovag<\/strong>, co tylko pokazuje, \u017ce jest w nieskazitelnym stanie.<\/p>\n<p><strong>Wygl\u0105d zewn\u0119trzny i ko\u0142a<\/strong><\/p>\n<p>Pomalowany na elegancki kolor Panther Black, ten R8 korzysta z opcjonalnego pakietu karbonowego z zewn\u0119trznymi i wewn\u0119trznymi wstawkami wykonanymi z w\u0142\u00f3kna w\u0119glowego. Nadwozie samochodu nie ma \u017cadnych uszkodze\u0144, zadrapa\u0144 ani przebarwie\u0144, a lakier jest w idealnym stanie. Jedyn\u0105 rzecz\u0105, kt\u00f3ra zosta\u0142a dotkni\u0119ta na zewn\u0105trz tego R8, jest naprawiona klapa zbiornika (drzwiczki korka wlewu paliwa), kt\u00f3ra zosta\u0142a wykonana przez certyfikowanego dealera (faktura z 5 maja 2021 r.). Wygl\u0105d podkre\u015blaj\u0105 opcjonalne 20-calowe felgi owini\u0119te \u015bwie\u017cymi oponami Pirelli P Zero.<\/p>\n<p><strong>Wn\u0119trze<\/strong><\/p>\n<p>Pokryte dopasowan\u0105 czarn\u0105 sk\u00f3r\u0105 i Alcantar\u0105 wn\u0119trze nie wykazuje \u015blad\u00f3w zu\u017cycia i ma wstawki z w\u0142\u00f3kna w\u0119glowego jako cz\u0119\u015b\u0107 fabrycznego pakietu wyko\u0144czeniowego. Fotele maj\u0105 opcjonaln\u0105 funkcj\u0119 podgrzewania, a wszystkie systemy (audio, informacyjno-rozrywkowe, HVAC) s\u0105 w idealnym stanie. W ramach listy wyposa\u017cenia warto wspomnie\u0107, \u017ce to R8 ma tempomat, wycieraczki z czujnikiem deszczu, system audio Bang and Olufsen, automatycznie \u015bciemniaj\u0105ce si\u0119 lusterka, nawigacj\u0119, o\u015bwietlenie LED i wiele wi\u0119cej.<\/p>\n<p><strong>Dokumentacja<\/strong><\/p>\n<p>Ten u\u017cywany pojazd z odpowiedni\u0105 dokumentacj\u0105 znajduje si\u0119 w Holandii. Raport CarFax jest czysty, nie ma \u017cadnych problem\u00f3w prawnych. Istniej\u0105 zapisy dotycz\u0105ce regularnej konserwacji i kilku drobnych napraw. Bardzo wa\u017cne jest, aby wspomnie\u0107, \u017ce to Audi R8 ma zwrot koszt\u00f3w BPM. Zwrot BPM jest holenderskim zwrotem podatku od luksusu za eksport. <strong> Oznacza to, \u017ce je\u015bli kupuj\u0105cy znajduje si\u0119 w dowolnym innym kraju Unii Europejskiej (z wyj\u0105tkiem Holandii) i zarejestruje ten samoch\u00f3d w swoim kraju w ci\u0105gu 13 tygodni od zakupu, otrzyma zwrot 5 967 euro<\/strong>, co jest bardzo wygodne.<br \/>\nZobacz <a href=\"https:\/\/pistonaddict.com\/wp-content\/uploads\/2023\/06\/CARFAX-Vehicle-History-Report-AUDI-R8.pdf\">CarFax tego Audi R8<\/a>.<\/p>\n<p><strong>Aby uzyska\u0107 dost\u0119p do aukcji tego pojazdu premium, wymagany jest odcisk\/zatrzymanie karty kredytowej (automatycznie zwolnione).<\/strong><\/p>\n<p>Zobacz film z zimnego startu tego wspania\u0142ego Audi R8 tutaj :<\/p>\n<p><iframe title=\"Cold Start video of the Audi R8 4.2 FSI V8 on auction sale\" width=\"1200\" height=\"675\" src=\"https:\/\/www.youtube.com\/embed\/GyBid0aFEiA?feature=oembed\" frameborder=\"0\" allow=\"accelerometer; autoplay; clipboard-write; encrypted-media; gyroscope; picture-in-picture; web-share\" allowfullscreen><\/iframe><\/p>\n","protected":false},"excerpt":{"rendered":"<p>Cz\u0119sto s\u0142yszy si\u0119 okre\u015blenie &#8220;supersamoch\u00f3d do codziennego u\u017cytku&#8221;, jednak w rzeczywisto\u015bci bardzo niewiele samochod\u00f3w zapewnia atrakcyjne osi\u0105gi, u\u017cyteczno\u015b\u0107 i niezawodno\u015b\u0107 w codziennym u\u017cytkowaniu. Audi R8 z 2014 roku to prawdziwy klejnot. Dzi\u0119ki mocnemu 4,2-litrowemu silnikowi V8, dobrze wyposa\u017conemu wn\u0119trzu i doskona\u0142ej dynamice jazdy, jest to samoch\u00f3d, kt\u00f3rym mo\u017cna cieszy\u0107 si\u0119 na co dzie\u0144 i nadal mie\u0107 wszystkie zalety jazdy rasowym supersamochodem. Mo\u017cesz z\u0142o\u017cy\u0107 ofert\u0119 na ten samoch\u00f3d, <a href=\"https:\/\/pistonaddict.com\/contact-us\/\">kontaktuj\u0105c si\u0119 z nami<\/a>.<\/p>\n","protected":false},"featured_media":41844,"comment_status":"open","ping_status":"closed","template":"","meta":{"inline_featured_image":false},"product_cat":[718],"product_tag":[1887,1883,913],"acf":[],"yoast_head":"<!-- This site is optimized with the Yoast SEO plugin v22.5 - https:\/\/yoast.com\/wordpress\/plugins\/seo\/ -->\n<title>Audi R8 4.2 FSI V8 auction - Piston Addict<\/title>\n<meta name=\"description\" content=\"To Audi R8 to model z 2014 roku, co oznacza, \u017ce jest to p\u00f3\u017aniejsza i bardziej po\u017c\u0105dana wersja, kt\u00f3ra zyska\u0142a na lekkiej zmianie stylu, lepszych funkcjach i dopracowanej mechanice. Za moc odpowiada 4,2-litrowy silnik FSI V8, kt\u00f3ry generuje 430 KM i przekazuje je na wszystkie cztery ko\u0142a za po\u015brednictwem 7-biegowej dwusprz\u0119g\u0142owej automatycznej skrzyni bieg\u00f3w S Tronic.\" \/>\n<meta name=\"robots\" content=\"index, follow, max-snippet:-1, max-image-preview:large, max-video-preview:-1\" \/>\n<link rel=\"canonical\" href=\"https:\/\/pistonaddict.com\/pl\/product\/audi-r8-4-2-fsi-v8\/\" \/>\n<meta property=\"og:locale\" content=\"pl_PL\" \/>\n<meta property=\"og:type\" content=\"article\" \/>\n<meta property=\"og:title\" content=\"Audi R8 4.2 FSI V8 auction - Piston Addict\" \/>\n<meta property=\"og:description\" content=\"To Audi R8 to model z 2014 roku, co oznacza, \u017ce jest to p\u00f3\u017aniejsza i bardziej po\u017c\u0105dana wersja, kt\u00f3ra zyska\u0142a na lekkiej zmianie stylu, lepszych funkcjach i dopracowanej mechanice. Za moc odpowiada 4,2-litrowy silnik FSI V8, kt\u00f3ry generuje 430 KM i przekazuje je na wszystkie cztery ko\u0142a za po\u015brednictwem 7-biegowej dwusprz\u0119g\u0142owej automatycznej skrzyni bieg\u00f3w S Tronic.\" \/>\n<meta property=\"og:url\" content=\"https:\/\/pistonaddict.com\/pl\/product\/audi-r8-4-2-fsi-v8\/\" \/>\n<meta property=\"og:site_name\" content=\"Piston Addict\" \/>\n<meta property=\"article:modified_time\" content=\"2024-03-20T08:15:57+00:00\" \/>\n<meta property=\"og:image\" content=\"https:\/\/pistonaddict.com\/wp-content\/uploads\/2023\/06\/foto-5.jpg\" \/>\n\t<meta property=\"og:image:width\" content=\"1024\" \/>\n\t<meta property=\"og:image:height\" content=\"683\" \/>\n\t<meta property=\"og:image:type\" content=\"image\/jpeg\" \/>\n<meta name=\"twitter:card\" content=\"summary_large_image\" \/>\n<meta name=\"twitter:label1\" content=\"Szacowany czas czytania\" \/>\n\t<meta name=\"twitter:data1\" content=\"3 minuty\" \/>\n<script type=\"application\/ld+json\" class=\"yoast-schema-graph\">{\"@context\":\"https:\/\/schema.org\",\"@graph\":[{\"@type\":\"WebPage\",\"@id\":\"https:\/\/pistonaddict.com\/pl\/product\/audi-r8-4-2-fsi-v8\/\",\"url\":\"https:\/\/pistonaddict.com\/pl\/product\/audi-r8-4-2-fsi-v8\/\",\"name\":\"Audi R8 4.2 FSI V8 auction - Piston Addict\",\"isPartOf\":{\"@id\":\"https:\/\/pistonaddict.com\/pl\/#website\"},\"primaryImageOfPage\":{\"@id\":\"https:\/\/pistonaddict.com\/pl\/product\/audi-r8-4-2-fsi-v8\/#primaryimage\"},\"image\":{\"@id\":\"https:\/\/pistonaddict.com\/pl\/product\/audi-r8-4-2-fsi-v8\/#primaryimage\"},\"thumbnailUrl\":\"https:\/\/pistonaddict.com\/wp-content\/uploads\/2023\/06\/foto-5.jpg\",\"datePublished\":\"2023-06-12T12:22:37+00:00\",\"dateModified\":\"2024-03-20T08:15:57+00:00\",\"description\":\"To Audi R8 to model z 2014 roku, co oznacza, \u017ce jest to p\u00f3\u017aniejsza i bardziej po\u017c\u0105dana wersja, kt\u00f3ra zyska\u0142a na lekkiej zmianie stylu, lepszych funkcjach i dopracowanej mechanice. Za moc odpowiada 4,2-litrowy silnik FSI V8, kt\u00f3ry generuje 430 KM i przekazuje je na wszystkie cztery ko\u0142a za po\u015brednictwem 7-biegowej dwusprz\u0119g\u0142owej automatycznej skrzyni bieg\u00f3w S Tronic.\",\"breadcrumb\":{\"@id\":\"https:\/\/pistonaddict.com\/pl\/product\/audi-r8-4-2-fsi-v8\/#breadcrumb\"},\"inLanguage\":\"pl-PL\",\"potentialAction\":[{\"@type\":\"ReadAction\",\"target\":[\"https:\/\/pistonaddict.com\/pl\/product\/audi-r8-4-2-fsi-v8\/\"]}]},{\"@type\":\"ImageObject\",\"inLanguage\":\"pl-PL\",\"@id\":\"https:\/\/pistonaddict.com\/pl\/product\/audi-r8-4-2-fsi-v8\/#primaryimage\",\"url\":\"https:\/\/pistonaddict.com\/wp-content\/uploads\/2023\/06\/foto-5.jpg\",\"contentUrl\":\"https:\/\/pistonaddict.com\/wp-content\/uploads\/2023\/06\/foto-5.jpg\",\"width\":1024,\"height\":683},{\"@type\":\"BreadcrumbList\",\"@id\":\"https:\/\/pistonaddict.com\/pl\/product\/audi-r8-4-2-fsi-v8\/#breadcrumb\",\"itemListElement\":[{\"@type\":\"ListItem\",\"position\":1,\"name\":\"Strona g\u0142\u00f3wna\",\"item\":\"https:\/\/pistonaddict.com\/pl\/strona-glowna-2\/\"},{\"@type\":\"ListItem\",\"position\":2,\"name\":\"Auctions\",\"item\":\"https:\/\/pistonaddict.com\/auctions-listing\/\"},{\"@type\":\"ListItem\",\"position\":3,\"name\":\"Audi R8 4.2 FSI V8\"}]},{\"@type\":\"WebSite\",\"@id\":\"https:\/\/pistonaddict.com\/pl\/#website\",\"url\":\"https:\/\/pistonaddict.com\/pl\/\",\"name\":\"Piston Addict\",\"description\":\"Only interesting vehicles\",\"publisher\":{\"@id\":\"https:\/\/pistonaddict.com\/pl\/#organization\"},\"potentialAction\":[{\"@type\":\"SearchAction\",\"target\":{\"@type\":\"EntryPoint\",\"urlTemplate\":\"https:\/\/pistonaddict.com\/pl\/?s={search_term_string}\"},\"query-input\":\"required name=search_term_string\"}],\"inLanguage\":\"pl-PL\"},{\"@type\":\"Organization\",\"@id\":\"https:\/\/pistonaddict.com\/pl\/#organization\",\"name\":\"Piston Addict\",\"url\":\"https:\/\/pistonaddict.com\/pl\/\",\"logo\":{\"@type\":\"ImageObject\",\"inLanguage\":\"pl-PL\",\"@id\":\"https:\/\/pistonaddict.com\/pl\/#\/schema\/logo\/image\/\",\"url\":\"https:\/\/pistonaddict.com\/wp-content\/uploads\/2022\/07\/logo-6.png\",\"contentUrl\":\"https:\/\/pistonaddict.com\/wp-content\/uploads\/2022\/07\/logo-6.png\",\"width\":970,\"height\":200,\"caption\":\"Piston Addict\"},\"image\":{\"@id\":\"https:\/\/pistonaddict.com\/pl\/#\/schema\/logo\/image\/\"}}]}<\/script>\n<!-- \/ Yoast SEO plugin. -->","yoast_head_json":{"title":"Audi R8 4.2 FSI V8 auction - Piston Addict","description":"To Audi R8 to model z 2014 roku, co oznacza, \u017ce jest to p\u00f3\u017aniejsza i bardziej po\u017c\u0105dana wersja, kt\u00f3ra zyska\u0142a na lekkiej zmianie stylu, lepszych funkcjach i dopracowanej mechanice. Za moc odpowiada 4,2-litrowy silnik FSI V8, kt\u00f3ry generuje 430 KM i przekazuje je na wszystkie cztery ko\u0142a za po\u015brednictwem 7-biegowej dwusprz\u0119g\u0142owej automatycznej skrzyni bieg\u00f3w S Tronic.","robots":{"index":"index","follow":"follow","max-snippet":"max-snippet:-1","max-image-preview":"max-image-preview:large","max-video-preview":"max-video-preview:-1"},"canonical":"https:\/\/pistonaddict.com\/pl\/product\/audi-r8-4-2-fsi-v8\/","og_locale":"pl_PL","og_type":"article","og_title":"Audi R8 4.2 FSI V8 auction - Piston Addict","og_description":"To Audi R8 to model z 2014 roku, co oznacza, \u017ce jest to p\u00f3\u017aniejsza i bardziej po\u017c\u0105dana wersja, kt\u00f3ra zyska\u0142a na lekkiej zmianie stylu, lepszych funkcjach i dopracowanej mechanice. Za moc odpowiada 4,2-litrowy silnik FSI V8, kt\u00f3ry generuje 430 KM i przekazuje je na wszystkie cztery ko\u0142a za po\u015brednictwem 7-biegowej dwusprz\u0119g\u0142owej automatycznej skrzyni bieg\u00f3w S Tronic.","og_url":"https:\/\/pistonaddict.com\/pl\/product\/audi-r8-4-2-fsi-v8\/","og_site_name":"Piston Addict","article_modified_time":"2024-03-20T08:15:57+00:00","og_image":[{"width":1024,"height":683,"url":"https:\/\/pistonaddict.com\/wp-content\/uploads\/2023\/06\/foto-5.jpg","type":"image\/jpeg"}],"twitter_card":"summary_large_image","twitter_misc":{"Szacowany czas czytania":"3 minuty"},"schema":{"@context":"https:\/\/schema.org","@graph":[{"@type":"WebPage","@id":"https:\/\/pistonaddict.com\/pl\/product\/audi-r8-4-2-fsi-v8\/","url":"https:\/\/pistonaddict.com\/pl\/product\/audi-r8-4-2-fsi-v8\/","name":"Audi R8 4.2 FSI V8 auction - Piston Addict","isPartOf":{"@id":"https:\/\/pistonaddict.com\/pl\/#website"},"primaryImageOfPage":{"@id":"https:\/\/pistonaddict.com\/pl\/product\/audi-r8-4-2-fsi-v8\/#primaryimage"},"image":{"@id":"https:\/\/pistonaddict.com\/pl\/product\/audi-r8-4-2-fsi-v8\/#primaryimage"},"thumbnailUrl":"https:\/\/pistonaddict.com\/wp-content\/uploads\/2023\/06\/foto-5.jpg","datePublished":"2023-06-12T12:22:37+00:00","dateModified":"2024-03-20T08:15:57+00:00","description":"To Audi R8 to model z 2014 roku, co oznacza, \u017ce jest to p\u00f3\u017aniejsza i bardziej po\u017c\u0105dana wersja, kt\u00f3ra zyska\u0142a na lekkiej zmianie stylu, lepszych funkcjach i dopracowanej mechanice. Za moc odpowiada 4,2-litrowy silnik FSI V8, kt\u00f3ry generuje 430 KM i przekazuje je na wszystkie cztery ko\u0142a za po\u015brednictwem 7-biegowej dwusprz\u0119g\u0142owej automatycznej skrzyni bieg\u00f3w S Tronic.","breadcrumb":{"@id":"https:\/\/pistonaddict.com\/pl\/product\/audi-r8-4-2-fsi-v8\/#breadcrumb"},"inLanguage":"pl-PL","potentialAction":[{"@type":"ReadAction","target":["https:\/\/pistonaddict.com\/pl\/product\/audi-r8-4-2-fsi-v8\/"]}]},{"@type":"ImageObject","inLanguage":"pl-PL","@id":"https:\/\/pistonaddict.com\/pl\/product\/audi-r8-4-2-fsi-v8\/#primaryimage","url":"https:\/\/pistonaddict.com\/wp-content\/uploads\/2023\/06\/foto-5.jpg","contentUrl":"https:\/\/pistonaddict.com\/wp-content\/uploads\/2023\/06\/foto-5.jpg","width":1024,"height":683},{"@type":"BreadcrumbList","@id":"https:\/\/pistonaddict.com\/pl\/product\/audi-r8-4-2-fsi-v8\/#breadcrumb","itemListElement":[{"@type":"ListItem","position":1,"name":"Strona g\u0142\u00f3wna","item":"https:\/\/pistonaddict.com\/pl\/strona-glowna-2\/"},{"@type":"ListItem","position":2,"name":"Auctions","item":"https:\/\/pistonaddict.com\/auctions-listing\/"},{"@type":"ListItem","position":3,"name":"Audi R8 4.2 FSI V8"}]},{"@type":"WebSite","@id":"https:\/\/pistonaddict.com\/pl\/#website","url":"https:\/\/pistonaddict.com\/pl\/","name":"Piston Addict","description":"Only interesting vehicles","publisher":{"@id":"https:\/\/pistonaddict.com\/pl\/#organization"},"potentialAction":[{"@type":"SearchAction","target":{"@type":"EntryPoint","urlTemplate":"https:\/\/pistonaddict.com\/pl\/?s={search_term_string}"},"query-input":"required name=search_term_string"}],"inLanguage":"pl-PL"},{"@type":"Organization","@id":"https:\/\/pistonaddict.com\/pl\/#organization","name":"Piston Addict","url":"https:\/\/pistonaddict.com\/pl\/","logo":{"@type":"ImageObject","inLanguage":"pl-PL","@id":"https:\/\/pistonaddict.com\/pl\/#\/schema\/logo\/image\/","url":"https:\/\/pistonaddict.com\/wp-content\/uploads\/2022\/07\/logo-6.png","contentUrl":"https:\/\/pistonaddict.com\/wp-content\/uploads\/2022\/07\/logo-6.png","width":970,"height":200,"caption":"Piston Addict"},"image":{"@id":"https:\/\/pistonaddict.com\/pl\/#\/schema\/logo\/image\/"}}]}},"_links":{"self":[{"href":"https:\/\/pistonaddict.com\/pl\/wp-json\/wp\/v2\/product\/41971"}],"collection":[{"href":"https:\/\/pistonaddict.com\/pl\/wp-json\/wp\/v2\/product"}],"about":[{"href":"https:\/\/pistonaddict.com\/pl\/wp-json\/wp\/v2\/types\/product"}],"replies":[{"embeddable":true,"href":"https:\/\/pistonaddict.com\/pl\/wp-json\/wp\/v2\/comments?post=41971"}],"wp:featuredmedia":[{"embeddable":true,"href":"https:\/\/pistonaddict.com\/pl\/wp-json\/wp\/v2\/media\/41844"}],"wp:attachment":[{"href":"https:\/\/pistonaddict.com\/pl\/wp-json\/wp\/v2\/media?parent=41971"}],"wp:term":[{"taxonomy":"product_cat","embeddable":true,"href":"https:\/\/pistonaddict.com\/pl\/wp-json\/wp\/v2\/product_cat?post=41971"},{"taxonomy":"product_tag","embeddable":true,"href":"https:\/\/pistonaddict.com\/pl\/wp-json\/wp\/v2\/product_tag?post=41971"}],"curies":[{"name":"wp","href":"https:\/\/api.w.org\/{rel}","templated":true}]}}