{"id":39969,"date":"2023-04-19T17:58:30","date_gmt":"2023-04-19T15:58:30","guid":{"rendered":"https:\/\/pistonaddict.com\/product\/nissan-gtr\/"},"modified":"2024-03-19T17:52:31","modified_gmt":"2024-03-19T16:52:31","slug":"nissan-gtr","status":"publish","type":"product","link":"https:\/\/pistonaddict.com\/pl\/product\/nissan-gtr\/","title":{"rendered":"Nissan GT-R Nismo"},"content":{"rendered":"<h2>Zewn\u0119trznie<\/h2>\n<p>Z zewn\u0105trz to 2-drzwiowe coupe w czarnym kolorze \u0142\u0105czy pozornie subtelny wygl\u0105d z agresywnymi detalami, kt\u00f3re zdradzaj\u0105 jego prawdziwy charakter. Przednia cz\u0119\u015b\u0107 nadwozia ma du\u017cy grill i tr\u00f3jk\u0105tne reflektory, co nadaje mu imponuj\u0105c\u0105 prezencj\u0119 na drodze. Sylwetk\u0119 GT-R definiuje d\u0142uga maska, opadaj\u0105ca linia dachu i masywny tylny spojler. Z ty\u0142u dominuj\u0105 charakterystyczne dla Nissana okr\u0105g\u0142e \u015bwiat\u0142a tylne. Zbudowany przez Nismo, ten konkretny GT-R r\u00f3\u017cni si\u0119 od standardowych modeli kilkoma szczeg\u00f3\u0142ami. Opr\u00f3cz plakietki zamontowanej na grillu, obejmuje ona powi\u0119kszony przedni splitter powietrza i pokryw\u0119 baga\u017cnika z w\u0142\u00f3kna w\u0119glowego. Samoch\u00f3d stoi na przyczepnych oponach Michelin Super Sport Cup 2 zamontowanych na br\u0105zowych 20-calowych ko\u0142ach Volk Racking.<\/p>\n<h2>Wn\u0119trze<\/h2>\n<p>Wn\u0119trze GT-R z uk\u0142adem siedze\u0144 2+2 ujawnia swoj\u0105 praktyczno\u015b\u0107. Jasne jest, \u017ce tylne siedzenia oferuj\u0105 ograniczon\u0105 ilo\u015b\u0107 miejsca i nadaj\u0105 si\u0119 tylko na kr\u00f3tkie dystanse. Ale nawet jako takie, mi\u0142o jest je mie\u0107. Z drugiej strony, przednie fotele to zupe\u0142nie inna historia. Pokryte czarn\u0105 sk\u00f3r\u0105 z czerwonymi akcentami, oferuj\u0105 praktycznie nieograniczone wsparcie, utrzymuj\u0105c kierowc\u0119 w miejscu nawet na najostrzejszych zakr\u0119tach. Do tego dochodzi tr\u00f3jramienna kierownica pokryta szczotkowan\u0105 sk\u00f3r\u0105 z czerwonymi przeszyciami. Za nim znajduje si\u0119 zestaw wska\u017anik\u00f3w zdominowany przez obrotomierz do 8000 RPM. Inne pokr\u0119t\u0142a obejmuj\u0105 pr\u0119dko\u015bciomierz oraz wska\u017aniki temperatury silnika i poziomu paliwa. Dost\u0119pny jest r\u00f3wnie\u017c centralny wy\u015bwietlacz, kt\u00f3ry pokazuje parametry wy\u015bcigowe, takie jak przyspieszenie lub si\u0142y boczne.<\/p>\n<h2>Mechanicy<\/h2>\n<p>Mimo osza\u0142amiaj\u0105cego wygl\u0105du, Nissan GT-R jest tak naprawd\u0119 najbardziej fascynuj\u0105cy ze wzgl\u0119du na mechaniczn\u0105 podstaw\u0119 pod sk\u00f3r\u0105. Pierwszym z nich jest silnik &#8211; 3,8-litrowa jednostka V6 z podw\u00f3jnym turbodo\u0142adowaniem, zbudowana r\u0119cznie z najwy\u017csz\u0105 mo\u017cliw\u0105 precyzj\u0105 przez najlepszych technik\u00f3w Nissana. Co wi\u0119cej, ka\u017cdy z nich jest dostrojony do maksimum, co skutkuje r\u00f3\u017cn\u0105 moc\u0105 wyj\u015bciow\u0105 ka\u017cdego samochodu. Moc 750 koni mechanicznych to co\u015b, czego ten konkretny GT-R ma pod dostatkiem. Nast\u0119pnie znajduje si\u0119 sze\u015bciobiegowa dwusprz\u0119g\u0142owa automatyczna skrzynia bieg\u00f3w, kt\u00f3ra w celu poprawy rozk\u0142adu masy jest zamontowana z ty\u0142u. Jest on r\u00f3wnie\u017c r\u0119cznie budowany i sparowany z silnikiem, aby zmiana bieg\u00f3w by\u0142a jak najszybsza. Wreszcie, ca\u0142a ta ogromna moc jest skutecznie przenoszona na pod\u0142o\u017ce dzi\u0119ki rozbudowanemu systemowi nap\u0119du na wszystkie ko\u0142a. Dzi\u0119ki temu Nissan GT-R przyspiesza od 0 do 60 w zaledwie 2,5 sekundy i osi\u0105ga pr\u0119dko\u015b\u0107 maksymaln\u0105 205 mil na godzin\u0119.<\/p>\n<h2>Historia pojazdu<\/h2>\n<p>Chocia\u017c ka\u017cdy Nissan GT-R, ze swoj\u0105 r\u0119cznie budowan\u0105 mechanik\u0105 i dostosowanym tuningiem, jest wyj\u0105tkowy na sw\u00f3j spos\u00f3b, ten konkretny model jest jeszcze bardziej wyj\u0105tkowy. W rzeczywisto\u015bci by\u0142 to pierwszy model z kierownic\u0105 po lewej stronie zbudowany przez Nismo, wewn\u0119trzny dzia\u0142 wy\u015bcigowy Nissana, stworzony osobi\u015bcie dla \u00f3wczesnego prezesa zespo\u0142u Formu\u0142y 1 Renault. Wed\u0142ug sprzedawcy samoch\u00f3d jest jak nowy, ma przejechane 2 703 mile i obecnie znajduje si\u0119 w Wielkiej Brytanii.<\/p>\n","protected":false},"excerpt":{"rendered":"<p>Legendarny Nissan GT-R to jeden z najbardziej kultowych i po\u017c\u0105danych samochod\u00f3w z Kraju Kwitn\u0105cej Wi\u015bni. Dzi\u0119ki pot\u0119\u017cnemu turbodo\u0142adowanemu silnikowi V6 i rozbudowanemu nap\u0119dowi na cztery ko\u0142a, ten drogowy potw\u00f3r imponuje kierowcom swoj\u0105 pr\u0119dko\u015bci\u0105 i prowadzeniem, kt\u00f3re wydaje si\u0119 przeczy\u0107 prawom fizyki. Ale ten model z 2016 roku, kt\u00f3ry jest sprzedawany przez profesjonalnego sprzedawc\u0119, nie jest zwyk\u0142ym GT-R. Zamiast tego, samoch\u00f3d, na kt\u00f3ry patrzysz, to zorientowany na tor, bij\u0105cy rekordy GT-R Nismo. Do tej pory przejecha\u0142 zaledwie 2700 mil i nie czeka na nowego w\u0142a\u015bciciela.<\/p>\n","protected":false},"featured_media":39382,"comment_status":"open","ping_status":"closed","template":"","meta":{"inline_featured_image":false},"product_cat":[718],"product_tag":[1717,913,1712,1707],"acf":[],"yoast_head":"<!-- This site is optimized with the Yoast SEO plugin v22.5 - https:\/\/yoast.com\/wordpress\/plugins\/seo\/ -->\n<title>Nissan GT-R Nismo auction - Piston Addict<\/title>\n<meta name=\"description\" content=\"Sprawd\u017a tego Nissana GT-R Nismo na aukcji na PistonAddict.com\" \/>\n<meta name=\"robots\" content=\"index, follow, max-snippet:-1, max-image-preview:large, max-video-preview:-1\" \/>\n<link rel=\"canonical\" href=\"https:\/\/pistonaddict.com\/pl\/product\/nissan-gtr\/\" \/>\n<meta property=\"og:locale\" content=\"pl_PL\" \/>\n<meta property=\"og:type\" content=\"article\" \/>\n<meta property=\"og:title\" content=\"Nissan GT-R Nismo auction - Piston Addict\" \/>\n<meta property=\"og:description\" content=\"Sprawd\u017a tego Nissana GT-R Nismo na aukcji na PistonAddict.com\" \/>\n<meta property=\"og:url\" content=\"https:\/\/pistonaddict.com\/pl\/product\/nissan-gtr\/\" \/>\n<meta property=\"og:site_name\" content=\"Piston Addict\" \/>\n<meta property=\"article:modified_time\" content=\"2024-03-19T16:52:31+00:00\" \/>\n<meta property=\"og:image\" content=\"https:\/\/pistonaddict.com\/wp-content\/uploads\/2023\/04\/LuxurycarLondonApril11PistonAddict_0497-scaled.jpg\" \/>\n\t<meta property=\"og:image:width\" content=\"2560\" \/>\n\t<meta property=\"og:image:height\" content=\"1972\" \/>\n\t<meta property=\"og:image:type\" content=\"image\/jpeg\" \/>\n<meta name=\"twitter:card\" content=\"summary_large_image\" \/>\n<meta name=\"twitter:label1\" content=\"Szacowany czas czytania\" \/>\n\t<meta name=\"twitter:data1\" content=\"3 minuty\" \/>\n<script type=\"application\/ld+json\" class=\"yoast-schema-graph\">{\"@context\":\"https:\/\/schema.org\",\"@graph\":[{\"@type\":\"WebPage\",\"@id\":\"https:\/\/pistonaddict.com\/pl\/product\/nissan-gtr\/\",\"url\":\"https:\/\/pistonaddict.com\/pl\/product\/nissan-gtr\/\",\"name\":\"Nissan GT-R Nismo auction - Piston Addict\",\"isPartOf\":{\"@id\":\"https:\/\/pistonaddict.com\/pl\/#website\"},\"primaryImageOfPage\":{\"@id\":\"https:\/\/pistonaddict.com\/pl\/product\/nissan-gtr\/#primaryimage\"},\"image\":{\"@id\":\"https:\/\/pistonaddict.com\/pl\/product\/nissan-gtr\/#primaryimage\"},\"thumbnailUrl\":\"https:\/\/pistonaddict.com\/wp-content\/uploads\/2023\/04\/LuxurycarLondonApril11PistonAddict_0497-scaled.jpg\",\"datePublished\":\"2023-04-19T15:58:30+00:00\",\"dateModified\":\"2024-03-19T16:52:31+00:00\",\"description\":\"Sprawd\u017a tego Nissana GT-R Nismo na aukcji na PistonAddict.com\",\"breadcrumb\":{\"@id\":\"https:\/\/pistonaddict.com\/pl\/product\/nissan-gtr\/#breadcrumb\"},\"inLanguage\":\"pl-PL\",\"potentialAction\":[{\"@type\":\"ReadAction\",\"target\":[\"https:\/\/pistonaddict.com\/pl\/product\/nissan-gtr\/\"]}]},{\"@type\":\"ImageObject\",\"inLanguage\":\"pl-PL\",\"@id\":\"https:\/\/pistonaddict.com\/pl\/product\/nissan-gtr\/#primaryimage\",\"url\":\"https:\/\/pistonaddict.com\/wp-content\/uploads\/2023\/04\/LuxurycarLondonApril11PistonAddict_0497-scaled.jpg\",\"contentUrl\":\"https:\/\/pistonaddict.com\/wp-content\/uploads\/2023\/04\/LuxurycarLondonApril11PistonAddict_0497-scaled.jpg\",\"width\":2560,\"height\":1972},{\"@type\":\"BreadcrumbList\",\"@id\":\"https:\/\/pistonaddict.com\/pl\/product\/nissan-gtr\/#breadcrumb\",\"itemListElement\":[{\"@type\":\"ListItem\",\"position\":1,\"name\":\"Strona g\u0142\u00f3wna\",\"item\":\"https:\/\/pistonaddict.com\/pl\/strona-glowna-2\/\"},{\"@type\":\"ListItem\",\"position\":2,\"name\":\"Auctions\",\"item\":\"https:\/\/pistonaddict.com\/auctions-listing\/\"},{\"@type\":\"ListItem\",\"position\":3,\"name\":\"Nissan GT-R Nismo\"}]},{\"@type\":\"WebSite\",\"@id\":\"https:\/\/pistonaddict.com\/pl\/#website\",\"url\":\"https:\/\/pistonaddict.com\/pl\/\",\"name\":\"Piston Addict\",\"description\":\"Only interesting vehicles\",\"publisher\":{\"@id\":\"https:\/\/pistonaddict.com\/pl\/#organization\"},\"potentialAction\":[{\"@type\":\"SearchAction\",\"target\":{\"@type\":\"EntryPoint\",\"urlTemplate\":\"https:\/\/pistonaddict.com\/pl\/?s={search_term_string}\"},\"query-input\":\"required name=search_term_string\"}],\"inLanguage\":\"pl-PL\"},{\"@type\":\"Organization\",\"@id\":\"https:\/\/pistonaddict.com\/pl\/#organization\",\"name\":\"Piston Addict\",\"url\":\"https:\/\/pistonaddict.com\/pl\/\",\"logo\":{\"@type\":\"ImageObject\",\"inLanguage\":\"pl-PL\",\"@id\":\"https:\/\/pistonaddict.com\/pl\/#\/schema\/logo\/image\/\",\"url\":\"https:\/\/pistonaddict.com\/wp-content\/uploads\/2022\/07\/logo-6.png\",\"contentUrl\":\"https:\/\/pistonaddict.com\/wp-content\/uploads\/2022\/07\/logo-6.png\",\"width\":970,\"height\":200,\"caption\":\"Piston Addict\"},\"image\":{\"@id\":\"https:\/\/pistonaddict.com\/pl\/#\/schema\/logo\/image\/\"}}]}<\/script>\n<!-- \/ Yoast SEO plugin. -->","yoast_head_json":{"title":"Nissan GT-R Nismo auction - Piston Addict","description":"Sprawd\u017a tego Nissana GT-R Nismo na aukcji na PistonAddict.com","robots":{"index":"index","follow":"follow","max-snippet":"max-snippet:-1","max-image-preview":"max-image-preview:large","max-video-preview":"max-video-preview:-1"},"canonical":"https:\/\/pistonaddict.com\/pl\/product\/nissan-gtr\/","og_locale":"pl_PL","og_type":"article","og_title":"Nissan GT-R Nismo auction - Piston Addict","og_description":"Sprawd\u017a tego Nissana GT-R Nismo na aukcji na PistonAddict.com","og_url":"https:\/\/pistonaddict.com\/pl\/product\/nissan-gtr\/","og_site_name":"Piston Addict","article_modified_time":"2024-03-19T16:52:31+00:00","og_image":[{"width":2560,"height":1972,"url":"https:\/\/pistonaddict.com\/wp-content\/uploads\/2023\/04\/LuxurycarLondonApril11PistonAddict_0497-scaled.jpg","type":"image\/jpeg"}],"twitter_card":"summary_large_image","twitter_misc":{"Szacowany czas czytania":"3 minuty"},"schema":{"@context":"https:\/\/schema.org","@graph":[{"@type":"WebPage","@id":"https:\/\/pistonaddict.com\/pl\/product\/nissan-gtr\/","url":"https:\/\/pistonaddict.com\/pl\/product\/nissan-gtr\/","name":"Nissan GT-R Nismo auction - Piston Addict","isPartOf":{"@id":"https:\/\/pistonaddict.com\/pl\/#website"},"primaryImageOfPage":{"@id":"https:\/\/pistonaddict.com\/pl\/product\/nissan-gtr\/#primaryimage"},"image":{"@id":"https:\/\/pistonaddict.com\/pl\/product\/nissan-gtr\/#primaryimage"},"thumbnailUrl":"https:\/\/pistonaddict.com\/wp-content\/uploads\/2023\/04\/LuxurycarLondonApril11PistonAddict_0497-scaled.jpg","datePublished":"2023-04-19T15:58:30+00:00","dateModified":"2024-03-19T16:52:31+00:00","description":"Sprawd\u017a tego Nissana GT-R Nismo na aukcji na PistonAddict.com","breadcrumb":{"@id":"https:\/\/pistonaddict.com\/pl\/product\/nissan-gtr\/#breadcrumb"},"inLanguage":"pl-PL","potentialAction":[{"@type":"ReadAction","target":["https:\/\/pistonaddict.com\/pl\/product\/nissan-gtr\/"]}]},{"@type":"ImageObject","inLanguage":"pl-PL","@id":"https:\/\/pistonaddict.com\/pl\/product\/nissan-gtr\/#primaryimage","url":"https:\/\/pistonaddict.com\/wp-content\/uploads\/2023\/04\/LuxurycarLondonApril11PistonAddict_0497-scaled.jpg","contentUrl":"https:\/\/pistonaddict.com\/wp-content\/uploads\/2023\/04\/LuxurycarLondonApril11PistonAddict_0497-scaled.jpg","width":2560,"height":1972},{"@type":"BreadcrumbList","@id":"https:\/\/pistonaddict.com\/pl\/product\/nissan-gtr\/#breadcrumb","itemListElement":[{"@type":"ListItem","position":1,"name":"Strona g\u0142\u00f3wna","item":"https:\/\/pistonaddict.com\/pl\/strona-glowna-2\/"},{"@type":"ListItem","position":2,"name":"Auctions","item":"https:\/\/pistonaddict.com\/auctions-listing\/"},{"@type":"ListItem","position":3,"name":"Nissan GT-R Nismo"}]},{"@type":"WebSite","@id":"https:\/\/pistonaddict.com\/pl\/#website","url":"https:\/\/pistonaddict.com\/pl\/","name":"Piston Addict","description":"Only interesting vehicles","publisher":{"@id":"https:\/\/pistonaddict.com\/pl\/#organization"},"potentialAction":[{"@type":"SearchAction","target":{"@type":"EntryPoint","urlTemplate":"https:\/\/pistonaddict.com\/pl\/?s={search_term_string}"},"query-input":"required name=search_term_string"}],"inLanguage":"pl-PL"},{"@type":"Organization","@id":"https:\/\/pistonaddict.com\/pl\/#organization","name":"Piston Addict","url":"https:\/\/pistonaddict.com\/pl\/","logo":{"@type":"ImageObject","inLanguage":"pl-PL","@id":"https:\/\/pistonaddict.com\/pl\/#\/schema\/logo\/image\/","url":"https:\/\/pistonaddict.com\/wp-content\/uploads\/2022\/07\/logo-6.png","contentUrl":"https:\/\/pistonaddict.com\/wp-content\/uploads\/2022\/07\/logo-6.png","width":970,"height":200,"caption":"Piston Addict"},"image":{"@id":"https:\/\/pistonaddict.com\/pl\/#\/schema\/logo\/image\/"}}]}},"_links":{"self":[{"href":"https:\/\/pistonaddict.com\/pl\/wp-json\/wp\/v2\/product\/39969"}],"collection":[{"href":"https:\/\/pistonaddict.com\/pl\/wp-json\/wp\/v2\/product"}],"about":[{"href":"https:\/\/pistonaddict.com\/pl\/wp-json\/wp\/v2\/types\/product"}],"replies":[{"embeddable":true,"href":"https:\/\/pistonaddict.com\/pl\/wp-json\/wp\/v2\/comments?post=39969"}],"wp:featuredmedia":[{"embeddable":true,"href":"https:\/\/pistonaddict.com\/pl\/wp-json\/wp\/v2\/media\/39382"}],"wp:attachment":[{"href":"https:\/\/pistonaddict.com\/pl\/wp-json\/wp\/v2\/media?parent=39969"}],"wp:term":[{"taxonomy":"product_cat","embeddable":true,"href":"https:\/\/pistonaddict.com\/pl\/wp-json\/wp\/v2\/product_cat?post=39969"},{"taxonomy":"product_tag","embeddable":true,"href":"https:\/\/pistonaddict.com\/pl\/wp-json\/wp\/v2\/product_tag?post=39969"}],"curies":[{"name":"wp","href":"https:\/\/api.w.org\/{rel}","templated":true}]}}