{"id":39221,"date":"2023-04-19T17:31:19","date_gmt":"2023-04-19T15:31:19","guid":{"rendered":"https:\/\/pistonaddict.com\/product\/mclaren-720s\/"},"modified":"2024-03-19T17:52:17","modified_gmt":"2024-03-19T16:52:17","slug":"mclaren-720s","status":"publish","type":"product","link":"https:\/\/pistonaddict.com\/pl\/product\/mclaren-720s\/","title":{"rendered":"McLaren 720S"},"content":{"rendered":"<h2>Zewn\u0119trznie<\/h2>\n<p>Pomalowany na jaskrawy pomara\u0144czowy kolor McLaren 720S z pewno\u015bci\u0105 zwr\u00f3ci na siebie uwag\u0119, gdziekolwiek si\u0119 pojawi. Ale z drugiej strony, by\u0142by taki sam w ka\u017cdym innym kolorze, dzi\u0119ki swojemu osza\u0142amiaj\u0105cemu, inspirowanemu rekinami wzornictwu. Agresywny prz\u00f3d, op\u0142ywowa sylwetka i praktyczne, a zarazem zabawne drzwi w kszta\u0142cie motyla, robi\u0105 wra\u017cenie pod ka\u017cdym k\u0105tem. Obejmuje to masywne czerpnie powietrza po bokach, pokryt\u0105 siatk\u0105 wn\u0119k\u0119 silnika, kt\u00f3ra \u015bwieci po w\u0142\u0105czeniu zap\u0142onu, oraz tylny spojler, kt\u00f3ry wyskakuje podczas ostrego hamowania. Za hamowanie odpowiadaj\u0105 masywne ceramiczne tarcze umieszczone za czarnymi 19-calowymi felgami z oponami Pirelli P Zero.<\/p>\n<p>Mimo to, ten dwumiejscowy samoch\u00f3d nie wygl\u0105da tak jak na pokaz, poniewa\u017c wi\u0119kszo\u015b\u0107 kszta\u0142t\u00f3w nadwozia zosta\u0142a wyrze\u017abiona w celu poprawy aerodynamiki i wygenerowania si\u0142y docisku. A skoro tak, to McLaren 720S pokazuje, \u017ce form\u0119 i funkcj\u0119 mo\u017cna po\u0142\u0105czy\u0107 w idealnej harmonii.<\/p>\n<h2>Wn\u0119trze<\/h2>\n<p>Wn\u0119trze McLarena, ubrane w Alcantar\u0119 i w\u0142\u00f3kno w\u0119glowe, dodatkowo zdradza, jak bardzo ten samoch\u00f3d jest zorientowany na tor. Pierwszym z nich jest para sportowych foteli o kszta\u0142cie pozwalaj\u0105cym utrzyma\u0107 kierowc\u0119 i pasa\u017cera mocno przypi\u0119tych pasami podczas pokonywania ostrych zakr\u0119t\u00f3w. Nast\u0119pnie mamy tr\u00f3jramienn\u0105 kierownic\u0119 pokryt\u0105 sk\u00f3r\u0105, kt\u00f3ra obramowuje cyfrowy zestaw wska\u017anik\u00f3w. W trybie standardowym wy\u015bwietla r\u00f3\u017cne parametry silnika i pojazdu, takie jak pr\u0119dko\u015b\u0107 i temperatura silnika. Jednak po w\u0142\u0105czeniu trybu Track ca\u0142y klaster odchyla si\u0119 w d\u00f3\u0142, ods\u0142aniaj\u0105c u g\u00f3ry ma\u0142y wy\u015bwietlacz, pokazuj\u0105cy jedynie obrotomierz, pr\u0119dko\u015b\u0107 i wybrany bieg. Wreszcie, konsola \u015brodkowa jest skromna, ale funkcjonalnie wyposa\u017cona w niezb\u0119dne pokr\u0119t\u0142a i przyciski, kt\u00f3rym towarzyszy zorientowany na kierowc\u0119 centralny wy\u015bwietlacz dotykowy.<\/p>\n<h2>Mechanicy<\/h2>\n<p>Pod eleganck\u0105 i aerodynamicznie ukszta\u0142towan\u0105 sk\u00f3r\u0105, 720S ma podwozie monocoque z w\u0142\u00f3kna w\u0119glowego, kt\u00f3re McLaren nazywa MonoCage. Konstrukcja inspirowana modelem F1 jest nie tylko lekka, ale r\u00f3wnie\u017c niezwykle sztywna, co zmniejsza elastyczno\u015b\u0107 nadwozia przy pokonywaniu ostrych zakr\u0119t\u00f3w.<\/p>\n<p>Sercem ka\u017cdego supersportowego samochodu jest silnik, kt\u00f3ry w McLarenie zamontowany jest tu\u017c za siedzeniami. W fabrycznym wyko\u0144czeniu skrywaj\u0105ce si\u0119 tam podw\u00f3jnie turbodo\u0142adowane V8 rozwija 720 koni mechanicznych, czyli liczb\u0119, kt\u00f3rej auto zawdzi\u0119cza swoj\u0105 nazw\u0119, oraz zdumiewaj\u0105cy moment obrotowy 770 Nm. Moc trafia na tylne ko\u0142a za po\u015brednictwem szybkiej, 7-biegowej przek\u0142adni dwusprz\u0119g\u0142owej.<\/p>\n<p>A wszystko to w samochodzie, kt\u00f3ry wa\u017cy zaledwie 1400 kilogram\u00f3w, to wi\u0119cej ni\u017c potrzeba, aby zapewni\u0107 doskona\u0142e prowadzenie i osi\u0105gi. W liczbach przek\u0142ada\u0142oby si\u0119 to na przyspieszenie 0-60 w 2,9 sekundy i pr\u0119dko\u015b\u0107 maksymaln\u0105 212 mil na godzin\u0119. To jednak nie jest zwyk\u0142y, fabrycznie tuningowany McLaren 720S. Zamiast tego, w\u0142a\u015bciciel wyposa\u017cy\u0142 go w Litchfield Custom Tune, kt\u00f3ry podnosi moc silnika do 800 koni mechanicznych.<\/p>\n<h2>Historia pojazdu<\/h2>\n<p>Sprzedaj\u0105cy podaje, \u017ce wszystkie prace serwisowe by\u0142y wykonywane regularnie, a ostatni serwis wykonano w pa\u017adzierniku 2022 roku. Obecnie nie s\u0105 znane \u017cadne usterki ani ostrze\u017cenia obecne na tablicy rozdzielczej. Ponadto, s\u0105dz\u0105c po dostarczonych zdj\u0119ciach, nie ma \u017cadnych niedoskona\u0142o\u015bci karoserii, kt\u00f3re mo\u017cna by zg\u0142osi\u0107.<\/p>\n","protected":false},"excerpt":{"rendered":"<p>W sprzeda\u017cy jest tu McLaren 720S, prawdopodobnie jeden z najlepiej prowadz\u0105cych si\u0119 samochod\u00f3w w swojej klasie. Dzi\u0119ki turbodo\u0142adowanemu silnikowi V8 i najnowocze\u015bniejszemu zawieszeniu, to coupe jest niesamowicie szybkie na prostych i w zakr\u0119tach. Wed\u0142ug profesjonalnego sprzedawcy wystawiaj\u0105cego go na aukcji, ten 2017 McLaren 720S jest nieskazitelny, w pe\u0142ni serwisowany i nie bra\u0142 udzia\u0142u w \u017cadnym wypadku. A do tej pory zrobi\u0142 nieco ponad 4 tys. mil i obecnie znajduje si\u0119 w Wielkiej Brytanii.<\/p>\n","protected":false},"featured_media":39162,"comment_status":"open","ping_status":"closed","template":"","meta":{"inline_featured_image":false},"product_cat":[718],"product_tag":[1639,1633,913,1629],"acf":[],"yoast_head":"<!-- This site is optimized with the Yoast SEO plugin v22.5 - https:\/\/yoast.com\/wordpress\/plugins\/seo\/ -->\n<title>McLaren 720S auction - Piston Addict<\/title>\n<meta name=\"description\" content=\"Sprawd\u017a tego McLarena 720S na aukcji na PistonAddict.com\" \/>\n<meta name=\"robots\" content=\"index, follow, max-snippet:-1, max-image-preview:large, max-video-preview:-1\" \/>\n<link rel=\"canonical\" href=\"https:\/\/pistonaddict.com\/pl\/product\/mclaren-720s\/\" \/>\n<meta property=\"og:locale\" content=\"pl_PL\" \/>\n<meta property=\"og:type\" content=\"article\" \/>\n<meta property=\"og:title\" content=\"McLaren 720S auction - Piston Addict\" \/>\n<meta property=\"og:description\" content=\"Sprawd\u017a tego McLarena 720S na aukcji na PistonAddict.com\" \/>\n<meta property=\"og:url\" content=\"https:\/\/pistonaddict.com\/pl\/product\/mclaren-720s\/\" \/>\n<meta property=\"og:site_name\" content=\"Piston Addict\" \/>\n<meta property=\"article:modified_time\" content=\"2024-03-19T16:52:17+00:00\" \/>\n<meta property=\"og:image\" content=\"https:\/\/pistonaddict.com\/wp-content\/uploads\/2023\/04\/LuxurycarLondonApril11PistonAddict_0851-scaled.jpg\" \/>\n\t<meta property=\"og:image:width\" content=\"2560\" \/>\n\t<meta property=\"og:image:height\" content=\"1534\" \/>\n\t<meta property=\"og:image:type\" content=\"image\/jpeg\" \/>\n<meta name=\"twitter:card\" content=\"summary_large_image\" \/>\n<meta name=\"twitter:label1\" content=\"Szacowany czas czytania\" \/>\n\t<meta name=\"twitter:data1\" content=\"3 minuty\" \/>\n<script type=\"application\/ld+json\" class=\"yoast-schema-graph\">{\"@context\":\"https:\/\/schema.org\",\"@graph\":[{\"@type\":\"WebPage\",\"@id\":\"https:\/\/pistonaddict.com\/pl\/product\/mclaren-720s\/\",\"url\":\"https:\/\/pistonaddict.com\/pl\/product\/mclaren-720s\/\",\"name\":\"McLaren 720S auction - Piston Addict\",\"isPartOf\":{\"@id\":\"https:\/\/pistonaddict.com\/pl\/#website\"},\"primaryImageOfPage\":{\"@id\":\"https:\/\/pistonaddict.com\/pl\/product\/mclaren-720s\/#primaryimage\"},\"image\":{\"@id\":\"https:\/\/pistonaddict.com\/pl\/product\/mclaren-720s\/#primaryimage\"},\"thumbnailUrl\":\"https:\/\/pistonaddict.com\/wp-content\/uploads\/2023\/04\/LuxurycarLondonApril11PistonAddict_0851-scaled.jpg\",\"datePublished\":\"2023-04-19T15:31:19+00:00\",\"dateModified\":\"2024-03-19T16:52:17+00:00\",\"description\":\"Sprawd\u017a tego McLarena 720S na aukcji na PistonAddict.com\",\"breadcrumb\":{\"@id\":\"https:\/\/pistonaddict.com\/pl\/product\/mclaren-720s\/#breadcrumb\"},\"inLanguage\":\"pl-PL\",\"potentialAction\":[{\"@type\":\"ReadAction\",\"target\":[\"https:\/\/pistonaddict.com\/pl\/product\/mclaren-720s\/\"]}]},{\"@type\":\"ImageObject\",\"inLanguage\":\"pl-PL\",\"@id\":\"https:\/\/pistonaddict.com\/pl\/product\/mclaren-720s\/#primaryimage\",\"url\":\"https:\/\/pistonaddict.com\/wp-content\/uploads\/2023\/04\/LuxurycarLondonApril11PistonAddict_0851-scaled.jpg\",\"contentUrl\":\"https:\/\/pistonaddict.com\/wp-content\/uploads\/2023\/04\/LuxurycarLondonApril11PistonAddict_0851-scaled.jpg\",\"width\":2560,\"height\":1534},{\"@type\":\"BreadcrumbList\",\"@id\":\"https:\/\/pistonaddict.com\/pl\/product\/mclaren-720s\/#breadcrumb\",\"itemListElement\":[{\"@type\":\"ListItem\",\"position\":1,\"name\":\"Strona g\u0142\u00f3wna\",\"item\":\"https:\/\/pistonaddict.com\/pl\/strona-glowna-2\/\"},{\"@type\":\"ListItem\",\"position\":2,\"name\":\"Auctions\",\"item\":\"https:\/\/pistonaddict.com\/auctions-listing\/\"},{\"@type\":\"ListItem\",\"position\":3,\"name\":\"McLaren 720S\"}]},{\"@type\":\"WebSite\",\"@id\":\"https:\/\/pistonaddict.com\/pl\/#website\",\"url\":\"https:\/\/pistonaddict.com\/pl\/\",\"name\":\"Piston Addict\",\"description\":\"Only interesting vehicles\",\"publisher\":{\"@id\":\"https:\/\/pistonaddict.com\/pl\/#organization\"},\"potentialAction\":[{\"@type\":\"SearchAction\",\"target\":{\"@type\":\"EntryPoint\",\"urlTemplate\":\"https:\/\/pistonaddict.com\/pl\/?s={search_term_string}\"},\"query-input\":\"required name=search_term_string\"}],\"inLanguage\":\"pl-PL\"},{\"@type\":\"Organization\",\"@id\":\"https:\/\/pistonaddict.com\/pl\/#organization\",\"name\":\"Piston Addict\",\"url\":\"https:\/\/pistonaddict.com\/pl\/\",\"logo\":{\"@type\":\"ImageObject\",\"inLanguage\":\"pl-PL\",\"@id\":\"https:\/\/pistonaddict.com\/pl\/#\/schema\/logo\/image\/\",\"url\":\"https:\/\/pistonaddict.com\/wp-content\/uploads\/2022\/07\/logo-6.png\",\"contentUrl\":\"https:\/\/pistonaddict.com\/wp-content\/uploads\/2022\/07\/logo-6.png\",\"width\":970,\"height\":200,\"caption\":\"Piston Addict\"},\"image\":{\"@id\":\"https:\/\/pistonaddict.com\/pl\/#\/schema\/logo\/image\/\"}}]}<\/script>\n<!-- \/ Yoast SEO plugin. -->","yoast_head_json":{"title":"McLaren 720S auction - Piston Addict","description":"Sprawd\u017a tego McLarena 720S na aukcji na PistonAddict.com","robots":{"index":"index","follow":"follow","max-snippet":"max-snippet:-1","max-image-preview":"max-image-preview:large","max-video-preview":"max-video-preview:-1"},"canonical":"https:\/\/pistonaddict.com\/pl\/product\/mclaren-720s\/","og_locale":"pl_PL","og_type":"article","og_title":"McLaren 720S auction - Piston Addict","og_description":"Sprawd\u017a tego McLarena 720S na aukcji na PistonAddict.com","og_url":"https:\/\/pistonaddict.com\/pl\/product\/mclaren-720s\/","og_site_name":"Piston Addict","article_modified_time":"2024-03-19T16:52:17+00:00","og_image":[{"width":2560,"height":1534,"url":"https:\/\/pistonaddict.com\/wp-content\/uploads\/2023\/04\/LuxurycarLondonApril11PistonAddict_0851-scaled.jpg","type":"image\/jpeg"}],"twitter_card":"summary_large_image","twitter_misc":{"Szacowany czas czytania":"3 minuty"},"schema":{"@context":"https:\/\/schema.org","@graph":[{"@type":"WebPage","@id":"https:\/\/pistonaddict.com\/pl\/product\/mclaren-720s\/","url":"https:\/\/pistonaddict.com\/pl\/product\/mclaren-720s\/","name":"McLaren 720S auction - Piston Addict","isPartOf":{"@id":"https:\/\/pistonaddict.com\/pl\/#website"},"primaryImageOfPage":{"@id":"https:\/\/pistonaddict.com\/pl\/product\/mclaren-720s\/#primaryimage"},"image":{"@id":"https:\/\/pistonaddict.com\/pl\/product\/mclaren-720s\/#primaryimage"},"thumbnailUrl":"https:\/\/pistonaddict.com\/wp-content\/uploads\/2023\/04\/LuxurycarLondonApril11PistonAddict_0851-scaled.jpg","datePublished":"2023-04-19T15:31:19+00:00","dateModified":"2024-03-19T16:52:17+00:00","description":"Sprawd\u017a tego McLarena 720S na aukcji na PistonAddict.com","breadcrumb":{"@id":"https:\/\/pistonaddict.com\/pl\/product\/mclaren-720s\/#breadcrumb"},"inLanguage":"pl-PL","potentialAction":[{"@type":"ReadAction","target":["https:\/\/pistonaddict.com\/pl\/product\/mclaren-720s\/"]}]},{"@type":"ImageObject","inLanguage":"pl-PL","@id":"https:\/\/pistonaddict.com\/pl\/product\/mclaren-720s\/#primaryimage","url":"https:\/\/pistonaddict.com\/wp-content\/uploads\/2023\/04\/LuxurycarLondonApril11PistonAddict_0851-scaled.jpg","contentUrl":"https:\/\/pistonaddict.com\/wp-content\/uploads\/2023\/04\/LuxurycarLondonApril11PistonAddict_0851-scaled.jpg","width":2560,"height":1534},{"@type":"BreadcrumbList","@id":"https:\/\/pistonaddict.com\/pl\/product\/mclaren-720s\/#breadcrumb","itemListElement":[{"@type":"ListItem","position":1,"name":"Strona g\u0142\u00f3wna","item":"https:\/\/pistonaddict.com\/pl\/strona-glowna-2\/"},{"@type":"ListItem","position":2,"name":"Auctions","item":"https:\/\/pistonaddict.com\/auctions-listing\/"},{"@type":"ListItem","position":3,"name":"McLaren 720S"}]},{"@type":"WebSite","@id":"https:\/\/pistonaddict.com\/pl\/#website","url":"https:\/\/pistonaddict.com\/pl\/","name":"Piston Addict","description":"Only interesting vehicles","publisher":{"@id":"https:\/\/pistonaddict.com\/pl\/#organization"},"potentialAction":[{"@type":"SearchAction","target":{"@type":"EntryPoint","urlTemplate":"https:\/\/pistonaddict.com\/pl\/?s={search_term_string}"},"query-input":"required name=search_term_string"}],"inLanguage":"pl-PL"},{"@type":"Organization","@id":"https:\/\/pistonaddict.com\/pl\/#organization","name":"Piston Addict","url":"https:\/\/pistonaddict.com\/pl\/","logo":{"@type":"ImageObject","inLanguage":"pl-PL","@id":"https:\/\/pistonaddict.com\/pl\/#\/schema\/logo\/image\/","url":"https:\/\/pistonaddict.com\/wp-content\/uploads\/2022\/07\/logo-6.png","contentUrl":"https:\/\/pistonaddict.com\/wp-content\/uploads\/2022\/07\/logo-6.png","width":970,"height":200,"caption":"Piston Addict"},"image":{"@id":"https:\/\/pistonaddict.com\/pl\/#\/schema\/logo\/image\/"}}]}},"_links":{"self":[{"href":"https:\/\/pistonaddict.com\/pl\/wp-json\/wp\/v2\/product\/39221"}],"collection":[{"href":"https:\/\/pistonaddict.com\/pl\/wp-json\/wp\/v2\/product"}],"about":[{"href":"https:\/\/pistonaddict.com\/pl\/wp-json\/wp\/v2\/types\/product"}],"replies":[{"embeddable":true,"href":"https:\/\/pistonaddict.com\/pl\/wp-json\/wp\/v2\/comments?post=39221"}],"wp:featuredmedia":[{"embeddable":true,"href":"https:\/\/pistonaddict.com\/pl\/wp-json\/wp\/v2\/media\/39162"}],"wp:attachment":[{"href":"https:\/\/pistonaddict.com\/pl\/wp-json\/wp\/v2\/media?parent=39221"}],"wp:term":[{"taxonomy":"product_cat","embeddable":true,"href":"https:\/\/pistonaddict.com\/pl\/wp-json\/wp\/v2\/product_cat?post=39221"},{"taxonomy":"product_tag","embeddable":true,"href":"https:\/\/pistonaddict.com\/pl\/wp-json\/wp\/v2\/product_tag?post=39221"}],"curies":[{"name":"wp","href":"https:\/\/api.w.org\/{rel}","templated":true}]}}