{"id":37939,"date":"2023-04-19T16:55:04","date_gmt":"2023-04-19T14:55:04","guid":{"rendered":"https:\/\/pistonaddict.com\/product\/ferrari-412\/"},"modified":"2024-03-19T17:52:48","modified_gmt":"2024-03-19T16:52:48","slug":"ferrari412","status":"publish","type":"product","link":"https:\/\/pistonaddict.com\/pl\/product\/ferrari412\/","title":{"rendered":"Ferrari 412"},"content":{"rendered":"<p><strong>Historia samochodu<\/strong><\/p>\n<p>Ferrari 412 zosta\u0142o wprowadzone na rynek w 1985 roku jako topowy produkt GT firmy, charakteryzuj\u0105cy si\u0119 miejscem dla czterech pasa\u017cer\u00f3w i przestronnym baga\u017cnikiem. Nap\u0119dzany przez klasyczny silnik Colombo V12, wypieraj\u0105cy 4,9 litra, reprezentuje jedn\u0105 z ostatnich iteracji klasycznego Ferrari ery GT. Z 340 KM na kranie, nap\u0119dzaj\u0105c tylne ko\u0142a przez Borg-Warner automatycznej skrzyni bieg\u00f3w, to Ferrari 412 mo\u017ce osi\u0105gn\u0105\u0107 100 km \/ h w zaledwie 6,5 sekundy i przyspieszy\u0107 ca\u0142\u0105 drog\u0119 do 260 km \/ h pr\u0119dko\u015bci maksymalnej. Ten konkretny przyk\u0142ad jest jednym z ostatnich wyprodukowanych, dostarczony do pierwszego w\u0142a\u015bciciela w listopadzie 1988 roku. Produkcja zako\u0144czy\u0142a si\u0119 w 1989 roku po dostarczeniu 576 samochod\u00f3w, a tylko 306 z automatyczn\u0105 skrzyni\u0105 bieg\u00f3w. Ostatni serwis zosta\u0142 wykonany w kwietniu 2021 roku, a samoch\u00f3d od tego czasu by\u0142 prawie nieu\u017cywany.<\/p>\n<p><strong>Stan samochodu<\/strong><\/p>\n<p>To, co czyni to eleganckie GT tak atrakcyjnym, to jego stan. Z mniej ni\u017c 37,000 kilometr\u00f3w od nowego, jest to doskonale zachowany przyk\u0142ad &#8217;80s Ferrari elegancji. Ten samoch\u00f3d nigdy nie zosta\u0142 przywr\u00f3cony, a to jest w jego niezwyk\u0142ym stanie oryginalnym, a\u017c do oryginalnych k\u00f3\u0142, zestaw narz\u0119dzi (cenione szczeg\u00f3\u0142 w\u015br\u00f3d kolekcjoner\u00f3w Ferrari), a fabrycznie poprawne opony, kt\u00f3re s\u0105 do\u015b\u0107 niezwyk\u0142e w dzisiejszych czasach. To Ferrari 412 by\u0142 odpowiednio utrzymany i gara\u017cowane, co jest jednym z powod\u00f3w, dlaczego wygl\u0105da jak nowy. Nie ma wyciek\u00f3w oleju w podwoziu, wn\u0119ka silnika jest uporz\u0105dkowana, a wszystkie oryginalne stemple i oznaczenia s\u0105 obecne.<\/p>\n<p><strong>Wn\u0119trze<\/strong><\/p>\n<p>Zgodnie z oczekiwaniami, wn\u0119trze tego Ferrari 412 z 1988 roku jest pokryte sk\u00f3r\u0105, a po\u0142\u0105czenie kolorystyczne czarnego nadwozia z br\u0105zowymi siedzeniami jest szczeg\u00f3lnie atrakcyjne. Nie ma widocznych uszkodze\u0144, a fotele, karty drzwiowe i deska rozdzielcza s\u0105 w nienagannym stanie. Oczywi\u015bcie jako luksusowe GT, kt\u00f3rym to Ferrari 412 z pewno\u015bci\u0105 jest, wn\u0119trze jest pe\u0142ne wyg\u00f3d, akcesori\u00f3w elektrycznych i dzia\u0142aj\u0105cej klimatyzacji. Jedyne co nie jest oryginalne to radioodtwarzacz systemu audio, kt\u00f3ry zosta\u0142 zamieniony na nowoczesny.<\/p>\n<p><strong>Wygl\u0105d zewn\u0119trzny i ko\u0142a<\/strong><\/p>\n<p>Wszystkie zewn\u0119trzne elementy wyko\u0144czeniowe, listwy i elementy plastikowe wygl\u0105daj\u0105 w doskona\u0142ej formie i nie ma rdzy, jak mo\u017cna si\u0119 spodziewa\u0107 po poje\u017adzie, kt\u00f3ry by\u0142 zadbany. Nie ma \u017cadnych zadrapa\u0144 ani wgniece\u0144, a lakier jest w idealnym stanie. Co ciekawe, samoch\u00f3d zachowa\u0142 oryginalne felgi i gumy TRX, kt\u00f3re mia\u0142 gdy by\u0142 nowy. Niekt\u00f3rzy w\u0142a\u015bciciele Ferrari 412 zmienili ko\u0142a na bardziej nowoczesne, poniewa\u017c opony TRX s\u0105 trudne do znalezienia, ale w\u0142a\u015bciciel tego egzemplarza pozosta\u0142 wierny oryginalnej specyfikacji, co jest mi\u0142ym akcentem i pokazuje, jak dobrze samoch\u00f3d by\u0142 zadbany.<\/p>\n<p><strong>Dokumentacja<\/strong><\/p>\n<p>Jest to prywatny pojazd z odpowiedni\u0105 dokumentacj\u0105 znajduj\u0105cy si\u0119 w Londynie, w Wielkiej Brytanii. Raport CarVertical jest czysty; nie ma \u017cadnych dowod\u00f3w wypadk\u00f3w, napraw powypadkowych ani problem\u00f3w prawnych. Istniej\u0105 zapisy dotycz\u0105ce regularnych przegl\u0105d\u00f3w.<\/p>\n","protected":false},"excerpt":{"rendered":"<p>V12 GT Ferrari zawsze by\u0142y wysublimowanymi maszynami do jazdy, zdolnymi do przeskakiwania kontynent\u00f3w z du\u017c\u0105 pr\u0119dko\u015bci\u0105 i zapewniaj\u0105cymi imponuj\u0105cy komfort, a ten 412 z 1988 roku nie jest inny. Po\u017c\u0105dany p\u00f3\u017any model posiada wszystkie sk\u0142adniki doskona\u0142ej inwestycji Ferrari z pot\u0119\u017cnym silnikiem V12, doskona\u0142e po\u0142\u0105czenie kolor\u00f3w i nieskazitelny stan z zaledwie 37.000 km od nowego.<\/p>\n","protected":false},"featured_media":37883,"comment_status":"open","ping_status":"closed","template":"","meta":{"inline_featured_image":false},"product_cat":[718],"product_tag":[1551,1556,913,1552],"acf":[],"yoast_head":"<!-- This site is optimized with the Yoast SEO plugin v22.5 - https:\/\/yoast.com\/wordpress\/plugins\/seo\/ -->\n<title>Ferrari 412 auction - Piston Addict<\/title>\n<meta name=\"description\" content=\"Sprawd\u017a to Ferrari 412 na aukcji na PistonAddict.com z automatyczn\u0105 skrzyni\u0105 bieg\u00f3w i przebiegiem zaledwie 36 971 km.\" \/>\n<meta name=\"robots\" content=\"index, follow, max-snippet:-1, max-image-preview:large, max-video-preview:-1\" \/>\n<link rel=\"canonical\" href=\"https:\/\/pistonaddict.com\/pl\/product\/ferrari412\/\" \/>\n<meta property=\"og:locale\" content=\"pl_PL\" \/>\n<meta property=\"og:type\" content=\"article\" \/>\n<meta property=\"og:title\" content=\"Ferrari 412 auction - Piston Addict\" \/>\n<meta property=\"og:description\" content=\"Sprawd\u017a to Ferrari 412 na aukcji na PistonAddict.com z automatyczn\u0105 skrzyni\u0105 bieg\u00f3w i przebiegiem zaledwie 36 971 km.\" \/>\n<meta property=\"og:url\" content=\"https:\/\/pistonaddict.com\/pl\/product\/ferrari412\/\" \/>\n<meta property=\"og:site_name\" content=\"Piston Addict\" \/>\n<meta property=\"article:modified_time\" content=\"2024-03-19T16:52:48+00:00\" \/>\n<meta property=\"og:image\" content=\"https:\/\/pistonaddict.com\/wp-content\/uploads\/2023\/04\/LuxurycarLondonApril11PistonAddict_0358-scaled.jpg\" \/>\n\t<meta property=\"og:image:width\" content=\"2560\" \/>\n\t<meta property=\"og:image:height\" content=\"1737\" \/>\n\t<meta property=\"og:image:type\" content=\"image\/jpeg\" \/>\n<meta name=\"twitter:card\" content=\"summary_large_image\" \/>\n<meta name=\"twitter:label1\" content=\"Szacowany czas czytania\" \/>\n\t<meta name=\"twitter:data1\" content=\"2 minuty\" \/>\n<script type=\"application\/ld+json\" class=\"yoast-schema-graph\">{\"@context\":\"https:\/\/schema.org\",\"@graph\":[{\"@type\":\"WebPage\",\"@id\":\"https:\/\/pistonaddict.com\/pl\/product\/ferrari412\/\",\"url\":\"https:\/\/pistonaddict.com\/pl\/product\/ferrari412\/\",\"name\":\"Ferrari 412 auction - Piston Addict\",\"isPartOf\":{\"@id\":\"https:\/\/pistonaddict.com\/pl\/#website\"},\"primaryImageOfPage\":{\"@id\":\"https:\/\/pistonaddict.com\/pl\/product\/ferrari412\/#primaryimage\"},\"image\":{\"@id\":\"https:\/\/pistonaddict.com\/pl\/product\/ferrari412\/#primaryimage\"},\"thumbnailUrl\":\"https:\/\/pistonaddict.com\/wp-content\/uploads\/2023\/04\/LuxurycarLondonApril11PistonAddict_0358-scaled.jpg\",\"datePublished\":\"2023-04-19T14:55:04+00:00\",\"dateModified\":\"2024-03-19T16:52:48+00:00\",\"description\":\"Sprawd\u017a to Ferrari 412 na aukcji na PistonAddict.com z automatyczn\u0105 skrzyni\u0105 bieg\u00f3w i przebiegiem zaledwie 36 971 km.\",\"breadcrumb\":{\"@id\":\"https:\/\/pistonaddict.com\/pl\/product\/ferrari412\/#breadcrumb\"},\"inLanguage\":\"pl-PL\",\"potentialAction\":[{\"@type\":\"ReadAction\",\"target\":[\"https:\/\/pistonaddict.com\/pl\/product\/ferrari412\/\"]}]},{\"@type\":\"ImageObject\",\"inLanguage\":\"pl-PL\",\"@id\":\"https:\/\/pistonaddict.com\/pl\/product\/ferrari412\/#primaryimage\",\"url\":\"https:\/\/pistonaddict.com\/wp-content\/uploads\/2023\/04\/LuxurycarLondonApril11PistonAddict_0358-scaled.jpg\",\"contentUrl\":\"https:\/\/pistonaddict.com\/wp-content\/uploads\/2023\/04\/LuxurycarLondonApril11PistonAddict_0358-scaled.jpg\",\"width\":2560,\"height\":1737},{\"@type\":\"BreadcrumbList\",\"@id\":\"https:\/\/pistonaddict.com\/pl\/product\/ferrari412\/#breadcrumb\",\"itemListElement\":[{\"@type\":\"ListItem\",\"position\":1,\"name\":\"Strona g\u0142\u00f3wna\",\"item\":\"https:\/\/pistonaddict.com\/pl\/strona-glowna-2\/\"},{\"@type\":\"ListItem\",\"position\":2,\"name\":\"Auctions\",\"item\":\"https:\/\/pistonaddict.com\/auctions-listing\/\"},{\"@type\":\"ListItem\",\"position\":3,\"name\":\"Ferrari 412\"}]},{\"@type\":\"WebSite\",\"@id\":\"https:\/\/pistonaddict.com\/pl\/#website\",\"url\":\"https:\/\/pistonaddict.com\/pl\/\",\"name\":\"Piston Addict\",\"description\":\"Only interesting vehicles\",\"publisher\":{\"@id\":\"https:\/\/pistonaddict.com\/pl\/#organization\"},\"potentialAction\":[{\"@type\":\"SearchAction\",\"target\":{\"@type\":\"EntryPoint\",\"urlTemplate\":\"https:\/\/pistonaddict.com\/pl\/?s={search_term_string}\"},\"query-input\":\"required name=search_term_string\"}],\"inLanguage\":\"pl-PL\"},{\"@type\":\"Organization\",\"@id\":\"https:\/\/pistonaddict.com\/pl\/#organization\",\"name\":\"Piston Addict\",\"url\":\"https:\/\/pistonaddict.com\/pl\/\",\"logo\":{\"@type\":\"ImageObject\",\"inLanguage\":\"pl-PL\",\"@id\":\"https:\/\/pistonaddict.com\/pl\/#\/schema\/logo\/image\/\",\"url\":\"https:\/\/pistonaddict.com\/wp-content\/uploads\/2022\/07\/logo-6.png\",\"contentUrl\":\"https:\/\/pistonaddict.com\/wp-content\/uploads\/2022\/07\/logo-6.png\",\"width\":970,\"height\":200,\"caption\":\"Piston Addict\"},\"image\":{\"@id\":\"https:\/\/pistonaddict.com\/pl\/#\/schema\/logo\/image\/\"}}]}<\/script>\n<!-- \/ Yoast SEO plugin. -->","yoast_head_json":{"title":"Ferrari 412 auction - Piston Addict","description":"Sprawd\u017a to Ferrari 412 na aukcji na PistonAddict.com z automatyczn\u0105 skrzyni\u0105 bieg\u00f3w i przebiegiem zaledwie 36 971 km.","robots":{"index":"index","follow":"follow","max-snippet":"max-snippet:-1","max-image-preview":"max-image-preview:large","max-video-preview":"max-video-preview:-1"},"canonical":"https:\/\/pistonaddict.com\/pl\/product\/ferrari412\/","og_locale":"pl_PL","og_type":"article","og_title":"Ferrari 412 auction - Piston Addict","og_description":"Sprawd\u017a to Ferrari 412 na aukcji na PistonAddict.com z automatyczn\u0105 skrzyni\u0105 bieg\u00f3w i przebiegiem zaledwie 36 971 km.","og_url":"https:\/\/pistonaddict.com\/pl\/product\/ferrari412\/","og_site_name":"Piston Addict","article_modified_time":"2024-03-19T16:52:48+00:00","og_image":[{"width":2560,"height":1737,"url":"https:\/\/pistonaddict.com\/wp-content\/uploads\/2023\/04\/LuxurycarLondonApril11PistonAddict_0358-scaled.jpg","type":"image\/jpeg"}],"twitter_card":"summary_large_image","twitter_misc":{"Szacowany czas czytania":"2 minuty"},"schema":{"@context":"https:\/\/schema.org","@graph":[{"@type":"WebPage","@id":"https:\/\/pistonaddict.com\/pl\/product\/ferrari412\/","url":"https:\/\/pistonaddict.com\/pl\/product\/ferrari412\/","name":"Ferrari 412 auction - Piston Addict","isPartOf":{"@id":"https:\/\/pistonaddict.com\/pl\/#website"},"primaryImageOfPage":{"@id":"https:\/\/pistonaddict.com\/pl\/product\/ferrari412\/#primaryimage"},"image":{"@id":"https:\/\/pistonaddict.com\/pl\/product\/ferrari412\/#primaryimage"},"thumbnailUrl":"https:\/\/pistonaddict.com\/wp-content\/uploads\/2023\/04\/LuxurycarLondonApril11PistonAddict_0358-scaled.jpg","datePublished":"2023-04-19T14:55:04+00:00","dateModified":"2024-03-19T16:52:48+00:00","description":"Sprawd\u017a to Ferrari 412 na aukcji na PistonAddict.com z automatyczn\u0105 skrzyni\u0105 bieg\u00f3w i przebiegiem zaledwie 36 971 km.","breadcrumb":{"@id":"https:\/\/pistonaddict.com\/pl\/product\/ferrari412\/#breadcrumb"},"inLanguage":"pl-PL","potentialAction":[{"@type":"ReadAction","target":["https:\/\/pistonaddict.com\/pl\/product\/ferrari412\/"]}]},{"@type":"ImageObject","inLanguage":"pl-PL","@id":"https:\/\/pistonaddict.com\/pl\/product\/ferrari412\/#primaryimage","url":"https:\/\/pistonaddict.com\/wp-content\/uploads\/2023\/04\/LuxurycarLondonApril11PistonAddict_0358-scaled.jpg","contentUrl":"https:\/\/pistonaddict.com\/wp-content\/uploads\/2023\/04\/LuxurycarLondonApril11PistonAddict_0358-scaled.jpg","width":2560,"height":1737},{"@type":"BreadcrumbList","@id":"https:\/\/pistonaddict.com\/pl\/product\/ferrari412\/#breadcrumb","itemListElement":[{"@type":"ListItem","position":1,"name":"Strona g\u0142\u00f3wna","item":"https:\/\/pistonaddict.com\/pl\/strona-glowna-2\/"},{"@type":"ListItem","position":2,"name":"Auctions","item":"https:\/\/pistonaddict.com\/auctions-listing\/"},{"@type":"ListItem","position":3,"name":"Ferrari 412"}]},{"@type":"WebSite","@id":"https:\/\/pistonaddict.com\/pl\/#website","url":"https:\/\/pistonaddict.com\/pl\/","name":"Piston Addict","description":"Only interesting vehicles","publisher":{"@id":"https:\/\/pistonaddict.com\/pl\/#organization"},"potentialAction":[{"@type":"SearchAction","target":{"@type":"EntryPoint","urlTemplate":"https:\/\/pistonaddict.com\/pl\/?s={search_term_string}"},"query-input":"required name=search_term_string"}],"inLanguage":"pl-PL"},{"@type":"Organization","@id":"https:\/\/pistonaddict.com\/pl\/#organization","name":"Piston Addict","url":"https:\/\/pistonaddict.com\/pl\/","logo":{"@type":"ImageObject","inLanguage":"pl-PL","@id":"https:\/\/pistonaddict.com\/pl\/#\/schema\/logo\/image\/","url":"https:\/\/pistonaddict.com\/wp-content\/uploads\/2022\/07\/logo-6.png","contentUrl":"https:\/\/pistonaddict.com\/wp-content\/uploads\/2022\/07\/logo-6.png","width":970,"height":200,"caption":"Piston Addict"},"image":{"@id":"https:\/\/pistonaddict.com\/pl\/#\/schema\/logo\/image\/"}}]}},"_links":{"self":[{"href":"https:\/\/pistonaddict.com\/pl\/wp-json\/wp\/v2\/product\/37939"}],"collection":[{"href":"https:\/\/pistonaddict.com\/pl\/wp-json\/wp\/v2\/product"}],"about":[{"href":"https:\/\/pistonaddict.com\/pl\/wp-json\/wp\/v2\/types\/product"}],"replies":[{"embeddable":true,"href":"https:\/\/pistonaddict.com\/pl\/wp-json\/wp\/v2\/comments?post=37939"}],"wp:featuredmedia":[{"embeddable":true,"href":"https:\/\/pistonaddict.com\/pl\/wp-json\/wp\/v2\/media\/37883"}],"wp:attachment":[{"href":"https:\/\/pistonaddict.com\/pl\/wp-json\/wp\/v2\/media?parent=37939"}],"wp:term":[{"taxonomy":"product_cat","embeddable":true,"href":"https:\/\/pistonaddict.com\/pl\/wp-json\/wp\/v2\/product_cat?post=37939"},{"taxonomy":"product_tag","embeddable":true,"href":"https:\/\/pistonaddict.com\/pl\/wp-json\/wp\/v2\/product_tag?post=37939"}],"curies":[{"name":"wp","href":"https:\/\/api.w.org\/{rel}","templated":true}]}}