{"id":35658,"date":"2023-04-19T15:45:16","date_gmt":"2023-04-19T13:45:16","guid":{"rendered":"https:\/\/pistonaddict.com\/product\/bmw-m4\/"},"modified":"2024-03-19T17:51:16","modified_gmt":"2024-03-19T16:51:16","slug":"bmw-m4","status":"publish","type":"product","link":"https:\/\/pistonaddict.com\/pl\/product\/bmw-m4\/","title":{"rendered":"BMW M4"},"content":{"rendered":"<p><strong>Historia samochodu<\/strong><\/p>\n<p>M4 z serii F82 by\u0142o du\u017cym krokiem dla BMW, gdy debiutowa\u0142o w 2014 roku. By\u0142 to pierwszy M Product wyposa\u017cony w turbodo\u0142adowany sze\u015bciocylindrowy silnik, elektryczne wspomaganie kierownicy i szerokie zastosowanie w\u0142\u00f3kna w\u0119glowego w konstrukcji samochodu. W efekcie powsta\u0142a fantastyczna maszyna do jazdy o mocy 425 KM w wersji fabrycznej, skomponowanym zawieszeniu i wysublimowanych osi\u0105gach. F82 by\u0142 r\u00f3wnie\u017c pierwszym modelem, w kt\u00f3rym u\u017cyto tabliczki znamionowej M4, kt\u00f3ra by\u0142a oznaczeniem wersji coupe modelu M3. Ten konkretny przyk\u0142ad zosta\u0142 wyprodukowany w 2017 roku i jest bardziej po\u017c\u0105danym i ulepszonym p\u00f3\u017aniejszym modelem. Jednak to co jest najciekawsze w tym samochodzie to jego specyfikacja, stan techniczny i przebieg. Z nieco ponad 2000 mil (3500 km) na zegarze jest praktycznie fabrycznie nowy samoch\u00f3d, co czyni go pojazdem inwestycyjnym. Ale to M4 jest r\u00f3wnie\u017c bogato wyposa\u017cone i gustownie zmodyfikowane, aby zapewni\u0107 wi\u0119cej mocy, lepsze prowadzenie i imponuj\u0105c\u0105 og\u00f3ln\u0105 dynamik\u0119 jazdy. Zosta\u0142 zam\u00f3wiony jako nowy przez klienta VIP BMW, kt\u00f3ry dok\u0142adnie wiedzia\u0142, jak sprecyzowa\u0107 idealne M4.<\/p>\n<p><strong> <\/strong><strong>Stan<\/strong><\/p>\n<p>Minimalny przebieg zapewnia, \u017ce ten M4 jest w doskona\u0142ym stanie, bez \u017cadnych awarii mechanicznych, uszkodze\u0144 powypadkowych i ostatniej us\u0142ugi wykonanej w lutym 2022 roku. Jednak opr\u00f3cz imponuj\u0105cej listy wyposa\u017cenia fabrycznego, ten konkretny pojazd ma zmodyfikowane zawieszenie i siedzi ni\u017cej ni\u017c w fabryce, co zapewnia jeszcze lepsze prowadzenie i odczucia z jazdy. Jednak to dopiero pocz\u0105tek, oryginalny w\u0142a\u015bciciel tego samochodu zainstalowa\u0142 tytanowy uk\u0142ad wydechowy Akrapovi\u010d z karbonowymi ko\u0144c\u00f3wkami wzmacniaj\u0105cymi brzmienie tego s\u0142ynnego silnika straight-six. Poprawa wygl\u0105du zewn\u0119trznego zosta\u0142a uzupe\u0142niona o przedni karbonowy splitter, tylny spojler oraz felgi z rynku wt\u00f3rnego. Co ciekawe, mimo \u017ce 425 KM to ca\u0142kiem sporo, oryginalny w\u0142a\u015bciciel poprawi\u0142 osi\u0105gi i silnik dostarcza teraz 510 KM czyni\u0105c z tego M4 naprawd\u0119 kompetentny samoch\u00f3d. Do wyboru jest 7-biegowa automatyczna skrzynia bieg\u00f3w BMW DCT, kt\u00f3ra jest inteligentnym wyborem \u0142\u0105cz\u0105cym komfort i wydajno\u015b\u0107. Ten pojazd jest wyposa\u017cony w opcjonalne ceramiczne tarcze hamulcowe.<\/p>\n<p><strong>Wn\u0119trze<\/strong><\/p>\n<p>Wn\u0119trze wyko\u0144czone czarn\u0105 sk\u00f3r\u0105 z fotelami specyficznymi dla M i karbonowymi akcentami nie wykazuje \u017cadnych \u015blad\u00f3w u\u017cytkowania. Dzi\u0119ki doskona\u0142ej pozycji siedz\u0105cej, systemowi audio klasy premium oraz s\u0142ynnemu systemowi informacyjnemu BMW iDrive, sp\u0119dzanie czasu w tym M4 b\u0119dzie przyjemno\u015bci\u0105 podczas pokonywania kilometr\u00f3w z niesamowit\u0105 pr\u0119dko\u015bci\u0105. We wn\u0119trzu nie ma \u017cadnych modyfikacji, a lista opcjonalnych dodatk\u00f3w i wyg\u00f3d jest obszerna.<\/p>\n<p><strong>Wygl\u0105d zewn\u0119trzny i ko\u0142a<\/strong><\/p>\n<p>Wyko\u0144czony w uderzaj\u0105cym odcieniu Austin Yellow Metallic, ten M4 ma nieskazitelnie czysty wygl\u0105d zewn\u0119trzny, z wszystkimi elementami wyko\u0144czenia obecnymi i nieoznaczonymi. Karbonowe bity s\u0105 cz\u0119\u015bci\u0105 katalogu M Performance Accessories i pasuj\u0105 idealnie. Godnym uwagi detalem s\u0105 aftermarketowe felgi HRE, kt\u00f3re pasuj\u0105 do nadwozia i s\u0105 l\u017cejsze oraz mocniejsze od element\u00f3w fabrycznych.<\/p>\n<p><strong>Dokumentacja<\/strong><\/p>\n<p>Jest to prywatny pojazd z odpowiedni\u0105 dokumentacj\u0105 znajduj\u0105cy si\u0119 w Londynie, w Wielkiej Brytanii. Raport CarVertical jest czysty; nie ma \u017cadnych dowod\u00f3w wypadk\u00f3w, napraw powypadkowych ani problem\u00f3w prawnych. Istniej\u0105 zapisy dotycz\u0105ce regularnych przegl\u0105d\u00f3w.<\/p>\n","protected":false},"excerpt":{"rendered":"<p>Nie bez powodu BMW M4 jest tak szanowane w\u015br\u00f3d fan\u00f3w samochod\u00f3w wyczynowych. \u017baden inny samoch\u00f3d w swojej klasie nie mo\u017ce zaoferowa\u0107 imponuj\u0105cej dynamiki samochodu sportowego i codziennej u\u017cyteczno\u015bci jak M4 serii F82. Ten konkretny samoch\u00f3d jest idealnym przyk\u0142adem, lekko zmodyfikowany, aby jazda by\u0142a jeszcze lepsza, z minimalnym przebiegiem, zadbany i gotowy na kolejnego w\u0142a\u015bciciela.<\/p>\n","protected":false},"featured_media":35436,"comment_status":"open","ping_status":"closed","template":"","meta":{"inline_featured_image":false},"product_cat":[718],"product_tag":[1454,913,1452,1453],"acf":[],"yoast_head":"<!-- This site is optimized with the Yoast SEO plugin v22.5 - https:\/\/yoast.com\/wordpress\/plugins\/seo\/ -->\n<title>BMW M4 auction - Piston Addict<\/title>\n<meta name=\"description\" content=\"Sprawd\u017a to BMW M4 na aukcji na PistonAddict.com z automatyczn\u0105 skrzyni\u0105 bieg\u00f3w i tylko 2053 milami.\" \/>\n<meta name=\"robots\" content=\"index, follow, max-snippet:-1, max-image-preview:large, max-video-preview:-1\" \/>\n<link rel=\"canonical\" href=\"https:\/\/pistonaddict.com\/pl\/product\/bmw-m4\/\" \/>\n<meta property=\"og:locale\" content=\"pl_PL\" \/>\n<meta property=\"og:type\" content=\"article\" \/>\n<meta property=\"og:title\" content=\"BMW M4 auction - Piston Addict\" \/>\n<meta property=\"og:description\" content=\"Sprawd\u017a to BMW M4 na aukcji na PistonAddict.com z automatyczn\u0105 skrzyni\u0105 bieg\u00f3w i tylko 2053 milami.\" \/>\n<meta property=\"og:url\" content=\"https:\/\/pistonaddict.com\/pl\/product\/bmw-m4\/\" \/>\n<meta property=\"og:site_name\" content=\"Piston Addict\" \/>\n<meta property=\"article:modified_time\" content=\"2024-03-19T16:51:16+00:00\" \/>\n<meta property=\"og:image\" content=\"https:\/\/pistonaddict.com\/wp-content\/uploads\/2023\/04\/LuxurycarLondonApril11PistonAddict_0647-scaled.jpg\" \/>\n\t<meta property=\"og:image:width\" content=\"2560\" \/>\n\t<meta property=\"og:image:height\" content=\"1708\" \/>\n\t<meta property=\"og:image:type\" content=\"image\/jpeg\" \/>\n<meta name=\"twitter:card\" content=\"summary_large_image\" \/>\n<meta name=\"twitter:label1\" content=\"Szacowany czas czytania\" \/>\n\t<meta name=\"twitter:data1\" content=\"3 minuty\" \/>\n<script type=\"application\/ld+json\" class=\"yoast-schema-graph\">{\"@context\":\"https:\/\/schema.org\",\"@graph\":[{\"@type\":\"WebPage\",\"@id\":\"https:\/\/pistonaddict.com\/pl\/product\/bmw-m4\/\",\"url\":\"https:\/\/pistonaddict.com\/pl\/product\/bmw-m4\/\",\"name\":\"BMW M4 auction - Piston Addict\",\"isPartOf\":{\"@id\":\"https:\/\/pistonaddict.com\/pl\/#website\"},\"primaryImageOfPage\":{\"@id\":\"https:\/\/pistonaddict.com\/pl\/product\/bmw-m4\/#primaryimage\"},\"image\":{\"@id\":\"https:\/\/pistonaddict.com\/pl\/product\/bmw-m4\/#primaryimage\"},\"thumbnailUrl\":\"https:\/\/pistonaddict.com\/wp-content\/uploads\/2023\/04\/LuxurycarLondonApril11PistonAddict_0647-scaled.jpg\",\"datePublished\":\"2023-04-19T13:45:16+00:00\",\"dateModified\":\"2024-03-19T16:51:16+00:00\",\"description\":\"Sprawd\u017a to BMW M4 na aukcji na PistonAddict.com z automatyczn\u0105 skrzyni\u0105 bieg\u00f3w i tylko 2053 milami.\",\"breadcrumb\":{\"@id\":\"https:\/\/pistonaddict.com\/pl\/product\/bmw-m4\/#breadcrumb\"},\"inLanguage\":\"pl-PL\",\"potentialAction\":[{\"@type\":\"ReadAction\",\"target\":[\"https:\/\/pistonaddict.com\/pl\/product\/bmw-m4\/\"]}]},{\"@type\":\"ImageObject\",\"inLanguage\":\"pl-PL\",\"@id\":\"https:\/\/pistonaddict.com\/pl\/product\/bmw-m4\/#primaryimage\",\"url\":\"https:\/\/pistonaddict.com\/wp-content\/uploads\/2023\/04\/LuxurycarLondonApril11PistonAddict_0647-scaled.jpg\",\"contentUrl\":\"https:\/\/pistonaddict.com\/wp-content\/uploads\/2023\/04\/LuxurycarLondonApril11PistonAddict_0647-scaled.jpg\",\"width\":2560,\"height\":1708},{\"@type\":\"BreadcrumbList\",\"@id\":\"https:\/\/pistonaddict.com\/pl\/product\/bmw-m4\/#breadcrumb\",\"itemListElement\":[{\"@type\":\"ListItem\",\"position\":1,\"name\":\"Strona g\u0142\u00f3wna\",\"item\":\"https:\/\/pistonaddict.com\/pl\/strona-glowna-2\/\"},{\"@type\":\"ListItem\",\"position\":2,\"name\":\"Auctions\",\"item\":\"https:\/\/pistonaddict.com\/auctions-listing\/\"},{\"@type\":\"ListItem\",\"position\":3,\"name\":\"BMW M4\"}]},{\"@type\":\"WebSite\",\"@id\":\"https:\/\/pistonaddict.com\/pl\/#website\",\"url\":\"https:\/\/pistonaddict.com\/pl\/\",\"name\":\"Piston Addict\",\"description\":\"Only interesting vehicles\",\"publisher\":{\"@id\":\"https:\/\/pistonaddict.com\/pl\/#organization\"},\"potentialAction\":[{\"@type\":\"SearchAction\",\"target\":{\"@type\":\"EntryPoint\",\"urlTemplate\":\"https:\/\/pistonaddict.com\/pl\/?s={search_term_string}\"},\"query-input\":\"required name=search_term_string\"}],\"inLanguage\":\"pl-PL\"},{\"@type\":\"Organization\",\"@id\":\"https:\/\/pistonaddict.com\/pl\/#organization\",\"name\":\"Piston Addict\",\"url\":\"https:\/\/pistonaddict.com\/pl\/\",\"logo\":{\"@type\":\"ImageObject\",\"inLanguage\":\"pl-PL\",\"@id\":\"https:\/\/pistonaddict.com\/pl\/#\/schema\/logo\/image\/\",\"url\":\"https:\/\/pistonaddict.com\/wp-content\/uploads\/2022\/07\/logo-6.png\",\"contentUrl\":\"https:\/\/pistonaddict.com\/wp-content\/uploads\/2022\/07\/logo-6.png\",\"width\":970,\"height\":200,\"caption\":\"Piston Addict\"},\"image\":{\"@id\":\"https:\/\/pistonaddict.com\/pl\/#\/schema\/logo\/image\/\"}}]}<\/script>\n<!-- \/ Yoast SEO plugin. -->","yoast_head_json":{"title":"BMW M4 auction - Piston Addict","description":"Sprawd\u017a to BMW M4 na aukcji na PistonAddict.com z automatyczn\u0105 skrzyni\u0105 bieg\u00f3w i tylko 2053 milami.","robots":{"index":"index","follow":"follow","max-snippet":"max-snippet:-1","max-image-preview":"max-image-preview:large","max-video-preview":"max-video-preview:-1"},"canonical":"https:\/\/pistonaddict.com\/pl\/product\/bmw-m4\/","og_locale":"pl_PL","og_type":"article","og_title":"BMW M4 auction - Piston Addict","og_description":"Sprawd\u017a to BMW M4 na aukcji na PistonAddict.com z automatyczn\u0105 skrzyni\u0105 bieg\u00f3w i tylko 2053 milami.","og_url":"https:\/\/pistonaddict.com\/pl\/product\/bmw-m4\/","og_site_name":"Piston Addict","article_modified_time":"2024-03-19T16:51:16+00:00","og_image":[{"width":2560,"height":1708,"url":"https:\/\/pistonaddict.com\/wp-content\/uploads\/2023\/04\/LuxurycarLondonApril11PistonAddict_0647-scaled.jpg","type":"image\/jpeg"}],"twitter_card":"summary_large_image","twitter_misc":{"Szacowany czas czytania":"3 minuty"},"schema":{"@context":"https:\/\/schema.org","@graph":[{"@type":"WebPage","@id":"https:\/\/pistonaddict.com\/pl\/product\/bmw-m4\/","url":"https:\/\/pistonaddict.com\/pl\/product\/bmw-m4\/","name":"BMW M4 auction - Piston Addict","isPartOf":{"@id":"https:\/\/pistonaddict.com\/pl\/#website"},"primaryImageOfPage":{"@id":"https:\/\/pistonaddict.com\/pl\/product\/bmw-m4\/#primaryimage"},"image":{"@id":"https:\/\/pistonaddict.com\/pl\/product\/bmw-m4\/#primaryimage"},"thumbnailUrl":"https:\/\/pistonaddict.com\/wp-content\/uploads\/2023\/04\/LuxurycarLondonApril11PistonAddict_0647-scaled.jpg","datePublished":"2023-04-19T13:45:16+00:00","dateModified":"2024-03-19T16:51:16+00:00","description":"Sprawd\u017a to BMW M4 na aukcji na PistonAddict.com z automatyczn\u0105 skrzyni\u0105 bieg\u00f3w i tylko 2053 milami.","breadcrumb":{"@id":"https:\/\/pistonaddict.com\/pl\/product\/bmw-m4\/#breadcrumb"},"inLanguage":"pl-PL","potentialAction":[{"@type":"ReadAction","target":["https:\/\/pistonaddict.com\/pl\/product\/bmw-m4\/"]}]},{"@type":"ImageObject","inLanguage":"pl-PL","@id":"https:\/\/pistonaddict.com\/pl\/product\/bmw-m4\/#primaryimage","url":"https:\/\/pistonaddict.com\/wp-content\/uploads\/2023\/04\/LuxurycarLondonApril11PistonAddict_0647-scaled.jpg","contentUrl":"https:\/\/pistonaddict.com\/wp-content\/uploads\/2023\/04\/LuxurycarLondonApril11PistonAddict_0647-scaled.jpg","width":2560,"height":1708},{"@type":"BreadcrumbList","@id":"https:\/\/pistonaddict.com\/pl\/product\/bmw-m4\/#breadcrumb","itemListElement":[{"@type":"ListItem","position":1,"name":"Strona g\u0142\u00f3wna","item":"https:\/\/pistonaddict.com\/pl\/strona-glowna-2\/"},{"@type":"ListItem","position":2,"name":"Auctions","item":"https:\/\/pistonaddict.com\/auctions-listing\/"},{"@type":"ListItem","position":3,"name":"BMW M4"}]},{"@type":"WebSite","@id":"https:\/\/pistonaddict.com\/pl\/#website","url":"https:\/\/pistonaddict.com\/pl\/","name":"Piston Addict","description":"Only interesting vehicles","publisher":{"@id":"https:\/\/pistonaddict.com\/pl\/#organization"},"potentialAction":[{"@type":"SearchAction","target":{"@type":"EntryPoint","urlTemplate":"https:\/\/pistonaddict.com\/pl\/?s={search_term_string}"},"query-input":"required name=search_term_string"}],"inLanguage":"pl-PL"},{"@type":"Organization","@id":"https:\/\/pistonaddict.com\/pl\/#organization","name":"Piston Addict","url":"https:\/\/pistonaddict.com\/pl\/","logo":{"@type":"ImageObject","inLanguage":"pl-PL","@id":"https:\/\/pistonaddict.com\/pl\/#\/schema\/logo\/image\/","url":"https:\/\/pistonaddict.com\/wp-content\/uploads\/2022\/07\/logo-6.png","contentUrl":"https:\/\/pistonaddict.com\/wp-content\/uploads\/2022\/07\/logo-6.png","width":970,"height":200,"caption":"Piston Addict"},"image":{"@id":"https:\/\/pistonaddict.com\/pl\/#\/schema\/logo\/image\/"}}]}},"_links":{"self":[{"href":"https:\/\/pistonaddict.com\/pl\/wp-json\/wp\/v2\/product\/35658"}],"collection":[{"href":"https:\/\/pistonaddict.com\/pl\/wp-json\/wp\/v2\/product"}],"about":[{"href":"https:\/\/pistonaddict.com\/pl\/wp-json\/wp\/v2\/types\/product"}],"replies":[{"embeddable":true,"href":"https:\/\/pistonaddict.com\/pl\/wp-json\/wp\/v2\/comments?post=35658"}],"wp:featuredmedia":[{"embeddable":true,"href":"https:\/\/pistonaddict.com\/pl\/wp-json\/wp\/v2\/media\/35436"}],"wp:attachment":[{"href":"https:\/\/pistonaddict.com\/pl\/wp-json\/wp\/v2\/media?parent=35658"}],"wp:term":[{"taxonomy":"product_cat","embeddable":true,"href":"https:\/\/pistonaddict.com\/pl\/wp-json\/wp\/v2\/product_cat?post=35658"},{"taxonomy":"product_tag","embeddable":true,"href":"https:\/\/pistonaddict.com\/pl\/wp-json\/wp\/v2\/product_tag?post=35658"}],"curies":[{"name":"wp","href":"https:\/\/api.w.org\/{rel}","templated":true}]}}