{"id":34589,"date":"2023-04-19T15:06:28","date_gmt":"2023-04-19T13:06:28","guid":{"rendered":"https:\/\/pistonaddict.com\/product\/bentley-flying-spur\/"},"modified":"2024-03-19T17:50:34","modified_gmt":"2024-03-19T16:50:34","slug":"bentley-flying-spur","status":"publish","type":"product","link":"https:\/\/pistonaddict.com\/pl\/product\/bentley-flying-spur\/","title":{"rendered":"Bentley Flying Spur"},"content":{"rendered":"<p><strong>Historia samochodu<\/strong><\/p>\n<p>Ten Flying Spur jest jednym z pierwszych takich samochod\u00f3w dostarczonych pod koniec 2020 roku znanym klientom VIP Bentleya. Jest to samoch\u00f3d jednego w\u0142a\u015bciciela, a jego przebieg to zaledwie 8359 km. Ten Flying Spur, wyko\u0144czony w po\u017c\u0105danym kolorze zielonym z dopasowan\u0105 br\u0105zow\u0105 sk\u00f3r\u0105, korzysta z pakietu wyko\u0144czeniowego Black-out i jest modelem First Edition. W \u015bwiecie Bentleya modele First Edition s\u0105 zawsze najbardziej po\u017c\u0105dane ze wzgl\u0119du na specyficzny i unikalny wyb\u00f3r kolor\u00f3w, drobne detale i wyposa\u017cenie, kt\u00f3re cz\u0119sto jest opcjonalnym dodatkiem do samochod\u00f3w o standardowej specyfikacji.<\/p>\n<p><strong>Stan samochodu<\/strong><\/p>\n<p>Jako jeden z najwy\u017cej wyposa\u017conych Bentley\u00f3w Flying Spurs, oryginalny i obecny w\u0142a\u015bciciel nie tylko zakupi\u0142 pakiet First Edition, ale r\u00f3wnie\u017c doda\u0142 liczne funkcje i wyposa\u017cenie do i tak ju\u017c imponuj\u0105cej specyfikacji. Opcjonalny 6,0-litrowy silnik W12 dostarcza 626 KM i potrafi rozp\u0119dzi\u0107 tego superluksusowego sedana do imponuj\u0105cego sprintu od 0 do 100 km\/h w 3,5 sekundy. Jeszcze bardziej fascynuj\u0105ca jest pr\u0119dko\u015b\u0107 maksymalna, a je\u015bli znajdziesz si\u0119 na pozbawionym ogranicze\u0144 odcinku Autobahn, mo\u017cesz osi\u0105gn\u0105\u0107 333 km\/h! Jeste\u015bmy pewni, \u017ce nawet przy takiej pr\u0119dko\u015bci ten Flying Spur b\u0119dzie stabilny i komfortowy.<\/p>\n<p><strong>Wygl\u0105d zewn\u0119trzny i ko\u0142a<\/strong><\/p>\n<p>Ze wzgl\u0119du na skrupulatne utrzymanie, klimatyczny gara\u017c i niskie mile, ten Flying Spur jest sprzedawany z doskona\u0142ej farby stanu, bez uszkodze\u0144 na zewn\u0105trz (lub wewn\u0105trz), a z oryginalnych k\u00f3\u0142. Jednym z ma\u0142ych, ale ciekawych detali jest czarny dach, kt\u00f3ry doskonale wsp\u00f3\u0142gra z czarnymi listwami nadwozia i jeszcze bardziej podkre\u015bla sportowy charakter tego eleganckiego sedana.<\/p>\n<p><strong>Wn\u0119trze<\/strong><\/p>\n<p>Jedn\u0105 z najbardziej fascynuj\u0105cych cz\u0119\u015bci tego samochodu jest wn\u0119trze. Zaprojektowany jako idealne po\u0142\u0105czenie nowoczesnej technologii i klasycznego podej\u015bcia do luksusu, ten Flying Spur jest pokryty po\u017c\u0105dan\u0105 sk\u00f3r\u0105 tan z kontrastuj\u0105cymi wstawkami z zielonej sk\u00f3ry i drewna. Wype\u0142nione wszelkiego rodzaju creature comforts, folia ochronna mo\u017cna znale\u017a\u0107 na niekt\u00f3rych chromowanych element\u00f3w wyko\u0144czeniowych, co pokazuje, \u017ce ten samoch\u00f3d by\u0142 ledwo u\u017cywany.<\/p>\n<p><strong>Dokumentacja<\/strong><\/p>\n<p>Jest to prywatny pojazd z odpowiedni\u0105 dokumentacj\u0105 znajduj\u0105cy si\u0119 w Londynie, w Wielkiej Brytanii. Raport CarVertical jest czysty; nie ma \u017cadnych dowod\u00f3w wypadk\u00f3w, napraw powypadkowych ani problem\u00f3w prawnych. Istniej\u0105 zapisy dotycz\u0105ce regularnych przegl\u0105d\u00f3w.<\/p>\n","protected":false},"excerpt":{"rendered":"<p>Podobnie jak wielu konkurent\u00f3w, Bentley w najbli\u017cszej przysz\u0142o\u015bci zwraca si\u0119 ku modelom EV. Oznacza to, \u017ce mo\u017ce to by\u0107 ostatnia szansa na nabycie majestatycznego, nap\u0119dzanego silnikiem spalinowym luksusowego samochodu, takiego jak ten Flying Spur, w bardzo po\u017c\u0105danej specyfikacji i w stanie jak nowy. Nap\u0119dzany przez charakterystyczny silnik W12, jest to wyj\u0105tkowy przyk\u0142ad idealny dla wymagaj\u0105cych koneser\u00f3w Bentleya.<\/p>\n","protected":false},"featured_media":34091,"comment_status":"open","ping_status":"closed","template":"","meta":{"inline_featured_image":false},"product_cat":[718],"product_tag":[1332,913,1322,1327],"acf":[],"yoast_head":"<!-- This site is optimized with the Yoast SEO plugin v22.5 - https:\/\/yoast.com\/wordpress\/plugins\/seo\/ -->\n<title>Bentley Flying Spur auction - Piston Addict<\/title>\n<meta name=\"description\" content=\"Sprawd\u017a tego Bentleya Flying Spur na aukcji na PistonAddict.com z automatyczn\u0105 skrzyni\u0105 bieg\u00f3w i przebiegiem zaledwie 8359 km.\" \/>\n<meta name=\"robots\" content=\"index, follow, max-snippet:-1, max-image-preview:large, max-video-preview:-1\" \/>\n<link rel=\"canonical\" href=\"https:\/\/pistonaddict.com\/pl\/product\/bentley-flying-spur\/\" \/>\n<meta property=\"og:locale\" content=\"pl_PL\" \/>\n<meta property=\"og:type\" content=\"article\" \/>\n<meta property=\"og:title\" content=\"Bentley Flying Spur auction - Piston Addict\" \/>\n<meta property=\"og:description\" content=\"Sprawd\u017a tego Bentleya Flying Spur na aukcji na PistonAddict.com z automatyczn\u0105 skrzyni\u0105 bieg\u00f3w i przebiegiem zaledwie 8359 km.\" \/>\n<meta property=\"og:url\" content=\"https:\/\/pistonaddict.com\/pl\/product\/bentley-flying-spur\/\" \/>\n<meta property=\"og:site_name\" content=\"Piston Addict\" \/>\n<meta property=\"article:modified_time\" content=\"2024-03-19T16:50:34+00:00\" \/>\n<meta property=\"og:image\" content=\"https:\/\/pistonaddict.com\/wp-content\/uploads\/2023\/04\/LuxurycarLondonApril11PistonAddict_0433-scaled.jpg\" \/>\n\t<meta property=\"og:image:width\" content=\"2560\" \/>\n\t<meta property=\"og:image:height\" content=\"1505\" \/>\n\t<meta property=\"og:image:type\" content=\"image\/jpeg\" \/>\n<meta name=\"twitter:card\" content=\"summary_large_image\" \/>\n<meta name=\"twitter:label1\" content=\"Szacowany czas czytania\" \/>\n\t<meta name=\"twitter:data1\" content=\"2 minuty\" \/>\n<script type=\"application\/ld+json\" class=\"yoast-schema-graph\">{\"@context\":\"https:\/\/schema.org\",\"@graph\":[{\"@type\":\"WebPage\",\"@id\":\"https:\/\/pistonaddict.com\/pl\/product\/bentley-flying-spur\/\",\"url\":\"https:\/\/pistonaddict.com\/pl\/product\/bentley-flying-spur\/\",\"name\":\"Bentley Flying Spur auction - Piston Addict\",\"isPartOf\":{\"@id\":\"https:\/\/pistonaddict.com\/pl\/#website\"},\"primaryImageOfPage\":{\"@id\":\"https:\/\/pistonaddict.com\/pl\/product\/bentley-flying-spur\/#primaryimage\"},\"image\":{\"@id\":\"https:\/\/pistonaddict.com\/pl\/product\/bentley-flying-spur\/#primaryimage\"},\"thumbnailUrl\":\"https:\/\/pistonaddict.com\/wp-content\/uploads\/2023\/04\/LuxurycarLondonApril11PistonAddict_0433-scaled.jpg\",\"datePublished\":\"2023-04-19T13:06:28+00:00\",\"dateModified\":\"2024-03-19T16:50:34+00:00\",\"description\":\"Sprawd\u017a tego Bentleya Flying Spur na aukcji na PistonAddict.com z automatyczn\u0105 skrzyni\u0105 bieg\u00f3w i przebiegiem zaledwie 8359 km.\",\"breadcrumb\":{\"@id\":\"https:\/\/pistonaddict.com\/pl\/product\/bentley-flying-spur\/#breadcrumb\"},\"inLanguage\":\"pl-PL\",\"potentialAction\":[{\"@type\":\"ReadAction\",\"target\":[\"https:\/\/pistonaddict.com\/pl\/product\/bentley-flying-spur\/\"]}]},{\"@type\":\"ImageObject\",\"inLanguage\":\"pl-PL\",\"@id\":\"https:\/\/pistonaddict.com\/pl\/product\/bentley-flying-spur\/#primaryimage\",\"url\":\"https:\/\/pistonaddict.com\/wp-content\/uploads\/2023\/04\/LuxurycarLondonApril11PistonAddict_0433-scaled.jpg\",\"contentUrl\":\"https:\/\/pistonaddict.com\/wp-content\/uploads\/2023\/04\/LuxurycarLondonApril11PistonAddict_0433-scaled.jpg\",\"width\":2560,\"height\":1505},{\"@type\":\"BreadcrumbList\",\"@id\":\"https:\/\/pistonaddict.com\/pl\/product\/bentley-flying-spur\/#breadcrumb\",\"itemListElement\":[{\"@type\":\"ListItem\",\"position\":1,\"name\":\"Strona g\u0142\u00f3wna\",\"item\":\"https:\/\/pistonaddict.com\/pl\/strona-glowna-2\/\"},{\"@type\":\"ListItem\",\"position\":2,\"name\":\"Auctions\",\"item\":\"https:\/\/pistonaddict.com\/auctions-listing\/\"},{\"@type\":\"ListItem\",\"position\":3,\"name\":\"Bentley Flying Spur\"}]},{\"@type\":\"WebSite\",\"@id\":\"https:\/\/pistonaddict.com\/pl\/#website\",\"url\":\"https:\/\/pistonaddict.com\/pl\/\",\"name\":\"Piston Addict\",\"description\":\"Only interesting vehicles\",\"publisher\":{\"@id\":\"https:\/\/pistonaddict.com\/pl\/#organization\"},\"potentialAction\":[{\"@type\":\"SearchAction\",\"target\":{\"@type\":\"EntryPoint\",\"urlTemplate\":\"https:\/\/pistonaddict.com\/pl\/?s={search_term_string}\"},\"query-input\":\"required name=search_term_string\"}],\"inLanguage\":\"pl-PL\"},{\"@type\":\"Organization\",\"@id\":\"https:\/\/pistonaddict.com\/pl\/#organization\",\"name\":\"Piston Addict\",\"url\":\"https:\/\/pistonaddict.com\/pl\/\",\"logo\":{\"@type\":\"ImageObject\",\"inLanguage\":\"pl-PL\",\"@id\":\"https:\/\/pistonaddict.com\/pl\/#\/schema\/logo\/image\/\",\"url\":\"https:\/\/pistonaddict.com\/wp-content\/uploads\/2022\/07\/logo-6.png\",\"contentUrl\":\"https:\/\/pistonaddict.com\/wp-content\/uploads\/2022\/07\/logo-6.png\",\"width\":970,\"height\":200,\"caption\":\"Piston Addict\"},\"image\":{\"@id\":\"https:\/\/pistonaddict.com\/pl\/#\/schema\/logo\/image\/\"}}]}<\/script>\n<!-- \/ Yoast SEO plugin. -->","yoast_head_json":{"title":"Bentley Flying Spur auction - Piston Addict","description":"Sprawd\u017a tego Bentleya Flying Spur na aukcji na PistonAddict.com z automatyczn\u0105 skrzyni\u0105 bieg\u00f3w i przebiegiem zaledwie 8359 km.","robots":{"index":"index","follow":"follow","max-snippet":"max-snippet:-1","max-image-preview":"max-image-preview:large","max-video-preview":"max-video-preview:-1"},"canonical":"https:\/\/pistonaddict.com\/pl\/product\/bentley-flying-spur\/","og_locale":"pl_PL","og_type":"article","og_title":"Bentley Flying Spur auction - Piston Addict","og_description":"Sprawd\u017a tego Bentleya Flying Spur na aukcji na PistonAddict.com z automatyczn\u0105 skrzyni\u0105 bieg\u00f3w i przebiegiem zaledwie 8359 km.","og_url":"https:\/\/pistonaddict.com\/pl\/product\/bentley-flying-spur\/","og_site_name":"Piston Addict","article_modified_time":"2024-03-19T16:50:34+00:00","og_image":[{"width":2560,"height":1505,"url":"https:\/\/pistonaddict.com\/wp-content\/uploads\/2023\/04\/LuxurycarLondonApril11PistonAddict_0433-scaled.jpg","type":"image\/jpeg"}],"twitter_card":"summary_large_image","twitter_misc":{"Szacowany czas czytania":"2 minuty"},"schema":{"@context":"https:\/\/schema.org","@graph":[{"@type":"WebPage","@id":"https:\/\/pistonaddict.com\/pl\/product\/bentley-flying-spur\/","url":"https:\/\/pistonaddict.com\/pl\/product\/bentley-flying-spur\/","name":"Bentley Flying Spur auction - Piston Addict","isPartOf":{"@id":"https:\/\/pistonaddict.com\/pl\/#website"},"primaryImageOfPage":{"@id":"https:\/\/pistonaddict.com\/pl\/product\/bentley-flying-spur\/#primaryimage"},"image":{"@id":"https:\/\/pistonaddict.com\/pl\/product\/bentley-flying-spur\/#primaryimage"},"thumbnailUrl":"https:\/\/pistonaddict.com\/wp-content\/uploads\/2023\/04\/LuxurycarLondonApril11PistonAddict_0433-scaled.jpg","datePublished":"2023-04-19T13:06:28+00:00","dateModified":"2024-03-19T16:50:34+00:00","description":"Sprawd\u017a tego Bentleya Flying Spur na aukcji na PistonAddict.com z automatyczn\u0105 skrzyni\u0105 bieg\u00f3w i przebiegiem zaledwie 8359 km.","breadcrumb":{"@id":"https:\/\/pistonaddict.com\/pl\/product\/bentley-flying-spur\/#breadcrumb"},"inLanguage":"pl-PL","potentialAction":[{"@type":"ReadAction","target":["https:\/\/pistonaddict.com\/pl\/product\/bentley-flying-spur\/"]}]},{"@type":"ImageObject","inLanguage":"pl-PL","@id":"https:\/\/pistonaddict.com\/pl\/product\/bentley-flying-spur\/#primaryimage","url":"https:\/\/pistonaddict.com\/wp-content\/uploads\/2023\/04\/LuxurycarLondonApril11PistonAddict_0433-scaled.jpg","contentUrl":"https:\/\/pistonaddict.com\/wp-content\/uploads\/2023\/04\/LuxurycarLondonApril11PistonAddict_0433-scaled.jpg","width":2560,"height":1505},{"@type":"BreadcrumbList","@id":"https:\/\/pistonaddict.com\/pl\/product\/bentley-flying-spur\/#breadcrumb","itemListElement":[{"@type":"ListItem","position":1,"name":"Strona g\u0142\u00f3wna","item":"https:\/\/pistonaddict.com\/pl\/strona-glowna-2\/"},{"@type":"ListItem","position":2,"name":"Auctions","item":"https:\/\/pistonaddict.com\/auctions-listing\/"},{"@type":"ListItem","position":3,"name":"Bentley Flying Spur"}]},{"@type":"WebSite","@id":"https:\/\/pistonaddict.com\/pl\/#website","url":"https:\/\/pistonaddict.com\/pl\/","name":"Piston Addict","description":"Only interesting vehicles","publisher":{"@id":"https:\/\/pistonaddict.com\/pl\/#organization"},"potentialAction":[{"@type":"SearchAction","target":{"@type":"EntryPoint","urlTemplate":"https:\/\/pistonaddict.com\/pl\/?s={search_term_string}"},"query-input":"required name=search_term_string"}],"inLanguage":"pl-PL"},{"@type":"Organization","@id":"https:\/\/pistonaddict.com\/pl\/#organization","name":"Piston Addict","url":"https:\/\/pistonaddict.com\/pl\/","logo":{"@type":"ImageObject","inLanguage":"pl-PL","@id":"https:\/\/pistonaddict.com\/pl\/#\/schema\/logo\/image\/","url":"https:\/\/pistonaddict.com\/wp-content\/uploads\/2022\/07\/logo-6.png","contentUrl":"https:\/\/pistonaddict.com\/wp-content\/uploads\/2022\/07\/logo-6.png","width":970,"height":200,"caption":"Piston Addict"},"image":{"@id":"https:\/\/pistonaddict.com\/pl\/#\/schema\/logo\/image\/"}}]}},"_links":{"self":[{"href":"https:\/\/pistonaddict.com\/pl\/wp-json\/wp\/v2\/product\/34589"}],"collection":[{"href":"https:\/\/pistonaddict.com\/pl\/wp-json\/wp\/v2\/product"}],"about":[{"href":"https:\/\/pistonaddict.com\/pl\/wp-json\/wp\/v2\/types\/product"}],"replies":[{"embeddable":true,"href":"https:\/\/pistonaddict.com\/pl\/wp-json\/wp\/v2\/comments?post=34589"}],"wp:featuredmedia":[{"embeddable":true,"href":"https:\/\/pistonaddict.com\/pl\/wp-json\/wp\/v2\/media\/34091"}],"wp:attachment":[{"href":"https:\/\/pistonaddict.com\/pl\/wp-json\/wp\/v2\/media?parent=34589"}],"wp:term":[{"taxonomy":"product_cat","embeddable":true,"href":"https:\/\/pistonaddict.com\/pl\/wp-json\/wp\/v2\/product_cat?post=34589"},{"taxonomy":"product_tag","embeddable":true,"href":"https:\/\/pistonaddict.com\/pl\/wp-json\/wp\/v2\/product_tag?post=34589"}],"curies":[{"name":"wp","href":"https:\/\/api.w.org\/{rel}","templated":true}]}}