{"id":33355,"date":"2023-04-19T09:41:30","date_gmt":"2023-04-19T07:41:30","guid":{"rendered":"https:\/\/pistonaddict.com\/product\/jensen-interceptor\/"},"modified":"2024-03-19T17:48:23","modified_gmt":"2024-03-19T16:48:23","slug":"jensen-interceptor","status":"publish","type":"product","link":"https:\/\/pistonaddict.com\/pl\/product\/jensen-interceptor\/","title":{"rendered":"Jensen Interceptor R Mk3"},"content":{"rendered":"<p><strong>Historia samochodu<\/strong><\/p>\n<p>Ten konkretny Jensen Interceptor zosta\u0142 dostarczony do oryginalnego w\u0142a\u015bciciela w marcu 1972 roku. By\u0142 nap\u0119dzany przez masywny silnik 440 CID Chrysler V8 pompuj\u0105cy tylko 280 KM z powodu zaostrzenia norm emisji w tamtych czasach. Modele Mk3 (wprowadzone w 1971 roku) by\u0142y znane z pluszowego wn\u0119trza, d\u0142ugiej listy wyposa\u017cenia standardowego i p\u0142ynnej dynamiki jazdy. Jednak\u017ce, jako \u017ce wi\u0119kszo\u015b\u0107 Interceptor\u00f3w kontynuowa\u0142a swoje \u017cycie jako cz\u0119\u015b\u0107 kolekcji klasycznych samochod\u00f3w, ten egzemplarz przeszed\u0142 gruntown\u0105 metamorfoz\u0119, otrzyma\u0142 nowe \u017cycie i pot\u0119\u017cn\u0105 modernizacj\u0119 mocy. Przekszta\u0142caj\u0105c go z kr\u0105\u017cownika z lat 70. w maszyn\u0119 mi\u0119\u015bniow\u0105 XXI wieku, gotow\u0105 zaskoczy\u0107 w\u0142a\u015bcicieli Porsche na autostradzie. Brytyjska firma JIR dokona\u0142a ca\u0142kowitej transformacji zachowuj\u0105c oryginalne linie, ale szeroko modernizuj\u0105c mechanik\u0119.<\/p>\n<p><strong>Stan samochodu<\/strong><\/p>\n<p>Z mniej ni\u017c 10.000 mil od ca\u0142kowicie przebudowany, to Jensen Interceptor R jest w doskona\u0142ym stanie w ca\u0142ym. Poniewa\u017c jest to doskona\u0142y przyk\u0142ad udanego restomodu, specyfikacja jest szczeg\u00f3lnie interesuj\u0105ca. Koszt budowy tego samochodu przekroczy\u0142 200 000 funt\u00f3w, wi\u0119c lista modyfikacji, niestandardowych komponent\u00f3w i unikalnych cz\u0119\u015bci jest obszerna. Ten dok\u0142adny Interceptor R jest powszechnie uwa\u017cany za najbardziej rozwini\u0119tego Jensena na \u015bwiecie. Pod mask\u0105 znajduje si\u0119 6,2-litrowe V8 z Corvette ZR1, kt\u00f3re dostarcza ponad 600 KM i wysy\u0142a moc na tylne ko\u0142a poprzez 6-biegow\u0105 automatyczn\u0105 skrzyni\u0119 bieg\u00f3w. Taka moc wymaga\u0142a zestawu hamulc\u00f3w AP, zmienionego zawieszenia i wielu innych rzeczy. W rezultacie powsta\u0142a fantastyczna maszyna, kt\u00f3ra osi\u0105ga 100 km w nieco ponad 4 sekundy i komfortowo porusza si\u0119 przy du\u017cych pr\u0119dko\u015bciach.<\/p>\n<p><strong>Wn\u0119trze<\/strong><\/p>\n<p>We wn\u0119trzu kluczem by\u0142o niedopowiedzenie z klasycznym uk\u0142adem deski rozdzielczej i wyko\u0144czeniem, ale z unowocze\u015bnionymi siedzeniami, technologi\u0105 i najlepsz\u0105 sk\u00f3rzan\u0105 tapicerk\u0105. Kolor bordowy doskonale wsp\u00f3\u0142gra z dwutonowym nadwoziem. W\u0142a\u015bciciele klasycznych Jensen\u00f3w powiedz\u0105, \u017ce te samochody mia\u0142y zdradliw\u0105 elektronik\u0119 i cz\u0119sto skomplikowane systemy, kiedy by\u0142y nowe. Na szcz\u0119\u015bcie ten przyk\u0142ad skorzysta\u0142 z pe\u0142nej metamorfozy, nowoczesnych komponent\u00f3w, funkcji, dzia\u0142aj\u0105cej klimatyzacji i systemu audio premium.<\/p>\n<p><strong>Wygl\u0105d zewn\u0119trzny i ko\u0142a<\/strong><\/p>\n<p>Wyko\u0144czony w eleganckim, dwukolorowym po\u0142\u0105czeniu, ten Interceptor R z 1972 roku wygl\u0105da ca\u0142kiem zwyczajnie, ale jak tylko spojrzysz na szczeg\u00f3\u0142y, zobaczysz, \u017ce to nic takiego. Ko\u0142a s\u0105 wykonane na zam\u00f3wienie i \u015bci\u015ble przypominaj\u0105 oryginalny projekt, ale s\u0105 szersze i wi\u0119ksze. Dodano boczny otw\u00f3r wentylacyjny, aby pom\u00f3c w ch\u0142odzeniu pot\u0119\u017cnego silnika, a tak\u017ce dyskretnie dodano inny grill i plakietki. Ci, kt\u00f3rzy wiedz\u0105 co nieco o klasycznych Interceptorach wiedz\u0105, \u017ce te samochody by\u0142y podatne na rdz\u0119, ale ten przyk\u0142ad, po ca\u0142ej pracy, kt\u00f3ra zosta\u0142a w\u0142o\u017cona, jest praktycznie nowym pojazdem bez takich problem\u00f3w.<\/p>\n<p><strong>  Dokumentacja<\/strong><\/p>\n<p>Jest to prywatny pojazd z odpowiedni\u0105 dokumentacj\u0105 znajduj\u0105cy si\u0119 w Londynie, w Wielkiej Brytanii. Raport CarVertical jest czysty; nie ma \u017cadnych dowod\u00f3w wypadk\u00f3w, napraw powypadkowych ani problem\u00f3w prawnych. Istniej\u0105 zapisy dotycz\u0105ce regularnych przegl\u0105d\u00f3w. Przyszli w\u0142a\u015bciciele chcieliby wiedzie\u0107, \u017ce ten konkretny przyk\u0142ad jest samochodem celebryt\u00f3w, testowanym przez s\u0142ynnego Jeremy&#8217;ego Clarksona i przedstawionym w Top Gear w 2011\/2012.<\/p>\n","protected":false},"excerpt":{"rendered":"<p>Mimo, \u017ce ten pi\u0119kny Interceptor wygl\u0105da z zewn\u0105trz jak magazyn, kryje w sobie ekscytuj\u0105c\u0105 tajemnic\u0119. Supercharged V8 engine with 600 KM and earth-shattering performance wrapped in one of the most beautiful design of the 70s. To jest prawdziwy brytyjski restomod GT z ameryka\u0144skim sercem, gotowy pokona\u0107 wszystko, co stanie mu na drodze.<\/p>\n","protected":false},"featured_media":32674,"comment_status":"open","ping_status":"closed","template":"","meta":{"inline_featured_image":false},"product_cat":[718],"product_tag":[1256,913,1126,1125],"acf":[],"yoast_head":"<!-- This site is optimized with the Yoast SEO plugin v22.5 - https:\/\/yoast.com\/wordpress\/plugins\/seo\/ -->\n<title>Jensen Interceptor R Mk3 auction - Piston Addict<\/title>\n<meta name=\"description\" content=\"Sprawd\u017a tego Jensena Interceptor R MK3 na aukcji na PistonAddict.com\" \/>\n<meta name=\"robots\" content=\"index, follow, max-snippet:-1, max-image-preview:large, max-video-preview:-1\" \/>\n<link rel=\"canonical\" href=\"https:\/\/pistonaddict.com\/pl\/product\/jensen-interceptor\/\" \/>\n<meta property=\"og:locale\" content=\"pl_PL\" \/>\n<meta property=\"og:type\" content=\"article\" \/>\n<meta property=\"og:title\" content=\"Jensen Interceptor R Mk3 auction - Piston Addict\" \/>\n<meta property=\"og:description\" content=\"Sprawd\u017a tego Jensena Interceptor R MK3 na aukcji na PistonAddict.com\" \/>\n<meta property=\"og:url\" content=\"https:\/\/pistonaddict.com\/pl\/product\/jensen-interceptor\/\" \/>\n<meta property=\"og:site_name\" content=\"Piston Addict\" \/>\n<meta property=\"article:modified_time\" content=\"2024-03-19T16:48:23+00:00\" \/>\n<meta property=\"og:image\" content=\"https:\/\/pistonaddict.com\/wp-content\/uploads\/2023\/04\/LuxurycarLondonApril11PistonAddict_0906-scaled.jpg\" \/>\n\t<meta property=\"og:image:width\" content=\"2560\" \/>\n\t<meta property=\"og:image:height\" content=\"1505\" \/>\n\t<meta property=\"og:image:type\" content=\"image\/jpeg\" \/>\n<meta name=\"twitter:card\" content=\"summary_large_image\" \/>\n<meta name=\"twitter:label1\" content=\"Szacowany czas czytania\" \/>\n\t<meta name=\"twitter:data1\" content=\"3 minuty\" \/>\n<script type=\"application\/ld+json\" class=\"yoast-schema-graph\">{\"@context\":\"https:\/\/schema.org\",\"@graph\":[{\"@type\":\"WebPage\",\"@id\":\"https:\/\/pistonaddict.com\/pl\/product\/jensen-interceptor\/\",\"url\":\"https:\/\/pistonaddict.com\/pl\/product\/jensen-interceptor\/\",\"name\":\"Jensen Interceptor R Mk3 auction - Piston Addict\",\"isPartOf\":{\"@id\":\"https:\/\/pistonaddict.com\/pl\/#website\"},\"primaryImageOfPage\":{\"@id\":\"https:\/\/pistonaddict.com\/pl\/product\/jensen-interceptor\/#primaryimage\"},\"image\":{\"@id\":\"https:\/\/pistonaddict.com\/pl\/product\/jensen-interceptor\/#primaryimage\"},\"thumbnailUrl\":\"https:\/\/pistonaddict.com\/wp-content\/uploads\/2023\/04\/LuxurycarLondonApril11PistonAddict_0906-scaled.jpg\",\"datePublished\":\"2023-04-19T07:41:30+00:00\",\"dateModified\":\"2024-03-19T16:48:23+00:00\",\"description\":\"Sprawd\u017a tego Jensena Interceptor R MK3 na aukcji na PistonAddict.com\",\"breadcrumb\":{\"@id\":\"https:\/\/pistonaddict.com\/pl\/product\/jensen-interceptor\/#breadcrumb\"},\"inLanguage\":\"pl-PL\",\"potentialAction\":[{\"@type\":\"ReadAction\",\"target\":[\"https:\/\/pistonaddict.com\/pl\/product\/jensen-interceptor\/\"]}]},{\"@type\":\"ImageObject\",\"inLanguage\":\"pl-PL\",\"@id\":\"https:\/\/pistonaddict.com\/pl\/product\/jensen-interceptor\/#primaryimage\",\"url\":\"https:\/\/pistonaddict.com\/wp-content\/uploads\/2023\/04\/LuxurycarLondonApril11PistonAddict_0906-scaled.jpg\",\"contentUrl\":\"https:\/\/pistonaddict.com\/wp-content\/uploads\/2023\/04\/LuxurycarLondonApril11PistonAddict_0906-scaled.jpg\",\"width\":2560,\"height\":1505},{\"@type\":\"BreadcrumbList\",\"@id\":\"https:\/\/pistonaddict.com\/pl\/product\/jensen-interceptor\/#breadcrumb\",\"itemListElement\":[{\"@type\":\"ListItem\",\"position\":1,\"name\":\"Strona g\u0142\u00f3wna\",\"item\":\"https:\/\/pistonaddict.com\/pl\/strona-glowna-2\/\"},{\"@type\":\"ListItem\",\"position\":2,\"name\":\"Auctions\",\"item\":\"https:\/\/pistonaddict.com\/auctions-listing\/\"},{\"@type\":\"ListItem\",\"position\":3,\"name\":\"Jensen Interceptor R Mk3\"}]},{\"@type\":\"WebSite\",\"@id\":\"https:\/\/pistonaddict.com\/pl\/#website\",\"url\":\"https:\/\/pistonaddict.com\/pl\/\",\"name\":\"Piston Addict\",\"description\":\"Only interesting vehicles\",\"publisher\":{\"@id\":\"https:\/\/pistonaddict.com\/pl\/#organization\"},\"potentialAction\":[{\"@type\":\"SearchAction\",\"target\":{\"@type\":\"EntryPoint\",\"urlTemplate\":\"https:\/\/pistonaddict.com\/pl\/?s={search_term_string}\"},\"query-input\":\"required name=search_term_string\"}],\"inLanguage\":\"pl-PL\"},{\"@type\":\"Organization\",\"@id\":\"https:\/\/pistonaddict.com\/pl\/#organization\",\"name\":\"Piston Addict\",\"url\":\"https:\/\/pistonaddict.com\/pl\/\",\"logo\":{\"@type\":\"ImageObject\",\"inLanguage\":\"pl-PL\",\"@id\":\"https:\/\/pistonaddict.com\/pl\/#\/schema\/logo\/image\/\",\"url\":\"https:\/\/pistonaddict.com\/wp-content\/uploads\/2022\/07\/logo-6.png\",\"contentUrl\":\"https:\/\/pistonaddict.com\/wp-content\/uploads\/2022\/07\/logo-6.png\",\"width\":970,\"height\":200,\"caption\":\"Piston Addict\"},\"image\":{\"@id\":\"https:\/\/pistonaddict.com\/pl\/#\/schema\/logo\/image\/\"}}]}<\/script>\n<!-- \/ Yoast SEO plugin. -->","yoast_head_json":{"title":"Jensen Interceptor R Mk3 auction - Piston Addict","description":"Sprawd\u017a tego Jensena Interceptor R MK3 na aukcji na PistonAddict.com","robots":{"index":"index","follow":"follow","max-snippet":"max-snippet:-1","max-image-preview":"max-image-preview:large","max-video-preview":"max-video-preview:-1"},"canonical":"https:\/\/pistonaddict.com\/pl\/product\/jensen-interceptor\/","og_locale":"pl_PL","og_type":"article","og_title":"Jensen Interceptor R Mk3 auction - Piston Addict","og_description":"Sprawd\u017a tego Jensena Interceptor R MK3 na aukcji na PistonAddict.com","og_url":"https:\/\/pistonaddict.com\/pl\/product\/jensen-interceptor\/","og_site_name":"Piston Addict","article_modified_time":"2024-03-19T16:48:23+00:00","og_image":[{"width":2560,"height":1505,"url":"https:\/\/pistonaddict.com\/wp-content\/uploads\/2023\/04\/LuxurycarLondonApril11PistonAddict_0906-scaled.jpg","type":"image\/jpeg"}],"twitter_card":"summary_large_image","twitter_misc":{"Szacowany czas czytania":"3 minuty"},"schema":{"@context":"https:\/\/schema.org","@graph":[{"@type":"WebPage","@id":"https:\/\/pistonaddict.com\/pl\/product\/jensen-interceptor\/","url":"https:\/\/pistonaddict.com\/pl\/product\/jensen-interceptor\/","name":"Jensen Interceptor R Mk3 auction - Piston Addict","isPartOf":{"@id":"https:\/\/pistonaddict.com\/pl\/#website"},"primaryImageOfPage":{"@id":"https:\/\/pistonaddict.com\/pl\/product\/jensen-interceptor\/#primaryimage"},"image":{"@id":"https:\/\/pistonaddict.com\/pl\/product\/jensen-interceptor\/#primaryimage"},"thumbnailUrl":"https:\/\/pistonaddict.com\/wp-content\/uploads\/2023\/04\/LuxurycarLondonApril11PistonAddict_0906-scaled.jpg","datePublished":"2023-04-19T07:41:30+00:00","dateModified":"2024-03-19T16:48:23+00:00","description":"Sprawd\u017a tego Jensena Interceptor R MK3 na aukcji na PistonAddict.com","breadcrumb":{"@id":"https:\/\/pistonaddict.com\/pl\/product\/jensen-interceptor\/#breadcrumb"},"inLanguage":"pl-PL","potentialAction":[{"@type":"ReadAction","target":["https:\/\/pistonaddict.com\/pl\/product\/jensen-interceptor\/"]}]},{"@type":"ImageObject","inLanguage":"pl-PL","@id":"https:\/\/pistonaddict.com\/pl\/product\/jensen-interceptor\/#primaryimage","url":"https:\/\/pistonaddict.com\/wp-content\/uploads\/2023\/04\/LuxurycarLondonApril11PistonAddict_0906-scaled.jpg","contentUrl":"https:\/\/pistonaddict.com\/wp-content\/uploads\/2023\/04\/LuxurycarLondonApril11PistonAddict_0906-scaled.jpg","width":2560,"height":1505},{"@type":"BreadcrumbList","@id":"https:\/\/pistonaddict.com\/pl\/product\/jensen-interceptor\/#breadcrumb","itemListElement":[{"@type":"ListItem","position":1,"name":"Strona g\u0142\u00f3wna","item":"https:\/\/pistonaddict.com\/pl\/strona-glowna-2\/"},{"@type":"ListItem","position":2,"name":"Auctions","item":"https:\/\/pistonaddict.com\/auctions-listing\/"},{"@type":"ListItem","position":3,"name":"Jensen Interceptor R Mk3"}]},{"@type":"WebSite","@id":"https:\/\/pistonaddict.com\/pl\/#website","url":"https:\/\/pistonaddict.com\/pl\/","name":"Piston Addict","description":"Only interesting vehicles","publisher":{"@id":"https:\/\/pistonaddict.com\/pl\/#organization"},"potentialAction":[{"@type":"SearchAction","target":{"@type":"EntryPoint","urlTemplate":"https:\/\/pistonaddict.com\/pl\/?s={search_term_string}"},"query-input":"required name=search_term_string"}],"inLanguage":"pl-PL"},{"@type":"Organization","@id":"https:\/\/pistonaddict.com\/pl\/#organization","name":"Piston Addict","url":"https:\/\/pistonaddict.com\/pl\/","logo":{"@type":"ImageObject","inLanguage":"pl-PL","@id":"https:\/\/pistonaddict.com\/pl\/#\/schema\/logo\/image\/","url":"https:\/\/pistonaddict.com\/wp-content\/uploads\/2022\/07\/logo-6.png","contentUrl":"https:\/\/pistonaddict.com\/wp-content\/uploads\/2022\/07\/logo-6.png","width":970,"height":200,"caption":"Piston Addict"},"image":{"@id":"https:\/\/pistonaddict.com\/pl\/#\/schema\/logo\/image\/"}}]}},"_links":{"self":[{"href":"https:\/\/pistonaddict.com\/pl\/wp-json\/wp\/v2\/product\/33355"}],"collection":[{"href":"https:\/\/pistonaddict.com\/pl\/wp-json\/wp\/v2\/product"}],"about":[{"href":"https:\/\/pistonaddict.com\/pl\/wp-json\/wp\/v2\/types\/product"}],"replies":[{"embeddable":true,"href":"https:\/\/pistonaddict.com\/pl\/wp-json\/wp\/v2\/comments?post=33355"}],"wp:featuredmedia":[{"embeddable":true,"href":"https:\/\/pistonaddict.com\/pl\/wp-json\/wp\/v2\/media\/32674"}],"wp:attachment":[{"href":"https:\/\/pistonaddict.com\/pl\/wp-json\/wp\/v2\/media?parent=33355"}],"wp:term":[{"taxonomy":"product_cat","embeddable":true,"href":"https:\/\/pistonaddict.com\/pl\/wp-json\/wp\/v2\/product_cat?post=33355"},{"taxonomy":"product_tag","embeddable":true,"href":"https:\/\/pistonaddict.com\/pl\/wp-json\/wp\/v2\/product_tag?post=33355"}],"curies":[{"name":"wp","href":"https:\/\/api.w.org\/{rel}","templated":true}]}}