{"id":32603,"date":"2023-04-18T18:05:14","date_gmt":"2023-04-18T16:05:14","guid":{"rendered":"https:\/\/pistonaddict.com\/product\/maserati-ghibli-ss-49-litra\/"},"modified":"2024-03-19T17:37:15","modified_gmt":"2024-03-19T16:37:16","slug":"maserati-ghibli-ss-49-litrow","status":"publish","type":"product","link":"https:\/\/pistonaddict.com\/pl\/product\/maserati-ghibli-ss-49-litrow\/","title":{"rendered":"Maserati Ghibli SS 4,9 litra"},"content":{"rendered":"<h2>Zewn\u0119trznie<\/h2>\n<p>Samoch\u00f3d sprzedawany na tej aukcji jest koloru niebieskiego i ma atrakcyjne wyskakuj\u0105ce reflektory z przodu. Jednak to, co sprawia, \u017ce ten Sypder jest tak atrakcyjny i przyci\u0105ga wzrok, to jego elegancka sylwetka. Zaprojektowany przez jedno z najwi\u0119kszych nazwisk w bran\u017cy, Giorgetto Giugiaro, ten 2-drzwiowy roadster ma niski, przypominaj\u0105cy rekina nos, muskularne nadkola i pochylony ty\u0142. Dzi\u0119ki temu idealnie nadaje si\u0119 do relaksuj\u0105cego rejsu po bulwarze lub jazdy po malowniczych nadmorskich drogach. A przy niesprzyjaj\u0105cej pogodzie przyda si\u0119 sk\u0142adany soft top ukryty pod kolorow\u0105 os\u0142on\u0105 tonneau. Samoch\u00f3d ma 15-calowe druciane felgi wykonane przez Ruote Borrani i zgodne z epok\u0105 opony Michelin Radial X. Inne warte uwagi szczeg\u00f3\u0142y to chromowane zderzaki oraz funkcjonalne otwory wentylacyjne na masce i b\u0142otnikach.<\/p>\n<h2>Wn\u0119trze<\/h2>\n<p>Wewn\u0105trz tego konkretnego Maserati znajduj\u0105 si\u0119 dwa wygodne, a zarazem wspieraj\u0105ce fotele pokryte mi\u0119kk\u0105 jasnobr\u0105zow\u0105 sk\u00f3r\u0105. Tym samym przyjemnym dla oka materia\u0142em obito wi\u0119kszo\u015b\u0107 wn\u0119trza, opr\u00f3cz g\u00f3rnej cz\u0119\u015bci deski rozdzielczej, kt\u00f3r\u0105 pokryto czarnym zamszem. S\u0105dz\u0105c po zdj\u0119ciach dostarczonych przez sprzedaj\u0105cego, wn\u0119trze jest w nienagannym stanie. A po wej\u015bciu do \u015brodka kierowca przejmie kontrol\u0119 nad pi\u0119kn\u0105 drewnian\u0105 kierownic\u0105 z trzema szprychami ze stali nierdzewnej na \u015brodku. Za nim znajduje si\u0119 zestaw przyrz\u0105d\u00f3w z obrotomierzem zaznaczonym na czerwono przy 5,555 RPM i pr\u0119dko\u015bciomierzem, kt\u00f3rego cyfra ko\u0144cowa wynosi 300 KPH. Opr\u00f3cz nich ten Ghibli ma pi\u0119\u0107 centralnie zamontowanych wska\u017anik\u00f3w pokazuj\u0105cych istotne parametry, takie jak ci\u015bnienie oleju, temperatura i poziom paliwa. W tej chwili licznik kilometr\u00f3w stoi na oko\u0142o 13 000 km.<\/p>\n<h2>Mechanicy<\/h2>\n<p>Sprzedawane auto to model SS, co oznacza, \u017ce jest wyposa\u017cone w wi\u0119kszy i mocniejszy silnik V8 o pojemno\u015bci 4,9 litra. Zasilany przez cztery dwugardzielowe ga\u017aniki Webera rozwija moc 335 KM i nieco ponad 480 Nm momentu obrotowego, kt\u00f3ry trafia na tylne ko\u0142a za po\u015brednictwem pi\u0119ciobiegowej przek\u0142adni manualnej. To wystarczy, aby popchn\u0105\u0107 tego roadstera Ghibli SS do maksymalnej pr\u0119dko\u015bci 280 MPH, co czyni go najszybszym Maserati swoich czas\u00f3w. Poza mechanik\u0105, samoch\u00f3d ma podwozie z rur stalowych, kt\u00f3re zapewnia lekko\u015b\u0107 i sztywno\u015b\u0107 konstrukcji.<\/p>\n<h2>Historia pojazdu<\/h2>\n<p>Wspomniana konwersja Spydera zosta\u0142a wykonana przez specjalistyczny warsztat w Mondenie, gwarantuj\u0105cy jako\u015b\u0107 pracy. Jest to popularna modyfikacja w\u015br\u00f3d w\u0142a\u015bcicieli Ghibli, poniewa\u017c Maserati zbudowa\u0142o mniej ni\u017c 50 fabrycznych Spyder\u00f3w. Ponadto samoch\u00f3d przeszed\u0142 gruntown\u0105 renowacj\u0119, kt\u00f3ra zosta\u0142a wykonana przez Furlonger Cars, renomowanego konserwatora z Ashford, zorientowanego we w\u0142oskich supersamochodach.<\/p>\n<p>Wed\u0142ug w\u0142a\u015bciciela wszystkie prace serwisowe by\u0142y wykonywane regularnie, a ostatni serwis odby\u0142 si\u0119 w czerwcu 2021 roku. Obecnie nie s\u0105 znane \u017cadne usterki ani problemy z \u017cadnym z jego element\u00f3w. Ponadto nie wyst\u0119puj\u0105 \u017cadne zauwa\u017calne rysy, wgniecenia czy inne niedoskona\u0142o\u015bci karoserii.<\/p>\n","protected":false},"excerpt":{"rendered":"<p>Ten roadster z otwartym dachem Maserati Ghibli SS z 1971 roku, kt\u00f3ry przejecha\u0142 nieco ponad 13 000 kilometr\u00f3w, jest sprzedawany prywatnie przez w\u0142a\u015bciciela. Nap\u0119dza go silnik V8 sprz\u0119\u017cony z pi\u0119ciobiegow\u0105 skrzyni\u0105 manualn\u0105. Chocia\u017c wizualnie identyczny z kultowym modelem Spyder, ten samoch\u00f3d rozpocz\u0105\u0142 dzia\u0142alno\u015b\u0107 jako coupe, tylko po to, aby p\u00f3\u017aniej przekszta\u0142ci\u0107 go w obecny kszta\u0142t. Opr\u00f3cz tego, \u017ce jest w stanie niemal\u017ce idealnym, samoch\u00f3d ten jest r\u00f3wnie\u017c w pe\u0142ni serwisowany i &#8211; wed\u0142ug w\u0142a\u015bciciela &#8211; nie bra\u0142 udzia\u0142u w \u017cadnym wypadku, a obecnie znajduje si\u0119 w Wielkiej Brytanii.<\/p>\n","protected":false},"featured_media":32156,"comment_status":"open","ping_status":"closed","template":"","meta":{"inline_featured_image":false},"product_cat":[718],"product_tag":[1233,1072,984,1068],"acf":[],"yoast_head":"<!-- This site is optimized with the Yoast SEO plugin v22.5 - https:\/\/yoast.com\/wordpress\/plugins\/seo\/ -->\n<title>Maserati Ghibli SS 4,9 litra auction - Piston Addict<\/title>\n<meta name=\"description\" content=\"Sprawd\u017a to Maserati Ghibli SS 4.9 litra na aukcji na PistonAddict.com z manualn\u0105 skrzyni\u0105 bieg\u00f3w i tylko 13 220 km.\" \/>\n<meta name=\"robots\" content=\"index, follow, max-snippet:-1, max-image-preview:large, max-video-preview:-1\" \/>\n<link rel=\"canonical\" href=\"https:\/\/pistonaddict.com\/pl\/product\/maserati-ghibli-ss-49-litrow\/\" \/>\n<meta property=\"og:locale\" content=\"pl_PL\" \/>\n<meta property=\"og:type\" content=\"article\" \/>\n<meta property=\"og:title\" content=\"Maserati Ghibli SS 4,9 litra auction - Piston Addict\" \/>\n<meta property=\"og:description\" content=\"Sprawd\u017a to Maserati Ghibli SS 4.9 litra na aukcji na PistonAddict.com z manualn\u0105 skrzyni\u0105 bieg\u00f3w i tylko 13 220 km.\" \/>\n<meta property=\"og:url\" content=\"https:\/\/pistonaddict.com\/pl\/product\/maserati-ghibli-ss-49-litrow\/\" \/>\n<meta property=\"og:site_name\" content=\"Piston Addict\" \/>\n<meta property=\"article:modified_time\" content=\"2024-03-19T16:37:16+00:00\" \/>\n<meta property=\"og:image\" content=\"https:\/\/pistonaddict.com\/wp-content\/uploads\/2023\/04\/Maserati13-scaled.jpg\" \/>\n\t<meta property=\"og:image:width\" content=\"2560\" \/>\n\t<meta property=\"og:image:height\" content=\"1609\" \/>\n\t<meta property=\"og:image:type\" content=\"image\/jpeg\" \/>\n<meta name=\"twitter:card\" content=\"summary_large_image\" \/>\n<meta name=\"twitter:label1\" content=\"Szacowany czas czytania\" \/>\n\t<meta name=\"twitter:data1\" content=\"2 minuty\" \/>\n<script type=\"application\/ld+json\" class=\"yoast-schema-graph\">{\"@context\":\"https:\/\/schema.org\",\"@graph\":[{\"@type\":\"WebPage\",\"@id\":\"https:\/\/pistonaddict.com\/pl\/product\/maserati-ghibli-ss-49-litrow\/\",\"url\":\"https:\/\/pistonaddict.com\/pl\/product\/maserati-ghibli-ss-49-litrow\/\",\"name\":\"Maserati Ghibli SS 4,9 litra auction - Piston Addict\",\"isPartOf\":{\"@id\":\"https:\/\/pistonaddict.com\/pl\/#website\"},\"primaryImageOfPage\":{\"@id\":\"https:\/\/pistonaddict.com\/pl\/product\/maserati-ghibli-ss-49-litrow\/#primaryimage\"},\"image\":{\"@id\":\"https:\/\/pistonaddict.com\/pl\/product\/maserati-ghibli-ss-49-litrow\/#primaryimage\"},\"thumbnailUrl\":\"https:\/\/pistonaddict.com\/wp-content\/uploads\/2023\/04\/Maserati13-scaled.jpg\",\"datePublished\":\"2023-04-18T16:05:14+00:00\",\"dateModified\":\"2024-03-19T16:37:16+00:00\",\"description\":\"Sprawd\u017a to Maserati Ghibli SS 4.9 litra na aukcji na PistonAddict.com z manualn\u0105 skrzyni\u0105 bieg\u00f3w i tylko 13 220 km.\",\"breadcrumb\":{\"@id\":\"https:\/\/pistonaddict.com\/pl\/product\/maserati-ghibli-ss-49-litrow\/#breadcrumb\"},\"inLanguage\":\"pl-PL\",\"potentialAction\":[{\"@type\":\"ReadAction\",\"target\":[\"https:\/\/pistonaddict.com\/pl\/product\/maserati-ghibli-ss-49-litrow\/\"]}]},{\"@type\":\"ImageObject\",\"inLanguage\":\"pl-PL\",\"@id\":\"https:\/\/pistonaddict.com\/pl\/product\/maserati-ghibli-ss-49-litrow\/#primaryimage\",\"url\":\"https:\/\/pistonaddict.com\/wp-content\/uploads\/2023\/04\/Maserati13-scaled.jpg\",\"contentUrl\":\"https:\/\/pistonaddict.com\/wp-content\/uploads\/2023\/04\/Maserati13-scaled.jpg\",\"width\":2560,\"height\":1609},{\"@type\":\"BreadcrumbList\",\"@id\":\"https:\/\/pistonaddict.com\/pl\/product\/maserati-ghibli-ss-49-litrow\/#breadcrumb\",\"itemListElement\":[{\"@type\":\"ListItem\",\"position\":1,\"name\":\"Strona g\u0142\u00f3wna\",\"item\":\"https:\/\/pistonaddict.com\/pl\/strona-glowna-2\/\"},{\"@type\":\"ListItem\",\"position\":2,\"name\":\"Auctions\",\"item\":\"https:\/\/pistonaddict.com\/auctions-listing\/\"},{\"@type\":\"ListItem\",\"position\":3,\"name\":\"Maserati Ghibli SS 4,9 litra\"}]},{\"@type\":\"WebSite\",\"@id\":\"https:\/\/pistonaddict.com\/pl\/#website\",\"url\":\"https:\/\/pistonaddict.com\/pl\/\",\"name\":\"Piston Addict\",\"description\":\"Only interesting vehicles\",\"publisher\":{\"@id\":\"https:\/\/pistonaddict.com\/pl\/#organization\"},\"potentialAction\":[{\"@type\":\"SearchAction\",\"target\":{\"@type\":\"EntryPoint\",\"urlTemplate\":\"https:\/\/pistonaddict.com\/pl\/?s={search_term_string}\"},\"query-input\":\"required name=search_term_string\"}],\"inLanguage\":\"pl-PL\"},{\"@type\":\"Organization\",\"@id\":\"https:\/\/pistonaddict.com\/pl\/#organization\",\"name\":\"Piston Addict\",\"url\":\"https:\/\/pistonaddict.com\/pl\/\",\"logo\":{\"@type\":\"ImageObject\",\"inLanguage\":\"pl-PL\",\"@id\":\"https:\/\/pistonaddict.com\/pl\/#\/schema\/logo\/image\/\",\"url\":\"https:\/\/pistonaddict.com\/wp-content\/uploads\/2022\/07\/logo-6.png\",\"contentUrl\":\"https:\/\/pistonaddict.com\/wp-content\/uploads\/2022\/07\/logo-6.png\",\"width\":970,\"height\":200,\"caption\":\"Piston Addict\"},\"image\":{\"@id\":\"https:\/\/pistonaddict.com\/pl\/#\/schema\/logo\/image\/\"}}]}<\/script>\n<!-- \/ Yoast SEO plugin. -->","yoast_head_json":{"title":"Maserati Ghibli SS 4,9 litra auction - Piston Addict","description":"Sprawd\u017a to Maserati Ghibli SS 4.9 litra na aukcji na PistonAddict.com z manualn\u0105 skrzyni\u0105 bieg\u00f3w i tylko 13 220 km.","robots":{"index":"index","follow":"follow","max-snippet":"max-snippet:-1","max-image-preview":"max-image-preview:large","max-video-preview":"max-video-preview:-1"},"canonical":"https:\/\/pistonaddict.com\/pl\/product\/maserati-ghibli-ss-49-litrow\/","og_locale":"pl_PL","og_type":"article","og_title":"Maserati Ghibli SS 4,9 litra auction - Piston Addict","og_description":"Sprawd\u017a to Maserati Ghibli SS 4.9 litra na aukcji na PistonAddict.com z manualn\u0105 skrzyni\u0105 bieg\u00f3w i tylko 13 220 km.","og_url":"https:\/\/pistonaddict.com\/pl\/product\/maserati-ghibli-ss-49-litrow\/","og_site_name":"Piston Addict","article_modified_time":"2024-03-19T16:37:16+00:00","og_image":[{"width":2560,"height":1609,"url":"https:\/\/pistonaddict.com\/wp-content\/uploads\/2023\/04\/Maserati13-scaled.jpg","type":"image\/jpeg"}],"twitter_card":"summary_large_image","twitter_misc":{"Szacowany czas czytania":"2 minuty"},"schema":{"@context":"https:\/\/schema.org","@graph":[{"@type":"WebPage","@id":"https:\/\/pistonaddict.com\/pl\/product\/maserati-ghibli-ss-49-litrow\/","url":"https:\/\/pistonaddict.com\/pl\/product\/maserati-ghibli-ss-49-litrow\/","name":"Maserati Ghibli SS 4,9 litra auction - Piston Addict","isPartOf":{"@id":"https:\/\/pistonaddict.com\/pl\/#website"},"primaryImageOfPage":{"@id":"https:\/\/pistonaddict.com\/pl\/product\/maserati-ghibli-ss-49-litrow\/#primaryimage"},"image":{"@id":"https:\/\/pistonaddict.com\/pl\/product\/maserati-ghibli-ss-49-litrow\/#primaryimage"},"thumbnailUrl":"https:\/\/pistonaddict.com\/wp-content\/uploads\/2023\/04\/Maserati13-scaled.jpg","datePublished":"2023-04-18T16:05:14+00:00","dateModified":"2024-03-19T16:37:16+00:00","description":"Sprawd\u017a to Maserati Ghibli SS 4.9 litra na aukcji na PistonAddict.com z manualn\u0105 skrzyni\u0105 bieg\u00f3w i tylko 13 220 km.","breadcrumb":{"@id":"https:\/\/pistonaddict.com\/pl\/product\/maserati-ghibli-ss-49-litrow\/#breadcrumb"},"inLanguage":"pl-PL","potentialAction":[{"@type":"ReadAction","target":["https:\/\/pistonaddict.com\/pl\/product\/maserati-ghibli-ss-49-litrow\/"]}]},{"@type":"ImageObject","inLanguage":"pl-PL","@id":"https:\/\/pistonaddict.com\/pl\/product\/maserati-ghibli-ss-49-litrow\/#primaryimage","url":"https:\/\/pistonaddict.com\/wp-content\/uploads\/2023\/04\/Maserati13-scaled.jpg","contentUrl":"https:\/\/pistonaddict.com\/wp-content\/uploads\/2023\/04\/Maserati13-scaled.jpg","width":2560,"height":1609},{"@type":"BreadcrumbList","@id":"https:\/\/pistonaddict.com\/pl\/product\/maserati-ghibli-ss-49-litrow\/#breadcrumb","itemListElement":[{"@type":"ListItem","position":1,"name":"Strona g\u0142\u00f3wna","item":"https:\/\/pistonaddict.com\/pl\/strona-glowna-2\/"},{"@type":"ListItem","position":2,"name":"Auctions","item":"https:\/\/pistonaddict.com\/auctions-listing\/"},{"@type":"ListItem","position":3,"name":"Maserati Ghibli SS 4,9 litra"}]},{"@type":"WebSite","@id":"https:\/\/pistonaddict.com\/pl\/#website","url":"https:\/\/pistonaddict.com\/pl\/","name":"Piston Addict","description":"Only interesting vehicles","publisher":{"@id":"https:\/\/pistonaddict.com\/pl\/#organization"},"potentialAction":[{"@type":"SearchAction","target":{"@type":"EntryPoint","urlTemplate":"https:\/\/pistonaddict.com\/pl\/?s={search_term_string}"},"query-input":"required name=search_term_string"}],"inLanguage":"pl-PL"},{"@type":"Organization","@id":"https:\/\/pistonaddict.com\/pl\/#organization","name":"Piston Addict","url":"https:\/\/pistonaddict.com\/pl\/","logo":{"@type":"ImageObject","inLanguage":"pl-PL","@id":"https:\/\/pistonaddict.com\/pl\/#\/schema\/logo\/image\/","url":"https:\/\/pistonaddict.com\/wp-content\/uploads\/2022\/07\/logo-6.png","contentUrl":"https:\/\/pistonaddict.com\/wp-content\/uploads\/2022\/07\/logo-6.png","width":970,"height":200,"caption":"Piston Addict"},"image":{"@id":"https:\/\/pistonaddict.com\/pl\/#\/schema\/logo\/image\/"}}]}},"_links":{"self":[{"href":"https:\/\/pistonaddict.com\/pl\/wp-json\/wp\/v2\/product\/32603"}],"collection":[{"href":"https:\/\/pistonaddict.com\/pl\/wp-json\/wp\/v2\/product"}],"about":[{"href":"https:\/\/pistonaddict.com\/pl\/wp-json\/wp\/v2\/types\/product"}],"replies":[{"embeddable":true,"href":"https:\/\/pistonaddict.com\/pl\/wp-json\/wp\/v2\/comments?post=32603"}],"wp:featuredmedia":[{"embeddable":true,"href":"https:\/\/pistonaddict.com\/pl\/wp-json\/wp\/v2\/media\/32156"}],"wp:attachment":[{"href":"https:\/\/pistonaddict.com\/pl\/wp-json\/wp\/v2\/media?parent=32603"}],"wp:term":[{"taxonomy":"product_cat","embeddable":true,"href":"https:\/\/pistonaddict.com\/pl\/wp-json\/wp\/v2\/product_cat?post=32603"},{"taxonomy":"product_tag","embeddable":true,"href":"https:\/\/pistonaddict.com\/pl\/wp-json\/wp\/v2\/product_tag?post=32603"}],"curies":[{"name":"wp","href":"https:\/\/api.w.org\/{rel}","templated":true}]}}