{"id":29704,"date":"2023-03-02T21:25:19","date_gmt":"2023-03-02T20:25:19","guid":{"rendered":"https:\/\/pistonaddict.com\/product\/1985-porsche-911-carrera-3-2-na-sprzedaz\/"},"modified":"2024-03-22T16:10:36","modified_gmt":"2024-03-22T15:10:36","slug":"1985-porsche-911-carrera-3-2-for-sale","status":"publish","type":"product","link":"https:\/\/pistonaddict.com\/pl\/product\/1985-porsche-911-carrera-3-2-for-sale\/","title":{"rendered":"1985 Porsche 911 Carrera 3.2 na sprzeda\u017c aukcyjn\u0105"},"content":{"rendered":"<p><strong>Historia samochodu<\/strong><\/p>\n<p>Sprzedawca naby\u0142 ten pi\u0119kny przyk\u0142ad magii po\u0142owy lat 80. w 1997 roku w Luksemburgu i sprowadzi\u0142 go do Szwajcarii. Ta Carrera zosta\u0142a wyposa\u017cona w standardowy silnik flat-six o pojemno\u015bci 3,2 litra, dostarczaj\u0105cy 231 KM na tylne ko\u0142a za po\u015brednictwem 5-biegowego manuala. Silnik jest wtryskiwany i jest w stanie uruchomi\u0107 ten legendarny samoch\u00f3d sportowy do 5,9 sekundy 0 do 100 km \/ h czas i top, wci\u0105\u017c szacunek 245 km \/ h (150 mph). Nie ma zapis\u00f3w o jakichkolwiek modyfikacjach silnika, ale samoch\u00f3d by\u0142 regularnie serwisowany &#8211; ostatni udokumentowany serwis wykonano pod koniec marca 2022 roku. Do tej pory to czarne Porsche przejecha\u0142o 168 000 km.<\/p>\n<p><strong>Stan<\/strong><\/p>\n<p>Pojazd skorzysta\u0142 z kompletnego, profesjonalnego przemalowania nadwozia i renowacji silnika, przy u\u017cyciu oryginalnych cz\u0119\u015bci i podzespo\u0142\u00f3w. Przeszed\u0142 on szwajcarski przegl\u0105d techniczny, a jego droga jest legalna i zarejestrowana. Perspektywiczni nabywcy chc\u0105 wiedzie\u0107, \u017ce analiza oleju zosta\u0142a wykonana i wyniki s\u0105 w porz\u0105dku. Na filmikach wida\u0107, \u017ce ci\u015bnienie oleju i wszystkie wska\u017aniki dzia\u0142aj\u0105 prawid\u0142owo. Nie ma wyciek\u00f3w oleju w podwoziu, wn\u0119ka silnika jest uporz\u0105dkowana, a wszystkie oryginalne stemple i oznaczenia s\u0105 obecne.<\/p>\n<p><strong>Wn\u0119trze<\/strong><\/p>\n<p>Wn\u0119trze tego 1985 Porsche 911 Carrera 3.2 jest oryginalne, a fotele i karty drzwi pokryte sk\u00f3r\u0105. W por\u00f3wnaniu do podobnych samochod\u00f3w, ten potr\u00f3jnie czarny przyk\u0142ad (cia\u0142o, wn\u0119trze i dywany &#8211; wszystko czarne) ma kilka po\u017c\u0105danych opcji, kt\u00f3re kolekcjonerzy szukaj\u0105. Pierwszym z nich s\u0105 sk\u00f3rzane fotele z opcj\u0105 power. Po drugie, ten przyk\u0142ad jest wyposa\u017cony w klimatyzacj\u0119, kt\u00f3ra jest mile widzianym dodatkiem, zw\u0142aszcza podczas gor\u0105cych letnich dni. Po trzecie, ta Carrera z 1985 roku ma r\u00f3wnie\u017c szyberdach, elektryczne lusterka i spryskiwacze reflektor\u00f3w, a wszystkie te elementy zwi\u0119kszaj\u0105 doznania. Tylna szyba jest podgrzewana, a na rynku wt\u00f3rnym znajduje si\u0119 radioodtwarzacz stereo dla ulubionych melodii z lat 80. Ga\u0142ka zmiany bieg\u00f3w nie jest jednak oryginalnym elementem.<\/p>\n<p><strong>Nadwozie i ko\u0142a<\/strong><\/p>\n<p>Wszystkie zewn\u0119trzne elementy wyko\u0144czeniowe, listwy i elementy plastikowe wygl\u0105daj\u0105 w doskona\u0142ej formie, i nie ma widocznej rdzy wok\u00f3\u0142 otworu szyberdachu, wsp\u00f3lnego sportu w tych samochodach. Oznacza to, \u017ce pojazd jest zadbany i u\u017cywany tylko sporadycznie. Co ciekawe, w\u0142a\u015bciciel zdecydowa\u0142 si\u0119 jednak na popraw\u0119 taboru tego Porsche 911 Carrera z 1985 roku. Zamiast fabrycznie poprawnych 15-calowych k\u00f3\u0142, ten samoch\u00f3d ma 16-calowe oryginalne felgi Fuchs owini\u0119te w opony Pirelli P Zero. Oczywi\u015bcie tylne s\u0105 szersze od przednich. Jest to cz\u0119sto spotykana modyfikacja, kt\u00f3ra pomaga zar\u00f3wno w wygl\u0105dzie, jak i w dynamice jazdy. Opony zosta\u0142y zamontowane w po\u0142owie 2021 roku. Samoch\u00f3d pochodzi z oryginalnym zestawem narz\u0119dzi i ko\u0142em zapasowym, pokazuj\u0105c poziom oryginalno\u015bci korzystny dla kolekcjoner\u00f3w.<\/p>\n<p><strong>Dokumentacja<\/strong><\/p>\n<p>Jest to pojazd prywatny z odpowiedni\u0105 dokumentacj\u0105 znajduj\u0105cy si\u0119 w Geneve, Szwajcaria. Raport CarVertical jest czysty; nie ma \u017cadnych dowod\u00f3w wypadk\u00f3w, napraw powypadkowych ani w\u0142asno\u015bci, ani problem\u00f3w prawnych. S\u0105 zapisy o regularnych przegl\u0105dach si\u0119gaj\u0105ce 2015 roku.<\/p>\n","protected":false},"excerpt":{"rendered":"<p>Wyko\u0144czony w eleganckim odcieniu czerni Porsche z dopasowanym wn\u0119trzem, ten 1985 Carrera 3.2 jest doskona\u0142ym przyk\u0142adem kierowcy jako\u015bci klasycznego 911, gotowy do cieszy\u0107 si\u0119 przez nowego w\u0142a\u015bciciela. Dzi\u0119ki nieoznakowanemu nadwoziu, kilku po\u017c\u0105danym opcjom i dobrze wyposa\u017conemu wn\u0119trzu, ta Carrera jest dobrze utrzymanym i niezawodnym klasykiem o du\u017cej wydajno\u015bci, gotowym do zabrania w letni\u0105 podr\u00f3\u017c po Europie.<\/p>\n","protected":false},"featured_media":29670,"comment_status":"open","ping_status":"closed","template":"","meta":{"inline_featured_image":false},"product_cat":[718],"product_tag":[985,858,885,984,857],"acf":[],"yoast_head":"<!-- This site is optimized with the Yoast SEO plugin v22.5 - https:\/\/yoast.com\/wordpress\/plugins\/seo\/ -->\n<title>1985 Porsche 911 Carrera 3.2 na sprzeda\u017c aukcyjn\u0105 - nazwa Piston Addict<\/title>\n<meta name=\"description\" content=\"Sprawd\u017a to wspania\u0142e Porsche 911 Carrera 3.2 z 1985 roku na aukcji PistonAddict.com.\" \/>\n<meta name=\"robots\" content=\"index, follow, max-snippet:-1, max-image-preview:large, max-video-preview:-1\" \/>\n<link rel=\"canonical\" href=\"https:\/\/pistonaddict.com\/pl\/product\/1985-porsche-911-carrera-3-2-for-sale\/\" \/>\n<meta property=\"og:locale\" content=\"pl_PL\" \/>\n<meta property=\"og:type\" content=\"article\" \/>\n<meta property=\"og:title\" content=\"1985 Porsche 911 Carrera 3.2 na sprzeda\u017c aukcyjn\u0105 - nazwa Piston Addict\" \/>\n<meta property=\"og:description\" content=\"Sprawd\u017a to wspania\u0142e Porsche 911 Carrera 3.2 z 1985 roku na aukcji PistonAddict.com.\" \/>\n<meta property=\"og:url\" content=\"https:\/\/pistonaddict.com\/pl\/product\/1985-porsche-911-carrera-3-2-for-sale\/\" \/>\n<meta property=\"og:site_name\" content=\"Piston Addict\" \/>\n<meta property=\"article:modified_time\" content=\"2024-03-22T15:10:36+00:00\" \/>\n<meta property=\"og:image\" content=\"https:\/\/pistonaddict.com\/wp-content\/uploads\/2023\/03\/IMG_2519-scaled.jpeg\" \/>\n\t<meta property=\"og:image:width\" content=\"2560\" \/>\n\t<meta property=\"og:image:height\" content=\"1920\" \/>\n\t<meta property=\"og:image:type\" content=\"image\/jpeg\" \/>\n<meta name=\"twitter:card\" content=\"summary_large_image\" \/>\n<meta name=\"twitter:label1\" content=\"Szacowany czas czytania\" \/>\n\t<meta name=\"twitter:data1\" content=\"3 minuty\" \/>\n<script type=\"application\/ld+json\" class=\"yoast-schema-graph\">{\"@context\":\"https:\/\/schema.org\",\"@graph\":[{\"@type\":\"WebPage\",\"@id\":\"https:\/\/pistonaddict.com\/pl\/product\/1985-porsche-911-carrera-3-2-for-sale\/\",\"url\":\"https:\/\/pistonaddict.com\/pl\/product\/1985-porsche-911-carrera-3-2-for-sale\/\",\"name\":\"1985 Porsche 911 Carrera 3.2 na sprzeda\u017c aukcyjn\u0105 - nazwa Piston Addict\",\"isPartOf\":{\"@id\":\"https:\/\/pistonaddict.com\/pl\/#website\"},\"primaryImageOfPage\":{\"@id\":\"https:\/\/pistonaddict.com\/pl\/product\/1985-porsche-911-carrera-3-2-for-sale\/#primaryimage\"},\"image\":{\"@id\":\"https:\/\/pistonaddict.com\/pl\/product\/1985-porsche-911-carrera-3-2-for-sale\/#primaryimage\"},\"thumbnailUrl\":\"https:\/\/pistonaddict.com\/wp-content\/uploads\/2023\/03\/IMG_2519-scaled.jpeg\",\"datePublished\":\"2023-03-02T20:25:19+00:00\",\"dateModified\":\"2024-03-22T15:10:36+00:00\",\"description\":\"Sprawd\u017a to wspania\u0142e Porsche 911 Carrera 3.2 z 1985 roku na aukcji PistonAddict.com.\",\"breadcrumb\":{\"@id\":\"https:\/\/pistonaddict.com\/pl\/product\/1985-porsche-911-carrera-3-2-for-sale\/#breadcrumb\"},\"inLanguage\":\"pl-PL\",\"potentialAction\":[{\"@type\":\"ReadAction\",\"target\":[\"https:\/\/pistonaddict.com\/pl\/product\/1985-porsche-911-carrera-3-2-for-sale\/\"]}]},{\"@type\":\"ImageObject\",\"inLanguage\":\"pl-PL\",\"@id\":\"https:\/\/pistonaddict.com\/pl\/product\/1985-porsche-911-carrera-3-2-for-sale\/#primaryimage\",\"url\":\"https:\/\/pistonaddict.com\/wp-content\/uploads\/2023\/03\/IMG_2519-scaled.jpeg\",\"contentUrl\":\"https:\/\/pistonaddict.com\/wp-content\/uploads\/2023\/03\/IMG_2519-scaled.jpeg\",\"width\":2560,\"height\":1920},{\"@type\":\"BreadcrumbList\",\"@id\":\"https:\/\/pistonaddict.com\/pl\/product\/1985-porsche-911-carrera-3-2-for-sale\/#breadcrumb\",\"itemListElement\":[{\"@type\":\"ListItem\",\"position\":1,\"name\":\"Strona g\u0142\u00f3wna\",\"item\":\"https:\/\/pistonaddict.com\/pl\/strona-glowna-2\/\"},{\"@type\":\"ListItem\",\"position\":2,\"name\":\"Auctions\",\"item\":\"https:\/\/pistonaddict.com\/auctions-listing\/\"},{\"@type\":\"ListItem\",\"position\":3,\"name\":\"1985 Porsche 911 Carrera 3.2 na sprzeda\u017c aukcyjn\u0105\"}]},{\"@type\":\"WebSite\",\"@id\":\"https:\/\/pistonaddict.com\/pl\/#website\",\"url\":\"https:\/\/pistonaddict.com\/pl\/\",\"name\":\"Piston Addict\",\"description\":\"Only interesting vehicles\",\"publisher\":{\"@id\":\"https:\/\/pistonaddict.com\/pl\/#organization\"},\"potentialAction\":[{\"@type\":\"SearchAction\",\"target\":{\"@type\":\"EntryPoint\",\"urlTemplate\":\"https:\/\/pistonaddict.com\/pl\/?s={search_term_string}\"},\"query-input\":\"required name=search_term_string\"}],\"inLanguage\":\"pl-PL\"},{\"@type\":\"Organization\",\"@id\":\"https:\/\/pistonaddict.com\/pl\/#organization\",\"name\":\"Piston Addict\",\"url\":\"https:\/\/pistonaddict.com\/pl\/\",\"logo\":{\"@type\":\"ImageObject\",\"inLanguage\":\"pl-PL\",\"@id\":\"https:\/\/pistonaddict.com\/pl\/#\/schema\/logo\/image\/\",\"url\":\"https:\/\/pistonaddict.com\/wp-content\/uploads\/2022\/07\/logo-6.png\",\"contentUrl\":\"https:\/\/pistonaddict.com\/wp-content\/uploads\/2022\/07\/logo-6.png\",\"width\":970,\"height\":200,\"caption\":\"Piston Addict\"},\"image\":{\"@id\":\"https:\/\/pistonaddict.com\/pl\/#\/schema\/logo\/image\/\"}}]}<\/script>\n<!-- \/ Yoast SEO plugin. -->","yoast_head_json":{"title":"1985 Porsche 911 Carrera 3.2 na sprzeda\u017c aukcyjn\u0105 - nazwa Piston Addict","description":"Sprawd\u017a to wspania\u0142e Porsche 911 Carrera 3.2 z 1985 roku na aukcji PistonAddict.com.","robots":{"index":"index","follow":"follow","max-snippet":"max-snippet:-1","max-image-preview":"max-image-preview:large","max-video-preview":"max-video-preview:-1"},"canonical":"https:\/\/pistonaddict.com\/pl\/product\/1985-porsche-911-carrera-3-2-for-sale\/","og_locale":"pl_PL","og_type":"article","og_title":"1985 Porsche 911 Carrera 3.2 na sprzeda\u017c aukcyjn\u0105 - nazwa Piston Addict","og_description":"Sprawd\u017a to wspania\u0142e Porsche 911 Carrera 3.2 z 1985 roku na aukcji PistonAddict.com.","og_url":"https:\/\/pistonaddict.com\/pl\/product\/1985-porsche-911-carrera-3-2-for-sale\/","og_site_name":"Piston Addict","article_modified_time":"2024-03-22T15:10:36+00:00","og_image":[{"width":2560,"height":1920,"url":"https:\/\/pistonaddict.com\/wp-content\/uploads\/2023\/03\/IMG_2519-scaled.jpeg","type":"image\/jpeg"}],"twitter_card":"summary_large_image","twitter_misc":{"Szacowany czas czytania":"3 minuty"},"schema":{"@context":"https:\/\/schema.org","@graph":[{"@type":"WebPage","@id":"https:\/\/pistonaddict.com\/pl\/product\/1985-porsche-911-carrera-3-2-for-sale\/","url":"https:\/\/pistonaddict.com\/pl\/product\/1985-porsche-911-carrera-3-2-for-sale\/","name":"1985 Porsche 911 Carrera 3.2 na sprzeda\u017c aukcyjn\u0105 - nazwa Piston Addict","isPartOf":{"@id":"https:\/\/pistonaddict.com\/pl\/#website"},"primaryImageOfPage":{"@id":"https:\/\/pistonaddict.com\/pl\/product\/1985-porsche-911-carrera-3-2-for-sale\/#primaryimage"},"image":{"@id":"https:\/\/pistonaddict.com\/pl\/product\/1985-porsche-911-carrera-3-2-for-sale\/#primaryimage"},"thumbnailUrl":"https:\/\/pistonaddict.com\/wp-content\/uploads\/2023\/03\/IMG_2519-scaled.jpeg","datePublished":"2023-03-02T20:25:19+00:00","dateModified":"2024-03-22T15:10:36+00:00","description":"Sprawd\u017a to wspania\u0142e Porsche 911 Carrera 3.2 z 1985 roku na aukcji PistonAddict.com.","breadcrumb":{"@id":"https:\/\/pistonaddict.com\/pl\/product\/1985-porsche-911-carrera-3-2-for-sale\/#breadcrumb"},"inLanguage":"pl-PL","potentialAction":[{"@type":"ReadAction","target":["https:\/\/pistonaddict.com\/pl\/product\/1985-porsche-911-carrera-3-2-for-sale\/"]}]},{"@type":"ImageObject","inLanguage":"pl-PL","@id":"https:\/\/pistonaddict.com\/pl\/product\/1985-porsche-911-carrera-3-2-for-sale\/#primaryimage","url":"https:\/\/pistonaddict.com\/wp-content\/uploads\/2023\/03\/IMG_2519-scaled.jpeg","contentUrl":"https:\/\/pistonaddict.com\/wp-content\/uploads\/2023\/03\/IMG_2519-scaled.jpeg","width":2560,"height":1920},{"@type":"BreadcrumbList","@id":"https:\/\/pistonaddict.com\/pl\/product\/1985-porsche-911-carrera-3-2-for-sale\/#breadcrumb","itemListElement":[{"@type":"ListItem","position":1,"name":"Strona g\u0142\u00f3wna","item":"https:\/\/pistonaddict.com\/pl\/strona-glowna-2\/"},{"@type":"ListItem","position":2,"name":"Auctions","item":"https:\/\/pistonaddict.com\/auctions-listing\/"},{"@type":"ListItem","position":3,"name":"1985 Porsche 911 Carrera 3.2 na sprzeda\u017c aukcyjn\u0105"}]},{"@type":"WebSite","@id":"https:\/\/pistonaddict.com\/pl\/#website","url":"https:\/\/pistonaddict.com\/pl\/","name":"Piston Addict","description":"Only interesting vehicles","publisher":{"@id":"https:\/\/pistonaddict.com\/pl\/#organization"},"potentialAction":[{"@type":"SearchAction","target":{"@type":"EntryPoint","urlTemplate":"https:\/\/pistonaddict.com\/pl\/?s={search_term_string}"},"query-input":"required name=search_term_string"}],"inLanguage":"pl-PL"},{"@type":"Organization","@id":"https:\/\/pistonaddict.com\/pl\/#organization","name":"Piston Addict","url":"https:\/\/pistonaddict.com\/pl\/","logo":{"@type":"ImageObject","inLanguage":"pl-PL","@id":"https:\/\/pistonaddict.com\/pl\/#\/schema\/logo\/image\/","url":"https:\/\/pistonaddict.com\/wp-content\/uploads\/2022\/07\/logo-6.png","contentUrl":"https:\/\/pistonaddict.com\/wp-content\/uploads\/2022\/07\/logo-6.png","width":970,"height":200,"caption":"Piston Addict"},"image":{"@id":"https:\/\/pistonaddict.com\/pl\/#\/schema\/logo\/image\/"}}]}},"_links":{"self":[{"href":"https:\/\/pistonaddict.com\/pl\/wp-json\/wp\/v2\/product\/29704"}],"collection":[{"href":"https:\/\/pistonaddict.com\/pl\/wp-json\/wp\/v2\/product"}],"about":[{"href":"https:\/\/pistonaddict.com\/pl\/wp-json\/wp\/v2\/types\/product"}],"replies":[{"embeddable":true,"href":"https:\/\/pistonaddict.com\/pl\/wp-json\/wp\/v2\/comments?post=29704"}],"wp:featuredmedia":[{"embeddable":true,"href":"https:\/\/pistonaddict.com\/pl\/wp-json\/wp\/v2\/media\/29670"}],"wp:attachment":[{"href":"https:\/\/pistonaddict.com\/pl\/wp-json\/wp\/v2\/media?parent=29704"}],"wp:term":[{"taxonomy":"product_cat","embeddable":true,"href":"https:\/\/pistonaddict.com\/pl\/wp-json\/wp\/v2\/product_cat?post=29704"},{"taxonomy":"product_tag","embeddable":true,"href":"https:\/\/pistonaddict.com\/pl\/wp-json\/wp\/v2\/product_tag?post=29704"}],"curies":[{"name":"wp","href":"https:\/\/api.w.org\/{rel}","templated":true}]}}