{"id":108785,"date":"2024-06-11T17:05:07","date_gmt":"2024-06-11T15:05:07","guid":{"rendered":"https:\/\/pistonaddict.com\/product\/lamborghini-urraco-p250\/"},"modified":"2024-06-12T09:54:37","modified_gmt":"2024-06-12T07:54:37","slug":"lamborghini-urraco-p250","status":"publish","type":"product","link":"https:\/\/pistonaddict.com\/pl\/product\/lamborghini-urraco-p250\/","title":{"rendered":"Lamborghini Urraco P250"},"content":{"rendered":"<h2>Zewn\u0119trznie<\/h2>\n<p>Z zewn\u0105trz ten w\u0142oski czteromiejscowy samoch\u00f3d ma klinowat\u0105 sylwetk\u0119, charakterystyczn\u0105 dla wi\u0119kszo\u015bci supersamochod\u00f3w tamtych czas\u00f3w. Prz\u00f3d jest zdominowany przez kultowe reflektory typu pop-up, kt\u00f3re s\u0105 absolutn\u0105 konieczno\u015bci\u0105, aby pomie\u015bci\u0107 p\u0142ask\u0105, nisko zawieszon\u0105 mask\u0119. Przesuwaj\u0105c si\u0119 wzd\u0142u\u017c bok\u00f3w, najbardziej zauwa\u017calne s\u0105 muskularne nadkola mieszcz\u0105ce oryginalne 14-calowe felgi aluminiowe wyposa\u017cone w opony Michelin XWX z epoki. Co wi\u0119cej, bystre oko dostrze\u017ce z ty\u0142u podw\u00f3jny ANSA ze stali nierdzewnej, wykonany przez s\u0142ynnego tunera Abart. Ten konkretny samoch\u00f3d zosta\u0142 polakierowany na elegancki srebrny kolor, nadaj\u0105c agresywnej sylwetce elegancki wygl\u0105d.<\/p>\n<h2>Wn\u0119trze<\/h2>\n<p>Otwarcie drzwi ujawnia bogate wn\u0119trze Lambo w kolorze Nero, z kube\u0142kowymi fotelami przednimi, kt\u00f3rych stan sprzedawca okre\u015bla jako &#8220;nowy&#8221;, co jest najbardziej niezwyk\u0142e. Ten sam opis mo\u017cna zastosowa\u0107 do tylnej kanapy, kt\u00f3ra jest wystarczaj\u0105co przestronna, aby pomie\u015bci\u0107 dwie osoby. Po zaj\u0119ciu miejsca kierowca spogl\u0105da na czteroramienn\u0105 sk\u00f3rzan\u0105 kierownic\u0119, za kt\u00f3r\u0105 znajduje si\u0119 rozbudowany zestaw wska\u017anik\u00f3w. Opr\u00f3cz pr\u0119dko\u015bciomierza si\u0119gaj\u0105cego 280 km\/h i obrotomierza 9000 obr\/min, tarcze obejmuj\u0105 wska\u017aniki temperatury silnika, ci\u015bnienia oleju i napi\u0119cia \u0142adowania. Deska rozdzielcza pokryta jest ciemnoszar\u0105 sk\u00f3r\u0105 Alcantara, dzi\u0119ki czemu jest mi\u0119kka w dotyku i ma p\u0142aski wygl\u0105d, kt\u00f3ry nie odbija promieni s\u0142onecznych.<\/p>\n<h2>Mechanicy<\/h2>\n<p>Jako model P250, ten Urraco ma 2,5-litrowy silnik V8, kt\u00f3ry wytwarza 250 koni mechanicznych i r\u00f3wnie imponuj\u0105cy moment obrotowy 220 Nm. Moc ta jest przenoszona przez 5-biegow\u0105 manualn\u0105 skrzyni\u0119 bieg\u00f3w, zapewniaj\u0105c czas od 0 do 100 w nieca\u0142e 7 sekund i pr\u0119dko\u015b\u0107 maksymaln\u0105 240 kilometr\u00f3w na godzin\u0119. Osi\u0105gi te, imponuj\u0105ce nawet jak na dzisiejsze standardy, czyni\u0142y Uracco jednym z najszybszych czteromiejscowych samochod\u00f3w w tamtym czasie. Prowadzenie jest precyzyjne dzi\u0119ki niezale\u017cnemu zawieszeniu, a sprawne i trwa\u0142e hamulce tarczowe na wszystkich czterech ko\u0142ach zapewniaj\u0105 bezpieczne zatrzymanie.<\/p>\n<h2>Historia pojazdu<\/h2>\n<p>Lamborghini Urraco P250, kt\u00f3re tutaj mamy, zosta\u0142o wyprodukowane w 1975 roku i obecnie ma 78 000 kilometr\u00f3w na zegarze. Przez lata samoch\u00f3d nigdy nie by\u0142 u\u017cywany na torze ani nie bra\u0142 udzia\u0142u w wypadku. W 2016 roku przeszed\u0142 gruntowny remont, podczas kt\u00f3rego silnik i zawieszenie zosta\u0142y w pe\u0142ni przebudowane, a podwozie otrzyma\u0142o now\u0105 warstw\u0119 ochrony antykorozyjnej. W tym samym czasie wn\u0119trze zosta\u0142o ca\u0142kowicie odnowione, a samoch\u00f3d zosta\u0142 przemalowany. Niedoskona\u0142o\u015bci wizualne ograniczaj\u0105 si\u0119 do niewielkiego uszkodzenia drzwi kierowcy, kt\u00f3re zostanie naprawione przed dostarczeniem do przysz\u0142ego w\u0142a\u015bciciela. Pojazd znajduje si\u0119 obecnie w Hiszpanii, gdzie jest zarejestrowany od pierwszego dnia.<\/p>\n<p><strong>Zobacz film z zimnego rozruchu tego niesamowitego<\/strong> <strong>Lamborghini Urraco P250<\/strong>:<\/p>\n<p><iframe title=\"Cold Start Video of the amazing Lamborghini Urraco P250\" width=\"1200\" height=\"675\" src=\"https:\/\/www.youtube.com\/embed\/wt_LCr8LgcQ?feature=oembed\" frameborder=\"0\" allow=\"accelerometer; autoplay; clipboard-write; encrypted-media; gyroscope; picture-in-picture; web-share\" referrerpolicy=\"strict-origin-when-cross-origin\" allowfullscreen><\/iframe><\/p>\n<p><strong>A wycieczka wideo:<\/strong><\/p>\n<p><iframe title=\"Video Tour of the Lamborghini Urraco P250\" width=\"1200\" height=\"675\" src=\"https:\/\/www.youtube.com\/embed\/azU8K1XDHOA?feature=oembed\" frameborder=\"0\" allow=\"accelerometer; autoplay; clipboard-write; encrypted-media; gyroscope; picture-in-picture; web-share\" referrerpolicy=\"strict-origin-when-cross-origin\" allowfullscreen><\/iframe><\/p>\n","protected":false},"excerpt":{"rendered":"<p>Nazwany na cze\u015b\u0107 rasy walcz\u0105cych byk\u00f3w z Miury, Urraco to samoch\u00f3d sportowy produkowany przez Lamborghini w latach 1972-1979. Ten czteromiejscowy samoch\u00f3d, zaprojektowany przez Bertone, mia\u0142 stawi\u0107 czo\u0142a takim konkurentom jak Ferrari 308 GT4 i legendarne Porsche 911. Mimo osza\u0142amiaj\u0105cego wygl\u0105du i \u0142atwo\u015bci prowadzenia, Urraco nie by\u0142 wielkim hitem sprzeda\u017cy &#8211; w ci\u0105gu 7 lat jego produkcji wyprodukowano zaledwie 791 egzemplarzy. Niemniej jednak, tak ograniczona liczba wyprodukowanych egzemplarzy zapewnia ekskluzywno\u015b\u0107, wi\u0119c ci, kt\u00f3rzy kupi\u0105 to srebrne Lambo, b\u0119d\u0105 mieli co\u015b, co nie jest cz\u0119sto spotykane.<\/p>\n","protected":false},"featured_media":108763,"comment_status":"open","ping_status":"closed","template":"","meta":{"inline_featured_image":false},"product_cat":[718],"product_tag":[4221,4223,4219,984],"acf":[],"yoast_head":"<!-- This site is optimized with the Yoast SEO plugin v22.5 - https:\/\/yoast.com\/wordpress\/plugins\/seo\/ -->\n<title>Lamborghini Urraco P250 - nazwa Piston Addict<\/title>\n<meta name=\"robots\" content=\"index, follow, max-snippet:-1, max-image-preview:large, max-video-preview:-1\" \/>\n<link rel=\"canonical\" href=\"https:\/\/pistonaddict.com\/pl\/product\/lamborghini-urraco-p250\/\" \/>\n<meta property=\"og:locale\" content=\"pl_PL\" \/>\n<meta property=\"og:type\" content=\"article\" \/>\n<meta property=\"og:title\" content=\"Lamborghini Urraco P250 - nazwa Piston Addict\" \/>\n<meta property=\"og:description\" content=\"Nazwany na cze\u015b\u0107 rasy walcz\u0105cych byk\u00f3w z Miury, Urraco to samoch\u00f3d sportowy produkowany przez Lamborghini w latach 1972-1979. Ten czteromiejscowy samoch\u00f3d, zaprojektowany przez Bertone, mia\u0142 stawi\u0107 czo\u0142a takim konkurentom jak Ferrari 308 GT4 i legendarne Porsche 911. Mimo osza\u0142amiaj\u0105cego wygl\u0105du i \u0142atwo\u015bci prowadzenia, Urraco nie by\u0142 wielkim hitem sprzeda\u017cy - w ci\u0105gu 7 lat jego produkcji wyprodukowano zaledwie 791 egzemplarzy. Niemniej jednak, tak ograniczona liczba wyprodukowanych egzemplarzy zapewnia ekskluzywno\u015b\u0107, wi\u0119c ci, kt\u00f3rzy kupi\u0105 to srebrne Lambo, b\u0119d\u0105 mieli co\u015b, co nie jest cz\u0119sto spotykane.\" \/>\n<meta property=\"og:url\" content=\"https:\/\/pistonaddict.com\/pl\/product\/lamborghini-urraco-p250\/\" \/>\n<meta property=\"og:site_name\" content=\"Piston Addict\" \/>\n<meta property=\"article:modified_time\" content=\"2024-06-12T07:54:37+00:00\" \/>\n<meta property=\"og:image\" content=\"https:\/\/pistonaddict.com\/wp-content\/uploads\/2024\/06\/IMG-20231121-WA0182.jpg\" \/>\n\t<meta property=\"og:image:width\" content=\"2048\" \/>\n\t<meta property=\"og:image:height\" content=\"1536\" \/>\n\t<meta property=\"og:image:type\" content=\"image\/jpeg\" \/>\n<meta name=\"twitter:card\" content=\"summary_large_image\" \/>\n<meta name=\"twitter:label1\" content=\"Szacowany czas czytania\" \/>\n\t<meta name=\"twitter:data1\" content=\"2 minuty\" \/>\n<script type=\"application\/ld+json\" class=\"yoast-schema-graph\">{\"@context\":\"https:\/\/schema.org\",\"@graph\":[{\"@type\":\"WebPage\",\"@id\":\"https:\/\/pistonaddict.com\/pl\/product\/lamborghini-urraco-p250\/\",\"url\":\"https:\/\/pistonaddict.com\/pl\/product\/lamborghini-urraco-p250\/\",\"name\":\"Lamborghini Urraco P250 - nazwa Piston Addict\",\"isPartOf\":{\"@id\":\"https:\/\/pistonaddict.com\/pl\/#website\"},\"primaryImageOfPage\":{\"@id\":\"https:\/\/pistonaddict.com\/pl\/product\/lamborghini-urraco-p250\/#primaryimage\"},\"image\":{\"@id\":\"https:\/\/pistonaddict.com\/pl\/product\/lamborghini-urraco-p250\/#primaryimage\"},\"thumbnailUrl\":\"https:\/\/pistonaddict.com\/wp-content\/uploads\/2024\/06\/IMG-20231121-WA0182.jpg\",\"datePublished\":\"2024-06-11T15:05:07+00:00\",\"dateModified\":\"2024-06-12T07:54:37+00:00\",\"breadcrumb\":{\"@id\":\"https:\/\/pistonaddict.com\/pl\/product\/lamborghini-urraco-p250\/#breadcrumb\"},\"inLanguage\":\"pl-PL\",\"potentialAction\":[{\"@type\":\"ReadAction\",\"target\":[\"https:\/\/pistonaddict.com\/pl\/product\/lamborghini-urraco-p250\/\"]}]},{\"@type\":\"ImageObject\",\"inLanguage\":\"pl-PL\",\"@id\":\"https:\/\/pistonaddict.com\/pl\/product\/lamborghini-urraco-p250\/#primaryimage\",\"url\":\"https:\/\/pistonaddict.com\/wp-content\/uploads\/2024\/06\/IMG-20231121-WA0182.jpg\",\"contentUrl\":\"https:\/\/pistonaddict.com\/wp-content\/uploads\/2024\/06\/IMG-20231121-WA0182.jpg\",\"width\":2048,\"height\":1536},{\"@type\":\"BreadcrumbList\",\"@id\":\"https:\/\/pistonaddict.com\/pl\/product\/lamborghini-urraco-p250\/#breadcrumb\",\"itemListElement\":[{\"@type\":\"ListItem\",\"position\":1,\"name\":\"Strona g\u0142\u00f3wna\",\"item\":\"https:\/\/pistonaddict.com\/pl\/strona-glowna-2\/\"},{\"@type\":\"ListItem\",\"position\":2,\"name\":\"Auctions\",\"item\":\"https:\/\/pistonaddict.com\/auctions-listing\/\"},{\"@type\":\"ListItem\",\"position\":3,\"name\":\"Lamborghini Urraco P250\"}]},{\"@type\":\"WebSite\",\"@id\":\"https:\/\/pistonaddict.com\/pl\/#website\",\"url\":\"https:\/\/pistonaddict.com\/pl\/\",\"name\":\"Piston Addict\",\"description\":\"Only interesting vehicles\",\"publisher\":{\"@id\":\"https:\/\/pistonaddict.com\/pl\/#organization\"},\"potentialAction\":[{\"@type\":\"SearchAction\",\"target\":{\"@type\":\"EntryPoint\",\"urlTemplate\":\"https:\/\/pistonaddict.com\/pl\/?s={search_term_string}\"},\"query-input\":\"required name=search_term_string\"}],\"inLanguage\":\"pl-PL\"},{\"@type\":\"Organization\",\"@id\":\"https:\/\/pistonaddict.com\/pl\/#organization\",\"name\":\"Piston Addict\",\"url\":\"https:\/\/pistonaddict.com\/pl\/\",\"logo\":{\"@type\":\"ImageObject\",\"inLanguage\":\"pl-PL\",\"@id\":\"https:\/\/pistonaddict.com\/pl\/#\/schema\/logo\/image\/\",\"url\":\"https:\/\/pistonaddict.com\/wp-content\/uploads\/2022\/07\/logo-6.png\",\"contentUrl\":\"https:\/\/pistonaddict.com\/wp-content\/uploads\/2022\/07\/logo-6.png\",\"width\":970,\"height\":200,\"caption\":\"Piston Addict\"},\"image\":{\"@id\":\"https:\/\/pistonaddict.com\/pl\/#\/schema\/logo\/image\/\"}}]}<\/script>\n<!-- \/ Yoast SEO plugin. -->","yoast_head_json":{"title":"Lamborghini Urraco P250 - nazwa Piston Addict","robots":{"index":"index","follow":"follow","max-snippet":"max-snippet:-1","max-image-preview":"max-image-preview:large","max-video-preview":"max-video-preview:-1"},"canonical":"https:\/\/pistonaddict.com\/pl\/product\/lamborghini-urraco-p250\/","og_locale":"pl_PL","og_type":"article","og_title":"Lamborghini Urraco P250 - nazwa Piston Addict","og_description":"Nazwany na cze\u015b\u0107 rasy walcz\u0105cych byk\u00f3w z Miury, Urraco to samoch\u00f3d sportowy produkowany przez Lamborghini w latach 1972-1979. Ten czteromiejscowy samoch\u00f3d, zaprojektowany przez Bertone, mia\u0142 stawi\u0107 czo\u0142a takim konkurentom jak Ferrari 308 GT4 i legendarne Porsche 911. Mimo osza\u0142amiaj\u0105cego wygl\u0105du i \u0142atwo\u015bci prowadzenia, Urraco nie by\u0142 wielkim hitem sprzeda\u017cy - w ci\u0105gu 7 lat jego produkcji wyprodukowano zaledwie 791 egzemplarzy. Niemniej jednak, tak ograniczona liczba wyprodukowanych egzemplarzy zapewnia ekskluzywno\u015b\u0107, wi\u0119c ci, kt\u00f3rzy kupi\u0105 to srebrne Lambo, b\u0119d\u0105 mieli co\u015b, co nie jest cz\u0119sto spotykane.","og_url":"https:\/\/pistonaddict.com\/pl\/product\/lamborghini-urraco-p250\/","og_site_name":"Piston Addict","article_modified_time":"2024-06-12T07:54:37+00:00","og_image":[{"width":2048,"height":1536,"url":"https:\/\/pistonaddict.com\/wp-content\/uploads\/2024\/06\/IMG-20231121-WA0182.jpg","type":"image\/jpeg"}],"twitter_card":"summary_large_image","twitter_misc":{"Szacowany czas czytania":"2 minuty"},"schema":{"@context":"https:\/\/schema.org","@graph":[{"@type":"WebPage","@id":"https:\/\/pistonaddict.com\/pl\/product\/lamborghini-urraco-p250\/","url":"https:\/\/pistonaddict.com\/pl\/product\/lamborghini-urraco-p250\/","name":"Lamborghini Urraco P250 - nazwa Piston Addict","isPartOf":{"@id":"https:\/\/pistonaddict.com\/pl\/#website"},"primaryImageOfPage":{"@id":"https:\/\/pistonaddict.com\/pl\/product\/lamborghini-urraco-p250\/#primaryimage"},"image":{"@id":"https:\/\/pistonaddict.com\/pl\/product\/lamborghini-urraco-p250\/#primaryimage"},"thumbnailUrl":"https:\/\/pistonaddict.com\/wp-content\/uploads\/2024\/06\/IMG-20231121-WA0182.jpg","datePublished":"2024-06-11T15:05:07+00:00","dateModified":"2024-06-12T07:54:37+00:00","breadcrumb":{"@id":"https:\/\/pistonaddict.com\/pl\/product\/lamborghini-urraco-p250\/#breadcrumb"},"inLanguage":"pl-PL","potentialAction":[{"@type":"ReadAction","target":["https:\/\/pistonaddict.com\/pl\/product\/lamborghini-urraco-p250\/"]}]},{"@type":"ImageObject","inLanguage":"pl-PL","@id":"https:\/\/pistonaddict.com\/pl\/product\/lamborghini-urraco-p250\/#primaryimage","url":"https:\/\/pistonaddict.com\/wp-content\/uploads\/2024\/06\/IMG-20231121-WA0182.jpg","contentUrl":"https:\/\/pistonaddict.com\/wp-content\/uploads\/2024\/06\/IMG-20231121-WA0182.jpg","width":2048,"height":1536},{"@type":"BreadcrumbList","@id":"https:\/\/pistonaddict.com\/pl\/product\/lamborghini-urraco-p250\/#breadcrumb","itemListElement":[{"@type":"ListItem","position":1,"name":"Strona g\u0142\u00f3wna","item":"https:\/\/pistonaddict.com\/pl\/strona-glowna-2\/"},{"@type":"ListItem","position":2,"name":"Auctions","item":"https:\/\/pistonaddict.com\/auctions-listing\/"},{"@type":"ListItem","position":3,"name":"Lamborghini Urraco P250"}]},{"@type":"WebSite","@id":"https:\/\/pistonaddict.com\/pl\/#website","url":"https:\/\/pistonaddict.com\/pl\/","name":"Piston Addict","description":"Only interesting vehicles","publisher":{"@id":"https:\/\/pistonaddict.com\/pl\/#organization"},"potentialAction":[{"@type":"SearchAction","target":{"@type":"EntryPoint","urlTemplate":"https:\/\/pistonaddict.com\/pl\/?s={search_term_string}"},"query-input":"required name=search_term_string"}],"inLanguage":"pl-PL"},{"@type":"Organization","@id":"https:\/\/pistonaddict.com\/pl\/#organization","name":"Piston Addict","url":"https:\/\/pistonaddict.com\/pl\/","logo":{"@type":"ImageObject","inLanguage":"pl-PL","@id":"https:\/\/pistonaddict.com\/pl\/#\/schema\/logo\/image\/","url":"https:\/\/pistonaddict.com\/wp-content\/uploads\/2022\/07\/logo-6.png","contentUrl":"https:\/\/pistonaddict.com\/wp-content\/uploads\/2022\/07\/logo-6.png","width":970,"height":200,"caption":"Piston Addict"},"image":{"@id":"https:\/\/pistonaddict.com\/pl\/#\/schema\/logo\/image\/"}}]}},"_links":{"self":[{"href":"https:\/\/pistonaddict.com\/pl\/wp-json\/wp\/v2\/product\/108785"}],"collection":[{"href":"https:\/\/pistonaddict.com\/pl\/wp-json\/wp\/v2\/product"}],"about":[{"href":"https:\/\/pistonaddict.com\/pl\/wp-json\/wp\/v2\/types\/product"}],"replies":[{"embeddable":true,"href":"https:\/\/pistonaddict.com\/pl\/wp-json\/wp\/v2\/comments?post=108785"}],"wp:featuredmedia":[{"embeddable":true,"href":"https:\/\/pistonaddict.com\/pl\/wp-json\/wp\/v2\/media\/108763"}],"wp:attachment":[{"href":"https:\/\/pistonaddict.com\/pl\/wp-json\/wp\/v2\/media?parent=108785"}],"wp:term":[{"taxonomy":"product_cat","embeddable":true,"href":"https:\/\/pistonaddict.com\/pl\/wp-json\/wp\/v2\/product_cat?post=108785"},{"taxonomy":"product_tag","embeddable":true,"href":"https:\/\/pistonaddict.com\/pl\/wp-json\/wp\/v2\/product_tag?post=108785"}],"curies":[{"name":"wp","href":"https:\/\/api.w.org\/{rel}","templated":true}]}}