{"id":104834,"date":"2024-05-21T11:33:26","date_gmt":"2024-05-21T09:33:26","guid":{"rendered":"https:\/\/pistonaddict.com\/product\/fisker-karma-2\/"},"modified":"2024-05-21T14:15:27","modified_gmt":"2024-05-21T12:15:27","slug":"fisker-karma-2","status":"publish","type":"product","link":"https:\/\/pistonaddict.com\/pl\/product\/fisker-karma-2\/","title":{"rendered":"Fisker Karma"},"content":{"rendered":"<p><strong>Historia samochodu<\/strong><\/p>\n<p>Fisker Karma, \u015bwiadectwo geniuszu Henrika Fiskera, zosta\u0142 zaprezentowany w 2011 roku. Ten hybrydowy pojazd elektryczny typu plug-in (PHEV) nie tylko przesun\u0105\u0142 granice motoryzacyjnego designu i technologii, ale tak\u017ce podbi\u0142 serca swoj\u0105 uderzaj\u0105c\u0105 estetyk\u0105, luksusowym wn\u0119trzem i innowacyjn\u0105 in\u017cynieri\u0105. Chocia\u017c hybrydy nie by\u0142y w\u00f3wczas nowo\u015bci\u0105, Karma na nowo zdefiniowa\u0142a ich postrzeganie, przekszta\u0142caj\u0105c je z przyziemnych w aspiracyjne. P\u0142ynnie \u0142\u0105czy osi\u0105gi i zr\u00f3wnowa\u017cony rozw\u00f3j, dzi\u0119ki czemu hybrydy s\u0105 zar\u00f3wno przyjazne dla \u015brodowiska, jak i stylowe i ekscytuj\u0105ce w prowadzeniu. Nap\u0119dzana pot\u0119\u017cn\u0105 kombinacj\u0105 2,0-litrowego turbodo\u0142adowanego silnika benzynowego i dw\u00f3ch silnik\u00f3w elektrycznych, Karma mog\u0142a pochwali\u0107 si\u0119 imponuj\u0105cymi osi\u0105gami. Przyspieszenie od 0 do 100 km\/h w zaledwie 5,9 sekundy i pr\u0119dko\u015b\u0107 maksymalna przekraczaj\u0105ca 200 km\/h pokaza\u0142y jego sportowy rodow\u00f3d. Osi\u0105gn\u0105\u0142 to jednak przy zachowaniu godnej pochwa\u0142y wydajno\u015bci paliwowej. Poza osi\u0105gami, design Karmy sta\u0142 si\u0119 jej cech\u0105 charakterystyczn\u0105. Jego wdzi\u0119czne linie i imponuj\u0105ca prezencja zwraca\u0142y uwag\u0119 wsz\u0119dzie, gdzie si\u0119 pojawi\u0142, wzbudzaj\u0105c podziw entuzjast\u00f3w motoryzacji na ca\u0142ym \u015bwiecie. Ten konkretny model, iteracja drugiej serii z 2013 roku, zajmuje miejsce rzadko\u015bci i ekskluzywno\u015bci. Spo\u015br\u00f3d 2 349 wyprodukowanych Fisker Karmas, ten konkretny nale\u017cy do ostatniej partii, nosz\u0105c numer seryjny 2 259. Rzadki klejnot, tylko 188 pojazd\u00f3w na ca\u0142ym \u015bwiecie mo\u017ce pochwali\u0107 si\u0119 tym unikalnym po\u0142\u0105czeniem koloru i felg.<\/p>\n<p><strong>Stan<\/strong><\/p>\n<p>Z przebiegiem zaledwie 82 080 km, kompleksow\u0105 histori\u0105 serwisow\u0105 i zaledwie kilkoma oddanymi w\u0142a\u015bcicielami, ta Karma jest w nieskazitelnym stanie. Je\u015bli chodzi o oszcz\u0119dno\u015b\u0107 paliwa, Fisker zapewnia, \u017ce zasi\u0119g wy\u0142\u0105cznie elektryczny przekracza 80 km, co czyni go odpowiednim do codziennych dojazd\u00f3w do pracy. Co wi\u0119cej, niezwyk\u0142e warto\u015bci pojawiaj\u0105 si\u0119 podczas korzystania z benzyny i energii elektrycznej, \u015brednio zaledwie 4,5 litra paliwa na 100 km. Potencjalni nabywcy doceni\u0105 skrupulatn\u0105 konserwacj\u0119 tego pojazdu, o czym \u015bwiadczy kompleksowa dokumentacja serwisowa. Wymiana oleju mia\u0142a miejsce pod koniec 2022 roku, kompletny serwis w marcu 2024 roku, a przegl\u0105d uk\u0142adu hamulcowego w maju 2024 roku, aby zapewni\u0107, \u017ce ta elegancka czarna Karma jest w doskona\u0142ym stanie. Najwa\u017cniejsz\u0105 rzecz\u0105, o kt\u00f3rej nale\u017cy wspomnie\u0107, jest to, \u017ce akumulator sko\u0144czy\u0142 si\u0119 w 2017 roku, kiedy obecny w\u0142a\u015bciciel kupi\u0142 samoch\u00f3d &#8211; co oznacza, \u017ce przyszli w\u0142a\u015bciciele b\u0119d\u0105 mieli bezproblemowe do\u015bwiadczenie z posiadaniem samochodu.<\/p>\n<p><strong>Wn\u0119trze<\/strong><\/p>\n<p>Po\u0142\u0105czenie czarnej sk\u00f3ry i Alcantary idealnie pasuje do wygl\u0105du zewn\u0119trznego, ale najwa\u017cniejsze jest to, \u017ce wn\u0119trze jest jak nowe, bez rozdar\u0107, uszkodze\u0144 i modyfikacji. Systemy informacyjno-rozrywkowe i audio s\u0105 obecne, a bezramkowe drzwi dodaj\u0105 temu sedanowi sportowego charakteru coupe. Ze wzgl\u0119du na swoj\u0105 specyficzn\u0105 konstrukcj\u0119, Karma siedzi nisko i zapewnia pasa\u017cerom wi\u0119cej miejsca wewn\u0105trz ni\u017c konkurenci. Ka\u017cda funkcja, taka jak podgrzewane fotele, jest funkcjonalna i sprawna.<\/p>\n<p><strong>Wygl\u0105d zewn\u0119trzny i ko\u0142a<\/strong><\/p>\n<p>B\u0142yszcz\u0105cy czarny lakier jest w doskona\u0142ym stanie, bez zadrapa\u0144, wgniece\u0144 i uszkodze\u0144. Unikalny dach solarny jest obecny i funkcjonalny i nadal s\u0142u\u017cy jako jedna z najbardziej niezwyk\u0142ych cech tego modelu. Ta Karma jest wyposa\u017cona w opcjonalne 22-calowe ko\u0142a owini\u0119te w opony Pirelli na przednich ko\u0142ach i opony Goodyear na tylnych. Przednie opony zosta\u0142y zamontowane w marcu 2024 roku i s\u0105 jak nowe. Jedyn\u0105 napraw\u0105 wykonan\u0105 na zewn\u0105trz jest odnowienie unikalnie wygl\u0105daj\u0105cych k\u00f3\u0142, aby wygl\u0105da\u0142y jak dopiero co dostarczone.<\/p>\n<p><strong>Dokumentacja<\/strong><\/p>\n<p>Ten samoch\u00f3d znajduje si\u0119 w Szwajcarii i jest sprzedawany przez osob\u0119 prywatn\u0105. <a href=\"https:\/\/pistonaddict.com\/wp-content\/uploads\/2024\/05\/YH4K14AA4CA002259.pdf\">Raport CarVertical<\/a> jest czysty; nie ma dowod\u00f3w na wypadki, naprawy powypadkowe, w\u0142asno\u015b\u0107 lub problemy prawne. Istniej\u0105 zapisy dotycz\u0105ce regularnej konserwacji, rachunki sprzeda\u017cy i paragony. Ten model nie jest obj\u0119ty gwarancj\u0105 fabryczn\u0105.<\/p>\n<p><strong>Obejrzyj wideo tego wspania\u0142ego Fisker Karma :<\/strong><\/p>\n<p><iframe title=\"Video Tour of the Fisker Karma for auction sale\" width=\"1200\" height=\"675\" src=\"https:\/\/www.youtube.com\/embed\/xv_ZkvmcPKw?feature=oembed\" frameborder=\"0\" allow=\"accelerometer; autoplay; clipboard-write; encrypted-media; gyroscope; picture-in-picture; web-share\" referrerpolicy=\"strict-origin-when-cross-origin\" allowfullscreen><\/iframe><\/p>\n","protected":false},"excerpt":{"rendered":"<p>Fisker Karma na zawsze pozostanie w pami\u0119ci jako jedna z najciekawszych i jedna z pierwszych hybryd dost\u0119pnych na ca\u0142ym \u015bwiecie. Dzi\u0119ki unikalnemu designowi, pot\u0119\u017cnemu uk\u0142adowi nap\u0119dowemu, wspania\u0142ym funkcjom i bardzo niskiej produkcji, Karma jest w rzeczywisto\u015bci pierwszym kolekcjonerskim samochodem nowoczesnej ery EV\/Hybrid. Przysz\u0142y klasyk? Zdecydowanie!<\/p>\n","protected":false},"featured_media":104625,"comment_status":"open","ping_status":"closed","template":"","meta":{"inline_featured_image":false},"product_cat":[718],"product_tag":[4062,4063,913,1819,4065],"acf":[],"yoast_head":"<!-- This site is optimized with the Yoast SEO plugin v22.5 - https:\/\/yoast.com\/wordpress\/plugins\/seo\/ -->\n<title>Fisker Karma - nazwa Piston Addict<\/title>\n<meta name=\"robots\" content=\"index, follow, max-snippet:-1, max-image-preview:large, max-video-preview:-1\" \/>\n<link rel=\"canonical\" href=\"https:\/\/pistonaddict.com\/pl\/product\/fisker-karma-2\/\" \/>\n<meta property=\"og:locale\" content=\"pl_PL\" \/>\n<meta property=\"og:type\" content=\"article\" \/>\n<meta property=\"og:title\" content=\"Fisker Karma - nazwa Piston Addict\" \/>\n<meta property=\"og:description\" content=\"Fisker Karma na zawsze pozostanie w pami\u0119ci jako jedna z najciekawszych i jedna z pierwszych hybryd dost\u0119pnych na ca\u0142ym \u015bwiecie. Dzi\u0119ki unikalnemu designowi, pot\u0119\u017cnemu uk\u0142adowi nap\u0119dowemu, wspania\u0142ym funkcjom i bardzo niskiej produkcji, Karma jest w rzeczywisto\u015bci pierwszym kolekcjonerskim samochodem nowoczesnej ery EV\/Hybrid. Przysz\u0142y klasyk? Zdecydowanie!\" \/>\n<meta property=\"og:url\" content=\"https:\/\/pistonaddict.com\/pl\/product\/fisker-karma-2\/\" \/>\n<meta property=\"og:site_name\" content=\"Piston Addict\" \/>\n<meta property=\"article:modified_time\" content=\"2024-05-21T12:15:27+00:00\" \/>\n<meta property=\"og:image\" content=\"https:\/\/pistonaddict.com\/wp-content\/uploads\/2024\/05\/IMG-20240321-WA0010.jpg\" \/>\n\t<meta property=\"og:image:width\" content=\"2000\" \/>\n\t<meta property=\"og:image:height\" content=\"1500\" \/>\n\t<meta property=\"og:image:type\" content=\"image\/jpeg\" \/>\n<meta name=\"twitter:card\" content=\"summary_large_image\" \/>\n<meta name=\"twitter:label1\" content=\"Szacowany czas czytania\" \/>\n\t<meta name=\"twitter:data1\" content=\"3 minuty\" \/>\n<script type=\"application\/ld+json\" class=\"yoast-schema-graph\">{\"@context\":\"https:\/\/schema.org\",\"@graph\":[{\"@type\":\"WebPage\",\"@id\":\"https:\/\/pistonaddict.com\/pl\/product\/fisker-karma-2\/\",\"url\":\"https:\/\/pistonaddict.com\/pl\/product\/fisker-karma-2\/\",\"name\":\"Fisker Karma - nazwa Piston Addict\",\"isPartOf\":{\"@id\":\"https:\/\/pistonaddict.com\/pl\/#website\"},\"primaryImageOfPage\":{\"@id\":\"https:\/\/pistonaddict.com\/pl\/product\/fisker-karma-2\/#primaryimage\"},\"image\":{\"@id\":\"https:\/\/pistonaddict.com\/pl\/product\/fisker-karma-2\/#primaryimage\"},\"thumbnailUrl\":\"https:\/\/pistonaddict.com\/wp-content\/uploads\/2024\/05\/IMG-20240321-WA0010.jpg\",\"datePublished\":\"2024-05-21T09:33:26+00:00\",\"dateModified\":\"2024-05-21T12:15:27+00:00\",\"breadcrumb\":{\"@id\":\"https:\/\/pistonaddict.com\/pl\/product\/fisker-karma-2\/#breadcrumb\"},\"inLanguage\":\"pl-PL\",\"potentialAction\":[{\"@type\":\"ReadAction\",\"target\":[\"https:\/\/pistonaddict.com\/pl\/product\/fisker-karma-2\/\"]}]},{\"@type\":\"ImageObject\",\"inLanguage\":\"pl-PL\",\"@id\":\"https:\/\/pistonaddict.com\/pl\/product\/fisker-karma-2\/#primaryimage\",\"url\":\"https:\/\/pistonaddict.com\/wp-content\/uploads\/2024\/05\/IMG-20240321-WA0010.jpg\",\"contentUrl\":\"https:\/\/pistonaddict.com\/wp-content\/uploads\/2024\/05\/IMG-20240321-WA0010.jpg\",\"width\":2000,\"height\":1500},{\"@type\":\"BreadcrumbList\",\"@id\":\"https:\/\/pistonaddict.com\/pl\/product\/fisker-karma-2\/#breadcrumb\",\"itemListElement\":[{\"@type\":\"ListItem\",\"position\":1,\"name\":\"Strona g\u0142\u00f3wna\",\"item\":\"https:\/\/pistonaddict.com\/pl\/strona-glowna-2\/\"},{\"@type\":\"ListItem\",\"position\":2,\"name\":\"Auctions\",\"item\":\"https:\/\/pistonaddict.com\/auctions-listing\/\"},{\"@type\":\"ListItem\",\"position\":3,\"name\":\"Fisker Karma\"}]},{\"@type\":\"WebSite\",\"@id\":\"https:\/\/pistonaddict.com\/pl\/#website\",\"url\":\"https:\/\/pistonaddict.com\/pl\/\",\"name\":\"Piston Addict\",\"description\":\"Only interesting vehicles\",\"publisher\":{\"@id\":\"https:\/\/pistonaddict.com\/pl\/#organization\"},\"potentialAction\":[{\"@type\":\"SearchAction\",\"target\":{\"@type\":\"EntryPoint\",\"urlTemplate\":\"https:\/\/pistonaddict.com\/pl\/?s={search_term_string}\"},\"query-input\":\"required name=search_term_string\"}],\"inLanguage\":\"pl-PL\"},{\"@type\":\"Organization\",\"@id\":\"https:\/\/pistonaddict.com\/pl\/#organization\",\"name\":\"Piston Addict\",\"url\":\"https:\/\/pistonaddict.com\/pl\/\",\"logo\":{\"@type\":\"ImageObject\",\"inLanguage\":\"pl-PL\",\"@id\":\"https:\/\/pistonaddict.com\/pl\/#\/schema\/logo\/image\/\",\"url\":\"https:\/\/pistonaddict.com\/wp-content\/uploads\/2022\/07\/logo-6.png\",\"contentUrl\":\"https:\/\/pistonaddict.com\/wp-content\/uploads\/2022\/07\/logo-6.png\",\"width\":970,\"height\":200,\"caption\":\"Piston Addict\"},\"image\":{\"@id\":\"https:\/\/pistonaddict.com\/pl\/#\/schema\/logo\/image\/\"}}]}<\/script>\n<!-- \/ Yoast SEO plugin. -->","yoast_head_json":{"title":"Fisker Karma - nazwa Piston Addict","robots":{"index":"index","follow":"follow","max-snippet":"max-snippet:-1","max-image-preview":"max-image-preview:large","max-video-preview":"max-video-preview:-1"},"canonical":"https:\/\/pistonaddict.com\/pl\/product\/fisker-karma-2\/","og_locale":"pl_PL","og_type":"article","og_title":"Fisker Karma - nazwa Piston Addict","og_description":"Fisker Karma na zawsze pozostanie w pami\u0119ci jako jedna z najciekawszych i jedna z pierwszych hybryd dost\u0119pnych na ca\u0142ym \u015bwiecie. Dzi\u0119ki unikalnemu designowi, pot\u0119\u017cnemu uk\u0142adowi nap\u0119dowemu, wspania\u0142ym funkcjom i bardzo niskiej produkcji, Karma jest w rzeczywisto\u015bci pierwszym kolekcjonerskim samochodem nowoczesnej ery EV\/Hybrid. Przysz\u0142y klasyk? Zdecydowanie!","og_url":"https:\/\/pistonaddict.com\/pl\/product\/fisker-karma-2\/","og_site_name":"Piston Addict","article_modified_time":"2024-05-21T12:15:27+00:00","og_image":[{"width":2000,"height":1500,"url":"https:\/\/pistonaddict.com\/wp-content\/uploads\/2024\/05\/IMG-20240321-WA0010.jpg","type":"image\/jpeg"}],"twitter_card":"summary_large_image","twitter_misc":{"Szacowany czas czytania":"3 minuty"},"schema":{"@context":"https:\/\/schema.org","@graph":[{"@type":"WebPage","@id":"https:\/\/pistonaddict.com\/pl\/product\/fisker-karma-2\/","url":"https:\/\/pistonaddict.com\/pl\/product\/fisker-karma-2\/","name":"Fisker Karma - nazwa Piston Addict","isPartOf":{"@id":"https:\/\/pistonaddict.com\/pl\/#website"},"primaryImageOfPage":{"@id":"https:\/\/pistonaddict.com\/pl\/product\/fisker-karma-2\/#primaryimage"},"image":{"@id":"https:\/\/pistonaddict.com\/pl\/product\/fisker-karma-2\/#primaryimage"},"thumbnailUrl":"https:\/\/pistonaddict.com\/wp-content\/uploads\/2024\/05\/IMG-20240321-WA0010.jpg","datePublished":"2024-05-21T09:33:26+00:00","dateModified":"2024-05-21T12:15:27+00:00","breadcrumb":{"@id":"https:\/\/pistonaddict.com\/pl\/product\/fisker-karma-2\/#breadcrumb"},"inLanguage":"pl-PL","potentialAction":[{"@type":"ReadAction","target":["https:\/\/pistonaddict.com\/pl\/product\/fisker-karma-2\/"]}]},{"@type":"ImageObject","inLanguage":"pl-PL","@id":"https:\/\/pistonaddict.com\/pl\/product\/fisker-karma-2\/#primaryimage","url":"https:\/\/pistonaddict.com\/wp-content\/uploads\/2024\/05\/IMG-20240321-WA0010.jpg","contentUrl":"https:\/\/pistonaddict.com\/wp-content\/uploads\/2024\/05\/IMG-20240321-WA0010.jpg","width":2000,"height":1500},{"@type":"BreadcrumbList","@id":"https:\/\/pistonaddict.com\/pl\/product\/fisker-karma-2\/#breadcrumb","itemListElement":[{"@type":"ListItem","position":1,"name":"Strona g\u0142\u00f3wna","item":"https:\/\/pistonaddict.com\/pl\/strona-glowna-2\/"},{"@type":"ListItem","position":2,"name":"Auctions","item":"https:\/\/pistonaddict.com\/auctions-listing\/"},{"@type":"ListItem","position":3,"name":"Fisker Karma"}]},{"@type":"WebSite","@id":"https:\/\/pistonaddict.com\/pl\/#website","url":"https:\/\/pistonaddict.com\/pl\/","name":"Piston Addict","description":"Only interesting vehicles","publisher":{"@id":"https:\/\/pistonaddict.com\/pl\/#organization"},"potentialAction":[{"@type":"SearchAction","target":{"@type":"EntryPoint","urlTemplate":"https:\/\/pistonaddict.com\/pl\/?s={search_term_string}"},"query-input":"required name=search_term_string"}],"inLanguage":"pl-PL"},{"@type":"Organization","@id":"https:\/\/pistonaddict.com\/pl\/#organization","name":"Piston Addict","url":"https:\/\/pistonaddict.com\/pl\/","logo":{"@type":"ImageObject","inLanguage":"pl-PL","@id":"https:\/\/pistonaddict.com\/pl\/#\/schema\/logo\/image\/","url":"https:\/\/pistonaddict.com\/wp-content\/uploads\/2022\/07\/logo-6.png","contentUrl":"https:\/\/pistonaddict.com\/wp-content\/uploads\/2022\/07\/logo-6.png","width":970,"height":200,"caption":"Piston Addict"},"image":{"@id":"https:\/\/pistonaddict.com\/pl\/#\/schema\/logo\/image\/"}}]}},"_links":{"self":[{"href":"https:\/\/pistonaddict.com\/pl\/wp-json\/wp\/v2\/product\/104834"}],"collection":[{"href":"https:\/\/pistonaddict.com\/pl\/wp-json\/wp\/v2\/product"}],"about":[{"href":"https:\/\/pistonaddict.com\/pl\/wp-json\/wp\/v2\/types\/product"}],"replies":[{"embeddable":true,"href":"https:\/\/pistonaddict.com\/pl\/wp-json\/wp\/v2\/comments?post=104834"}],"wp:featuredmedia":[{"embeddable":true,"href":"https:\/\/pistonaddict.com\/pl\/wp-json\/wp\/v2\/media\/104625"}],"wp:attachment":[{"href":"https:\/\/pistonaddict.com\/pl\/wp-json\/wp\/v2\/media?parent=104834"}],"wp:term":[{"taxonomy":"product_cat","embeddable":true,"href":"https:\/\/pistonaddict.com\/pl\/wp-json\/wp\/v2\/product_cat?post=104834"},{"taxonomy":"product_tag","embeddable":true,"href":"https:\/\/pistonaddict.com\/pl\/wp-json\/wp\/v2\/product_tag?post=104834"}],"curies":[{"name":"wp","href":"https:\/\/api.w.org\/{rel}","templated":true}]}}