{"id":104255,"date":"2024-05-17T11:16:20","date_gmt":"2024-05-17T09:16:20","guid":{"rendered":"https:\/\/pistonaddict.com\/product\/1979-pontiac-bonneville-brougham\/"},"modified":"2024-05-17T15:57:24","modified_gmt":"2024-05-17T13:57:24","slug":"1979-pontiac-bonneville-brougham","status":"publish","type":"product","link":"https:\/\/pistonaddict.com\/pl\/product\/1979-pontiac-bonneville-brougham\/","title":{"rendered":"1979 Pontiac Bonneville Brougham"},"content":{"rendered":"<p><strong>Historia samochodu<\/strong><\/p>\n<p>W nomenklaturze GM Pontiac Bonneville zajmowa\u0142 szczeg\u00f3lne miejsce. Mimo \u017ce by\u0142 blisko spokrewniony z bardziej przyziemnymi Chevroletem Impal\u0105 i Caprice, unikalne cechy konstrukcyjne, ekskluzywny luksus i osi\u0105gi wyra\u017anie odr\u00f3\u017cnia\u0142y go od reszty rasy. Od czasu wprowadzenia pierwszego modelu Bonneville w 1958 roku, tabliczka ta ma szczeg\u00f3lny urok w\u015br\u00f3d ameryka\u0144skich fan\u00f3w motoryzacji. Pomimo mniejszej mocy ni\u017c jego poprzednicy, Bonneville z 1979 roku by\u0142 uwa\u017cany za jeden z najlepszych sedan\u00f3w na rynku i najlepszy wyb\u00f3r dla wymagaj\u0105cych entuzjast\u00f3w, kt\u00f3rzy chc\u0105 po\u0142\u0105czenia luksusu i osi\u0105g\u00f3w. Sz\u00f3sta generacja zosta\u0142a wprowadzona w 1977 roku i by\u0142a sprzedawana do 1981 roku, zanim GM zast\u0105pi\u0142 j\u0105 mniejszym i niezbyt atrakcyjnym modelem. Dlatego ten konkretny Bonneville jest tak interesuj\u0105cy. Jest to nie tylko jeden z ostatnich prawdziwych sedan\u00f3w Pontiac, ale tak\u017ce egzemplarz z wyj\u0105tkow\u0105 histori\u0105 i w nieskazitelnym stanie. Poniewa\u017c jest to Bonneville Brougham (model z najwy\u017cszej p\u00f3\u0142ki), jest r\u00f3wnie\u017c do\u015b\u0107 rzadki, a Pontiac wyprodukowa\u0142 tylko oko\u0142o 17 300 egzemplarzy w tym roku. Pod mask\u0105 znajduje si\u0119 opcjonalny silnik 350 V8 (5,7 litra) o mocy 170 KM po\u0142\u0105czony z 4-biegow\u0105 automatyczn\u0105 skrzyni\u0105 bieg\u00f3w.<\/p>\n<p>Ten konkretny egzemplarz zosta\u0142 pierwotnie sprzedany w Meksyku w 1979 roku, a zaraz potem sprowadzony do Hiszpanii. Dlatego ma pr\u0119dko\u015bciomierz w kilometrach i inne szczeg\u00f3\u0142owe informacje. W\u0142a\u015bciciel sprowadzi\u0142 go i u\u017cywa\u0142 sporadycznie, wi\u0119c samoch\u00f3d przejecha\u0142 tylko 31 000 kilometr\u00f3w. Obecny w\u0142a\u015bciciel naby\u0142 go w 2019 roku od rodziny pierwotnego w\u0142a\u015bciciela i odrestaurowa\u0142 pojazd (lakier i kilka detali), co doprowadzi\u0142o tego poszukiwanego sedana do nowego stanu.<\/p>\n<p><strong>Wn\u0119trze<\/strong><\/p>\n<p>Gdy usi\u0105dziesz za kierownic\u0105 Pontiaca Bonneville z 1979 roku, twoje wyobra\u017cenia o luksusowym wn\u0119trzu natychmiast si\u0119 zmieni\u0105. Masywne i wygodne welurowe fotele, mn\u00f3stwo miejsca we wn\u0119trzu, chromowane detale i cisza nie maj\u0105 sobie r\u00f3wnych nawet w wielu innych samochodach. Karmelowa tapicerka i dywaniki doskonale pasuj\u0105 do drewnopodobnych wstawek i koloru nadwozia, stanowi\u0105c doskona\u0142y przyk\u0142ad estetyki Detroit p\u00f3\u017anych lat 70-tych. Jest to r\u00f3wnie\u017c dobrze wyposa\u017cony pojazd z elektrycznymi szybami i lusterkami, automatyczn\u0105 klimatyzacj\u0105 przerobion\u0105 na nowoczesny gaz, systemem stereo i tempomatem. Wszystko jest w pe\u0142ni funkcjonalne i bez uszkodze\u0144.<\/p>\n<p><strong>Stan samochodu<\/strong><\/p>\n<p>Z dok\u0142adnie 31 619 kilometrami na liczniku kilometr\u00f3w, ten Bonneville Brougham by\u0142 zawsze gara\u017cowany i pod unikalnym pokrowcem, gdy nie by\u0142 u\u017cywany. Dzi\u0119ki niedawnemu lakierowaniu w oryginalnym kolorze mo\u017cemy \u015bmia\u0142o powiedzie\u0107, \u017ce pojazd jest jak nowy. Chromowane detale s\u0105 b\u0142yszcz\u0105ce; wszystkie elementy wyko\u0144czenia s\u0105 w idealnym stanie, a oryginalne felgi i opony pasuj\u0105 do epoki. Samoch\u00f3d by\u0142 serwisowany, olej zosta\u0142 wymieniony, a hamulce zosta\u0142y poddane przegl\u0105dowi w kwietniu 2024 roku, podczas gdy niekt\u00f3re prace elektryczne zosta\u0142y wykonane w 2021 roku. Bior\u0105c pod uwag\u0119 przebieg, stan i dost\u0119pno\u015b\u0107, mo\u017ce to by\u0107 najlepszy Bonneville Brougham z 1979 roku. Samoch\u00f3d przeszed\u0142 przegl\u0105d techniczny ITV, kt\u00f3ry jest wa\u017cny do 2028 roku.<\/p>\n<p><strong>Nadwozie i ko\u0142a<\/strong><\/p>\n<p>Nadwozie jest nieskazitelne po profesjonalnym i prawid\u0142owym malowaniu w oryginalnym kolorze. Lakierowanie zako\u0144czy\u0142o si\u0119 sukcesem, poniewa\u017c nadwozie by\u0142o doskonale zachowane, bez korozji, uszkodze\u0144 i napraw. Z oryginalnymi drucianymi felgami, w\u0142a\u015bciciel zamontowa\u0142 charakterystyczne i oryginalne bia\u0142e opony w 2021 roku.<\/p>\n<p><strong>Dokumentacja<\/strong><\/p>\n<p>Pojazd znajduje si\u0119 w Hiszpanii i jest dostarczany z obszern\u0105 dokumentacj\u0105, w tym pokwitowaniami z przegl\u0105d\u00f3w, dokumentacj\u0105 z hiszpa\u0144skiego przegl\u0105du pojazdu, zatwierdzeniem statusu samochodu klasycznego itp. Nie ma zapis\u00f3w dotycz\u0105cych uszkodze\u0144, kradzie\u017cy lub roszcze\u0144 ubezpieczeniowych. Dokumentacja obejmuje pojazd od pierwszego dnia i jest pe\u0142na dowod\u00f3w wyj\u0105tkowej dba\u0142o\u015bci.<\/p>\n<p><strong>Zobacz film z zimnego rozruchu tego nieskazitelnego Pontiaca Bonneville z 1979 roku:<\/strong><\/p>\n<p><iframe title=\"Cold Start Video of the incredible 1979 Pontiac Bonneville\" width=\"1200\" height=\"675\" src=\"https:\/\/www.youtube.com\/embed\/6DKO8uhEkN8?feature=oembed\" frameborder=\"0\" allow=\"accelerometer; autoplay; clipboard-write; encrypted-media; gyroscope; picture-in-picture; web-share\" referrerpolicy=\"strict-origin-when-cross-origin\" allowfullscreen><\/iframe><\/p>\n","protected":false},"excerpt":{"rendered":"<p>W historii motoryzacji Pontiac zostanie zapami\u0119tany jako ekscytuj\u0105ca marka GM, z gam\u0105 pot\u0119\u017cnych samochod\u00f3w typu muscle car, eleganckimi kszta\u0142tami i innowacyjnymi projektami. Bonneville z 1979 roku znajduje si\u0119 na szczycie linii modelowej i oznacza koniec ery pe\u0142nowymiarowych sedan\u00f3w. Dzi\u0119ki niezr\u00f3wnanemu stylowi, du\u017cej ilo\u015bci miejsca i szeregowi luksusowych funkcji, ten sedan jest doskona\u0142ym przyk\u0142adem klasycznego ameryka\u0144skiego samochodu.<\/p>\n","protected":false},"featured_media":104294,"comment_status":"open","ping_status":"closed","template":"","meta":{"inline_featured_image":false},"product_cat":[718],"product_tag":[4007,4030,913],"acf":[],"yoast_head":"<!-- This site is optimized with the Yoast SEO plugin v22.5 - https:\/\/yoast.com\/wordpress\/plugins\/seo\/ -->\n<title>1979 Pontiac Bonneville Brougham - nazwa Piston Addict<\/title>\n<meta name=\"robots\" content=\"index, follow, max-snippet:-1, max-image-preview:large, max-video-preview:-1\" \/>\n<link rel=\"canonical\" href=\"https:\/\/pistonaddict.com\/pl\/product\/1979-pontiac-bonneville-brougham\/\" \/>\n<meta property=\"og:locale\" content=\"pl_PL\" \/>\n<meta property=\"og:type\" content=\"article\" \/>\n<meta property=\"og:title\" content=\"1979 Pontiac Bonneville Brougham - nazwa Piston Addict\" \/>\n<meta property=\"og:description\" content=\"W historii motoryzacji Pontiac zostanie zapami\u0119tany jako ekscytuj\u0105ca marka GM, z gam\u0105 pot\u0119\u017cnych samochod\u00f3w typu muscle car, eleganckimi kszta\u0142tami i innowacyjnymi projektami. Bonneville z 1979 roku znajduje si\u0119 na szczycie linii modelowej i oznacza koniec ery pe\u0142nowymiarowych sedan\u00f3w. Dzi\u0119ki niezr\u00f3wnanemu stylowi, du\u017cej ilo\u015bci miejsca i szeregowi luksusowych funkcji, ten sedan jest doskona\u0142ym przyk\u0142adem klasycznego ameryka\u0144skiego samochodu.\" \/>\n<meta property=\"og:url\" content=\"https:\/\/pistonaddict.com\/pl\/product\/1979-pontiac-bonneville-brougham\/\" \/>\n<meta property=\"og:site_name\" content=\"Piston Addict\" \/>\n<meta property=\"article:modified_time\" content=\"2024-05-17T13:57:24+00:00\" \/>\n<meta property=\"og:image\" content=\"https:\/\/pistonaddict.com\/wp-content\/uploads\/2024\/05\/5a7bfe0d-cda7-49a4-89d2-85a67cfe2d90-1.jpg\" \/>\n\t<meta property=\"og:image:width\" content=\"2016\" \/>\n\t<meta property=\"og:image:height\" content=\"1134\" \/>\n\t<meta property=\"og:image:type\" content=\"image\/jpeg\" \/>\n<meta name=\"twitter:card\" content=\"summary_large_image\" \/>\n<meta name=\"twitter:label1\" content=\"Szacowany czas czytania\" \/>\n\t<meta name=\"twitter:data1\" content=\"3 minuty\" \/>\n<script type=\"application\/ld+json\" class=\"yoast-schema-graph\">{\"@context\":\"https:\/\/schema.org\",\"@graph\":[{\"@type\":\"WebPage\",\"@id\":\"https:\/\/pistonaddict.com\/pl\/product\/1979-pontiac-bonneville-brougham\/\",\"url\":\"https:\/\/pistonaddict.com\/pl\/product\/1979-pontiac-bonneville-brougham\/\",\"name\":\"1979 Pontiac Bonneville Brougham - nazwa Piston Addict\",\"isPartOf\":{\"@id\":\"https:\/\/pistonaddict.com\/pl\/#website\"},\"primaryImageOfPage\":{\"@id\":\"https:\/\/pistonaddict.com\/pl\/product\/1979-pontiac-bonneville-brougham\/#primaryimage\"},\"image\":{\"@id\":\"https:\/\/pistonaddict.com\/pl\/product\/1979-pontiac-bonneville-brougham\/#primaryimage\"},\"thumbnailUrl\":\"https:\/\/pistonaddict.com\/wp-content\/uploads\/2024\/05\/5a7bfe0d-cda7-49a4-89d2-85a67cfe2d90-1.jpg\",\"datePublished\":\"2024-05-17T09:16:20+00:00\",\"dateModified\":\"2024-05-17T13:57:24+00:00\",\"breadcrumb\":{\"@id\":\"https:\/\/pistonaddict.com\/pl\/product\/1979-pontiac-bonneville-brougham\/#breadcrumb\"},\"inLanguage\":\"pl-PL\",\"potentialAction\":[{\"@type\":\"ReadAction\",\"target\":[\"https:\/\/pistonaddict.com\/pl\/product\/1979-pontiac-bonneville-brougham\/\"]}]},{\"@type\":\"ImageObject\",\"inLanguage\":\"pl-PL\",\"@id\":\"https:\/\/pistonaddict.com\/pl\/product\/1979-pontiac-bonneville-brougham\/#primaryimage\",\"url\":\"https:\/\/pistonaddict.com\/wp-content\/uploads\/2024\/05\/5a7bfe0d-cda7-49a4-89d2-85a67cfe2d90-1.jpg\",\"contentUrl\":\"https:\/\/pistonaddict.com\/wp-content\/uploads\/2024\/05\/5a7bfe0d-cda7-49a4-89d2-85a67cfe2d90-1.jpg\",\"width\":2016,\"height\":1134},{\"@type\":\"BreadcrumbList\",\"@id\":\"https:\/\/pistonaddict.com\/pl\/product\/1979-pontiac-bonneville-brougham\/#breadcrumb\",\"itemListElement\":[{\"@type\":\"ListItem\",\"position\":1,\"name\":\"Strona g\u0142\u00f3wna\",\"item\":\"https:\/\/pistonaddict.com\/pl\/strona-glowna-2\/\"},{\"@type\":\"ListItem\",\"position\":2,\"name\":\"Auctions\",\"item\":\"https:\/\/pistonaddict.com\/auctions-listing\/\"},{\"@type\":\"ListItem\",\"position\":3,\"name\":\"1979 Pontiac Bonneville Brougham\"}]},{\"@type\":\"WebSite\",\"@id\":\"https:\/\/pistonaddict.com\/pl\/#website\",\"url\":\"https:\/\/pistonaddict.com\/pl\/\",\"name\":\"Piston Addict\",\"description\":\"Only interesting vehicles\",\"publisher\":{\"@id\":\"https:\/\/pistonaddict.com\/pl\/#organization\"},\"potentialAction\":[{\"@type\":\"SearchAction\",\"target\":{\"@type\":\"EntryPoint\",\"urlTemplate\":\"https:\/\/pistonaddict.com\/pl\/?s={search_term_string}\"},\"query-input\":\"required name=search_term_string\"}],\"inLanguage\":\"pl-PL\"},{\"@type\":\"Organization\",\"@id\":\"https:\/\/pistonaddict.com\/pl\/#organization\",\"name\":\"Piston Addict\",\"url\":\"https:\/\/pistonaddict.com\/pl\/\",\"logo\":{\"@type\":\"ImageObject\",\"inLanguage\":\"pl-PL\",\"@id\":\"https:\/\/pistonaddict.com\/pl\/#\/schema\/logo\/image\/\",\"url\":\"https:\/\/pistonaddict.com\/wp-content\/uploads\/2022\/07\/logo-6.png\",\"contentUrl\":\"https:\/\/pistonaddict.com\/wp-content\/uploads\/2022\/07\/logo-6.png\",\"width\":970,\"height\":200,\"caption\":\"Piston Addict\"},\"image\":{\"@id\":\"https:\/\/pistonaddict.com\/pl\/#\/schema\/logo\/image\/\"}}]}<\/script>\n<!-- \/ Yoast SEO plugin. -->","yoast_head_json":{"title":"1979 Pontiac Bonneville Brougham - nazwa Piston Addict","robots":{"index":"index","follow":"follow","max-snippet":"max-snippet:-1","max-image-preview":"max-image-preview:large","max-video-preview":"max-video-preview:-1"},"canonical":"https:\/\/pistonaddict.com\/pl\/product\/1979-pontiac-bonneville-brougham\/","og_locale":"pl_PL","og_type":"article","og_title":"1979 Pontiac Bonneville Brougham - nazwa Piston Addict","og_description":"W historii motoryzacji Pontiac zostanie zapami\u0119tany jako ekscytuj\u0105ca marka GM, z gam\u0105 pot\u0119\u017cnych samochod\u00f3w typu muscle car, eleganckimi kszta\u0142tami i innowacyjnymi projektami. Bonneville z 1979 roku znajduje si\u0119 na szczycie linii modelowej i oznacza koniec ery pe\u0142nowymiarowych sedan\u00f3w. Dzi\u0119ki niezr\u00f3wnanemu stylowi, du\u017cej ilo\u015bci miejsca i szeregowi luksusowych funkcji, ten sedan jest doskona\u0142ym przyk\u0142adem klasycznego ameryka\u0144skiego samochodu.","og_url":"https:\/\/pistonaddict.com\/pl\/product\/1979-pontiac-bonneville-brougham\/","og_site_name":"Piston Addict","article_modified_time":"2024-05-17T13:57:24+00:00","og_image":[{"width":2016,"height":1134,"url":"https:\/\/pistonaddict.com\/wp-content\/uploads\/2024\/05\/5a7bfe0d-cda7-49a4-89d2-85a67cfe2d90-1.jpg","type":"image\/jpeg"}],"twitter_card":"summary_large_image","twitter_misc":{"Szacowany czas czytania":"3 minuty"},"schema":{"@context":"https:\/\/schema.org","@graph":[{"@type":"WebPage","@id":"https:\/\/pistonaddict.com\/pl\/product\/1979-pontiac-bonneville-brougham\/","url":"https:\/\/pistonaddict.com\/pl\/product\/1979-pontiac-bonneville-brougham\/","name":"1979 Pontiac Bonneville Brougham - nazwa Piston Addict","isPartOf":{"@id":"https:\/\/pistonaddict.com\/pl\/#website"},"primaryImageOfPage":{"@id":"https:\/\/pistonaddict.com\/pl\/product\/1979-pontiac-bonneville-brougham\/#primaryimage"},"image":{"@id":"https:\/\/pistonaddict.com\/pl\/product\/1979-pontiac-bonneville-brougham\/#primaryimage"},"thumbnailUrl":"https:\/\/pistonaddict.com\/wp-content\/uploads\/2024\/05\/5a7bfe0d-cda7-49a4-89d2-85a67cfe2d90-1.jpg","datePublished":"2024-05-17T09:16:20+00:00","dateModified":"2024-05-17T13:57:24+00:00","breadcrumb":{"@id":"https:\/\/pistonaddict.com\/pl\/product\/1979-pontiac-bonneville-brougham\/#breadcrumb"},"inLanguage":"pl-PL","potentialAction":[{"@type":"ReadAction","target":["https:\/\/pistonaddict.com\/pl\/product\/1979-pontiac-bonneville-brougham\/"]}]},{"@type":"ImageObject","inLanguage":"pl-PL","@id":"https:\/\/pistonaddict.com\/pl\/product\/1979-pontiac-bonneville-brougham\/#primaryimage","url":"https:\/\/pistonaddict.com\/wp-content\/uploads\/2024\/05\/5a7bfe0d-cda7-49a4-89d2-85a67cfe2d90-1.jpg","contentUrl":"https:\/\/pistonaddict.com\/wp-content\/uploads\/2024\/05\/5a7bfe0d-cda7-49a4-89d2-85a67cfe2d90-1.jpg","width":2016,"height":1134},{"@type":"BreadcrumbList","@id":"https:\/\/pistonaddict.com\/pl\/product\/1979-pontiac-bonneville-brougham\/#breadcrumb","itemListElement":[{"@type":"ListItem","position":1,"name":"Strona g\u0142\u00f3wna","item":"https:\/\/pistonaddict.com\/pl\/strona-glowna-2\/"},{"@type":"ListItem","position":2,"name":"Auctions","item":"https:\/\/pistonaddict.com\/auctions-listing\/"},{"@type":"ListItem","position":3,"name":"1979 Pontiac Bonneville Brougham"}]},{"@type":"WebSite","@id":"https:\/\/pistonaddict.com\/pl\/#website","url":"https:\/\/pistonaddict.com\/pl\/","name":"Piston Addict","description":"Only interesting vehicles","publisher":{"@id":"https:\/\/pistonaddict.com\/pl\/#organization"},"potentialAction":[{"@type":"SearchAction","target":{"@type":"EntryPoint","urlTemplate":"https:\/\/pistonaddict.com\/pl\/?s={search_term_string}"},"query-input":"required name=search_term_string"}],"inLanguage":"pl-PL"},{"@type":"Organization","@id":"https:\/\/pistonaddict.com\/pl\/#organization","name":"Piston Addict","url":"https:\/\/pistonaddict.com\/pl\/","logo":{"@type":"ImageObject","inLanguage":"pl-PL","@id":"https:\/\/pistonaddict.com\/pl\/#\/schema\/logo\/image\/","url":"https:\/\/pistonaddict.com\/wp-content\/uploads\/2022\/07\/logo-6.png","contentUrl":"https:\/\/pistonaddict.com\/wp-content\/uploads\/2022\/07\/logo-6.png","width":970,"height":200,"caption":"Piston Addict"},"image":{"@id":"https:\/\/pistonaddict.com\/pl\/#\/schema\/logo\/image\/"}}]}},"_links":{"self":[{"href":"https:\/\/pistonaddict.com\/pl\/wp-json\/wp\/v2\/product\/104255"}],"collection":[{"href":"https:\/\/pistonaddict.com\/pl\/wp-json\/wp\/v2\/product"}],"about":[{"href":"https:\/\/pistonaddict.com\/pl\/wp-json\/wp\/v2\/types\/product"}],"replies":[{"embeddable":true,"href":"https:\/\/pistonaddict.com\/pl\/wp-json\/wp\/v2\/comments?post=104255"}],"wp:featuredmedia":[{"embeddable":true,"href":"https:\/\/pistonaddict.com\/pl\/wp-json\/wp\/v2\/media\/104294"}],"wp:attachment":[{"href":"https:\/\/pistonaddict.com\/pl\/wp-json\/wp\/v2\/media?parent=104255"}],"wp:term":[{"taxonomy":"product_cat","embeddable":true,"href":"https:\/\/pistonaddict.com\/pl\/wp-json\/wp\/v2\/product_cat?post=104255"},{"taxonomy":"product_tag","embeddable":true,"href":"https:\/\/pistonaddict.com\/pl\/wp-json\/wp\/v2\/product_tag?post=104255"}],"curies":[{"name":"wp","href":"https:\/\/api.w.org\/{rel}","templated":true}]}}