{"id":3088,"date":"2022-04-29T11:20:06","date_gmt":"2022-04-29T09:20:06","guid":{"rendered":"https:\/\/pistonaddict.com\/zasady-komentowania\/"},"modified":"2023-02-05T11:11:46","modified_gmt":"2023-02-05T10:11:46","slug":"zasady-komentowania","status":"publish","type":"page","link":"https:\/\/pistonaddict.com\/pl\/zasady-komentowania\/","title":{"rendered":"Zasady dotycz\u0105ce komentarzy"},"content":{"rendered":"\t\t<div data-elementor-type=\"wp-page\" data-elementor-id=\"3088\" class=\"elementor elementor-3088 elementor-3043\">\n\t\t\t\t\t\t<section class=\"elementor-section elementor-top-section elementor-element elementor-element-01b8fa5 elementor-section-boxed elementor-section-height-default elementor-section-height-default\" data-id=\"01b8fa5\" data-element_type=\"section\">\n\t\t\t\t\t\t<div class=\"elementor-container elementor-column-gap-default\">\n\t\t\t\t\t<div class=\"elementor-column elementor-col-100 elementor-top-column elementor-element elementor-element-19e2c1c\" data-id=\"19e2c1c\" data-element_type=\"column\">\n\t\t\t<div class=\"elementor-widget-wrap elementor-element-populated\">\n\t\t\t\t\t\t<div class=\"elementor-element elementor-element-9413b6d elementor-widget elementor-widget-text-editor\" data-id=\"9413b6d\" data-element_type=\"widget\" data-widget_type=\"text-editor.default\">\n\t\t\t\t<div class=\"elementor-widget-container\">\n\t\t\t<style>\/*! elementor - v3.21.0 - 18-04-2024 *\/\n.elementor-widget-text-editor.elementor-drop-cap-view-stacked .elementor-drop-cap{background-color:#69727d;color:#fff}.elementor-widget-text-editor.elementor-drop-cap-view-framed .elementor-drop-cap{color:#69727d;border:3px solid;background-color:transparent}.elementor-widget-text-editor:not(.elementor-drop-cap-view-default) .elementor-drop-cap{margin-top:8px}.elementor-widget-text-editor:not(.elementor-drop-cap-view-default) .elementor-drop-cap-letter{width:1em;height:1em}.elementor-widget-text-editor .elementor-drop-cap{float:left;text-align:center;line-height:1;font-size:50px}.elementor-widget-text-editor .elementor-drop-cap-letter{display:inline-block}<\/style>\t\t\t\t<\/p>\n<h2> <\/h2>\n<h2>Zasada 1. B\u0105d\u017a konstruktywny, a nie negatywny<\/h2>\n<p>\u0141atwiej jest powiedzie\u0107, \u017ce czego\u015b si\u0119 nie lubi, a czasem mo\u017ce to by\u0107 uzasadnione. Z drugiej strony, bardziej warto\u015bciowe jest powiedzenie, jak m\u00f3g\u0142by\u015b to poprawi\u0107, prawdziwa warto\u015b\u0107 dodana jest wtedy, gdy mo\u017cesz okre\u015bli\u0107, co jest z\u0142e i jak to upi\u0119kszy\u0107.<\/p>\n<h2> <\/h2>\n<h2>Zasada 2. Do\u015bwiadczenie wygrywa<\/h2>\n<p>Inni czytelnicy znacznie bardziej przejmuj\u0105 si\u0119 Twoj\u0105 opini\u0105, je\u015bli pochodzi ona z odpowiedniego do\u015bwiadczenia. Je\u015bli znasz histori\u0119 danego pojazdu lub du\u017co o konkretnej marce lub modelu, masz znacznie wi\u0119ksze szanse na zainteresowanie.<\/p>\n<h2> <\/h2>\n<h2>Zasada 3. M\u00f3w o samochodach, nie o innych<\/h2>\n<p>Ka\u017cdy ma prawo mie\u0107 swoje zdanie, nawet je\u015bli si\u0119 z nim nie zgadzasz. Krytyka charakteru, gustu czy og\u00f3lnej natury innych cz\u0142onk\u00f3w nie ma miejsca.<\/p>\n<h2> <\/h2>\n<h2>Zasada 4. Rynek ustala cen\u0119<\/h2>\n<p>Piston Addict to wolny rynek, gdzie sprzedawca i kupuj\u0105cy ustalaj\u0105 cen\u0119, wi\u0119c m\u00f3wienie, \u017ce co\u015b jest za drogie lub za tanie nie znaczy zupe\u0142nie nic. Przedmiot jest wart tyle, ile kto\u015b jest sk\u0142onny zap\u0142aci\u0107.<\/p>\n<h2> <\/h2>\n<h2>Zasada 5. Je\u015bli nie przeczyta\u0142e\u015b wszystkich pozosta\u0142ych komentarzy, to znaczy, \u017ce nie jeste\u015b gotowy, by zostawi\u0107 sw\u00f3j.<\/h2>\n<p>To cyfrowy odpowiednik zasady &#8220;s\u0142uchaj zanim powiesz&#8221;.<\/p>\n<h2> <\/h2>\n<h2>Zasada 6. W sekcji komentarzy nie mo\u017cna podawa\u0107 informacji o kupnie, sprzeda\u017cy lub kontaktach.<\/h2>\n<p>Je\u015bli masz samoch\u00f3d na sprzeda\u017c, zg\u0142o\u015b go do nas poprzez formularz zg\u0142oszeniowy. Pro\u015bby o zakup, adresy e-mail i numery telefon\u00f3w zamieszczane w komentarzach  <br \/>zostanie usuni\u0119ty.<\/p>\n<h2> <\/h2>\n<h2>Zasada 7. Ka\u017cdy jest mile widziany<\/h2>\n<p>Cz\u0142onkowie naszej spo\u0142eczno\u015bci s\u0105 tak r\u00f3\u017cnorodni, jak wyb\u00f3r samochod\u00f3w, kt\u00f3re wymieniamy. Niedopuszczalne s\u0105 komentarze polityczne, mizoginistyczne czy homofobiczne.<\/p>\n<h2> <\/h2>\n<h2>Funkcjonalno\u015b\u0107 komentarzy<\/h2>\n<p><strong>Modyfikacja komentarzy:<\/strong> komentarze mog\u0105 by\u0107 modyfikowane przez ich autora po ich publikacji, bez ogranicze\u0144 czasowych. Kliknij na czerwony link &#8220;Edytuj&#8221; udost\u0119pniony w tym celu.<\/p>\n<p><strong>Oznacz jako Niekonstruktywny:<\/strong> Je\u015bli komentarz narusza powy\u017csze zasady, prosz\u0119 klikn\u0105\u0107 na link flagi &#8220;Zg\u0142o\u015b&#8221;, aby m\u00f3g\u0142 zosta\u0107 przejrzany lub usuni\u0119ty. Przegl\u0105damy wszystkie zg\u0142oszone komentarze i podejmujemy ostateczn\u0105 decyzj\u0119, czy zostan\u0105 one przywr\u00f3cone, czy usuni\u0119te.<br \/>Chcemy, aby rozmowa na tej stronie by\u0142a jako\u015bciowa.<\/p>\n<p><strong>Komentatorzy po raz pierwszy: Wszyscy pierwsi<\/strong> komentatorzy s\u0105 moderowani, a komentarz nie zostanie umieszczony na stronie dop\u00f3ki nie zostanie przejrzany przez personel Piston Addict. Po zamieszczeniu komentarza po raz pierwszy, nie b\u0119d\u0105 one ju\u017c moderowane.<\/p>\n\t\t\t\t\t\t<\/div>\n\t\t\t\t<\/div>\n\t\t\t\t\t<\/div>\n\t\t<\/div>\n\t\t\t\t\t<\/div>\n\t\t<\/section>\n\t\t\t\t<\/div>\n\t\t","protected":false},"excerpt":{"rendered":"<p>Zasada 1. B\u0105d\u017a konstruktywny, a nie negatywny \u0141atwiej jest powiedzie\u0107, \u017ce czego\u015b si\u0119 nie lubi, a czasem mo\u017ce to by\u0107 uzasadnione. Z drugiej strony, bardziej warto\u015bciowe jest powiedzenie, jak m\u00f3g\u0142by\u015b to poprawi\u0107, prawdziwa warto\u015b\u0107 dodana jest wtedy, gdy mo\u017cesz okre\u015bli\u0107, co jest z\u0142e i jak to upi\u0119kszy\u0107. Zasada 2. Do\u015bwiadczenie wygrywa Inni czytelnicy znacznie bardziej &#8230; <a title=\"Zasady dotycz\u0105ce komentarzy\" class=\"read-more\" href=\"https:\/\/pistonaddict.com\/pl\/zasady-komentowania\/\">Wi\u0119cej<span class=\"screen-reader-text\">Zasady dotycz\u0105ce komentarzy<\/span><\/a><\/p>\n","protected":false},"author":1,"featured_media":0,"parent":0,"menu_order":0,"comment_status":"closed","ping_status":"closed","template":"","meta":{"inline_featured_image":false,"footnotes":""},"acf":[],"yoast_head":"<!-- This site is optimized with the Yoast SEO plugin v22.5 - https:\/\/yoast.com\/wordpress\/plugins\/seo\/ -->\n<title>Zasady dotycz\u0105ce komentarzy - nazwa Piston Addict<\/title>\n<meta name=\"robots\" content=\"index, follow, max-snippet:-1, max-image-preview:large, max-video-preview:-1\" \/>\n<link rel=\"canonical\" href=\"https:\/\/pistonaddict.com\/pl\/zasady-komentowania\/\" \/>\n<meta property=\"og:locale\" content=\"pl_PL\" \/>\n<meta property=\"og:type\" content=\"article\" \/>\n<meta property=\"og:title\" content=\"Zasady dotycz\u0105ce komentarzy - nazwa Piston Addict\" \/>\n<meta property=\"og:description\" content=\"Zasada 1. B\u0105d\u017a konstruktywny, a nie negatywny \u0141atwiej jest powiedzie\u0107, \u017ce czego\u015b si\u0119 nie lubi, a czasem mo\u017ce to by\u0107 uzasadnione. Z drugiej strony, bardziej warto\u015bciowe jest powiedzenie, jak m\u00f3g\u0142by\u015b to poprawi\u0107, prawdziwa warto\u015b\u0107 dodana jest wtedy, gdy mo\u017cesz okre\u015bli\u0107, co jest z\u0142e i jak to upi\u0119kszy\u0107. Zasada 2. Do\u015bwiadczenie wygrywa Inni czytelnicy znacznie bardziej ... Wi\u0119cejZasady dotycz\u0105ce komentarzy\" \/>\n<meta property=\"og:url\" content=\"https:\/\/pistonaddict.com\/pl\/zasady-komentowania\/\" \/>\n<meta property=\"og:site_name\" content=\"Piston Addict\" \/>\n<meta property=\"article:modified_time\" content=\"2023-02-05T10:11:46+00:00\" \/>\n<meta name=\"twitter:card\" content=\"summary_large_image\" \/>\n<meta name=\"twitter:label1\" content=\"Szacowany czas czytania\" \/>\n\t<meta name=\"twitter:data1\" content=\"2 minuty\" \/>\n<script type=\"application\/ld+json\" class=\"yoast-schema-graph\">{\"@context\":\"https:\/\/schema.org\",\"@graph\":[{\"@type\":\"WebPage\",\"@id\":\"https:\/\/pistonaddict.com\/pl\/zasady-komentowania\/\",\"url\":\"https:\/\/pistonaddict.com\/pl\/zasady-komentowania\/\",\"name\":\"Zasady dotycz\u0105ce komentarzy - nazwa Piston Addict\",\"isPartOf\":{\"@id\":\"https:\/\/pistonaddict.com\/pl\/#website\"},\"datePublished\":\"2022-04-29T09:20:06+00:00\",\"dateModified\":\"2023-02-05T10:11:46+00:00\",\"breadcrumb\":{\"@id\":\"https:\/\/pistonaddict.com\/pl\/zasady-komentowania\/#breadcrumb\"},\"inLanguage\":\"pl-PL\",\"potentialAction\":[{\"@type\":\"ReadAction\",\"target\":[\"https:\/\/pistonaddict.com\/pl\/zasady-komentowania\/\"]}]},{\"@type\":\"BreadcrumbList\",\"@id\":\"https:\/\/pistonaddict.com\/pl\/zasady-komentowania\/#breadcrumb\",\"itemListElement\":[{\"@type\":\"ListItem\",\"position\":1,\"name\":\"Strona g\u0142\u00f3wna\",\"item\":\"https:\/\/pistonaddict.com\/pl\/strona-glowna-2\/\"},{\"@type\":\"ListItem\",\"position\":2,\"name\":\"Zasady dotycz\u0105ce komentarzy\"}]},{\"@type\":\"WebSite\",\"@id\":\"https:\/\/pistonaddict.com\/pl\/#website\",\"url\":\"https:\/\/pistonaddict.com\/pl\/\",\"name\":\"Piston Addict\",\"description\":\"Only interesting vehicles\",\"publisher\":{\"@id\":\"https:\/\/pistonaddict.com\/pl\/#organization\"},\"potentialAction\":[{\"@type\":\"SearchAction\",\"target\":{\"@type\":\"EntryPoint\",\"urlTemplate\":\"https:\/\/pistonaddict.com\/pl\/?s={search_term_string}\"},\"query-input\":\"required name=search_term_string\"}],\"inLanguage\":\"pl-PL\"},{\"@type\":\"Organization\",\"@id\":\"https:\/\/pistonaddict.com\/pl\/#organization\",\"name\":\"Piston Addict\",\"url\":\"https:\/\/pistonaddict.com\/pl\/\",\"logo\":{\"@type\":\"ImageObject\",\"inLanguage\":\"pl-PL\",\"@id\":\"https:\/\/pistonaddict.com\/pl\/#\/schema\/logo\/image\/\",\"url\":\"https:\/\/pistonaddict.com\/wp-content\/uploads\/2022\/07\/logo-6.png\",\"contentUrl\":\"https:\/\/pistonaddict.com\/wp-content\/uploads\/2022\/07\/logo-6.png\",\"width\":970,\"height\":200,\"caption\":\"Piston Addict\"},\"image\":{\"@id\":\"https:\/\/pistonaddict.com\/pl\/#\/schema\/logo\/image\/\"}}]}<\/script>\n<!-- \/ Yoast SEO plugin. -->","yoast_head_json":{"title":"Zasady dotycz\u0105ce komentarzy - nazwa Piston Addict","robots":{"index":"index","follow":"follow","max-snippet":"max-snippet:-1","max-image-preview":"max-image-preview:large","max-video-preview":"max-video-preview:-1"},"canonical":"https:\/\/pistonaddict.com\/pl\/zasady-komentowania\/","og_locale":"pl_PL","og_type":"article","og_title":"Zasady dotycz\u0105ce komentarzy - nazwa Piston Addict","og_description":"Zasada 1. B\u0105d\u017a konstruktywny, a nie negatywny \u0141atwiej jest powiedzie\u0107, \u017ce czego\u015b si\u0119 nie lubi, a czasem mo\u017ce to by\u0107 uzasadnione. Z drugiej strony, bardziej warto\u015bciowe jest powiedzenie, jak m\u00f3g\u0142by\u015b to poprawi\u0107, prawdziwa warto\u015b\u0107 dodana jest wtedy, gdy mo\u017cesz okre\u015bli\u0107, co jest z\u0142e i jak to upi\u0119kszy\u0107. Zasada 2. Do\u015bwiadczenie wygrywa Inni czytelnicy znacznie bardziej ... Wi\u0119cejZasady dotycz\u0105ce komentarzy","og_url":"https:\/\/pistonaddict.com\/pl\/zasady-komentowania\/","og_site_name":"Piston Addict","article_modified_time":"2023-02-05T10:11:46+00:00","twitter_card":"summary_large_image","twitter_misc":{"Szacowany czas czytania":"2 minuty"},"schema":{"@context":"https:\/\/schema.org","@graph":[{"@type":"WebPage","@id":"https:\/\/pistonaddict.com\/pl\/zasady-komentowania\/","url":"https:\/\/pistonaddict.com\/pl\/zasady-komentowania\/","name":"Zasady dotycz\u0105ce komentarzy - nazwa Piston Addict","isPartOf":{"@id":"https:\/\/pistonaddict.com\/pl\/#website"},"datePublished":"2022-04-29T09:20:06+00:00","dateModified":"2023-02-05T10:11:46+00:00","breadcrumb":{"@id":"https:\/\/pistonaddict.com\/pl\/zasady-komentowania\/#breadcrumb"},"inLanguage":"pl-PL","potentialAction":[{"@type":"ReadAction","target":["https:\/\/pistonaddict.com\/pl\/zasady-komentowania\/"]}]},{"@type":"BreadcrumbList","@id":"https:\/\/pistonaddict.com\/pl\/zasady-komentowania\/#breadcrumb","itemListElement":[{"@type":"ListItem","position":1,"name":"Strona g\u0142\u00f3wna","item":"https:\/\/pistonaddict.com\/pl\/strona-glowna-2\/"},{"@type":"ListItem","position":2,"name":"Zasady dotycz\u0105ce komentarzy"}]},{"@type":"WebSite","@id":"https:\/\/pistonaddict.com\/pl\/#website","url":"https:\/\/pistonaddict.com\/pl\/","name":"Piston Addict","description":"Only interesting vehicles","publisher":{"@id":"https:\/\/pistonaddict.com\/pl\/#organization"},"potentialAction":[{"@type":"SearchAction","target":{"@type":"EntryPoint","urlTemplate":"https:\/\/pistonaddict.com\/pl\/?s={search_term_string}"},"query-input":"required name=search_term_string"}],"inLanguage":"pl-PL"},{"@type":"Organization","@id":"https:\/\/pistonaddict.com\/pl\/#organization","name":"Piston Addict","url":"https:\/\/pistonaddict.com\/pl\/","logo":{"@type":"ImageObject","inLanguage":"pl-PL","@id":"https:\/\/pistonaddict.com\/pl\/#\/schema\/logo\/image\/","url":"https:\/\/pistonaddict.com\/wp-content\/uploads\/2022\/07\/logo-6.png","contentUrl":"https:\/\/pistonaddict.com\/wp-content\/uploads\/2022\/07\/logo-6.png","width":970,"height":200,"caption":"Piston Addict"},"image":{"@id":"https:\/\/pistonaddict.com\/pl\/#\/schema\/logo\/image\/"}}]}},"_links":{"self":[{"href":"https:\/\/pistonaddict.com\/pl\/wp-json\/wp\/v2\/pages\/3088"}],"collection":[{"href":"https:\/\/pistonaddict.com\/pl\/wp-json\/wp\/v2\/pages"}],"about":[{"href":"https:\/\/pistonaddict.com\/pl\/wp-json\/wp\/v2\/types\/page"}],"author":[{"embeddable":true,"href":"https:\/\/pistonaddict.com\/pl\/wp-json\/wp\/v2\/users\/1"}],"replies":[{"embeddable":true,"href":"https:\/\/pistonaddict.com\/pl\/wp-json\/wp\/v2\/comments?post=3088"}],"version-history":[{"count":6,"href":"https:\/\/pistonaddict.com\/pl\/wp-json\/wp\/v2\/pages\/3088\/revisions"}],"predecessor-version":[{"id":26252,"href":"https:\/\/pistonaddict.com\/pl\/wp-json\/wp\/v2\/pages\/3088\/revisions\/26252"}],"wp:attachment":[{"href":"https:\/\/pistonaddict.com\/pl\/wp-json\/wp\/v2\/media?parent=3088"}],"curies":[{"name":"wp","href":"https:\/\/api.w.org\/{rel}","templated":true}]}}