{"id":3029,"date":"2022-04-29T11:19:25","date_gmt":"2022-04-29T09:19:25","guid":{"rendered":"https:\/\/pistonaddict.com\/zarzadzanie-plikami-cookie\/"},"modified":"2022-10-28T10:21:19","modified_gmt":"2022-10-28T08:21:19","slug":"zarzadzanie-plikami-cookie","status":"publish","type":"page","link":"https:\/\/pistonaddict.com\/pl\/zarzadzanie-plikami-cookie\/","title":{"rendered":"Zarz\u0105dzanie plikami cookie"},"content":{"rendered":"\t\t<div data-elementor-type=\"wp-page\" data-elementor-id=\"3029\" class=\"elementor elementor-3029 elementor-2954\">\n\t\t\t\t\t\t<section class=\"elementor-section elementor-top-section elementor-element elementor-element-00987b4 elementor-section-boxed elementor-section-height-default elementor-section-height-default\" data-id=\"00987b4\" data-element_type=\"section\">\n\t\t\t\t\t\t<div class=\"elementor-container elementor-column-gap-default\">\n\t\t\t\t\t<div class=\"elementor-column elementor-col-100 elementor-top-column elementor-element elementor-element-9f5f945\" data-id=\"9f5f945\" data-element_type=\"column\">\n\t\t\t<div class=\"elementor-widget-wrap elementor-element-populated\">\n\t\t\t\t\t\t<div class=\"elementor-element elementor-element-8525f40 elementor-widget elementor-widget-text-editor\" data-id=\"8525f40\" data-element_type=\"widget\" data-widget_type=\"text-editor.default\">\n\t\t\t\t<div class=\"elementor-widget-container\">\n\t\t\t<style>\/*! elementor - v3.21.0 - 18-04-2024 *\/\n.elementor-widget-text-editor.elementor-drop-cap-view-stacked .elementor-drop-cap{background-color:#69727d;color:#fff}.elementor-widget-text-editor.elementor-drop-cap-view-framed .elementor-drop-cap{color:#69727d;border:3px solid;background-color:transparent}.elementor-widget-text-editor:not(.elementor-drop-cap-view-default) .elementor-drop-cap{margin-top:8px}.elementor-widget-text-editor:not(.elementor-drop-cap-view-default) .elementor-drop-cap-letter{width:1em;height:1em}.elementor-widget-text-editor .elementor-drop-cap{float:left;text-align:center;line-height:1;font-size:50px}.elementor-widget-text-editor .elementor-drop-cap-letter{display:inline-block}<\/style>\t\t\t\t<div class=\"wpb_text_column wpb_content_element cms_text_block\">\n<div class=\"wpb_wrapper \">\n<p>Przy pierwszym wej\u015bciu na stron\u0119 https:\/\/www.pistonaddict.com, pasek umieszczony na dole strony informuje, \u017ce dane zwi\u0105zane z nawigacj\u0105 zostan\u0105 zapisane w specjalnych plikach zwanych &#8220;cookies&#8221; lub plikach po\u0142\u0105czeniowych.<\/p>\n<p>Aby lepiej poinformowa\u0107 o ich roli, ograniczeniach zwi\u0105zanych z ich akceptacj\u0105 lub odmow\u0105 i krokach, kt\u00f3re nale\u017cy podj\u0105\u0107, aby uniemo\u017cliwi\u0107 ich instalacj\u0119 na komputerze, <strong>Piston Addict<\/strong> przedstawia polityk\u0119 zarz\u0105dzania plikami cookie.<\/p>\n<div class=\"wpb_column vc_column_container vc_col-sm-12\">\n<div class=\"vc_column-inner\">\n<div class=\"wpb_wrapper\"> <\/div>\n<\/div>\n<\/div>\n<div class=\"cms-custom-heading-wrap heading2 text-left vc_custom_heading heading2_uppercase \">\n<h2> <\/h2>\n<h2 class=\"cmsc-custom-heading vc_custom_heading\">1\u00b0 ROLA PLIK\u00d3W COOKIE LUB PLIK\u00d3W PO\u0141\u0104CZENIOWYCH<\/h2>\n<\/div>\n<p>Pliki cookie pozwalaj\u0105 na gromadzenie informacji dotycz\u0105cych odwiedzin strony internetowej (https:\/\/www.pistonaddict.com) w celu poprawy i usprawnienia nawigacji. Pliki po\u0142\u0105czeniowe, dostarczane przez nawigatora, pozwalaj\u0105 dok\u0142adnie okre\u015bli\u0107 us\u0142ugi i informacje, kt\u00f3rych szukasz na podstawie rubryk i stron, kt\u00f3re odwiedzasz.<\/p>\n<p>W celu optymalnego wykorzystania witryny internetowej i jej us\u0142ug, r\u00f3\u017cne rodzaje plik\u00f3w cookie s\u0105 wykorzystywane w zale\u017cno\u015bci od ich przeznaczenia:<\/p>\n<ul>\n<li>les cookies de session sont principalement install\u00e9s sur les sites marchands pour sauvegarder durant la s\u00e9quence de navigation, certaines donn\u00e9es saisies en amont,<\/li>\n<li>funkcjonalne pliki cookie uwzgl\u0119dniaj\u0105 preferencje nawigacyjne (j\u0119zyk, rozdzielczo\u015b\u0107 ekranu&#8230;) lub przekazuj\u0105 informacje uzyskane podczas wcze\u015bniejszych sesji nawigacyjnych (identyfikatory po\u0142\u0105czenia, wyszukiwane us\u0142ugi, przechowywane dane&#8230;),<\/li>\n<li>ciasteczka analityczne pozwalaj\u0105 na analiz\u0119 zachowa\u0144 internaut\u00f3w podczas odwiedzania strony internetowej w celu uzyskania statystyk cz\u0119stotliwo\u015bci,<\/li>\n<li>les cookies tiers sont d\u00e9pos\u00e9s sur le navigateur de l&#8217;internaute par des r\u00e9gies publicitaires ou des partenaires du site Internet, ainsi que par les r\u00e9seaux sociaux et les plateformes vid\u00e9os en lien avec ledit site.<\/li>\n<\/ul>\n<p>Dane wymagane przez pliki po\u0142\u0105czeniowe nie pozwalaj\u0105 na identyfikacj\u0119 w spos\u00f3b imienny, s\u0105 one wykorzystywane wy\u0142\u0105cznie do dobrego funkcjonowania strony internetowej i nie s\u0105 nigdy przekazywane przez <strong>Piston Addict<\/strong> do innych struktur.<\/p>\n<div class=\"wpb_column vc_column_container vc_col-sm-12\">\n<div class=\"vc_column-inner\">\n<div class=\"wpb_wrapper\"> <\/div>\n<\/div>\n<\/div>\n<div class=\"cms-custom-heading-wrap heading2 text-left vc_custom_heading heading2_uppercase \">\n<h2> <\/h2>\n<h2 class=\"cmsc-custom-heading vc_custom_heading\">2\u00b0 LES COOKIES PR\u00c9SENTS SUR LE SITE PISTONADDICT.COM<\/h2>\n<\/div>\n<div class=\"wpb_text_column wpb_content_element vc_custom_1621498045904 cms_text_block\">\n<div class=\"wpb_wrapper \"> <\/div>\n<\/div>\n<p>W zale\u017cno\u015bci od ich charakteru i rodzaju zbieranych danych, pliki cookie stosowane na stronie internetowej https:\/\/www.pistonaddict.com wymagaj\u0105 zgody na ich wykorzystanie lub s\u0105 z ni\u0105 sprzeczne.<\/p>\n<h3> <\/h3>\n<h3>2.1\u00b0 Funkcjonuj\u0105ce pliki cookie<\/h3>\n<p>Komisja Krajowa ds. Informatyki i Wolno\u015bci (CNIL) zaleca, aby zrezygnowa\u0107 z pobierania zgody na pliki cookie niezb\u0119dne do dobrego funkcjonowania strony internetowej lub maj\u0105ce jedynie u\u0142atwi\u0107 komunikacj\u0119 drog\u0105 elektroniczn\u0105.<\/p>\n<p>Dotyczy to przede wszystkim plik\u00f3w cookie do identyfikacji sesji, plik\u00f3w cookie do sesji dla lektora multimedialnego, plik\u00f3w cookie do uwierzytelniania, plik\u00f3w cookie do sesji do \u0142adowania lub tworzenia oraz plik\u00f3w cookie do personalizacji interfejsu u\u017cytkownika.<\/p>\n<h3> <\/h3>\n<h3>2.2\u00b0 Les cookies de suivi<\/h3>\n<p>Zgodnie z obowi\u0105zuj\u0105cym prawem stosowanym przez RGPD, wszystkie pliki cookie umo\u017cliwiaj\u0105ce tworzenie stron internetowych lub profili s\u0105 dost\u0119pne przed ich wys\u0142aniem na nawigacj\u0119: zapis zgody, mo\u017cliwo\u015b\u0107 sprzeciwienia si\u0119 ich wykorzystaniu, informacje o tym, \u017ce zako\u0144czenie nawigacji oznacza zgod\u0119 na wys\u0142anie plik\u00f3w cookie na terminal u\u017cytkownika.<\/p>\n<p>Dotyczy to zar\u00f3wno plik\u00f3w cookie do pomiaru ogl\u0105dalno\u015bci (Analytics), jak i plik\u00f3w cookie do udost\u0119pniania w sieciach spo\u0142eczno\u015bciowych (Facebook&#8230;). Te pliki cookie podlegaj\u0105 polityce poufno\u015bci dostawc\u00f3w aplikacji logistycznych.<\/p>\n<h4> <\/h4>\n<h4><strong>2.2.1\u00b0 Les cookies de mesure d&#8217;audience<\/strong><\/h4>\n<p>Pliki cookie Google Analytics pozwalaj\u0105 na tworzenie statystyk dotycz\u0105cych korzystania z witryny internetowej: https:\/\/www.pistonaddict.com.<\/p>\n<p>Zosta\u0142y one sparametryzowane w taki spos\u00f3b, aby zbiera\u0107 dane umo\u017cliwiaj\u0105ce \u0142atwe uzyskanie zgody:<\/p>\n<ul>\n<li>Przekazywane pliki cookie s\u0142u\u017c\u0105 wy\u0142\u0105cznie do tworzenia anonimowych statystyk, adres IP pozwalaj\u0105cy na zlokalizowanie u\u017cytkownika nie jest dok\u0142adniejszy ni\u017c jego miejscowo\u015b\u0107, w zwi\u0105zku z czym dwa poprzednie oktety adresu IP zostaj\u0105 usuni\u0119te,<\/li>\n<li>pliki cookie pozwalaj\u0105ce na ustalenie stabilno\u015bci ruchu oraz adresy IP nie s\u0105 przechowywane przez okres 13 miesi\u0119cy od pierwszej wizyty.<\/li>\n<\/ul>\n<p>Polityka poufno\u015bci Google Analytics jest dost\u0119pna pod nast\u0119puj\u0105cym adresem: https:\/\/policies.google.com\/privacy?hl=fr<\/p>\n<h3> <\/h3>\n<h4><strong>2.2.2\u00b0 Pliki cookie s\u0142u\u017c\u0105ce do przekazywania danych<\/strong><\/h4>\n<p>Pliki cookie dotycz\u0105ce udzia\u0142u w sieci spo\u0142eczno\u015bciowej (Facebook&#8230;) s\u0105 emitowane i zarz\u0105dzane przez wydawc\u00f3w aplikacji. Po uzyskaniu zgody u\u017cytkownika, pliki cookie pozwalaj\u0105 na \u0142atwe dzielenie si\u0119 tre\u015bciami publikowanymi na stronie internetowej: https:\/\/www.pistonaddict.com za pomoc\u0105 dedykowanych przycisk\u00f3w.<\/p>\n<p>Zasady poufno\u015bci sieci spo\u0142eczno\u015bciowych s\u0105 dost\u0119pne na poni\u017cszych stronach:<\/p>\n<ul>\n<li>Facebook : https:\/\/fr-fr.facebook.com\/privacy\/explanation<\/li>\n<li>Twitter: https:\/\/twitter.com\/fr\/privacy#update<\/li>\n<li>Pinterest : https:\/\/policy.pinterest.com\/fr\/privacy-policy<\/li>\n<li>Instagram : https:\/\/help.instagram.com\/519522125107875<\/li>\n<\/ul>\n<h3> <\/h3>\n<h4><strong>2.2.3\u00b0 Pliki cookie z platform wideo<\/strong><\/h4>\n<p>Pliki cookie zwi\u0105zane z wizualizacj\u0105 film\u00f3w na YouTube s\u0105 tworzone i zarz\u0105dzane przez wydawc\u0119 platformy wideo. Po uzyskaniu zgody u\u017cytkownika, pliki cookie s\u0105 wysy\u0142ane do nawigacji u\u017cytkownika podczas ogl\u0105dania film\u00f3w publikowanych na stronie internetowej: https:\/\/www.pistonaddict.com i umieszczanych na platformie.<\/p>\n<p>Polityka poufno\u015bci YouTube jest dost\u0119pna pod nast\u0119puj\u0105cym adresem: https:\/\/policies.google.com\/privacy?hl=fr-CA<\/p>\n<\/div>\n<\/div>\n<div class=\"wpb_column vc_column_container vc_col-sm-12\">\n<div class=\"vc_column-inner\">\n<div class=\"wpb_wrapper\"> <\/div>\n<\/div>\n<\/div>\n<div class=\"cms-custom-heading-wrap heading2 text-left vc_custom_heading heading2_uppercase \">\n<h2> <\/h2>\n<h2 class=\"cmsc-custom-heading vc_custom_heading\">3\u00b0 L&#8217;ACCEPTATION OU LE REFUS DES COOKIES<\/h2>\n<\/div>\n<div class=\"wpb_text_column wpb_content_element vc_custom_1621498045904 cms_text_block\">\n<div class=\"wpb_wrapper \">\n<p>Podczas pierwszej wizyty na stronie internetowej https:\/\/www.pistonaddict.com, w dolnej cz\u0119\u015bci strony znajduje si\u0119 pasek umo\u017cliwiaj\u0105cy zaakceptowanie lub odrzucenie plik\u00f3w cookie. Zawiera r\u00f3wnie\u017c informacje na temat zako\u0144czenia wysy\u0142ania plik\u00f3w cookie przez nawigacj\u0119 internetow\u0105.<\/p>\n<p>Mo\u017cna r\u00f3wnie\u017c ustawi\u0107 nawigacj\u0119 internetow\u0105, aby uzyska\u0107 informacj\u0119 o tym, \u017ce pliki cookie s\u0105 przesy\u0142ane z mo\u017cliwo\u015bci\u0105 ich akceptacji lub odrzucenia. W zale\u017cno\u015bci od u\u017cywanego nawigatora konfiguracja zarz\u0105dzania plikami cookie (akceptacja lub odmowa) jest r\u00f3\u017cna.<\/p>\n<p>Zapoznaj si\u0119 z adresami stron przeznaczonych dla ka\u017cdego z g\u0142\u00f3wnych nawigator\u00f3w:<\/p>\n<ul>\n<li>Microsoft Internet Explorer : http:\/\/windows.microsoft.com\/fr-FR\/windows-vista\/Block-or-allow-cookies<\/li>\n<li>Google Chrome : https:\/\/support.google.com\/chrome\/answer\/95647?hl=fr<\/li>\n<li>Safari : https:\/\/support.apple.com\/fr-fr\/guide\/safari\/sfri11471\/mac<\/li>\n<li>Firefox : https:\/\/support.mozilla.org\/fr\/kb\/autoriser-bloquer-cookies-preferences-sites<\/li>\n<li>Opera: https:\/\/help.opera.com\/en\/latest\/web-preferences\/#cookies<\/li>\n<\/ul>\n<p>Uwaga: Odrzucenie plik\u00f3w cookie mo\u017ce spowodowa\u0107 personalizacj\u0119 nawigacji na stronie internetowej: https:\/\/www.pistonaddict.com, dlatego wa\u017cne jest, aby\u015b skonfigurowa\u0142 swoj\u0105 nawigacj\u0119, znaj\u0105c przyczyn\u0119.<\/p>\n<\/div>\n<\/div>\n<div class=\"wpb_column vc_column_container vc_col-sm-12\">\n<div class=\"vc_column-inner\">\n<div class=\"wpb_wrapper\"> <\/div>\n<\/div>\n<\/div>\n<div class=\"cms-custom-heading-wrap heading2 text-left vc_custom_heading heading2_uppercase \">\n<h2> <\/h2>\n<h2 class=\"cmsc-custom-heading vc_custom_heading\">4\u00b0 LA R\u00c9VOCATION DU CONSENTEMENT AUX COOKIES<\/h2>\n<\/div>\n<div class=\"wpb_text_column wpb_content_element vc_custom_1621498045904 cms_text_block\">\n<div class=\"wpb_wrapper \">\n<p>W ka\u017cdej chwili mo\u017cliwe jest wycofanie <a class=\"wt-cli-manage-consent-link\">zgody na pliki cookie<\/a> g\u00f3rne i analityczne.<\/p>\n<div class=\"wpb_column vc_column_container vc_col-sm-12\">\n<div class=\"vc_column-inner\">\n<div class=\"wpb_wrapper\"> <\/div>\n<\/div>\n<\/div>\n<div class=\"cms-custom-heading-wrap heading2 text-left vc_custom_heading heading2_uppercase \">\n<h2> <\/h2>\n<h2 class=\"cmsc-custom-heading vc_custom_heading\">5\u00b0 LA POLITIQUE DE CONFIDENTIALIT\u00c9<\/h2>\n<\/div>\n<div class=\"wpb_text_column wpb_content_element vc_custom_1621498045904 cms_text_block\">\n<div class=\"wpb_wrapper \"> <\/div>\n<\/div>\n<p>Pour en savoir plus sur la politique de confidentialit\u00e9 de <strong>Piston Addict<\/strong>: <a href=\"https:\/\/pistonaddict.com\/pl\/polityka-prywatnosci\/\">cliquez<\/a> ici .<\/p>\n<\/div>\n<\/div>\n\t\t\t\t\t\t<\/div>\n\t\t\t\t<\/div>\n\t\t\t\t\t<\/div>\n\t\t<\/div>\n\t\t\t\t\t<\/div>\n\t\t<\/section>\n\t\t\t\t<\/div>\n\t\t","protected":false},"excerpt":{"rendered":"<p>Przy pierwszym wej\u015bciu na stron\u0119 https:\/\/www.pistonaddict.com, pasek umieszczony na dole strony informuje, \u017ce dane zwi\u0105zane z nawigacj\u0105 zostan\u0105 zapisane w specjalnych plikach zwanych &#8220;cookies&#8221; lub plikach po\u0142\u0105czeniowych. Aby lepiej poinformowa\u0107 o ich roli, ograniczeniach zwi\u0105zanych z ich akceptacj\u0105 lub odmow\u0105 i krokach, kt\u00f3re nale\u017cy podj\u0105\u0107, aby uniemo\u017cliwi\u0107 ich instalacj\u0119 na komputerze, Piston Addict przedstawia polityk\u0119 &#8230; <a title=\"Zarz\u0105dzanie plikami cookie\" class=\"read-more\" href=\"https:\/\/pistonaddict.com\/pl\/zarzadzanie-plikami-cookie\/\">Wi\u0119cej<span class=\"screen-reader-text\">Zarz\u0105dzanie plikami cookie<\/span><\/a><\/p>\n","protected":false},"author":1,"featured_media":0,"parent":0,"menu_order":0,"comment_status":"closed","ping_status":"closed","template":"","meta":{"inline_featured_image":false,"footnotes":""},"acf":[],"yoast_head":"<!-- This site is optimized with the Yoast SEO plugin v22.5 - https:\/\/yoast.com\/wordpress\/plugins\/seo\/ -->\n<title>Zarz\u0105dzanie plikami cookie - nazwa Piston Addict<\/title>\n<meta name=\"robots\" content=\"index, follow, max-snippet:-1, max-image-preview:large, max-video-preview:-1\" \/>\n<link rel=\"canonical\" href=\"https:\/\/pistonaddict.com\/pl\/zarzadzanie-plikami-cookie\/\" \/>\n<meta property=\"og:locale\" content=\"pl_PL\" \/>\n<meta property=\"og:type\" content=\"article\" \/>\n<meta property=\"og:title\" content=\"Zarz\u0105dzanie plikami cookie - nazwa Piston Addict\" \/>\n<meta property=\"og:description\" content=\"Przy pierwszym wej\u015bciu na stron\u0119 https:\/\/www.pistonaddict.com, pasek umieszczony na dole strony informuje, \u017ce dane zwi\u0105zane z nawigacj\u0105 zostan\u0105 zapisane w specjalnych plikach zwanych &#8220;cookies&#8221; lub plikach po\u0142\u0105czeniowych. Aby lepiej poinformowa\u0107 o ich roli, ograniczeniach zwi\u0105zanych z ich akceptacj\u0105 lub odmow\u0105 i krokach, kt\u00f3re nale\u017cy podj\u0105\u0107, aby uniemo\u017cliwi\u0107 ich instalacj\u0119 na komputerze, Piston Addict przedstawia polityk\u0119 ... Wi\u0119cejZarz\u0105dzanie plikami cookie\" \/>\n<meta property=\"og:url\" content=\"https:\/\/pistonaddict.com\/pl\/zarzadzanie-plikami-cookie\/\" \/>\n<meta property=\"og:site_name\" content=\"Piston Addict\" \/>\n<meta property=\"article:modified_time\" content=\"2022-10-28T08:21:19+00:00\" \/>\n<meta name=\"twitter:card\" content=\"summary_large_image\" \/>\n<meta name=\"twitter:label1\" content=\"Szacowany czas czytania\" \/>\n\t<meta name=\"twitter:data1\" content=\"5 minut\" \/>\n<script type=\"application\/ld+json\" class=\"yoast-schema-graph\">{\"@context\":\"https:\/\/schema.org\",\"@graph\":[{\"@type\":\"WebPage\",\"@id\":\"https:\/\/pistonaddict.com\/pl\/zarzadzanie-plikami-cookie\/\",\"url\":\"https:\/\/pistonaddict.com\/pl\/zarzadzanie-plikami-cookie\/\",\"name\":\"Zarz\u0105dzanie plikami cookie - nazwa Piston Addict\",\"isPartOf\":{\"@id\":\"https:\/\/pistonaddict.com\/pl\/#website\"},\"datePublished\":\"2022-04-29T09:19:25+00:00\",\"dateModified\":\"2022-10-28T08:21:19+00:00\",\"breadcrumb\":{\"@id\":\"https:\/\/pistonaddict.com\/pl\/zarzadzanie-plikami-cookie\/#breadcrumb\"},\"inLanguage\":\"pl-PL\",\"potentialAction\":[{\"@type\":\"ReadAction\",\"target\":[\"https:\/\/pistonaddict.com\/pl\/zarzadzanie-plikami-cookie\/\"]}]},{\"@type\":\"BreadcrumbList\",\"@id\":\"https:\/\/pistonaddict.com\/pl\/zarzadzanie-plikami-cookie\/#breadcrumb\",\"itemListElement\":[{\"@type\":\"ListItem\",\"position\":1,\"name\":\"Strona g\u0142\u00f3wna\",\"item\":\"https:\/\/pistonaddict.com\/pl\/strona-glowna-2\/\"},{\"@type\":\"ListItem\",\"position\":2,\"name\":\"Zarz\u0105dzanie plikami cookie\"}]},{\"@type\":\"WebSite\",\"@id\":\"https:\/\/pistonaddict.com\/pl\/#website\",\"url\":\"https:\/\/pistonaddict.com\/pl\/\",\"name\":\"Piston Addict\",\"description\":\"Only interesting vehicles\",\"publisher\":{\"@id\":\"https:\/\/pistonaddict.com\/pl\/#organization\"},\"potentialAction\":[{\"@type\":\"SearchAction\",\"target\":{\"@type\":\"EntryPoint\",\"urlTemplate\":\"https:\/\/pistonaddict.com\/pl\/?s={search_term_string}\"},\"query-input\":\"required name=search_term_string\"}],\"inLanguage\":\"pl-PL\"},{\"@type\":\"Organization\",\"@id\":\"https:\/\/pistonaddict.com\/pl\/#organization\",\"name\":\"Piston Addict\",\"url\":\"https:\/\/pistonaddict.com\/pl\/\",\"logo\":{\"@type\":\"ImageObject\",\"inLanguage\":\"pl-PL\",\"@id\":\"https:\/\/pistonaddict.com\/pl\/#\/schema\/logo\/image\/\",\"url\":\"https:\/\/pistonaddict.com\/wp-content\/uploads\/2022\/07\/logo-6.png\",\"contentUrl\":\"https:\/\/pistonaddict.com\/wp-content\/uploads\/2022\/07\/logo-6.png\",\"width\":970,\"height\":200,\"caption\":\"Piston Addict\"},\"image\":{\"@id\":\"https:\/\/pistonaddict.com\/pl\/#\/schema\/logo\/image\/\"}}]}<\/script>\n<!-- \/ Yoast SEO plugin. -->","yoast_head_json":{"title":"Zarz\u0105dzanie plikami cookie - nazwa Piston Addict","robots":{"index":"index","follow":"follow","max-snippet":"max-snippet:-1","max-image-preview":"max-image-preview:large","max-video-preview":"max-video-preview:-1"},"canonical":"https:\/\/pistonaddict.com\/pl\/zarzadzanie-plikami-cookie\/","og_locale":"pl_PL","og_type":"article","og_title":"Zarz\u0105dzanie plikami cookie - nazwa Piston Addict","og_description":"Przy pierwszym wej\u015bciu na stron\u0119 https:\/\/www.pistonaddict.com, pasek umieszczony na dole strony informuje, \u017ce dane zwi\u0105zane z nawigacj\u0105 zostan\u0105 zapisane w specjalnych plikach zwanych &#8220;cookies&#8221; lub plikach po\u0142\u0105czeniowych. Aby lepiej poinformowa\u0107 o ich roli, ograniczeniach zwi\u0105zanych z ich akceptacj\u0105 lub odmow\u0105 i krokach, kt\u00f3re nale\u017cy podj\u0105\u0107, aby uniemo\u017cliwi\u0107 ich instalacj\u0119 na komputerze, Piston Addict przedstawia polityk\u0119 ... Wi\u0119cejZarz\u0105dzanie plikami cookie","og_url":"https:\/\/pistonaddict.com\/pl\/zarzadzanie-plikami-cookie\/","og_site_name":"Piston Addict","article_modified_time":"2022-10-28T08:21:19+00:00","twitter_card":"summary_large_image","twitter_misc":{"Szacowany czas czytania":"5 minut"},"schema":{"@context":"https:\/\/schema.org","@graph":[{"@type":"WebPage","@id":"https:\/\/pistonaddict.com\/pl\/zarzadzanie-plikami-cookie\/","url":"https:\/\/pistonaddict.com\/pl\/zarzadzanie-plikami-cookie\/","name":"Zarz\u0105dzanie plikami cookie - nazwa Piston Addict","isPartOf":{"@id":"https:\/\/pistonaddict.com\/pl\/#website"},"datePublished":"2022-04-29T09:19:25+00:00","dateModified":"2022-10-28T08:21:19+00:00","breadcrumb":{"@id":"https:\/\/pistonaddict.com\/pl\/zarzadzanie-plikami-cookie\/#breadcrumb"},"inLanguage":"pl-PL","potentialAction":[{"@type":"ReadAction","target":["https:\/\/pistonaddict.com\/pl\/zarzadzanie-plikami-cookie\/"]}]},{"@type":"BreadcrumbList","@id":"https:\/\/pistonaddict.com\/pl\/zarzadzanie-plikami-cookie\/#breadcrumb","itemListElement":[{"@type":"ListItem","position":1,"name":"Strona g\u0142\u00f3wna","item":"https:\/\/pistonaddict.com\/pl\/strona-glowna-2\/"},{"@type":"ListItem","position":2,"name":"Zarz\u0105dzanie plikami cookie"}]},{"@type":"WebSite","@id":"https:\/\/pistonaddict.com\/pl\/#website","url":"https:\/\/pistonaddict.com\/pl\/","name":"Piston Addict","description":"Only interesting vehicles","publisher":{"@id":"https:\/\/pistonaddict.com\/pl\/#organization"},"potentialAction":[{"@type":"SearchAction","target":{"@type":"EntryPoint","urlTemplate":"https:\/\/pistonaddict.com\/pl\/?s={search_term_string}"},"query-input":"required name=search_term_string"}],"inLanguage":"pl-PL"},{"@type":"Organization","@id":"https:\/\/pistonaddict.com\/pl\/#organization","name":"Piston Addict","url":"https:\/\/pistonaddict.com\/pl\/","logo":{"@type":"ImageObject","inLanguage":"pl-PL","@id":"https:\/\/pistonaddict.com\/pl\/#\/schema\/logo\/image\/","url":"https:\/\/pistonaddict.com\/wp-content\/uploads\/2022\/07\/logo-6.png","contentUrl":"https:\/\/pistonaddict.com\/wp-content\/uploads\/2022\/07\/logo-6.png","width":970,"height":200,"caption":"Piston Addict"},"image":{"@id":"https:\/\/pistonaddict.com\/pl\/#\/schema\/logo\/image\/"}}]}},"_links":{"self":[{"href":"https:\/\/pistonaddict.com\/pl\/wp-json\/wp\/v2\/pages\/3029"}],"collection":[{"href":"https:\/\/pistonaddict.com\/pl\/wp-json\/wp\/v2\/pages"}],"about":[{"href":"https:\/\/pistonaddict.com\/pl\/wp-json\/wp\/v2\/types\/page"}],"author":[{"embeddable":true,"href":"https:\/\/pistonaddict.com\/pl\/wp-json\/wp\/v2\/users\/1"}],"replies":[{"embeddable":true,"href":"https:\/\/pistonaddict.com\/pl\/wp-json\/wp\/v2\/comments?post=3029"}],"version-history":[{"count":4,"href":"https:\/\/pistonaddict.com\/pl\/wp-json\/wp\/v2\/pages\/3029\/revisions"}],"predecessor-version":[{"id":16006,"href":"https:\/\/pistonaddict.com\/pl\/wp-json\/wp\/v2\/pages\/3029\/revisions\/16006"}],"wp:attachment":[{"href":"https:\/\/pistonaddict.com\/pl\/wp-json\/wp\/v2\/media?parent=3029"}],"curies":[{"name":"wp","href":"https:\/\/api.w.org\/{rel}","templated":true}]}}