{"id":2941,"date":"2022-04-29T11:18:49","date_gmt":"2022-04-29T09:18:49","guid":{"rendered":"https:\/\/pistonaddict.com\/zalatwic\/"},"modified":"2022-05-04T18:00:05","modified_gmt":"2022-05-04T16:00:05","slug":"zalatwic","status":"publish","type":"page","link":"https:\/\/pistonaddict.com\/pl\/zalatwic\/","title":{"rendered":"Za\u0142atwi\u0107"},"content":{"rendered":"\t\t<div data-elementor-type=\"wp-page\" data-elementor-id=\"2941\" class=\"elementor elementor-2941 elementor-333\">\n\t\t\t\t\t\t<section class=\"elementor-section elementor-top-section elementor-element elementor-element-eb8a04d elementor-section-boxed elementor-section-height-default elementor-section-height-default\" data-id=\"eb8a04d\" data-element_type=\"section\">\n\t\t\t\t\t\t<div class=\"elementor-container elementor-column-gap-default\">\n\t\t\t\t\t<div class=\"elementor-column elementor-col-100 elementor-top-column elementor-element elementor-element-43edc4e\" data-id=\"43edc4e\" data-element_type=\"column\">\n\t\t\t<div class=\"elementor-widget-wrap elementor-element-populated\">\n\t\t\t\t\t\t<div class=\"elementor-element elementor-element-d78828a elementor-widget elementor-widget-text-editor\" data-id=\"d78828a\" data-element_type=\"widget\" data-widget_type=\"text-editor.default\">\n\t\t\t\t<div class=\"elementor-widget-container\">\n\t\t\t<style>\/*! elementor - v3.21.0 - 18-04-2024 *\/\n.elementor-widget-text-editor.elementor-drop-cap-view-stacked .elementor-drop-cap{background-color:#69727d;color:#fff}.elementor-widget-text-editor.elementor-drop-cap-view-framed .elementor-drop-cap{color:#69727d;border:3px solid;background-color:transparent}.elementor-widget-text-editor:not(.elementor-drop-cap-view-default) .elementor-drop-cap{margin-top:8px}.elementor-widget-text-editor:not(.elementor-drop-cap-view-default) .elementor-drop-cap-letter{width:1em;height:1em}.elementor-widget-text-editor .elementor-drop-cap{float:left;text-align:center;line-height:1;font-size:50px}.elementor-widget-text-editor .elementor-drop-cap-letter{display:inline-block}<\/style>\t\t\t\t\n          <h1>\n            <strong>WYSY\u0141KA POJAZDU<\/strong>\n          <\/h1>\n          <h2>\n            <strong>JAK PRZEWOZI\u0106 SW\u00d3J SAMOCH\u00d3D?<\/strong>\n          <\/h2>\n          <p>Dost\u0119pnych jest kilka rozwi\u0105za\u0144, je\u015bli chcesz przetransportowa\u0107 sw\u00f3j pojazd.<\/p>\n          <p>Mo\u017cesz to zrobi\u0107 samodzielnie lub skorzysta\u0107 z profesjonalnych us\u0142ug transportowych, takich jak holowanie, przew\u00f3z, transport platformowy, ci\u0119\u017carowy czy wreszcie transport morski.<\/p>\n          <h3>\n            <strong>1- holowanie pojazdu;<\/strong>\n          <\/h3>\n          <p>Ten rodzaj transportu jest odpowiedni na kr\u00f3tkie odleg\u0142o\u015bci, z ma\u0142\u0105 pr\u0119dko\u015bci\u0105. Aby holowa\u0107 pojazd, musisz:<\/p>\n          <ul>\n            <li>U\u017cyj zatwierdzonego dr\u0105\u017cka do podci\u0105gania dla maksymalnego bezpiecze\u0144stwa;<\/li>\n            <li>W poje\u017adzie ci\u0105gni\u0119tym towarzyszy\u0107 mu kierowca;<\/li>\n            <li>Jed\u017a z maksymaln\u0105 pr\u0119dko\u015bci\u0105 50 km\/h i u\u017cywaj tylko osi pomocniczych;<\/li>\n            <li>Zapewnij pojazd ci\u0105gn\u0105cy ci\u0119\u017cszy ni\u017c pojazd ci\u0105gni\u0119ty;<\/li>\n            <li>U\u017cywaj ostrze\u017ce\u0144, b\u0105d\u017a ostro\u017cny i stosuj elastyczny styl jazdy.<\/li>\n          <\/ul>\n          <h2> <\/h2>\n          <h3>\n            <strong>2- Transportuj pojazd na platformie<\/strong>\n          <\/h3>\n          <p>Ta opcja jest odpowiednia do transportu pojazdu na du\u017ce odleg\u0142o\u015bci z zachowaniem pe\u0142nego bezpiecze\u0144stwa. Mo\u017cesz zdecydowa\u0107 si\u0119 na transport pojazdu na ci\u0119\u017car\u00f3wce z platform\u0105, najlepiej przykryt\u0105, aby chroni\u0107 karoseri\u0119 podczas transportu.<\/p>\n          <h3>\n            <strong>3- Transport samochodowy ci\u0119\u017car\u00f3wk\u0105<\/strong>\n          <\/h3>\n          <p>Jest to ta sama zasada, co transport ci\u0119\u017car\u00f3wk\u0105 z platform\u0105, ale w tym przypadku Tw\u00f3j pojazd jest transportowany w przyczepie ci\u0119\u017car\u00f3wki. Ta alternatywa jest mo\u017cliwa, nawet je\u015bli masz do przewiezienia tylko jeden pojazd. Ta opcja jest ekonomiczna; najlepsi gracze na rynku oferuj\u0105 czas realizacji od jednego do dw\u00f3ch tygodni od przyj\u0119cia zam\u00f3wienia do dostawy.<\/p>\n          <h3>\n            <strong>4- Przew\u00f3z pojazdu<\/strong>\n          <\/h3>\n          <p>Aby przew\u00f3z by\u0142 mo\u017cliwy, pojazd musi by\u0107 mobilny, sprawny technicznie i dobrze utrzymany. Przeno\u015bnik jest przypisany do Twoich potrzeb i prowadzi pojazd od wyjazdu do miejsca przeznaczenia.<\/p>\n          <p>Jest to szybka alternatywa bez przechodzenia przez r\u00f3\u017cne platformy za\u0142adunkowe lub roz\u0142adunkowe, ale dro\u017csza.<\/p>\n          <h3>\n            <strong>5- Transport morski<\/strong>\n          <\/h3>\n          <p>Przew\u00f3z samochod\u00f3w statkami typu ro-ro (lub RO-RO) stanowi zdecydowan\u0105 wi\u0119kszo\u015b\u0107 frachtu morskiego pojazd\u00f3w. Pojazdy s\u0105 tam zaparkowane na czas transportu. Jest to najbardziej ekonomiczny i czasami najszybszy spos\u00f3b wysy\u0142ki samochodu.<\/p>\n          <p>Korzystanie z us\u0142ug spedytora jest cz\u0119sto obowi\u0105zkowe, aby m\u00f3c wys\u0142a\u0107 pojazd do obcego kraju. To zajmie si\u0119 procedurami administracyjnymi w porcie wyj\u015bcia, ale tak\u017ce w porcie przybycia.<\/p>\n          <h2>\n            <strong>JAKIE DOKUMENTY NALE\u017bY DOSTARCZY\u0106, ABY WYSY\u0141A\u0106 SW\u00d3J POJAZD MI\u0118DZYNARODOWY?<\/strong>\n          <\/h2>\n          <ul>\n            <li>Faktura zakupu pojazdu;<\/li>\n            <li>Kopia dowodu to\u017csamo\u015bci;<\/li>\n            <li>dow\u00f3d rejestracyjny pojazdu;<\/li>\n            <li>Certyfikat transferu;<\/li>\n            <li>Certyfikat niezastawu;<\/li>\n            <li>Wype\u0142niony i podpisany certyfikat warto\u015bci ( <strong><a href=\"https:\/\/pistonaddict.com\/wp-content\/uploads\/2022\/05\/Attestation-de-valeur-vehicule.pdf\" target=\"_blank\" rel=\"noopener\"><u>pobierz go<\/u><\/a><\/strong> ).<\/li>\n          <\/ul>\n          <p>W zale\u017cno\u015bci od kraju przeznaczenia mog\u0105 by\u0107 wymagane inne dokumenty. Nie zapomnij zapyta\u0107 swojego przewo\u017anika, czy prezentowana wycena obejmuje podatki, c\u0142a i op\u0142aty za odpraw\u0119 celn\u0105.<\/p>\n          <h2>\n            <strong>ILE KOSZTUJE WYSY\u0141ANIE POJAZDU MI\u0118DZYNARODOWEGO?<\/strong>\n          <\/h2>\n          <p>Stawki oczywi\u015bcie r\u00f3\u017cni\u0105 si\u0119 w zale\u017cno\u015bci od przewo\u017anika: firma transportowa bierze pod uwag\u0119 kilka element\u00f3w przy obliczaniu koszt\u00f3w transportu:<\/p>\n          <ul>\n            <li>typ pojazdu;<\/li>\n            <li>rodzaj transportu;<\/li>\n            <li>Odleg\u0142o\u015b\u0107 mi\u0119dzy dwoma krajami;<\/li>\n            <li>Termin nadsy\u0142ania i okres roku.<\/li>\n          <\/ul>\n          <p>B\u0119dziesz odpowiedzialny za ubezpieczenie transportowe, kt\u00f3re zaoferuje Ci firma transportowa, a tak\u017ce op\u0142aty celne i podatki, kt\u00f3re nale\u017cy zap\u0142aci\u0107.<\/p>\n          <p>Transport l\u0105dowy jest najbardziej praktycznym sposobem przes\u0142ania pojazdu, zw\u0142aszcza mi\u0119dzy krajami s\u0105siaduj\u0105cymi. Transport morski ma t\u0119 zalet\u0119, \u017ce jest ekonomiczny, ale wolniejszy.<\/p>\n          <h2>\n            <strong>PORADY DLA U\u017bYTKOWNIKA T\u0141OKA<\/strong>\n          <\/h2>\n          <p>Teraz, gdy wiesz ju\u017c wszystko o transporcie pojazd\u00f3w, oto kilka wskaz\u00f3wek, kt\u00f3rymi zawsze warto si\u0119 kierowa\u0107, zanim powierzysz sw\u00f3j pojazd wybranej firmie transportowej:<\/p>\n          <ul>\n            <li>Wy\u0142\u0105cz alarm, je\u015bli taki istnieje, aby zapobiec jego uruchomieniu podczas transportu;<\/li>\n            <li>Maksymalnie na\u0142aduj akumulator, aby nie roz\u0142adowa\u0107 si\u0119 ca\u0142kowicie podczas transportu;<\/li>\n            <li>Opr\u00f3\u017cnij zbiornik paliwa tak bardzo, jak to mo\u017cliwe, jako \u015brodek bezpiecze\u0144stwa;<\/li>\n            <li>Uwa\u017caj, aby nie pozostawi\u0107 \u017cadnych przedmiot\u00f3w w poje\u017adzie;<\/li>\n            <li>Zachowaj dow\u00f3d stanu pojazdu przed przekazaniem go przewo\u017anikowi;<\/li>\n            <li>Wykup ubezpieczenie, aby mie\u0107 gwarancj\u0119 zwrotu pieni\u0119dzy w przypadku problem\u00f3w podczas transportu;<\/li>\n            <li>Zachowaj orygina\u0142y dowodu rejestracyjnego pojazdu, \u015bwiadectwa w\u0142asno\u015bci oraz za\u015bwiadczenia o niezastawieniu;<\/li>\n            <li>Miej przy sobie zapasowe kluczyki do pojazdu. A przede wszystkim nie zapomnij wys\u0142a\u0107 duplikat\u00f3w kluczyk\u00f3w po odebraniu pojazdu przez kupuj\u0105cego.<\/li>\n          <\/ul>\n          <p> <\/p>\n          <h2>\n            <strong>Nasze rekomendacje ci\u0119\u017car\u00f3wk\u0105<\/strong>\n          <\/h2>\n          <ul>\n            <li><em><strong>Niemcy \u2013 Austria \u2013 Belgia \u2013 Hiszpania \u2013 Francja \u2013 W\u0142ochy \u2013 Holandia \u2013 Portugalia \u2013 Szwajcaria \u2013 Wielka Brytania<\/strong> :<\/em> Zagranica: <a href=\"https:\/\/www.eurosender.com\/en\/vt\/vehicle-transport\/car\" target=\"_blank\" rel=\"noopener\">Eurosender<\/a> , <a href=\"https:\/\/www.shiply.com\/vehicle-delivery\/car-transport-to-europe.php\" target=\"_blank\" rel=\"noopener\">Shiply<\/a><\/li>\n            <li><strong><em>Francja:<\/em><\/strong> Kraj: <a href=\"https:\/\/disposeo.com\/\" target=\"_blank\" rel=\"noopener\">Disposeo<\/a> , <a href=\"https:\/\/www.hiflow.com\/particulier\" target=\"_blank\" rel=\"noopener\">Hiflow<\/a><\/li>\n          <\/ul>\n          <h2>\n            <strong>Nasze rekomendacje drog\u0105 morsk\u0105<\/strong>\n          <\/h2>\n          <ul>\n            <li><a href=\"https:\/\/cfrrinkens.com\/rate-request\/\" target=\"_blank\" rel=\"noopener\">CFR Rinkens<\/a> , <a href=\"https:\/\/www.carseurope.net\/international-car-transportation-quote\/\" target=\"_blank\" rel=\"noopener\">SAMOCHODY<\/a><\/li>\n          <\/ul>\n        \t\t\t\t\t\t<\/div>\n\t\t\t\t<\/div>\n\t\t\t\t\t<\/div>\n\t\t<\/div>\n\t\t\t\t\t<\/div>\n\t\t<\/section>\n\t\t\t\t<\/div>\n\t\t","protected":false},"excerpt":{"rendered":"<p>WYSY\u0141KA POJAZDU JAK PRZEWOZI\u0106 SW\u00d3J SAMOCH\u00d3D? Dost\u0119pnych jest kilka rozwi\u0105za\u0144, je\u015bli chcesz przetransportowa\u0107 sw\u00f3j pojazd. Mo\u017cesz to zrobi\u0107 samodzielnie lub skorzysta\u0107 z profesjonalnych us\u0142ug transportowych, takich jak holowanie, przew\u00f3z, transport platformowy, ci\u0119\u017carowy czy wreszcie transport morski. 1- holowanie pojazdu; Ten rodzaj transportu jest odpowiedni na kr\u00f3tkie odleg\u0142o\u015bci, z ma\u0142\u0105 pr\u0119dko\u015bci\u0105. Aby holowa\u0107 pojazd, musisz: U\u017cyj &#8230; <a title=\"Za\u0142atwi\u0107\" class=\"read-more\" href=\"https:\/\/pistonaddict.com\/pl\/zalatwic\/\">Wi\u0119cej<span class=\"screen-reader-text\">Za\u0142atwi\u0107<\/span><\/a><\/p>\n","protected":false},"author":1,"featured_media":0,"parent":0,"menu_order":0,"comment_status":"closed","ping_status":"closed","template":"","meta":{"inline_featured_image":false,"footnotes":""},"acf":[],"yoast_head":"<!-- This site is optimized with the Yoast SEO plugin v22.5 - https:\/\/yoast.com\/wordpress\/plugins\/seo\/ -->\n<title>Za\u0142atwi\u0107 - nazwa Piston Addict<\/title>\n<meta name=\"robots\" content=\"index, follow, max-snippet:-1, max-image-preview:large, max-video-preview:-1\" \/>\n<link rel=\"canonical\" href=\"https:\/\/pistonaddict.com\/pl\/zalatwic\/\" \/>\n<meta property=\"og:locale\" content=\"pl_PL\" \/>\n<meta property=\"og:type\" content=\"article\" \/>\n<meta property=\"og:title\" content=\"Za\u0142atwi\u0107 - nazwa Piston Addict\" \/>\n<meta property=\"og:description\" content=\"WYSY\u0141KA POJAZDU JAK PRZEWOZI\u0106 SW\u00d3J SAMOCH\u00d3D? Dost\u0119pnych jest kilka rozwi\u0105za\u0144, je\u015bli chcesz przetransportowa\u0107 sw\u00f3j pojazd. Mo\u017cesz to zrobi\u0107 samodzielnie lub skorzysta\u0107 z profesjonalnych us\u0142ug transportowych, takich jak holowanie, przew\u00f3z, transport platformowy, ci\u0119\u017carowy czy wreszcie transport morski. 1- holowanie pojazdu; Ten rodzaj transportu jest odpowiedni na kr\u00f3tkie odleg\u0142o\u015bci, z ma\u0142\u0105 pr\u0119dko\u015bci\u0105. Aby holowa\u0107 pojazd, musisz: U\u017cyj ... Wi\u0119cejZa\u0142atwi\u0107\" \/>\n<meta property=\"og:url\" content=\"https:\/\/pistonaddict.com\/pl\/zalatwic\/\" \/>\n<meta property=\"og:site_name\" content=\"Piston Addict\" \/>\n<meta property=\"article:modified_time\" content=\"2022-05-04T16:00:05+00:00\" \/>\n<meta name=\"twitter:card\" content=\"summary_large_image\" \/>\n<meta name=\"twitter:label1\" content=\"Szacowany czas czytania\" \/>\n\t<meta name=\"twitter:data1\" content=\"4 minuty\" \/>\n<script type=\"application\/ld+json\" class=\"yoast-schema-graph\">{\"@context\":\"https:\/\/schema.org\",\"@graph\":[{\"@type\":\"WebPage\",\"@id\":\"https:\/\/pistonaddict.com\/pl\/zalatwic\/\",\"url\":\"https:\/\/pistonaddict.com\/pl\/zalatwic\/\",\"name\":\"Za\u0142atwi\u0107 - nazwa Piston Addict\",\"isPartOf\":{\"@id\":\"https:\/\/pistonaddict.com\/pl\/#website\"},\"datePublished\":\"2022-04-29T09:18:49+00:00\",\"dateModified\":\"2022-05-04T16:00:05+00:00\",\"breadcrumb\":{\"@id\":\"https:\/\/pistonaddict.com\/pl\/zalatwic\/#breadcrumb\"},\"inLanguage\":\"pl-PL\",\"potentialAction\":[{\"@type\":\"ReadAction\",\"target\":[\"https:\/\/pistonaddict.com\/pl\/zalatwic\/\"]}]},{\"@type\":\"BreadcrumbList\",\"@id\":\"https:\/\/pistonaddict.com\/pl\/zalatwic\/#breadcrumb\",\"itemListElement\":[{\"@type\":\"ListItem\",\"position\":1,\"name\":\"Strona g\u0142\u00f3wna\",\"item\":\"https:\/\/pistonaddict.com\/pl\/strona-glowna-2\/\"},{\"@type\":\"ListItem\",\"position\":2,\"name\":\"Za\u0142atwi\u0107\"}]},{\"@type\":\"WebSite\",\"@id\":\"https:\/\/pistonaddict.com\/pl\/#website\",\"url\":\"https:\/\/pistonaddict.com\/pl\/\",\"name\":\"Piston Addict\",\"description\":\"Only interesting vehicles\",\"publisher\":{\"@id\":\"https:\/\/pistonaddict.com\/pl\/#organization\"},\"potentialAction\":[{\"@type\":\"SearchAction\",\"target\":{\"@type\":\"EntryPoint\",\"urlTemplate\":\"https:\/\/pistonaddict.com\/pl\/?s={search_term_string}\"},\"query-input\":\"required name=search_term_string\"}],\"inLanguage\":\"pl-PL\"},{\"@type\":\"Organization\",\"@id\":\"https:\/\/pistonaddict.com\/pl\/#organization\",\"name\":\"Piston Addict\",\"url\":\"https:\/\/pistonaddict.com\/pl\/\",\"logo\":{\"@type\":\"ImageObject\",\"inLanguage\":\"pl-PL\",\"@id\":\"https:\/\/pistonaddict.com\/pl\/#\/schema\/logo\/image\/\",\"url\":\"https:\/\/pistonaddict.com\/wp-content\/uploads\/2022\/07\/logo-6.png\",\"contentUrl\":\"https:\/\/pistonaddict.com\/wp-content\/uploads\/2022\/07\/logo-6.png\",\"width\":970,\"height\":200,\"caption\":\"Piston Addict\"},\"image\":{\"@id\":\"https:\/\/pistonaddict.com\/pl\/#\/schema\/logo\/image\/\"}}]}<\/script>\n<!-- \/ Yoast SEO plugin. -->","yoast_head_json":{"title":"Za\u0142atwi\u0107 - nazwa Piston Addict","robots":{"index":"index","follow":"follow","max-snippet":"max-snippet:-1","max-image-preview":"max-image-preview:large","max-video-preview":"max-video-preview:-1"},"canonical":"https:\/\/pistonaddict.com\/pl\/zalatwic\/","og_locale":"pl_PL","og_type":"article","og_title":"Za\u0142atwi\u0107 - nazwa Piston Addict","og_description":"WYSY\u0141KA POJAZDU JAK PRZEWOZI\u0106 SW\u00d3J SAMOCH\u00d3D? Dost\u0119pnych jest kilka rozwi\u0105za\u0144, je\u015bli chcesz przetransportowa\u0107 sw\u00f3j pojazd. Mo\u017cesz to zrobi\u0107 samodzielnie lub skorzysta\u0107 z profesjonalnych us\u0142ug transportowych, takich jak holowanie, przew\u00f3z, transport platformowy, ci\u0119\u017carowy czy wreszcie transport morski. 1- holowanie pojazdu; Ten rodzaj transportu jest odpowiedni na kr\u00f3tkie odleg\u0142o\u015bci, z ma\u0142\u0105 pr\u0119dko\u015bci\u0105. Aby holowa\u0107 pojazd, musisz: U\u017cyj ... Wi\u0119cejZa\u0142atwi\u0107","og_url":"https:\/\/pistonaddict.com\/pl\/zalatwic\/","og_site_name":"Piston Addict","article_modified_time":"2022-05-04T16:00:05+00:00","twitter_card":"summary_large_image","twitter_misc":{"Szacowany czas czytania":"4 minuty"},"schema":{"@context":"https:\/\/schema.org","@graph":[{"@type":"WebPage","@id":"https:\/\/pistonaddict.com\/pl\/zalatwic\/","url":"https:\/\/pistonaddict.com\/pl\/zalatwic\/","name":"Za\u0142atwi\u0107 - nazwa Piston Addict","isPartOf":{"@id":"https:\/\/pistonaddict.com\/pl\/#website"},"datePublished":"2022-04-29T09:18:49+00:00","dateModified":"2022-05-04T16:00:05+00:00","breadcrumb":{"@id":"https:\/\/pistonaddict.com\/pl\/zalatwic\/#breadcrumb"},"inLanguage":"pl-PL","potentialAction":[{"@type":"ReadAction","target":["https:\/\/pistonaddict.com\/pl\/zalatwic\/"]}]},{"@type":"BreadcrumbList","@id":"https:\/\/pistonaddict.com\/pl\/zalatwic\/#breadcrumb","itemListElement":[{"@type":"ListItem","position":1,"name":"Strona g\u0142\u00f3wna","item":"https:\/\/pistonaddict.com\/pl\/strona-glowna-2\/"},{"@type":"ListItem","position":2,"name":"Za\u0142atwi\u0107"}]},{"@type":"WebSite","@id":"https:\/\/pistonaddict.com\/pl\/#website","url":"https:\/\/pistonaddict.com\/pl\/","name":"Piston Addict","description":"Only interesting vehicles","publisher":{"@id":"https:\/\/pistonaddict.com\/pl\/#organization"},"potentialAction":[{"@type":"SearchAction","target":{"@type":"EntryPoint","urlTemplate":"https:\/\/pistonaddict.com\/pl\/?s={search_term_string}"},"query-input":"required name=search_term_string"}],"inLanguage":"pl-PL"},{"@type":"Organization","@id":"https:\/\/pistonaddict.com\/pl\/#organization","name":"Piston Addict","url":"https:\/\/pistonaddict.com\/pl\/","logo":{"@type":"ImageObject","inLanguage":"pl-PL","@id":"https:\/\/pistonaddict.com\/pl\/#\/schema\/logo\/image\/","url":"https:\/\/pistonaddict.com\/wp-content\/uploads\/2022\/07\/logo-6.png","contentUrl":"https:\/\/pistonaddict.com\/wp-content\/uploads\/2022\/07\/logo-6.png","width":970,"height":200,"caption":"Piston Addict"},"image":{"@id":"https:\/\/pistonaddict.com\/pl\/#\/schema\/logo\/image\/"}}]}},"_links":{"self":[{"href":"https:\/\/pistonaddict.com\/pl\/wp-json\/wp\/v2\/pages\/2941"}],"collection":[{"href":"https:\/\/pistonaddict.com\/pl\/wp-json\/wp\/v2\/pages"}],"about":[{"href":"https:\/\/pistonaddict.com\/pl\/wp-json\/wp\/v2\/types\/page"}],"author":[{"embeddable":true,"href":"https:\/\/pistonaddict.com\/pl\/wp-json\/wp\/v2\/users\/1"}],"replies":[{"embeddable":true,"href":"https:\/\/pistonaddict.com\/pl\/wp-json\/wp\/v2\/comments?post=2941"}],"version-history":[{"count":2,"href":"https:\/\/pistonaddict.com\/pl\/wp-json\/wp\/v2\/pages\/2941\/revisions"}],"predecessor-version":[{"id":4201,"href":"https:\/\/pistonaddict.com\/pl\/wp-json\/wp\/v2\/pages\/2941\/revisions\/4201"}],"wp:attachment":[{"href":"https:\/\/pistonaddict.com\/pl\/wp-json\/wp\/v2\/media?parent=2941"}],"curies":[{"name":"wp","href":"https:\/\/api.w.org\/{rel}","templated":true}]}}