{"id":2885,"date":"2022-04-29T11:18:33","date_gmt":"2022-04-29T09:18:33","guid":{"rendered":"https:\/\/pistonaddict.com\/nota-prawna\/"},"modified":"2024-10-26T08:17:36","modified_gmt":"2024-10-26T06:17:36","slug":"nota-prawna","status":"publish","type":"page","link":"https:\/\/pistonaddict.com\/pl\/nota-prawna\/","title":{"rendered":"Nota prawna"},"content":{"rendered":"\t\t<div data-elementor-type=\"wp-page\" data-elementor-id=\"2885\" class=\"elementor elementor-2885 elementor-2848\">\n\t\t\t\t\t\t<section class=\"elementor-section elementor-top-section elementor-element elementor-element-4eb0e23 elementor-section-boxed elementor-section-height-default elementor-section-height-default\" data-id=\"4eb0e23\" data-element_type=\"section\">\n\t\t\t\t\t\t<div class=\"elementor-container elementor-column-gap-default\">\n\t\t\t\t\t<div class=\"elementor-column elementor-col-100 elementor-top-column elementor-element elementor-element-229cbe5\" data-id=\"229cbe5\" data-element_type=\"column\">\n\t\t\t<div class=\"elementor-widget-wrap elementor-element-populated\">\n\t\t\t\t\t\t<div class=\"elementor-element elementor-element-2af4966 elementor-widget elementor-widget-text-editor\" data-id=\"2af4966\" data-element_type=\"widget\" data-widget_type=\"text-editor.default\">\n\t\t\t\t<div class=\"elementor-widget-container\">\n\t\t\t<style>\/*! elementor - v3.21.0 - 18-04-2024 *\/\n.elementor-widget-text-editor.elementor-drop-cap-view-stacked .elementor-drop-cap{background-color:#69727d;color:#fff}.elementor-widget-text-editor.elementor-drop-cap-view-framed .elementor-drop-cap{color:#69727d;border:3px solid;background-color:transparent}.elementor-widget-text-editor:not(.elementor-drop-cap-view-default) .elementor-drop-cap{margin-top:8px}.elementor-widget-text-editor:not(.elementor-drop-cap-view-default) .elementor-drop-cap-letter{width:1em;height:1em}.elementor-widget-text-editor .elementor-drop-cap{float:left;text-align:center;line-height:1;font-size:50px}.elementor-widget-text-editor .elementor-drop-cap-letter{display:inline-block}<\/style>\t\t\t\t<h2><strong>PREZENTACJA STRONY<\/strong><\/h2>\n<p>Zgodnie z art. 6 ustawy nr 2004-575 z dnia 21 czerwca 2004 r. o zaufaniu w gospodarce cyfrowej oraz w zastosowaniu <strong>og\u00f3lnego<\/strong> <strong>rozporz\u0105dzenia o<\/strong> <strong>ochronie danych<\/strong> [Rozporz\u0105dzenie (UE) 2016\/679], u\u017cytkownicy witryny: https:\/\/www.pistonaddict.com, to\u017csamo\u015b\u0107 r\u00f3\u017cnych zainteresowanych stron w kontek\u015bcie jej realizacji i monitorowania.<\/p>\n<ul>\n<li><strong>W\u0142a\u015bciciel:<\/strong> <strong>Piston Addict SA<\/strong><\/li>\n<li>SA o kapitale zak\u0142adowym w wysoko\u015bci 400 000 CHF<\/li>\n<li>Numer IDE: CHE-354.351.695<\/li>\n<li>Numer VAT: CHE-354.351.695TVA i EU528667635 (numer OSS spoza UE)<\/li>\n<li>Biuro : Rue Alexandre Gavard 16, 1227 Carouge,&nbsp; Szwajcaria<\/li>\n<li>Telefon: 00 41 22 342 03 55<\/li>\n<\/ul>\n<ul>\n<li><strong>Tw\u00f3rca\/Webmaster: KUBIWEB<\/strong><\/li>\n<li>SAS o kapitale zak\u0142adowym w wysoko\u015bci 21 320 \u20ac<\/li>\n<li>Numer SIRET: 53018964600025<\/li>\n<li>Siedziba g\u0142\u00f3wna: 46-48 Chemin de la Bruy\u00e8re &#8211; 69570 DARDILLY<\/li>\n<\/ul>\n<ul>\n<li><strong>Gospodarz: HOSTINGER<\/strong><\/li>\n<li>Siedziba g\u0142\u00f3wna: HOSTINGER INTERNATIONAL LTD, 61 Lordou Vironos Street, 6023 Larnaca, Cypr.<\/li>\n<li>Kontakt: <a href=\"https:\/\/www.hostinger.fr\/contact\" target=\"_blank\" rel=\"noopener\">https:\/\/www.hostinger.fr\/contact<\/a><\/li>\n<\/ul>\n\n<ul>\n<li>E-mail : <a href=\"https:\/\/pistonaddict.com\/pl\/skontaktuj-sie-z-nami\/\">Formularz kontaktowy<\/a><\/li>\n<\/ul>\n<p>Dzia\u0142alno\u015b\u0107 Piston Addict odbywa si\u0119 na ca\u0142ym \u015bwiecie, z g\u0142\u00f3wnym naciskiem na Europ\u0119, z wyj\u0105tkiem Wielkiej Brytanii i Irlandii.&nbsp;<\/p>\n<p><\/p>\n<h2><strong>OG\u00d3LNE WARUNKI KORZYSTANIA Z WITRYNY I OFEROWANYCH US\u0141UG<\/strong><\/h2>\n<p>Korzystanie z serwisu https:\/\/www.pistonaddict.com oznacza pe\u0142n\u0105 akceptacj\u0119 og\u00f3lnych warunk\u00f3w u\u017cytkowania opisanych poni\u017cej. Niniejsze warunki u\u017cytkowania mog\u0105 by\u0107 w ka\u017cdej chwili zmienione lub uzupe\u0142nione, dlatego u\u017cytkownicy strony https:\/\/www.pistonaddict.com s\u0105 proszeni o regularne zapoznawanie si\u0119 z nimi.<\/p>\n<p>Ta strona jest normalnie dost\u0119pna dla u\u017cytkownik\u00f3w w ka\u017cdej chwili. O przerwie spowodowanej konserwacj\u0105 techniczn\u0105 mo\u017ce jednak zdecydowa\u0107 <strong>Piston Addict<\/strong>, kt\u00f3ry w\u00f3wczas postara si\u0119 poinformowa\u0107 u\u017cytkownik\u00f3w przed dat\u0105 i godzin\u0105 interwencji.<\/p>\n<p>Strona https:\/\/www.pistonaddict.com jest regularnie aktualizowana przez <strong>Piston Addict<\/strong>. W ten sam spos\u00f3b noty prawne mog\u0105 by\u0107 w ka\u017cdej chwili modyfikowane: niemniej jednak narzucaj\u0105 si\u0119 u\u017cytkownikowi, kt\u00f3ry jest zach\u0119cany do jak najcz\u0119stszego si\u0119gania do nich w celu zapoznania si\u0119 z nimi.<\/p>\n<h2>&nbsp;<\/h2>\n<h2><strong>OPIS \u015aWIADCZONYCH US\u0141UG<\/strong><\/h2>\n<p>Celem strony https:\/\/www.pistonaddict.com jest dostarczenie informacji dotycz\u0105cych ca\u0142ej dzia\u0142alno\u015bci firmy. <strong>Piston Addict<\/strong> stara si\u0119, aby informacje zawarte na stronie https:\/\/www.pistonaddict.com by\u0142y jak najbardziej dok\u0142adne.<\/p>\n<p>Nie mo\u017ce jednak ponosi\u0107 odpowiedzialno\u015bci za pomini\u0119cia, nie\u015bcis\u0142o\u015bci i braki w aktualizacji, zar\u00f3wno przez siebie, jak i przez partner\u00f3w zewn\u0119trznych, kt\u00f3rzy dostarczaj\u0105 jej te informacje.<\/p>\n<p>Wszystkie informacje wskazane na stronie https:\/\/www.pistonaddict.com s\u0105 podane orientacyjnie i prawdopodobnie ulegn\u0105 zmianie. Ponadto informacje zawarte na stronie https:\/\/www.pistonaddict.com nie s\u0105 wyczerpuj\u0105ce. S\u0105 one podawane z zastrze\u017ceniem zmian dokonanych od momentu umieszczenia ich w Internecie.<\/p>\n<h2>&nbsp;<\/h2>\n<h2><strong>OGRANICZENIA UMOWNE DOTYCZ\u0104CE DANYCH TECHNICZNYCH<\/strong><\/h2>\n<p>Strona wykorzystuje technologi\u0119 JavaScript.<\/p>\n<p>Serwis nie ponosi odpowiedzialno\u015bci za szkody materialne zwi\u0105zane z korzystaniem ze strony. Ponadto u\u017cytkownik serwisu zobowi\u0105zuje si\u0119 do korzystania z serwisu przy u\u017cyciu aktualnego sprz\u0119tu, nie zawieraj\u0105cego wirus\u00f3w oraz przy u\u017cyciu zaktualizowanej przegl\u0105darki najnowszej generacji.<\/p>\n<h2>&nbsp;<\/h2>\n<h2><strong>W\u0141ASNO\u015a\u0106 INTELEKTUALNA I NARUSZENIA<\/strong><\/h2>\n<p><strong>Piston Addict<\/strong> jest w\u0142a\u015bcicielem praw w\u0142asno\u015bci intelektualnej lub posiada prawa do korzystania ze wszystkich element\u00f3w dost\u0119pnych na stronie, w szczeg\u00f3lno\u015bci tekst\u00f3w, zdj\u0119\u0107, grafik, logo, ikon, d\u017awi\u0119k\u00f3w, oprogramowania.<\/p>\n<p>Wszelkie powielanie, przedstawianie, modyfikowanie, publikowanie, adaptowanie ca\u0142o\u015bci lub cz\u0119\u015bci element\u00f3w strony, niezale\u017cnie od u\u017cytych \u015brodk\u00f3w lub procesu, jest zabronione, chyba \u017ce za uprzedni\u0105 pisemn\u0105 zgod\u0105 <strong>Piston Addict<\/strong>.<\/p>\n<p>Ka\u017cde nieuprawnione u\u017cycie strony lub kt\u00f3regokolwiek z element\u00f3w na niej zawartych zostanie uznane za naruszenie i b\u0119dzie \u015bcigane zgodnie z postanowieniami artyku\u0142\u00f3w L.335-2 i nast\u0119pnych Kodeksu W\u0142asno\u015bci Intelektualnej.<\/p>\n<h2>&nbsp;<\/h2>\n<h2><strong>OGRANICZENIA ODPOWIEDZIALNO\u015aCI<\/strong><\/h2>\n<p><strong>Piston Addict<\/strong> nie mo\u017ce by\u0107 poci\u0105gni\u0119ty do odpowiedzialno\u015bci za bezpo\u015brednie lub po\u015brednie szkody spowodowane na sprz\u0119cie u\u017cytkownika, podczas uzyskiwania dost\u0119pu do strony https:\/\/www.pistonaddict.com, a wynikaj\u0105ce albo z u\u017cycia sprz\u0119tu, kt\u00f3ry nie spe\u0142nia specyfikacji wskazanych w punkcie 4, albo z pojawienia si\u0119 b\u0142\u0119du lub niekompatybilno\u015bci.<\/p>\n<p><strong>Piston Addict<\/strong> nie ponosi r\u00f3wnie\u017c odpowiedzialno\u015bci za szkody nast\u0119pcze (takie jak utrata rynku lub utrata mo\u017cliwo\u015bci) wynikaj\u0105ce z korzystania ze strony https:\/\/www.pistonaddict.com. Dla u\u017cytkownik\u00f3w dost\u0119pne s\u0105 przestrzenie interaktywne (mo\u017cliwo\u015b\u0107 zadawania pyta\u0144 w przestrzeni kontaktowej).<\/p>\n<p><strong>Piston Addict<\/strong> zastrzega sobie prawo do usuni\u0119cia, bez uprzedniego powiadomienia, wszelkich tre\u015bci zamieszczonych w tej przestrzeni, kt\u00f3re narusza\u0142yby ustawodawstwo obowi\u0105zuj\u0105ce we Francji, w szczeg\u00f3lno\u015bci przepisy dotycz\u0105ce ochrony danych.<\/p>\n<p>W stosownych przypadkach <strong>Piston Addict<\/strong> zastrzega sobie r\u00f3wnie\u017c prawo do zakwestionowania odpowiedzialno\u015bci cywilnej i\/lub karnej u\u017cytkownika, w szczeg\u00f3lno\u015bci w przypadku wiadomo\u015bci o charakterze rasistowskim, obra\u017aliwym, znies\u0142awiaj\u0105cym lub pornograficznym, niezale\u017cnie od u\u017cytego medium (tekst, fotografia itp.).<\/p>\n<h2>&nbsp;<\/h2>\n<h2><strong>ZARZ\u0104DZANIE DANYMI OSOBOWYMI<\/strong><\/h2>\n<p>We Francji dane osobowe s\u0105 chronione w szczeg\u00f3lno\u015bci przez ustaw\u0119 nr 78-87 z 6 stycznia 1978 r., ustaw\u0119 nr 2004-801 z 6 sierpnia 2004 r., art. L. 226-13 kodeksu karnego i dyrektyw\u0119 europejsk\u0105 z 24 pa\u017adziernika 1995 r. oraz przez rozporz\u0105dzenie Parlamentu Europejskiego i Rady (UE) 2016\/679 z 27 kwietnia 2016 r.<\/p>\n<p>Podczas korzystania ze strony https:\/\/www.pistonaddict.com mog\u0105 by\u0107 gromadzone nast\u0119puj\u0105ce dane: adresy URL link\u00f3w, przez kt\u00f3re u\u017cytkownik wszed\u0142 na stron\u0119 https:\/\/www.pistonaddict.com , dostawca us\u0142ug internetowych u\u017cytkownika, adres protoko\u0142u internetowego (IP) u\u017cytkownika.<\/p>\n<p>W ka\u017cdym przypadku <strong>Piston Addict<\/strong> zbiera jedynie dane osobowe dotycz\u0105ce u\u017cytkownika na potrzeby okre\u015blonych us\u0142ug oferowanych przez stron\u0119 https:\/\/www.pistonaddict.com.<\/p>\n<p>U\u017cytkownik przekazuje te informacje z pe\u0142n\u0105 \u015bwiadomo\u015bci\u0105 stanu faktycznego, w szczeg\u00f3lno\u015bci gdy sam je wprowadza. W\u00f3wczas okre\u015bla si\u0119 u\u017cytkownikowi strony https:\/\/www.pistonaddict.com obowi\u0105zek lub brak obowi\u0105zku podania tych informacji. Zgodnie z przepisami art. 38 i nast\u0119pnych ustawy 78-17 z dnia 6 stycznia 1978 r. dotycz\u0105cej przetwarzania danych, plik\u00f3w i wolno\u015bci, a tak\u017ce przepisami rozdzia\u0142u 3 og\u00f3lnych przepis\u00f3w o ochronie danych, wszyscy u\u017cytkownicy maj\u0105 prawo dost\u0119pu, sprostowania i sprzeciwu wobec danych osobowych, kt\u00f3re go dotycz\u0105, poprzez z\u0142o\u017cenie pisemnego i podpisanego wniosku, wraz z kopi\u0105 dokumentu to\u017csamo\u015bci z podpisem posiadacza dokumentu, okre\u015blaj\u0105cego adres, na kt\u00f3ry nale\u017cy wys\u0142a\u0107 odpowied\u017a.<\/p>\n<p>\u017badne dane osobowe u\u017cytkownika strony https:\/\/www.pistonaddict.com nie s\u0105 publikowane bez wiedzy u\u017cytkownika, wymieniane, przekazywane, przydzielane lub sprzedawane na jakimkolwiek no\u015bniku osobom trzecim.<\/p>\n<p>Dopiero przej\u0119cie wykupu <strong>Piston Addict<\/strong> i jego praw pozwoli\u0142oby na przekazanie takich informacji potencjalnemu nabywcy, kt\u00f3ry z kolei by\u0142by zwi\u0105zany tym samym obowi\u0105zkiem przechowywania i modyfikowania danych w odniesieniu do u\u017cytkownika strony. https:\/\/www.pistonaddict.com.<\/p>\n<p>Strona nie jest zg\u0142oszona do CNIL, poniewa\u017c nie zbiera danych osobowych bez zgody os\u00f3b zainteresowanych. Bazy danych s\u0105 chronione przepisami ustawy z dnia 1 lipca 1998 r. transponuj\u0105cej dyrektyw\u0119 96\/9 z dnia 11 marca 1996 r. w sprawie ochrony prawnej baz danych.<\/p>\n<p><span lang=\"en\">Aby skorzysta\u0107 ze swoich praw w odniesieniu do danych osobowych lub w przypadku pyta\u0144 ich dotycz\u0105cych, mo\u017cna skontaktowa\u0107 si\u0119 z naszym inspektorem ochrony danych pod nast\u0119puj\u0105cym adresem: dpo@pistonaddict.com.<\/span><\/p>\n<h2>&nbsp;<\/h2>\n<h2><strong>LINKI HIPERTEKSTOWE I PLIKI COOKIE<\/strong><\/h2>\n<p>Strona https:\/\/www.pistonaddict.com zawiera pewn\u0105 ilo\u015b\u0107 link\u00f3w hipertekstowych do innych stron, ustawionych z upowa\u017cnienia <strong>Piston Addict<\/strong>. <strong>Piston Addict<\/strong> nie ma jednak mo\u017cliwo\u015bci weryfikacji zawarto\u015bci odwiedzanych w ten spos\u00f3b stron, dlatego nie ponosi za ten fakt \u017cadnej odpowiedzialno\u015bci.<\/p>\n<p>Przegl\u0105danie strony https:\/\/www.pistonaddict.com prawdopodobnie spowoduje instalacj\u0119 plik\u00f3w cookie na komputerze u\u017cytkownika. Cookie to ma\u0142y plik, kt\u00f3ry nie pozwala na identyfikacj\u0119 u\u017cytkownika, ale zapisuje informacje zwi\u0105zane z nawigacj\u0105 komputera na stronie.<\/p>\n<p>Uzyskane w ten spos\u00f3b dane maj\u0105 na celu u\u0142atwienie p\u00f3\u017aniejszej nawigacji na stronie, a tak\u017ce maj\u0105 umo\u017cliwi\u0107 r\u00f3\u017cne miary frekwencji.<\/p>\n<p>Odmowa instalacji pliku cookie mo\u017ce uniemo\u017cliwi\u0107 dost\u0119p do niekt\u00f3rych us\u0142ug. U\u017cytkownik mo\u017ce jednak skonfigurowa\u0107 sw\u00f3j komputer w nast\u0119puj\u0105cy spos\u00f3b, aby odm\u00f3wi\u0107 instalacji plik\u00f3w cookie:<\/p>\n<ul>\n<li>W programie Internet Explorer: zak\u0142adka narz\u0119dzia (piktogram w postaci trybika u g\u00f3ry po prawej stronie) \/ opcje internetowe. Kliknij na Prywatno\u015b\u0107 i wybierz Zablokuj wszystkie pliki cookie. Walidacja na Ok.<\/li>\n<li>W przegl\u0105darce Firefox: w g\u00f3rnej cz\u0119\u015bci okna przegl\u0105darki kliknij przycisk Firefox, a nast\u0119pnie przejd\u017a do zak\u0142adki Opcje. Kliknij zak\u0142adk\u0119 Prywatno\u015b\u0107. Ustaw zasady retencji na: u\u017cyj niestandardowych ustawie\u0144 dla historii. Na koniec odznacz j\u0105, aby wy\u0142\u0105czy\u0107 pliki cookie.<\/li>\n<li>W Safari: Kliknij w prawym g\u00f3rnym rogu przegl\u0105darki na ikon\u0119 menu (symbolizowan\u0105 przez trybik). Wybierz Ustawienia. Kliknij przycisk Poka\u017c ustawienia zaawansowane. W sekcji &#8220;Prywatno\u015b\u0107&#8221; kliknij na Ustawienia tre\u015bci. W sekcji &#8220;Pliki cookie&#8221; mo\u017cesz zablokowa\u0107 pliki cookie.<\/li>\n<li>W przegl\u0105darce Chrome: Kliknij w prawym g\u00f3rnym rogu przegl\u0105darki na ikon\u0119 menu (symbolizowan\u0105 przez trzy poziome linie). Wybierz Ustawienia. Kliknij przycisk Poka\u017c ustawienia zaawansowane. W sekcji &#8220;Prywatno\u015b\u0107&#8221; kliknij na preferencje. W zak\u0142adce &#8220;Prywatno\u015b\u0107&#8221; mo\u017cesz zablokowa\u0107 pliki cookies.<\/li>\n<\/ul>\n<h2>&nbsp;<\/h2>\n<h2><strong>PRAWO W\u0141A\u015aCIWE I PRZYZNANIE JURYSDYKCJI<\/strong><\/h2>\n<p>Wszelkie spory zwi\u0105zane z korzystaniem ze strony https:\/\/www.pistonaddict.com podlegaj\u0105 prawu szwajcarskiemu. Wy\u0142\u0105czna jurysdykcja przys\u0142uguje w\u0142a\u015bciwym s\u0105dom w Genewie.<\/p>\n<h2>&nbsp;<\/h2>\n<h2><strong>G\u0141\u00d3WNE PRZEPISY, KT\u00d3RYCH TO DOTYCZY<\/strong><\/h2>\n<p>Ustawa nr 78-87 z dnia 6 stycznia 1978 r., w szczeg\u00f3lno\u015bci zmieniona ustaw\u0105 nr 2004-801 z dnia 6 sierpnia 2004 r. w sprawie przetwarzania danych, plik\u00f3w i wolno\u015bci. Ustawa nr 2004-575 z dnia 21 czerwca 2004 r. o zaufaniu w gospodarce cyfrowej. Sekcje 2, 3, 4 i 5 rozdzia\u0142u 3 og\u00f3lnego rozporz\u0105dzenia o ochronie danych.<\/p>\n<h2>&nbsp;<\/h2>\n<h2><strong>LEXICON<\/strong><\/h2>\n<p>U\u017cytkownik: U\u017cytkownik Internetu \u0142\u0105cz\u0105cy si\u0119, korzystaj\u0105cy z w\/w strony.<\/p>\n<p>Dane osobowe: &#8220;informacje, kt\u00f3re pozwalaj\u0105, w jakiejkolwiek formie, bezpo\u015brednio lub po\u015brednio, na identyfikacj\u0119 os\u00f3b fizycznych, kt\u00f3rych dotycz\u0105&#8221; (art. 4 ustawy nr 78-17 z 6 stycznia 1978 r.).<\/p>\n<h2>&nbsp;<\/h2>\n<h2>COPYRIGHT<\/h2>\n<p><a title=\"kluczowe ikony\" href=\"https:\/\/www.flaticon.com\/free-icons\/key\">Ikony kluczowe stworzone przez Good Ware &#8211; Flaticon<br><\/a><\/p>\n<p><strong>Piston Addict<\/strong> jest zarejestrowanym znakiem towarowym, wszelkie prawa zastrze\u017cone.<\/p>\t\t\t\t\t\t<\/div>\n\t\t\t\t<\/div>\n\t\t\t\t\t<\/div>\n\t\t<\/div>\n\t\t\t\t\t<\/div>\n\t\t<\/section>\n\t\t\t\t<\/div>\n\t\t","protected":false},"excerpt":{"rendered":"<p>PREZENTACJA STRONY Zgodnie z art. 6 ustawy nr 2004-575 z dnia 21 czerwca 2004 r. o zaufaniu w gospodarce cyfrowej oraz w zastosowaniu og\u00f3lnego rozporz\u0105dzenia o ochronie danych [Rozporz\u0105dzenie (UE) 2016\/679], u\u017cytkownicy witryny: https:\/\/www.pistonaddict.com, to\u017csamo\u015b\u0107 r\u00f3\u017cnych zainteresowanych stron w kontek\u015bcie jej realizacji i monitorowania. W\u0142a\u015bciciel: Piston Addict SA SA o kapitale zak\u0142adowym w wysoko\u015bci 400 &#8230; <a title=\"Nota prawna\" class=\"read-more\" href=\"https:\/\/pistonaddict.com\/pl\/nota-prawna\/\">Wi\u0119cej<span class=\"screen-reader-text\">Nota prawna<\/span><\/a><\/p>\n","protected":false},"author":1,"featured_media":0,"parent":0,"menu_order":0,"comment_status":"closed","ping_status":"closed","template":"","meta":{"inline_featured_image":false,"footnotes":""},"acf":[],"yoast_head":"<!-- This site is optimized with the Yoast SEO plugin v22.5 - https:\/\/yoast.com\/wordpress\/plugins\/seo\/ -->\n<title>Nota prawna - nazwa Piston Addict<\/title>\n<meta name=\"robots\" content=\"index, follow, max-snippet:-1, max-image-preview:large, max-video-preview:-1\" \/>\n<link rel=\"canonical\" href=\"https:\/\/pistonaddict.com\/pl\/nota-prawna\/\" \/>\n<meta property=\"og:locale\" content=\"pl_PL\" \/>\n<meta property=\"og:type\" content=\"article\" \/>\n<meta property=\"og:title\" content=\"Nota prawna - nazwa Piston Addict\" \/>\n<meta property=\"og:description\" content=\"PREZENTACJA STRONY Zgodnie z art. 6 ustawy nr 2004-575 z dnia 21 czerwca 2004 r. o zaufaniu w gospodarce cyfrowej oraz w zastosowaniu og\u00f3lnego rozporz\u0105dzenia o ochronie danych [Rozporz\u0105dzenie (UE) 2016\/679], u\u017cytkownicy witryny: https:\/\/www.pistonaddict.com, to\u017csamo\u015b\u0107 r\u00f3\u017cnych zainteresowanych stron w kontek\u015bcie jej realizacji i monitorowania. W\u0142a\u015bciciel: Piston Addict SA SA o kapitale zak\u0142adowym w wysoko\u015bci 400 ... Wi\u0119cejNota prawna\" \/>\n<meta property=\"og:url\" content=\"https:\/\/pistonaddict.com\/pl\/nota-prawna\/\" \/>\n<meta property=\"og:site_name\" content=\"Piston Addict\" \/>\n<meta property=\"article:modified_time\" content=\"2024-10-26T06:17:36+00:00\" \/>\n<meta name=\"twitter:card\" content=\"summary_large_image\" \/>\n<meta name=\"twitter:label1\" content=\"Szacowany czas czytania\" \/>\n\t<meta name=\"twitter:data1\" content=\"8 minut\" \/>\n<script type=\"application\/ld+json\" class=\"yoast-schema-graph\">{\"@context\":\"https:\/\/schema.org\",\"@graph\":[{\"@type\":\"WebPage\",\"@id\":\"https:\/\/pistonaddict.com\/pl\/nota-prawna\/\",\"url\":\"https:\/\/pistonaddict.com\/pl\/nota-prawna\/\",\"name\":\"Nota prawna - nazwa Piston Addict\",\"isPartOf\":{\"@id\":\"https:\/\/pistonaddict.com\/pl\/#website\"},\"datePublished\":\"2022-04-29T09:18:33+00:00\",\"dateModified\":\"2024-10-26T06:17:36+00:00\",\"breadcrumb\":{\"@id\":\"https:\/\/pistonaddict.com\/pl\/nota-prawna\/#breadcrumb\"},\"inLanguage\":\"pl-PL\",\"potentialAction\":[{\"@type\":\"ReadAction\",\"target\":[\"https:\/\/pistonaddict.com\/pl\/nota-prawna\/\"]}]},{\"@type\":\"BreadcrumbList\",\"@id\":\"https:\/\/pistonaddict.com\/pl\/nota-prawna\/#breadcrumb\",\"itemListElement\":[{\"@type\":\"ListItem\",\"position\":1,\"name\":\"Strona g\u0142\u00f3wna\",\"item\":\"https:\/\/pistonaddict.com\/pl\/strona-glowna-2\/\"},{\"@type\":\"ListItem\",\"position\":2,\"name\":\"Nota prawna\"}]},{\"@type\":\"WebSite\",\"@id\":\"https:\/\/pistonaddict.com\/pl\/#website\",\"url\":\"https:\/\/pistonaddict.com\/pl\/\",\"name\":\"Piston Addict\",\"description\":\"Only interesting vehicles\",\"publisher\":{\"@id\":\"https:\/\/pistonaddict.com\/pl\/#organization\"},\"potentialAction\":[{\"@type\":\"SearchAction\",\"target\":{\"@type\":\"EntryPoint\",\"urlTemplate\":\"https:\/\/pistonaddict.com\/pl\/?s={search_term_string}\"},\"query-input\":\"required name=search_term_string\"}],\"inLanguage\":\"pl-PL\"},{\"@type\":\"Organization\",\"@id\":\"https:\/\/pistonaddict.com\/pl\/#organization\",\"name\":\"Piston Addict\",\"url\":\"https:\/\/pistonaddict.com\/pl\/\",\"logo\":{\"@type\":\"ImageObject\",\"inLanguage\":\"pl-PL\",\"@id\":\"https:\/\/pistonaddict.com\/pl\/#\/schema\/logo\/image\/\",\"url\":\"https:\/\/pistonaddict.com\/wp-content\/uploads\/2022\/07\/logo-6.png\",\"contentUrl\":\"https:\/\/pistonaddict.com\/wp-content\/uploads\/2022\/07\/logo-6.png\",\"width\":970,\"height\":200,\"caption\":\"Piston Addict\"},\"image\":{\"@id\":\"https:\/\/pistonaddict.com\/pl\/#\/schema\/logo\/image\/\"}}]}<\/script>\n<!-- \/ Yoast SEO plugin. -->","yoast_head_json":{"title":"Nota prawna - nazwa Piston Addict","robots":{"index":"index","follow":"follow","max-snippet":"max-snippet:-1","max-image-preview":"max-image-preview:large","max-video-preview":"max-video-preview:-1"},"canonical":"https:\/\/pistonaddict.com\/pl\/nota-prawna\/","og_locale":"pl_PL","og_type":"article","og_title":"Nota prawna - nazwa Piston Addict","og_description":"PREZENTACJA STRONY Zgodnie z art. 6 ustawy nr 2004-575 z dnia 21 czerwca 2004 r. o zaufaniu w gospodarce cyfrowej oraz w zastosowaniu og\u00f3lnego rozporz\u0105dzenia o ochronie danych [Rozporz\u0105dzenie (UE) 2016\/679], u\u017cytkownicy witryny: https:\/\/www.pistonaddict.com, to\u017csamo\u015b\u0107 r\u00f3\u017cnych zainteresowanych stron w kontek\u015bcie jej realizacji i monitorowania. W\u0142a\u015bciciel: Piston Addict SA SA o kapitale zak\u0142adowym w wysoko\u015bci 400 ... Wi\u0119cejNota prawna","og_url":"https:\/\/pistonaddict.com\/pl\/nota-prawna\/","og_site_name":"Piston Addict","article_modified_time":"2024-10-26T06:17:36+00:00","twitter_card":"summary_large_image","twitter_misc":{"Szacowany czas czytania":"8 minut"},"schema":{"@context":"https:\/\/schema.org","@graph":[{"@type":"WebPage","@id":"https:\/\/pistonaddict.com\/pl\/nota-prawna\/","url":"https:\/\/pistonaddict.com\/pl\/nota-prawna\/","name":"Nota prawna - nazwa Piston Addict","isPartOf":{"@id":"https:\/\/pistonaddict.com\/pl\/#website"},"datePublished":"2022-04-29T09:18:33+00:00","dateModified":"2024-10-26T06:17:36+00:00","breadcrumb":{"@id":"https:\/\/pistonaddict.com\/pl\/nota-prawna\/#breadcrumb"},"inLanguage":"pl-PL","potentialAction":[{"@type":"ReadAction","target":["https:\/\/pistonaddict.com\/pl\/nota-prawna\/"]}]},{"@type":"BreadcrumbList","@id":"https:\/\/pistonaddict.com\/pl\/nota-prawna\/#breadcrumb","itemListElement":[{"@type":"ListItem","position":1,"name":"Strona g\u0142\u00f3wna","item":"https:\/\/pistonaddict.com\/pl\/strona-glowna-2\/"},{"@type":"ListItem","position":2,"name":"Nota prawna"}]},{"@type":"WebSite","@id":"https:\/\/pistonaddict.com\/pl\/#website","url":"https:\/\/pistonaddict.com\/pl\/","name":"Piston Addict","description":"Only interesting vehicles","publisher":{"@id":"https:\/\/pistonaddict.com\/pl\/#organization"},"potentialAction":[{"@type":"SearchAction","target":{"@type":"EntryPoint","urlTemplate":"https:\/\/pistonaddict.com\/pl\/?s={search_term_string}"},"query-input":"required name=search_term_string"}],"inLanguage":"pl-PL"},{"@type":"Organization","@id":"https:\/\/pistonaddict.com\/pl\/#organization","name":"Piston Addict","url":"https:\/\/pistonaddict.com\/pl\/","logo":{"@type":"ImageObject","inLanguage":"pl-PL","@id":"https:\/\/pistonaddict.com\/pl\/#\/schema\/logo\/image\/","url":"https:\/\/pistonaddict.com\/wp-content\/uploads\/2022\/07\/logo-6.png","contentUrl":"https:\/\/pistonaddict.com\/wp-content\/uploads\/2022\/07\/logo-6.png","width":970,"height":200,"caption":"Piston Addict"},"image":{"@id":"https:\/\/pistonaddict.com\/pl\/#\/schema\/logo\/image\/"}}]}},"_links":{"self":[{"href":"https:\/\/pistonaddict.com\/pl\/wp-json\/wp\/v2\/pages\/2885"}],"collection":[{"href":"https:\/\/pistonaddict.com\/pl\/wp-json\/wp\/v2\/pages"}],"about":[{"href":"https:\/\/pistonaddict.com\/pl\/wp-json\/wp\/v2\/types\/page"}],"author":[{"embeddable":true,"href":"https:\/\/pistonaddict.com\/pl\/wp-json\/wp\/v2\/users\/1"}],"replies":[{"embeddable":true,"href":"https:\/\/pistonaddict.com\/pl\/wp-json\/wp\/v2\/comments?post=2885"}],"version-history":[{"count":15,"href":"https:\/\/pistonaddict.com\/pl\/wp-json\/wp\/v2\/pages\/2885\/revisions"}],"predecessor-version":[{"id":111610,"href":"https:\/\/pistonaddict.com\/pl\/wp-json\/wp\/v2\/pages\/2885\/revisions\/111610"}],"wp:attachment":[{"href":"https:\/\/pistonaddict.com\/pl\/wp-json\/wp\/v2\/media?parent=2885"}],"curies":[{"name":"wp","href":"https:\/\/api.w.org\/{rel}","templated":true}]}}