{"id":2401,"date":"2022-04-25T10:36:21","date_gmt":"2022-04-25T08:36:21","guid":{"rendered":"https:\/\/pistonaddict.com\/10-wskazowek-dotyczacych-fotografowania-samochodu\/"},"modified":"2023-09-12T11:39:39","modified_gmt":"2023-09-12T09:39:39","slug":"10-wskazowek-dotyczacych-fotografowania-samochodu","status":"publish","type":"page","link":"https:\/\/pistonaddict.com\/pl\/10-wskazowek-dotyczacych-fotografowania-samochodu\/","title":{"rendered":"10 wskaz\u00f3wek dotycz\u0105cych fotografowania samochodu"},"content":{"rendered":"\t\t<div data-elementor-type=\"wp-page\" data-elementor-id=\"2401\" class=\"elementor elementor-2401 elementor-2468\">\n\t\t\t\t\t\t<section class=\"elementor-section elementor-top-section elementor-element elementor-element-1226094 elementor-section-full_width elementor-section-content-middle banniere-page elementor-section-height-default elementor-section-height-default\" data-id=\"1226094\" data-element_type=\"section\" data-settings=\"{&quot;background_background&quot;:&quot;classic&quot;}\">\n\t\t\t\t\t\t<div class=\"elementor-container elementor-column-gap-default\">\n\t\t\t\t\t<div class=\"elementor-column elementor-col-100 elementor-top-column elementor-element elementor-element-caa391a\" data-id=\"caa391a\" data-element_type=\"column\">\n\t\t\t<div class=\"elementor-widget-wrap elementor-element-populated\">\n\t\t\t\t\t\t<div class=\"elementor-element elementor-element-b35d988 elementor-widget elementor-widget-heading\" data-id=\"b35d988\" data-element_type=\"widget\" data-widget_type=\"heading.default\">\n\t\t\t\t<div class=\"elementor-widget-container\">\n\t\t\t<style>\/*! elementor - v3.21.0 - 18-04-2024 *\/\n.elementor-heading-title{padding:0;margin:0;line-height:1}.elementor-widget-heading .elementor-heading-title[class*=elementor-size-]>a{color:inherit;font-size:inherit;line-height:inherit}.elementor-widget-heading .elementor-heading-title.elementor-size-small{font-size:15px}.elementor-widget-heading .elementor-heading-title.elementor-size-medium{font-size:19px}.elementor-widget-heading .elementor-heading-title.elementor-size-large{font-size:29px}.elementor-widget-heading .elementor-heading-title.elementor-size-xl{font-size:39px}.elementor-widget-heading .elementor-heading-title.elementor-size-xxl{font-size:59px}<\/style><h1 class=\"elementor-heading-title elementor-size-default\">10 wskaz\u00f3wek dotycz\u0105cych robienia zdj\u0119\u0107<\/h1>\t\t<\/div>\n\t\t\t\t<\/div>\n\t\t\t\t\t<\/div>\n\t\t<\/div>\n\t\t\t\t\t<\/div>\n\t\t<\/section>\n\t\t\t\t<section class=\"elementor-section elementor-top-section elementor-element elementor-element-0a3340f elementor-section-full_width descs elementor-section-height-default elementor-section-height-default\" data-id=\"0a3340f\" data-element_type=\"section\">\n\t\t\t\t\t\t<div class=\"elementor-container elementor-column-gap-default\">\n\t\t\t\t\t<div class=\"elementor-column elementor-col-100 elementor-top-column elementor-element elementor-element-f030e5d\" data-id=\"f030e5d\" data-element_type=\"column\">\n\t\t\t<div class=\"elementor-widget-wrap elementor-element-populated\">\n\t\t\t\t\t\t<div class=\"elementor-element elementor-element-8cea2dc desc-1 elementor-widget elementor-widget-text-editor\" data-id=\"8cea2dc\" data-element_type=\"widget\" data-widget_type=\"text-editor.default\">\n\t\t\t\t<div class=\"elementor-widget-container\">\n\t\t\t<style>\/*! elementor - v3.21.0 - 18-04-2024 *\/\n.elementor-widget-text-editor.elementor-drop-cap-view-stacked .elementor-drop-cap{background-color:#69727d;color:#fff}.elementor-widget-text-editor.elementor-drop-cap-view-framed .elementor-drop-cap{color:#69727d;border:3px solid;background-color:transparent}.elementor-widget-text-editor:not(.elementor-drop-cap-view-default) .elementor-drop-cap{margin-top:8px}.elementor-widget-text-editor:not(.elementor-drop-cap-view-default) .elementor-drop-cap-letter{width:1em;height:1em}.elementor-widget-text-editor .elementor-drop-cap{float:left;text-align:center;line-height:1;font-size:50px}.elementor-widget-text-editor .elementor-drop-cap-letter{display:inline-block}<\/style>\t\t\t\t\n          <h2>10 wskaz\u00f3wek dotycz\u0105cych samodzielnego robienia najlepszych zdj\u0119\u0107 pojazdu<\/h2>\n          <p> <\/p>\n          <p>W przypadku sprzeda\u017cy pojazdu przez Internet, prezentacja jest kluczowa. Pi\u0119kne zdj\u0119cia zapewni\u0105 zatem lepszy efekt.<\/p>\n          <p>Mo\u017cna je zabra\u0107 profesjonalnym aparatem lub telefonem kom\u00f3rkowym, najwa\u017cniejsze jest to, aby wzi\u0105\u0107 pod uwag\u0119 nasze rady!<\/p>\n        \t\t\t\t\t\t<\/div>\n\t\t\t\t<\/div>\n\t\t\t\t<div class=\"elementor-element elementor-element-5ddbf58 btn1 elementor-widget elementor-widget-button\" data-id=\"5ddbf58\" data-element_type=\"widget\" data-widget_type=\"button.default\">\n\t\t\t\t<div class=\"elementor-widget-container\">\n\t\t\t\t\t<div class=\"elementor-button-wrapper\">\n\t\t\t<a class=\"elementor-button elementor-button-link elementor-size-sm\" href=\"#porada%20dotycz\u0105ca%20blokowania\">\n\t\t\t\t\t\t<span class=\"elementor-button-content-wrapper\">\n\t\t\t\t\t\t\t\t\t<span class=\"elementor-button-text\">Lista zdj\u0119\u0107<\/span>\n\t\t\t\t\t<\/span>\n\t\t\t\t\t<\/a>\n\t\t<\/div>\n\t\t\t\t<\/div>\n\t\t\t\t<\/div>\n\t\t\t\t<div class=\"elementor-element elementor-element-cd2a8bb btn2 elementor-widget elementor-widget-button\" data-id=\"cd2a8bb\" data-element_type=\"widget\" data-widget_type=\"button.default\">\n\t\t\t\t<div class=\"elementor-widget-container\">\n\t\t\t\t\t<div class=\"elementor-button-wrapper\">\n\t\t\t<a class=\"elementor-button elementor-button-link elementor-size-sm\" href=\"#\" data-fancybox=\"dialogGallery\" data-src=\"#gallery2\">\n\t\t\t\t\t\t<span class=\"elementor-button-content-wrapper\">\n\t\t\t\t\t\t<span class=\"elementor-button-icon elementor-align-icon-right\">\n\t\t\t\t<i aria-hidden=\"true\" class=\"fas fa-eye\"><\/i>\t\t\t<\/span>\n\t\t\t\t\t\t\t\t\t<span class=\"elementor-button-text\">Galeria przyk\u0142adowych zdj\u0119\u0107<\/span>\n\t\t\t\t\t<\/span>\n\t\t\t\t\t<\/a>\n\t\t<\/div>\n\t\t\t\t<\/div>\n\t\t\t\t<\/div>\n\t\t\t\t\t<\/div>\n\t\t<\/div>\n\t\t\t\t\t<\/div>\n\t\t<\/section>\n\t\t\t\t<\/div>\n\t\t","protected":false},"excerpt":{"rendered":"<p>10 wskaz\u00f3wek dotycz\u0105cych robienia zdj\u0119\u0107 10 wskaz\u00f3wek dotycz\u0105cych samodzielnego robienia najlepszych zdj\u0119\u0107 pojazdu W przypadku sprzeda\u017cy pojazdu przez Internet, prezentacja jest kluczowa. Pi\u0119kne zdj\u0119cia zapewni\u0105 zatem lepszy efekt. Mo\u017cna je zabra\u0107 profesjonalnym aparatem lub telefonem kom\u00f3rkowym, najwa\u017cniejsze jest to, aby wzi\u0105\u0107 pod uwag\u0119 nasze rady! Lista zdj\u0119\u0107 Galeria przyk\u0142adowych zdj\u0119\u0107<\/p>\n","protected":false},"author":1,"featured_media":0,"parent":0,"menu_order":0,"comment_status":"closed","ping_status":"closed","template":"template-parts\/tpl-advice.php","meta":{"inline_featured_image":false,"footnotes":""},"acf":[],"yoast_head":"<!-- This site is optimized with the Yoast SEO plugin v22.5 - https:\/\/yoast.com\/wordpress\/plugins\/seo\/ -->\n<title>10 wskaz\u00f3wek dotycz\u0105cych fotografowania samochodu - nazwa Piston Addict<\/title>\n<meta name=\"robots\" content=\"index, follow, max-snippet:-1, max-image-preview:large, max-video-preview:-1\" \/>\n<link rel=\"canonical\" href=\"https:\/\/pistonaddict.com\/pl\/10-wskazowek-dotyczacych-fotografowania-samochodu\/\" \/>\n<meta property=\"og:locale\" content=\"pl_PL\" \/>\n<meta property=\"og:type\" content=\"article\" \/>\n<meta property=\"og:title\" content=\"10 wskaz\u00f3wek dotycz\u0105cych fotografowania samochodu - nazwa Piston Addict\" \/>\n<meta property=\"og:description\" content=\"10 wskaz\u00f3wek dotycz\u0105cych robienia zdj\u0119\u0107 10 wskaz\u00f3wek dotycz\u0105cych samodzielnego robienia najlepszych zdj\u0119\u0107 pojazdu W przypadku sprzeda\u017cy pojazdu przez Internet, prezentacja jest kluczowa. Pi\u0119kne zdj\u0119cia zapewni\u0105 zatem lepszy efekt. Mo\u017cna je zabra\u0107 profesjonalnym aparatem lub telefonem kom\u00f3rkowym, najwa\u017cniejsze jest to, aby wzi\u0105\u0107 pod uwag\u0119 nasze rady! Lista zdj\u0119\u0107 Galeria przyk\u0142adowych zdj\u0119\u0107\" \/>\n<meta property=\"og:url\" content=\"https:\/\/pistonaddict.com\/pl\/10-wskazowek-dotyczacych-fotografowania-samochodu\/\" \/>\n<meta property=\"og:site_name\" content=\"Piston Addict\" \/>\n<meta property=\"article:modified_time\" content=\"2023-09-12T09:39:39+00:00\" \/>\n<meta name=\"twitter:card\" content=\"summary_large_image\" \/>\n<script type=\"application\/ld+json\" class=\"yoast-schema-graph\">{\"@context\":\"https:\/\/schema.org\",\"@graph\":[{\"@type\":\"WebPage\",\"@id\":\"https:\/\/pistonaddict.com\/pl\/10-wskazowek-dotyczacych-fotografowania-samochodu\/\",\"url\":\"https:\/\/pistonaddict.com\/pl\/10-wskazowek-dotyczacych-fotografowania-samochodu\/\",\"name\":\"10 wskaz\u00f3wek dotycz\u0105cych fotografowania samochodu - nazwa Piston Addict\",\"isPartOf\":{\"@id\":\"https:\/\/pistonaddict.com\/pl\/#website\"},\"datePublished\":\"2022-04-25T08:36:21+00:00\",\"dateModified\":\"2023-09-12T09:39:39+00:00\",\"breadcrumb\":{\"@id\":\"https:\/\/pistonaddict.com\/pl\/10-wskazowek-dotyczacych-fotografowania-samochodu\/#breadcrumb\"},\"inLanguage\":\"pl-PL\",\"potentialAction\":[{\"@type\":\"ReadAction\",\"target\":[\"https:\/\/pistonaddict.com\/pl\/10-wskazowek-dotyczacych-fotografowania-samochodu\/\"]}]},{\"@type\":\"BreadcrumbList\",\"@id\":\"https:\/\/pistonaddict.com\/pl\/10-wskazowek-dotyczacych-fotografowania-samochodu\/#breadcrumb\",\"itemListElement\":[{\"@type\":\"ListItem\",\"position\":1,\"name\":\"Strona g\u0142\u00f3wna\",\"item\":\"https:\/\/pistonaddict.com\/pl\/strona-glowna-2\/\"},{\"@type\":\"ListItem\",\"position\":2,\"name\":\"10 wskaz\u00f3wek dotycz\u0105cych fotografowania samochodu\"}]},{\"@type\":\"WebSite\",\"@id\":\"https:\/\/pistonaddict.com\/pl\/#website\",\"url\":\"https:\/\/pistonaddict.com\/pl\/\",\"name\":\"Piston Addict\",\"description\":\"Only interesting vehicles\",\"publisher\":{\"@id\":\"https:\/\/pistonaddict.com\/pl\/#organization\"},\"potentialAction\":[{\"@type\":\"SearchAction\",\"target\":{\"@type\":\"EntryPoint\",\"urlTemplate\":\"https:\/\/pistonaddict.com\/pl\/?s={search_term_string}\"},\"query-input\":\"required name=search_term_string\"}],\"inLanguage\":\"pl-PL\"},{\"@type\":\"Organization\",\"@id\":\"https:\/\/pistonaddict.com\/pl\/#organization\",\"name\":\"Piston Addict\",\"url\":\"https:\/\/pistonaddict.com\/pl\/\",\"logo\":{\"@type\":\"ImageObject\",\"inLanguage\":\"pl-PL\",\"@id\":\"https:\/\/pistonaddict.com\/pl\/#\/schema\/logo\/image\/\",\"url\":\"https:\/\/pistonaddict.com\/wp-content\/uploads\/2022\/07\/logo-6.png\",\"contentUrl\":\"https:\/\/pistonaddict.com\/wp-content\/uploads\/2022\/07\/logo-6.png\",\"width\":970,\"height\":200,\"caption\":\"Piston Addict\"},\"image\":{\"@id\":\"https:\/\/pistonaddict.com\/pl\/#\/schema\/logo\/image\/\"}}]}<\/script>\n<!-- \/ Yoast SEO plugin. -->","yoast_head_json":{"title":"10 wskaz\u00f3wek dotycz\u0105cych fotografowania samochodu - nazwa Piston Addict","robots":{"index":"index","follow":"follow","max-snippet":"max-snippet:-1","max-image-preview":"max-image-preview:large","max-video-preview":"max-video-preview:-1"},"canonical":"https:\/\/pistonaddict.com\/pl\/10-wskazowek-dotyczacych-fotografowania-samochodu\/","og_locale":"pl_PL","og_type":"article","og_title":"10 wskaz\u00f3wek dotycz\u0105cych fotografowania samochodu - nazwa Piston Addict","og_description":"10 wskaz\u00f3wek dotycz\u0105cych robienia zdj\u0119\u0107 10 wskaz\u00f3wek dotycz\u0105cych samodzielnego robienia najlepszych zdj\u0119\u0107 pojazdu W przypadku sprzeda\u017cy pojazdu przez Internet, prezentacja jest kluczowa. Pi\u0119kne zdj\u0119cia zapewni\u0105 zatem lepszy efekt. Mo\u017cna je zabra\u0107 profesjonalnym aparatem lub telefonem kom\u00f3rkowym, najwa\u017cniejsze jest to, aby wzi\u0105\u0107 pod uwag\u0119 nasze rady! Lista zdj\u0119\u0107 Galeria przyk\u0142adowych zdj\u0119\u0107","og_url":"https:\/\/pistonaddict.com\/pl\/10-wskazowek-dotyczacych-fotografowania-samochodu\/","og_site_name":"Piston Addict","article_modified_time":"2023-09-12T09:39:39+00:00","twitter_card":"summary_large_image","schema":{"@context":"https:\/\/schema.org","@graph":[{"@type":"WebPage","@id":"https:\/\/pistonaddict.com\/pl\/10-wskazowek-dotyczacych-fotografowania-samochodu\/","url":"https:\/\/pistonaddict.com\/pl\/10-wskazowek-dotyczacych-fotografowania-samochodu\/","name":"10 wskaz\u00f3wek dotycz\u0105cych fotografowania samochodu - nazwa Piston Addict","isPartOf":{"@id":"https:\/\/pistonaddict.com\/pl\/#website"},"datePublished":"2022-04-25T08:36:21+00:00","dateModified":"2023-09-12T09:39:39+00:00","breadcrumb":{"@id":"https:\/\/pistonaddict.com\/pl\/10-wskazowek-dotyczacych-fotografowania-samochodu\/#breadcrumb"},"inLanguage":"pl-PL","potentialAction":[{"@type":"ReadAction","target":["https:\/\/pistonaddict.com\/pl\/10-wskazowek-dotyczacych-fotografowania-samochodu\/"]}]},{"@type":"BreadcrumbList","@id":"https:\/\/pistonaddict.com\/pl\/10-wskazowek-dotyczacych-fotografowania-samochodu\/#breadcrumb","itemListElement":[{"@type":"ListItem","position":1,"name":"Strona g\u0142\u00f3wna","item":"https:\/\/pistonaddict.com\/pl\/strona-glowna-2\/"},{"@type":"ListItem","position":2,"name":"10 wskaz\u00f3wek dotycz\u0105cych fotografowania samochodu"}]},{"@type":"WebSite","@id":"https:\/\/pistonaddict.com\/pl\/#website","url":"https:\/\/pistonaddict.com\/pl\/","name":"Piston Addict","description":"Only interesting vehicles","publisher":{"@id":"https:\/\/pistonaddict.com\/pl\/#organization"},"potentialAction":[{"@type":"SearchAction","target":{"@type":"EntryPoint","urlTemplate":"https:\/\/pistonaddict.com\/pl\/?s={search_term_string}"},"query-input":"required name=search_term_string"}],"inLanguage":"pl-PL"},{"@type":"Organization","@id":"https:\/\/pistonaddict.com\/pl\/#organization","name":"Piston Addict","url":"https:\/\/pistonaddict.com\/pl\/","logo":{"@type":"ImageObject","inLanguage":"pl-PL","@id":"https:\/\/pistonaddict.com\/pl\/#\/schema\/logo\/image\/","url":"https:\/\/pistonaddict.com\/wp-content\/uploads\/2022\/07\/logo-6.png","contentUrl":"https:\/\/pistonaddict.com\/wp-content\/uploads\/2022\/07\/logo-6.png","width":970,"height":200,"caption":"Piston Addict"},"image":{"@id":"https:\/\/pistonaddict.com\/pl\/#\/schema\/logo\/image\/"}}]}},"_links":{"self":[{"href":"https:\/\/pistonaddict.com\/pl\/wp-json\/wp\/v2\/pages\/2401"}],"collection":[{"href":"https:\/\/pistonaddict.com\/pl\/wp-json\/wp\/v2\/pages"}],"about":[{"href":"https:\/\/pistonaddict.com\/pl\/wp-json\/wp\/v2\/types\/page"}],"author":[{"embeddable":true,"href":"https:\/\/pistonaddict.com\/pl\/wp-json\/wp\/v2\/users\/1"}],"replies":[{"embeddable":true,"href":"https:\/\/pistonaddict.com\/pl\/wp-json\/wp\/v2\/comments?post=2401"}],"version-history":[{"count":9,"href":"https:\/\/pistonaddict.com\/pl\/wp-json\/wp\/v2\/pages\/2401\/revisions"}],"predecessor-version":[{"id":50662,"href":"https:\/\/pistonaddict.com\/pl\/wp-json\/wp\/v2\/pages\/2401\/revisions\/50662"}],"wp:attachment":[{"href":"https:\/\/pistonaddict.com\/pl\/wp-json\/wp\/v2\/media?parent=2401"}],"curies":[{"name":"wp","href":"https:\/\/api.w.org\/{rel}","templated":true}]}}