{"id":2012,"date":"2022-04-13T10:38:14","date_gmt":"2022-04-13T08:38:14","guid":{"rendered":"https:\/\/pistonaddict.com\/przykladowa-strona\/"},"modified":"2022-05-04T18:00:15","modified_gmt":"2022-05-04T16:00:15","slug":"przykladowa-strona","status":"publish","type":"page","link":"https:\/\/pistonaddict.com\/pl\/przykladowa-strona\/","title":{"rendered":"Przyk\u0142adowa Strona"},"content":{"rendered":"\n<p>To jest przyk\u0142adowa strona. R\u00f3\u017cni si\u0119 od posta na blogu, poniewa\u017c pozostaje w jednym miejscu i pojawia si\u0119 w nawigacji witryny (w wi\u0119kszo\u015bci motyw\u00f3w). Wi\u0119kszo\u015b\u0107 ludzi zaczyna od strony \u201eO mnie\u201d, kt\u00f3ra przedstawia ich osobom odwiedzaj\u0105cym witryn\u0119. Mog\u0142oby to wygl\u0105da\u0107 mniej wi\u0119cej tak:<\/p>\n\n<blockquote class=\"wp-block-quote\"><p>Dzie\u0144 dobry ! Jestem mechanikiem aspiruj\u0105cym do bycia aktorem, a to jest moja strona. Mieszkam w Bordeaux, mam wspania\u0142ego psa o imieniu Russell i uwielbiam w\u00f3dk\u0119 (a tak\u017ce zaskakiwanie nag\u0142ym deszczem podczas d\u0142ugich spacer\u00f3w po pla\u017cy o zachodzie s\u0142o\u0144ca).<\/p><\/blockquote>\n\n<p>\u2026lub co\u015b w tym stylu:<\/p>\n\n<blockquote class=\"wp-block-quote\"><p>Firma 123 Machin Truc zosta\u0142a utworzona w 1971 roku i od tego czasu nieprzerwanie oferuje klientom wysokiej jako\u015bci gad\u017cety. Zlokalizowana w Saint-Remy-en-Bouzemont-Saint-Genest-et-Isson firma 123 Machin Truc zatrudnia 2000 os\u00f3b i produkuje wszelkiego rodzaju wspania\u0142e gad\u017cety dla spo\u0142eczno\u015bci Bouzemont.<\/p><\/blockquote>\n\n<p>Jako nowy u\u017cytkownik WordPressa powiniene\u015b przej\u015b\u0107 do <a href=\"https:\/\/pistonaddict.com\/wp-admin\/\">swojego pulpitu nawigacyjnego<\/a> , aby usun\u0105\u0107 t\u0119 stron\u0119 i utworzy\u0107 nowe strony dla swoich tre\u015bci. Baw si\u0119 dobrze !<\/p>\n","protected":false},"excerpt":{"rendered":"<p>To jest przyk\u0142adowa strona. R\u00f3\u017cni si\u0119 od posta na blogu, poniewa\u017c pozostaje w jednym miejscu i pojawia si\u0119 w nawigacji witryny (w wi\u0119kszo\u015bci motyw\u00f3w). Wi\u0119kszo\u015b\u0107 ludzi zaczyna od strony \u201eO mnie\u201d, kt\u00f3ra przedstawia ich osobom odwiedzaj\u0105cym witryn\u0119. Mog\u0142oby to wygl\u0105da\u0107 mniej wi\u0119cej tak: Dzie\u0144 dobry ! Jestem mechanikiem aspiruj\u0105cym do bycia aktorem, a to jest &#8230; <a title=\"Przyk\u0142adowa Strona\" class=\"read-more\" href=\"https:\/\/pistonaddict.com\/pl\/przykladowa-strona\/\">Wi\u0119cej<span class=\"screen-reader-text\">Przyk\u0142adowa Strona<\/span><\/a><\/p>\n","protected":false},"author":1,"featured_media":0,"parent":0,"menu_order":0,"comment_status":"closed","ping_status":"closed","template":"","meta":{"inline_featured_image":false,"footnotes":""},"acf":[],"yoast_head":"<!-- This site is optimized with the Yoast SEO plugin v22.5 - https:\/\/yoast.com\/wordpress\/plugins\/seo\/ -->\n<title>Przyk\u0142adowa Strona - nazwa Piston Addict<\/title>\n<meta name=\"robots\" content=\"index, follow, max-snippet:-1, max-image-preview:large, max-video-preview:-1\" \/>\n<link rel=\"canonical\" href=\"https:\/\/pistonaddict.com\/pl\/przykladowa-strona\/\" \/>\n<meta property=\"og:locale\" content=\"pl_PL\" \/>\n<meta property=\"og:type\" content=\"article\" \/>\n<meta property=\"og:title\" content=\"Przyk\u0142adowa Strona - nazwa Piston Addict\" \/>\n<meta property=\"og:description\" content=\"To jest przyk\u0142adowa strona. R\u00f3\u017cni si\u0119 od posta na blogu, poniewa\u017c pozostaje w jednym miejscu i pojawia si\u0119 w nawigacji witryny (w wi\u0119kszo\u015bci motyw\u00f3w). Wi\u0119kszo\u015b\u0107 ludzi zaczyna od strony \u201eO mnie\u201d, kt\u00f3ra przedstawia ich osobom odwiedzaj\u0105cym witryn\u0119. Mog\u0142oby to wygl\u0105da\u0107 mniej wi\u0119cej tak: Dzie\u0144 dobry ! Jestem mechanikiem aspiruj\u0105cym do bycia aktorem, a to jest ... Wi\u0119cejPrzyk\u0142adowa Strona\" \/>\n<meta property=\"og:url\" content=\"https:\/\/pistonaddict.com\/pl\/przykladowa-strona\/\" \/>\n<meta property=\"og:site_name\" content=\"Piston Addict\" \/>\n<meta property=\"article:modified_time\" content=\"2022-05-04T16:00:15+00:00\" \/>\n<meta name=\"twitter:card\" content=\"summary_large_image\" \/>\n<meta name=\"twitter:label1\" content=\"Szacowany czas czytania\" \/>\n\t<meta name=\"twitter:data1\" content=\"1 minuta\" \/>\n<script type=\"application\/ld+json\" class=\"yoast-schema-graph\">{\"@context\":\"https:\/\/schema.org\",\"@graph\":[{\"@type\":\"WebPage\",\"@id\":\"https:\/\/pistonaddict.com\/pl\/przykladowa-strona\/\",\"url\":\"https:\/\/pistonaddict.com\/pl\/przykladowa-strona\/\",\"name\":\"Przyk\u0142adowa Strona - nazwa Piston Addict\",\"isPartOf\":{\"@id\":\"https:\/\/pistonaddict.com\/pl\/#website\"},\"datePublished\":\"2022-04-13T08:38:14+00:00\",\"dateModified\":\"2022-05-04T16:00:15+00:00\",\"breadcrumb\":{\"@id\":\"https:\/\/pistonaddict.com\/pl\/przykladowa-strona\/#breadcrumb\"},\"inLanguage\":\"pl-PL\",\"potentialAction\":[{\"@type\":\"ReadAction\",\"target\":[\"https:\/\/pistonaddict.com\/pl\/przykladowa-strona\/\"]}]},{\"@type\":\"BreadcrumbList\",\"@id\":\"https:\/\/pistonaddict.com\/pl\/przykladowa-strona\/#breadcrumb\",\"itemListElement\":[{\"@type\":\"ListItem\",\"position\":1,\"name\":\"Strona g\u0142\u00f3wna\",\"item\":\"https:\/\/pistonaddict.com\/pl\/strona-glowna-2\/\"},{\"@type\":\"ListItem\",\"position\":2,\"name\":\"Przyk\u0142adowa Strona\"}]},{\"@type\":\"WebSite\",\"@id\":\"https:\/\/pistonaddict.com\/pl\/#website\",\"url\":\"https:\/\/pistonaddict.com\/pl\/\",\"name\":\"Piston Addict\",\"description\":\"Only interesting vehicles\",\"publisher\":{\"@id\":\"https:\/\/pistonaddict.com\/pl\/#organization\"},\"potentialAction\":[{\"@type\":\"SearchAction\",\"target\":{\"@type\":\"EntryPoint\",\"urlTemplate\":\"https:\/\/pistonaddict.com\/pl\/?s={search_term_string}\"},\"query-input\":\"required name=search_term_string\"}],\"inLanguage\":\"pl-PL\"},{\"@type\":\"Organization\",\"@id\":\"https:\/\/pistonaddict.com\/pl\/#organization\",\"name\":\"Piston Addict\",\"url\":\"https:\/\/pistonaddict.com\/pl\/\",\"logo\":{\"@type\":\"ImageObject\",\"inLanguage\":\"pl-PL\",\"@id\":\"https:\/\/pistonaddict.com\/pl\/#\/schema\/logo\/image\/\",\"url\":\"https:\/\/pistonaddict.com\/wp-content\/uploads\/2022\/07\/logo-6.png\",\"contentUrl\":\"https:\/\/pistonaddict.com\/wp-content\/uploads\/2022\/07\/logo-6.png\",\"width\":970,\"height\":200,\"caption\":\"Piston Addict\"},\"image\":{\"@id\":\"https:\/\/pistonaddict.com\/pl\/#\/schema\/logo\/image\/\"}}]}<\/script>\n<!-- \/ Yoast SEO plugin. -->","yoast_head_json":{"title":"Przyk\u0142adowa Strona - nazwa Piston Addict","robots":{"index":"index","follow":"follow","max-snippet":"max-snippet:-1","max-image-preview":"max-image-preview:large","max-video-preview":"max-video-preview:-1"},"canonical":"https:\/\/pistonaddict.com\/pl\/przykladowa-strona\/","og_locale":"pl_PL","og_type":"article","og_title":"Przyk\u0142adowa Strona - nazwa Piston Addict","og_description":"To jest przyk\u0142adowa strona. R\u00f3\u017cni si\u0119 od posta na blogu, poniewa\u017c pozostaje w jednym miejscu i pojawia si\u0119 w nawigacji witryny (w wi\u0119kszo\u015bci motyw\u00f3w). Wi\u0119kszo\u015b\u0107 ludzi zaczyna od strony \u201eO mnie\u201d, kt\u00f3ra przedstawia ich osobom odwiedzaj\u0105cym witryn\u0119. Mog\u0142oby to wygl\u0105da\u0107 mniej wi\u0119cej tak: Dzie\u0144 dobry ! Jestem mechanikiem aspiruj\u0105cym do bycia aktorem, a to jest ... Wi\u0119cejPrzyk\u0142adowa Strona","og_url":"https:\/\/pistonaddict.com\/pl\/przykladowa-strona\/","og_site_name":"Piston Addict","article_modified_time":"2022-05-04T16:00:15+00:00","twitter_card":"summary_large_image","twitter_misc":{"Szacowany czas czytania":"1 minuta"},"schema":{"@context":"https:\/\/schema.org","@graph":[{"@type":"WebPage","@id":"https:\/\/pistonaddict.com\/pl\/przykladowa-strona\/","url":"https:\/\/pistonaddict.com\/pl\/przykladowa-strona\/","name":"Przyk\u0142adowa Strona - nazwa Piston Addict","isPartOf":{"@id":"https:\/\/pistonaddict.com\/pl\/#website"},"datePublished":"2022-04-13T08:38:14+00:00","dateModified":"2022-05-04T16:00:15+00:00","breadcrumb":{"@id":"https:\/\/pistonaddict.com\/pl\/przykladowa-strona\/#breadcrumb"},"inLanguage":"pl-PL","potentialAction":[{"@type":"ReadAction","target":["https:\/\/pistonaddict.com\/pl\/przykladowa-strona\/"]}]},{"@type":"BreadcrumbList","@id":"https:\/\/pistonaddict.com\/pl\/przykladowa-strona\/#breadcrumb","itemListElement":[{"@type":"ListItem","position":1,"name":"Strona g\u0142\u00f3wna","item":"https:\/\/pistonaddict.com\/pl\/strona-glowna-2\/"},{"@type":"ListItem","position":2,"name":"Przyk\u0142adowa Strona"}]},{"@type":"WebSite","@id":"https:\/\/pistonaddict.com\/pl\/#website","url":"https:\/\/pistonaddict.com\/pl\/","name":"Piston Addict","description":"Only interesting vehicles","publisher":{"@id":"https:\/\/pistonaddict.com\/pl\/#organization"},"potentialAction":[{"@type":"SearchAction","target":{"@type":"EntryPoint","urlTemplate":"https:\/\/pistonaddict.com\/pl\/?s={search_term_string}"},"query-input":"required name=search_term_string"}],"inLanguage":"pl-PL"},{"@type":"Organization","@id":"https:\/\/pistonaddict.com\/pl\/#organization","name":"Piston Addict","url":"https:\/\/pistonaddict.com\/pl\/","logo":{"@type":"ImageObject","inLanguage":"pl-PL","@id":"https:\/\/pistonaddict.com\/pl\/#\/schema\/logo\/image\/","url":"https:\/\/pistonaddict.com\/wp-content\/uploads\/2022\/07\/logo-6.png","contentUrl":"https:\/\/pistonaddict.com\/wp-content\/uploads\/2022\/07\/logo-6.png","width":970,"height":200,"caption":"Piston Addict"},"image":{"@id":"https:\/\/pistonaddict.com\/pl\/#\/schema\/logo\/image\/"}}]}},"_links":{"self":[{"href":"https:\/\/pistonaddict.com\/pl\/wp-json\/wp\/v2\/pages\/2012"}],"collection":[{"href":"https:\/\/pistonaddict.com\/pl\/wp-json\/wp\/v2\/pages"}],"about":[{"href":"https:\/\/pistonaddict.com\/pl\/wp-json\/wp\/v2\/types\/page"}],"author":[{"embeddable":true,"href":"https:\/\/pistonaddict.com\/pl\/wp-json\/wp\/v2\/users\/1"}],"replies":[{"embeddable":true,"href":"https:\/\/pistonaddict.com\/pl\/wp-json\/wp\/v2\/comments?post=2012"}],"version-history":[{"count":3,"href":"https:\/\/pistonaddict.com\/pl\/wp-json\/wp\/v2\/pages\/2012\/revisions"}],"predecessor-version":[{"id":4365,"href":"https:\/\/pistonaddict.com\/pl\/wp-json\/wp\/v2\/pages\/2012\/revisions\/4365"}],"wp:attachment":[{"href":"https:\/\/pistonaddict.com\/pl\/wp-json\/wp\/v2\/media?parent=2012"}],"curies":[{"name":"wp","href":"https:\/\/api.w.org\/{rel}","templated":true}]}}