{"id":18984,"date":"2022-04-20T13:00:00","date_gmt":"2022-04-20T11:00:00","guid":{"rendered":"https:\/\/pistonaddict.com\/o-nas\/"},"modified":"2023-11-14T17:54:56","modified_gmt":"2023-11-14T16:54:56","slug":"o-nas","status":"publish","type":"page","link":"https:\/\/pistonaddict.com\/pl\/o-nas\/","title":{"rendered":"O nas"},"content":{"rendered":"\t\t<div data-elementor-type=\"wp-page\" data-elementor-id=\"18984\" class=\"elementor elementor-18984 elementor-2278\">\n\t\t\t\t\t\t<section class=\"elementor-section elementor-top-section elementor-element elementor-element-3668bb8 elementor-section-full_width elementor-section-content-middle banniere-page elementor-section-height-default elementor-section-height-default\" data-id=\"3668bb8\" data-element_type=\"section\" data-settings=\"{&quot;background_background&quot;:&quot;classic&quot;}\">\n\t\t\t\t\t\t<div class=\"elementor-container elementor-column-gap-default\">\n\t\t\t\t\t<div class=\"elementor-column elementor-col-100 elementor-top-column elementor-element elementor-element-b2088b2\" data-id=\"b2088b2\" data-element_type=\"column\">\n\t\t\t<div class=\"elementor-widget-wrap elementor-element-populated\">\n\t\t\t\t\t\t<div class=\"elementor-element elementor-element-26e06c0 elementor-widget elementor-widget-heading\" data-id=\"26e06c0\" data-element_type=\"widget\" data-widget_type=\"heading.default\">\n\t\t\t\t<div class=\"elementor-widget-container\">\n\t\t\t<style>\/*! elementor - v3.21.0 - 18-04-2024 *\/\n.elementor-heading-title{padding:0;margin:0;line-height:1}.elementor-widget-heading .elementor-heading-title[class*=elementor-size-]>a{color:inherit;font-size:inherit;line-height:inherit}.elementor-widget-heading .elementor-heading-title.elementor-size-small{font-size:15px}.elementor-widget-heading .elementor-heading-title.elementor-size-medium{font-size:19px}.elementor-widget-heading .elementor-heading-title.elementor-size-large{font-size:29px}.elementor-widget-heading .elementor-heading-title.elementor-size-xl{font-size:39px}.elementor-widget-heading .elementor-heading-title.elementor-size-xxl{font-size:59px}<\/style><h1 class=\"elementor-heading-title elementor-size-default\">O Piston Addict<\/h1>\t\t<\/div>\n\t\t\t\t<\/div>\n\t\t\t\t\t<\/div>\n\t\t<\/div>\n\t\t\t\t\t<\/div>\n\t\t<\/section>\n\t\t\t\t<section class=\"elementor-section elementor-top-section elementor-element elementor-element-62ecd00 elementor-section-full_width descs elementor-section-height-default elementor-section-height-default\" data-id=\"62ecd00\" data-element_type=\"section\">\n\t\t\t\t\t\t<div class=\"elementor-container elementor-column-gap-default\">\n\t\t\t\t\t<div class=\"elementor-column elementor-col-100 elementor-top-column elementor-element elementor-element-cae2e10\" data-id=\"cae2e10\" data-element_type=\"column\">\n\t\t\t<div class=\"elementor-widget-wrap elementor-element-populated\">\n\t\t\t\t\t\t<div class=\"elementor-element elementor-element-174bee4 elementor-widget elementor-widget-text-editor\" data-id=\"174bee4\" data-element_type=\"widget\" data-widget_type=\"text-editor.default\">\n\t\t\t\t<div class=\"elementor-widget-container\">\n\t\t\t<style>\/*! elementor - v3.21.0 - 18-04-2024 *\/\n.elementor-widget-text-editor.elementor-drop-cap-view-stacked .elementor-drop-cap{background-color:#69727d;color:#fff}.elementor-widget-text-editor.elementor-drop-cap-view-framed .elementor-drop-cap{color:#69727d;border:3px solid;background-color:transparent}.elementor-widget-text-editor:not(.elementor-drop-cap-view-default) .elementor-drop-cap{margin-top:8px}.elementor-widget-text-editor:not(.elementor-drop-cap-view-default) .elementor-drop-cap-letter{width:1em;height:1em}.elementor-widget-text-editor .elementor-drop-cap{float:left;text-align:center;line-height:1;font-size:50px}.elementor-widget-text-editor .elementor-drop-cap-letter{display:inline-block}<\/style>\t\t\t\t<h2>Nasza historia<\/h2>\nPiston Addict to internetowa platforma aukcyjna specjalizuj\u0105ca si\u0119 w wyj\u0105tkowych pojazdach.\n\nEntuzja\u015bci samochod\u00f3w od najm\u0142odszych lat, wa\u017cne by\u0142o dla nas, aby uczyni\u0107 sprzeda\u017c i zakup samochod\u00f3w i motocykli bardziej dost\u0119pnymi, umo\u017cliwiaj\u0105c sprzeda\u017c lub zakup pojazdu, gdziekolwiek jeste\u015b.\n\nPiston Addict urodzi\u0142 si\u0119 z pragnieniem zrewolucjonizowania rynku pojazd\u00f3w u\u017cywanych w najprostszy, najbardziej p\u0142ynny, najbardziej przejrzysty spos\u00f3b, wszystko czego potrzebujesz to klikni\u0119cie lub aukcja, aby naby\u0107 i sprzeda\u0107 ekscytuj\u0105ce pojazdy.\n\n<b>Zapocz\u0105tkowany przez pasjonat\u00f3w, profesjonalist\u00f3w w bran\u017cy z ponad 20-letnim do\u015bwiadczeniem w dziedzinie motoryzacji<\/b>, wspierana przez grup\u0119 o obrotach przekraczaj\u0105cych 500 milion\u00f3w euro w ci\u0105gu ostatnich 10 lat, z udzia\u0142owcami zbieraj\u0105cymi wyj\u0105tkowe pojazdy w ci\u0105gu ostatnich 30 lat, kt\u00f3rzy mieli okazj\u0119 posiada\u0107 legendarne samochody, takie jak np.  <a href=\"https:\/\/pistonaddict.com\/pl\/sprzedam-ferrari-250-gto\/\">Ferrari 250 GTO<\/a>,  <a href=\"https:\/\/pistonaddict.com\/pl\/ferrari-250-gt-swb-na-sprzedaz-aukcyjna\/\">Ferrari 250 GT SWB<\/a>, <a href=\"https:\/\/pistonaddict.com\/pl\/sprzedam-lamborghini-miura\/\">Lamborghini Miura SV<\/a>, <a href=\"https:\/\/pistonaddict.com\/pl\/porsche-959-na-sprzedaz-aukcyjna\/\">Porsche 959<\/a>, <a href=\"https:\/\/pistonaddict.com\/pl\/sprzedam-shelby-ac-cobra\/\">AC Cobra<\/a> czy <a href=\"https:\/\/pistonaddict.com\/pl\/maserati-5000-gt-na-sprzedaz-aukcyjna\/\">Maserati 5000 GT<\/a>.\n\nCh\u0119\u0107 dzielenia si\u0119 swoj\u0105 pasj\u0105 nap\u0119dza nas do stworzenia Piston Addict.\n<h2><\/h2>\n<h2>Jak pracujemy<\/h2>\nPiston Addict na nowo odkrywa spos\u00f3b sprzeda\u017cy lub kupna klasycznych, kolekcjonerskich i entuzjastycznych pojazd\u00f3w.\n\nKa\u017cdy zg\u0142oszony pojazd badamy z najwi\u0119ksz\u0105 uwag\u0105: w Piston Addict znajdziesz zesp\u00f3\u0142 entuzjast\u00f3w, kt\u00f3rzy s\u0105 ekspertami w dziedzinie starych i nowoczesnych pojazd\u00f3w mechanicznych.\n\nNasze aukcje oferuj\u0105 pe\u0142n\u0105 przejrzysto\u015b\u0107, bardziej kompleksowe oferty i uczciwe op\u0142aty w por\u00f3wnaniu do tradycyjnych platform. Wybieramy szerok\u0105 gam\u0119 marek, modeli i typ\u00f3w pojazd\u00f3w, chcemy zobaczy\u0107 tak wiele, jak mo\u017cna mie\u0107 nadziej\u0119!\n\t<div id=\"hp-videos\" class=\"internal-page\">\n\t\t\t\t\t<div class=\"row\">\n\t\t\t\t\t\t\t\t\t\t\t\t\t\t\t<div class=\"col-2\">\n\t\t\t\t\t\t\t<div class=\"titre\">Jak sprzeda\u0107 samoch\u00f3d?<\/div>\n\t\t\t\t\t\t\t<div class=\"video\"><iframe width=\"560\" height=\"315\" src=\"https:\/\/www.youtube.com\/embed\/O3Y_LGkk7SA?si=lrPDABSM1_VbMAty&#038;cc_load_policy=1&#038;cc_lang_pref=pl\" title=\"YouTube video player\" frameborder=\"0\" allow=\"accelerometer; autoplay; clipboard-write; encrypted-media; gyroscope; picture-in-picture; web-share\" allowfullscreen><\/iframe><\/div>\n\t\t\t\t\t\t<\/div>\n\t\t\t\t\t\t\t\t\t\t\t\t\t\t\t\t\t\t\t\t<div class=\"col-2\">\n\t\t\t\t\t\t\t<div class=\"titre\">Jak kupi\u0107 samoch\u00f3d?<\/div>\n\t\t\t\t\t\t\t<div class=\"video\"><iframe width=\"560\" height=\"315\" src=\"https:\/\/www.youtube.com\/embed\/rpL_CWBVwKk?si=Inx_LsS68MsBiaVq&#038;cc_load_policy=1&#038;cc_lang_pref=pl\" title=\"YouTube video player\" frameborder=\"0\" allow=\"accelerometer; autoplay; clipboard-write; encrypted-media; gyroscope; picture-in-picture; web-share\" allowfullscreen><\/iframe><\/div>\n\t\t\t\t\t\t<\/div>\n\t\t\t\t\t\t\t\t\t\t\t\t<\/div>\n\t\t\t<\/div>\n\t\t\n<div class=\"grid-container\" id=\"logos-mag\">\n\t    \t<h3>Wyr\u00f3\u017cniony w nast\u0119puj\u0105cych magazynach<\/h3>\n    \t<div class=\"c-logos-mag\">\n\t\t\t                                \t<div>\n                    \t<img \n                        \tsrc=\"https:\/\/pistonaddict.com\/wp-content\/uploads\/2023\/11\/1-logo-sport-auto-300x300-couleur.png\" \n                            alt=\"Sport Auto\" \n                        \ttitle=\"Sport Auto\" class=\"responsive-img\" \/>\n                    <\/div>\n                                                            \t<div>\n                    \t<img \n                        \tsrc=\"https:\/\/pistonaddict.com\/wp-content\/uploads\/2023\/11\/2-logo-auto-epca-300x300-couleur.png\" \n                            alt=\"Auto d\u2019Epoca\" \n                        \ttitle=\"Auto d\u2019Epoca\" class=\"responsive-img\" \/>\n                    <\/div>\n                                                            \t<div>\n                    \t<img \n                        \tsrc=\"https:\/\/pistonaddict.com\/wp-content\/uploads\/2023\/11\/3-logo-classic-300x300-couleur.png\" \n                            alt=\"Classic &amp; Sports Car\" \n                        \ttitle=\"Classic &amp; Sports Car\" class=\"responsive-img\" \/>\n                    <\/div>\n                                                            \t<div>\n                    \t<img \n                        \tsrc=\"https:\/\/pistonaddict.com\/wp-content\/uploads\/2023\/11\/4-logo-motor-klassik-300x300-couleur.png\" \n                            alt=\"Motor Klassik\" \n                        \ttitle=\"Motor Klassik\" class=\"responsive-img\" \/>\n                    <\/div>\n                                                            \t<div>\n                    \t<img \n                        \tsrc=\"https:\/\/pistonaddict.com\/wp-content\/uploads\/2023\/11\/5-logo-sport-auto-classiques-300x300-couleur.png\" \n                            alt=\"Sport Auto Classiques\" \n                        \ttitle=\"Sport Auto Classiques\" class=\"responsive-img\" \/>\n                    <\/div>\n                                    <\/div>\n    <\/div>\n\t\n<h2>Jakie\u015b pytania? <a href=\"https:\/\/pistonaddict.com\/pl\/skontaktuj-sie-z-nami\/\">Skontaktuj si\u0119 z nami<\/a>.<\/h2>\t\t\t\t\t\t<\/div>\n\t\t\t\t<\/div>\n\t\t\t\t\t<\/div>\n\t\t<\/div>\n\t\t\t\t\t<\/div>\n\t\t<\/section>\n\t\t\t\t<section class=\"elementor-section elementor-top-section elementor-element elementor-element-38f2e81 elementor-section-content-middle story elementor-section-boxed elementor-section-height-default elementor-section-height-default\" data-id=\"38f2e81\" data-element_type=\"section\" data-settings=\"{&quot;background_background&quot;:&quot;gradient&quot;}\">\n\t\t\t\t\t\t<div class=\"elementor-container elementor-column-gap-default\">\n\t\t\t\t\t<div class=\"elementor-column elementor-col-100 elementor-top-column elementor-element elementor-element-71b8e7e\" data-id=\"71b8e7e\" data-element_type=\"column\">\n\t\t\t<div class=\"elementor-widget-wrap elementor-element-populated\">\n\t\t\t\t\t\t<div class=\"elementor-element elementor-element-205cd4d elementor-widget elementor-widget-text-editor\" data-id=\"205cd4d\" data-element_type=\"widget\" data-widget_type=\"text-editor.default\">\n\t\t\t\t<div class=\"elementor-widget-container\">\n\t\t\t\t\t\t\t\n          <h3>Zeznania<\/h3>\n          <p>Uwielbiamy, gdy kupuj\u0105cy i sprzedaj\u0105cy m\u00f3wi\u0105 nam o dobrych do\u015bwiadczeniach, kt\u00f3re mieli na naszej stronie.<\/p>\n          <p>Wy\u015blij nam swoj\u0105 histori\u0119 kupna lub sprzeda\u017cy z kilkoma fajnymi zdj\u0119ciami, a my opublikujemy Twoje \u015bwiadectwo.<\/p>\n          <p>\n            <a href=\"mailto:contact@pistonaddict.com\">Wy\u015blij swoje \u015bwiadectwo<\/a>\n          <\/p>\n        \t\t\t\t\t\t<\/div>\n\t\t\t\t<\/div>\n\t\t\t\t\t<\/div>\n\t\t<\/div>\n\t\t\t\t\t<\/div>\n\t\t<\/section>\n\t\t\t\t<\/div>\n\t\t","protected":false},"excerpt":{"rendered":"<p>O Piston Addict Nasza historia Piston Addict to internetowa platforma aukcyjna specjalizuj\u0105ca si\u0119 w wyj\u0105tkowych pojazdach. Entuzja\u015bci samochod\u00f3w od najm\u0142odszych lat, wa\u017cne by\u0142o dla nas, aby uczyni\u0107 sprzeda\u017c i zakup samochod\u00f3w i motocykli bardziej dost\u0119pnymi, umo\u017cliwiaj\u0105c sprzeda\u017c lub zakup pojazdu, gdziekolwiek jeste\u015b. Piston Addict urodzi\u0142 si\u0119 z pragnieniem zrewolucjonizowania rynku pojazd\u00f3w u\u017cywanych w najprostszy, najbardziej &#8230; <a title=\"O nas\" class=\"read-more\" href=\"https:\/\/pistonaddict.com\/pl\/o-nas\/\">Wi\u0119cej<span class=\"screen-reader-text\">O nas<\/span><\/a><\/p>\n","protected":false},"author":1,"featured_media":0,"parent":0,"menu_order":0,"comment_status":"closed","ping_status":"closed","template":"","meta":{"inline_featured_image":false,"footnotes":""},"acf":[],"yoast_head":"<!-- This site is optimized with the Yoast SEO plugin v22.5 - https:\/\/yoast.com\/wordpress\/plugins\/seo\/ -->\n<title>O nas - nazwa Piston Addict<\/title>\n<meta name=\"robots\" content=\"index, follow, max-snippet:-1, max-image-preview:large, max-video-preview:-1\" \/>\n<link rel=\"canonical\" href=\"https:\/\/pistonaddict.com\/pl\/o-nas\/\" \/>\n<meta property=\"og:locale\" content=\"pl_PL\" \/>\n<meta property=\"og:type\" content=\"article\" \/>\n<meta property=\"og:title\" content=\"O nas - nazwa Piston Addict\" \/>\n<meta property=\"og:description\" content=\"O Piston Addict Nasza historia Piston Addict to internetowa platforma aukcyjna specjalizuj\u0105ca si\u0119 w wyj\u0105tkowych pojazdach. Entuzja\u015bci samochod\u00f3w od najm\u0142odszych lat, wa\u017cne by\u0142o dla nas, aby uczyni\u0107 sprzeda\u017c i zakup samochod\u00f3w i motocykli bardziej dost\u0119pnymi, umo\u017cliwiaj\u0105c sprzeda\u017c lub zakup pojazdu, gdziekolwiek jeste\u015b. Piston Addict urodzi\u0142 si\u0119 z pragnieniem zrewolucjonizowania rynku pojazd\u00f3w u\u017cywanych w najprostszy, najbardziej ... Wi\u0119cejO nas\" \/>\n<meta property=\"og:url\" content=\"https:\/\/pistonaddict.com\/pl\/o-nas\/\" \/>\n<meta property=\"og:site_name\" content=\"Piston Addict\" \/>\n<meta property=\"article:modified_time\" content=\"2023-11-14T16:54:56+00:00\" \/>\n<meta name=\"twitter:card\" content=\"summary_large_image\" \/>\n<meta name=\"twitter:label1\" content=\"Szacowany czas czytania\" \/>\n\t<meta name=\"twitter:data1\" content=\"2 minuty\" \/>\n<script type=\"application\/ld+json\" class=\"yoast-schema-graph\">{\"@context\":\"https:\/\/schema.org\",\"@graph\":[{\"@type\":\"WebPage\",\"@id\":\"https:\/\/pistonaddict.com\/pl\/o-nas\/\",\"url\":\"https:\/\/pistonaddict.com\/pl\/o-nas\/\",\"name\":\"O nas - nazwa Piston Addict\",\"isPartOf\":{\"@id\":\"https:\/\/pistonaddict.com\/pl\/#website\"},\"datePublished\":\"2022-04-20T11:00:00+00:00\",\"dateModified\":\"2023-11-14T16:54:56+00:00\",\"breadcrumb\":{\"@id\":\"https:\/\/pistonaddict.com\/pl\/o-nas\/#breadcrumb\"},\"inLanguage\":\"pl-PL\",\"potentialAction\":[{\"@type\":\"ReadAction\",\"target\":[\"https:\/\/pistonaddict.com\/pl\/o-nas\/\"]}]},{\"@type\":\"BreadcrumbList\",\"@id\":\"https:\/\/pistonaddict.com\/pl\/o-nas\/#breadcrumb\",\"itemListElement\":[{\"@type\":\"ListItem\",\"position\":1,\"name\":\"Strona g\u0142\u00f3wna\",\"item\":\"https:\/\/pistonaddict.com\/pl\/strona-glowna-2\/\"},{\"@type\":\"ListItem\",\"position\":2,\"name\":\"O nas\"}]},{\"@type\":\"WebSite\",\"@id\":\"https:\/\/pistonaddict.com\/pl\/#website\",\"url\":\"https:\/\/pistonaddict.com\/pl\/\",\"name\":\"Piston Addict\",\"description\":\"Only interesting vehicles\",\"publisher\":{\"@id\":\"https:\/\/pistonaddict.com\/pl\/#organization\"},\"potentialAction\":[{\"@type\":\"SearchAction\",\"target\":{\"@type\":\"EntryPoint\",\"urlTemplate\":\"https:\/\/pistonaddict.com\/pl\/?s={search_term_string}\"},\"query-input\":\"required name=search_term_string\"}],\"inLanguage\":\"pl-PL\"},{\"@type\":\"Organization\",\"@id\":\"https:\/\/pistonaddict.com\/pl\/#organization\",\"name\":\"Piston Addict\",\"url\":\"https:\/\/pistonaddict.com\/pl\/\",\"logo\":{\"@type\":\"ImageObject\",\"inLanguage\":\"pl-PL\",\"@id\":\"https:\/\/pistonaddict.com\/pl\/#\/schema\/logo\/image\/\",\"url\":\"https:\/\/pistonaddict.com\/wp-content\/uploads\/2022\/07\/logo-6.png\",\"contentUrl\":\"https:\/\/pistonaddict.com\/wp-content\/uploads\/2022\/07\/logo-6.png\",\"width\":970,\"height\":200,\"caption\":\"Piston Addict\"},\"image\":{\"@id\":\"https:\/\/pistonaddict.com\/pl\/#\/schema\/logo\/image\/\"}}]}<\/script>\n<!-- \/ Yoast SEO plugin. -->","yoast_head_json":{"title":"O nas - nazwa Piston Addict","robots":{"index":"index","follow":"follow","max-snippet":"max-snippet:-1","max-image-preview":"max-image-preview:large","max-video-preview":"max-video-preview:-1"},"canonical":"https:\/\/pistonaddict.com\/pl\/o-nas\/","og_locale":"pl_PL","og_type":"article","og_title":"O nas - nazwa Piston Addict","og_description":"O Piston Addict Nasza historia Piston Addict to internetowa platforma aukcyjna specjalizuj\u0105ca si\u0119 w wyj\u0105tkowych pojazdach. Entuzja\u015bci samochod\u00f3w od najm\u0142odszych lat, wa\u017cne by\u0142o dla nas, aby uczyni\u0107 sprzeda\u017c i zakup samochod\u00f3w i motocykli bardziej dost\u0119pnymi, umo\u017cliwiaj\u0105c sprzeda\u017c lub zakup pojazdu, gdziekolwiek jeste\u015b. Piston Addict urodzi\u0142 si\u0119 z pragnieniem zrewolucjonizowania rynku pojazd\u00f3w u\u017cywanych w najprostszy, najbardziej ... Wi\u0119cejO nas","og_url":"https:\/\/pistonaddict.com\/pl\/o-nas\/","og_site_name":"Piston Addict","article_modified_time":"2023-11-14T16:54:56+00:00","twitter_card":"summary_large_image","twitter_misc":{"Szacowany czas czytania":"2 minuty"},"schema":{"@context":"https:\/\/schema.org","@graph":[{"@type":"WebPage","@id":"https:\/\/pistonaddict.com\/pl\/o-nas\/","url":"https:\/\/pistonaddict.com\/pl\/o-nas\/","name":"O nas - nazwa Piston Addict","isPartOf":{"@id":"https:\/\/pistonaddict.com\/pl\/#website"},"datePublished":"2022-04-20T11:00:00+00:00","dateModified":"2023-11-14T16:54:56+00:00","breadcrumb":{"@id":"https:\/\/pistonaddict.com\/pl\/o-nas\/#breadcrumb"},"inLanguage":"pl-PL","potentialAction":[{"@type":"ReadAction","target":["https:\/\/pistonaddict.com\/pl\/o-nas\/"]}]},{"@type":"BreadcrumbList","@id":"https:\/\/pistonaddict.com\/pl\/o-nas\/#breadcrumb","itemListElement":[{"@type":"ListItem","position":1,"name":"Strona g\u0142\u00f3wna","item":"https:\/\/pistonaddict.com\/pl\/strona-glowna-2\/"},{"@type":"ListItem","position":2,"name":"O nas"}]},{"@type":"WebSite","@id":"https:\/\/pistonaddict.com\/pl\/#website","url":"https:\/\/pistonaddict.com\/pl\/","name":"Piston Addict","description":"Only interesting vehicles","publisher":{"@id":"https:\/\/pistonaddict.com\/pl\/#organization"},"potentialAction":[{"@type":"SearchAction","target":{"@type":"EntryPoint","urlTemplate":"https:\/\/pistonaddict.com\/pl\/?s={search_term_string}"},"query-input":"required name=search_term_string"}],"inLanguage":"pl-PL"},{"@type":"Organization","@id":"https:\/\/pistonaddict.com\/pl\/#organization","name":"Piston Addict","url":"https:\/\/pistonaddict.com\/pl\/","logo":{"@type":"ImageObject","inLanguage":"pl-PL","@id":"https:\/\/pistonaddict.com\/pl\/#\/schema\/logo\/image\/","url":"https:\/\/pistonaddict.com\/wp-content\/uploads\/2022\/07\/logo-6.png","contentUrl":"https:\/\/pistonaddict.com\/wp-content\/uploads\/2022\/07\/logo-6.png","width":970,"height":200,"caption":"Piston Addict"},"image":{"@id":"https:\/\/pistonaddict.com\/pl\/#\/schema\/logo\/image\/"}}]}},"_links":{"self":[{"href":"https:\/\/pistonaddict.com\/pl\/wp-json\/wp\/v2\/pages\/18984"}],"collection":[{"href":"https:\/\/pistonaddict.com\/pl\/wp-json\/wp\/v2\/pages"}],"about":[{"href":"https:\/\/pistonaddict.com\/pl\/wp-json\/wp\/v2\/types\/page"}],"author":[{"embeddable":true,"href":"https:\/\/pistonaddict.com\/pl\/wp-json\/wp\/v2\/users\/1"}],"replies":[{"embeddable":true,"href":"https:\/\/pistonaddict.com\/pl\/wp-json\/wp\/v2\/comments?post=18984"}],"version-history":[{"count":15,"href":"https:\/\/pistonaddict.com\/pl\/wp-json\/wp\/v2\/pages\/18984\/revisions"}],"predecessor-version":[{"id":70340,"href":"https:\/\/pistonaddict.com\/pl\/wp-json\/wp\/v2\/pages\/18984\/revisions\/70340"}],"wp:attachment":[{"href":"https:\/\/pistonaddict.com\/pl\/wp-json\/wp\/v2\/media?parent=18984"}],"curies":[{"name":"wp","href":"https:\/\/api.w.org\/{rel}","templated":true}]}}