{"id":97443,"date":"2024-03-15T18:51:57","date_gmt":"2024-03-15T17:51:57","guid":{"rendered":"https:\/\/pistonaddict.com\/product\/bmw-m4-wedstrijd\/"},"modified":"2024-03-20T14:16:38","modified_gmt":"2024-03-20T13:16:38","slug":"bmw-m4-competitie","status":"publish","type":"product","link":"https:\/\/pistonaddict.com\/nl\/product\/bmw-m4-competitie\/","title":{"rendered":"BMW M4 Wedstrijd"},"content":{"rendered":"<h2>Buiten<\/h2>\n<p>Laten we beginnen met de kleur van de auto &#8211; hem bruin noemen zou oneerlijk zijn, althans om het zo te zeggen. BMW heeft het de naam Sepang Bronze gegeven en om die naam volledig te kunnen waarderen, moet je de auto in de zon zien. Maar het meest opvallende kenmerk van de M4 is het vouwdak van koolstofvezel, waardoor het zowel licht als stevig is. Daardoor kan deze BMW met \u00e9\u00e9n druk op de knop van een coup\u00e9achtige sportwagen veranderen in een gestroomlijnde stadscruiser.<\/p>\n<p>Andere opvallende details zijn Xenon koplampen aan de voorkant, 19-inch wielen met Michelin Pilot Sport banden aan de zijkant en dubbele uitlaten aan de achterkant. En net als elke andere M4 heeft deze auto agressieve bumpers, ventilatieopeningen in de spatborden en een motorkap met een uitstulping in het midden.<\/p>\n<h2>Interieur<\/h2>\n<p>Het eerste dat opvalt aan de binnenkant zijn de stoelen, die bekleed zijn met zacht bruin leder met witte stiksels. Maar behalve dat ze sportief en ondersteunend zijn, zoals hun uiterlijk doet vermoeden, zijn ze ook erg comfortabel. Zodra je zit, zit je achter het kenmerkende driespaaks stuurwiel van de BMW en een dashboard met eenvoudige meters. Dit omvat een snelheidsmeter die eindigt bij 330 km\/u, een toerenteller die tot 8000 tpm gaat en meters voor het brandstofpeil en de motortemperatuur. En als je niet naar beneden wilt kijken tijdens het nemen van scherpe bochten, is er een Head-Up display dat alle belangrijke informatie op de voorruit weergeeft.<\/p>\n<h2>Mechanica<\/h2>\n<p>Afgezien van het verbluffende uiterlijk moet elke BMW een ultieme rijmachine zijn. En deze M4 heeft een aantal troeven achter de hand om aan deze verwachtingen te voldoen. Om te beginnen ligt er een spectaculaire rechte zescilinder met dubbele turbo onder de kap, die een geruststellende 450 pk ontwikkelt. Het vermogen gaat naar de achterwielen via een zeventraps transmissie met dubbele koppeling en een elektronisch geregeld sperdifferentieel.<\/p>\n<p>Met al dat grunt en al die technologie haalt de M4 gemakkelijk de 100 km\/u in ongeveer 4 seconden en gaat hij sneller dan 250 km\/u. En het zou waarschijnlijk veel sneller gaan zonder de elektronische begrenzer. Om alles op snelheid onder controle te houden, is de auto uitgerust met een verstevigde ophanging en enorme remmen.<\/p>\n<h2>Geschiedenis van het voertuig<\/h2>\n<p>We sluiten af met een paar woorden over de huidige staat van de BMW M4, die door de verkoper wordt omschreven als smetteloos. En te oordelen naar de foto&#8217;s en de bijgeleverde video is dat zeker het geval, zonder zichtbare schade. De auto is regelmatig onderhouden en ge\u00efnspecteerd door een erkende BMW dealer, waarbij de laatste onderhoudsbeurt in juni 2022 is uitgevoerd.<\/p>\n<p>Volgens de verkoper is de auto, die zich momenteel in Belgi\u00eb bevindt, niet gebruikt op circuits en niet betrokken geweest bij ongevallen. Dit wordt bevestigd door een <a href=\"https:\/\/pistonaddict.com\/wp-content\/uploads\/2024\/03\/CarVerticalBMWM4.pdf\">CarVertical Vehicle History Report<\/a>.<\/p>\n<p><strong>Bekijk de koude start video van deze geweldige<\/strong> <strong>BMW M4 Competition<\/strong>:<\/p>\n<p><iframe title=\"Cold Start Video of the BMW M4 Competition\" width=\"1200\" height=\"675\" src=\"https:\/\/www.youtube.com\/embed\/-weepN3iz9c?feature=oembed\" frameborder=\"0\" allow=\"accelerometer; autoplay; clipboard-write; encrypted-media; gyroscope; picture-in-picture; web-share\" allowfullscreen><\/iframe><\/p>\n","protected":false},"excerpt":{"rendered":"<p>Als je op zoek bent naar iets dat in een recordtempo over het circuit scheurt, dan heb je een sportwagen nodig. Aan de andere kant, als je op een zonnige dag liever comfortabel door de laan rijdt, is een gestroomlijnde cabriolet de beste optie. Maar als je iets wilt dat beide doet, dan zal deze BMW M4 Competition die we nu veilen je zeker bevallen. Hij is in perfecte staat, heeft \u00e9\u00e9n vorige eigenaar en heeft 74.000 km op de teller.<\/p>\n","protected":false},"featured_media":96739,"comment_status":"open","ping_status":"closed","template":"","meta":{"inline_featured_image":false},"product_cat":[719],"product_tag":[3140,3108,911,3103],"acf":[],"yoast_head":"<!-- This site is optimized with the Yoast SEO plugin v22.5 - https:\/\/yoast.com\/wordpress\/plugins\/seo\/ -->\n<title>BMW M4 Wedstrijd - Piston Addict<\/title>\n<meta name=\"robots\" content=\"index, follow, max-snippet:-1, max-image-preview:large, max-video-preview:-1\" \/>\n<link rel=\"canonical\" href=\"https:\/\/pistonaddict.com\/nl\/product\/bmw-m4-competitie\/\" \/>\n<meta property=\"og:locale\" content=\"nl_NL\" \/>\n<meta property=\"og:type\" content=\"article\" \/>\n<meta property=\"og:title\" content=\"BMW M4 Wedstrijd - Piston Addict\" \/>\n<meta property=\"og:description\" content=\"Als je op zoek bent naar iets dat in een recordtempo over het circuit scheurt, dan heb je een sportwagen nodig. Aan de andere kant, als je op een zonnige dag liever comfortabel door de laan rijdt, is een gestroomlijnde cabriolet de beste optie. Maar als je iets wilt dat beide doet, dan zal deze BMW M4 Competition die we nu veilen je zeker bevallen. Hij is in perfecte staat, heeft \u00e9\u00e9n vorige eigenaar en heeft 74.000 km op de teller.\" \/>\n<meta property=\"og:url\" content=\"https:\/\/pistonaddict.com\/nl\/product\/bmw-m4-competitie\/\" \/>\n<meta property=\"og:site_name\" content=\"Piston Addict\" \/>\n<meta property=\"article:modified_time\" content=\"2024-03-20T13:16:38+00:00\" \/>\n<meta property=\"og:image\" content=\"https:\/\/pistonaddict.com\/wp-content\/uploads\/2024\/03\/1-1024x612.png\" \/>\n\t<meta property=\"og:image:width\" content=\"1024\" \/>\n\t<meta property=\"og:image:height\" content=\"612\" \/>\n\t<meta property=\"og:image:type\" content=\"image\/png\" \/>\n<meta name=\"twitter:card\" content=\"summary_large_image\" \/>\n<meta name=\"twitter:label1\" content=\"Geschatte leestijd\" \/>\n\t<meta name=\"twitter:data1\" content=\"2 minuten\" \/>\n<script type=\"application\/ld+json\" class=\"yoast-schema-graph\">{\"@context\":\"https:\/\/schema.org\",\"@graph\":[{\"@type\":\"WebPage\",\"@id\":\"https:\/\/pistonaddict.com\/nl\/product\/bmw-m4-competitie\/\",\"url\":\"https:\/\/pistonaddict.com\/nl\/product\/bmw-m4-competitie\/\",\"name\":\"BMW M4 Wedstrijd - Piston Addict\",\"isPartOf\":{\"@id\":\"https:\/\/pistonaddict.com\/nl\/#website\"},\"primaryImageOfPage\":{\"@id\":\"https:\/\/pistonaddict.com\/nl\/product\/bmw-m4-competitie\/#primaryimage\"},\"image\":{\"@id\":\"https:\/\/pistonaddict.com\/nl\/product\/bmw-m4-competitie\/#primaryimage\"},\"thumbnailUrl\":\"https:\/\/pistonaddict.com\/wp-content\/uploads\/2024\/03\/1.png\",\"datePublished\":\"2024-03-15T17:51:57+00:00\",\"dateModified\":\"2024-03-20T13:16:38+00:00\",\"breadcrumb\":{\"@id\":\"https:\/\/pistonaddict.com\/nl\/product\/bmw-m4-competitie\/#breadcrumb\"},\"inLanguage\":\"nl-NL\",\"potentialAction\":[{\"@type\":\"ReadAction\",\"target\":[\"https:\/\/pistonaddict.com\/nl\/product\/bmw-m4-competitie\/\"]}]},{\"@type\":\"ImageObject\",\"inLanguage\":\"nl-NL\",\"@id\":\"https:\/\/pistonaddict.com\/nl\/product\/bmw-m4-competitie\/#primaryimage\",\"url\":\"https:\/\/pistonaddict.com\/wp-content\/uploads\/2024\/03\/1.png\",\"contentUrl\":\"https:\/\/pistonaddict.com\/wp-content\/uploads\/2024\/03\/1.png\",\"width\":2778,\"height\":1660},{\"@type\":\"BreadcrumbList\",\"@id\":\"https:\/\/pistonaddict.com\/nl\/product\/bmw-m4-competitie\/#breadcrumb\",\"itemListElement\":[{\"@type\":\"ListItem\",\"position\":1,\"name\":\"ontvangst\",\"item\":\"https:\/\/pistonaddict.com\/nl\/homepage\/\"},{\"@type\":\"ListItem\",\"position\":2,\"name\":\"Auctions\",\"item\":\"https:\/\/pistonaddict.com\/auctions-listing\/\"},{\"@type\":\"ListItem\",\"position\":3,\"name\":\"BMW M4 Wedstrijd\"}]},{\"@type\":\"WebSite\",\"@id\":\"https:\/\/pistonaddict.com\/nl\/#website\",\"url\":\"https:\/\/pistonaddict.com\/nl\/\",\"name\":\"Piston Addict\",\"description\":\"Only interesting vehicles\",\"publisher\":{\"@id\":\"https:\/\/pistonaddict.com\/nl\/#organization\"},\"potentialAction\":[{\"@type\":\"SearchAction\",\"target\":{\"@type\":\"EntryPoint\",\"urlTemplate\":\"https:\/\/pistonaddict.com\/nl\/?s={search_term_string}\"},\"query-input\":\"required name=search_term_string\"}],\"inLanguage\":\"nl-NL\"},{\"@type\":\"Organization\",\"@id\":\"https:\/\/pistonaddict.com\/nl\/#organization\",\"name\":\"Piston Addict\",\"url\":\"https:\/\/pistonaddict.com\/nl\/\",\"logo\":{\"@type\":\"ImageObject\",\"inLanguage\":\"nl-NL\",\"@id\":\"https:\/\/pistonaddict.com\/nl\/#\/schema\/logo\/image\/\",\"url\":\"https:\/\/pistonaddict.com\/wp-content\/uploads\/2022\/07\/logo-6.png\",\"contentUrl\":\"https:\/\/pistonaddict.com\/wp-content\/uploads\/2022\/07\/logo-6.png\",\"width\":970,\"height\":200,\"caption\":\"Piston Addict\"},\"image\":{\"@id\":\"https:\/\/pistonaddict.com\/nl\/#\/schema\/logo\/image\/\"}}]}<\/script>\n<!-- \/ Yoast SEO plugin. -->","yoast_head_json":{"title":"BMW M4 Wedstrijd - Piston Addict","robots":{"index":"index","follow":"follow","max-snippet":"max-snippet:-1","max-image-preview":"max-image-preview:large","max-video-preview":"max-video-preview:-1"},"canonical":"https:\/\/pistonaddict.com\/nl\/product\/bmw-m4-competitie\/","og_locale":"nl_NL","og_type":"article","og_title":"BMW M4 Wedstrijd - Piston Addict","og_description":"Als je op zoek bent naar iets dat in een recordtempo over het circuit scheurt, dan heb je een sportwagen nodig. Aan de andere kant, als je op een zonnige dag liever comfortabel door de laan rijdt, is een gestroomlijnde cabriolet de beste optie. Maar als je iets wilt dat beide doet, dan zal deze BMW M4 Competition die we nu veilen je zeker bevallen. Hij is in perfecte staat, heeft \u00e9\u00e9n vorige eigenaar en heeft 74.000 km op de teller.","og_url":"https:\/\/pistonaddict.com\/nl\/product\/bmw-m4-competitie\/","og_site_name":"Piston Addict","article_modified_time":"2024-03-20T13:16:38+00:00","og_image":[{"width":1024,"height":612,"url":"https:\/\/pistonaddict.com\/wp-content\/uploads\/2024\/03\/1-1024x612.png","type":"image\/png"}],"twitter_card":"summary_large_image","twitter_misc":{"Geschatte leestijd":"2 minuten"},"schema":{"@context":"https:\/\/schema.org","@graph":[{"@type":"WebPage","@id":"https:\/\/pistonaddict.com\/nl\/product\/bmw-m4-competitie\/","url":"https:\/\/pistonaddict.com\/nl\/product\/bmw-m4-competitie\/","name":"BMW M4 Wedstrijd - Piston Addict","isPartOf":{"@id":"https:\/\/pistonaddict.com\/nl\/#website"},"primaryImageOfPage":{"@id":"https:\/\/pistonaddict.com\/nl\/product\/bmw-m4-competitie\/#primaryimage"},"image":{"@id":"https:\/\/pistonaddict.com\/nl\/product\/bmw-m4-competitie\/#primaryimage"},"thumbnailUrl":"https:\/\/pistonaddict.com\/wp-content\/uploads\/2024\/03\/1.png","datePublished":"2024-03-15T17:51:57+00:00","dateModified":"2024-03-20T13:16:38+00:00","breadcrumb":{"@id":"https:\/\/pistonaddict.com\/nl\/product\/bmw-m4-competitie\/#breadcrumb"},"inLanguage":"nl-NL","potentialAction":[{"@type":"ReadAction","target":["https:\/\/pistonaddict.com\/nl\/product\/bmw-m4-competitie\/"]}]},{"@type":"ImageObject","inLanguage":"nl-NL","@id":"https:\/\/pistonaddict.com\/nl\/product\/bmw-m4-competitie\/#primaryimage","url":"https:\/\/pistonaddict.com\/wp-content\/uploads\/2024\/03\/1.png","contentUrl":"https:\/\/pistonaddict.com\/wp-content\/uploads\/2024\/03\/1.png","width":2778,"height":1660},{"@type":"BreadcrumbList","@id":"https:\/\/pistonaddict.com\/nl\/product\/bmw-m4-competitie\/#breadcrumb","itemListElement":[{"@type":"ListItem","position":1,"name":"ontvangst","item":"https:\/\/pistonaddict.com\/nl\/homepage\/"},{"@type":"ListItem","position":2,"name":"Auctions","item":"https:\/\/pistonaddict.com\/auctions-listing\/"},{"@type":"ListItem","position":3,"name":"BMW M4 Wedstrijd"}]},{"@type":"WebSite","@id":"https:\/\/pistonaddict.com\/nl\/#website","url":"https:\/\/pistonaddict.com\/nl\/","name":"Piston Addict","description":"Only interesting vehicles","publisher":{"@id":"https:\/\/pistonaddict.com\/nl\/#organization"},"potentialAction":[{"@type":"SearchAction","target":{"@type":"EntryPoint","urlTemplate":"https:\/\/pistonaddict.com\/nl\/?s={search_term_string}"},"query-input":"required name=search_term_string"}],"inLanguage":"nl-NL"},{"@type":"Organization","@id":"https:\/\/pistonaddict.com\/nl\/#organization","name":"Piston Addict","url":"https:\/\/pistonaddict.com\/nl\/","logo":{"@type":"ImageObject","inLanguage":"nl-NL","@id":"https:\/\/pistonaddict.com\/nl\/#\/schema\/logo\/image\/","url":"https:\/\/pistonaddict.com\/wp-content\/uploads\/2022\/07\/logo-6.png","contentUrl":"https:\/\/pistonaddict.com\/wp-content\/uploads\/2022\/07\/logo-6.png","width":970,"height":200,"caption":"Piston Addict"},"image":{"@id":"https:\/\/pistonaddict.com\/nl\/#\/schema\/logo\/image\/"}}]}},"_links":{"self":[{"href":"https:\/\/pistonaddict.com\/nl\/wp-json\/wp\/v2\/product\/97443"}],"collection":[{"href":"https:\/\/pistonaddict.com\/nl\/wp-json\/wp\/v2\/product"}],"about":[{"href":"https:\/\/pistonaddict.com\/nl\/wp-json\/wp\/v2\/types\/product"}],"replies":[{"embeddable":true,"href":"https:\/\/pistonaddict.com\/nl\/wp-json\/wp\/v2\/comments?post=97443"}],"wp:featuredmedia":[{"embeddable":true,"href":"https:\/\/pistonaddict.com\/nl\/wp-json\/wp\/v2\/media\/96739"}],"wp:attachment":[{"href":"https:\/\/pistonaddict.com\/nl\/wp-json\/wp\/v2\/media?parent=97443"}],"wp:term":[{"taxonomy":"product_cat","embeddable":true,"href":"https:\/\/pistonaddict.com\/nl\/wp-json\/wp\/v2\/product_cat?post=97443"},{"taxonomy":"product_tag","embeddable":true,"href":"https:\/\/pistonaddict.com\/nl\/wp-json\/wp\/v2\/product_tag?post=97443"}],"curies":[{"name":"wp","href":"https:\/\/api.w.org\/{rel}","templated":true}]}}