{"id":2976,"date":"2022-04-29T11:19:25","date_gmt":"2022-04-29T09:19:25","guid":{"rendered":"https:\/\/pistonaddict.com\/cookiebeheer\/"},"modified":"2022-10-28T10:21:19","modified_gmt":"2022-10-28T08:21:19","slug":"cookiebeheer","status":"publish","type":"page","link":"https:\/\/pistonaddict.com\/nl\/cookiebeheer\/","title":{"rendered":"Beheer van cookies"},"content":{"rendered":"\t\t<div data-elementor-type=\"wp-page\" data-elementor-id=\"2976\" class=\"elementor elementor-2976 elementor-2954\">\n\t\t\t\t\t\t<section class=\"elementor-section elementor-top-section elementor-element elementor-element-00987b4 elementor-section-boxed elementor-section-height-default elementor-section-height-default\" data-id=\"00987b4\" data-element_type=\"section\">\n\t\t\t\t\t\t<div class=\"elementor-container elementor-column-gap-default\">\n\t\t\t\t\t<div class=\"elementor-column elementor-col-100 elementor-top-column elementor-element elementor-element-9f5f945\" data-id=\"9f5f945\" data-element_type=\"column\">\n\t\t\t<div class=\"elementor-widget-wrap elementor-element-populated\">\n\t\t\t\t\t\t<div class=\"elementor-element elementor-element-8525f40 elementor-widget elementor-widget-text-editor\" data-id=\"8525f40\" data-element_type=\"widget\" data-widget_type=\"text-editor.default\">\n\t\t\t\t<div class=\"elementor-widget-container\">\n\t\t\t<style>\/*! elementor - v3.21.0 - 18-04-2024 *\/\n.elementor-widget-text-editor.elementor-drop-cap-view-stacked .elementor-drop-cap{background-color:#69727d;color:#fff}.elementor-widget-text-editor.elementor-drop-cap-view-framed .elementor-drop-cap{color:#69727d;border:3px solid;background-color:transparent}.elementor-widget-text-editor:not(.elementor-drop-cap-view-default) .elementor-drop-cap{margin-top:8px}.elementor-widget-text-editor:not(.elementor-drop-cap-view-default) .elementor-drop-cap-letter{width:1em;height:1em}.elementor-widget-text-editor .elementor-drop-cap{float:left;text-align:center;line-height:1;font-size:50px}.elementor-widget-text-editor .elementor-drop-cap-letter{display:inline-block}<\/style>\t\t\t\t<div class=\"wpb_text_column wpb_content_element cms_text_block\">\n<div class=\"wpb_wrapper \">\n<p>Lors de votre premier acc\u00e8s au site Internet : https:\/\/www.pistonaddict.com, un bandeau situ\u00e9 en bas de page vous informe que des donn\u00e9es relatives \u00e0 votre navigation vont \u00eatre enregistr\u00e9es sur des fichiers sp\u00e9cifiques appel\u00e9s &#8221; cookies &#8221; ou fichiers de connexion.<\/p>\n<p>Om u beter te informeren over hun rol, de voorwaarden voor aanvaarding of weigering en de te volgen stappen om hun installatie op uw computer te blokkeren, presenteert <strong>Piston Addict<\/strong> u haar beleid voor het beheer van cookies.<\/p>\n<div class=\"wpb_column vc_column_container vc_col-sm-12\">\n<div class=\"vc_column-inner\">\n<div class=\"wpb_wrapper\"> <\/div>\n<\/div>\n<\/div>\n<div class=\"cms-custom-heading-wrap heading2 text-left vc_custom_heading heading2_uppercase \">\n<h2> <\/h2>\n<h2 class=\"cmsc-custom-heading vc_custom_heading\">1\u00b0 DE ROL VAN COOKIES OF VERBINDINGSBESTANDEN<\/h2>\n<\/div>\n<p>Les cookies permettent de collecter les informations concernant votre consultation du site Internet (https:\/\/www.pistonaddict.com) dans le but d&#8217;ajuster et d&#8217;orienter au mieux votre navigation. Met de fichiers de connexion, die door de navigator worden verstrekt, kunt u nauwkeurig de diensten en informatie bepalen die u zoekt aan de hand van de rubrieken en pagina&#8217;s die u raadpleegt.<\/p>\n<p>Voor een optimaal gebruik van de website en zijn diensten worden verschillende soorten cookies gebruikt, afhankelijk van hun doel:<\/p>\n<ul>\n<li>les cookies de session sont principalement install\u00e9s sur les sites marchands pour sauvegarder durant toute la s\u00e9quence de navigation, certaines donn\u00e9es saisies en amont,<\/li>\n<li>de functionele cookies houden rekening met de navigatievoorkeuren (taal, resolutie van het scherm&#8230;), of geven de informatie door die tijdens de vorige navigatiesessies werd opgevraagd (verbindingsgegevens, gezochte diensten, opgevraagde gegevens&#8230;),<\/li>\n<li>de analytische cookies maken het mogelijk de internauten te comptabiliseren en hun gedrag tijdens het bezoek aan de website te analyseren teneinde statistieken over de frequentie te genereren,<\/li>\n<li>les cookies tiers sont d\u00e9pos\u00e9s sur le navigateur de l&#8217;internaut par des r\u00e9gies publicitaires ou des partenaires du site Internet, ainsi que par les r\u00e9seaux sociaux et les plateformes vid\u00e9os en lien avec ledit site.<\/li>\n<\/ul>\n<p>Les donn\u00e9es n\u00e9cessaires par les fichiers de connexion ne permettent pas de vous identifier de mani\u00e8re nominative, elles sont uniquement utilis\u00e9es pour le bon fonctionnement du site Internet et ne sont jamais communiqu\u00e9es par <strong>Piston Addict<\/strong> \u00e0 d&#8217;autres structures.<\/p>\n<div class=\"wpb_column vc_column_container vc_col-sm-12\">\n<div class=\"vc_column-inner\">\n<div class=\"wpb_wrapper\"> <\/div>\n<\/div>\n<\/div>\n<div class=\"cms-custom-heading-wrap heading2 text-left vc_custom_heading heading2_uppercase \">\n<h2> <\/h2>\n<h2 class=\"cmsc-custom-heading vc_custom_heading\">2\u00b0 LES COOKIES PR\u00c9SENTS SUR LE SITE PISTONADDICT.COM<\/h2>\n<\/div>\n<div class=\"wpb_text_column wpb_content_element vc_custom_1621498045904 cms_text_block\">\n<div class=\"wpb_wrapper \"> <\/div>\n<\/div>\n<p>Afhankelijk van hun aard en het soort gegevens dat ze verzamelen, kunnen de cookies die op de website https:\/\/www.pistonaddict.com worden gebruikt, uw toestemming voor het gebruik ervan inhouden of juist tegenstrijdig zijn.<\/p>\n<h3> <\/h3>\n<h3>2.1\u00b0 De functionele cookies<\/h3>\n<p>La Commission Nationale de l&#8217;Informatique et des Libert\u00e9s (CNIL) beveelt aan om cookies die noodzakelijk zijn voor een goede werking van de internetsite of die als enige doel hebben om de communicatie via elektronische weg te vergemakkelijken, niet te blokkeren.<\/p>\n<p>Het gaat daarbij vooral om cookies d&#8217;identifiant de session, cookies de session pour lecteur multim\u00e9dia, cookies d&#8217;authentification, cookies de session d&#8217;\u00e9quilibrage de charge ou cr\u00e9\u00e9s ainsi que cookies de personnalisation de votre interface utilisateur.<\/p>\n<h3> <\/h3>\n<h3>2.2\u00b0 De cookies de suivi<\/h3>\n<p>Selon la l\u00e9gislation en vigueur appliqu\u00e9e par la RGPD, tous les cookies permettant le ciblage ou le profilage seront disponibles avant leur envoi sur votre navigateur : le recueil de votre consent, la possibilit\u00e9 de vous opposer \u00e0 leur utilisation, l&#8217;information que la poursuite de la navigation vaut accord au d\u00e9p\u00f4t de cookies sur votre terminal.<\/p>\n<p>Cela concerne \u00e0 la fois les cookies de mesure d&#8217;audience (Analytics) et les cookies de partage sur les r\u00e9seaux sociaux (Facebook&#8230;), ces cookies sont donc soumis aux politiques de confidentialit\u00e9 des \u00e9diteurs de ces applications logicielles.<\/p>\n<h4> <\/h4>\n<h4><strong>2.2.1\u00b0 De cookies de mesure d&#8217;audience<\/strong><\/h4>\n<p>Les cookies de Google Analytics permettent d&#8217;\u00e9tablir des statistiques relatives \u00e0 l&#8217;utilisation du site Internet : https:\/\/www.pistonaddict.com.<\/p>\n<p>Ze zijn zo geparametreerd dat ze gegevens kunnen verzamelen die het mogelijk maken uw toestemming op te vragen:<\/p>\n<ul>\n<li>les cookies d\u00e9pos\u00e9s servent uniquement \u00e0 la production de statistiques anonymes, l&#8217;adresse IP permettant de vous g\u00e9olocaliser n&#8217;est pas plus pr\u00e9cise que l&#8217;\u00e9chelle de la ville, concr\u00e8tement les deux derniers octets de l&#8217;adresse IP sont supprim\u00e9s,<\/li>\n<li>les cookies permettant d&#8217;\u00e9tablir votre tra\u00e7abilit\u00e9 ainsi que vos adresses IP ne sont pas conserv\u00e9s au-del\u00e0 de 13 mois \u00e0 compter de la premi\u00e8re visite.<\/li>\n<\/ul>\n<p>Het privacybeleid van Google Analytics is beschikbaar op het volgende adres: https:\/\/policies.google.com\/privacy?hl=fr.<\/p>\n<h3> <\/h3>\n<h4><strong>2.2.2\u00b0 De cookies de partage de donn\u00e9es<\/strong><\/h4>\n<p>Les cookies de partage sur les r\u00e9seaux sociaux (Facebook&#8230;) sont \u00e9mis et g\u00e9r\u00e9s par les \u00e9diteurs des applications. Onder voorbehoud van uw toestemming maken deze cookies het mogelijk om de inhoud van de website gemakkelijk te delen: https:\/\/www.pistonaddict.com door middel van specifieke knoppen.<\/p>\n<p>Het vertrouwelijkheidsbeleid van de sociale netwerken is beschikbaar op de volgende pagina&#8217;s:<\/p>\n<ul>\n<li>Facebook : https:\/\/fr-fr.facebook.com\/privacy\/explanation<\/li>\n<li>Twitter : https:\/\/twitter.com\/fr\/privacy#update<\/li>\n<li>Pinterest : https:\/\/policy.pinterest.com\/fr\/privacy-policy<\/li>\n<li>Instagram : https:\/\/help.instagram.com\/519522125107875<\/li>\n<\/ul>\n<h3> <\/h3>\n<h4><strong>2.2.3\u00b0 De cookies van videoplatformen<\/strong><\/h4>\n<p>Les cookies li\u00e9s \u00e0 la visualisation de vid\u00e9os sur YouTube sont \u00e9mis et g\u00e9r\u00e9s par l&#8217;\u00e9diteur de la plateforme vid\u00e9o. Sous r\u00e9serve du consent de votre, ces cookies sont envoy\u00e9s sur votre navigateur de l&#8217;internaut lors de la lecture de vid\u00e9os publi\u00e9es sur le site Internet : https:\/\/www.pistonaddict.com et h\u00e9berg\u00e9es sur la plateforme.<\/p>\n<p>La politique de confidentialit\u00e9 de YouTube est disponible \u00e0 l&#8217;adresse suivante: https:\/\/policies.google.com\/privacy?hl=fr-CA<\/p>\n<\/div>\n<\/div>\n<div class=\"wpb_column vc_column_container vc_col-sm-12\">\n<div class=\"vc_column-inner\">\n<div class=\"wpb_wrapper\"> <\/div>\n<\/div>\n<\/div>\n<div class=\"cms-custom-heading-wrap heading2 text-left vc_custom_heading heading2_uppercase \">\n<h2> <\/h2>\n<h2 class=\"cmsc-custom-heading vc_custom_heading\">3\u00b0 L&#8217;ACCEPTATION OU LE REFUS DES COOKIES<\/h2>\n<\/div>\n<div class=\"wpb_text_column wpb_content_element vc_custom_1621498045904 cms_text_block\">\n<div class=\"wpb_wrapper \">\n<p>Lors de votre premi\u00e8re visite du site Internet https:\/\/www.pistonaddict.com, un bandeau est affich\u00e9 en bas de page pour vous permettre d&#8217;accepter ou de refuser les cookies. Deze bandeau bevat ook de vermeldingen met betrekking tot de uiteindelijke verzending van cookies op uw internetnavigator.<\/p>\n<p>U kunt ook uw internetnavigator parametreren zodat u gewaarschuwd wordt wanneer er cookies worden geplaatst met de mogelijkheid deze te accepteren of te weigeren. Afhankelijk van de gebruikte navigator is de configuratie van het beheer van cookies (acceptatie of weigering) verschillend.<\/p>\n<p>Retrouvez ci-dessous les adresses des pages d\u00e9di\u00e9es pour chacun des principaux navigateurs:<\/p>\n<ul>\n<li>Microsoft Internet Explorer : http:\/\/windows.microsoft.com\/fr-FR\/windows-vista\/Block-or-allow-cookies<\/li>\n<li>Google Chrome : https:\/\/support.google.com\/chrome\/answer\/95647?hl=fr<\/li>\n<li>Safari : https:\/\/support.apple.com\/fr-fr\/guide\/safari\/sfri11471\/mac<\/li>\n<li>Firefox : https:\/\/support.mozilla.org\/fr\/kb\/autoriser-bloquer-cookies-preferences-sites<\/li>\n<li>Opera : https:\/\/help.opera.com\/en\/latest\/web-preferences\/#cookies<\/li>\n<\/ul>\n<p>A noter : Het weigeren van cookies kan de personalisatie van uw navigatie op de website Internet verhinderen: https:\/\/www.pistonaddict.com, il est donc important que vous configurez votre navigateur en toute connaissance de cause.<\/p>\n<\/div>\n<\/div>\n<div class=\"wpb_column vc_column_container vc_col-sm-12\">\n<div class=\"vc_column-inner\">\n<div class=\"wpb_wrapper\"> <\/div>\n<\/div>\n<\/div>\n<div class=\"cms-custom-heading-wrap heading2 text-left vc_custom_heading heading2_uppercase \">\n<h2> <\/h2>\n<h2 class=\"cmsc-custom-heading vc_custom_heading\">4\u00b0 DE INTREKKING VAN DE TOESTEMMING VOOR COOKIES<\/h2>\n<\/div>\n<div class=\"wpb_text_column wpb_content_element vc_custom_1621498045904 cms_text_block\">\n<div class=\"wpb_wrapper \">\n<p>Het is te allen tijde mogelijk om uw <a class=\"wt-cli-manage-consent-link\">toestemming voor cookies<\/a> van het hoogste niveau en voor analytische cookies te herroepen.<\/p>\n<div class=\"wpb_column vc_column_container vc_col-sm-12\">\n<div class=\"vc_column-inner\">\n<div class=\"wpb_wrapper\"> <\/div>\n<\/div>\n<\/div>\n<div class=\"cms-custom-heading-wrap heading2 text-left vc_custom_heading heading2_uppercase \">\n<h2> <\/h2>\n<h2 class=\"cmsc-custom-heading vc_custom_heading\">5\u00b0 LA POLITIQUE DE CONFIDENTIALIT\u00c9<\/h2>\n<\/div>\n<div class=\"wpb_text_column wpb_content_element vc_custom_1621498045904 cms_text_block\">\n<div class=\"wpb_wrapper \"> <\/div>\n<\/div>\n<p>Pour en savoir plus sur la politique de confidentialit\u00e9 de <strong>Piston Addict<\/strong>: <a href=\"https:\/\/pistonaddict.com\/nl\/privacybeleid\/\">cliquez ici<\/a>.<\/p>\n<\/div>\n<\/div>\n\t\t\t\t\t\t<\/div>\n\t\t\t\t<\/div>\n\t\t\t\t\t<\/div>\n\t\t<\/div>\n\t\t\t\t\t<\/div>\n\t\t<\/section>\n\t\t\t\t<\/div>\n\t\t","protected":false},"excerpt":{"rendered":"<p>Lors de votre premier acc\u00e8s au site Internet : https:\/\/www.pistonaddict.com, un bandeau situ\u00e9 en bas de page vous informe que des donn\u00e9es relatives \u00e0 votre navigation vont \u00eatre enregistr\u00e9es sur des fichiers sp\u00e9cifiques appel\u00e9s &#8221; cookies &#8221; ou fichiers de connexion. Om u beter te informeren over hun rol, de voorwaarden voor aanvaarding of weigering &#8230; <a title=\"Beheer van cookies\" class=\"read-more\" href=\"https:\/\/pistonaddict.com\/nl\/cookiebeheer\/\">Lees meer<span class=\"screen-reader-text\">Beheer van cookies<\/span><\/a><\/p>\n","protected":false},"author":1,"featured_media":0,"parent":0,"menu_order":0,"comment_status":"closed","ping_status":"closed","template":"","meta":{"inline_featured_image":false,"footnotes":""},"acf":[],"yoast_head":"<!-- This site is optimized with the Yoast SEO plugin v22.5 - https:\/\/yoast.com\/wordpress\/plugins\/seo\/ -->\n<title>Beheer van cookies - Piston Addict<\/title>\n<meta name=\"robots\" content=\"index, follow, max-snippet:-1, max-image-preview:large, max-video-preview:-1\" \/>\n<link rel=\"canonical\" href=\"https:\/\/pistonaddict.com\/nl\/cookiebeheer\/\" \/>\n<meta property=\"og:locale\" content=\"nl_NL\" \/>\n<meta property=\"og:type\" content=\"article\" \/>\n<meta property=\"og:title\" content=\"Beheer van cookies - Piston Addict\" \/>\n<meta property=\"og:description\" content=\"Lors de votre premier acc\u00e8s au site Internet : https:\/\/www.pistonaddict.com, un bandeau situ\u00e9 en bas de page vous informe que des donn\u00e9es relatives \u00e0 votre navigation vont \u00eatre enregistr\u00e9es sur des fichiers sp\u00e9cifiques appel\u00e9s &#8221; cookies &#8221; ou fichiers de connexion. Om u beter te informeren over hun rol, de voorwaarden voor aanvaarding of weigering ... Lees meerBeheer van cookies\" \/>\n<meta property=\"og:url\" content=\"https:\/\/pistonaddict.com\/nl\/cookiebeheer\/\" \/>\n<meta property=\"og:site_name\" content=\"Piston Addict\" \/>\n<meta property=\"article:modified_time\" content=\"2022-10-28T08:21:19+00:00\" \/>\n<meta name=\"twitter:card\" content=\"summary_large_image\" \/>\n<meta name=\"twitter:label1\" content=\"Geschatte leestijd\" \/>\n\t<meta name=\"twitter:data1\" content=\"6 minuten\" \/>\n<script type=\"application\/ld+json\" class=\"yoast-schema-graph\">{\"@context\":\"https:\/\/schema.org\",\"@graph\":[{\"@type\":\"WebPage\",\"@id\":\"https:\/\/pistonaddict.com\/nl\/cookiebeheer\/\",\"url\":\"https:\/\/pistonaddict.com\/nl\/cookiebeheer\/\",\"name\":\"Beheer van cookies - Piston Addict\",\"isPartOf\":{\"@id\":\"https:\/\/pistonaddict.com\/nl\/#website\"},\"datePublished\":\"2022-04-29T09:19:25+00:00\",\"dateModified\":\"2022-10-28T08:21:19+00:00\",\"breadcrumb\":{\"@id\":\"https:\/\/pistonaddict.com\/nl\/cookiebeheer\/#breadcrumb\"},\"inLanguage\":\"nl-NL\",\"potentialAction\":[{\"@type\":\"ReadAction\",\"target\":[\"https:\/\/pistonaddict.com\/nl\/cookiebeheer\/\"]}]},{\"@type\":\"BreadcrumbList\",\"@id\":\"https:\/\/pistonaddict.com\/nl\/cookiebeheer\/#breadcrumb\",\"itemListElement\":[{\"@type\":\"ListItem\",\"position\":1,\"name\":\"ontvangst\",\"item\":\"https:\/\/pistonaddict.com\/nl\/homepage\/\"},{\"@type\":\"ListItem\",\"position\":2,\"name\":\"Beheer van cookies\"}]},{\"@type\":\"WebSite\",\"@id\":\"https:\/\/pistonaddict.com\/nl\/#website\",\"url\":\"https:\/\/pistonaddict.com\/nl\/\",\"name\":\"Piston Addict\",\"description\":\"Only interesting vehicles\",\"publisher\":{\"@id\":\"https:\/\/pistonaddict.com\/nl\/#organization\"},\"potentialAction\":[{\"@type\":\"SearchAction\",\"target\":{\"@type\":\"EntryPoint\",\"urlTemplate\":\"https:\/\/pistonaddict.com\/nl\/?s={search_term_string}\"},\"query-input\":\"required name=search_term_string\"}],\"inLanguage\":\"nl-NL\"},{\"@type\":\"Organization\",\"@id\":\"https:\/\/pistonaddict.com\/nl\/#organization\",\"name\":\"Piston Addict\",\"url\":\"https:\/\/pistonaddict.com\/nl\/\",\"logo\":{\"@type\":\"ImageObject\",\"inLanguage\":\"nl-NL\",\"@id\":\"https:\/\/pistonaddict.com\/nl\/#\/schema\/logo\/image\/\",\"url\":\"https:\/\/pistonaddict.com\/wp-content\/uploads\/2022\/07\/logo-6.png\",\"contentUrl\":\"https:\/\/pistonaddict.com\/wp-content\/uploads\/2022\/07\/logo-6.png\",\"width\":970,\"height\":200,\"caption\":\"Piston Addict\"},\"image\":{\"@id\":\"https:\/\/pistonaddict.com\/nl\/#\/schema\/logo\/image\/\"}}]}<\/script>\n<!-- \/ Yoast SEO plugin. -->","yoast_head_json":{"title":"Beheer van cookies - Piston Addict","robots":{"index":"index","follow":"follow","max-snippet":"max-snippet:-1","max-image-preview":"max-image-preview:large","max-video-preview":"max-video-preview:-1"},"canonical":"https:\/\/pistonaddict.com\/nl\/cookiebeheer\/","og_locale":"nl_NL","og_type":"article","og_title":"Beheer van cookies - Piston Addict","og_description":"Lors de votre premier acc\u00e8s au site Internet : https:\/\/www.pistonaddict.com, un bandeau situ\u00e9 en bas de page vous informe que des donn\u00e9es relatives \u00e0 votre navigation vont \u00eatre enregistr\u00e9es sur des fichiers sp\u00e9cifiques appel\u00e9s &#8221; cookies &#8221; ou fichiers de connexion. Om u beter te informeren over hun rol, de voorwaarden voor aanvaarding of weigering ... Lees meerBeheer van cookies","og_url":"https:\/\/pistonaddict.com\/nl\/cookiebeheer\/","og_site_name":"Piston Addict","article_modified_time":"2022-10-28T08:21:19+00:00","twitter_card":"summary_large_image","twitter_misc":{"Geschatte leestijd":"6 minuten"},"schema":{"@context":"https:\/\/schema.org","@graph":[{"@type":"WebPage","@id":"https:\/\/pistonaddict.com\/nl\/cookiebeheer\/","url":"https:\/\/pistonaddict.com\/nl\/cookiebeheer\/","name":"Beheer van cookies - Piston Addict","isPartOf":{"@id":"https:\/\/pistonaddict.com\/nl\/#website"},"datePublished":"2022-04-29T09:19:25+00:00","dateModified":"2022-10-28T08:21:19+00:00","breadcrumb":{"@id":"https:\/\/pistonaddict.com\/nl\/cookiebeheer\/#breadcrumb"},"inLanguage":"nl-NL","potentialAction":[{"@type":"ReadAction","target":["https:\/\/pistonaddict.com\/nl\/cookiebeheer\/"]}]},{"@type":"BreadcrumbList","@id":"https:\/\/pistonaddict.com\/nl\/cookiebeheer\/#breadcrumb","itemListElement":[{"@type":"ListItem","position":1,"name":"ontvangst","item":"https:\/\/pistonaddict.com\/nl\/homepage\/"},{"@type":"ListItem","position":2,"name":"Beheer van cookies"}]},{"@type":"WebSite","@id":"https:\/\/pistonaddict.com\/nl\/#website","url":"https:\/\/pistonaddict.com\/nl\/","name":"Piston Addict","description":"Only interesting vehicles","publisher":{"@id":"https:\/\/pistonaddict.com\/nl\/#organization"},"potentialAction":[{"@type":"SearchAction","target":{"@type":"EntryPoint","urlTemplate":"https:\/\/pistonaddict.com\/nl\/?s={search_term_string}"},"query-input":"required name=search_term_string"}],"inLanguage":"nl-NL"},{"@type":"Organization","@id":"https:\/\/pistonaddict.com\/nl\/#organization","name":"Piston Addict","url":"https:\/\/pistonaddict.com\/nl\/","logo":{"@type":"ImageObject","inLanguage":"nl-NL","@id":"https:\/\/pistonaddict.com\/nl\/#\/schema\/logo\/image\/","url":"https:\/\/pistonaddict.com\/wp-content\/uploads\/2022\/07\/logo-6.png","contentUrl":"https:\/\/pistonaddict.com\/wp-content\/uploads\/2022\/07\/logo-6.png","width":970,"height":200,"caption":"Piston Addict"},"image":{"@id":"https:\/\/pistonaddict.com\/nl\/#\/schema\/logo\/image\/"}}]}},"_links":{"self":[{"href":"https:\/\/pistonaddict.com\/nl\/wp-json\/wp\/v2\/pages\/2976"}],"collection":[{"href":"https:\/\/pistonaddict.com\/nl\/wp-json\/wp\/v2\/pages"}],"about":[{"href":"https:\/\/pistonaddict.com\/nl\/wp-json\/wp\/v2\/types\/page"}],"author":[{"embeddable":true,"href":"https:\/\/pistonaddict.com\/nl\/wp-json\/wp\/v2\/users\/1"}],"replies":[{"embeddable":true,"href":"https:\/\/pistonaddict.com\/nl\/wp-json\/wp\/v2\/comments?post=2976"}],"version-history":[{"count":5,"href":"https:\/\/pistonaddict.com\/nl\/wp-json\/wp\/v2\/pages\/2976\/revisions"}],"predecessor-version":[{"id":15987,"href":"https:\/\/pistonaddict.com\/nl\/wp-json\/wp\/v2\/pages\/2976\/revisions\/15987"}],"wp:attachment":[{"href":"https:\/\/pistonaddict.com\/nl\/wp-json\/wp\/v2\/media?parent=2976"}],"curies":[{"name":"wp","href":"https:\/\/api.w.org\/{rel}","templated":true}]}}