{"id":98271,"date":"2024-03-20T15:15:43","date_gmt":"2024-03-20T14:15:43","guid":{"rendered":"https:\/\/pistonaddict.com\/product\/porsche-997-targa\/"},"modified":"2024-03-20T15:24:11","modified_gmt":"2024-03-20T14:24:11","slug":"porsche-997-targa","status":"publish","type":"product","link":"https:\/\/pistonaddict.com\/lv\/product\/porsche-997-targa\/","title":{"rendered":"Porsche 997 Targa 4S"},"content":{"rendered":"<p><strong>Auto v\u0113sture<\/strong><\/p>\n<p>Ikonisk\u0101 Porsche 911 sest\u0101s paaudzes mode\u013ca pirmizr\u0101di piedz\u012bvoja 2004. gad\u0101, un t\u0101 iek\u0161\u0113jais nosaukums bija 997. T\u0101 priek\u0161g\u0101j\u0113js, 996. modelis, joproj\u0101m ir viens no vispretrun\u012bg\u0101kajiem 911 mode\u013ciem, kas jebkad ra\u017eots, jo \u012bpa\u0161i t\u0101 dizaina un ar \u016bdeni dzes\u0113jamo dzin\u0113ju ievie\u0161anas d\u0113\u013c. Tom\u0113r 997 tika atzin\u012bgi nov\u0113rt\u0113ts par t\u0101 t\u012braj\u0101m l\u012bnij\u0101m un tehnolo\u0123iju un jaudas uzlabojumiem. Lai gan 997 ir da\u017eas meh\u0101niskas l\u012bdz\u012bbas, k\u0101 ar\u012b t\u0101da pati platforma k\u0101 996, tas bija daudz lab\u0101ks un kompetent\u0101ks automobilis, nemaz nerun\u0101jot par modern\u0101ku un skaist\u0101ku. Nav nek\u0101ds p\u0101rsteigums, ka p\u0101rdo\u0161anas r\u0101d\u012bt\u0101ji apliecin\u0101ja, ka 997 bija veiksm\u012bgs modelis, jo 9 gadu laik\u0101 tika sara\u017eoti vair\u0101k nek\u0101 212 000 eksempl\u0101ru. Tom\u0113r \u0161is konkr\u0113tais piem\u0113rs ir diezgan rets ne tikai t\u0101p\u0113c, ka tas ir agr\u0101ks 997.1 modelis, bet ar\u012b t\u0101p\u0113c, ka tam ir reta Targa virsb\u016bve. 2008. gad\u0101 tika pieg\u0101d\u0101ti tikai 1426 Targa 4S eksempl\u0101ri, un tikai da\u017eiem no tiem bija 6 pak\u0101pju manu\u0101l\u0101 p\u0101rnesumk\u0101rba. Kopum\u0101 tika sara\u017eoti tikai aptuveni 8400 Targa 4S 997. paaudzes automobi\u013cu. 3,8 litru dabiskais 3,8 litru darba tilpuma plakanais se\u0161cilindris nodro\u0161ina 350 ZS uz visiem \u010detriem rite\u0146iem, t\u0101d\u0113j\u0101di nodro\u0161inot iespaid\u012bgu pa\u0101trin\u0101jumu un lielisku vad\u0101m\u012bbu uz ce\u013ca jebkuros apst\u0101k\u013cos. Apvienojot sp\u0113c\u012bgo veiktsp\u0113ju ar stikla jumta gais\u012bgumu un manu\u0101l\u0101s transmisijas meh\u0101nisko saj\u016btu, \u0161is piem\u0113rs ir neticami interesants ikvienam \u012bstam kolekcion\u0101ram.<\/p>\n<p><strong>Interjers<\/strong><\/p>\n<p>2008. gada Porsche Targa 4S salons, kas apdarin\u0101ts meln\u0101 \u0101d\u0101 ar reti pieejamo un p\u0113c izv\u0113les pieejamo \u0101das instrumentu paneli, ir perfekt\u0101 st\u0101vokl\u012b, bez boj\u0101jumiem un ar neliel\u0101m nolietojuma paz\u012bm\u0113m. \u0160im modelim ir daudz v\u0113lama papildu apr\u012bkojuma, piem\u0113ram, kru\u012bza kontrole, premium audio sist\u0113ma, elektriski darbin\u0101mi un apsild\u0101mi \u0101das sporta s\u0113dek\u013ci, daudzfunkcion\u0101ls st\u016bres rats, navig\u0101cijas sist\u0113ma utt. Viss darbojas, k\u0101 n\u0101kas, kop\u0101 ar stikla jumtu, un nav nek\u0101du izmai\u0146u. Sal\u012bdzinot ar citiem t\u0101 laika 911 automobi\u013ciem, Targa ir diezgan unik\u0101la, jo t\u0101 pied\u0101v\u0101 kabrioleta atv\u0113rt\u0101 gaisa saj\u016btu, bet vienlaikus ar\u012b kupejas komfortu un lietojam\u012bbu visa gada garum\u0101.<\/p>\n<p><strong>Automa\u0161\u012bnas st\u0101voklis<\/strong><\/p>\n<p>\u0160is Porsche 911 Targa 4S ar nobrauktiem tikai nedaudz vair\u0101k nek\u0101 110 000 kilometru no jauna un diviem r\u016bp\u012bgiem \u012bpa\u0161niekiem ir iespaid\u012bg\u0101 st\u0101vokl\u012b un tiek r\u016bp\u012bgi uztur\u0113ts. Ieraksti liecina, ka p\u0113d\u0113jais kapit\u0101lais remonts tika veikts 2022. gada beig\u0101s, bet bremzes tika remont\u0113tas tikai pirms da\u017e\u0101m dien\u0101m, 2024. gada mart\u0101. Ir pieejami visi tehnisk\u0101s apkopes dokumenti, kas apliecina, cik r\u016bp\u012bgi par \u0161o automa\u0161\u012bnu ir r\u016bp\u0113ju\u0161ies. \u0160is konkr\u0113tais automobilis tika pieg\u0101d\u0101ts Be\u013c\u0123ij\u0101.<\/p>\n<p><strong>\u0100rpuse un rite\u0146i<\/strong><\/p>\n<p>\u0160is konkr\u0113tais piem\u0113rs tika profesion\u0101li p\u0101rkr\u0101sots ori\u0123in\u0101laj\u0101 tum\u0161i pel\u0113kaj\u0101 kr\u0101s\u0101, kas izskat\u0101s perfekti un lieliski sader ar ori\u0123in\u0101lajiem rite\u0146iem un melno salonu. K\u0101 min\u0113ts CarVertical, vien\u012bg\u0101 piemin\u0113\u0161anas v\u0113rta deta\u013ca ir neliels boj\u0101jums uz aizmugur\u0113j\u0101 bampera, kas tika salabots, k\u0101 redzams att\u0113los. Bridgestone riepas, kas atbilst pareizaj\u0101m specifik\u0101cij\u0101m, ir 2018. gada ra\u017eojuma un ir tikai nedaudz nodilu\u0161as.<\/p>\n<p><strong>Dokument\u0101cija<\/strong><\/p>\n<p>D\u012bleris p\u0101rdod \u0161o automa\u0161\u012bnu ar atbilsto\u0161u dokument\u0101ciju un atrodas Be\u013c\u0123ij\u0101. <a href=\"https:\/\/pistonaddict.com\/wp-content\/uploads\/2024\/03\/CarVertical-Porsche.pdf\">CarVertical zi\u0146ojums<\/a> ir t\u012brs, \u012bpa\u0161umties\u012bbas vai juridiskas probl\u0113mas. Ir regul\u0101ras tehnisk\u0101s apkopes dokumenti un kv\u012btis.<\/p>\n","protected":false},"excerpt":{"rendered":"<p>T\u0101 k\u0101 997. paaudzes 997 ir ide\u0101ls l\u012bdzsvars starp klasisko 911 saj\u016btu, kompaktajiem izm\u0113riem, komunikablo \u0161asiju un modernaj\u0101m tehnolo\u0123ij\u0101m un funkcij\u0101m, 911 entuziasti arvien vair\u0101k iecien\u012bju\u0161i \u0161o modeli. Tas noz\u012bm\u0113, ka \u0161\u012b ir n\u0101kam\u0101 liel\u0101 lieta 911. gada pasaul\u0113, un t\u0101s cenas pieaug. Pie\u0146emsim, ka j\u016bs mekl\u0113jat iesp\u0113ju ieg\u0101d\u0101ties 997 modeli. T\u0101d\u0101 gad\u012bjum\u0101 nekas nav lab\u0101ks par \u013coti v\u0113lamu, reti sastopamu virsb\u016bves modeli ar v\u0113lamu manu\u0101lo p\u0101rnesumk\u0101rbu, kas ir gatavs pilnv\u0113rt\u012bgai baud\u012b\u0161anai.<\/p>\n","protected":false},"featured_media":97678,"comment_status":"open","ping_status":"closed","template":"","meta":{"inline_featured_image":false},"product_cat":[751],"product_tag":[3944,3947,949,2336,3942],"acf":[],"yoast_head":"<!-- This site is optimized with the Yoast SEO plugin v22.5 - https:\/\/yoast.com\/wordpress\/plugins\/seo\/ -->\n<title>Porsche 997 Targa 4S - Piston Addict<\/title>\n<meta name=\"robots\" content=\"index, follow, max-snippet:-1, max-image-preview:large, max-video-preview:-1\" \/>\n<link rel=\"canonical\" href=\"https:\/\/pistonaddict.com\/lv\/product\/porsche-997-targa\/\" \/>\n<meta property=\"og:locale\" content=\"lv_LV\" \/>\n<meta property=\"og:type\" content=\"article\" \/>\n<meta property=\"og:title\" content=\"Porsche 997 Targa 4S - Piston Addict\" \/>\n<meta property=\"og:description\" content=\"T\u0101 k\u0101 997. paaudzes 997 ir ide\u0101ls l\u012bdzsvars starp klasisko 911 saj\u016btu, kompaktajiem izm\u0113riem, komunikablo \u0161asiju un modernaj\u0101m tehnolo\u0123ij\u0101m un funkcij\u0101m, 911 entuziasti arvien vair\u0101k iecien\u012bju\u0161i \u0161o modeli. Tas noz\u012bm\u0113, ka \u0161\u012b ir n\u0101kam\u0101 liel\u0101 lieta 911. gada pasaul\u0113, un t\u0101s cenas pieaug. Pie\u0146emsim, ka j\u016bs mekl\u0113jat iesp\u0113ju ieg\u0101d\u0101ties 997 modeli. T\u0101d\u0101 gad\u012bjum\u0101 nekas nav lab\u0101ks par \u013coti v\u0113lamu, reti sastopamu virsb\u016bves modeli ar v\u0113lamu manu\u0101lo p\u0101rnesumk\u0101rbu, kas ir gatavs pilnv\u0113rt\u012bgai baud\u012b\u0161anai.\" \/>\n<meta property=\"og:url\" content=\"https:\/\/pistonaddict.com\/lv\/product\/porsche-997-targa\/\" \/>\n<meta property=\"og:site_name\" content=\"Piston Addict\" \/>\n<meta property=\"article:modified_time\" content=\"2024-03-20T14:24:11+00:00\" \/>\n<meta property=\"og:image\" content=\"https:\/\/pistonaddict.com\/wp-content\/uploads\/2024\/03\/1-1-1024x611.png\" \/>\n\t<meta property=\"og:image:width\" content=\"1024\" \/>\n\t<meta property=\"og:image:height\" content=\"611\" \/>\n\t<meta property=\"og:image:type\" content=\"image\/png\" \/>\n<meta name=\"twitter:card\" content=\"summary_large_image\" \/>\n<meta name=\"twitter:label1\" content=\"Est. reading time\" \/>\n\t<meta name=\"twitter:data1\" content=\"3 minutes\" \/>\n<script type=\"application\/ld+json\" class=\"yoast-schema-graph\">{\"@context\":\"https:\/\/schema.org\",\"@graph\":[{\"@type\":\"WebPage\",\"@id\":\"https:\/\/pistonaddict.com\/lv\/product\/porsche-997-targa\/\",\"url\":\"https:\/\/pistonaddict.com\/lv\/product\/porsche-997-targa\/\",\"name\":\"Porsche 997 Targa 4S - Piston Addict\",\"isPartOf\":{\"@id\":\"https:\/\/pistonaddict.com\/lv\/#website\"},\"primaryImageOfPage\":{\"@id\":\"https:\/\/pistonaddict.com\/lv\/product\/porsche-997-targa\/#primaryimage\"},\"image\":{\"@id\":\"https:\/\/pistonaddict.com\/lv\/product\/porsche-997-targa\/#primaryimage\"},\"thumbnailUrl\":\"https:\/\/pistonaddict.com\/wp-content\/uploads\/2024\/03\/1-1.png\",\"datePublished\":\"2024-03-20T14:15:43+00:00\",\"dateModified\":\"2024-03-20T14:24:11+00:00\",\"breadcrumb\":{\"@id\":\"https:\/\/pistonaddict.com\/lv\/product\/porsche-997-targa\/#breadcrumb\"},\"inLanguage\":\"lv-LV\",\"potentialAction\":[{\"@type\":\"ReadAction\",\"target\":[\"https:\/\/pistonaddict.com\/lv\/product\/porsche-997-targa\/\"]}]},{\"@type\":\"ImageObject\",\"inLanguage\":\"lv-LV\",\"@id\":\"https:\/\/pistonaddict.com\/lv\/product\/porsche-997-targa\/#primaryimage\",\"url\":\"https:\/\/pistonaddict.com\/wp-content\/uploads\/2024\/03\/1-1.png\",\"contentUrl\":\"https:\/\/pistonaddict.com\/wp-content\/uploads\/2024\/03\/1-1.png\",\"width\":2778,\"height\":1657},{\"@type\":\"BreadcrumbList\",\"@id\":\"https:\/\/pistonaddict.com\/lv\/product\/porsche-997-targa\/#breadcrumb\",\"itemListElement\":[{\"@type\":\"ListItem\",\"position\":1,\"name\":\"M\u0101jas lapa\",\"item\":\"https:\/\/pistonaddict.com\/lv\/majas-lapa-2\/\"},{\"@type\":\"ListItem\",\"position\":2,\"name\":\"Auctions\",\"item\":\"https:\/\/pistonaddict.com\/auctions-listing\/\"},{\"@type\":\"ListItem\",\"position\":3,\"name\":\"Porsche 997 Targa 4S\"}]},{\"@type\":\"WebSite\",\"@id\":\"https:\/\/pistonaddict.com\/lv\/#website\",\"url\":\"https:\/\/pistonaddict.com\/lv\/\",\"name\":\"Piston Addict\",\"description\":\"Only interesting vehicles\",\"publisher\":{\"@id\":\"https:\/\/pistonaddict.com\/lv\/#organization\"},\"potentialAction\":[{\"@type\":\"SearchAction\",\"target\":{\"@type\":\"EntryPoint\",\"urlTemplate\":\"https:\/\/pistonaddict.com\/lv\/?s={search_term_string}\"},\"query-input\":\"required name=search_term_string\"}],\"inLanguage\":\"lv-LV\"},{\"@type\":\"Organization\",\"@id\":\"https:\/\/pistonaddict.com\/lv\/#organization\",\"name\":\"Piston Addict\",\"url\":\"https:\/\/pistonaddict.com\/lv\/\",\"logo\":{\"@type\":\"ImageObject\",\"inLanguage\":\"lv-LV\",\"@id\":\"https:\/\/pistonaddict.com\/lv\/#\/schema\/logo\/image\/\",\"url\":\"https:\/\/pistonaddict.com\/wp-content\/uploads\/2022\/07\/logo-6.png\",\"contentUrl\":\"https:\/\/pistonaddict.com\/wp-content\/uploads\/2022\/07\/logo-6.png\",\"width\":970,\"height\":200,\"caption\":\"Piston Addict\"},\"image\":{\"@id\":\"https:\/\/pistonaddict.com\/lv\/#\/schema\/logo\/image\/\"}}]}<\/script>\n<!-- \/ Yoast SEO plugin. -->","yoast_head_json":{"title":"Porsche 997 Targa 4S - Piston Addict","robots":{"index":"index","follow":"follow","max-snippet":"max-snippet:-1","max-image-preview":"max-image-preview:large","max-video-preview":"max-video-preview:-1"},"canonical":"https:\/\/pistonaddict.com\/lv\/product\/porsche-997-targa\/","og_locale":"lv_LV","og_type":"article","og_title":"Porsche 997 Targa 4S - Piston Addict","og_description":"T\u0101 k\u0101 997. paaudzes 997 ir ide\u0101ls l\u012bdzsvars starp klasisko 911 saj\u016btu, kompaktajiem izm\u0113riem, komunikablo \u0161asiju un modernaj\u0101m tehnolo\u0123ij\u0101m un funkcij\u0101m, 911 entuziasti arvien vair\u0101k iecien\u012bju\u0161i \u0161o modeli. Tas noz\u012bm\u0113, ka \u0161\u012b ir n\u0101kam\u0101 liel\u0101 lieta 911. gada pasaul\u0113, un t\u0101s cenas pieaug. Pie\u0146emsim, ka j\u016bs mekl\u0113jat iesp\u0113ju ieg\u0101d\u0101ties 997 modeli. T\u0101d\u0101 gad\u012bjum\u0101 nekas nav lab\u0101ks par \u013coti v\u0113lamu, reti sastopamu virsb\u016bves modeli ar v\u0113lamu manu\u0101lo p\u0101rnesumk\u0101rbu, kas ir gatavs pilnv\u0113rt\u012bgai baud\u012b\u0161anai.","og_url":"https:\/\/pistonaddict.com\/lv\/product\/porsche-997-targa\/","og_site_name":"Piston Addict","article_modified_time":"2024-03-20T14:24:11+00:00","og_image":[{"width":1024,"height":611,"url":"https:\/\/pistonaddict.com\/wp-content\/uploads\/2024\/03\/1-1-1024x611.png","type":"image\/png"}],"twitter_card":"summary_large_image","twitter_misc":{"Est. reading time":"3 minutes"},"schema":{"@context":"https:\/\/schema.org","@graph":[{"@type":"WebPage","@id":"https:\/\/pistonaddict.com\/lv\/product\/porsche-997-targa\/","url":"https:\/\/pistonaddict.com\/lv\/product\/porsche-997-targa\/","name":"Porsche 997 Targa 4S - Piston Addict","isPartOf":{"@id":"https:\/\/pistonaddict.com\/lv\/#website"},"primaryImageOfPage":{"@id":"https:\/\/pistonaddict.com\/lv\/product\/porsche-997-targa\/#primaryimage"},"image":{"@id":"https:\/\/pistonaddict.com\/lv\/product\/porsche-997-targa\/#primaryimage"},"thumbnailUrl":"https:\/\/pistonaddict.com\/wp-content\/uploads\/2024\/03\/1-1.png","datePublished":"2024-03-20T14:15:43+00:00","dateModified":"2024-03-20T14:24:11+00:00","breadcrumb":{"@id":"https:\/\/pistonaddict.com\/lv\/product\/porsche-997-targa\/#breadcrumb"},"inLanguage":"lv-LV","potentialAction":[{"@type":"ReadAction","target":["https:\/\/pistonaddict.com\/lv\/product\/porsche-997-targa\/"]}]},{"@type":"ImageObject","inLanguage":"lv-LV","@id":"https:\/\/pistonaddict.com\/lv\/product\/porsche-997-targa\/#primaryimage","url":"https:\/\/pistonaddict.com\/wp-content\/uploads\/2024\/03\/1-1.png","contentUrl":"https:\/\/pistonaddict.com\/wp-content\/uploads\/2024\/03\/1-1.png","width":2778,"height":1657},{"@type":"BreadcrumbList","@id":"https:\/\/pistonaddict.com\/lv\/product\/porsche-997-targa\/#breadcrumb","itemListElement":[{"@type":"ListItem","position":1,"name":"M\u0101jas lapa","item":"https:\/\/pistonaddict.com\/lv\/majas-lapa-2\/"},{"@type":"ListItem","position":2,"name":"Auctions","item":"https:\/\/pistonaddict.com\/auctions-listing\/"},{"@type":"ListItem","position":3,"name":"Porsche 997 Targa 4S"}]},{"@type":"WebSite","@id":"https:\/\/pistonaddict.com\/lv\/#website","url":"https:\/\/pistonaddict.com\/lv\/","name":"Piston Addict","description":"Only interesting vehicles","publisher":{"@id":"https:\/\/pistonaddict.com\/lv\/#organization"},"potentialAction":[{"@type":"SearchAction","target":{"@type":"EntryPoint","urlTemplate":"https:\/\/pistonaddict.com\/lv\/?s={search_term_string}"},"query-input":"required name=search_term_string"}],"inLanguage":"lv-LV"},{"@type":"Organization","@id":"https:\/\/pistonaddict.com\/lv\/#organization","name":"Piston Addict","url":"https:\/\/pistonaddict.com\/lv\/","logo":{"@type":"ImageObject","inLanguage":"lv-LV","@id":"https:\/\/pistonaddict.com\/lv\/#\/schema\/logo\/image\/","url":"https:\/\/pistonaddict.com\/wp-content\/uploads\/2022\/07\/logo-6.png","contentUrl":"https:\/\/pistonaddict.com\/wp-content\/uploads\/2022\/07\/logo-6.png","width":970,"height":200,"caption":"Piston Addict"},"image":{"@id":"https:\/\/pistonaddict.com\/lv\/#\/schema\/logo\/image\/"}}]}},"_links":{"self":[{"href":"https:\/\/pistonaddict.com\/lv\/wp-json\/wp\/v2\/product\/98271"}],"collection":[{"href":"https:\/\/pistonaddict.com\/lv\/wp-json\/wp\/v2\/product"}],"about":[{"href":"https:\/\/pistonaddict.com\/lv\/wp-json\/wp\/v2\/types\/product"}],"replies":[{"embeddable":true,"href":"https:\/\/pistonaddict.com\/lv\/wp-json\/wp\/v2\/comments?post=98271"}],"wp:featuredmedia":[{"embeddable":true,"href":"https:\/\/pistonaddict.com\/lv\/wp-json\/wp\/v2\/media\/97678"}],"wp:attachment":[{"href":"https:\/\/pistonaddict.com\/lv\/wp-json\/wp\/v2\/media?parent=98271"}],"wp:term":[{"taxonomy":"product_cat","embeddable":true,"href":"https:\/\/pistonaddict.com\/lv\/wp-json\/wp\/v2\/product_cat?post=98271"},{"taxonomy":"product_tag","embeddable":true,"href":"https:\/\/pistonaddict.com\/lv\/wp-json\/wp\/v2\/product_tag?post=98271"}],"curies":[{"name":"wp","href":"https:\/\/api.w.org\/{rel}","templated":true}]}}