{"id":97457,"date":"2024-03-15T18:51:57","date_gmt":"2024-03-15T17:51:57","guid":{"rendered":"https:\/\/pistonaddict.com\/product\/bmw-m4-konkurss\/"},"modified":"2024-03-20T14:16:48","modified_gmt":"2024-03-20T13:16:48","slug":"bmw-m4-konkurss","status":"publish","type":"product","link":"https:\/\/pistonaddict.com\/lv\/product\/bmw-m4-konkurss\/","title":{"rendered":"BMW M4 konkurss"},"content":{"rendered":"<h2>\u0100rpuse<\/h2>\n<p>S\u0101ksim ar automa\u0161\u012bnas kr\u0101su &#8211; vismaz t\u0101 d\u0113v\u0113t to par br\u016bnu b\u016btu netaisn\u012bgi. BMW to nosauca par Sepangas bronzu, un, lai to piln\u012bb\u0101 nov\u0113rt\u0113tu, auto ir j\u0101redz saul\u0113. Ta\u010du M4 p\u0101rsteidzo\u0161\u0101k\u0101 iez\u012bme ir salok\u0101mais jumts, kas izgatavots no oglek\u013ca \u0161\u0137iedras, t\u0101p\u0113c ir gan viegls, gan iztur\u012bgs. Pateicoties tam, \u0161is BMW ar vienu pogas spiedienu var p\u0101rtapt no kupejas tipa sporta automobi\u013ca par elegantu pils\u0113tas kru\u012bzeri.<\/p>\n<p>Cita iev\u0113rojama inform\u0101cija ir ksenona lukturi priek\u0161pus\u0113, 19 collu rite\u0146u diski ar Michelin Pilot Sport riep\u0101m s\u0101nos un dubultie izp\u016bt\u0113ji aizmugur\u0113. T\u0101pat k\u0101 jebkuram citam M4, ar\u012b \u0161im automobilim ir agres\u012bvi bamperi, ventil\u0101cijas atveres sp\u0101rnos un motora p\u0101rsegs ar izliekumu vid\u016b.<\/p>\n<h2>Interjers<\/h2>\n<p>Iek\u0161pus\u0113 uzman\u012bbu vispirms piesaista s\u0113dek\u013ci, kas ir polster\u0113ti ar m\u012bkstu br\u016bnu \u0101du ar baltiem \u0161uv\u0113m. Ta\u010du papildus tam, ka t\u0101s ir ne tikai sportiskas un atbalsto\u0161as, k\u0101 to var\u0113tu liecin\u0101t to izskats, t\u0101s ir ar\u012b \u013coti \u0113rtas. Kad esat aps\u0113dies, atrodaties aiz BMW rakstur\u012bg\u0101 tr\u012bs zaru st\u016bres rata un instrumentu pane\u013ca ar vienk\u0101r\u0161u m\u0113rinstrumentu izk\u0101rtojumu. Tas ietver spidometru, kas beidzas pie 330 km\/h atz\u012bmes, apgriezienu skait\u012bt\u0101ju l\u012bdz 8000 apgriezieniem min\u016bt\u0113 un degvielas l\u012bme\u0146a un motora temperat\u016bras m\u0113rinstrumentus. Un, ja negribat skat\u012bties uz leju, braucot straujos l\u012bkumos, varat izmantot Head-Up displeju, kas uz v\u0113jstikla att\u0113lo visu svar\u012bg\u0101ko inform\u0101ciju.<\/p>\n<h2>Meh\u0101nika<\/h2>\n<p>Ja neskaita satrieco\u0161o izskatu, ikvienam BMW ir j\u0101b\u016bt izcilai brauk\u0161anas ma\u0161\u012bnai. \u0160im M4 ir vair\u0101ki asi, kas pal\u012bdz attaisnot \u0161\u012bs cer\u012bbas. Pirmk\u0101rt, zem motora p\u0101rsega atrodas iespaid\u012bgs divk\u0101r\u0161ais se\u0161cilindru dzin\u0113js ar turbop\u016bt\u0113ju, kas att\u012bsta p\u0101rliecino\u0161us 450 zirgsp\u0113kus. Jauda uz aizmugur\u0113jiem rite\u0146iem non\u0101k, izmantojot 7 pak\u0101pju divsaj\u016bgu p\u0101rnesumk\u0101rbu un elektroniski vad\u0101mu diferenci\u0101li ar ierobe\u017eotu sl\u012bd\u0113\u0161anu.<\/p>\n<p>Ar visu \u0161o jaud\u012bgo un tehnolo\u0123isko apr\u012bkojumu M4 bez probl\u0113m\u0101m sp\u0113j sasniegt 100 km\/h \u0101trumu aptuveni 4 sekund\u0113s un att\u012bst\u012bt \u0101trumu l\u012bdz 250 km\/h. Un tas, iesp\u0113jams, b\u016btu daudz \u0101tr\u0101ks, ja neb\u016btu elektronisk\u0101 ierobe\u017eot\u0101ja. Visbeidzot, lai pal\u012bdz\u0113tu visu kontrol\u0113t \u0101trum\u0101, automa\u0161\u012bna ir apr\u012bkota ar stingr\u0101ku balstiek\u0101rtu un milz\u012bg\u0101m bremz\u0113m.<\/p>\n<h2>Transportl\u012bdzek\u013ca v\u0113sture<\/h2>\n<p>Nobeigum\u0101 velt\u012bsim da\u017eus v\u0101rdus par BMW M4 pa\u0161reiz\u0113jo st\u0101vokli, ko p\u0101rdev\u0113js raksturo k\u0101 nevainojamu. Un, sprie\u017eot p\u0113c fotoatt\u0113liem un sniegt\u0101 videoklipa, t\u0101 noteikti ir, bez redzamiem boj\u0101jumiem, par kuriem b\u016btu j\u0101zi\u0146o. Automa\u0161\u012bnai regul\u0101ri veica apkopi un p\u0101rbaudes pilnvarots BMW d\u012bleris, un p\u0113d\u0113jais serviss tika veikts 2022. gada j\u016bnij\u0101.<\/p>\n<p>P\u0101rdev\u0113js apgalvo, ka automa\u0161\u012bna, kas pa\u0161laik atrodas Be\u013c\u0123ij\u0101, nav izmantota tras\u0113 un nav bijusi iesaist\u012bta nek\u0101dos negad\u012bjumos, un to apstiprina ar\u012b atbilsto\u0161s <a href=\"https:\/\/pistonaddict.com\/wp-content\/uploads\/2024\/03\/CarVerticalBMWM4.pdf\">CarVertical Vehicle History Report<\/a>.<\/p>\n<p><strong>Skatiet \u0161\u012b lielisk\u0101<\/strong> <strong>BMW M4 Competition<\/strong> <strong>aukst\u0101s palai\u0161anas video<\/strong>:<\/p>\n<p><iframe title=\"Cold Start Video of the BMW M4 Competition\" width=\"1200\" height=\"675\" src=\"https:\/\/www.youtube.com\/embed\/-weepN3iz9c?feature=oembed\" frameborder=\"0\" allow=\"accelerometer; autoplay; clipboard-write; encrypted-media; gyroscope; picture-in-picture; web-share\" allowfullscreen><\/iframe><\/p>\n","protected":false},"excerpt":{"rendered":"<p>Ja mekl\u0113jat auto, ar ko apbraukt trasi rekorda \u0101trum\u0101, tad jums ir nepiecie\u0161ams sporta automobilis. No otras puses, ja v\u0113laties \u0113rti izbraukt pa bulv\u0101ri saulain\u0101 dien\u0101, vislab\u0101kais risin\u0101jums b\u016bs gluds kabriolets. Bet, ja v\u0113laties kaut ko, kas atbilst ab\u0101m \u0161\u012bm \u012bpa\u0161\u012bb\u0101m, tad jums noteikti patiks \u0161is BMW M4 Competition, kas ir m\u016bsu izsol\u0113. Tas ir nevainojam\u0101 st\u0101vokl\u012b, ar vienu iepriek\u0161\u0113jo \u012bpa\u0161nieku, un t\u0101 pulkstenis uzr\u0101da 74 000 km.<\/p>\n","protected":false},"featured_media":96747,"comment_status":"open","ping_status":"closed","template":"","meta":{"inline_featured_image":false},"product_cat":[751],"product_tag":[3145,3132,943,3131],"acf":[],"yoast_head":"<!-- This site is optimized with the Yoast SEO plugin v22.5 - https:\/\/yoast.com\/wordpress\/plugins\/seo\/ -->\n<title>BMW M4 konkurss - Piston Addict<\/title>\n<meta name=\"robots\" content=\"index, follow, max-snippet:-1, max-image-preview:large, max-video-preview:-1\" \/>\n<link rel=\"canonical\" href=\"https:\/\/pistonaddict.com\/lv\/product\/bmw-m4-konkurss\/\" \/>\n<meta property=\"og:locale\" content=\"lv_LV\" \/>\n<meta property=\"og:type\" content=\"article\" \/>\n<meta property=\"og:title\" content=\"BMW M4 konkurss - Piston Addict\" \/>\n<meta property=\"og:description\" content=\"Ja mekl\u0113jat auto, ar ko apbraukt trasi rekorda \u0101trum\u0101, tad jums ir nepiecie\u0161ams sporta automobilis. No otras puses, ja v\u0113laties \u0113rti izbraukt pa bulv\u0101ri saulain\u0101 dien\u0101, vislab\u0101kais risin\u0101jums b\u016bs gluds kabriolets. Bet, ja v\u0113laties kaut ko, kas atbilst ab\u0101m \u0161\u012bm \u012bpa\u0161\u012bb\u0101m, tad jums noteikti patiks \u0161is BMW M4 Competition, kas ir m\u016bsu izsol\u0113. Tas ir nevainojam\u0101 st\u0101vokl\u012b, ar vienu iepriek\u0161\u0113jo \u012bpa\u0161nieku, un t\u0101 pulkstenis uzr\u0101da 74 000 km.\" \/>\n<meta property=\"og:url\" content=\"https:\/\/pistonaddict.com\/lv\/product\/bmw-m4-konkurss\/\" \/>\n<meta property=\"og:site_name\" content=\"Piston Addict\" \/>\n<meta property=\"article:modified_time\" content=\"2024-03-20T13:16:48+00:00\" \/>\n<meta property=\"og:image\" content=\"https:\/\/pistonaddict.com\/wp-content\/uploads\/2024\/03\/1-1024x612.png\" \/>\n\t<meta property=\"og:image:width\" content=\"1024\" \/>\n\t<meta property=\"og:image:height\" content=\"612\" \/>\n\t<meta property=\"og:image:type\" content=\"image\/png\" \/>\n<meta name=\"twitter:card\" content=\"summary_large_image\" \/>\n<meta name=\"twitter:label1\" content=\"Est. reading time\" \/>\n\t<meta name=\"twitter:data1\" content=\"3 minutes\" \/>\n<script type=\"application\/ld+json\" class=\"yoast-schema-graph\">{\"@context\":\"https:\/\/schema.org\",\"@graph\":[{\"@type\":\"WebPage\",\"@id\":\"https:\/\/pistonaddict.com\/lv\/product\/bmw-m4-konkurss\/\",\"url\":\"https:\/\/pistonaddict.com\/lv\/product\/bmw-m4-konkurss\/\",\"name\":\"BMW M4 konkurss - Piston Addict\",\"isPartOf\":{\"@id\":\"https:\/\/pistonaddict.com\/lv\/#website\"},\"primaryImageOfPage\":{\"@id\":\"https:\/\/pistonaddict.com\/lv\/product\/bmw-m4-konkurss\/#primaryimage\"},\"image\":{\"@id\":\"https:\/\/pistonaddict.com\/lv\/product\/bmw-m4-konkurss\/#primaryimage\"},\"thumbnailUrl\":\"https:\/\/pistonaddict.com\/wp-content\/uploads\/2024\/03\/1.png\",\"datePublished\":\"2024-03-15T17:51:57+00:00\",\"dateModified\":\"2024-03-20T13:16:48+00:00\",\"breadcrumb\":{\"@id\":\"https:\/\/pistonaddict.com\/lv\/product\/bmw-m4-konkurss\/#breadcrumb\"},\"inLanguage\":\"lv-LV\",\"potentialAction\":[{\"@type\":\"ReadAction\",\"target\":[\"https:\/\/pistonaddict.com\/lv\/product\/bmw-m4-konkurss\/\"]}]},{\"@type\":\"ImageObject\",\"inLanguage\":\"lv-LV\",\"@id\":\"https:\/\/pistonaddict.com\/lv\/product\/bmw-m4-konkurss\/#primaryimage\",\"url\":\"https:\/\/pistonaddict.com\/wp-content\/uploads\/2024\/03\/1.png\",\"contentUrl\":\"https:\/\/pistonaddict.com\/wp-content\/uploads\/2024\/03\/1.png\",\"width\":2778,\"height\":1660},{\"@type\":\"BreadcrumbList\",\"@id\":\"https:\/\/pistonaddict.com\/lv\/product\/bmw-m4-konkurss\/#breadcrumb\",\"itemListElement\":[{\"@type\":\"ListItem\",\"position\":1,\"name\":\"M\u0101jas lapa\",\"item\":\"https:\/\/pistonaddict.com\/lv\/majas-lapa-2\/\"},{\"@type\":\"ListItem\",\"position\":2,\"name\":\"Auctions\",\"item\":\"https:\/\/pistonaddict.com\/auctions-listing\/\"},{\"@type\":\"ListItem\",\"position\":3,\"name\":\"BMW M4 konkurss\"}]},{\"@type\":\"WebSite\",\"@id\":\"https:\/\/pistonaddict.com\/lv\/#website\",\"url\":\"https:\/\/pistonaddict.com\/lv\/\",\"name\":\"Piston Addict\",\"description\":\"Only interesting vehicles\",\"publisher\":{\"@id\":\"https:\/\/pistonaddict.com\/lv\/#organization\"},\"potentialAction\":[{\"@type\":\"SearchAction\",\"target\":{\"@type\":\"EntryPoint\",\"urlTemplate\":\"https:\/\/pistonaddict.com\/lv\/?s={search_term_string}\"},\"query-input\":\"required name=search_term_string\"}],\"inLanguage\":\"lv-LV\"},{\"@type\":\"Organization\",\"@id\":\"https:\/\/pistonaddict.com\/lv\/#organization\",\"name\":\"Piston Addict\",\"url\":\"https:\/\/pistonaddict.com\/lv\/\",\"logo\":{\"@type\":\"ImageObject\",\"inLanguage\":\"lv-LV\",\"@id\":\"https:\/\/pistonaddict.com\/lv\/#\/schema\/logo\/image\/\",\"url\":\"https:\/\/pistonaddict.com\/wp-content\/uploads\/2022\/07\/logo-6.png\",\"contentUrl\":\"https:\/\/pistonaddict.com\/wp-content\/uploads\/2022\/07\/logo-6.png\",\"width\":970,\"height\":200,\"caption\":\"Piston Addict\"},\"image\":{\"@id\":\"https:\/\/pistonaddict.com\/lv\/#\/schema\/logo\/image\/\"}}]}<\/script>\n<!-- \/ Yoast SEO plugin. -->","yoast_head_json":{"title":"BMW M4 konkurss - Piston Addict","robots":{"index":"index","follow":"follow","max-snippet":"max-snippet:-1","max-image-preview":"max-image-preview:large","max-video-preview":"max-video-preview:-1"},"canonical":"https:\/\/pistonaddict.com\/lv\/product\/bmw-m4-konkurss\/","og_locale":"lv_LV","og_type":"article","og_title":"BMW M4 konkurss - Piston Addict","og_description":"Ja mekl\u0113jat auto, ar ko apbraukt trasi rekorda \u0101trum\u0101, tad jums ir nepiecie\u0161ams sporta automobilis. No otras puses, ja v\u0113laties \u0113rti izbraukt pa bulv\u0101ri saulain\u0101 dien\u0101, vislab\u0101kais risin\u0101jums b\u016bs gluds kabriolets. Bet, ja v\u0113laties kaut ko, kas atbilst ab\u0101m \u0161\u012bm \u012bpa\u0161\u012bb\u0101m, tad jums noteikti patiks \u0161is BMW M4 Competition, kas ir m\u016bsu izsol\u0113. Tas ir nevainojam\u0101 st\u0101vokl\u012b, ar vienu iepriek\u0161\u0113jo \u012bpa\u0161nieku, un t\u0101 pulkstenis uzr\u0101da 74 000 km.","og_url":"https:\/\/pistonaddict.com\/lv\/product\/bmw-m4-konkurss\/","og_site_name":"Piston Addict","article_modified_time":"2024-03-20T13:16:48+00:00","og_image":[{"width":1024,"height":612,"url":"https:\/\/pistonaddict.com\/wp-content\/uploads\/2024\/03\/1-1024x612.png","type":"image\/png"}],"twitter_card":"summary_large_image","twitter_misc":{"Est. reading time":"3 minutes"},"schema":{"@context":"https:\/\/schema.org","@graph":[{"@type":"WebPage","@id":"https:\/\/pistonaddict.com\/lv\/product\/bmw-m4-konkurss\/","url":"https:\/\/pistonaddict.com\/lv\/product\/bmw-m4-konkurss\/","name":"BMW M4 konkurss - Piston Addict","isPartOf":{"@id":"https:\/\/pistonaddict.com\/lv\/#website"},"primaryImageOfPage":{"@id":"https:\/\/pistonaddict.com\/lv\/product\/bmw-m4-konkurss\/#primaryimage"},"image":{"@id":"https:\/\/pistonaddict.com\/lv\/product\/bmw-m4-konkurss\/#primaryimage"},"thumbnailUrl":"https:\/\/pistonaddict.com\/wp-content\/uploads\/2024\/03\/1.png","datePublished":"2024-03-15T17:51:57+00:00","dateModified":"2024-03-20T13:16:48+00:00","breadcrumb":{"@id":"https:\/\/pistonaddict.com\/lv\/product\/bmw-m4-konkurss\/#breadcrumb"},"inLanguage":"lv-LV","potentialAction":[{"@type":"ReadAction","target":["https:\/\/pistonaddict.com\/lv\/product\/bmw-m4-konkurss\/"]}]},{"@type":"ImageObject","inLanguage":"lv-LV","@id":"https:\/\/pistonaddict.com\/lv\/product\/bmw-m4-konkurss\/#primaryimage","url":"https:\/\/pistonaddict.com\/wp-content\/uploads\/2024\/03\/1.png","contentUrl":"https:\/\/pistonaddict.com\/wp-content\/uploads\/2024\/03\/1.png","width":2778,"height":1660},{"@type":"BreadcrumbList","@id":"https:\/\/pistonaddict.com\/lv\/product\/bmw-m4-konkurss\/#breadcrumb","itemListElement":[{"@type":"ListItem","position":1,"name":"M\u0101jas lapa","item":"https:\/\/pistonaddict.com\/lv\/majas-lapa-2\/"},{"@type":"ListItem","position":2,"name":"Auctions","item":"https:\/\/pistonaddict.com\/auctions-listing\/"},{"@type":"ListItem","position":3,"name":"BMW M4 konkurss"}]},{"@type":"WebSite","@id":"https:\/\/pistonaddict.com\/lv\/#website","url":"https:\/\/pistonaddict.com\/lv\/","name":"Piston Addict","description":"Only interesting vehicles","publisher":{"@id":"https:\/\/pistonaddict.com\/lv\/#organization"},"potentialAction":[{"@type":"SearchAction","target":{"@type":"EntryPoint","urlTemplate":"https:\/\/pistonaddict.com\/lv\/?s={search_term_string}"},"query-input":"required name=search_term_string"}],"inLanguage":"lv-LV"},{"@type":"Organization","@id":"https:\/\/pistonaddict.com\/lv\/#organization","name":"Piston Addict","url":"https:\/\/pistonaddict.com\/lv\/","logo":{"@type":"ImageObject","inLanguage":"lv-LV","@id":"https:\/\/pistonaddict.com\/lv\/#\/schema\/logo\/image\/","url":"https:\/\/pistonaddict.com\/wp-content\/uploads\/2022\/07\/logo-6.png","contentUrl":"https:\/\/pistonaddict.com\/wp-content\/uploads\/2022\/07\/logo-6.png","width":970,"height":200,"caption":"Piston Addict"},"image":{"@id":"https:\/\/pistonaddict.com\/lv\/#\/schema\/logo\/image\/"}}]}},"_links":{"self":[{"href":"https:\/\/pistonaddict.com\/lv\/wp-json\/wp\/v2\/product\/97457"}],"collection":[{"href":"https:\/\/pistonaddict.com\/lv\/wp-json\/wp\/v2\/product"}],"about":[{"href":"https:\/\/pistonaddict.com\/lv\/wp-json\/wp\/v2\/types\/product"}],"replies":[{"embeddable":true,"href":"https:\/\/pistonaddict.com\/lv\/wp-json\/wp\/v2\/comments?post=97457"}],"wp:featuredmedia":[{"embeddable":true,"href":"https:\/\/pistonaddict.com\/lv\/wp-json\/wp\/v2\/media\/96747"}],"wp:attachment":[{"href":"https:\/\/pistonaddict.com\/lv\/wp-json\/wp\/v2\/media?parent=97457"}],"wp:term":[{"taxonomy":"product_cat","embeddable":true,"href":"https:\/\/pistonaddict.com\/lv\/wp-json\/wp\/v2\/product_cat?post=97457"},{"taxonomy":"product_tag","embeddable":true,"href":"https:\/\/pistonaddict.com\/lv\/wp-json\/wp\/v2\/product_tag?post=97457"}],"curies":[{"name":"wp","href":"https:\/\/api.w.org\/{rel}","templated":true}]}}