{"id":96722,"date":"2024-03-15T17:17:18","date_gmt":"2024-03-15T16:17:18","guid":{"rendered":"https:\/\/pistonaddict.com\/product\/amg-sls-roadster\/"},"modified":"2024-03-19T16:40:33","modified_gmt":"2024-03-19T15:40:33","slug":"amg-sls-roadster","status":"publish","type":"product","link":"https:\/\/pistonaddict.com\/lv\/product\/amg-sls-roadster\/","title":{"rendered":"AMG SLS Roadster"},"content":{"rendered":"<p><strong>Auto v\u0113sture<\/strong><\/p>\n<p>Kad 2010. gad\u0101 Mercedes prezent\u0113ja ikonisko SLS AMG, automobi\u013cu pasaule bija p\u0101rsteigta. Klasisks sav\u0101 pieej\u0101, bet absol\u016bti moderns sav\u0101 izpild\u012bjum\u0101, \u0161is bija t\u012brasi\u0146u sporta automobilis, kas nep\u0101rprotami sm\u0113l\u0101s iedvesmu no z\u012bmola slavas pag\u0101tnes un le\u0123end\u0101r\u0101 300 SL Gullwing. Lai gan, izstr\u0101d\u0101jot Mercedes modeli, tika \u0146emta v\u0113r\u0101 pag\u0101tne, uz\u0146\u0113muma m\u0113r\u0137is bija n\u0101kotne ar modernu \u0161asijas konstrukciju, interjera funkcij\u0101m, komfortu un piedzi\u0146u. Zem \u0161\u012b gar\u0101 motora p\u0101rsega atrad\u0101s 6,2 litru V8 (kods M156) ar 571 zirgsp\u0113ka jaudu, kas tika p\u0101rraid\u012bta uz aizmugur\u0113jiem rite\u0146iem, izmantojot kompetentu 7 pak\u0101pju divsaj\u016bgu p\u0101rnesumk\u0101rbu. Rezult\u0101t\u0101 tika rad\u012bts automobilis, kas izskat\u0101s p\u0101rsteidzo\u0161i un joproj\u0101m ir \u013coti \u0101trs. Laiks no 0 l\u012bdz 100 km\/h ir tikai 3,8 sekundes un maksim\u0101lais \u0101trums p\u0101rsniedz 310 km\/h, un ir skaidrs, k\u0101p\u0113c Mercedes SLS AMG ir viens no \u0101tr\u0101kajiem sava laikmeta automobi\u013ciem.<\/p>\n<p>Interesanti, ka \u0161\u012bs neticam\u0101s ma\u0161\u012bnas ra\u017eo\u0161ana bija sal\u012bdzino\u0161i \u012bsa, un 2014. gad\u0101 mode\u013ca ra\u017eo\u0161ana tika p\u0101rtraukta. Da\u017ei apgalvo, ka Mercedes to dar\u012bjis apzin\u0101ti, lai nodro\u0161in\u0101tu sava lab\u0101k\u0101 modern\u0101 sporta automobi\u013ca ekskluzivit\u0101ti un retumu. \u0160\u012bs baumas var\u0113tu b\u016bt patiesas, jo uz\u0146\u0113mums nekad nav ofici\u0101li atkl\u0101jis prec\u012bzus ra\u017eo\u0161anas r\u0101d\u012bt\u0101jus. P\u0113c aptuven\u0101m apl\u0113s\u0113m tika pieg\u0101d\u0101ti aptuveni 8000 kupeju un aptuveni 4000 rodsteru. \u0160is automobilis ir viens no \u0161iem 4000 eksempl\u0101riem, kas to padara v\u0113l ekskluz\u012bv\u0101ku un m\u012btisk\u0101ku.<\/p>\n<p><strong>Interjers<\/strong><\/p>\n<p>\u0160\u012b SLS AMG Roadster melnas \u0101das apdares ar \u0101das instrumentu paneli salons ir perfekt\u0101 st\u0101vokl\u012b bez jebk\u0101d\u0101m lieto\u0161anas paz\u012bm\u0113m. S\u0113dek\u013ci un durvju kartes nav mar\u0137\u0113tas; visas funkcijas darbojas kop\u0101 ar navig\u0101cijas sist\u0113mu, augst\u0101k\u0101s klases audioiek\u0101rtu un apsild\u0101miem un elektriski regul\u0113jamiem sporta s\u0113dek\u013ciem. Kabrioleta jumts ir k\u0101 jauns, un tas lieliski atveras un aizveras.<\/p>\n<p><strong>St\u0101voklis<\/strong><\/p>\n<p>M\u0113s vienm\u0113r ar prieku pied\u0101v\u0101jam transportl\u012bdzek\u013cus, kas ir k\u0101 jauni, un \u0161is 2012. gada Mercedes SLS AMG Roadster ir viens no tiem. No jauna \u0161is automobilis nobraucis tikai 19 000 km, un t\u0101 pirmais un vien\u012bgais \u012bpa\u0161nieks to izmantoja \u013coti reti, gad\u0101 nobraucot vid\u0113ji maz\u0101k nek\u0101 2000 km. Tas noz\u012bm\u0113, ka tas ir lab\u0101kaj\u0101 meh\u0101nisk\u0101 un est\u0113tisk\u0101 st\u0101vokl\u012b un ir piln\u012bb\u0101 ori\u0123in\u0101ls no r\u016bpn\u012bcas. P\u0113d\u0113jo reizi kapit\u0101lais remonts tika veikts 2018. gad\u0101, un pavisam nesen, 2024. gada mart\u0101, tika veikta brem\u017eu kapit\u0101lais remonts. Par automa\u0161\u012bnu r\u016bp\u012bgi r\u016bp\u0113j\u0101s Mercedes d\u012bleris.<\/p>\n<p><strong>\u0100rpuse un rite\u0146i<\/strong><\/p>\n<p>T\u0101 k\u0101 automa\u0161\u012bna nobraukusi tik maz kilometru un ir r\u016bp\u012bgi kopta, nav p\u0101rsteigums, ka virsb\u016bve ir k\u0101 jauna, bez skr\u0101p\u0113jumiem un iespiedumiem. Klasisk\u0101 Mercedes sudraba kr\u0101s\u0101 (kas atg\u0101dina Silver Arrow sac\u012bk\u0161u automobi\u013cus), un tas izskat\u0101s satrieco\u0161i ar kontrast\u0113jo\u0161u melnu salonu. Ir ori\u0123in\u0101lie 19 collu rite\u0146u diski, kas apvilkti ar Continental ContiSport Contact veiktsp\u0113jas gumij\u0101m (DOT 2017), kuras izmantotas aptuveni 50 %.<\/p>\n<p><strong>Dokument\u0101cija<\/strong><\/p>\n<p>D\u012bleris p\u0101rdod \u0161o transportl\u012bdzekli s\u0101kotn\u0113j\u0101 \u012bpa\u0161nieka v\u0101rd\u0101 ar atbilsto\u0161u dokument\u0101ciju, kas atrodas Be\u013c\u0123ij\u0101. <a href=\"https:\/\/pistonaddict.com\/wp-content\/uploads\/2024\/03\/CarVerticalAMG.pdf\">CarVertical zi\u0146ojums<\/a> ir t\u012brs, bez pier\u0101d\u012bjumiem par negad\u012bjumiem, negad\u012bjumu remontiem, \u012bpa\u0161umties\u012bb\u0101m vai juridisk\u0101m probl\u0113m\u0101m. Ir regul\u0101ras tehnisk\u0101s apkopes dokumenti un kv\u012btis.<\/p>\n<p><strong>Skatiet \u0161\u012b p\u0101rsteidzo\u0161\u0101 AMG SLS Roadster aukst\u0101s iedarbin\u0101\u0161anas video:<\/strong><\/p>\n<p><iframe title=\"Cold Start Video of the AMG SLS Roadster\" width=\"1200\" height=\"675\" src=\"https:\/\/www.youtube.com\/embed\/vjLjXYVelXI?feature=oembed\" frameborder=\"0\" allow=\"accelerometer; autoplay; clipboard-write; encrypted-media; gyroscope; picture-in-picture; web-share\" allowfullscreen><\/iframe><\/p>\n","protected":false},"excerpt":{"rendered":"<p>Apl\u016bkojot \u0160tutgartes modernos klasiskos automobi\u013cus, Mercedes SLS AMG nekas nel\u012bdzin\u0101s. SLS ar savu retro-fut\u016bristisko dizainu, jaud\u012bgo 6,2 litru V8 priek\u0161pus\u0113 un izcilo veiktsp\u0113ju ir vispiepras\u012bt\u0101kais Mercedes sporta automobilis kop\u0161 50. gadu ori\u0123in\u0101la, kas aizs\u0101ka \u0161o l\u012bniju. Izsmalcin\u0101ts visos aspektos, SLS ir auto, kas reti tiek p\u0101rdots, t\u0101p\u0113c \u0161is mazo nobraukumu, viena \u012bpa\u0161nieka un praktiski jauns eksempl\u0101rs ir v\u0113l ret\u0101ks un v\u0113l unik\u0101l\u0101ks.<\/p>\n","protected":false},"featured_media":95998,"comment_status":"open","ping_status":"closed","template":"","meta":{"inline_featured_image":false},"product_cat":[751],"product_tag":[3073,2783,3071,943],"acf":[],"yoast_head":"<!-- This site is optimized with the Yoast SEO plugin v22.5 - https:\/\/yoast.com\/wordpress\/plugins\/seo\/ -->\n<title>AMG SLS Roadster - Piston Addict<\/title>\n<meta name=\"robots\" content=\"index, follow, max-snippet:-1, max-image-preview:large, max-video-preview:-1\" \/>\n<link rel=\"canonical\" href=\"https:\/\/pistonaddict.com\/lv\/product\/amg-sls-roadster\/\" \/>\n<meta property=\"og:locale\" content=\"lv_LV\" \/>\n<meta property=\"og:type\" content=\"article\" \/>\n<meta property=\"og:title\" content=\"AMG SLS Roadster - Piston Addict\" \/>\n<meta property=\"og:description\" content=\"Apl\u016bkojot \u0160tutgartes modernos klasiskos automobi\u013cus, Mercedes SLS AMG nekas nel\u012bdzin\u0101s. SLS ar savu retro-fut\u016bristisko dizainu, jaud\u012bgo 6,2 litru V8 priek\u0161pus\u0113 un izcilo veiktsp\u0113ju ir vispiepras\u012bt\u0101kais Mercedes sporta automobilis kop\u0161 50. gadu ori\u0123in\u0101la, kas aizs\u0101ka \u0161o l\u012bniju. Izsmalcin\u0101ts visos aspektos, SLS ir auto, kas reti tiek p\u0101rdots, t\u0101p\u0113c \u0161is mazo nobraukumu, viena \u012bpa\u0161nieka un praktiski jauns eksempl\u0101rs ir v\u0113l ret\u0101ks un v\u0113l unik\u0101l\u0101ks.\" \/>\n<meta property=\"og:url\" content=\"https:\/\/pistonaddict.com\/lv\/product\/amg-sls-roadster\/\" \/>\n<meta property=\"og:site_name\" content=\"Piston Addict\" \/>\n<meta property=\"article:modified_time\" content=\"2024-03-19T15:40:33+00:00\" \/>\n<meta property=\"og:image\" content=\"https:\/\/pistonaddict.com\/wp-content\/uploads\/2024\/03\/1-scaled.jpg\" \/>\n\t<meta property=\"og:image:width\" content=\"2560\" \/>\n\t<meta property=\"og:image:height\" content=\"1527\" \/>\n\t<meta property=\"og:image:type\" content=\"image\/jpeg\" \/>\n<meta name=\"twitter:card\" content=\"summary_large_image\" \/>\n<meta name=\"twitter:label1\" content=\"Est. reading time\" \/>\n\t<meta name=\"twitter:data1\" content=\"3 minutes\" \/>\n<script type=\"application\/ld+json\" class=\"yoast-schema-graph\">{\"@context\":\"https:\/\/schema.org\",\"@graph\":[{\"@type\":\"WebPage\",\"@id\":\"https:\/\/pistonaddict.com\/lv\/product\/amg-sls-roadster\/\",\"url\":\"https:\/\/pistonaddict.com\/lv\/product\/amg-sls-roadster\/\",\"name\":\"AMG SLS Roadster - Piston Addict\",\"isPartOf\":{\"@id\":\"https:\/\/pistonaddict.com\/lv\/#website\"},\"primaryImageOfPage\":{\"@id\":\"https:\/\/pistonaddict.com\/lv\/product\/amg-sls-roadster\/#primaryimage\"},\"image\":{\"@id\":\"https:\/\/pistonaddict.com\/lv\/product\/amg-sls-roadster\/#primaryimage\"},\"thumbnailUrl\":\"https:\/\/pistonaddict.com\/wp-content\/uploads\/2024\/03\/1-scaled.jpg\",\"datePublished\":\"2024-03-15T16:17:18+00:00\",\"dateModified\":\"2024-03-19T15:40:33+00:00\",\"breadcrumb\":{\"@id\":\"https:\/\/pistonaddict.com\/lv\/product\/amg-sls-roadster\/#breadcrumb\"},\"inLanguage\":\"lv-LV\",\"potentialAction\":[{\"@type\":\"ReadAction\",\"target\":[\"https:\/\/pistonaddict.com\/lv\/product\/amg-sls-roadster\/\"]}]},{\"@type\":\"ImageObject\",\"inLanguage\":\"lv-LV\",\"@id\":\"https:\/\/pistonaddict.com\/lv\/product\/amg-sls-roadster\/#primaryimage\",\"url\":\"https:\/\/pistonaddict.com\/wp-content\/uploads\/2024\/03\/1-scaled.jpg\",\"contentUrl\":\"https:\/\/pistonaddict.com\/wp-content\/uploads\/2024\/03\/1-scaled.jpg\",\"width\":2560,\"height\":1527},{\"@type\":\"BreadcrumbList\",\"@id\":\"https:\/\/pistonaddict.com\/lv\/product\/amg-sls-roadster\/#breadcrumb\",\"itemListElement\":[{\"@type\":\"ListItem\",\"position\":1,\"name\":\"M\u0101jas lapa\",\"item\":\"https:\/\/pistonaddict.com\/lv\/majas-lapa-2\/\"},{\"@type\":\"ListItem\",\"position\":2,\"name\":\"Auctions\",\"item\":\"https:\/\/pistonaddict.com\/auctions-listing\/\"},{\"@type\":\"ListItem\",\"position\":3,\"name\":\"AMG SLS Roadster\"}]},{\"@type\":\"WebSite\",\"@id\":\"https:\/\/pistonaddict.com\/lv\/#website\",\"url\":\"https:\/\/pistonaddict.com\/lv\/\",\"name\":\"Piston Addict\",\"description\":\"Only interesting vehicles\",\"publisher\":{\"@id\":\"https:\/\/pistonaddict.com\/lv\/#organization\"},\"potentialAction\":[{\"@type\":\"SearchAction\",\"target\":{\"@type\":\"EntryPoint\",\"urlTemplate\":\"https:\/\/pistonaddict.com\/lv\/?s={search_term_string}\"},\"query-input\":\"required name=search_term_string\"}],\"inLanguage\":\"lv-LV\"},{\"@type\":\"Organization\",\"@id\":\"https:\/\/pistonaddict.com\/lv\/#organization\",\"name\":\"Piston Addict\",\"url\":\"https:\/\/pistonaddict.com\/lv\/\",\"logo\":{\"@type\":\"ImageObject\",\"inLanguage\":\"lv-LV\",\"@id\":\"https:\/\/pistonaddict.com\/lv\/#\/schema\/logo\/image\/\",\"url\":\"https:\/\/pistonaddict.com\/wp-content\/uploads\/2022\/07\/logo-6.png\",\"contentUrl\":\"https:\/\/pistonaddict.com\/wp-content\/uploads\/2022\/07\/logo-6.png\",\"width\":970,\"height\":200,\"caption\":\"Piston Addict\"},\"image\":{\"@id\":\"https:\/\/pistonaddict.com\/lv\/#\/schema\/logo\/image\/\"}}]}<\/script>\n<!-- \/ Yoast SEO plugin. -->","yoast_head_json":{"title":"AMG SLS Roadster - Piston Addict","robots":{"index":"index","follow":"follow","max-snippet":"max-snippet:-1","max-image-preview":"max-image-preview:large","max-video-preview":"max-video-preview:-1"},"canonical":"https:\/\/pistonaddict.com\/lv\/product\/amg-sls-roadster\/","og_locale":"lv_LV","og_type":"article","og_title":"AMG SLS Roadster - Piston Addict","og_description":"Apl\u016bkojot \u0160tutgartes modernos klasiskos automobi\u013cus, Mercedes SLS AMG nekas nel\u012bdzin\u0101s. SLS ar savu retro-fut\u016bristisko dizainu, jaud\u012bgo 6,2 litru V8 priek\u0161pus\u0113 un izcilo veiktsp\u0113ju ir vispiepras\u012bt\u0101kais Mercedes sporta automobilis kop\u0161 50. gadu ori\u0123in\u0101la, kas aizs\u0101ka \u0161o l\u012bniju. Izsmalcin\u0101ts visos aspektos, SLS ir auto, kas reti tiek p\u0101rdots, t\u0101p\u0113c \u0161is mazo nobraukumu, viena \u012bpa\u0161nieka un praktiski jauns eksempl\u0101rs ir v\u0113l ret\u0101ks un v\u0113l unik\u0101l\u0101ks.","og_url":"https:\/\/pistonaddict.com\/lv\/product\/amg-sls-roadster\/","og_site_name":"Piston Addict","article_modified_time":"2024-03-19T15:40:33+00:00","og_image":[{"width":2560,"height":1527,"url":"https:\/\/pistonaddict.com\/wp-content\/uploads\/2024\/03\/1-scaled.jpg","type":"image\/jpeg"}],"twitter_card":"summary_large_image","twitter_misc":{"Est. reading time":"3 minutes"},"schema":{"@context":"https:\/\/schema.org","@graph":[{"@type":"WebPage","@id":"https:\/\/pistonaddict.com\/lv\/product\/amg-sls-roadster\/","url":"https:\/\/pistonaddict.com\/lv\/product\/amg-sls-roadster\/","name":"AMG SLS Roadster - Piston Addict","isPartOf":{"@id":"https:\/\/pistonaddict.com\/lv\/#website"},"primaryImageOfPage":{"@id":"https:\/\/pistonaddict.com\/lv\/product\/amg-sls-roadster\/#primaryimage"},"image":{"@id":"https:\/\/pistonaddict.com\/lv\/product\/amg-sls-roadster\/#primaryimage"},"thumbnailUrl":"https:\/\/pistonaddict.com\/wp-content\/uploads\/2024\/03\/1-scaled.jpg","datePublished":"2024-03-15T16:17:18+00:00","dateModified":"2024-03-19T15:40:33+00:00","breadcrumb":{"@id":"https:\/\/pistonaddict.com\/lv\/product\/amg-sls-roadster\/#breadcrumb"},"inLanguage":"lv-LV","potentialAction":[{"@type":"ReadAction","target":["https:\/\/pistonaddict.com\/lv\/product\/amg-sls-roadster\/"]}]},{"@type":"ImageObject","inLanguage":"lv-LV","@id":"https:\/\/pistonaddict.com\/lv\/product\/amg-sls-roadster\/#primaryimage","url":"https:\/\/pistonaddict.com\/wp-content\/uploads\/2024\/03\/1-scaled.jpg","contentUrl":"https:\/\/pistonaddict.com\/wp-content\/uploads\/2024\/03\/1-scaled.jpg","width":2560,"height":1527},{"@type":"BreadcrumbList","@id":"https:\/\/pistonaddict.com\/lv\/product\/amg-sls-roadster\/#breadcrumb","itemListElement":[{"@type":"ListItem","position":1,"name":"M\u0101jas lapa","item":"https:\/\/pistonaddict.com\/lv\/majas-lapa-2\/"},{"@type":"ListItem","position":2,"name":"Auctions","item":"https:\/\/pistonaddict.com\/auctions-listing\/"},{"@type":"ListItem","position":3,"name":"AMG SLS Roadster"}]},{"@type":"WebSite","@id":"https:\/\/pistonaddict.com\/lv\/#website","url":"https:\/\/pistonaddict.com\/lv\/","name":"Piston Addict","description":"Only interesting vehicles","publisher":{"@id":"https:\/\/pistonaddict.com\/lv\/#organization"},"potentialAction":[{"@type":"SearchAction","target":{"@type":"EntryPoint","urlTemplate":"https:\/\/pistonaddict.com\/lv\/?s={search_term_string}"},"query-input":"required name=search_term_string"}],"inLanguage":"lv-LV"},{"@type":"Organization","@id":"https:\/\/pistonaddict.com\/lv\/#organization","name":"Piston Addict","url":"https:\/\/pistonaddict.com\/lv\/","logo":{"@type":"ImageObject","inLanguage":"lv-LV","@id":"https:\/\/pistonaddict.com\/lv\/#\/schema\/logo\/image\/","url":"https:\/\/pistonaddict.com\/wp-content\/uploads\/2022\/07\/logo-6.png","contentUrl":"https:\/\/pistonaddict.com\/wp-content\/uploads\/2022\/07\/logo-6.png","width":970,"height":200,"caption":"Piston Addict"},"image":{"@id":"https:\/\/pistonaddict.com\/lv\/#\/schema\/logo\/image\/"}}]}},"_links":{"self":[{"href":"https:\/\/pistonaddict.com\/lv\/wp-json\/wp\/v2\/product\/96722"}],"collection":[{"href":"https:\/\/pistonaddict.com\/lv\/wp-json\/wp\/v2\/product"}],"about":[{"href":"https:\/\/pistonaddict.com\/lv\/wp-json\/wp\/v2\/types\/product"}],"replies":[{"embeddable":true,"href":"https:\/\/pistonaddict.com\/lv\/wp-json\/wp\/v2\/comments?post=96722"}],"wp:featuredmedia":[{"embeddable":true,"href":"https:\/\/pistonaddict.com\/lv\/wp-json\/wp\/v2\/media\/95998"}],"wp:attachment":[{"href":"https:\/\/pistonaddict.com\/lv\/wp-json\/wp\/v2\/media?parent=96722"}],"wp:term":[{"taxonomy":"product_cat","embeddable":true,"href":"https:\/\/pistonaddict.com\/lv\/wp-json\/wp\/v2\/product_cat?post=96722"},{"taxonomy":"product_tag","embeddable":true,"href":"https:\/\/pistonaddict.com\/lv\/wp-json\/wp\/v2\/product_tag?post=96722"}],"curies":[{"name":"wp","href":"https:\/\/api.w.org\/{rel}","templated":true}]}}