{"id":94128,"date":"2024-02-28T13:52:28","date_gmt":"2024-02-28T12:52:28","guid":{"rendered":"https:\/\/pistonaddict.com\/product\/fisker-karma\/"},"modified":"2024-03-19T16:38:56","modified_gmt":"2024-03-19T15:38:56","slug":"fisker-karma","status":"publish","type":"product","link":"https:\/\/pistonaddict.com\/lv\/product\/fisker-karma\/","title":{"rendered":"Fisker Karma"},"content":{"rendered":"<h2>\u0100rpuse<\/h2>\n<p>No \u0101rpuses, s\u0101kot no priek\u0161puses, Karma ir ar zemu novietotu priek\u0161pusi, plat\u0101m rest\u0113m un pagarin\u0101tiem ksenona lukturiem, kas pie\u0161\u0137ir automobilim agres\u012bvu st\u0101ju. \u0160\u012b t\u0113ma turpin\u0101s ar\u012b s\u0101nos, kur musku\u013cotaj\u0101 siluet\u0101 domin\u0113 mas\u012bvie sp\u0101rni, kas apv\u012bti ap 22 collu diskiem. It\u0101\u013cu superauto plataj\u0101 aizmugur\u0113 t\u0101das deta\u013cas k\u0101 eleganti aizmugur\u0113jie lukturi un ska\u013cru\u0146i viet\u0101, kur var\u0113tu gaid\u012bt izpl\u016bdes caurules uzga\u013cus ar hrom\u0113tiem v\u0101ci\u0146iem, pie\u0161\u0137ir Karma unik\u0101lu izskatu uz ce\u013ca.<\/p>\n<p>Automobilis ir kr\u0101sots Deep Ocean blue kr\u0101s\u0101, kas izskat\u0101s iespaid\u012bgi skaidr\u0101s dien\u0101s, kad saules stari izce\u013c t\u0101s plankumain\u012bbu. Run\u0101jot par sauli &#8211; Karma jumt\u0101 ir integr\u0113ti saules bateriju pane\u013ci, kas noz\u012bm\u0113, ka t\u0101 var uzl\u0101d\u0113ties, vienk\u0101r\u0161i novietojot to \u0101r\u0101.<\/p>\n<h2>Interjers<\/h2>\n<p>Iek\u0101pjot automa\u0161\u012bnas salon\u0101, j\u016bs var\u0113siet s\u0113sties pie \u010detru spie\u0137u \u0101das st\u016bres, kas ieskauj gl\u012btu un fut\u016bristisku instrumentu paneli. Kreisaj\u0101 pus\u0113 ir spidometrs, kas darbojas l\u012bdz 220 km\/h. Ta\u010du labaj\u0101 pus\u0113 rot\u0101cijas skait\u012bt\u0101ja viet\u0101 ir r\u0101d\u012bta akumulatora ietilp\u012bba un tas, vai tas tiek uzl\u0101d\u0113ts vai elektr\u012bba tiek izmantota pa\u0101trin\u0101jumam. Kontrolpanelis ir apr\u012bkots ar sk\u0101rienekr\u0101nu, kas kalpo k\u0101 komandu centrs stereo, navig\u0101cijas un klimata kontroles sist\u0113mai.<\/p>\n<p>Viss salons ir iet\u0113rpts koka, \u0101das un m\u012bkstas Alkantaras kombin\u0101cij\u0101, kas pie\u0161\u0137ir tam izsmalcin\u0101tu izskatu un saj\u016btu. Viena lieta, kas piesaista uzman\u012bbu, ir mas\u012bvais centr\u0101lais tunelis, kas ir nepiecie\u0161ams, jo taj\u0101 atrodas akumulatori.<\/p>\n<h2>Meh\u0101nika<\/h2>\n<p>Lai cik satrieco\u0161i tas izskat\u012btos no \u0101rpuses un iek\u0161puses, Fisker meh\u0101niskais pamats ir visiespaid\u012bg\u0101kais. Ja uzkars\u0113siet motora p\u0101rsegu, zem t\u0101 atrad\u012bsiet dzin\u0113ju, t\u0101pat k\u0101 jebkur\u0101 cit\u0101 automa\u0161\u012bn\u0101. Tom\u0113r \u0161is turbokompresora 4-cilindru agreg\u0101ts netiek izmantots rite\u0146u piedzi\u0146ai. T\u0101 viet\u0101 tas darbojas k\u0101 \u0123enerators, kas uzl\u0101d\u0113 akumulatorus, kad tos nepiecie\u0161ams papildin\u0101t.<\/p>\n<p>Automa\u0161\u012bnu darbina divi elektromotori, kas darbojas pa p\u0101riem, lai, izmantojot diferenci\u0101li ar ierobe\u017eotu sl\u012bd\u0113\u0161anu, pieg\u0101d\u0101tu jaudu aizmugur\u0113jiem rite\u0146iem. \u0160\u012b kombin\u0101cija var nodro\u0161in\u0101t l\u012bdz pat 409 zirgsp\u0113kiem un 1300 N-m griezes momentu, t\u0101d\u0113j\u0101di nodro\u0161inot Karma veiktsp\u0113ju, kas atbilst t\u0101s izskata pras\u012bb\u0101m.<\/p>\n<p>T\u0101 k\u0101 Fisker nev\u0113l\u0113j\u0101s, lai automa\u0161\u012bna b\u016btu p\u0101r\u0101k smaga, jo tas var\u0113tu pasliktin\u0101t vad\u0101m\u012bbu, akumulatori un no tiem izrieto\u0161ais diapazons piln\u012bb\u0101 elektrisk\u0101 re\u017e\u012bm\u0101 nav p\u0101r\u0101k liels. Piln\u012bb\u0101 uzl\u0101d\u0113ts Karma var nobraukt aptuveni 80 kilometrus, izmantojot tikai elektr\u012bbu. Ta\u010du, god\u012bgi sakot, tas, iesp\u0113jams, ir vair\u0101k nek\u0101 pietiekami liel\u0101kajai da\u013cai ikdienas braucienu uz darbu, turkl\u0101t vienm\u0113r ir pieejams ar\u012b benz\u012bna dzin\u0113js k\u0101 rezerves \u0123enerators.<\/p>\n<h2>Transportl\u012bdzek\u013ca v\u0113sture<\/h2>\n<p>Nobeigum\u0101 da\u017ei v\u0101rdi par Fisker st\u0101vokli, ko p\u0101rdev\u0113js raksturo k\u0101 izcilu. Un, god\u012bgi sakot, fotogr\u0101fijas un \u012bsais video st\u0101sta vienu un to pa\u0161u. Automa\u0161\u012bnai p\u0113d\u0113jo reizi apkope veikta 2023. gada novembr\u012b, un tai nav nek\u0101du tr\u016bkumu vai k\u013c\u016bdu, iz\u0146emot br\u012bdin\u0101jumu par riepu spiedienu uz instrumentu pane\u013ca. Ac\u012bmredzot tas ir t\u0101p\u0113c, ka transportl\u012bdzeklis pa\u0161laik ir apr\u012bkots ar 21 collas p\u0113cp\u0101rdo\u0161anas Schmid rite\u0146u diskiem, bet TPMS sist\u0113ma ir ieprogramm\u0113ta darbam ar ori\u0123in\u0101liek\u0101rtas vasaras 22 collu apr\u012bkojumu. \u012apa\u0161nieks saka, ka automa\u0161\u012bnu var p\u0101rkalibr\u0113t, lai t\u0101 atpaz\u012btu alternat\u012bvus riepu izm\u0113rus, ta\u010du vi\u0146\u0161 ar to nav nodarbojies, jo ziem\u0101 ar to brauc reti. Turkl\u0101t 2022. gad\u0101 visi dro\u0161\u012bbas spilveni tika nomain\u012bti liela Takata dro\u0161\u012bbas spilvenu atsauk\u0161anas pas\u0101kuma ietvaros.<\/p>\n<p>T\u0101 k\u0101 \u0161is ir elektriskais hibr\u012bdautomobilis, var rasties ba\u017eas par akumulatoru st\u0101vokli, jo to nomai\u0146a ir \u013coti d\u0101rga. Ta\u010du, p\u0113c p\u0101rdev\u0113ja teikt\u0101, nav par ko uztraukties, jo 2023. gada august\u0101 akumulatoru ir p\u0101rbaud\u012bjis sertific\u0113ts Fisker Karma tehni\u0137is, kur\u0161 apstiprin\u0101ja, ka akumulators joproj\u0101m ir pilnv\u0113rt\u012bgs. Automa\u0161\u012bnai ir ori\u0123in\u0101lais mobilais l\u0101d\u0113t\u0101js, kas savienojams ar 220 V kontaktligzdu, un rokas OBD2 kodu nolas\u012bt\u0101js. Austrijas tehnisk\u0101 apskate ir sekm\u012bgi nok\u0101rtota un der\u012bga l\u012bdz 2024. gada augustam.<\/p>\n<p>Viena piez\u012bme par turpm\u0101ko tehnisko apkopi &#8211; lai gan vien\u012bgais pilnvarotais izplat\u012bt\u0101js Eirop\u0101 atrodas N\u012bderland\u0113, ir iesp\u0113ja likt vi\u0146u kvalific\u0113tam speci\u0101listam aizlidot uz j\u016bsu atra\u0161an\u0101s vietu, kur vi\u0146\u0161 par\u016bp\u0113sies par visu nepiecie\u0161amo (ja remontu var veikt uz vietas).<\/p>\n<p>Visbeidzot, p\u0101rdev\u0113js, kur\u0161 to ieg\u0101d\u0101j\u0101s 2019. gad\u0101, apgalvo, ka automa\u0161\u012bna nekad nav cietusi negad\u012bjum\u0101, k\u0101 ar\u012b nav izmantota sac\u012bk\u0161u tras\u0113, ko var papildus apstiprin\u0101t ar atbilsto\u0161u <a href=\"https:\/\/pistonaddict.com\/wp-content\/uploads\/2024\/02\/FiskerKarma.pdf\">Transportl\u012bdzek\u013cu v\u0113stures p\u0101rskatu<\/a>. T\u0101pat v\u0113rts piemin\u0113t, ka p\u0101rdev\u0113js izsniegs <a href=\"https:\/\/pistonaddict.com\/wp-content\/uploads\/2024\/02\/CoC1-rotated.jpg\">atbilst\u012bbas sertifik\u0101tu<\/a>, ja pirc\u0113js v\u0113l\u0113sies p\u0101rvietot transportl\u012bdzekli \u0101rpus Austrijas, kur \u0161is Fisker ir re\u0123istr\u0113ts kop\u0161 pirm\u0101s dienas.<\/p>\n<p><strong><br \/>\nSkatiet \u0161\u012b lielisk\u0101 Fisker Karma aukst\u0101s palai\u0161anas video:<\/strong><\/p>\n<p><iframe title=\"Cold Start Video of the Fisker Karma\" width=\"1200\" height=\"675\" src=\"https:\/\/www.youtube.com\/embed\/Ct2_uFf2FEw?feature=oembed\" frameborder=\"0\" allow=\"accelerometer; autoplay; clipboard-write; encrypted-media; gyroscope; picture-in-picture; web-share\" allowfullscreen><\/iframe><\/p>\n","protected":false},"excerpt":{"rendered":"<p>Ja mekl\u0113jat sporta automobili, kas var p\u0101rvad\u0101t \u010detras personas un vi\u0146u bag\u0101\u017eu, ir no k\u0101 izv\u0113l\u0113ties. Bet, ja v\u0113laties kaut ko, kas j\u016bs at\u0161\u0137irs no citiem mode\u013ciem, tad jums var\u0113tu patikt Fisker Karma. Tas pied\u0101v\u0101 visus elektromobi\u013cu plusus, neradot ar tiem saist\u012bt\u0101s ba\u017eas par nobrauk\u0161anas distanci un papildu svaru. Turkl\u0101t visi \u0161ie tehniskie br\u012bnumi ir iet\u0113rpti iespaid\u012bga izskata korpus\u0101. Un \u0161eit p\u0101rdo\u0161an\u0101 ir 2012. gada modelis, ko p\u0101rdod \u012bpa\u0161nieks un kas l\u012bdz \u0161im ir nobraucis 67 000 kilometru. Apl\u016bkosim, ko t\u0101 pied\u0101v\u0101.<\/p>\n","protected":false},"featured_media":93024,"comment_status":"open","ping_status":"closed","template":"","meta":{"inline_featured_image":false},"product_cat":[751],"product_tag":[2783,3045,943,1835,1834,3017],"acf":[],"yoast_head":"<!-- This site is optimized with the Yoast SEO plugin v22.5 - https:\/\/yoast.com\/wordpress\/plugins\/seo\/ -->\n<title>Fisker Karma - Piston Addict<\/title>\n<meta name=\"robots\" content=\"index, follow, max-snippet:-1, max-image-preview:large, max-video-preview:-1\" \/>\n<link rel=\"canonical\" href=\"https:\/\/pistonaddict.com\/lv\/product\/fisker-karma\/\" \/>\n<meta property=\"og:locale\" content=\"lv_LV\" \/>\n<meta property=\"og:type\" content=\"article\" \/>\n<meta property=\"og:title\" content=\"Fisker Karma - Piston Addict\" \/>\n<meta property=\"og:description\" content=\"Ja mekl\u0113jat sporta automobili, kas var p\u0101rvad\u0101t \u010detras personas un vi\u0146u bag\u0101\u017eu, ir no k\u0101 izv\u0113l\u0113ties. Bet, ja v\u0113laties kaut ko, kas j\u016bs at\u0161\u0137irs no citiem mode\u013ciem, tad jums var\u0113tu patikt Fisker Karma. Tas pied\u0101v\u0101 visus elektromobi\u013cu plusus, neradot ar tiem saist\u012bt\u0101s ba\u017eas par nobrauk\u0161anas distanci un papildu svaru. Turkl\u0101t visi \u0161ie tehniskie br\u012bnumi ir iet\u0113rpti iespaid\u012bga izskata korpus\u0101. Un \u0161eit p\u0101rdo\u0161an\u0101 ir 2012. gada modelis, ko p\u0101rdod \u012bpa\u0161nieks un kas l\u012bdz \u0161im ir nobraucis 67 000 kilometru. Apl\u016bkosim, ko t\u0101 pied\u0101v\u0101.\" \/>\n<meta property=\"og:url\" content=\"https:\/\/pistonaddict.com\/lv\/product\/fisker-karma\/\" \/>\n<meta property=\"og:site_name\" content=\"Piston Addict\" \/>\n<meta property=\"article:modified_time\" content=\"2024-03-19T15:38:56+00:00\" \/>\n<meta property=\"og:image\" content=\"https:\/\/pistonaddict.com\/wp-content\/uploads\/2024\/02\/1.jpg\" \/>\n\t<meta property=\"og:image:width\" content=\"1280\" \/>\n\t<meta property=\"og:image:height\" content=\"960\" \/>\n\t<meta property=\"og:image:type\" content=\"image\/jpeg\" \/>\n<meta name=\"twitter:card\" content=\"summary_large_image\" \/>\n<meta name=\"twitter:label1\" content=\"Est. reading time\" \/>\n\t<meta name=\"twitter:data1\" content=\"5 minutes\" \/>\n<script type=\"application\/ld+json\" class=\"yoast-schema-graph\">{\"@context\":\"https:\/\/schema.org\",\"@graph\":[{\"@type\":\"WebPage\",\"@id\":\"https:\/\/pistonaddict.com\/lv\/product\/fisker-karma\/\",\"url\":\"https:\/\/pistonaddict.com\/lv\/product\/fisker-karma\/\",\"name\":\"Fisker Karma - Piston Addict\",\"isPartOf\":{\"@id\":\"https:\/\/pistonaddict.com\/lv\/#website\"},\"primaryImageOfPage\":{\"@id\":\"https:\/\/pistonaddict.com\/lv\/product\/fisker-karma\/#primaryimage\"},\"image\":{\"@id\":\"https:\/\/pistonaddict.com\/lv\/product\/fisker-karma\/#primaryimage\"},\"thumbnailUrl\":\"https:\/\/pistonaddict.com\/wp-content\/uploads\/2024\/02\/1.jpg\",\"datePublished\":\"2024-02-28T12:52:28+00:00\",\"dateModified\":\"2024-03-19T15:38:56+00:00\",\"breadcrumb\":{\"@id\":\"https:\/\/pistonaddict.com\/lv\/product\/fisker-karma\/#breadcrumb\"},\"inLanguage\":\"lv-LV\",\"potentialAction\":[{\"@type\":\"ReadAction\",\"target\":[\"https:\/\/pistonaddict.com\/lv\/product\/fisker-karma\/\"]}]},{\"@type\":\"ImageObject\",\"inLanguage\":\"lv-LV\",\"@id\":\"https:\/\/pistonaddict.com\/lv\/product\/fisker-karma\/#primaryimage\",\"url\":\"https:\/\/pistonaddict.com\/wp-content\/uploads\/2024\/02\/1.jpg\",\"contentUrl\":\"https:\/\/pistonaddict.com\/wp-content\/uploads\/2024\/02\/1.jpg\",\"width\":1280,\"height\":960},{\"@type\":\"BreadcrumbList\",\"@id\":\"https:\/\/pistonaddict.com\/lv\/product\/fisker-karma\/#breadcrumb\",\"itemListElement\":[{\"@type\":\"ListItem\",\"position\":1,\"name\":\"M\u0101jas lapa\",\"item\":\"https:\/\/pistonaddict.com\/lv\/majas-lapa-2\/\"},{\"@type\":\"ListItem\",\"position\":2,\"name\":\"Auctions\",\"item\":\"https:\/\/pistonaddict.com\/auctions-listing\/\"},{\"@type\":\"ListItem\",\"position\":3,\"name\":\"Fisker Karma\"}]},{\"@type\":\"WebSite\",\"@id\":\"https:\/\/pistonaddict.com\/lv\/#website\",\"url\":\"https:\/\/pistonaddict.com\/lv\/\",\"name\":\"Piston Addict\",\"description\":\"Only interesting vehicles\",\"publisher\":{\"@id\":\"https:\/\/pistonaddict.com\/lv\/#organization\"},\"potentialAction\":[{\"@type\":\"SearchAction\",\"target\":{\"@type\":\"EntryPoint\",\"urlTemplate\":\"https:\/\/pistonaddict.com\/lv\/?s={search_term_string}\"},\"query-input\":\"required name=search_term_string\"}],\"inLanguage\":\"lv-LV\"},{\"@type\":\"Organization\",\"@id\":\"https:\/\/pistonaddict.com\/lv\/#organization\",\"name\":\"Piston Addict\",\"url\":\"https:\/\/pistonaddict.com\/lv\/\",\"logo\":{\"@type\":\"ImageObject\",\"inLanguage\":\"lv-LV\",\"@id\":\"https:\/\/pistonaddict.com\/lv\/#\/schema\/logo\/image\/\",\"url\":\"https:\/\/pistonaddict.com\/wp-content\/uploads\/2022\/07\/logo-6.png\",\"contentUrl\":\"https:\/\/pistonaddict.com\/wp-content\/uploads\/2022\/07\/logo-6.png\",\"width\":970,\"height\":200,\"caption\":\"Piston Addict\"},\"image\":{\"@id\":\"https:\/\/pistonaddict.com\/lv\/#\/schema\/logo\/image\/\"}}]}<\/script>\n<!-- \/ Yoast SEO plugin. -->","yoast_head_json":{"title":"Fisker Karma - Piston Addict","robots":{"index":"index","follow":"follow","max-snippet":"max-snippet:-1","max-image-preview":"max-image-preview:large","max-video-preview":"max-video-preview:-1"},"canonical":"https:\/\/pistonaddict.com\/lv\/product\/fisker-karma\/","og_locale":"lv_LV","og_type":"article","og_title":"Fisker Karma - Piston Addict","og_description":"Ja mekl\u0113jat sporta automobili, kas var p\u0101rvad\u0101t \u010detras personas un vi\u0146u bag\u0101\u017eu, ir no k\u0101 izv\u0113l\u0113ties. Bet, ja v\u0113laties kaut ko, kas j\u016bs at\u0161\u0137irs no citiem mode\u013ciem, tad jums var\u0113tu patikt Fisker Karma. Tas pied\u0101v\u0101 visus elektromobi\u013cu plusus, neradot ar tiem saist\u012bt\u0101s ba\u017eas par nobrauk\u0161anas distanci un papildu svaru. Turkl\u0101t visi \u0161ie tehniskie br\u012bnumi ir iet\u0113rpti iespaid\u012bga izskata korpus\u0101. Un \u0161eit p\u0101rdo\u0161an\u0101 ir 2012. gada modelis, ko p\u0101rdod \u012bpa\u0161nieks un kas l\u012bdz \u0161im ir nobraucis 67 000 kilometru. Apl\u016bkosim, ko t\u0101 pied\u0101v\u0101.","og_url":"https:\/\/pistonaddict.com\/lv\/product\/fisker-karma\/","og_site_name":"Piston Addict","article_modified_time":"2024-03-19T15:38:56+00:00","og_image":[{"width":1280,"height":960,"url":"https:\/\/pistonaddict.com\/wp-content\/uploads\/2024\/02\/1.jpg","type":"image\/jpeg"}],"twitter_card":"summary_large_image","twitter_misc":{"Est. reading time":"5 minutes"},"schema":{"@context":"https:\/\/schema.org","@graph":[{"@type":"WebPage","@id":"https:\/\/pistonaddict.com\/lv\/product\/fisker-karma\/","url":"https:\/\/pistonaddict.com\/lv\/product\/fisker-karma\/","name":"Fisker Karma - Piston Addict","isPartOf":{"@id":"https:\/\/pistonaddict.com\/lv\/#website"},"primaryImageOfPage":{"@id":"https:\/\/pistonaddict.com\/lv\/product\/fisker-karma\/#primaryimage"},"image":{"@id":"https:\/\/pistonaddict.com\/lv\/product\/fisker-karma\/#primaryimage"},"thumbnailUrl":"https:\/\/pistonaddict.com\/wp-content\/uploads\/2024\/02\/1.jpg","datePublished":"2024-02-28T12:52:28+00:00","dateModified":"2024-03-19T15:38:56+00:00","breadcrumb":{"@id":"https:\/\/pistonaddict.com\/lv\/product\/fisker-karma\/#breadcrumb"},"inLanguage":"lv-LV","potentialAction":[{"@type":"ReadAction","target":["https:\/\/pistonaddict.com\/lv\/product\/fisker-karma\/"]}]},{"@type":"ImageObject","inLanguage":"lv-LV","@id":"https:\/\/pistonaddict.com\/lv\/product\/fisker-karma\/#primaryimage","url":"https:\/\/pistonaddict.com\/wp-content\/uploads\/2024\/02\/1.jpg","contentUrl":"https:\/\/pistonaddict.com\/wp-content\/uploads\/2024\/02\/1.jpg","width":1280,"height":960},{"@type":"BreadcrumbList","@id":"https:\/\/pistonaddict.com\/lv\/product\/fisker-karma\/#breadcrumb","itemListElement":[{"@type":"ListItem","position":1,"name":"M\u0101jas lapa","item":"https:\/\/pistonaddict.com\/lv\/majas-lapa-2\/"},{"@type":"ListItem","position":2,"name":"Auctions","item":"https:\/\/pistonaddict.com\/auctions-listing\/"},{"@type":"ListItem","position":3,"name":"Fisker Karma"}]},{"@type":"WebSite","@id":"https:\/\/pistonaddict.com\/lv\/#website","url":"https:\/\/pistonaddict.com\/lv\/","name":"Piston Addict","description":"Only interesting vehicles","publisher":{"@id":"https:\/\/pistonaddict.com\/lv\/#organization"},"potentialAction":[{"@type":"SearchAction","target":{"@type":"EntryPoint","urlTemplate":"https:\/\/pistonaddict.com\/lv\/?s={search_term_string}"},"query-input":"required name=search_term_string"}],"inLanguage":"lv-LV"},{"@type":"Organization","@id":"https:\/\/pistonaddict.com\/lv\/#organization","name":"Piston Addict","url":"https:\/\/pistonaddict.com\/lv\/","logo":{"@type":"ImageObject","inLanguage":"lv-LV","@id":"https:\/\/pistonaddict.com\/lv\/#\/schema\/logo\/image\/","url":"https:\/\/pistonaddict.com\/wp-content\/uploads\/2022\/07\/logo-6.png","contentUrl":"https:\/\/pistonaddict.com\/wp-content\/uploads\/2022\/07\/logo-6.png","width":970,"height":200,"caption":"Piston Addict"},"image":{"@id":"https:\/\/pistonaddict.com\/lv\/#\/schema\/logo\/image\/"}}]}},"_links":{"self":[{"href":"https:\/\/pistonaddict.com\/lv\/wp-json\/wp\/v2\/product\/94128"}],"collection":[{"href":"https:\/\/pistonaddict.com\/lv\/wp-json\/wp\/v2\/product"}],"about":[{"href":"https:\/\/pistonaddict.com\/lv\/wp-json\/wp\/v2\/types\/product"}],"replies":[{"embeddable":true,"href":"https:\/\/pistonaddict.com\/lv\/wp-json\/wp\/v2\/comments?post=94128"}],"wp:featuredmedia":[{"embeddable":true,"href":"https:\/\/pistonaddict.com\/lv\/wp-json\/wp\/v2\/media\/93024"}],"wp:attachment":[{"href":"https:\/\/pistonaddict.com\/lv\/wp-json\/wp\/v2\/media?parent=94128"}],"wp:term":[{"taxonomy":"product_cat","embeddable":true,"href":"https:\/\/pistonaddict.com\/lv\/wp-json\/wp\/v2\/product_cat?post=94128"},{"taxonomy":"product_tag","embeddable":true,"href":"https:\/\/pistonaddict.com\/lv\/wp-json\/wp\/v2\/product_tag?post=94128"}],"curies":[{"name":"wp","href":"https:\/\/api.w.org\/{rel}","templated":true}]}}