{"id":92880,"date":"2024-02-23T14:19:05","date_gmt":"2024-02-23T13:19:05","guid":{"rendered":"https:\/\/pistonaddict.com\/product\/volkswagen-1303-kabriolets-triple-white-beetle\/"},"modified":"2024-03-20T09:46:48","modified_gmt":"2024-03-20T08:46:48","slug":"volkswagen-1303-convertible-triple-white-beetle","status":"publish","type":"product","link":"https:\/\/pistonaddict.com\/lv\/product\/volkswagen-1303-convertible-triple-white-beetle\/","title":{"rendered":"Volkswagen 1303 Kabriolets Triple White Beetle"},"content":{"rendered":"<p>Ja standarta Volkswagen Beetle bija ekonomiskais modelis, kas pasauli p\u0101rveda uz rite\u0146iem, tad t\u0101 kabrioleta versija vienm\u0113r bija augst\u0101ka un presti\u017e\u0101ka. Pirmk\u0101rt, to izgatavoja slavenais Karmann virsb\u016bves darbn\u012bca, un sal\u012bdzin\u0101jum\u0101 ar standarta modeli tam bija daudz modifik\u0101ciju. Tas nebija tikai Beetle ar nolai\u017eamu virsb\u016bvi; tas bija piln\u012bgi at\u0161\u0137ir\u012bgs automobilis ar \u0161asijas uzlabojumiem, cit\u0101m durv\u012bm, v\u0113jstikliem un specifiskiem pane\u013ciem. Uz ilg\u0101 ra\u017eo\u0161anas cikla beig\u0101m Volkswagen Beetle kabriolets ieguva moderniz\u0113tu dzin\u0113ju, priek\u0161\u0113j\u0101s disku bremzes un vair\u0101k funkciju, padarot to par lab\u0101ku un kompetent\u0101ku apvidus automobili ar atv\u0113rtu jumtu. \u0160odien m\u0113s ar lepnumu prezent\u0113jam \u0161\u0101du automa\u0161\u012bnu. 1979. gada Volkswagen 1303 kabriolets unik\u0101l\u0101, tr\u012bsk\u0101r\u0161\u0101 balt\u0101 kr\u0101s\u0101 ar 1,6 litru degvielas iesmidzin\u0101\u0161anas motoru un piln\u012bb\u0101 ori\u0123in\u0101l\u0101 st\u0101vokl\u012b. S\u0101kotn\u0113ji \u0161ie v\u0113l\u012bn\u0101 Beetle kabrioleti tika p\u0101rdoti ASV, un tos tirgoja k\u0101 Super Beetle, un tie ir vieni no v\u0113lam\u0101kajiem mode\u013ciem, pateicoties lab\u0101kajam apr\u012bkojumam un 48 ZS dzin\u0113jam ar maksim\u0101lo \u0101trumu 130 km\/h (82 mph). \u0160is konkr\u0113tais automobilis tika izgatavots 1979. gada decembr\u012b, t\u0101d\u0113j\u0101di tas bija viens no p\u0113d\u0113jiem Beetle kabrioletiem, kura ra\u017eo\u0161ana beidz\u0101s 1980. gada s\u0101kum\u0101. 1980. gad\u0101 Volkswagen p\u0101rdeva tikai 4572 1303 kabrioletus, no kuriem tikai da\u017ei bija kr\u0101s\u0101 Triple-White, un \u0161is ir viens no tiem. \u0160iem v\u0113l\u012bnajiem mode\u013ciem ir vair\u0101kas unik\u0101las dizaina iez\u012bmes, kas tos padara v\u0113l praktisk\u0101kus un pat\u012bkam\u0101kus. Piem\u0113ram, liel\u0101ks priek\u0161\u0113jais bag\u0101\u017eas nodal\u012bjums un nedaudz izliekts v\u0113jstikls samazina v\u0113ja rad\u012bto troksni, galvenok\u0101rt braucot ar nolaistu jumtu.<\/p>\n<p><strong>Interjers<\/strong><\/p>\n<p>Baltie vinila s\u0113dek\u013ci ir teicam\u0101 st\u0101vokl\u012b, un \u0161\u012b pievilc\u012bg\u0101 Beetle salons ir piln\u012bb\u0101 ori\u0123in\u0101ls. Ar koka paneli, unik\u0101lu st\u016bres ratu un uzlabotu ergonomiku \u0161is ir visaugst\u0101k\u0101s klases autovad\u012bt\u0101ja darba vides modelis no visiem klasiskajiem Beetle. Instrumentu panelis nav saplais\u0101jis; audiosist\u0113mai ir burv\u012bga 80. gadu Blaupunkt kase\u0161u ier\u012bce.<\/p>\n<p><strong>Automa\u0161\u012bnas st\u0101voklis<\/strong><\/p>\n<p>\u0160is 1303 kabriolets ar nobrauktiem tikai 94 000 kilometriem un p\u0101ris r\u016bp\u012bgiem \u012bpa\u0161niekiem ir restaur\u0113ts, un tam ir saglab\u0101ts ori\u0123in\u0101lais, numuriem atbilsto\u0161ais motors un transmisija. Kop\u0113jais st\u0101voklis ir gandr\u012bz ide\u0101ls, viss ir darba k\u0101rt\u012bb\u0101, bez r\u016bsas plankumiem vai kr\u0101sas izmai\u0146\u0101m. P\u0113d\u0113j\u0101 tehnisk\u0101 apkope tika veikta 2023. gada oktobr\u012b, un automa\u0161\u012bna bez probl\u0113m\u0101m izg\u0101ja ikgad\u0113jo 2024. gada tehnisko apskati. \u0160\u0101diem automobi\u013ciem vinila jumts bie\u017ei vien ir problem\u0101tisks, ta\u010du m\u0113s ar prieku varam zi\u0146ot, ka ar\u012b tas ir perfekt\u0101 st\u0101vokl\u012b, bez pl\u012bsumiem un nopl\u016bd\u0113m. Riepju apak\u0161\u0113j\u0101 da\u013ca ir tikpat t\u012bra k\u0101 virsb\u016bve, bez r\u016bsas paz\u012bm\u0113m. Automa\u0161\u012bna tika profesion\u0101li restaur\u0113ta atbilsto\u0161i visaugst\u0101kajiem standartiem, izmantojot ori\u0123in\u0101l\u0101s deta\u013cas, un to apkopi veica VW speci\u0101lists. Kop\u0161 restaur\u0101cijas transportl\u012bdzeklis tiek tur\u0113ts klimata kontrol\u0113t\u0101 gar\u0101\u017e\u0101.<\/p>\n<p><strong>\u0100rpuse un rite\u0146i<\/strong><\/p>\n<p>Rakstur\u012bg\u0101 balt\u0101 kr\u0101sa ir ide\u0101l\u0101 st\u0101vokl\u012b, un tr\u012bsk\u0101r\u0161\u0101 balt\u0101 kr\u0101su sh\u0113ma ir ori\u0123in\u0101la un reta. Rite\u0146u diski ir ori\u0123in\u0101li 15 collu ar hrom\u0113tiem rumbas v\u0101ci\u0146iem, kas apvilkti ar piln\u012bgi jaun\u0101m (DOT 2023) un atbilsto\u0161a izm\u0113ra (175\/70\/R15) gumij\u0101m.<\/p>\n<p><strong>Dokument\u0101cija<\/strong><\/p>\n<p>Priv\u0101tais p\u0101rdev\u0113js p\u0101rdod \u0161o transportl\u012bdzekli ar atbilsto\u0161u dokument\u0101ciju N\u012bderland\u0113. <strong>N\u012bderlandes MOT (APK) ir der\u012bgs l\u012bdz 2024. gada augustam<\/strong>. Ir regul\u0101ras tehnisk\u0101s apkopes dokumenti, p\u0101rdo\u0161anas r\u0113\u0137ini un kv\u012btis. Dokument\u0101cij\u0101 ietilpst ori\u0123in\u0101l\u0101 \u012bpa\u0161nieka nosaukums, bro\u0161\u016bras, <a href=\"https:\/\/pistonaddict.com\/wp-content\/uploads\/2024\/02\/Zertificat.pdf\" target=\"blank\" rel=\"noopener\">VW klasisk\u0101s ekspert\u012bzes<\/a> un re\u0123istr\u0101cijas dokumenti. \u0160im modelim nav pieejama r\u016bpn\u012bcas garantija.<\/p>\n<p><strong><br \/>\nP\u0101rbaudiet \u0161\u012b skaist\u0101 kabrioleta Beetle Triple White aukst\u0101s iedarbin\u0101\u0161anas video:<\/strong><\/p>\n<p>&nbsp;<\/p>\n<p><iframe title=\"Cold Start Video of the Volkswagen Coccinelle\/Beetle Cabriolet 1.6 Triple White\" width=\"1200\" height=\"675\" src=\"https:\/\/www.youtube.com\/embed\/G0rjRvyjhRo?feature=oembed\" frameborder=\"0\" allow=\"accelerometer; autoplay; clipboard-write; encrypted-media; gyroscope; picture-in-picture; web-share\" allowfullscreen><\/iframe><\/p>\n<p><strong> <\/strong><\/p>\n","protected":false},"excerpt":{"rendered":"<p>Volkswagen Beetle bija viens no 20. gadsimta dievin\u0101t\u0101kajiem automobi\u013ciem un joproj\u0101m ir viens no lab\u0101kajiem klasiskajiem starta automobi\u013ciem. Ta\u010du t\u0101 kabrioleta versija ir daudz ret\u0101ka, for\u0161\u0101ka un ide\u0101li piem\u0113rota braucienam br\u012bv\u0101 dab\u0101 piekrast\u0113 ar nep\u0101rsp\u0113jamu plakano \u010detru dzin\u0113ju ska\u0146u. Ja esat aizr\u0101vies ar klasiskaj\u0101m Beetle l\u012bnij\u0101m, bet mekl\u0113jat t\u0101du, kam ir lab\u0101kas brauk\u0161anas \u012bpa\u0161\u012bbas un jauda, \u0161is ir ide\u0101ls auto tie\u0161i jums. V\u0113l v\u0113lamais, v\u0113l\u0101kais 1303 kabrioleta modelis ar jaud\u012bg\u0101ku dzin\u0113ju ar degvielas iesmidzin\u0101\u0161anu, kas gatavs vasaras sezonai.<\/p>\n","protected":false},"featured_media":92687,"comment_status":"open","ping_status":"closed","template":"","meta":{"inline_featured_image":false},"product_cat":[751],"product_tag":[2964,949,2962],"acf":[],"yoast_head":"<!-- This site is optimized with the Yoast SEO plugin v22.5 - https:\/\/yoast.com\/wordpress\/plugins\/seo\/ -->\n<title>Volkswagen 1303 Kabriolets Triple White Beetle - Piston Addict<\/title>\n<meta name=\"robots\" content=\"index, follow, max-snippet:-1, max-image-preview:large, max-video-preview:-1\" \/>\n<link rel=\"canonical\" href=\"https:\/\/pistonaddict.com\/lv\/product\/volkswagen-1303-convertible-triple-white-beetle\/\" \/>\n<meta property=\"og:locale\" content=\"lv_LV\" \/>\n<meta property=\"og:type\" content=\"article\" \/>\n<meta property=\"og:title\" content=\"Volkswagen 1303 Kabriolets Triple White Beetle - Piston Addict\" \/>\n<meta property=\"og:description\" content=\"Volkswagen Beetle bija viens no 20. gadsimta dievin\u0101t\u0101kajiem automobi\u013ciem un joproj\u0101m ir viens no lab\u0101kajiem klasiskajiem starta automobi\u013ciem. Ta\u010du t\u0101 kabrioleta versija ir daudz ret\u0101ka, for\u0161\u0101ka un ide\u0101li piem\u0113rota braucienam br\u012bv\u0101 dab\u0101 piekrast\u0113 ar nep\u0101rsp\u0113jamu plakano \u010detru dzin\u0113ju ska\u0146u. Ja esat aizr\u0101vies ar klasiskaj\u0101m Beetle l\u012bnij\u0101m, bet mekl\u0113jat t\u0101du, kam ir lab\u0101kas brauk\u0161anas \u012bpa\u0161\u012bbas un jauda, \u0161is ir ide\u0101ls auto tie\u0161i jums. V\u0113l v\u0113lamais, v\u0113l\u0101kais 1303 kabrioleta modelis ar jaud\u012bg\u0101ku dzin\u0113ju ar degvielas iesmidzin\u0101\u0161anu, kas gatavs vasaras sezonai.\" \/>\n<meta property=\"og:url\" content=\"https:\/\/pistonaddict.com\/lv\/product\/volkswagen-1303-convertible-triple-white-beetle\/\" \/>\n<meta property=\"og:site_name\" content=\"Piston Addict\" \/>\n<meta property=\"article:modified_time\" content=\"2024-03-20T08:46:48+00:00\" \/>\n<meta property=\"og:image\" content=\"https:\/\/pistonaddict.com\/wp-content\/uploads\/2024\/02\/b2c02738-a5a6-4266-893c-b51da700edcd-1.jpg\" \/>\n\t<meta property=\"og:image:width\" content=\"1600\" \/>\n\t<meta property=\"og:image:height\" content=\"1200\" \/>\n\t<meta property=\"og:image:type\" content=\"image\/jpeg\" \/>\n<meta name=\"twitter:card\" content=\"summary_large_image\" \/>\n<meta name=\"twitter:label1\" content=\"Est. reading time\" \/>\n\t<meta name=\"twitter:data1\" content=\"3 minutes\" \/>\n<script type=\"application\/ld+json\" class=\"yoast-schema-graph\">{\"@context\":\"https:\/\/schema.org\",\"@graph\":[{\"@type\":\"WebPage\",\"@id\":\"https:\/\/pistonaddict.com\/lv\/product\/volkswagen-1303-convertible-triple-white-beetle\/\",\"url\":\"https:\/\/pistonaddict.com\/lv\/product\/volkswagen-1303-convertible-triple-white-beetle\/\",\"name\":\"Volkswagen 1303 Kabriolets Triple White Beetle - Piston Addict\",\"isPartOf\":{\"@id\":\"https:\/\/pistonaddict.com\/lv\/#website\"},\"primaryImageOfPage\":{\"@id\":\"https:\/\/pistonaddict.com\/lv\/product\/volkswagen-1303-convertible-triple-white-beetle\/#primaryimage\"},\"image\":{\"@id\":\"https:\/\/pistonaddict.com\/lv\/product\/volkswagen-1303-convertible-triple-white-beetle\/#primaryimage\"},\"thumbnailUrl\":\"https:\/\/pistonaddict.com\/wp-content\/uploads\/2024\/02\/b2c02738-a5a6-4266-893c-b51da700edcd-1.jpg\",\"datePublished\":\"2024-02-23T13:19:05+00:00\",\"dateModified\":\"2024-03-20T08:46:48+00:00\",\"breadcrumb\":{\"@id\":\"https:\/\/pistonaddict.com\/lv\/product\/volkswagen-1303-convertible-triple-white-beetle\/#breadcrumb\"},\"inLanguage\":\"lv-LV\",\"potentialAction\":[{\"@type\":\"ReadAction\",\"target\":[\"https:\/\/pistonaddict.com\/lv\/product\/volkswagen-1303-convertible-triple-white-beetle\/\"]}]},{\"@type\":\"ImageObject\",\"inLanguage\":\"lv-LV\",\"@id\":\"https:\/\/pistonaddict.com\/lv\/product\/volkswagen-1303-convertible-triple-white-beetle\/#primaryimage\",\"url\":\"https:\/\/pistonaddict.com\/wp-content\/uploads\/2024\/02\/b2c02738-a5a6-4266-893c-b51da700edcd-1.jpg\",\"contentUrl\":\"https:\/\/pistonaddict.com\/wp-content\/uploads\/2024\/02\/b2c02738-a5a6-4266-893c-b51da700edcd-1.jpg\",\"width\":1600,\"height\":1200},{\"@type\":\"BreadcrumbList\",\"@id\":\"https:\/\/pistonaddict.com\/lv\/product\/volkswagen-1303-convertible-triple-white-beetle\/#breadcrumb\",\"itemListElement\":[{\"@type\":\"ListItem\",\"position\":1,\"name\":\"M\u0101jas lapa\",\"item\":\"https:\/\/pistonaddict.com\/lv\/majas-lapa-2\/\"},{\"@type\":\"ListItem\",\"position\":2,\"name\":\"Auctions\",\"item\":\"https:\/\/pistonaddict.com\/auctions-listing\/\"},{\"@type\":\"ListItem\",\"position\":3,\"name\":\"Volkswagen 1303 Kabriolets Triple White Beetle\"}]},{\"@type\":\"WebSite\",\"@id\":\"https:\/\/pistonaddict.com\/lv\/#website\",\"url\":\"https:\/\/pistonaddict.com\/lv\/\",\"name\":\"Piston Addict\",\"description\":\"Only interesting vehicles\",\"publisher\":{\"@id\":\"https:\/\/pistonaddict.com\/lv\/#organization\"},\"potentialAction\":[{\"@type\":\"SearchAction\",\"target\":{\"@type\":\"EntryPoint\",\"urlTemplate\":\"https:\/\/pistonaddict.com\/lv\/?s={search_term_string}\"},\"query-input\":\"required name=search_term_string\"}],\"inLanguage\":\"lv-LV\"},{\"@type\":\"Organization\",\"@id\":\"https:\/\/pistonaddict.com\/lv\/#organization\",\"name\":\"Piston Addict\",\"url\":\"https:\/\/pistonaddict.com\/lv\/\",\"logo\":{\"@type\":\"ImageObject\",\"inLanguage\":\"lv-LV\",\"@id\":\"https:\/\/pistonaddict.com\/lv\/#\/schema\/logo\/image\/\",\"url\":\"https:\/\/pistonaddict.com\/wp-content\/uploads\/2022\/07\/logo-6.png\",\"contentUrl\":\"https:\/\/pistonaddict.com\/wp-content\/uploads\/2022\/07\/logo-6.png\",\"width\":970,\"height\":200,\"caption\":\"Piston Addict\"},\"image\":{\"@id\":\"https:\/\/pistonaddict.com\/lv\/#\/schema\/logo\/image\/\"}}]}<\/script>\n<!-- \/ Yoast SEO plugin. -->","yoast_head_json":{"title":"Volkswagen 1303 Kabriolets Triple White Beetle - Piston Addict","robots":{"index":"index","follow":"follow","max-snippet":"max-snippet:-1","max-image-preview":"max-image-preview:large","max-video-preview":"max-video-preview:-1"},"canonical":"https:\/\/pistonaddict.com\/lv\/product\/volkswagen-1303-convertible-triple-white-beetle\/","og_locale":"lv_LV","og_type":"article","og_title":"Volkswagen 1303 Kabriolets Triple White Beetle - Piston Addict","og_description":"Volkswagen Beetle bija viens no 20. gadsimta dievin\u0101t\u0101kajiem automobi\u013ciem un joproj\u0101m ir viens no lab\u0101kajiem klasiskajiem starta automobi\u013ciem. Ta\u010du t\u0101 kabrioleta versija ir daudz ret\u0101ka, for\u0161\u0101ka un ide\u0101li piem\u0113rota braucienam br\u012bv\u0101 dab\u0101 piekrast\u0113 ar nep\u0101rsp\u0113jamu plakano \u010detru dzin\u0113ju ska\u0146u. Ja esat aizr\u0101vies ar klasiskaj\u0101m Beetle l\u012bnij\u0101m, bet mekl\u0113jat t\u0101du, kam ir lab\u0101kas brauk\u0161anas \u012bpa\u0161\u012bbas un jauda, \u0161is ir ide\u0101ls auto tie\u0161i jums. V\u0113l v\u0113lamais, v\u0113l\u0101kais 1303 kabrioleta modelis ar jaud\u012bg\u0101ku dzin\u0113ju ar degvielas iesmidzin\u0101\u0161anu, kas gatavs vasaras sezonai.","og_url":"https:\/\/pistonaddict.com\/lv\/product\/volkswagen-1303-convertible-triple-white-beetle\/","og_site_name":"Piston Addict","article_modified_time":"2024-03-20T08:46:48+00:00","og_image":[{"width":1600,"height":1200,"url":"https:\/\/pistonaddict.com\/wp-content\/uploads\/2024\/02\/b2c02738-a5a6-4266-893c-b51da700edcd-1.jpg","type":"image\/jpeg"}],"twitter_card":"summary_large_image","twitter_misc":{"Est. reading time":"3 minutes"},"schema":{"@context":"https:\/\/schema.org","@graph":[{"@type":"WebPage","@id":"https:\/\/pistonaddict.com\/lv\/product\/volkswagen-1303-convertible-triple-white-beetle\/","url":"https:\/\/pistonaddict.com\/lv\/product\/volkswagen-1303-convertible-triple-white-beetle\/","name":"Volkswagen 1303 Kabriolets Triple White Beetle - Piston Addict","isPartOf":{"@id":"https:\/\/pistonaddict.com\/lv\/#website"},"primaryImageOfPage":{"@id":"https:\/\/pistonaddict.com\/lv\/product\/volkswagen-1303-convertible-triple-white-beetle\/#primaryimage"},"image":{"@id":"https:\/\/pistonaddict.com\/lv\/product\/volkswagen-1303-convertible-triple-white-beetle\/#primaryimage"},"thumbnailUrl":"https:\/\/pistonaddict.com\/wp-content\/uploads\/2024\/02\/b2c02738-a5a6-4266-893c-b51da700edcd-1.jpg","datePublished":"2024-02-23T13:19:05+00:00","dateModified":"2024-03-20T08:46:48+00:00","breadcrumb":{"@id":"https:\/\/pistonaddict.com\/lv\/product\/volkswagen-1303-convertible-triple-white-beetle\/#breadcrumb"},"inLanguage":"lv-LV","potentialAction":[{"@type":"ReadAction","target":["https:\/\/pistonaddict.com\/lv\/product\/volkswagen-1303-convertible-triple-white-beetle\/"]}]},{"@type":"ImageObject","inLanguage":"lv-LV","@id":"https:\/\/pistonaddict.com\/lv\/product\/volkswagen-1303-convertible-triple-white-beetle\/#primaryimage","url":"https:\/\/pistonaddict.com\/wp-content\/uploads\/2024\/02\/b2c02738-a5a6-4266-893c-b51da700edcd-1.jpg","contentUrl":"https:\/\/pistonaddict.com\/wp-content\/uploads\/2024\/02\/b2c02738-a5a6-4266-893c-b51da700edcd-1.jpg","width":1600,"height":1200},{"@type":"BreadcrumbList","@id":"https:\/\/pistonaddict.com\/lv\/product\/volkswagen-1303-convertible-triple-white-beetle\/#breadcrumb","itemListElement":[{"@type":"ListItem","position":1,"name":"M\u0101jas lapa","item":"https:\/\/pistonaddict.com\/lv\/majas-lapa-2\/"},{"@type":"ListItem","position":2,"name":"Auctions","item":"https:\/\/pistonaddict.com\/auctions-listing\/"},{"@type":"ListItem","position":3,"name":"Volkswagen 1303 Kabriolets Triple White Beetle"}]},{"@type":"WebSite","@id":"https:\/\/pistonaddict.com\/lv\/#website","url":"https:\/\/pistonaddict.com\/lv\/","name":"Piston Addict","description":"Only interesting vehicles","publisher":{"@id":"https:\/\/pistonaddict.com\/lv\/#organization"},"potentialAction":[{"@type":"SearchAction","target":{"@type":"EntryPoint","urlTemplate":"https:\/\/pistonaddict.com\/lv\/?s={search_term_string}"},"query-input":"required name=search_term_string"}],"inLanguage":"lv-LV"},{"@type":"Organization","@id":"https:\/\/pistonaddict.com\/lv\/#organization","name":"Piston Addict","url":"https:\/\/pistonaddict.com\/lv\/","logo":{"@type":"ImageObject","inLanguage":"lv-LV","@id":"https:\/\/pistonaddict.com\/lv\/#\/schema\/logo\/image\/","url":"https:\/\/pistonaddict.com\/wp-content\/uploads\/2022\/07\/logo-6.png","contentUrl":"https:\/\/pistonaddict.com\/wp-content\/uploads\/2022\/07\/logo-6.png","width":970,"height":200,"caption":"Piston Addict"},"image":{"@id":"https:\/\/pistonaddict.com\/lv\/#\/schema\/logo\/image\/"}}]}},"_links":{"self":[{"href":"https:\/\/pistonaddict.com\/lv\/wp-json\/wp\/v2\/product\/92880"}],"collection":[{"href":"https:\/\/pistonaddict.com\/lv\/wp-json\/wp\/v2\/product"}],"about":[{"href":"https:\/\/pistonaddict.com\/lv\/wp-json\/wp\/v2\/types\/product"}],"replies":[{"embeddable":true,"href":"https:\/\/pistonaddict.com\/lv\/wp-json\/wp\/v2\/comments?post=92880"}],"wp:featuredmedia":[{"embeddable":true,"href":"https:\/\/pistonaddict.com\/lv\/wp-json\/wp\/v2\/media\/92687"}],"wp:attachment":[{"href":"https:\/\/pistonaddict.com\/lv\/wp-json\/wp\/v2\/media?parent=92880"}],"wp:term":[{"taxonomy":"product_cat","embeddable":true,"href":"https:\/\/pistonaddict.com\/lv\/wp-json\/wp\/v2\/product_cat?post=92880"},{"taxonomy":"product_tag","embeddable":true,"href":"https:\/\/pistonaddict.com\/lv\/wp-json\/wp\/v2\/product_tag?post=92880"}],"curies":[{"name":"wp","href":"https:\/\/api.w.org\/{rel}","templated":true}]}}