{"id":89355,"date":"2024-01-31T11:03:43","date_gmt":"2024-01-31T10:03:43","guid":{"rendered":"https:\/\/pistonaddict.com\/product\/abarth-695-tributo-ferrari-no424\/"},"modified":"2024-03-20T09:46:48","modified_gmt":"2024-03-20T08:46:48","slug":"abarth-695-tributo-ferrari-no424","status":"publish","type":"product","link":"https:\/\/pistonaddict.com\/lv\/product\/abarth-695-tributo-ferrari-no424\/","title":{"rendered":"Abarth 695 Tributo Ferrari n\u00ba424"},"content":{"rendered":"<h2>\u0100rpuse<\/h2>\n<p>Uz slaven\u0101 un \u013coti popul\u0101r\u0101 Fiat 500 b\u0101zes veidotais 695, iesp\u0113jams, nav \u012bpa\u0161i j\u0101iepaz\u012bstina. Abarth ir pievienojis mas\u012bvus bamperus priek\u0161pus\u0113 un aizmugur\u0113, k\u0101 ar\u012b atbilsto\u0161us sliek\u0161\u0146u v\u0101kus, aizmugur\u0113jo spoileru un dubulto izp\u016bt\u0113ju. Un tad, lai to v\u0113l vair\u0101k izsmalcin\u0101tu, uz aizmugur\u0113jiem ceturtda\u013cpane\u013ciem tika uzst\u0101d\u012btas t\u0101das deta\u013cas k\u0101 oglek\u013ca \u0161\u0137iedras spogu\u013cu p\u0101rsegi un uzkr\u012bto\u0161a <em>Tributo Ferrari<\/em> embl\u0113ma.<br \/>\n\u0160is konkr\u0113tais Abart 695 ir nokr\u0101sots ugun\u012bgi sarkan\u0101 kr\u0101s\u0101 ar pel\u0113k\u0101m sac\u012bk\u0161u josl\u0101m, kas s\u0101kas uz motora p\u0101rsega, stiepjas p\u0101ri jumtam un beidzas uz aizmugur\u0113j\u0101s durvis. Par to, cik daudz auto ir vai nav braukts, prec\u012bz\u0101k, vislab\u0101k liecina 17 collu rite\u0146u diski, uz kuriem joproj\u0101m ir r\u016bpn\u012bc\u0101 uzst\u0101d\u012btas Michelin Pilot riepas.<\/p>\n<h2>Interjers<\/h2>\n<p>T\u0101pat k\u0101 no \u0101rpuses, ar\u012b automobi\u013ca interjers \u0101tri atkl\u0101j t\u0101 patieso b\u016bt\u012bbu. Pirmk\u0101rt, priek\u0161\u0113jie s\u0113dek\u013ci, kurus izgatavojusi komp\u0101nija Sabelt, ir izgatavoti no oglek\u013ca \u0161\u0137iedras un ir \u013coti elast\u012bgi. S\u0113\u017eot tajos, autovad\u012bt\u0101js s\u0113\u017e aiz tr\u012bs zaru \u0101das st\u016bres rata ar sarkaniem akcentiem un \u0161uv\u0113m. T\u0101 k\u0101 \u0161is Abart ir modelis ar autom\u0101tisko p\u0101rnesumk\u0101rbu, centr\u0101laj\u0101 konsoles st\u016br\u012bt\u012b nav p\u0101rnesumu p\u0101rsl\u0113g\u0161anas sviras &#8211; t\u0101 viet\u0101 ir tikai vair\u0101kas pogas atpaka\u013cgaitas, piedzi\u0146as vai neitr\u0101la re\u017e\u012bma izv\u0113lei. Ta\u010du uz st\u016bres ir ar\u012b l\u0101psti\u0146as, ar kur\u0101m vad\u012bt\u0101js var p\u0101rsl\u0113gt p\u0101rnesumus manu\u0101li.<\/p>\n<p>Viss salons ir kl\u0101ts ar izsmalcin\u0101t\u0101m deta\u013c\u0101m, piem\u0113ram, oglek\u013ca \u0161\u0137iedras apdares elementiem, gaisa kondicionieri un stereo ar USB savienojumu, k\u0101 ar\u012b <em>Tributo Ferrari<\/em> embl\u0113m\u0101m visapk\u0101rt.<\/p>\n<h2>Meh\u0101nika<\/h2>\n<p>\u0160im agres\u012bvi izskato\u0161ajam it\u0101\u013cu sportistam ir 1,4 litru turbo motors, no kura Abarth in\u017eenieriem izdevies izspiest apbr\u012bnojamo 180 zirgsp\u0113ku jaudu. Jauda uz priek\u0161\u0113jiem rite\u0146iem tiek novad\u012bta ar pusautom\u0101tisku MTA transmisiju, kas darbojas gan autom\u0101tiskaj\u0101, gan manu\u0101laj\u0101 re\u017e\u012bm\u0101. Protams, tik liela jauda tik viegl\u0101 automa\u0161\u012bn\u0101 nodro\u0161in\u0101s iespaid\u012bgu veiktsp\u0113ju, piem\u0113ram, maksim\u0101lo \u0101trumu vair\u0101k nek\u0101 220 kilometru stund\u0101. Visbeidzot, lai to visu kontrol\u0113tu, \u0161is Abarth 695 ir apr\u012bkots ar stingr\u0101ku balstiek\u0101rtu un liel\u0101k\u0101m bremz\u0113m.<\/p>\n<h2>Transportl\u012bdzek\u013ca v\u0113sture<\/h2>\n<p>Profesion\u0101ls p\u0101rdev\u0113js, kur\u0161 to ieg\u0101d\u0101jies pavisam nesen, Abarth st\u0101vokli raksturo k\u0101 gandr\u012bz perfektu. Automa\u0161\u012bnai ir ne tikai mazs nobraukums, bet t\u0101 p\u0113d\u0113jo reizi apkalpo\u0161ana veikta 2023. gada janv\u0101r\u012b, kad tika nomain\u012bta motora e\u013c\u013ca. Iek\u0161pus\u0113 un \u0101rpus\u0113 nav nek\u0101du nolietojuma, boj\u0101jumu vai r\u016bsas paz\u012bmju, vien\u012bgie vizu\u0101lie tr\u016bkumi ir divi nelieli skr\u0101p\u0113jumi labaj\u0101 pus\u0113. Tom\u0113r p\u0113c automa\u0161\u012bnas p\u0101rdo\u0161anas n\u0101kamais \u012bpa\u0161nieks tos profesion\u0101li salabos bez maksas.<\/p>\n<p>Visbeidzot, saska\u0146\u0101 ar p\u0101rdev\u0113ja teikto automa\u0161\u012bna, kas pa\u0161laik atrodas Sp\u0101nij\u0101, nekad nav bijusi iesaist\u012bta negad\u012bjum\u0101, un to pier\u0101da atbilsto\u0161s <a href=\"https:\/\/pistonaddict.com\/wp-content\/uploads\/2024\/01\/carfaxAbarth695.pdf\">CARFAX<\/a> Transportl\u012bdzek\u013cu v\u0113stures p\u0101rskats. Sp\u0101nijas MOT (ITV) nodots un der\u012bgs l\u012bdz 2024. gada decembrim.<\/p>\n<p><strong>P\u0101rbaudiet \u0161\u012b skaist\u0101 Abarth 695 Tributo Ferrari aukst\u0101 starta video:<\/strong><\/p>\n<p><iframe title=\"Cold Start Video of the Abarth 500 Tributo Ferrari\" width=\"1200\" height=\"675\" src=\"https:\/\/www.youtube.com\/embed\/lzDg2i_JYA4?feature=oembed\" frameborder=\"0\" allow=\"accelerometer; autoplay; clipboard-write; encrypted-media; gyroscope; picture-in-picture; web-share\" allowfullscreen><\/iframe><\/p>\n<p>&nbsp;<\/p>\n","protected":false},"excerpt":{"rendered":"<p>Mazam pils\u0113tas automobilim nav oblig\u0101ti j\u0101b\u016bt tikai praktiskam p\u0101rvieto\u0161an\u0101s l\u012bdzeklim \u0161aur\u0101 vid\u0113. T\u0101 viet\u0101 ar atbilsto\u0161u apr\u012bkojumu zem p\u0101rsega tas var k\u013c\u016bt par \u012bstu kabatas ra\u0137eti, kas, ja ir atbilsto\u0161i sa\u0123\u0113rbta, ar\u012b izskat\u0101s satrieco\u0161i. Viens no \u0161\u0101diem automobi\u013ciem ir Abarth 500, kura pamat\u0101 ir Fiat \u0101rk\u0101rt\u012bgi veiksm\u012bg\u0101 60. gadu le\u0123end\u0101r\u0101 mode\u013ca reinkarn\u0101cija. Ta\u010du \u0161eit izsol\u0113 tiek pied\u0101v\u0101ts v\u0113l vair\u0101k izsmalcin\u0101ts Abarth 695 variants, kas ra\u017eots 2010. gad\u0101 un l\u012bdz \u0161im nobraucis tikai 6800 kilometrus. Turkl\u0101t \u0161is ir retais Tributo Ferrari modelis, kura ra\u017eo\u0161anas apjoms bija ierobe\u017eots l\u012bdz 1695 vien\u012bb\u0101m. Apskat\u012bsim, ko pied\u0101v\u0101 \u0161is ekskluz\u012bvais un agres\u012bv\u0101 izskata automobilis&#8230;<\/p>\n","protected":false},"featured_media":89379,"comment_status":"open","ping_status":"closed","template":"","meta":{"inline_featured_image":false},"product_cat":[751],"product_tag":[2916,2917,943],"acf":[],"yoast_head":"<!-- This site is optimized with the Yoast SEO plugin v22.5 - https:\/\/yoast.com\/wordpress\/plugins\/seo\/ -->\n<title>Abarth 695 Tributo Ferrari n\u00ba424 - Piston Addict<\/title>\n<meta name=\"robots\" content=\"index, follow, max-snippet:-1, max-image-preview:large, max-video-preview:-1\" \/>\n<link rel=\"canonical\" href=\"https:\/\/pistonaddict.com\/lv\/product\/abarth-695-tributo-ferrari-no424\/\" \/>\n<meta property=\"og:locale\" content=\"lv_LV\" \/>\n<meta property=\"og:type\" content=\"article\" \/>\n<meta property=\"og:title\" content=\"Abarth 695 Tributo Ferrari n\u00ba424 - Piston Addict\" \/>\n<meta property=\"og:description\" content=\"Mazam pils\u0113tas automobilim nav oblig\u0101ti j\u0101b\u016bt tikai praktiskam p\u0101rvieto\u0161an\u0101s l\u012bdzeklim \u0161aur\u0101 vid\u0113. T\u0101 viet\u0101 ar atbilsto\u0161u apr\u012bkojumu zem p\u0101rsega tas var k\u013c\u016bt par \u012bstu kabatas ra\u0137eti, kas, ja ir atbilsto\u0161i sa\u0123\u0113rbta, ar\u012b izskat\u0101s satrieco\u0161i. Viens no \u0161\u0101diem automobi\u013ciem ir Abarth 500, kura pamat\u0101 ir Fiat \u0101rk\u0101rt\u012bgi veiksm\u012bg\u0101 60. gadu le\u0123end\u0101r\u0101 mode\u013ca reinkarn\u0101cija. Ta\u010du \u0161eit izsol\u0113 tiek pied\u0101v\u0101ts v\u0113l vair\u0101k izsmalcin\u0101ts Abarth 695 variants, kas ra\u017eots 2010. gad\u0101 un l\u012bdz \u0161im nobraucis tikai 6800 kilometrus. Turkl\u0101t \u0161is ir retais Tributo Ferrari modelis, kura ra\u017eo\u0161anas apjoms bija ierobe\u017eots l\u012bdz 1695 vien\u012bb\u0101m. Apskat\u012bsim, ko pied\u0101v\u0101 \u0161is ekskluz\u012bvais un agres\u012bv\u0101 izskata automobilis...\" \/>\n<meta property=\"og:url\" content=\"https:\/\/pistonaddict.com\/lv\/product\/abarth-695-tributo-ferrari-no424\/\" \/>\n<meta property=\"og:site_name\" content=\"Piston Addict\" \/>\n<meta property=\"article:modified_time\" content=\"2024-03-20T08:46:48+00:00\" \/>\n<meta property=\"og:image\" content=\"https:\/\/pistonaddict.com\/wp-content\/uploads\/2024\/01\/IMG-20240110-WA0149-1.jpg\" \/>\n\t<meta property=\"og:image:width\" content=\"1600\" \/>\n\t<meta property=\"og:image:height\" content=\"1200\" \/>\n\t<meta property=\"og:image:type\" content=\"image\/jpeg\" \/>\n<meta name=\"twitter:card\" content=\"summary_large_image\" \/>\n<meta name=\"twitter:label1\" content=\"Est. reading time\" \/>\n\t<meta name=\"twitter:data1\" content=\"3 minutes\" \/>\n<script type=\"application\/ld+json\" class=\"yoast-schema-graph\">{\"@context\":\"https:\/\/schema.org\",\"@graph\":[{\"@type\":\"WebPage\",\"@id\":\"https:\/\/pistonaddict.com\/lv\/product\/abarth-695-tributo-ferrari-no424\/\",\"url\":\"https:\/\/pistonaddict.com\/lv\/product\/abarth-695-tributo-ferrari-no424\/\",\"name\":\"Abarth 695 Tributo Ferrari n\u00ba424 - Piston Addict\",\"isPartOf\":{\"@id\":\"https:\/\/pistonaddict.com\/lv\/#website\"},\"primaryImageOfPage\":{\"@id\":\"https:\/\/pistonaddict.com\/lv\/product\/abarth-695-tributo-ferrari-no424\/#primaryimage\"},\"image\":{\"@id\":\"https:\/\/pistonaddict.com\/lv\/product\/abarth-695-tributo-ferrari-no424\/#primaryimage\"},\"thumbnailUrl\":\"https:\/\/pistonaddict.com\/wp-content\/uploads\/2024\/01\/IMG-20240110-WA0149-1.jpg\",\"datePublished\":\"2024-01-31T10:03:43+00:00\",\"dateModified\":\"2024-03-20T08:46:48+00:00\",\"breadcrumb\":{\"@id\":\"https:\/\/pistonaddict.com\/lv\/product\/abarth-695-tributo-ferrari-no424\/#breadcrumb\"},\"inLanguage\":\"lv-LV\",\"potentialAction\":[{\"@type\":\"ReadAction\",\"target\":[\"https:\/\/pistonaddict.com\/lv\/product\/abarth-695-tributo-ferrari-no424\/\"]}]},{\"@type\":\"ImageObject\",\"inLanguage\":\"lv-LV\",\"@id\":\"https:\/\/pistonaddict.com\/lv\/product\/abarth-695-tributo-ferrari-no424\/#primaryimage\",\"url\":\"https:\/\/pistonaddict.com\/wp-content\/uploads\/2024\/01\/IMG-20240110-WA0149-1.jpg\",\"contentUrl\":\"https:\/\/pistonaddict.com\/wp-content\/uploads\/2024\/01\/IMG-20240110-WA0149-1.jpg\",\"width\":1600,\"height\":1200},{\"@type\":\"BreadcrumbList\",\"@id\":\"https:\/\/pistonaddict.com\/lv\/product\/abarth-695-tributo-ferrari-no424\/#breadcrumb\",\"itemListElement\":[{\"@type\":\"ListItem\",\"position\":1,\"name\":\"M\u0101jas lapa\",\"item\":\"https:\/\/pistonaddict.com\/lv\/majas-lapa-2\/\"},{\"@type\":\"ListItem\",\"position\":2,\"name\":\"Auctions\",\"item\":\"https:\/\/pistonaddict.com\/auctions-listing\/\"},{\"@type\":\"ListItem\",\"position\":3,\"name\":\"Abarth 695 Tributo Ferrari n\u00ba424\"}]},{\"@type\":\"WebSite\",\"@id\":\"https:\/\/pistonaddict.com\/lv\/#website\",\"url\":\"https:\/\/pistonaddict.com\/lv\/\",\"name\":\"Piston Addict\",\"description\":\"Only interesting vehicles\",\"publisher\":{\"@id\":\"https:\/\/pistonaddict.com\/lv\/#organization\"},\"potentialAction\":[{\"@type\":\"SearchAction\",\"target\":{\"@type\":\"EntryPoint\",\"urlTemplate\":\"https:\/\/pistonaddict.com\/lv\/?s={search_term_string}\"},\"query-input\":\"required name=search_term_string\"}],\"inLanguage\":\"lv-LV\"},{\"@type\":\"Organization\",\"@id\":\"https:\/\/pistonaddict.com\/lv\/#organization\",\"name\":\"Piston Addict\",\"url\":\"https:\/\/pistonaddict.com\/lv\/\",\"logo\":{\"@type\":\"ImageObject\",\"inLanguage\":\"lv-LV\",\"@id\":\"https:\/\/pistonaddict.com\/lv\/#\/schema\/logo\/image\/\",\"url\":\"https:\/\/pistonaddict.com\/wp-content\/uploads\/2022\/07\/logo-6.png\",\"contentUrl\":\"https:\/\/pistonaddict.com\/wp-content\/uploads\/2022\/07\/logo-6.png\",\"width\":970,\"height\":200,\"caption\":\"Piston Addict\"},\"image\":{\"@id\":\"https:\/\/pistonaddict.com\/lv\/#\/schema\/logo\/image\/\"}}]}<\/script>\n<!-- \/ Yoast SEO plugin. -->","yoast_head_json":{"title":"Abarth 695 Tributo Ferrari n\u00ba424 - Piston Addict","robots":{"index":"index","follow":"follow","max-snippet":"max-snippet:-1","max-image-preview":"max-image-preview:large","max-video-preview":"max-video-preview:-1"},"canonical":"https:\/\/pistonaddict.com\/lv\/product\/abarth-695-tributo-ferrari-no424\/","og_locale":"lv_LV","og_type":"article","og_title":"Abarth 695 Tributo Ferrari n\u00ba424 - Piston Addict","og_description":"Mazam pils\u0113tas automobilim nav oblig\u0101ti j\u0101b\u016bt tikai praktiskam p\u0101rvieto\u0161an\u0101s l\u012bdzeklim \u0161aur\u0101 vid\u0113. T\u0101 viet\u0101 ar atbilsto\u0161u apr\u012bkojumu zem p\u0101rsega tas var k\u013c\u016bt par \u012bstu kabatas ra\u0137eti, kas, ja ir atbilsto\u0161i sa\u0123\u0113rbta, ar\u012b izskat\u0101s satrieco\u0161i. Viens no \u0161\u0101diem automobi\u013ciem ir Abarth 500, kura pamat\u0101 ir Fiat \u0101rk\u0101rt\u012bgi veiksm\u012bg\u0101 60. gadu le\u0123end\u0101r\u0101 mode\u013ca reinkarn\u0101cija. Ta\u010du \u0161eit izsol\u0113 tiek pied\u0101v\u0101ts v\u0113l vair\u0101k izsmalcin\u0101ts Abarth 695 variants, kas ra\u017eots 2010. gad\u0101 un l\u012bdz \u0161im nobraucis tikai 6800 kilometrus. Turkl\u0101t \u0161is ir retais Tributo Ferrari modelis, kura ra\u017eo\u0161anas apjoms bija ierobe\u017eots l\u012bdz 1695 vien\u012bb\u0101m. Apskat\u012bsim, ko pied\u0101v\u0101 \u0161is ekskluz\u012bvais un agres\u012bv\u0101 izskata automobilis...","og_url":"https:\/\/pistonaddict.com\/lv\/product\/abarth-695-tributo-ferrari-no424\/","og_site_name":"Piston Addict","article_modified_time":"2024-03-20T08:46:48+00:00","og_image":[{"width":1600,"height":1200,"url":"https:\/\/pistonaddict.com\/wp-content\/uploads\/2024\/01\/IMG-20240110-WA0149-1.jpg","type":"image\/jpeg"}],"twitter_card":"summary_large_image","twitter_misc":{"Est. reading time":"3 minutes"},"schema":{"@context":"https:\/\/schema.org","@graph":[{"@type":"WebPage","@id":"https:\/\/pistonaddict.com\/lv\/product\/abarth-695-tributo-ferrari-no424\/","url":"https:\/\/pistonaddict.com\/lv\/product\/abarth-695-tributo-ferrari-no424\/","name":"Abarth 695 Tributo Ferrari n\u00ba424 - Piston Addict","isPartOf":{"@id":"https:\/\/pistonaddict.com\/lv\/#website"},"primaryImageOfPage":{"@id":"https:\/\/pistonaddict.com\/lv\/product\/abarth-695-tributo-ferrari-no424\/#primaryimage"},"image":{"@id":"https:\/\/pistonaddict.com\/lv\/product\/abarth-695-tributo-ferrari-no424\/#primaryimage"},"thumbnailUrl":"https:\/\/pistonaddict.com\/wp-content\/uploads\/2024\/01\/IMG-20240110-WA0149-1.jpg","datePublished":"2024-01-31T10:03:43+00:00","dateModified":"2024-03-20T08:46:48+00:00","breadcrumb":{"@id":"https:\/\/pistonaddict.com\/lv\/product\/abarth-695-tributo-ferrari-no424\/#breadcrumb"},"inLanguage":"lv-LV","potentialAction":[{"@type":"ReadAction","target":["https:\/\/pistonaddict.com\/lv\/product\/abarth-695-tributo-ferrari-no424\/"]}]},{"@type":"ImageObject","inLanguage":"lv-LV","@id":"https:\/\/pistonaddict.com\/lv\/product\/abarth-695-tributo-ferrari-no424\/#primaryimage","url":"https:\/\/pistonaddict.com\/wp-content\/uploads\/2024\/01\/IMG-20240110-WA0149-1.jpg","contentUrl":"https:\/\/pistonaddict.com\/wp-content\/uploads\/2024\/01\/IMG-20240110-WA0149-1.jpg","width":1600,"height":1200},{"@type":"BreadcrumbList","@id":"https:\/\/pistonaddict.com\/lv\/product\/abarth-695-tributo-ferrari-no424\/#breadcrumb","itemListElement":[{"@type":"ListItem","position":1,"name":"M\u0101jas lapa","item":"https:\/\/pistonaddict.com\/lv\/majas-lapa-2\/"},{"@type":"ListItem","position":2,"name":"Auctions","item":"https:\/\/pistonaddict.com\/auctions-listing\/"},{"@type":"ListItem","position":3,"name":"Abarth 695 Tributo Ferrari n\u00ba424"}]},{"@type":"WebSite","@id":"https:\/\/pistonaddict.com\/lv\/#website","url":"https:\/\/pistonaddict.com\/lv\/","name":"Piston Addict","description":"Only interesting vehicles","publisher":{"@id":"https:\/\/pistonaddict.com\/lv\/#organization"},"potentialAction":[{"@type":"SearchAction","target":{"@type":"EntryPoint","urlTemplate":"https:\/\/pistonaddict.com\/lv\/?s={search_term_string}"},"query-input":"required name=search_term_string"}],"inLanguage":"lv-LV"},{"@type":"Organization","@id":"https:\/\/pistonaddict.com\/lv\/#organization","name":"Piston Addict","url":"https:\/\/pistonaddict.com\/lv\/","logo":{"@type":"ImageObject","inLanguage":"lv-LV","@id":"https:\/\/pistonaddict.com\/lv\/#\/schema\/logo\/image\/","url":"https:\/\/pistonaddict.com\/wp-content\/uploads\/2022\/07\/logo-6.png","contentUrl":"https:\/\/pistonaddict.com\/wp-content\/uploads\/2022\/07\/logo-6.png","width":970,"height":200,"caption":"Piston Addict"},"image":{"@id":"https:\/\/pistonaddict.com\/lv\/#\/schema\/logo\/image\/"}}]}},"_links":{"self":[{"href":"https:\/\/pistonaddict.com\/lv\/wp-json\/wp\/v2\/product\/89355"}],"collection":[{"href":"https:\/\/pistonaddict.com\/lv\/wp-json\/wp\/v2\/product"}],"about":[{"href":"https:\/\/pistonaddict.com\/lv\/wp-json\/wp\/v2\/types\/product"}],"replies":[{"embeddable":true,"href":"https:\/\/pistonaddict.com\/lv\/wp-json\/wp\/v2\/comments?post=89355"}],"wp:featuredmedia":[{"embeddable":true,"href":"https:\/\/pistonaddict.com\/lv\/wp-json\/wp\/v2\/media\/89379"}],"wp:attachment":[{"href":"https:\/\/pistonaddict.com\/lv\/wp-json\/wp\/v2\/media?parent=89355"}],"wp:term":[{"taxonomy":"product_cat","embeddable":true,"href":"https:\/\/pistonaddict.com\/lv\/wp-json\/wp\/v2\/product_cat?post=89355"},{"taxonomy":"product_tag","embeddable":true,"href":"https:\/\/pistonaddict.com\/lv\/wp-json\/wp\/v2\/product_tag?post=89355"}],"curies":[{"name":"wp","href":"https:\/\/api.w.org\/{rel}","templated":true}]}}