{"id":82556,"date":"2024-01-17T09:08:31","date_gmt":"2024-01-17T08:08:31","guid":{"rendered":"https:\/\/pistonaddict.com\/product\/mg-a-kupeja\/"},"modified":"2024-05-29T10:47:16","modified_gmt":"2024-05-29T08:47:16","slug":"mg-a-coupe","status":"publish","type":"product","link":"https:\/\/pistonaddict.com\/lv\/product\/mg-a-coupe\/","title":{"rendered":"MG A kupeja"},"content":{"rendered":"<p><strong>Auto v\u0113sture<\/strong><\/p>\n<p>Lai gan MG tagad pieder \u0137\u012bnie\u0161iem un p\u0101rdod bl\u0101vu apvidus automobi\u013cu kl\u0101stu, \u0161is z\u012bmols uz visiem laikiem paliks k\u0101 sinon\u012bms kupej\u0101m un rodsteriem, kas savulaik bija Mazda Miatas. Mazie, veiklie, \u0101trie un jautrie t\u0101 laikmeta MG joproj\u0101m ir popul\u0101ri entuziastu vid\u016b vis\u0101 pasaul\u0113. Ar jaud\u012bgiem dzin\u0113jiem, aizmugur\u0113jo rite\u0146u piedzi\u0146u, prec\u012bzu st\u016br\u0113\u0161anu un dinamisku veiktsp\u0113ju MG v\u0113l pirms Otr\u0101 pasaules kara aizs\u0101ka pieejamu sporta automobi\u013cu rad\u012b\u0161anu. Tom\u0113r, kad 1955. gad\u0101 par\u0101d\u012bj\u0101s MG A, tas bija moderns modelis ne tikai izskata, bet ar\u012b tehnolo\u0123iju zi\u0146\u0101. To izdev\u0101s diezgan labi p\u0101rdot Amerik\u0101, t\u0101d\u0113j\u0101di dodot uz\u0146\u0113mumam stimulu daudziem turpm\u0101kajiem mode\u013ciem. Kr\u0101\u0161\u0146s izskats apvienojum\u0101 ar pan\u0101kumiem autosport\u0101 bija MG A uzvaras formula, kas to padara tik \u012bpa\u0161u un iek\u0101rojamu. \u0160is konkr\u0113tais eksempl\u0101rs tika ra\u017eots 1959. gad\u0101, un tas ir otr\u0101s s\u0113rijas modelis ar jaud\u012bg\u0101ku 1600 cm3 dzin\u0113ju ar 80 ZS. Tas bija iev\u0113rojams skaitlis t\u0101 laika standartiem, un, pateicoties 4 pak\u0101pju manu\u0101lajai p\u0101rnesumk\u0101rbai ar tuvu p\u0101rnesumk\u0101rbai, tas ar\u012b \u0161odien sp\u0113j sniegt t\u0101du pa\u0161u saj\u016bsmu k\u0101 pirms gadiem. MG A 1600 bija paz\u012bstams ar priek\u0161\u0113j\u0101m disku bremz\u0113m, kas 1959. gad\u0101 bija \u013coti progres\u012bva tehnolo\u0123ija. \u0160is ir viens no tikai 31 000 eksempl\u0101ru, kas izgatavoti laik\u0101 no 1959. l\u012bdz 1962. gadam, kad MG A ra\u017eo\u0161ana tika p\u0101rtraukta.<\/p>\n<p><strong>Interjers<\/strong><\/p>\n<p>\u0160\u012b 1959. gada MG A Coupe 1600 salona apdare ir pabeigta ar sarkanu \u0101du un ir ide\u0101l\u0101 st\u0101vokl\u012b. Viss ir darba k\u0101rt\u012bb\u0101 un ar pietiekami daudz patinas, lai padar\u012btu to tik burv\u012bgu, t\u0101 s\u0113dek\u013ci ir lieliska vieta, kur izbaud\u012bt \u0161o automobili. Lai gan 65 gadus vec\u0101 automa\u0161\u012bn\u0101 nevar run\u0101t par modern\u0101m funkcij\u0101m, taj\u0101 ir burv\u012bgi analogie ciparn\u012bcas un sild\u012bt\u0101js, kas savulaik tiktu uzskat\u012bts par augst\u0101k\u0101s klases apr\u012bkojumu. Dro\u0161\u012bbas un lieto\u0161anas \u0113rt\u012bbas labad dro\u0161\u012bbas jostas ir moderniz\u0113tas un p\u0101rveidotas par modern\u0101k\u0101m, tr\u012bs punktu dro\u0161\u012bbas jost\u0101m.<\/p>\n<p><strong>St\u0101voklis<\/strong><\/p>\n<p>Ar tikai 51,824 kilometri no jauna (dom\u0101jams, ka ori\u0123in\u0101ls), \u0161is MG A ir bijis priek\u0161mets r\u016bp\u012bgu un vieglu atjauno\u0161anu k\u0101dreiz pag\u0101tn\u0113 (\u016adens s\u016bknis, aizmugur\u0113j\u0101s bremzes un karbur\u0101cija ir main\u012bti 2022. gad\u0101). Par laimi, visas deta\u013cas ir r\u016bp\u012bgi atjaunotas, un automa\u0161\u012bna ir \u013coti atbilsto\u0161\u0101 st\u0101vokl\u012b, bez r\u016bsas, piln\u012bb\u0101 funkcion\u0113jo\u0161a un bez meh\u0101nisk\u0101m probl\u0113m\u0101m. P\u0101rdev\u0113js transportl\u012bdzekli ieg\u0101d\u0101j\u0101s nesen un 2023. gada beig\u0101s veica regul\u0101ru tehnisko apkopi, un tikai pirms da\u017e\u0101m dien\u0101m, 2024. gada janv\u0101r\u012b, tika veikta brem\u017eu kapit\u0101lais remonts.<\/p>\n<p><strong>\u0100rpuse un rite\u0146i<\/strong><\/p>\n<p>Klasisk\u0101 meln\u0101 kr\u0101sa ir piekl\u0101j\u012bg\u0101 st\u0101vokl\u012b, bez iespiedumiem un lieliem skr\u0101p\u0113jumiem. Viss hroms (kas ir \u013coti svar\u012bgs \u0161\u0101diem klasiskiem automobi\u013ciem) ir perfekt\u0101 st\u0101vokl\u012b, ieskaitot re\u017e\u0123i, bamperus un apdares deta\u013cas. Meln\u0101 virsb\u016bves un sarkan\u0101 salona kombin\u0101cija ir p\u0101rsteidzo\u0161a un izce\u013c automobi\u013ca l\u012bnijas. Ori\u0123in\u0101lie 15 collu rite\u0146u diski ir apvilkti ar piln\u012bgi jaun\u0101m gumij\u0101m, t\u0101p\u0113c \u0161is automobilis ir piln\u012bb\u0101 gatavs n\u0101kamajam \u012bpa\u0161niekam un \u0161\u012bs vasaras ned\u0113\u013cas nogales braucieniem.<\/p>\n<p><strong>Dokument\u0101cija<\/strong><\/p>\n<p>D\u012bleris p\u0101rdod \u0161o transportl\u012bdzekli ar atbilsto\u0161u dokument\u0101ciju (visi r\u0113\u0137ini, Lielbrit\u0101nijas autob\u016bves nozares mantojuma tresta apliecin\u0101ta kopija un lieto\u0161anas instrukcija), kas atrodas Sp\u0101nij\u0101. T\u0101 k\u0101 \u0161\u012b automa\u0161\u012bna ir dat\u0113ta ar 1959. gadu, nav CarFax zi\u0146ojumu, bet nav pier\u0101d\u012bjumu par negad\u012bjumiem, negad\u012bjumu remontiem, \u012bpa\u0161umties\u012bb\u0101m vai juridisk\u0101m probl\u0113m\u0101m. Ir regul\u0101ras tehnisk\u0101s apkopes dokumenti un kv\u012btis.<br \/>\n<strong>Sp\u0101nijas MOT (ITV), kas der\u012bgs l\u012bdz 2028. gada augustam.<\/strong><\/p>\n<p><strong>P\u0101rbaudiet \u0161\u012b skaist\u0101 MG A Coupe aukst\u0101 starta video:<\/strong><\/p>\n<p><iframe title=\"Cold Start Video of MGA coupe\" width=\"1200\" height=\"675\" src=\"https:\/\/www.youtube.com\/embed\/IaLRg9Rs9iY?feature=oembed\" frameborder=\"0\" allow=\"accelerometer; autoplay; clipboard-write; encrypted-media; gyroscope; picture-in-picture; web-share\" allowfullscreen><\/iframe><\/p>\n","protected":false},"excerpt":{"rendered":"<p>Ja v\u0113lamies izp\u0113t\u012bt m\u016bsdienu sporta automobi\u013cu pirms\u0101kumus, j\u0101s\u0101k ar le\u0123end\u0101ro MG A. \u0160is sporta automobilis ar racionaliz\u0113tu virsb\u016bvi, apgriezienus uz\u0146emo\u0161iem dzin\u0113jiem, lielisku veiktsp\u0113ju (laikmetam) un pieejamu cenu revolucioniz\u0113ja \u0161o segmentu. Tas joproj\u0101m ir viens no visu laiku b\u016btisk\u0101kajiem britu kupejas automobi\u013ciem.<\/p>\n","protected":false},"featured_media":81148,"comment_status":"open","ping_status":"closed","template":"","meta":{"inline_featured_image":false},"product_cat":[751],"product_tag":[2873,949,2871],"acf":[],"yoast_head":"<!-- This site is optimized with the Yoast SEO plugin v22.5 - https:\/\/yoast.com\/wordpress\/plugins\/seo\/ -->\n<title>MG A kupeja - Piston Addict<\/title>\n<meta name=\"robots\" content=\"index, follow, max-snippet:-1, max-image-preview:large, max-video-preview:-1\" \/>\n<link rel=\"canonical\" href=\"https:\/\/pistonaddict.com\/lv\/product\/mg-a-coupe\/\" \/>\n<meta property=\"og:locale\" content=\"lv_LV\" \/>\n<meta property=\"og:type\" content=\"article\" \/>\n<meta property=\"og:title\" content=\"MG A kupeja - Piston Addict\" \/>\n<meta property=\"og:description\" content=\"Ja v\u0113lamies izp\u0113t\u012bt m\u016bsdienu sporta automobi\u013cu pirms\u0101kumus, j\u0101s\u0101k ar le\u0123end\u0101ro MG A. \u0160is sporta automobilis ar racionaliz\u0113tu virsb\u016bvi, apgriezienus uz\u0146emo\u0161iem dzin\u0113jiem, lielisku veiktsp\u0113ju (laikmetam) un pieejamu cenu revolucioniz\u0113ja \u0161o segmentu. Tas joproj\u0101m ir viens no visu laiku b\u016btisk\u0101kajiem britu kupejas automobi\u013ciem.\" \/>\n<meta property=\"og:url\" content=\"https:\/\/pistonaddict.com\/lv\/product\/mg-a-coupe\/\" \/>\n<meta property=\"og:site_name\" content=\"Piston Addict\" \/>\n<meta property=\"article:modified_time\" content=\"2024-05-29T08:47:16+00:00\" \/>\n<meta property=\"og:image\" content=\"https:\/\/pistonaddict.com\/wp-content\/uploads\/2024\/01\/IMG-20231031-WA0006.jpg\" \/>\n\t<meta property=\"og:image:width\" content=\"1600\" \/>\n\t<meta property=\"og:image:height\" content=\"1200\" \/>\n\t<meta property=\"og:image:type\" content=\"image\/jpeg\" \/>\n<meta name=\"twitter:card\" content=\"summary_large_image\" \/>\n<meta name=\"twitter:label1\" content=\"Est. reading time\" \/>\n\t<meta name=\"twitter:data1\" content=\"3 minutes\" \/>\n<script type=\"application\/ld+json\" class=\"yoast-schema-graph\">{\"@context\":\"https:\/\/schema.org\",\"@graph\":[{\"@type\":\"WebPage\",\"@id\":\"https:\/\/pistonaddict.com\/lv\/product\/mg-a-coupe\/\",\"url\":\"https:\/\/pistonaddict.com\/lv\/product\/mg-a-coupe\/\",\"name\":\"MG A kupeja - Piston Addict\",\"isPartOf\":{\"@id\":\"https:\/\/pistonaddict.com\/lv\/#website\"},\"primaryImageOfPage\":{\"@id\":\"https:\/\/pistonaddict.com\/lv\/product\/mg-a-coupe\/#primaryimage\"},\"image\":{\"@id\":\"https:\/\/pistonaddict.com\/lv\/product\/mg-a-coupe\/#primaryimage\"},\"thumbnailUrl\":\"https:\/\/pistonaddict.com\/wp-content\/uploads\/2024\/01\/IMG-20231031-WA0006.jpg\",\"datePublished\":\"2024-01-17T08:08:31+00:00\",\"dateModified\":\"2024-05-29T08:47:16+00:00\",\"breadcrumb\":{\"@id\":\"https:\/\/pistonaddict.com\/lv\/product\/mg-a-coupe\/#breadcrumb\"},\"inLanguage\":\"lv-LV\",\"potentialAction\":[{\"@type\":\"ReadAction\",\"target\":[\"https:\/\/pistonaddict.com\/lv\/product\/mg-a-coupe\/\"]}]},{\"@type\":\"ImageObject\",\"inLanguage\":\"lv-LV\",\"@id\":\"https:\/\/pistonaddict.com\/lv\/product\/mg-a-coupe\/#primaryimage\",\"url\":\"https:\/\/pistonaddict.com\/wp-content\/uploads\/2024\/01\/IMG-20231031-WA0006.jpg\",\"contentUrl\":\"https:\/\/pistonaddict.com\/wp-content\/uploads\/2024\/01\/IMG-20231031-WA0006.jpg\",\"width\":1600,\"height\":1200},{\"@type\":\"BreadcrumbList\",\"@id\":\"https:\/\/pistonaddict.com\/lv\/product\/mg-a-coupe\/#breadcrumb\",\"itemListElement\":[{\"@type\":\"ListItem\",\"position\":1,\"name\":\"M\u0101jas lapa\",\"item\":\"https:\/\/pistonaddict.com\/lv\/majas-lapa-2\/\"},{\"@type\":\"ListItem\",\"position\":2,\"name\":\"Auctions\",\"item\":\"https:\/\/pistonaddict.com\/auctions-listing\/\"},{\"@type\":\"ListItem\",\"position\":3,\"name\":\"MG A kupeja\"}]},{\"@type\":\"WebSite\",\"@id\":\"https:\/\/pistonaddict.com\/lv\/#website\",\"url\":\"https:\/\/pistonaddict.com\/lv\/\",\"name\":\"Piston Addict\",\"description\":\"Only interesting vehicles\",\"publisher\":{\"@id\":\"https:\/\/pistonaddict.com\/lv\/#organization\"},\"potentialAction\":[{\"@type\":\"SearchAction\",\"target\":{\"@type\":\"EntryPoint\",\"urlTemplate\":\"https:\/\/pistonaddict.com\/lv\/?s={search_term_string}\"},\"query-input\":\"required name=search_term_string\"}],\"inLanguage\":\"lv-LV\"},{\"@type\":\"Organization\",\"@id\":\"https:\/\/pistonaddict.com\/lv\/#organization\",\"name\":\"Piston Addict\",\"url\":\"https:\/\/pistonaddict.com\/lv\/\",\"logo\":{\"@type\":\"ImageObject\",\"inLanguage\":\"lv-LV\",\"@id\":\"https:\/\/pistonaddict.com\/lv\/#\/schema\/logo\/image\/\",\"url\":\"https:\/\/pistonaddict.com\/wp-content\/uploads\/2022\/07\/logo-6.png\",\"contentUrl\":\"https:\/\/pistonaddict.com\/wp-content\/uploads\/2022\/07\/logo-6.png\",\"width\":970,\"height\":200,\"caption\":\"Piston Addict\"},\"image\":{\"@id\":\"https:\/\/pistonaddict.com\/lv\/#\/schema\/logo\/image\/\"}}]}<\/script>\n<!-- \/ Yoast SEO plugin. -->","yoast_head_json":{"title":"MG A kupeja - Piston Addict","robots":{"index":"index","follow":"follow","max-snippet":"max-snippet:-1","max-image-preview":"max-image-preview:large","max-video-preview":"max-video-preview:-1"},"canonical":"https:\/\/pistonaddict.com\/lv\/product\/mg-a-coupe\/","og_locale":"lv_LV","og_type":"article","og_title":"MG A kupeja - Piston Addict","og_description":"Ja v\u0113lamies izp\u0113t\u012bt m\u016bsdienu sporta automobi\u013cu pirms\u0101kumus, j\u0101s\u0101k ar le\u0123end\u0101ro MG A. \u0160is sporta automobilis ar racionaliz\u0113tu virsb\u016bvi, apgriezienus uz\u0146emo\u0161iem dzin\u0113jiem, lielisku veiktsp\u0113ju (laikmetam) un pieejamu cenu revolucioniz\u0113ja \u0161o segmentu. Tas joproj\u0101m ir viens no visu laiku b\u016btisk\u0101kajiem britu kupejas automobi\u013ciem.","og_url":"https:\/\/pistonaddict.com\/lv\/product\/mg-a-coupe\/","og_site_name":"Piston Addict","article_modified_time":"2024-05-29T08:47:16+00:00","og_image":[{"width":1600,"height":1200,"url":"https:\/\/pistonaddict.com\/wp-content\/uploads\/2024\/01\/IMG-20231031-WA0006.jpg","type":"image\/jpeg"}],"twitter_card":"summary_large_image","twitter_misc":{"Est. reading time":"3 minutes"},"schema":{"@context":"https:\/\/schema.org","@graph":[{"@type":"WebPage","@id":"https:\/\/pistonaddict.com\/lv\/product\/mg-a-coupe\/","url":"https:\/\/pistonaddict.com\/lv\/product\/mg-a-coupe\/","name":"MG A kupeja - Piston Addict","isPartOf":{"@id":"https:\/\/pistonaddict.com\/lv\/#website"},"primaryImageOfPage":{"@id":"https:\/\/pistonaddict.com\/lv\/product\/mg-a-coupe\/#primaryimage"},"image":{"@id":"https:\/\/pistonaddict.com\/lv\/product\/mg-a-coupe\/#primaryimage"},"thumbnailUrl":"https:\/\/pistonaddict.com\/wp-content\/uploads\/2024\/01\/IMG-20231031-WA0006.jpg","datePublished":"2024-01-17T08:08:31+00:00","dateModified":"2024-05-29T08:47:16+00:00","breadcrumb":{"@id":"https:\/\/pistonaddict.com\/lv\/product\/mg-a-coupe\/#breadcrumb"},"inLanguage":"lv-LV","potentialAction":[{"@type":"ReadAction","target":["https:\/\/pistonaddict.com\/lv\/product\/mg-a-coupe\/"]}]},{"@type":"ImageObject","inLanguage":"lv-LV","@id":"https:\/\/pistonaddict.com\/lv\/product\/mg-a-coupe\/#primaryimage","url":"https:\/\/pistonaddict.com\/wp-content\/uploads\/2024\/01\/IMG-20231031-WA0006.jpg","contentUrl":"https:\/\/pistonaddict.com\/wp-content\/uploads\/2024\/01\/IMG-20231031-WA0006.jpg","width":1600,"height":1200},{"@type":"BreadcrumbList","@id":"https:\/\/pistonaddict.com\/lv\/product\/mg-a-coupe\/#breadcrumb","itemListElement":[{"@type":"ListItem","position":1,"name":"M\u0101jas lapa","item":"https:\/\/pistonaddict.com\/lv\/majas-lapa-2\/"},{"@type":"ListItem","position":2,"name":"Auctions","item":"https:\/\/pistonaddict.com\/auctions-listing\/"},{"@type":"ListItem","position":3,"name":"MG A kupeja"}]},{"@type":"WebSite","@id":"https:\/\/pistonaddict.com\/lv\/#website","url":"https:\/\/pistonaddict.com\/lv\/","name":"Piston Addict","description":"Only interesting vehicles","publisher":{"@id":"https:\/\/pistonaddict.com\/lv\/#organization"},"potentialAction":[{"@type":"SearchAction","target":{"@type":"EntryPoint","urlTemplate":"https:\/\/pistonaddict.com\/lv\/?s={search_term_string}"},"query-input":"required name=search_term_string"}],"inLanguage":"lv-LV"},{"@type":"Organization","@id":"https:\/\/pistonaddict.com\/lv\/#organization","name":"Piston Addict","url":"https:\/\/pistonaddict.com\/lv\/","logo":{"@type":"ImageObject","inLanguage":"lv-LV","@id":"https:\/\/pistonaddict.com\/lv\/#\/schema\/logo\/image\/","url":"https:\/\/pistonaddict.com\/wp-content\/uploads\/2022\/07\/logo-6.png","contentUrl":"https:\/\/pistonaddict.com\/wp-content\/uploads\/2022\/07\/logo-6.png","width":970,"height":200,"caption":"Piston Addict"},"image":{"@id":"https:\/\/pistonaddict.com\/lv\/#\/schema\/logo\/image\/"}}]}},"_links":{"self":[{"href":"https:\/\/pistonaddict.com\/lv\/wp-json\/wp\/v2\/product\/82556"}],"collection":[{"href":"https:\/\/pistonaddict.com\/lv\/wp-json\/wp\/v2\/product"}],"about":[{"href":"https:\/\/pistonaddict.com\/lv\/wp-json\/wp\/v2\/types\/product"}],"replies":[{"embeddable":true,"href":"https:\/\/pistonaddict.com\/lv\/wp-json\/wp\/v2\/comments?post=82556"}],"wp:featuredmedia":[{"embeddable":true,"href":"https:\/\/pistonaddict.com\/lv\/wp-json\/wp\/v2\/media\/81148"}],"wp:attachment":[{"href":"https:\/\/pistonaddict.com\/lv\/wp-json\/wp\/v2\/media?parent=82556"}],"wp:term":[{"taxonomy":"product_cat","embeddable":true,"href":"https:\/\/pistonaddict.com\/lv\/wp-json\/wp\/v2\/product_cat?post=82556"},{"taxonomy":"product_tag","embeddable":true,"href":"https:\/\/pistonaddict.com\/lv\/wp-json\/wp\/v2\/product_tag?post=82556"}],"curies":[{"name":"wp","href":"https:\/\/api.w.org\/{rel}","templated":true}]}}