{"id":79068,"date":"2023-12-13T14:41:14","date_gmt":"2023-12-13T13:41:14","guid":{"rendered":"https:\/\/pistonaddict.com\/product\/alpine-a110\/"},"modified":"2024-03-20T09:42:32","modified_gmt":"2024-03-20T08:42:32","slug":"alpine-a110","status":"publish","type":"product","link":"https:\/\/pistonaddict.com\/lv\/product\/alpine-a110\/","title":{"rendered":"Alpine A110"},"content":{"rendered":"<p><strong>Auto v\u0113sture<\/strong><\/p>\n<p>Vair\u0101ku paaud\u017eu sporta automobi\u013cu cien\u012bt\u0101jiem, kas uzaugu\u0161i 60. un 70. gados, Alpine v\u0101rds ir sinon\u012bms rallija \u010dempion\u0101tiem, sp\u0113c\u012bgai veiktsp\u0113jai un nep\u0101rsp\u0113jamai kl\u0101tb\u016btnei uz ielas. Lai gan Alpine izmantoja standarta Renault komponentus, automobi\u013ciem bija gandr\u012bz superauto pievilc\u012bba, un tie bija entuziastu iecien\u012bti ar savu izskatu un brauk\u0161anas dinamiku. Ta\u010du 90. gadu s\u0101kum\u0101 z\u012bmols aizg\u0101ja neb\u016bt\u012bb\u0101, gandr\u012bz aizmirsts visiem, iz\u0146emot pa\u0161us kv\u0113l\u0101kos fanus. Par laimi, Renault saprata, cik noz\u012bm\u012bgs ir \u0161\u012b le\u0123end\u0101r\u0101 v\u0101rda potenci\u0101ls, un ieguld\u012bja lielus l\u012bdzek\u013cus pavisam jaun\u0101 model\u012b ar piln\u012bb\u0101 alum\u012bnija virsb\u016bvi, centr\u0101 novietotu dzin\u0113ju un \u0101tru divsaj\u016bgu p\u0101rnesumk\u0101rbu. Ikonisk\u0101 un retro-fut\u016bristisk\u0101 izskata apvienojums ar Clio RS dzin\u0113ju un \u012bpa\u0161i piel\u0101gotiem virsb\u016bves un balstiek\u0101rtas iestat\u012bjumiem rad\u012bja t\u016bl\u012bt\u0113ju klasiku un, iesp\u0113jams, lab\u0101ko desmitgades sporta automobili. Ar 1,8 litru turbokompresoru, kas p\u0101rvada jaudu uz aizmugur\u0113jiem rite\u0146iem, \u0161is kr\u0101\u0161\u0146ais divviet\u012bgais automobilis var sasniegt diezgan p\u0101rliecino\u0161u 0-100 km\/h (60 mph) laiku &#8211; 4,5 sekundes. Tom\u0113r skait\u013ci \u0161o automa\u0161\u012bnu neatspogu\u013co. Alpine A110, kura pa\u0161masa ir nedaudz liel\u0101ka par vienu tonnu, lido l\u012bkumos un ir viegli vad\u0101ms k\u0101 sapnis. Nep\u0101rsp\u0113jam\u0101 brauk\u0161anas dinamika ir tie\u0161i tas iemesls, k\u0101d\u0113\u013c tas ir daudzu \u017eurn\u0101lu recenziju favor\u012bts.<\/p>\n<p><strong>Interjers<\/strong><\/p>\n<p>T\u0101 k\u0101 \u0161is modelis ir sal\u012bdzino\u0161i jauns un ar nelielu nobraukumu, \u0101das salons ir k\u0101 jauns, bez nodiluma paz\u012bm\u0113m. Pieredz\u0113ju\u0161i pirc\u0113ji paman\u012bs, ka ir pieejami papildu &#8220;GT&#8221; s\u0113dek\u013ci, kas ir apsveicams papildin\u0101jums, k\u0101 ar\u012b da\u017ei oglek\u013ca apdares elementi, kas pie\u0161\u0137ir autosporta stilam. Tom\u0113r svar\u012bga ir Focal premium audio sist\u0113ma, kas ir reti sastopama opcija.<\/p>\n<p><strong>St\u0101voklis<\/strong><\/p>\n<p>Konkr\u0113tais modelis tika pieg\u0101d\u0101ts jauns 2021. gad\u0101, un kop\u0161 t\u0101 laika tas ir nobraucis nedaudz vair\u0101k par 30 000 km. Tas ir labi kopts automobilis, kas tiek izmantots brauk\u0161anai par prieku, glu\u017ei k\u0101 to bija izdom\u0101ju\u0161i t\u0101 konstruktori. Divi g\u0101d\u012bgi \u012bpa\u0161nieki no jauna to nekad nav izsekoju\u0161i vai saboj\u0101ju\u0161i. Faktiski s\u0101kotn\u0113jais \u012bpa\u0161nieks bija Alpine Spain komercdirektors. P\u0113d\u0113jo apkopi veica 2023. gada novembr\u012b, un pavisam nesen, 2023. gada decembr\u012b, tika veikta brem\u017eu kapit\u0101lais remonts. Iepriek\u0161\u0113j\u0101 e\u013c\u013cas mai\u0146a tika veikta septembr\u012b. <strong>\u0160im Alpine A110 joproj\u0101m ir sp\u0113k\u0101 r\u016bpn\u012bcas garantija l\u012bdz 2024. gada novembrim, t\u0101p\u0113c visi apkopes darbi tika veikti ofici\u0101laj\u0101 servis\u0101 Sp\u0101nij\u0101<\/strong>.<\/p>\n<p><strong> <\/strong><strong>\u0100rpuse un rite\u0146i<\/strong><\/p>\n<p>\u0160is Alpine A110 ir nokr\u0101sots balt\u0101 kr\u0101s\u0101 ar \u013coti interesantu grafisko paketi, un tam ir unik\u0101ls izskats ar \u012bpa\u0161iem, tikai Alpine paredz\u0113tiem 18 collu diskiem. Virsb\u016bvei nav nek\u0101du boj\u0101jumu, boj\u0101jumu vai skr\u0101p\u0113jumu, un riepas ir piekl\u0101j\u012bg\u0101 st\u0101vokl\u012b &#8211; p\u0113c p\u0101rdev\u0113ja teikt\u0101, t\u0101s ir lietotas 50 % apm\u0113r\u0101. Riepas ir Michelin Pilot Sport, un t\u0101s ir ra\u017eotas 2021. gada beig\u0101s.<\/p>\n<p><strong>Dokument\u0101cija<\/strong><\/p>\n<p>D\u012bleris p\u0101rdod \u0161o transportl\u012bdzekli ar atbilsto\u0161u dokument\u0101ciju, kas atrodas Sp\u0101nij\u0101. <a href=\"https:\/\/pistonaddict.com\/wp-content\/uploads\/2023\/12\/AlpineA110.pdf\">CarFax zi\u0146ojums<\/a> ir t\u012brs; nav pier\u0101d\u012bjumu par negad\u012bjumiem, negad\u012bjumu remontu, \u012bpa\u0161umties\u012bb\u0101m vai juridisk\u0101m probl\u0113m\u0101m. Ir regul\u0101ras tehnisk\u0101s apkopes dokumenti, p\u0101rdo\u0161anas r\u0113\u0137ini un kv\u012btis. \u0160im Alpine A110 joproj\u0101m ir sp\u0113k\u0101 r\u016bpn\u012bcas garantija, kas ir nododama n\u0101kamajam \u012bpa\u0161niekam.<\/p>\n<p><strong>Skatiet \u0161\u012b skaist\u0101 Alpine A110 aukst\u0101s iedarbin\u0101\u0161anas video:<\/strong><\/p>\n<p><iframe title=\"Cold Start Video of this great Alpine A110 for auction sale\" width=\"1200\" height=\"675\" src=\"https:\/\/www.youtube.com\/embed\/FlqeDNY4UtI?feature=oembed\" frameborder=\"0\" allow=\"accelerometer; autoplay; clipboard-write; encrypted-media; gyroscope; picture-in-picture; web-share\" allowfullscreen><\/iframe><\/p>\n","protected":false},"excerpt":{"rendered":"<p>P\u0113d\u0113jo p\u0101ris gadu karst\u0101kais sporta automobilis nav Ferrari, Lamborghini vai McLaren. Tas ir Alpine A110 ar \u012bpa\u0161i piel\u0101gotu, \u013coti vieglu virsb\u016bvi, izteiksm\u012bgu \u010detru cilindru turbokompresoru un dinamisku veiktsp\u0113ju. \u0160is divviet\u012bgais automobilis sporta automobi\u013cu faniem atg\u0101din\u0101ja, kas ir brauk\u0161ana, un triumf\u0101li atgriez\u0101s le\u0123end\u0101r\u0101 z\u012bmola tirg\u016b. \u0160odien m\u0113s ar lepnumu pied\u0101v\u0101jam vienu no lab\u0101kajiem \u0161\u012b \u013coti ietekm\u012bg\u0101 sporta automobi\u013ca paraugiem.<\/p>\n","protected":false},"featured_media":78359,"comment_status":"open","ping_status":"closed","template":"","meta":{"inline_featured_image":false},"product_cat":[751],"product_tag":[2843,2840,943],"acf":[],"yoast_head":"<!-- This site is optimized with the Yoast SEO plugin v22.5 - https:\/\/yoast.com\/wordpress\/plugins\/seo\/ -->\n<title>Alpine A110 izsoles - Piston Addict<\/title>\n<meta name=\"robots\" content=\"index, follow, max-snippet:-1, max-image-preview:large, max-video-preview:-1\" \/>\n<link rel=\"canonical\" href=\"https:\/\/pistonaddict.com\/lv\/product\/alpine-a110\/\" \/>\n<meta property=\"og:locale\" content=\"lv_LV\" \/>\n<meta property=\"og:type\" content=\"article\" \/>\n<meta property=\"og:title\" content=\"Alpine A110 izsoles - Piston Addict\" \/>\n<meta property=\"og:description\" content=\"P\u0113d\u0113jo p\u0101ris gadu karst\u0101kais sporta automobilis nav Ferrari, Lamborghini vai McLaren. Tas ir Alpine A110 ar \u012bpa\u0161i piel\u0101gotu, \u013coti vieglu virsb\u016bvi, izteiksm\u012bgu \u010detru cilindru turbokompresoru un dinamisku veiktsp\u0113ju. \u0160is divviet\u012bgais automobilis sporta automobi\u013cu faniem atg\u0101din\u0101ja, kas ir brauk\u0161ana, un triumf\u0101li atgriez\u0101s le\u0123end\u0101r\u0101 z\u012bmola tirg\u016b. \u0160odien m\u0113s ar lepnumu pied\u0101v\u0101jam vienu no lab\u0101kajiem \u0161\u012b \u013coti ietekm\u012bg\u0101 sporta automobi\u013ca paraugiem.\" \/>\n<meta property=\"og:url\" content=\"https:\/\/pistonaddict.com\/lv\/product\/alpine-a110\/\" \/>\n<meta property=\"og:site_name\" content=\"Piston Addict\" \/>\n<meta property=\"article:modified_time\" content=\"2024-03-20T08:42:32+00:00\" \/>\n<meta property=\"og:image\" content=\"https:\/\/pistonaddict.com\/wp-content\/uploads\/2023\/12\/4517LTW_01.jpg\" \/>\n\t<meta property=\"og:image:width\" content=\"1440\" \/>\n\t<meta property=\"og:image:height\" content=\"1080\" \/>\n\t<meta property=\"og:image:type\" content=\"image\/jpeg\" \/>\n<meta name=\"twitter:card\" content=\"summary_large_image\" \/>\n<meta name=\"twitter:label1\" content=\"Est. reading time\" \/>\n\t<meta name=\"twitter:data1\" content=\"3 minutes\" \/>\n<script type=\"application\/ld+json\" class=\"yoast-schema-graph\">{\"@context\":\"https:\/\/schema.org\",\"@graph\":[{\"@type\":\"WebPage\",\"@id\":\"https:\/\/pistonaddict.com\/lv\/product\/alpine-a110\/\",\"url\":\"https:\/\/pistonaddict.com\/lv\/product\/alpine-a110\/\",\"name\":\"Alpine A110 izsoles - Piston Addict\",\"isPartOf\":{\"@id\":\"https:\/\/pistonaddict.com\/lv\/#website\"},\"primaryImageOfPage\":{\"@id\":\"https:\/\/pistonaddict.com\/lv\/product\/alpine-a110\/#primaryimage\"},\"image\":{\"@id\":\"https:\/\/pistonaddict.com\/lv\/product\/alpine-a110\/#primaryimage\"},\"thumbnailUrl\":\"https:\/\/pistonaddict.com\/wp-content\/uploads\/2023\/12\/4517LTW_01.jpg\",\"datePublished\":\"2023-12-13T13:41:14+00:00\",\"dateModified\":\"2024-03-20T08:42:32+00:00\",\"breadcrumb\":{\"@id\":\"https:\/\/pistonaddict.com\/lv\/product\/alpine-a110\/#breadcrumb\"},\"inLanguage\":\"lv-LV\",\"potentialAction\":[{\"@type\":\"ReadAction\",\"target\":[\"https:\/\/pistonaddict.com\/lv\/product\/alpine-a110\/\"]}]},{\"@type\":\"ImageObject\",\"inLanguage\":\"lv-LV\",\"@id\":\"https:\/\/pistonaddict.com\/lv\/product\/alpine-a110\/#primaryimage\",\"url\":\"https:\/\/pistonaddict.com\/wp-content\/uploads\/2023\/12\/4517LTW_01.jpg\",\"contentUrl\":\"https:\/\/pistonaddict.com\/wp-content\/uploads\/2023\/12\/4517LTW_01.jpg\",\"width\":1440,\"height\":1080},{\"@type\":\"BreadcrumbList\",\"@id\":\"https:\/\/pistonaddict.com\/lv\/product\/alpine-a110\/#breadcrumb\",\"itemListElement\":[{\"@type\":\"ListItem\",\"position\":1,\"name\":\"M\u0101jas lapa\",\"item\":\"https:\/\/pistonaddict.com\/lv\/majas-lapa-2\/\"},{\"@type\":\"ListItem\",\"position\":2,\"name\":\"Auctions\",\"item\":\"https:\/\/pistonaddict.com\/auctions-listing\/\"},{\"@type\":\"ListItem\",\"position\":3,\"name\":\"Alpine A110\"}]},{\"@type\":\"WebSite\",\"@id\":\"https:\/\/pistonaddict.com\/lv\/#website\",\"url\":\"https:\/\/pistonaddict.com\/lv\/\",\"name\":\"Piston Addict\",\"description\":\"Only interesting vehicles\",\"publisher\":{\"@id\":\"https:\/\/pistonaddict.com\/lv\/#organization\"},\"potentialAction\":[{\"@type\":\"SearchAction\",\"target\":{\"@type\":\"EntryPoint\",\"urlTemplate\":\"https:\/\/pistonaddict.com\/lv\/?s={search_term_string}\"},\"query-input\":\"required name=search_term_string\"}],\"inLanguage\":\"lv-LV\"},{\"@type\":\"Organization\",\"@id\":\"https:\/\/pistonaddict.com\/lv\/#organization\",\"name\":\"Piston Addict\",\"url\":\"https:\/\/pistonaddict.com\/lv\/\",\"logo\":{\"@type\":\"ImageObject\",\"inLanguage\":\"lv-LV\",\"@id\":\"https:\/\/pistonaddict.com\/lv\/#\/schema\/logo\/image\/\",\"url\":\"https:\/\/pistonaddict.com\/wp-content\/uploads\/2022\/07\/logo-6.png\",\"contentUrl\":\"https:\/\/pistonaddict.com\/wp-content\/uploads\/2022\/07\/logo-6.png\",\"width\":970,\"height\":200,\"caption\":\"Piston Addict\"},\"image\":{\"@id\":\"https:\/\/pistonaddict.com\/lv\/#\/schema\/logo\/image\/\"}}]}<\/script>\n<!-- \/ Yoast SEO plugin. -->","yoast_head_json":{"title":"Alpine A110 izsoles - Piston Addict","robots":{"index":"index","follow":"follow","max-snippet":"max-snippet:-1","max-image-preview":"max-image-preview:large","max-video-preview":"max-video-preview:-1"},"canonical":"https:\/\/pistonaddict.com\/lv\/product\/alpine-a110\/","og_locale":"lv_LV","og_type":"article","og_title":"Alpine A110 izsoles - Piston Addict","og_description":"P\u0113d\u0113jo p\u0101ris gadu karst\u0101kais sporta automobilis nav Ferrari, Lamborghini vai McLaren. Tas ir Alpine A110 ar \u012bpa\u0161i piel\u0101gotu, \u013coti vieglu virsb\u016bvi, izteiksm\u012bgu \u010detru cilindru turbokompresoru un dinamisku veiktsp\u0113ju. \u0160is divviet\u012bgais automobilis sporta automobi\u013cu faniem atg\u0101din\u0101ja, kas ir brauk\u0161ana, un triumf\u0101li atgriez\u0101s le\u0123end\u0101r\u0101 z\u012bmola tirg\u016b. \u0160odien m\u0113s ar lepnumu pied\u0101v\u0101jam vienu no lab\u0101kajiem \u0161\u012b \u013coti ietekm\u012bg\u0101 sporta automobi\u013ca paraugiem.","og_url":"https:\/\/pistonaddict.com\/lv\/product\/alpine-a110\/","og_site_name":"Piston Addict","article_modified_time":"2024-03-20T08:42:32+00:00","og_image":[{"width":1440,"height":1080,"url":"https:\/\/pistonaddict.com\/wp-content\/uploads\/2023\/12\/4517LTW_01.jpg","type":"image\/jpeg"}],"twitter_card":"summary_large_image","twitter_misc":{"Est. reading time":"3 minutes"},"schema":{"@context":"https:\/\/schema.org","@graph":[{"@type":"WebPage","@id":"https:\/\/pistonaddict.com\/lv\/product\/alpine-a110\/","url":"https:\/\/pistonaddict.com\/lv\/product\/alpine-a110\/","name":"Alpine A110 izsoles - Piston Addict","isPartOf":{"@id":"https:\/\/pistonaddict.com\/lv\/#website"},"primaryImageOfPage":{"@id":"https:\/\/pistonaddict.com\/lv\/product\/alpine-a110\/#primaryimage"},"image":{"@id":"https:\/\/pistonaddict.com\/lv\/product\/alpine-a110\/#primaryimage"},"thumbnailUrl":"https:\/\/pistonaddict.com\/wp-content\/uploads\/2023\/12\/4517LTW_01.jpg","datePublished":"2023-12-13T13:41:14+00:00","dateModified":"2024-03-20T08:42:32+00:00","breadcrumb":{"@id":"https:\/\/pistonaddict.com\/lv\/product\/alpine-a110\/#breadcrumb"},"inLanguage":"lv-LV","potentialAction":[{"@type":"ReadAction","target":["https:\/\/pistonaddict.com\/lv\/product\/alpine-a110\/"]}]},{"@type":"ImageObject","inLanguage":"lv-LV","@id":"https:\/\/pistonaddict.com\/lv\/product\/alpine-a110\/#primaryimage","url":"https:\/\/pistonaddict.com\/wp-content\/uploads\/2023\/12\/4517LTW_01.jpg","contentUrl":"https:\/\/pistonaddict.com\/wp-content\/uploads\/2023\/12\/4517LTW_01.jpg","width":1440,"height":1080},{"@type":"BreadcrumbList","@id":"https:\/\/pistonaddict.com\/lv\/product\/alpine-a110\/#breadcrumb","itemListElement":[{"@type":"ListItem","position":1,"name":"M\u0101jas lapa","item":"https:\/\/pistonaddict.com\/lv\/majas-lapa-2\/"},{"@type":"ListItem","position":2,"name":"Auctions","item":"https:\/\/pistonaddict.com\/auctions-listing\/"},{"@type":"ListItem","position":3,"name":"Alpine A110"}]},{"@type":"WebSite","@id":"https:\/\/pistonaddict.com\/lv\/#website","url":"https:\/\/pistonaddict.com\/lv\/","name":"Piston Addict","description":"Only interesting vehicles","publisher":{"@id":"https:\/\/pistonaddict.com\/lv\/#organization"},"potentialAction":[{"@type":"SearchAction","target":{"@type":"EntryPoint","urlTemplate":"https:\/\/pistonaddict.com\/lv\/?s={search_term_string}"},"query-input":"required name=search_term_string"}],"inLanguage":"lv-LV"},{"@type":"Organization","@id":"https:\/\/pistonaddict.com\/lv\/#organization","name":"Piston Addict","url":"https:\/\/pistonaddict.com\/lv\/","logo":{"@type":"ImageObject","inLanguage":"lv-LV","@id":"https:\/\/pistonaddict.com\/lv\/#\/schema\/logo\/image\/","url":"https:\/\/pistonaddict.com\/wp-content\/uploads\/2022\/07\/logo-6.png","contentUrl":"https:\/\/pistonaddict.com\/wp-content\/uploads\/2022\/07\/logo-6.png","width":970,"height":200,"caption":"Piston Addict"},"image":{"@id":"https:\/\/pistonaddict.com\/lv\/#\/schema\/logo\/image\/"}}]}},"_links":{"self":[{"href":"https:\/\/pistonaddict.com\/lv\/wp-json\/wp\/v2\/product\/79068"}],"collection":[{"href":"https:\/\/pistonaddict.com\/lv\/wp-json\/wp\/v2\/product"}],"about":[{"href":"https:\/\/pistonaddict.com\/lv\/wp-json\/wp\/v2\/types\/product"}],"replies":[{"embeddable":true,"href":"https:\/\/pistonaddict.com\/lv\/wp-json\/wp\/v2\/comments?post=79068"}],"wp:featuredmedia":[{"embeddable":true,"href":"https:\/\/pistonaddict.com\/lv\/wp-json\/wp\/v2\/media\/78359"}],"wp:attachment":[{"href":"https:\/\/pistonaddict.com\/lv\/wp-json\/wp\/v2\/media?parent=79068"}],"wp:term":[{"taxonomy":"product_cat","embeddable":true,"href":"https:\/\/pistonaddict.com\/lv\/wp-json\/wp\/v2\/product_cat?post=79068"},{"taxonomy":"product_tag","embeddable":true,"href":"https:\/\/pistonaddict.com\/lv\/wp-json\/wp\/v2\/product_tag?post=79068"}],"curies":[{"name":"wp","href":"https:\/\/api.w.org\/{rel}","templated":true}]}}