{"id":78326,"date":"2023-12-13T10:17:52","date_gmt":"2023-12-13T09:17:52","guid":{"rendered":"https:\/\/pistonaddict.com\/product\/fisker-karma-signature-edition\/"},"modified":"2024-03-20T09:42:51","modified_gmt":"2024-03-20T08:42:51","slug":"fisker-karma-signature-edition","status":"publish","type":"product","link":"https:\/\/pistonaddict.com\/lv\/product\/fisker-karma-signature-edition\/","title":{"rendered":"Fisker Karma Signature Edition"},"content":{"rendered":"<p><strong>Auto v\u0113sture<\/strong><\/p>\n<p>Pirms Karma par\u0101d\u012bj\u0101s tirg\u016b 2011. gad\u0101, hibr\u012bdautomobi\u013ci bija diezgan garlaic\u012bgi un neinteresanti transportl\u012bdzek\u013ci. Ta\u010du tad Fisker prezent\u0113ja Karma ar pievilc\u012bgu dizainu, zemu siluetu, musku\u013cotu st\u0101ju un unik\u0101l\u0101m form\u0101m. Tas bija un joproj\u0101m ir kaut kas neparasts. Zem vilino\u0161\u0101s virsb\u016bves sl\u0113pjas virkne inovat\u012bvu tehnolo\u0123iju. Galvenais dzin\u0113js ir GM 2,0 litru motors ar turbokompresoru un 260 ZS un divi elektromotori uz aizmugur\u0113j\u0101s ass. 20,1 kWh akumulatoru pakete darbina elektromotorus, kuru jauda ir 120 kW (403 ZS) katr\u0101.<\/p>\n<p>Interesanti, ka akumulatori ir novietoti automobi\u013ca centr\u0101, kas nodro\u0161ina zemu Karma smaguma centru un lielisku sa\u0137eri ar ce\u013cu. Unik\u0101ls ir ar\u012b darba princips. Transportl\u012bdzek\u013ca ar autom\u0101tisko p\u0101rnesumk\u0101rbu nobraukums bija aptuveni 80 km, izmantojot tikai elektrisko ener\u0123iju. Tom\u0113r, kad akumulatori ir izl\u0101d\u0113ju\u0161ies, autovad\u012bt\u0101js iesl\u0113dz benz\u012bna dzin\u0113ju, kas darbina \u0123eneratoru, kur\u0161 darbina elektromotorus. T\u0101tad Karma ir benz\u012bna un elektriskais hibr\u012bds ar lielu uzsvaru uz elektrisko da\u013cu. \u0160is modelis tika pieg\u0101d\u0101ts Fisker \u0123imenes loceklim un vienam no s\u0101kotn\u0113jiem investoriem, t\u0101d\u0113j\u0101di tas ir neparasta uz\u0146\u0113muma v\u0113stures sast\u0101vda\u013ca.<\/p>\n<p><strong>Interjers<\/strong><\/p>\n<p>\u0160\u012b konkr\u0113t\u0101 eksempl\u0101ra salons ir veidots no melnas un iedeguma \u0101das kombin\u0101cijas, padarot to par apburo\u0161u vietu, kur atrasties. Uz s\u0113dek\u013ciem nav skr\u0101p\u0113jumu, un viss ir funkcion\u0101ls. Tas ir apr\u012bkots ar papildu inform\u0101cijas un izklaides sist\u0113mu ar displeju uz instrumentu pane\u013ca.<\/p>\n<p><strong>St\u0101voklis<\/strong><\/p>\n<p>Ar nobrauktiem 80 000 km, visu servisa v\u0113sturi, tikai vienam \u012bpa\u0161niekam, \u0161\u012b Karma ir ide\u0101l\u0101 st\u0101vokl\u012b. Nav negad\u012bjumu vai boj\u0101jumu, un salons ir jaun\u0101 st\u0101vokl\u012b. Interesanti, ka Karma ir apr\u012bkota ar saules pane\u013cu jumtu, kas saules ener\u0123iju p\u0101rveido elektr\u012bb\u0101 un vajadz\u012bbas gad\u012bjum\u0101 izsl\u0113dz akumulatoru. \u0160aj\u0101 piem\u0113r\u0101 saules jumts ir uzst\u0101d\u012bts un darbojas nevainojami. <strong>\u0160is konkr\u0113tais piem\u0113rs ir Nr. 61 no 100 izgatavotajiem ar Signature Edition pakotni<\/strong>, kas ir b\u016btiski, jo t\u0101 v\u0113sture ir izsekojama Fisker kopien\u0101. T\u0101 k\u0101 \u0161is eksempl\u0101rs ir v\u0113sturiski noz\u012bm\u012bgs, tam ir veikta apkope pie viena no lab\u0101kajiem Fisker speci\u0101listiem pasaul\u0113, un ir pieejami regul\u0101ri tehnisk\u0101s apkopes dokumenti. P\u0113d\u0113jo reizi apkope un e\u013c\u013cas mai\u0146a veikta 2023. gada oktobr\u012b, bet bremzes tika remont\u0113tas tikai pirms da\u017e\u0101m dien\u0101m, 2023. gada decembr\u012b.<\/p>\n<p><strong>\u0100rpuse un rite\u0146i<\/strong><\/p>\n<p>Unik\u0101l\u0101 sudraba kr\u0101sa lieliski sader ar divu to\u0146u interjeru bez skr\u0101p\u0113jumiem un iespiedumiem. Automobilis tiks pieg\u0101d\u0101ts ar 21 collas ziemas riep\u0101m perfekt\u0101 st\u0101vokl\u012b. 22 collu rite\u0146u diski ar vasaras riep\u0101m ir par papildu samaksu. Riepas ir no 2023. gada.<\/p>\n<p><strong>Dokument\u0101cija<\/strong><\/p>\n<p>Priv\u0101tais p\u0101rdev\u0113js p\u0101rdod \u0161o transportl\u012bdzekli ar atbilsto\u0161u dokument\u0101ciju, kas atrodas V\u0101cij\u0101. <a href=\"https:\/\/pistonaddict.com\/wp-content\/uploads\/2023\/12\/FiskerKarma.pdf\">CarVertical<\/a> zi\u0146ojums ir t\u012brs; nav pier\u0101d\u012bjumu par negad\u012bjumiem, negad\u012bjumu remontiem, \u012bpa\u0161umties\u012bb\u0101m vai juridisk\u0101m probl\u0113m\u0101m. Ir regul\u0101ras tehnisk\u0101s apkopes dokumenti, p\u0101rdo\u0161anas r\u0113\u0137ini un kv\u012btis. \u0160im modelim nav pieejama r\u016bpn\u012bcas garantija.<\/p>\n<p><strong><br \/>\nSkatiet \u0161\u012b skaist\u0101 Fisker Karma sudraba Signature aukst\u0101s iedarbin\u0101\u0161anas video:<\/strong><\/p>\n<p><iframe title=\"Cold Start Video of the Fisker Karma Signature for auction sale\" width=\"1200\" height=\"675\" src=\"https:\/\/www.youtube.com\/embed\/sOmYYpDT2U8?feature=oembed\" frameborder=\"0\" allow=\"accelerometer; autoplay; clipboard-write; encrypted-media; gyroscope; picture-in-picture; web-share\" allowfullscreen><\/iframe><\/p>\n","protected":false},"excerpt":{"rendered":"<p>Fisker Karma ir ne tikai revolucion\u0101rs hibr\u012bdautomobilis, bet ar\u012b viens no stil\u012bg\u0101kajiem 21. gadsimta automobi\u013ciem. Izgatavots tikai nedaudz vair\u0101k nek\u0101 3000 eksempl\u0101ru, t\u0101p\u0113c tas ir reti sastopams, bet \u0161is ir v\u0113l ret\u0101ks. \u0160odien pied\u0101v\u0101tais 2012. gada sudraba Karma ir 1 no 100 Signature Edition mode\u013ciem, un to pat person\u012bgi parakst\u012bjis uz\u0146\u0113muma \u012bpa\u0161nieks Henriks Fiskers. Ja j\u016bs mekl\u0113jat kolekcion\u0101ra sapni, \u0161is ir tie\u0161i tas.<\/p>\n","protected":false},"featured_media":77667,"comment_status":"open","ping_status":"closed","template":"","meta":{"inline_featured_image":false},"product_cat":[751],"product_tag":[2783,2786,943,1835,1834],"acf":[],"yoast_head":"<!-- This site is optimized with the Yoast SEO plugin v22.5 - https:\/\/yoast.com\/wordpress\/plugins\/seo\/ -->\n<title>Fisker Karma Signature Edition izsoles - Piston Addict<\/title>\n<meta name=\"robots\" content=\"index, follow, max-snippet:-1, max-image-preview:large, max-video-preview:-1\" \/>\n<link rel=\"canonical\" href=\"https:\/\/pistonaddict.com\/lv\/product\/fisker-karma-signature-edition\/\" \/>\n<meta property=\"og:locale\" content=\"lv_LV\" \/>\n<meta property=\"og:type\" content=\"article\" \/>\n<meta property=\"og:title\" content=\"Fisker Karma Signature Edition izsoles - Piston Addict\" \/>\n<meta property=\"og:description\" content=\"Fisker Karma ir ne tikai revolucion\u0101rs hibr\u012bdautomobilis, bet ar\u012b viens no stil\u012bg\u0101kajiem 21. gadsimta automobi\u013ciem. Izgatavots tikai nedaudz vair\u0101k nek\u0101 3000 eksempl\u0101ru, t\u0101p\u0113c tas ir reti sastopams, bet \u0161is ir v\u0113l ret\u0101ks. \u0160odien pied\u0101v\u0101tais 2012. gada sudraba Karma ir 1 no 100 Signature Edition mode\u013ciem, un to pat person\u012bgi parakst\u012bjis uz\u0146\u0113muma \u012bpa\u0161nieks Henriks Fiskers. Ja j\u016bs mekl\u0113jat kolekcion\u0101ra sapni, \u0161is ir tie\u0161i tas.\" \/>\n<meta property=\"og:url\" content=\"https:\/\/pistonaddict.com\/lv\/product\/fisker-karma-signature-edition\/\" \/>\n<meta property=\"og:site_name\" content=\"Piston Addict\" \/>\n<meta property=\"article:modified_time\" content=\"2024-03-20T08:42:51+00:00\" \/>\n<meta property=\"og:image\" content=\"https:\/\/pistonaddict.com\/wp-content\/uploads\/2023\/12\/20210129_085341.jpg\" \/>\n\t<meta property=\"og:image:width\" content=\"1762\" \/>\n\t<meta property=\"og:image:height\" content=\"752\" \/>\n\t<meta property=\"og:image:type\" content=\"image\/jpeg\" \/>\n<meta name=\"twitter:card\" content=\"summary_large_image\" \/>\n<meta name=\"twitter:label1\" content=\"Est. reading time\" \/>\n\t<meta name=\"twitter:data1\" content=\"3 minutes\" \/>\n<script type=\"application\/ld+json\" class=\"yoast-schema-graph\">{\"@context\":\"https:\/\/schema.org\",\"@graph\":[{\"@type\":\"WebPage\",\"@id\":\"https:\/\/pistonaddict.com\/lv\/product\/fisker-karma-signature-edition\/\",\"url\":\"https:\/\/pistonaddict.com\/lv\/product\/fisker-karma-signature-edition\/\",\"name\":\"Fisker Karma Signature Edition izsoles - Piston Addict\",\"isPartOf\":{\"@id\":\"https:\/\/pistonaddict.com\/lv\/#website\"},\"primaryImageOfPage\":{\"@id\":\"https:\/\/pistonaddict.com\/lv\/product\/fisker-karma-signature-edition\/#primaryimage\"},\"image\":{\"@id\":\"https:\/\/pistonaddict.com\/lv\/product\/fisker-karma-signature-edition\/#primaryimage\"},\"thumbnailUrl\":\"https:\/\/pistonaddict.com\/wp-content\/uploads\/2023\/12\/20210129_085341.jpg\",\"datePublished\":\"2023-12-13T09:17:52+00:00\",\"dateModified\":\"2024-03-20T08:42:51+00:00\",\"breadcrumb\":{\"@id\":\"https:\/\/pistonaddict.com\/lv\/product\/fisker-karma-signature-edition\/#breadcrumb\"},\"inLanguage\":\"lv-LV\",\"potentialAction\":[{\"@type\":\"ReadAction\",\"target\":[\"https:\/\/pistonaddict.com\/lv\/product\/fisker-karma-signature-edition\/\"]}]},{\"@type\":\"ImageObject\",\"inLanguage\":\"lv-LV\",\"@id\":\"https:\/\/pistonaddict.com\/lv\/product\/fisker-karma-signature-edition\/#primaryimage\",\"url\":\"https:\/\/pistonaddict.com\/wp-content\/uploads\/2023\/12\/20210129_085341.jpg\",\"contentUrl\":\"https:\/\/pistonaddict.com\/wp-content\/uploads\/2023\/12\/20210129_085341.jpg\",\"width\":1762,\"height\":752},{\"@type\":\"BreadcrumbList\",\"@id\":\"https:\/\/pistonaddict.com\/lv\/product\/fisker-karma-signature-edition\/#breadcrumb\",\"itemListElement\":[{\"@type\":\"ListItem\",\"position\":1,\"name\":\"M\u0101jas lapa\",\"item\":\"https:\/\/pistonaddict.com\/lv\/majas-lapa-2\/\"},{\"@type\":\"ListItem\",\"position\":2,\"name\":\"Auctions\",\"item\":\"https:\/\/pistonaddict.com\/auctions-listing\/\"},{\"@type\":\"ListItem\",\"position\":3,\"name\":\"Fisker Karma Signature Edition\"}]},{\"@type\":\"WebSite\",\"@id\":\"https:\/\/pistonaddict.com\/lv\/#website\",\"url\":\"https:\/\/pistonaddict.com\/lv\/\",\"name\":\"Piston Addict\",\"description\":\"Only interesting vehicles\",\"publisher\":{\"@id\":\"https:\/\/pistonaddict.com\/lv\/#organization\"},\"potentialAction\":[{\"@type\":\"SearchAction\",\"target\":{\"@type\":\"EntryPoint\",\"urlTemplate\":\"https:\/\/pistonaddict.com\/lv\/?s={search_term_string}\"},\"query-input\":\"required name=search_term_string\"}],\"inLanguage\":\"lv-LV\"},{\"@type\":\"Organization\",\"@id\":\"https:\/\/pistonaddict.com\/lv\/#organization\",\"name\":\"Piston Addict\",\"url\":\"https:\/\/pistonaddict.com\/lv\/\",\"logo\":{\"@type\":\"ImageObject\",\"inLanguage\":\"lv-LV\",\"@id\":\"https:\/\/pistonaddict.com\/lv\/#\/schema\/logo\/image\/\",\"url\":\"https:\/\/pistonaddict.com\/wp-content\/uploads\/2022\/07\/logo-6.png\",\"contentUrl\":\"https:\/\/pistonaddict.com\/wp-content\/uploads\/2022\/07\/logo-6.png\",\"width\":970,\"height\":200,\"caption\":\"Piston Addict\"},\"image\":{\"@id\":\"https:\/\/pistonaddict.com\/lv\/#\/schema\/logo\/image\/\"}}]}<\/script>\n<!-- \/ Yoast SEO plugin. -->","yoast_head_json":{"title":"Fisker Karma Signature Edition izsoles - Piston Addict","robots":{"index":"index","follow":"follow","max-snippet":"max-snippet:-1","max-image-preview":"max-image-preview:large","max-video-preview":"max-video-preview:-1"},"canonical":"https:\/\/pistonaddict.com\/lv\/product\/fisker-karma-signature-edition\/","og_locale":"lv_LV","og_type":"article","og_title":"Fisker Karma Signature Edition izsoles - Piston Addict","og_description":"Fisker Karma ir ne tikai revolucion\u0101rs hibr\u012bdautomobilis, bet ar\u012b viens no stil\u012bg\u0101kajiem 21. gadsimta automobi\u013ciem. Izgatavots tikai nedaudz vair\u0101k nek\u0101 3000 eksempl\u0101ru, t\u0101p\u0113c tas ir reti sastopams, bet \u0161is ir v\u0113l ret\u0101ks. \u0160odien pied\u0101v\u0101tais 2012. gada sudraba Karma ir 1 no 100 Signature Edition mode\u013ciem, un to pat person\u012bgi parakst\u012bjis uz\u0146\u0113muma \u012bpa\u0161nieks Henriks Fiskers. Ja j\u016bs mekl\u0113jat kolekcion\u0101ra sapni, \u0161is ir tie\u0161i tas.","og_url":"https:\/\/pistonaddict.com\/lv\/product\/fisker-karma-signature-edition\/","og_site_name":"Piston Addict","article_modified_time":"2024-03-20T08:42:51+00:00","og_image":[{"width":1762,"height":752,"url":"https:\/\/pistonaddict.com\/wp-content\/uploads\/2023\/12\/20210129_085341.jpg","type":"image\/jpeg"}],"twitter_card":"summary_large_image","twitter_misc":{"Est. reading time":"3 minutes"},"schema":{"@context":"https:\/\/schema.org","@graph":[{"@type":"WebPage","@id":"https:\/\/pistonaddict.com\/lv\/product\/fisker-karma-signature-edition\/","url":"https:\/\/pistonaddict.com\/lv\/product\/fisker-karma-signature-edition\/","name":"Fisker Karma Signature Edition izsoles - Piston Addict","isPartOf":{"@id":"https:\/\/pistonaddict.com\/lv\/#website"},"primaryImageOfPage":{"@id":"https:\/\/pistonaddict.com\/lv\/product\/fisker-karma-signature-edition\/#primaryimage"},"image":{"@id":"https:\/\/pistonaddict.com\/lv\/product\/fisker-karma-signature-edition\/#primaryimage"},"thumbnailUrl":"https:\/\/pistonaddict.com\/wp-content\/uploads\/2023\/12\/20210129_085341.jpg","datePublished":"2023-12-13T09:17:52+00:00","dateModified":"2024-03-20T08:42:51+00:00","breadcrumb":{"@id":"https:\/\/pistonaddict.com\/lv\/product\/fisker-karma-signature-edition\/#breadcrumb"},"inLanguage":"lv-LV","potentialAction":[{"@type":"ReadAction","target":["https:\/\/pistonaddict.com\/lv\/product\/fisker-karma-signature-edition\/"]}]},{"@type":"ImageObject","inLanguage":"lv-LV","@id":"https:\/\/pistonaddict.com\/lv\/product\/fisker-karma-signature-edition\/#primaryimage","url":"https:\/\/pistonaddict.com\/wp-content\/uploads\/2023\/12\/20210129_085341.jpg","contentUrl":"https:\/\/pistonaddict.com\/wp-content\/uploads\/2023\/12\/20210129_085341.jpg","width":1762,"height":752},{"@type":"BreadcrumbList","@id":"https:\/\/pistonaddict.com\/lv\/product\/fisker-karma-signature-edition\/#breadcrumb","itemListElement":[{"@type":"ListItem","position":1,"name":"M\u0101jas lapa","item":"https:\/\/pistonaddict.com\/lv\/majas-lapa-2\/"},{"@type":"ListItem","position":2,"name":"Auctions","item":"https:\/\/pistonaddict.com\/auctions-listing\/"},{"@type":"ListItem","position":3,"name":"Fisker Karma Signature Edition"}]},{"@type":"WebSite","@id":"https:\/\/pistonaddict.com\/lv\/#website","url":"https:\/\/pistonaddict.com\/lv\/","name":"Piston Addict","description":"Only interesting vehicles","publisher":{"@id":"https:\/\/pistonaddict.com\/lv\/#organization"},"potentialAction":[{"@type":"SearchAction","target":{"@type":"EntryPoint","urlTemplate":"https:\/\/pistonaddict.com\/lv\/?s={search_term_string}"},"query-input":"required name=search_term_string"}],"inLanguage":"lv-LV"},{"@type":"Organization","@id":"https:\/\/pistonaddict.com\/lv\/#organization","name":"Piston Addict","url":"https:\/\/pistonaddict.com\/lv\/","logo":{"@type":"ImageObject","inLanguage":"lv-LV","@id":"https:\/\/pistonaddict.com\/lv\/#\/schema\/logo\/image\/","url":"https:\/\/pistonaddict.com\/wp-content\/uploads\/2022\/07\/logo-6.png","contentUrl":"https:\/\/pistonaddict.com\/wp-content\/uploads\/2022\/07\/logo-6.png","width":970,"height":200,"caption":"Piston Addict"},"image":{"@id":"https:\/\/pistonaddict.com\/lv\/#\/schema\/logo\/image\/"}}]}},"_links":{"self":[{"href":"https:\/\/pistonaddict.com\/lv\/wp-json\/wp\/v2\/product\/78326"}],"collection":[{"href":"https:\/\/pistonaddict.com\/lv\/wp-json\/wp\/v2\/product"}],"about":[{"href":"https:\/\/pistonaddict.com\/lv\/wp-json\/wp\/v2\/types\/product"}],"replies":[{"embeddable":true,"href":"https:\/\/pistonaddict.com\/lv\/wp-json\/wp\/v2\/comments?post=78326"}],"wp:featuredmedia":[{"embeddable":true,"href":"https:\/\/pistonaddict.com\/lv\/wp-json\/wp\/v2\/media\/77667"}],"wp:attachment":[{"href":"https:\/\/pistonaddict.com\/lv\/wp-json\/wp\/v2\/media?parent=78326"}],"wp:term":[{"taxonomy":"product_cat","embeddable":true,"href":"https:\/\/pistonaddict.com\/lv\/wp-json\/wp\/v2\/product_cat?post=78326"},{"taxonomy":"product_tag","embeddable":true,"href":"https:\/\/pistonaddict.com\/lv\/wp-json\/wp\/v2\/product_tag?post=78326"}],"curies":[{"name":"wp","href":"https:\/\/api.w.org\/{rel}","templated":true}]}}