{"id":77364,"date":"2023-12-11T15:55:41","date_gmt":"2023-12-11T14:55:41","guid":{"rendered":"https:\/\/pistonaddict.com\/product\/abarth-124-spider\/"},"modified":"2024-03-20T09:41:34","modified_gmt":"2024-03-20T08:41:34","slug":"abarth-124-spider","status":"publish","type":"product","link":"https:\/\/pistonaddict.com\/lv\/product\/abarth-124-spider\/","title":{"rendered":"Abarth 124 Spider"},"content":{"rendered":"<h2>\u0100rpuse<\/h2>\n<p>No \u0101rpuses jau no pirm\u0101 acu uzmetiena ir skaidrs, ka \u0161is ir kas vair\u0101k nek\u0101 parasts, no plauktiem gatavs 124 Spider. \u0160im melni kr\u0101sotajam rodsterim ir agres\u012bv\u0101ki bamperi, ksenona lukturi un abpus\u0113js izp\u016bt\u0113js aizmugur\u0113 ar diviem hrom\u0113tiem uzga\u013ciem katr\u0101 pus\u0113. Visas \u0161\u012bs deta\u013cas pie\u0161\u0137ir automa\u0161\u012bnai iespaid\u012bgu kl\u0101tb\u016btni uz ce\u013ca, kas to nep\u0101rprotami at\u0161\u0137ir no t\u0101s maig\u0101 br\u0101l\u0113na. Un, ja ar to nepietiek, Abarth 70. gadadienas jubilejas embl\u0113ma uz s\u0101niem noteikti uzsver \u0161\u012b mode\u013ca ekskluzivit\u0101ti.<\/p>\n<p>\u0160is Abarth 124 Spider s\u0113\u017e uz 17 collu diskiem, kas apr\u012bkoti ar Bridgestone riep\u0101m, kuru izlaiduma laiks, iesp\u0113jams, ir pag\u0101jis. No rite\u0146iem labi redzami ar\u012b mas\u012bvie sarkanie Brembo brem\u017eu suporti, kas sola izcilu bremz\u0113\u0161anas jaudu.<\/p>\n<h2>Interjers<\/h2>\n<p>T\u0101pat k\u0101 \u0101r\u0113jais izskats, ar\u012b salon\u0101 ir vair\u0101kas uzkr\u012bto\u0161as deta\u013cas, kas skaidri nor\u0101da uz automobi\u013ca izcelsmi. Vispirms \u0113rtu s\u0113dek\u013cu p\u0101ris, kas apvilkti ar zam\u0161\u0101das \u0101du, ar mas\u012bvu sarkanu Abart uzrakstu, kas ie\u0161\u016bts atzveltn\u0113. Sarkanas kr\u0101sas deta\u013cas izce\u013c ar\u012b st\u016bres ratu un instrumentu paneli aiz t\u0101, uz kura domin\u0113 l\u012bdz pat 8000 apgriezieniem min\u016bt\u0113 r\u0101d\u012bts apgriezienu skait\u012bt\u0101js. Visbeidzot, minim\u0101listiskaj\u0101 pane\u013ca panel\u012b ir tikai viss nepiecie\u0161am\u0101kais, piem\u0113ram, gaisa kondicioniera vad\u012bbas ier\u012bces un centr\u0101lais displejs, un ir skaidrs, ka \u0161is automobilis ir rad\u012bts galvenok\u0101rt brauk\u0161anai.<\/p>\n<h2>Meh\u0101nika<\/h2>\n<p>No pirm\u0101 acu uzmetiena 1,4 litru motors zem motora p\u0101rsega var \u0161\u0137ist ne tik p\u0101rliecino\u0161s, k\u0101 var\u0113tu gaid\u012bt. Tom\u0113r, pateicoties turbokompresoram un uzlabotai degvielas padeves sist\u0113mai, kas palielina jaudu l\u012bdz 170 zirgsp\u0113kiem, \u0161is 4 cilindru agreg\u0101ts ir diezgan sp\u0113c\u012bgs. P\u0101rnesumk\u0101rba &#8211; parast\u0101 se\u0161u pak\u0101pju manu\u0101l\u0101 p\u0101rnesumk\u0101rba &#8211; ir v\u0113l viena deta\u013ca, kas atkl\u0101j Spider patieso b\u016bt\u012bbu. \u0160\u012b piedzi\u0146as konfigur\u0101cija apvienojum\u0101 ar izcilu balstiek\u0101rtu un jaud\u012bg\u0101m bremz\u0113m padara \u0161o automobili par \u012bstu autovad\u012bt\u0101ja auto, kas piem\u0113rots brauk\u0161anai pa jebkuru l\u012bkumainu ce\u013cu.<\/p>\n<h2>Transportl\u012bdzek\u013ca v\u0113sture<\/h2>\n<p>Nobeigum\u0101 da\u017ei v\u0101rdi par \u0161\u012b Abarth Spider pa\u0161reiz\u0113jo st\u0101vokli. P\u0113d\u0113j\u0101 regul\u0101r\u0101 apkope, kas ietv\u0113ra e\u013c\u013cas mai\u0146u, tika veikta 2023. gada janv\u0101r\u012b. Pavisam nesen, decembr\u012b, tika veikts brem\u017eu remonts. Pamatojoties uz iesniegtajiem fotoatt\u0113liem un atbilsto\u0161o videoklipu, automa\u0161\u012bna \u0161\u0137iet nevainojam\u0101 st\u0101vokl\u012b, bez redzamiem boj\u0101jumiem vai nolietojuma paz\u012bm\u0113m.<\/p>\n<p>Turkl\u0101t p\u0101rdev\u0113js apgalvo, ka automa\u0161\u012bna, kas pa\u0161laik atrodas It\u0101lij\u0101, nav izmantota tras\u0113 un nav bijusi iesaist\u012bta nek\u0101dos negad\u012bjumos, un to apstiprina ar\u012b atbilsto\u0161s <a href=\"https:\/\/pistonaddict.com\/wp-content\/uploads\/2023\/12\/abarthspider.pdf\">CARFAX<\/a> Transportl\u012bdzek\u013cu v\u0113stures p\u0101rskats.<\/p>\n<p><strong><br \/>\nSkatiet \u0161\u012b skaist\u0101 Abarth 124 Spider aukst\u0101s iedarbin\u0101\u0161anas video:<\/strong><\/p>\n<p><iframe title=\"Cold Start Video of the Abarth 124 Spider for auction sale\" width=\"1200\" height=\"675\" src=\"https:\/\/www.youtube.com\/embed\/wZs51_ew1WU?feature=oembed\" frameborder=\"0\" allow=\"accelerometer; autoplay; clipboard-write; encrypted-media; gyroscope; picture-in-picture; web-share\" allowfullscreen><\/iframe><\/p>\n","protected":false},"excerpt":{"rendered":"<p>Ja v\u0113laties lieliski izskat\u012bgu, jautri braucamu un \u0113rti lietojamu automobili, apsveriet iesp\u0113ju ieg\u0101d\u0101ties rodsteri. Ir vair\u0101ki sal\u012bdzino\u0161i jauni mode\u013ci, un viens no tiem ir 124 Spider, kura meh\u0101nisk\u0101 b\u0101ze ir kop\u012bga ar, iesp\u0113jams, slaven\u0101ko m\u016bsdienu rodsteri &#8211; Mazda MX5. T\u0101d\u0113j\u0101di tas ir unik\u0101ls it\u0101\u013cu stila un jap\u0101\u0146u prec\u012bz\u0101s tehnolo\u0123ijas apvienojums.<\/p>\n<p>Un, kad Fiat iek\u0161\u0113jais t\u016bninga speci\u0101lists to visu v\u0113l paspilgtina, j\u016bs sa\u0146emat ugun\u012bgu <strong>Abarth 124 Spider<\/strong>, no kura viens ir izsol\u012bts tie\u0161i \u0161eit, m\u016bsu vietn\u0113. \u0160is nevainojamais 2019. gada modelis ir nobraucis tikai nedaudz vair\u0101k par 23 000 kilometru un \u0161obr\u012bd mekl\u0113 jaunu \u012bpa\u0161nieku. Turkl\u0101t, papildus gl\u012btajam izskatam un pat\u012bkamajam sniegumam, tas sl\u0113pj v\u0113l vienu asu sav\u0101 piedurkn\u0113.<\/p>\n","protected":false},"featured_media":77145,"comment_status":"open","ping_status":"closed","template":"","meta":{"inline_featured_image":false},"product_cat":[751],"product_tag":[2727,2732,2721,949],"acf":[],"yoast_head":"<!-- This site is optimized with the Yoast SEO plugin v22.5 - https:\/\/yoast.com\/wordpress\/plugins\/seo\/ -->\n<title>Abarth 124 Spider izsoles - Piston Addict<\/title>\n<meta name=\"robots\" content=\"index, follow, max-snippet:-1, max-image-preview:large, max-video-preview:-1\" \/>\n<link rel=\"canonical\" href=\"https:\/\/pistonaddict.com\/lv\/product\/abarth-124-spider\/\" \/>\n<meta property=\"og:locale\" content=\"lv_LV\" \/>\n<meta property=\"og:type\" content=\"article\" \/>\n<meta property=\"og:title\" content=\"Abarth 124 Spider izsoles - Piston Addict\" \/>\n<meta property=\"og:description\" content=\"Ja v\u0113laties lieliski izskat\u012bgu, jautri braucamu un \u0113rti lietojamu automobili, apsveriet iesp\u0113ju ieg\u0101d\u0101ties rodsteri. Ir vair\u0101ki sal\u012bdzino\u0161i jauni mode\u013ci, un viens no tiem ir 124 Spider, kura meh\u0101nisk\u0101 b\u0101ze ir kop\u012bga ar, iesp\u0113jams, slaven\u0101ko m\u016bsdienu rodsteri - Mazda MX5. T\u0101d\u0113j\u0101di tas ir unik\u0101ls it\u0101\u013cu stila un jap\u0101\u0146u prec\u012bz\u0101s tehnolo\u0123ijas apvienojums. Un, kad Fiat iek\u0161\u0113jais t\u016bninga speci\u0101lists to visu v\u0113l paspilgtina, j\u016bs sa\u0146emat ugun\u012bgu Abarth 124 Spider, no kura viens ir izsol\u012bts tie\u0161i \u0161eit, m\u016bsu vietn\u0113. \u0160is nevainojamais 2019. gada modelis ir nobraucis tikai nedaudz vair\u0101k par 23 000 kilometru un \u0161obr\u012bd mekl\u0113 jaunu \u012bpa\u0161nieku. Turkl\u0101t, papildus gl\u012btajam izskatam un pat\u012bkamajam sniegumam, tas sl\u0113pj v\u0113l vienu asu sav\u0101 piedurkn\u0113.\" \/>\n<meta property=\"og:url\" content=\"https:\/\/pistonaddict.com\/lv\/product\/abarth-124-spider\/\" \/>\n<meta property=\"og:site_name\" content=\"Piston Addict\" \/>\n<meta property=\"article:modified_time\" content=\"2024-03-20T08:41:34+00:00\" \/>\n<meta property=\"og:image\" content=\"https:\/\/pistonaddict.com\/wp-content\/uploads\/2023\/12\/image00020-scaled.jpeg\" \/>\n\t<meta property=\"og:image:width\" content=\"2560\" \/>\n\t<meta property=\"og:image:height\" content=\"1920\" \/>\n\t<meta property=\"og:image:type\" content=\"image\/jpeg\" \/>\n<meta name=\"twitter:card\" content=\"summary_large_image\" \/>\n<meta name=\"twitter:label1\" content=\"Est. reading time\" \/>\n\t<meta name=\"twitter:data1\" content=\"2 minutes\" \/>\n<script type=\"application\/ld+json\" class=\"yoast-schema-graph\">{\"@context\":\"https:\/\/schema.org\",\"@graph\":[{\"@type\":\"WebPage\",\"@id\":\"https:\/\/pistonaddict.com\/lv\/product\/abarth-124-spider\/\",\"url\":\"https:\/\/pistonaddict.com\/lv\/product\/abarth-124-spider\/\",\"name\":\"Abarth 124 Spider izsoles - Piston Addict\",\"isPartOf\":{\"@id\":\"https:\/\/pistonaddict.com\/lv\/#website\"},\"primaryImageOfPage\":{\"@id\":\"https:\/\/pistonaddict.com\/lv\/product\/abarth-124-spider\/#primaryimage\"},\"image\":{\"@id\":\"https:\/\/pistonaddict.com\/lv\/product\/abarth-124-spider\/#primaryimage\"},\"thumbnailUrl\":\"https:\/\/pistonaddict.com\/wp-content\/uploads\/2023\/12\/image00020-scaled.jpeg\",\"datePublished\":\"2023-12-11T14:55:41+00:00\",\"dateModified\":\"2024-03-20T08:41:34+00:00\",\"breadcrumb\":{\"@id\":\"https:\/\/pistonaddict.com\/lv\/product\/abarth-124-spider\/#breadcrumb\"},\"inLanguage\":\"lv-LV\",\"potentialAction\":[{\"@type\":\"ReadAction\",\"target\":[\"https:\/\/pistonaddict.com\/lv\/product\/abarth-124-spider\/\"]}]},{\"@type\":\"ImageObject\",\"inLanguage\":\"lv-LV\",\"@id\":\"https:\/\/pistonaddict.com\/lv\/product\/abarth-124-spider\/#primaryimage\",\"url\":\"https:\/\/pistonaddict.com\/wp-content\/uploads\/2023\/12\/image00020-scaled.jpeg\",\"contentUrl\":\"https:\/\/pistonaddict.com\/wp-content\/uploads\/2023\/12\/image00020-scaled.jpeg\",\"width\":2560,\"height\":1920},{\"@type\":\"BreadcrumbList\",\"@id\":\"https:\/\/pistonaddict.com\/lv\/product\/abarth-124-spider\/#breadcrumb\",\"itemListElement\":[{\"@type\":\"ListItem\",\"position\":1,\"name\":\"M\u0101jas lapa\",\"item\":\"https:\/\/pistonaddict.com\/lv\/majas-lapa-2\/\"},{\"@type\":\"ListItem\",\"position\":2,\"name\":\"Auctions\",\"item\":\"https:\/\/pistonaddict.com\/auctions-listing\/\"},{\"@type\":\"ListItem\",\"position\":3,\"name\":\"Abarth 124 Spider\"}]},{\"@type\":\"WebSite\",\"@id\":\"https:\/\/pistonaddict.com\/lv\/#website\",\"url\":\"https:\/\/pistonaddict.com\/lv\/\",\"name\":\"Piston Addict\",\"description\":\"Only interesting vehicles\",\"publisher\":{\"@id\":\"https:\/\/pistonaddict.com\/lv\/#organization\"},\"potentialAction\":[{\"@type\":\"SearchAction\",\"target\":{\"@type\":\"EntryPoint\",\"urlTemplate\":\"https:\/\/pistonaddict.com\/lv\/?s={search_term_string}\"},\"query-input\":\"required name=search_term_string\"}],\"inLanguage\":\"lv-LV\"},{\"@type\":\"Organization\",\"@id\":\"https:\/\/pistonaddict.com\/lv\/#organization\",\"name\":\"Piston Addict\",\"url\":\"https:\/\/pistonaddict.com\/lv\/\",\"logo\":{\"@type\":\"ImageObject\",\"inLanguage\":\"lv-LV\",\"@id\":\"https:\/\/pistonaddict.com\/lv\/#\/schema\/logo\/image\/\",\"url\":\"https:\/\/pistonaddict.com\/wp-content\/uploads\/2022\/07\/logo-6.png\",\"contentUrl\":\"https:\/\/pistonaddict.com\/wp-content\/uploads\/2022\/07\/logo-6.png\",\"width\":970,\"height\":200,\"caption\":\"Piston Addict\"},\"image\":{\"@id\":\"https:\/\/pistonaddict.com\/lv\/#\/schema\/logo\/image\/\"}}]}<\/script>\n<!-- \/ Yoast SEO plugin. -->","yoast_head_json":{"title":"Abarth 124 Spider izsoles - Piston Addict","robots":{"index":"index","follow":"follow","max-snippet":"max-snippet:-1","max-image-preview":"max-image-preview:large","max-video-preview":"max-video-preview:-1"},"canonical":"https:\/\/pistonaddict.com\/lv\/product\/abarth-124-spider\/","og_locale":"lv_LV","og_type":"article","og_title":"Abarth 124 Spider izsoles - Piston Addict","og_description":"Ja v\u0113laties lieliski izskat\u012bgu, jautri braucamu un \u0113rti lietojamu automobili, apsveriet iesp\u0113ju ieg\u0101d\u0101ties rodsteri. Ir vair\u0101ki sal\u012bdzino\u0161i jauni mode\u013ci, un viens no tiem ir 124 Spider, kura meh\u0101nisk\u0101 b\u0101ze ir kop\u012bga ar, iesp\u0113jams, slaven\u0101ko m\u016bsdienu rodsteri - Mazda MX5. T\u0101d\u0113j\u0101di tas ir unik\u0101ls it\u0101\u013cu stila un jap\u0101\u0146u prec\u012bz\u0101s tehnolo\u0123ijas apvienojums. Un, kad Fiat iek\u0161\u0113jais t\u016bninga speci\u0101lists to visu v\u0113l paspilgtina, j\u016bs sa\u0146emat ugun\u012bgu Abarth 124 Spider, no kura viens ir izsol\u012bts tie\u0161i \u0161eit, m\u016bsu vietn\u0113. \u0160is nevainojamais 2019. gada modelis ir nobraucis tikai nedaudz vair\u0101k par 23 000 kilometru un \u0161obr\u012bd mekl\u0113 jaunu \u012bpa\u0161nieku. Turkl\u0101t, papildus gl\u012btajam izskatam un pat\u012bkamajam sniegumam, tas sl\u0113pj v\u0113l vienu asu sav\u0101 piedurkn\u0113.","og_url":"https:\/\/pistonaddict.com\/lv\/product\/abarth-124-spider\/","og_site_name":"Piston Addict","article_modified_time":"2024-03-20T08:41:34+00:00","og_image":[{"width":2560,"height":1920,"url":"https:\/\/pistonaddict.com\/wp-content\/uploads\/2023\/12\/image00020-scaled.jpeg","type":"image\/jpeg"}],"twitter_card":"summary_large_image","twitter_misc":{"Est. reading time":"2 minutes"},"schema":{"@context":"https:\/\/schema.org","@graph":[{"@type":"WebPage","@id":"https:\/\/pistonaddict.com\/lv\/product\/abarth-124-spider\/","url":"https:\/\/pistonaddict.com\/lv\/product\/abarth-124-spider\/","name":"Abarth 124 Spider izsoles - Piston Addict","isPartOf":{"@id":"https:\/\/pistonaddict.com\/lv\/#website"},"primaryImageOfPage":{"@id":"https:\/\/pistonaddict.com\/lv\/product\/abarth-124-spider\/#primaryimage"},"image":{"@id":"https:\/\/pistonaddict.com\/lv\/product\/abarth-124-spider\/#primaryimage"},"thumbnailUrl":"https:\/\/pistonaddict.com\/wp-content\/uploads\/2023\/12\/image00020-scaled.jpeg","datePublished":"2023-12-11T14:55:41+00:00","dateModified":"2024-03-20T08:41:34+00:00","breadcrumb":{"@id":"https:\/\/pistonaddict.com\/lv\/product\/abarth-124-spider\/#breadcrumb"},"inLanguage":"lv-LV","potentialAction":[{"@type":"ReadAction","target":["https:\/\/pistonaddict.com\/lv\/product\/abarth-124-spider\/"]}]},{"@type":"ImageObject","inLanguage":"lv-LV","@id":"https:\/\/pistonaddict.com\/lv\/product\/abarth-124-spider\/#primaryimage","url":"https:\/\/pistonaddict.com\/wp-content\/uploads\/2023\/12\/image00020-scaled.jpeg","contentUrl":"https:\/\/pistonaddict.com\/wp-content\/uploads\/2023\/12\/image00020-scaled.jpeg","width":2560,"height":1920},{"@type":"BreadcrumbList","@id":"https:\/\/pistonaddict.com\/lv\/product\/abarth-124-spider\/#breadcrumb","itemListElement":[{"@type":"ListItem","position":1,"name":"M\u0101jas lapa","item":"https:\/\/pistonaddict.com\/lv\/majas-lapa-2\/"},{"@type":"ListItem","position":2,"name":"Auctions","item":"https:\/\/pistonaddict.com\/auctions-listing\/"},{"@type":"ListItem","position":3,"name":"Abarth 124 Spider"}]},{"@type":"WebSite","@id":"https:\/\/pistonaddict.com\/lv\/#website","url":"https:\/\/pistonaddict.com\/lv\/","name":"Piston Addict","description":"Only interesting vehicles","publisher":{"@id":"https:\/\/pistonaddict.com\/lv\/#organization"},"potentialAction":[{"@type":"SearchAction","target":{"@type":"EntryPoint","urlTemplate":"https:\/\/pistonaddict.com\/lv\/?s={search_term_string}"},"query-input":"required name=search_term_string"}],"inLanguage":"lv-LV"},{"@type":"Organization","@id":"https:\/\/pistonaddict.com\/lv\/#organization","name":"Piston Addict","url":"https:\/\/pistonaddict.com\/lv\/","logo":{"@type":"ImageObject","inLanguage":"lv-LV","@id":"https:\/\/pistonaddict.com\/lv\/#\/schema\/logo\/image\/","url":"https:\/\/pistonaddict.com\/wp-content\/uploads\/2022\/07\/logo-6.png","contentUrl":"https:\/\/pistonaddict.com\/wp-content\/uploads\/2022\/07\/logo-6.png","width":970,"height":200,"caption":"Piston Addict"},"image":{"@id":"https:\/\/pistonaddict.com\/lv\/#\/schema\/logo\/image\/"}}]}},"_links":{"self":[{"href":"https:\/\/pistonaddict.com\/lv\/wp-json\/wp\/v2\/product\/77364"}],"collection":[{"href":"https:\/\/pistonaddict.com\/lv\/wp-json\/wp\/v2\/product"}],"about":[{"href":"https:\/\/pistonaddict.com\/lv\/wp-json\/wp\/v2\/types\/product"}],"replies":[{"embeddable":true,"href":"https:\/\/pistonaddict.com\/lv\/wp-json\/wp\/v2\/comments?post=77364"}],"wp:featuredmedia":[{"embeddable":true,"href":"https:\/\/pistonaddict.com\/lv\/wp-json\/wp\/v2\/media\/77145"}],"wp:attachment":[{"href":"https:\/\/pistonaddict.com\/lv\/wp-json\/wp\/v2\/media?parent=77364"}],"wp:term":[{"taxonomy":"product_cat","embeddable":true,"href":"https:\/\/pistonaddict.com\/lv\/wp-json\/wp\/v2\/product_cat?post=77364"},{"taxonomy":"product_tag","embeddable":true,"href":"https:\/\/pistonaddict.com\/lv\/wp-json\/wp\/v2\/product_tag?post=77364"}],"curies":[{"name":"wp","href":"https:\/\/api.w.org\/{rel}","templated":true}]}}